{"id":16919,"date":"2025-01-21T06:12:52","date_gmt":"2025-01-21T06:12:52","guid":{"rendered":"https:\/\/www.hydraulic-cylinders.net\/product\/arm-cylinder-for-hengte-wheel-excavator-htl65-8\/"},"modified":"2025-01-21T06:12:53","modified_gmt":"2025-01-21T06:12:53","slug":"arm-cylinder-for-hengte-wheel-excavator-htl65-8","status":"publish","type":"product","link":"https:\/\/www.hydraulic-cylinders.net\/sl\/izdelek\/arm-cylinder-for-hengte-wheel-excavator-htl65-8\/","title":{"rendered":"Ro\u010dica cilindra za kolesni bager Hengte HTL65-8"},"content":{"rendered":"<h1>Ro\u010dica cilindra za kolesni bager Hengte HTL65-8<\/h1>\n<h2>Uvod<\/h2>\n<p>Hidravli\u010dni valj roke je posebej zasnovan hidravli\u010dni valj, ki zagotavlja linearno gibanje in mo\u010d roki razli\u010dnih strojev, kot so bagri, \u017eerjavi in \u200b\u200bmehanske roke. Igra klju\u010dno vlogo v hidravli\u010dnih sistemih, saj omogo\u010da u\u010dinkovito gibanje in nadzor dodatnih orodij ali priklju\u010dkov. Ti cilindri ne le dosegajo gladko gibanje, ampak tudi prenesejo velike obremenitve, kar zagotavlja u\u010dinkovito delovanje in zanesljivost strojev v razli\u010dnih delovnih pogojih.<\/p>\n<p><img decoding=\"async\" src=\"https:\/\/www.hydraulic-cylinders.net\/wp-content\/uploads\/2025\/01\/songte-company-2.webp\" alt=\"Slika ro\u010dnega cilindra\"><\/p>\n<h2>Zna\u010dilnosti<\/h2>\n<ul>\n<li>Visoko u\u010dinkovit prenos mo\u010di: Cilinder roke zagotavlja mo\u010dno linearno gibanje in silo, kar zagotavlja visoko zmogljivost pri razli\u010dnih operacijah.<\/li>\n<li>Natan\u010den nadzor: S hidravli\u010dnim sistemom omogo\u010da valj roke natan\u010den nadzor gibanja, zaradi \u010desar je upravljanje dodatnih orodij bolj prilagodljivo in natan\u010dno.<\/li>\n<li>Vzdr\u017eljivost: Valji rok so obi\u010dajno izdelani iz visoko trdnih materialov, ki ponujajo odli\u010dno odpornost proti obrabi in koroziji, primerni za dolgotrajno uporabo v zahtevnih okoljih.<\/li>\n<li>Ve\u010dnamenska prilagodljivost: Ti cilindri se lahko \u0161iroko uporabljajo v razli\u010dnih strojih, kot so bagri, \u017eerjavi in \u200b\u200bmehanske roke, ter se prilagajajo razli\u010dnim zahtevam dela.<\/li>\n<li>Enostavno vzdr\u017eevanje: Zasnova upo\u0161teva enostavno vzdr\u017eevanje in zamenjavo, zaradi \u010desar so redni pregledi in vzdr\u017eevanje bolj priro\u010dni ter skraj\u0161ajo \u010das izpada opreme.<\/li>\n<\/ul>\n<p><img decoding=\"async\" src=\"https:\/\/www.hydraulic-cylinders.net\/wp-content\/uploads\/2025\/01\/songte-oil-pipes-and-spare-parts.webp\" alt=\"Slika izdelka\"><\/p>\n<h2>Aplikacije<\/h2>\n<p>Rokavni valj se uporablja v razli\u010dnih panogah:<\/p>\n<ul>\n<li>Gradbeni\u0161tvo: Uporablja se v bagrih in \u017eerjavih, cilinder roke pa nadzoruje gibanje \u017elic ali rok za zemeljska dela, ravnanje z materiali in konstrukcijsko monta\u017eo.<\/li>\n<li>Proizvodna industrija: V avtomatiziranih proizvodnih linijah se valj roke uporablja za premikanje mehanskih rok v procesih, kot so monta\u017ea, varjenje in ravnanje, kar izbolj\u0161uje u\u010dinkovitost in natan\u010dnost proizvodnje.<\/li>\n<li>Kmetijska mehanizacija: Pri kmetijski opremi, kot so kombajni in sejalnice, cilinder roke nadzoruje gibanje delovnih rok za naloge, kot so setev, gnojenje in \u017eetev.<\/li>\n<li>Rudarstvo: V rudarski opremi se valj roke uporablja za nadzor gibanja roke rudarskih strojev za pridobivanje in transport rude.<\/li>\n<li>Logistika in transport: Pri vili\u010darjih in robotih za manipulacijo cilinder roke nadzoruje dvigovanje in premikanje vilic, kar omogo\u010da ravnanje z materiali in zlaganje.<\/li>\n<\/ul>\n<h2>Oblikovalski vidiki in izbirna merila<\/h2>\n<ul>\n<li>Nosilnost: Cilinder roke mora biti zasnovan tako, da prenese najve\u010djo obremenitev, ki jo bo do\u017eivel pri predvideni uporabi.<\/li>\n<li>Tesnjenje: Uporabljajo se razli\u010dni tesnilni elementi, kot so tesnila bata in tesnila ojnic, obi\u010dajno izdelani iz materialov, odpornih proti obrabi, kot sta poliuretan in nitrilna guma.<\/li>\n<li>Vzdr\u017eljivost: Ohi\u0161je valja in navojni konci so skrbno obdelani za ve\u010djo odpornost proti obrabi.<\/li>\n<li>Varnost: V zasnovo je treba vklju\u010diti varnostne elemente, ki zagotavljajo varno delovanje jeklenke v razli\u010dnih pogojih.<\/li>\n<li>Vzdr\u017eevanje: Upo\u0161tevati je treba enostavno vzdr\u017eevanje in zamenjavo delov, da se \u010dim bolj zmanj\u0161a \u010das izpada.<\/li>\n<\/ul>\n<p><img decoding=\"async\" src=\"https:\/\/www.hydraulic-cylinders.net\/wp-content\/uploads\/2025\/01\/songte-cylinder-head-with-all-kinds-excavator-models.webp\" alt=\"Slika izdelka\"><\/p>\n<h2>Tesnjenje in mazanje<\/h2>\n<p>Ro\u010dajni valj uporablja razli\u010dna tesnila, kot so tesnila bata in tesnila palice, ki so izdelana iz materialov, odpornih proti obrabi, kot sta poliuretan in nitrilna guma. Telo valja in navojni konci so fino obdelani za izbolj\u0161anje odpornosti proti obrabi. Redno mazanje s hidravli\u010dnim oljem je potrebno za zagotovitev ustreznega mazanja in zmanj\u0161anje trenja.<\/p>\n<h2>Redni pregledi in preventivno vzdr\u017eevanje<\/h2>\n<ul>\n<li>Redno pregledujte valj roke glede morebitnih znakov obrabe, pu\u0161\u010danja ali po\u0161kodb.<\/li>\n<li>Preverite sistem mazanja in se prepri\u010dajte, da je dodana ustrezna koli\u010dina hidravli\u010dnega olja.<\/li>\n<li>Preverite in zamenjajte obrabljena tesnila ali po\u0161kodovane komponente.<\/li>\n<li>Izvajajte preventivna vzdr\u017eevalna dela, kot jih priporo\u010da proizvajalec.<\/li>\n<li>Vodite evidenco vzdr\u017eevalnih dejavnosti in na\u010drtujte prihodnje preglede.<\/li>\n<\/ul>\n<h2>Vodnik za namestitev izdelka<\/h2>\n<p>Pravilna namestitev ro\u010dnega cilindra je klju\u010dnega pomena za njegovo optimalno delovanje in dolgo \u017eivljenjsko dobo. Sledite tem korakom:<\/p>\n<ol>\n<li>Prepri\u010dajte se, da je stroj varno pritrjen in izklopljen.<\/li>\n<li>Po potrebi odstranite stari valj tako, da odklopite hidravli\u010dne cevi in \u200b\u200bodvijete nosilce.<\/li>\n<li>Preverite novi valj roke glede morebitnih po\u0161kodb ali napak.<\/li>\n<li>Poravnajte valj s pritrdilnimi to\u010dkami in ga pritrdite z ustreznimi vijaki in nosilci.<\/li>\n<li>Ponovno priklju\u010dite hidravli\u010dne cevi in \u200b\u200bse prepri\u010dajte o pravilnih priklju\u010dkih in tesnosti.<\/li>\n<li>Preden nadaljujete z normalnim delovanjem stroja, preverite pravilno delovanje cilindra roke.<\/li>\n<\/ol>\n<p><img decoding=\"async\" src=\"https:\/\/www.hydraulic-cylinders.net\/wp-content\/uploads\/2025\/01\/songte-bushings-with-all-kinds-of-excavator-models.webp\" alt=\"Slika izdelka\"><\/p>\n<h2>Varnostni vidiki in okoljski dejavniki<\/h2>\n<p>Pri uporabi ro\u010dnega cilindra je pomembno upo\u0161tevati varnostne ukrepe za prepre\u010devanje nesre\u010d in zagotavljanje dobrega po\u010dutja upravljavcev. Varnostni ukrepi lahko vklju\u010dujejo ustrezno usposabljanje, upo\u0161tevanje navodil za uporabo in uporabo osebne za\u0161\u010ditne opreme. Poleg tega je treba za ohranjanje delovanja in \u017eivljenjske dobe cilindra upo\u0161tevati okoljske dejavnike, kot so temperatura, vla\u017enost in izpostavljenost kemikalijam.<\/p>\n<h2>Odpravljanje te\u017eav in pogoste te\u017eave<\/h2>\n<p>Med pogostimi te\u017eavami, ki se lahko pojavijo z valjem roke, so pu\u0161\u010danje, zmanj\u0161ana zmogljivost in nenavaden hrup. Tukaj je nekaj nasvetov za odpravljanje te\u017eav:<\/p>\n<ul>\n<li>\u010ce pride do pu\u0161\u010danja, preverite in zamenjajte obrabljena tesnila ali po\u0161kodovane komponente.<\/li>\n<li>\u010ce se zmogljivost zmanj\u0161a, zagotovite ustrezno mazanje in preverite morebitne ovire ali nepravilno poravnavo.<\/li>\n<li>\u010ce se pojavi nenavaden hrup, preverite morebitne vzroke, kot so ohlapne spojke ali po\u0161kodovani notranji deli.<\/li>\n<\/ul>\n<p>Redno vzdr\u017eevanje in hitro re\u0161evanje te\u017eav lahko pomagata ohranjati valj roke v optimalnem stanju.<\/p>\n<p><img decoding=\"async\" src=\"https:\/\/www.hydraulic-cylinders.net\/wp-content\/uploads\/2025\/01\/songte-chushion-collar.webp\" alt=\"Slika izdelka\"><\/p>\n<p>Skratka, smo profesionalni proizvajalec nadomestnih hidravli\u010dnih cilindrov. S \u0161iroko paleto izdelkov smo postali eden vodilnih proizvajalcev in veleprodajnih distributerjev na doma\u010dem in mednarodnem trgu. Spo\u0161tujemo na\u010delo odli\u010dne kakovosti in nenehno izbolj\u0161ujemo svoje tehni\u010dno znanje in u\u010dinkovitost proizvodnje. Z uvedbo napredne digitalne proizvodne opreme in profesionalnih sistemov testiranja optimiziramo na\u0161o proizvodno platformo in izbolj\u0161ujemo procese nadzora kakovosti izdelkov, s \u010dimer dokazujemo mo\u010dne inovacijske sposobnosti. Na\u0161 cilj je zadovoljiti raznolike potrebe na\u0161ih strank z u\u010dinkovitostjo, natan\u010dnostjo in visokokakovostnimi izdelki.<\/p>\n<p><img decoding=\"async\" src=\"https:\/\/www.hydraulic-cylinders.net\/wp-content\/uploads\/2025\/01\/songte-company-4.webp\" alt=\"Slika podjetja\"><br \/>\n<img decoding=\"async\" src=\"https:\/\/www.hydraulic-cylinders.net\/wp-content\/uploads\/2025\/01\/songte-company-3.webp\" alt=\"Slika podjetja\"><\/p>\n<p>Profesionalnost, mednarodni certifikati, prilagojene storitve, napredna proizvodna oprema in celovita poprodajna storitev so nekateri klju\u010dni vidiki, ki opredeljujejo na\u0161e podjetje.<\/p>\n<p><em>Avtor: lyl<\/em><\/p>","protected":false},"excerpt":{"rendered":"<p>Arm Cylinder For Hengte Wheel Excavator HTL65-8 Introduction The arm cylinder is a specially designed hydraulic cylinder that provides linear motion and power to the arm of various machinery such as excavators, cranes, and mechanical arms. It plays a crucial role in hydraulic systems, enabling efficient movement and control of additional tools or attachments. These [&hellip;]<\/p>","protected":false},"featured_media":14783,"comment_status":"open","ping_status":"closed","template":"","meta":{"_et_pb_use_builder":"","_et_pb_old_content":"","_et_gb_content_width":""},"product_brand":[],"product_cat":[1497],"product_tag":[1498,1496],"class_list":{"0":"post-16919","1":"product","2":"type-product","3":"status-publish","4":"has-post-thumbnail","6":"product_cat-arm-cylinders","7":"product_tag-arm-cylinders","8":"product_tag-hydraulic-cylinders","10":"first","11":"instock","12":"shipping-taxable","13":"product-type-simple"},"amp_enabled":true,"_links":{"self":[{"href":"https:\/\/www.hydraulic-cylinders.net\/sl\/wp-json\/wp\/v2\/product\/16919","targetHints":{"allow":["GET"]}}],"collection":[{"href":"https:\/\/www.hydraulic-cylinders.net\/sl\/wp-json\/wp\/v2\/product"}],"about":[{"href":"https:\/\/www.hydraulic-cylinders.net\/sl\/wp-json\/wp\/v2\/types\/product"}],"replies":[{"embeddable":true,"href":"https:\/\/www.hydraulic-cylinders.net\/sl\/wp-json\/wp\/v2\/comments?post=16919"}],"wp:featuredmedia":[{"embeddable":true,"href":"https:\/\/www.hydraulic-cylinders.net\/sl\/wp-json\/wp\/v2\/media\/14783"}],"wp:attachment":[{"href":"https:\/\/www.hydraulic-cylinders.net\/sl\/wp-json\/wp\/v2\/media?parent=16919"}],"wp:term":[{"taxonomy":"product_brand","embeddable":true,"href":"https:\/\/www.hydraulic-cylinders.net\/sl\/wp-json\/wp\/v2\/product_brand?post=16919"},{"taxonomy":"product_cat","embeddable":true,"href":"https:\/\/www.hydraulic-cylinders.net\/sl\/wp-json\/wp\/v2\/product_cat?post=16919"},{"taxonomy":"product_tag","embeddable":true,"href":"https:\/\/www.hydraulic-cylinders.net\/sl\/wp-json\/wp\/v2\/product_tag?post=16919"}],"curies":[{"name":"delovni list","href":"https:\/\/api.w.org\/{rel}","templated":true}]}}