{"id":16920,"date":"2025-01-21T06:12:56","date_gmt":"2025-01-21T06:12:56","guid":{"rendered":"https:\/\/www.hydraulic-cylinders.net\/product\/arm-cylinder-for-hengte-wheel-excavator-htl85-8\/"},"modified":"2025-01-21T06:12:57","modified_gmt":"2025-01-21T06:12:57","slug":"arm-cylinder-for-hengte-wheel-excavator-htl85-8","status":"publish","type":"product","link":"https:\/\/www.hydraulic-cylinders.net\/sl\/izdelek\/arm-cylinder-for-hengte-wheel-excavator-htl85-8\/","title":{"rendered":"Ro\u010dica cilindra za kolesni bager Hengte HTL85-8"},"content":{"rendered":"<h1>Ro\u010dica cilindra za kolesni bager Hengte HTL85-8<\/h1>\n<h2>Uvod<\/h2>\n<p>Hidravli\u010dni valj roke je specializiran hidravli\u010dni valj, zasnovan za zagotavljanje linearnega gibanja in mo\u010di za razli\u010dne strojne roke, kot so bagri, \u017eerjavi in \u200b\u200bmehanske roke. Cilinder roke igra klju\u010dno vlogo v hidravli\u010dnih sistemih, saj omogo\u010da u\u010dinkovito gibanje in nadzor dodatnih orodij ali priklju\u010dkov. Ti cilindri ne omogo\u010dajo le gladkega gibanja, temve\u010d tudi prenesejo velike obremenitve, kar zagotavlja u\u010dinkovito delovanje in zanesljivost strojev v razli\u010dnih obratovalnih pogojih.<\/p>\n<p><img decoding=\"async\" src=\"https:\/\/www.hydraulic-cylinders.net\/wp-content\/uploads\/2025\/01\/songte-company-2.webp\" alt=\"Ro\u010daj cilindra\"><\/p>\n<h2>Zna\u010dilnosti<\/h2>\n<ul>\n<li>\n<h3>Visoko u\u010dinkovit menjalnik<\/h3>\n<p>Cilinder roke lahko zagotavlja mo\u010dno linearno gibanje in silo, kar zagotavlja visoko u\u010dinkovitost delovanja mehanske roke pri razli\u010dnih operacijah.<\/p>\n<\/li>\n<li>\n<h3>Natan\u010den nadzor<\/h3>\n<p>Ro\u010dajni valj lahko dose\u017ee natan\u010den nadzor gibanja prek hidravli\u010dnega sistema, zaradi \u010desar je delovanje dodatnih orodij bolj prilagodljivo in natan\u010dno.<\/p>\n<\/li>\n<li>\n<h3>Vzdr\u017eljivost<\/h3>\n<p>Ro\u010daj cilindra je obi\u010dajno izdelan iz visoko trdnih materialov z dobro odpornostjo proti obrabi in koroziji, primernih za dolgotrajno uporabo v te\u017ekih okoljih.<\/p>\n<\/li>\n<li>\n<h3>Ve\u010dnamenska prilagodljivost<\/h3>\n<p>Ti cilindri se lahko \u0161iroko uporabljajo v razli\u010dni mehanski opremi, kot so bagri, \u017eerjavi in \u200b\u200bmehanske roke, za izpolnjevanje razli\u010dnih delovnih zahtev.<\/p>\n<\/li>\n<li>\n<h3>Enostavno vzdr\u017eevanje<\/h3>\n<p>Redni pregledi in vzdr\u017eevanje, zasnovani za enostavno vzdr\u017eevanje in zamenjavo, so postali bolj priro\u010dni, kar zmanj\u0161uje \u010das izpada opreme.<\/p>\n<\/li>\n<\/ul>\n<p><img decoding=\"async\" src=\"https:\/\/www.hydraulic-cylinders.net\/wp-content\/uploads\/2025\/01\/songte-oil-pipes-and-spare-parts.webp\" alt=\"Hidravli\u010dni cilindri\"><\/p>\n<h2>Aplikacije<\/h2>\n<p>Rokavni valj ima \u0161iroko uporabo v razli\u010dnih panogah, vklju\u010dno z:<\/p>\n<ul>\n<li>\n<h3>Gradbeni\u0161tvo<\/h3>\n<p>Uporablja se v bagrih in \u017eerjavih za nadzor gibanja \u017elice ali roke pri zemeljskih delih, ravnanju z materiali in monta\u017ei konstrukcij.<\/p>\n<\/li>\n<li>\n<h3>Predelovalna industrija<\/h3>\n<p>Uporablja se v avtomatiziranih proizvodnih linijah za gibanje mehanskih rok pri monta\u017ei, varjenju in rokovanju za izbolj\u0161anje u\u010dinkovitosti in natan\u010dnosti proizvodnje.<\/p>\n<\/li>\n<li>\n<h3>Kmetijska mehanizacija<\/h3>\n<p>Uporablja se v kmetijskih strojih, kot so \u017eetveni stroji in sejalniki, za nadzor gibanja delovne roke pri nalogah, kot so setev, gnojenje in \u017eetev.<\/p>\n<\/li>\n<li>\n<h3>Rudarstvo<\/h3>\n<p>Uporablja se v rudarski opremi za nadzor gibanja roke rudarske opreme za rudarjenje in ravnanje z rudo.<\/p>\n<\/li>\n<li>\n<h3>Logistika in transport<\/h3>\n<p>Uporablja se v vili\u010darjih in robotih za upravljanje za nadzor dvigovanja in premikanja vilic, kar omogo\u010da ravnanje z materiali in zlaganje.<\/p>\n<\/li>\n<\/ul>\n<h2>Oblikovalski vidiki in izbirna merila<\/h2>\n<p>Glede na konstrukcijske vidike mora imeti valj roke:<\/p>\n<ul>\n<li>\n<h3>Nosilnost<\/h3>\n<p>Cilinder roke mora imeti zadostno nosilnost, da prenese sile, ki jih ustvarja roka stroja med delovanjem.<\/p>\n<\/li>\n<li>\n<h3>Tesnilna zmogljivost<\/h3>\n<p>Ro\u010dajni valj zahteva razli\u010dne tesnilne komponente, kot so tesnilni obro\u010dki bata in tesnilni obro\u010dki palice, izdelani iz materialov, odpornih proti obrabi, kot sta poliuretan in nitrilna guma.<\/p>\n<\/li>\n<li>\n<h3>Vzdr\u017eljivost<\/h3>\n<p>Povr\u0161ina ohi\u0161ja valja in navojnega konca morata biti fino obdelana, da se izbolj\u0161a odpornost proti obrabi in koroziji.<\/p>\n<\/li>\n<li>\n<h3>Varnost<\/h3>\n<p>Ro\u010dajni valj mora biti zasnovan z varnostnimi elementi, kot so ventili za zaustavitev v sili, da se prepre\u010dijo nesre\u010de med delovanjem.<\/p>\n<\/li>\n<li>\n<h3>Vzdr\u017eevanje<\/h3>\n<p>Ro\u010dajni valj mora biti zasnovan tako, da omogo\u010da enostavno vzdr\u017eevanje in nadomestne dele, da se skraj\u0161a \u010das vzdr\u017eevanja.<\/p>\n<\/li>\n<\/ul>\n<p><img decoding=\"async\" src=\"https:\/\/www.hydraulic-cylinders.net\/wp-content\/uploads\/2025\/01\/songte-cylinder-head-with-all-kinds-excavator-models.webp\" alt=\"Glava valja\"><\/p>\n<h2>Tesnjenje in mazanje<\/h2>\n<p>Ro\u010dajni valj uporablja razli\u010dne tesnilne komponente, kot so tesnilni obro\u010dki bata in tesnilni obro\u010dki palice, izdelani iz materialov, odpornih proti obrabi, kot sta poliuretan in nitrilna guma. Telo valja in povr\u0161ina navojnega konca sta fino obdelana za izbolj\u0161anje odpornosti proti obrabi in koroziji. Ro\u010dajni valj potrebuje redno polnjenje ustrezne koli\u010dine hidravli\u010dnega olja za mazanje.<\/p>\n<h2>Redni pregledi in preventivni vzdr\u017eevalni ukrepi<\/h2>\n<p>Redni pregledi in preventivno vzdr\u017eevanje so klju\u010dnega pomena za zagotovitev varnega in zanesljivega delovanja ro\u010dnega cilindra. Sprejeti je treba naslednje ukrepe:<\/p>\n<ul>\n<li>\n<h3>Redno preverjajte nivo hidravli\u010dnega olja<\/h3>\n<p>Prepri\u010dajte se, da je napolnjena ustrezna koli\u010dina hidravli\u010dnega olja.<\/p>\n<\/li>\n<li>\n<h3>Redno \u010distite valj<\/h3>\n<p>Odstranite prah in umazanijo z ohi\u0161ja valja in batnice, da prepre\u010dite po\u0161kodbe tesnilnih elementov.<\/p>\n<\/li>\n<li>\n<h3>Redno menjajte tesnilne komponente<\/h3>\n<p>Za zagotovitev tesnilne u\u010dinkovitosti zamenjajte tesnilne dele, kot so tesnilni obro\u010dki bata in tesnilni obro\u010dki batnice.<\/p>\n<\/li>\n<li>\n<h3>Redno preverjajte varnostne ventile<\/h3>\n<p>Redno preverjajte varnostne ventile in ventile za zasilni izklop, da zagotovite varno delovanje.<\/p>\n<\/li>\n<\/ul>\n<p><img decoding=\"async\" src=\"https:\/\/www.hydraulic-cylinders.net\/wp-content\/uploads\/2025\/01\/songte-chushion-collar.webp\" alt=\"Blazinasti ovratnik\"><\/p>\n<h2>Vodnik za namestitev izdelka<\/h2>\n<p>Namestitev ro\u010dnega cilindra mora potekati v skladu z navodili v priro\u010dniku za namestitev. Postopek namestitve je treba izvesti korak za korakom, polo\u017eaj namestitve pa mora biti primeren. Med namestitvijo je treba prepre\u010diti, da bi se ohi\u0161je cilindra in batnica opraskala.<\/p>\n<h2>Varnostni vidiki in okoljski dejavniki<\/h2>\n<p>Pri uporabi cilindra roke morajo biti vzpostavljeni varnostni ukrepi za prepre\u010devanje po\u0161kodb zaradi mehanskega delovanja roke. Cilinder roke je treba uporabljati v ustreznem okolju, da se prepre\u010di \u0161koda, ki jo povzro\u010dijo zahtevna okolja.<\/p>\n<h2>Odpravljanje te\u017eav in pogoste te\u017eave<\/h2>\n<p>Pogoste te\u017eave, ki se pojavljajo pri uporabi cilindra roke, vklju\u010dujejo pu\u0161\u010danje olja, nezadostno silo in nenavaden hrup. Vzroki za te te\u017eave so lahko razli\u010dni. Redno vzdr\u017eevanje in pregledi lahko zmanj\u0161ajo verjetnost te\u017eav. \u010ce se pojavijo te\u017eave, vam lahko naslednji nasveti pomagajo pri diagnosticiranju in re\u0161evanju te\u017eav:<\/p>\n<ul>\n<li>\n<h3>Pu\u0161\u010danje olja<\/h3>\n<p>Preverite tesnilne komponente in jih po potrebi zamenjajte.<\/p>\n<\/li>\n<li>\n<h3>Nezadostna sila<\/h3>\n<p>Preverite, ali je hidravli\u010dnega olja dovolj, in ga po potrebi zamenjajte.<\/p>\n<\/li>\n<li>\n<h3>Nenavaden hrup<\/h3>\n<p>Preverite, ali je ohi\u0161je valja ali batnica opraskana ali po\u0161kodovana, in ju po potrebi zamenjajte.<\/p>\n<\/li>\n<\/ul>\n<p><img decoding=\"async\" src=\"https:\/\/www.hydraulic-cylinders.net\/wp-content\/uploads\/2025\/01\/songte-bushings-with-all-kinds-of-excavator-models.webp\" alt=\"Pu\u0161e\"><\/p>\n<h2>O nas<\/h2>\n<p>Smo profesionalni proizvajalec nadomestnih hidravli\u010dnih cilindrov s \u0161iroko paleto izdelkov in smo postali eden vodilnih proizvajalcev in veleprodajnih distributerjev hidravli\u010dnih cilindrov na doma\u010dem in mednarodnem trgu. Vedno se dr\u017eimo na\u010dela odli\u010dne kakovosti, pri \u010demer se zana\u0161amo na strategijo industrializacije proizvodnje v fini proizvodni delavnici in nenehno izbolj\u0161ujemo tehnologijo in u\u010dinkovitost proizvodnje. Z uvajanjem napredne digitalne proizvodne opreme in profesionalnih sistemov testiranja nenehno optimiziramo proizvodno platformo, izbolj\u0161ujemo procese nadzora kakovosti izdelkov in imamo mo\u010dne inovativne zmogljivosti. Na\u0161 cilj je zadovoljiti raznolike potrebe strank z na\u010deli u\u010dinkovitosti, natan\u010dnosti in visoke kakovosti.<\/p>\n<h2>Profil podjetja<\/h2>\n<ul>\n<li>\n<h3>Profesionalnost<\/h3>\n<p>Na\u0161o ekipo sestavljajo izku\u0161eni in\u017eenirji in tehniki z obse\u017enim znanjem in strokovnimi ve\u0161\u010dinami.<\/p>\n<\/li>\n<li>\n<h3>Mednarodno certificiranje<\/h3>\n<p>Na\u0161i izdelki so certificirani z mednarodnimi sistemi vodenja kakovosti, kot sta ISO in CE.<\/p>\n<\/li>\n<li>\n<h3>Storitve prilagajanja<\/h3>\n<p>Nudimo storitve prilagajanja, da zadostimo specifi\u010dnim potrebam strank.<\/p>\n<\/li>\n<li>\n<h3>Proizvodna oprema<\/h3>\n<p>Imamo napredno digitalno proizvodno opremo in profesionalne sisteme za testiranje, ki zagotavljajo kakovost izdelkov.<\/p>\n<\/li>\n<li>\n<h3>Poprodajne storitve<\/h3>\n<p>Zagotavljamo celovito poprodajno storitev in tehni\u010dno podporo, da zagotovimo zadovoljstvo strank.<\/p>\n<\/li>\n<\/ul>\n<p><img decoding=\"async\" src=\"https:\/\/www.hydraulic-cylinders.net\/wp-content\/uploads\/2025\/01\/songte-company-4.webp\" alt=\"Profil podjetja\"><br \/>\n<img decoding=\"async\" src=\"https:\/\/www.hydraulic-cylinders.net\/wp-content\/uploads\/2025\/01\/songte-company-3.webp\" alt=\"Profil podjetja\"><\/p>\n<p>Avtor: lyl<\/p>","protected":false},"excerpt":{"rendered":"<p>Arm Cylinder For Hengte Wheel Excavator HTL85-8 Introduction The arm cylinder is a specialized hydraulic cylinder designed to provide linear motion and power for various machinery arms, such as excavators, cranes, and mechanical arms. The arm cylinder plays a critical role in hydraulic systems, allowing for the effective movement and control of additional tools or [&hellip;]<\/p>","protected":false},"featured_media":14779,"comment_status":"open","ping_status":"closed","template":"","meta":{"_et_pb_use_builder":"","_et_pb_old_content":"","_et_gb_content_width":""},"product_brand":[],"product_cat":[1497],"product_tag":[1498,1496],"class_list":{"0":"post-16920","1":"product","2":"type-product","3":"status-publish","4":"has-post-thumbnail","6":"product_cat-arm-cylinders","7":"product_tag-arm-cylinders","8":"product_tag-hydraulic-cylinders","10":"first","11":"instock","12":"shipping-taxable","13":"product-type-simple"},"amp_enabled":true,"_links":{"self":[{"href":"https:\/\/www.hydraulic-cylinders.net\/sl\/wp-json\/wp\/v2\/product\/16920","targetHints":{"allow":["GET"]}}],"collection":[{"href":"https:\/\/www.hydraulic-cylinders.net\/sl\/wp-json\/wp\/v2\/product"}],"about":[{"href":"https:\/\/www.hydraulic-cylinders.net\/sl\/wp-json\/wp\/v2\/types\/product"}],"replies":[{"embeddable":true,"href":"https:\/\/www.hydraulic-cylinders.net\/sl\/wp-json\/wp\/v2\/comments?post=16920"}],"wp:featuredmedia":[{"embeddable":true,"href":"https:\/\/www.hydraulic-cylinders.net\/sl\/wp-json\/wp\/v2\/media\/14779"}],"wp:attachment":[{"href":"https:\/\/www.hydraulic-cylinders.net\/sl\/wp-json\/wp\/v2\/media?parent=16920"}],"wp:term":[{"taxonomy":"product_brand","embeddable":true,"href":"https:\/\/www.hydraulic-cylinders.net\/sl\/wp-json\/wp\/v2\/product_brand?post=16920"},{"taxonomy":"product_cat","embeddable":true,"href":"https:\/\/www.hydraulic-cylinders.net\/sl\/wp-json\/wp\/v2\/product_cat?post=16920"},{"taxonomy":"product_tag","embeddable":true,"href":"https:\/\/www.hydraulic-cylinders.net\/sl\/wp-json\/wp\/v2\/product_tag?post=16920"}],"curies":[{"name":"delovni list","href":"https:\/\/api.w.org\/{rel}","templated":true}]}}