{"id":16926,"date":"2025-01-21T06:13:23","date_gmt":"2025-01-21T06:13:23","guid":{"rendered":"https:\/\/www.hydraulic-cylinders.net\/product\/arm-cylinder-for-yigong-cy8150\/"},"modified":"2025-01-21T06:13:25","modified_gmt":"2025-01-21T06:13:25","slug":"arm-cylinder-for-yigong-cy8150","status":"publish","type":"product","link":"https:\/\/www.hydraulic-cylinders.net\/sl\/izdelek\/arm-cylinder-for-yigong-cy8150\/","title":{"rendered":"Ro\u010daj cilindra za Yigong CY8150"},"content":{"rendered":"<h2>Ro\u010daj cilindra za Yigong CY8150<\/h2>\n<p>Hidravli\u010dni valj roke je posebej zasnovan hidravli\u010dni valj, ki zagotavlja linearno gibanje in mo\u010d rokam razli\u010dnih vrst strojev, kot so bagri, \u017eerjavi in \u200b\u200brobotske roke. Cilinder roke igra klju\u010dno vlogo v hidravli\u010dnih sistemih, saj omogo\u010da u\u010dinkovito gibanje in nadzor dodatnih orodij ali priklju\u010dkov. Ti cilindri ne omogo\u010dajo le gladkega gibanja, temve\u010d tudi prenesejo velike obremenitve, kar zagotavlja u\u010dinkovito delovanje in zanesljivost strojev v razli\u010dnih obratovalnih pogojih.<\/p>\n<p><img decoding=\"async\" src=\"https:\/\/www.hydraulic-cylinders.net\/wp-content\/uploads\/2025\/01\/songte-company-2.webp\" alt=\"Slika ro\u010dnega cilindra\"><\/p>\n<h2>Zna\u010dilnosti ro\u010dnega cilindra<\/h2>\n<ul>\n<li>\n<h3>Visoko u\u010dinkovit menjalnik<\/h3>\n<p>Cilinder roke zagotavlja mo\u010dno linearno gibanje in silo, kar zagotavlja visoko u\u010dinkovitost delovanja robotske roke med razli\u010dnimi operacijami.<\/p>\n<\/li>\n<li>\n<h3>Natan\u010den nadzor<\/h3>\n<p>Ro\u010dajni valj lahko dose\u017ee natan\u010den nadzor gibanja prek hidravli\u010dnega sistema, zaradi \u010desar je delovanje orodja bolj prilagodljivo in natan\u010dno.<\/p>\n<\/li>\n<li>\n<h3>Mo\u010dna vzdr\u017eljivost<\/h3>\n<p>Ro\u010dajni valj je obi\u010dajno izdelan iz visoko trdnih materialov in ima dobro odpornost proti obrabi in koroziji, zaradi \u010desar je primeren za dolgotrajno uporabo v te\u017ekih okoljih.<\/p>\n<\/li>\n<li>\n<h3>Ve\u010dnamenska prilagodljivost<\/h3>\n<p>Ti cilindri se lahko \u0161iroko uporabljajo v razli\u010dni mehanski opremi, kot so bagri, \u017eerjavi in \u200b\u200brobotske roke, ter se prilagajajo razli\u010dnim delovnim potrebam.<\/p>\n<\/li>\n<li>\n<h3>Enostavno vzdr\u017eevanje<\/h3>\n<p>Zasnova je enostavna za vzdr\u017eevanje in zamenjavo, kar omogo\u010da bolj priro\u010dne redne preglede in vzdr\u017eevanje ter skraj\u0161a \u010das izpada opreme.<\/p>\n<\/li>\n<\/ul>\n<p>Ta izdelek lahko izdelamo in je odli\u010dna zamenjava za te hidravli\u010dne cilindre.<\/p>\n<p><img decoding=\"async\" src=\"https:\/\/www.hydraulic-cylinders.net\/wp-content\/uploads\/2025\/01\/songte-oil-pipes-and-spare-parts.webp\" alt=\"Slika hidravli\u010dnega cilindra\"><\/p>\n<h2>Uporaba ro\u010dnega cilindra<\/h2>\n<ul>\n<li>\n<h3>Gradbeni\u0161tvo<\/h3>\n<p>Cilinder roke se uporablja v bagrih in \u017eerjavih za nadzor gibanja \u017elice ali roke pri zemeljskih delih, ravnanju z materiali in monta\u017ei konstrukcij.<\/p>\n<\/li>\n<li>\n<h3>Predelovalna industrija<\/h3>\n<p>Robotski valj se uporablja v avtomatiziranih proizvodnih linijah za premikanje robotskih rok med monta\u017eo, varjenjem in rokovanjem, kar izbolj\u0161uje u\u010dinkovitost in natan\u010dnost proizvodnje.<\/p>\n<\/li>\n<li>\n<h3>Kmetijska mehanizacija<\/h3>\n<p>Cilinder roke nadzoruje gibanje delovne roke v kmetijskih strojih, kot so \u017eetveni stroji in sejalnice, ter opravlja naloge, kot so setev, gnojenje in \u017eetev.<\/p>\n<\/li>\n<li>\n<h3>Rudarstvo<\/h3>\n<p>Ro\u010dni cilinder se uporablja za krmiljenje gibanja ro\u010dne opreme za rudarjenje in transport rud v rudarski industriji.<\/p>\n<\/li>\n<li>\n<h3>Logistika in transport<\/h3>\n<p>Ro\u010dajni valj se uporablja za nadzor dvigovanja in premikanja vilic v vili\u010darjih in robotih za ravnanje z materiali, s \u010dimer se dose\u017ee ravnanje z njimi in zlaganje.<\/p>\n<\/li>\n<\/ul>\n<h2>Oblikovalski vidiki in izbirna merila<\/h2>\n<ul>\n<li>\n<h3>Nosilnost<\/h3>\n<p>Nosilnost cilindra roke je pomemben konstrukcijski dejavnik in mora biti sposoben prenesti najve\u010djo obremenitev strojev in priklju\u010dkov.<\/p>\n<\/li>\n<li>\n<h3>Tesnjenje<\/h3>\n<p>Ro\u010dajni valj zahteva ustrezno tesnjenje, da se prepre\u010di pu\u0161\u010danje in zagotovi pravilno delovanje. Uporablja razli\u010dne tesnilne komponente, kot so tesnila bata in ojnice, izdelane iz materialov, odpornih proti obrabi, kot sta poliuretan in nitrilna guma.<\/p>\n<\/li>\n<li>\n<h3>Vzdr\u017eljivost<\/h3>\n<p>Ro\u010dica valja je izdelana iz visoko trdnih materialov, ki zagotavljajo vzdr\u017eljivost in zanesljivost, glava valja in batnica pa sta fino obdelani za izbolj\u0161anje odpornosti proti obrabi.<\/p>\n<\/li>\n<li>\n<h3>Varnost<\/h3>\n<p>Pri zasnovi cilindra roke je treba upo\u0161tevati ustrezne varnostne ukrepe, kot so na primer za\u0161\u010ditni pokrovi in \u200b\u200bvarnostni ventili, da se prepre\u010di preobremenitev in zagotovi varno delovanje.<\/p>\n<\/li>\n<li>\n<h3>Vzdr\u017eevanje<\/h3>\n<p>Zasnova cilindra roke je enostavna za vzdr\u017eevanje in zamenjavo ter zahteva redne preglede in vzdr\u017eevanje, vklju\u010dno z dodajanjem ustreznega hidravli\u010dnega olja za mazanje.<\/p>\n<\/li>\n<\/ul>\n<p><img decoding=\"async\" src=\"https:\/\/www.hydraulic-cylinders.net\/wp-content\/uploads\/2025\/01\/songte-cylinder-head-with-all-kinds-excavator-models.webp\" alt=\"Slika glave valja\"><\/p>\n<h2>Tesnjenje in mazanje ro\u010dice cilindra<\/h2>\n<p>Valj roke uporablja razli\u010dne tesnilne komponente, kot so tesnila bata in tesnila palice, izdelana iz materialov, odpornih proti obrabi, kot sta poliuretan in nitrilna guma. Glava valja in batnica sta fino obdelani za izbolj\u0161anje odpornosti proti obrabi. Poleg tega je za pravilno delovanje valja roke potrebno redno mazanje z ustreznim hidravli\u010dnim oljem.<\/p>\n<p><img decoding=\"async\" src=\"https:\/\/www.hydraulic-cylinders.net\/wp-content\/uploads\/2025\/01\/songte-chushion-collar.webp\" alt=\"Slika ovratnice Chushion\"><\/p>\n<h2>Redni pregledi in preventivni ukrepi<\/h2>\n<ul>\n<li>\n<h3>Redni pregled<\/h3>\n<p>Valj roke je treba redno pregledovati glede pu\u0161\u010danja, obrabe in po\u0161kodb tesnilnih komponent in glave valja. Poleg tega je treba redno preverjati nivo in kakovost hidravli\u010dnega olja.<\/p>\n<\/li>\n<li>\n<h3>Preventivno vzdr\u017eevanje<\/h3>\n<p>Preventivno vzdr\u017eevanje, kot sta \u010di\u0161\u010denje in mazanje, je potrebno za zagotovitev pravilnega delovanja cilindra roke. Poleg tega je pomembno upo\u0161tevati proizvajal\u010dev na\u010drt vzdr\u017eevanja in priporo\u010dila.<\/p>\n<\/li>\n<\/ul>\n<h2>Navodila za namestitev<\/h2>\n<p>Rokavni valj mora namestiti strokovni tehnik v skladu z navodili proizvajalca za namestitev. Postopek namestitve vklju\u010duje poravnavo valja z monta\u017eno povr\u0161ino, priklju\u010ditev hidravli\u010dnih cevi in \u200b\u200bpreverjanje morebitnih pu\u0161\u010danj. Poleg tega je treba hidravli\u010dni sistem pred namestitvijo sprati, da se odstranijo morebitni ostanki ali onesna\u017eevalci.<\/p>\n<p><img decoding=\"async\" src=\"https:\/\/www.hydraulic-cylinders.net\/wp-content\/uploads\/2025\/01\/songte-bushings-with-all-kinds-of-excavator-models.webp\" alt=\"Slika pu\u0161\"><\/p>\n<h2>Varnostni in okoljski vidiki<\/h2>\n<p>Med delovanjem cilindra roke je treba sprejeti ustrezne varnostne ukrepe, vklju\u010dno z namestitvijo za\u0161\u010ditnih \u0161\u010ditnikov in varnostnih ventilov za prepre\u010devanje preobremenitve in zagotavljanje varnega delovanja. Poleg tega je treba upo\u0161tevati okoljske vidike, kot je pravilno odstranjevanje hidravli\u010dnega olja in komponent.<\/p>\n<h2>Odpravljanje te\u017eav in pogoste te\u017eave<\/h2>\n<ul>\n<li>\n<h3>Pu\u0161\u010danje<\/h3>\n<p>Pu\u0161\u010danje je pogosta te\u017eava z valjem ro\u010dice, ki jo lahko povzro\u010dijo obrabljene ali po\u0161kodovane tesnilne komponente ali po\u0161kodovana glava valja. Re\u0161itev je zamenjava po\u0161kodovanih komponent ali glave valja.<\/p>\n<\/li>\n<li>\n<h3>Pregrevanje<\/h3>\n<p>Pregrevanje je lahko posledica nepravilnega delovanja ali nezadostnega mazanja. Re\u0161itev je v upo\u0161tevanju priporo\u010dil proizvajalca za pravilno delovanje in mazanje.<\/p>\n<\/li>\n<li>\n<h3>Nizek tlak<\/h3>\n<p>Nizek tlak je lahko posledica obrabljene ali po\u0161kodovane \u010drpalke ali nepravilne namestitve. Re\u0161itev je zamenjava \u010drpalke ali popravilo namestitve.<\/p>\n<\/li>\n<\/ul>\n<h2>Zaklju\u010dek<\/h2>\n<p>Smo profesionalni proizvajalec nadomestnih hidravli\u010dnih cilindrov, ki ponuja \u0161iroko paleto izdelkov in je eden vodilnih proizvajalcev in veleprodajnih distributerjev hidravli\u010dnih cilindrov na doma\u010dem in mednarodnem trgu. Vedno se dr\u017eimo na\u010dela odli\u010dne kakovosti in nenehno izbolj\u0161ujemo na\u0161o tehnologijo in u\u010dinkovitost proizvodnje z uporabo vrhunske digitalne proizvodne opreme in profesionalnih sistemov za testiranje. Na\u0161 cilj je zadovoljiti raznolike potrebe na\u0161ih strank z u\u010dinkovitostjo, natan\u010dnostjo in visoko kakovostjo.<\/p>\n<p><img decoding=\"async\" src=\"https:\/\/www.hydraulic-cylinders.net\/wp-content\/uploads\/2025\/01\/songte-company-4.webp\" alt=\"Slika podjetja\"><br \/>\n<img decoding=\"async\" src=\"https:\/\/www.hydraulic-cylinders.net\/wp-content\/uploads\/2025\/01\/songte-company-3.webp\" alt=\"Slika podjetja\"><\/p>\n<p>Na\u0161e podjetje nudi profesionalne, mednarodno certificirane, prilagojene storitve, napredno proizvodno opremo in odli\u010dno poprodajno storitev, da zadovolji raznolike potrebe na\u0161ih strank.<\/p>\n<p>Avtor: lyl<\/p>","protected":false},"excerpt":{"rendered":"<p>Arm Cylinder For Yigong CY8150 Arm cylinder is a specially designed hydraulic cylinder that provides linear motion and power to the arms of various types of machinery such as excavators, cranes, and robotic arms. The arm cylinder plays a critical role in hydraulic systems by enabling the effective movement and control of additional tools or [&hellip;]<\/p>","protected":false},"featured_media":14763,"comment_status":"open","ping_status":"closed","template":"","meta":{"_et_pb_use_builder":"","_et_pb_old_content":"","_et_gb_content_width":""},"product_brand":[],"product_cat":[1497],"product_tag":[1498,1496],"class_list":{"0":"post-16926","1":"product","2":"type-product","3":"status-publish","4":"has-post-thumbnail","6":"product_cat-arm-cylinders","7":"product_tag-arm-cylinders","8":"product_tag-hydraulic-cylinders","10":"first","11":"instock","12":"shipping-taxable","13":"product-type-simple"},"amp_enabled":true,"_links":{"self":[{"href":"https:\/\/www.hydraulic-cylinders.net\/sl\/wp-json\/wp\/v2\/product\/16926","targetHints":{"allow":["GET"]}}],"collection":[{"href":"https:\/\/www.hydraulic-cylinders.net\/sl\/wp-json\/wp\/v2\/product"}],"about":[{"href":"https:\/\/www.hydraulic-cylinders.net\/sl\/wp-json\/wp\/v2\/types\/product"}],"replies":[{"embeddable":true,"href":"https:\/\/www.hydraulic-cylinders.net\/sl\/wp-json\/wp\/v2\/comments?post=16926"}],"wp:featuredmedia":[{"embeddable":true,"href":"https:\/\/www.hydraulic-cylinders.net\/sl\/wp-json\/wp\/v2\/media\/14763"}],"wp:attachment":[{"href":"https:\/\/www.hydraulic-cylinders.net\/sl\/wp-json\/wp\/v2\/media?parent=16926"}],"wp:term":[{"taxonomy":"product_brand","embeddable":true,"href":"https:\/\/www.hydraulic-cylinders.net\/sl\/wp-json\/wp\/v2\/product_brand?post=16926"},{"taxonomy":"product_cat","embeddable":true,"href":"https:\/\/www.hydraulic-cylinders.net\/sl\/wp-json\/wp\/v2\/product_cat?post=16926"},{"taxonomy":"product_tag","embeddable":true,"href":"https:\/\/www.hydraulic-cylinders.net\/sl\/wp-json\/wp\/v2\/product_tag?post=16926"}],"curies":[{"name":"delovni list","href":"https:\/\/api.w.org\/{rel}","templated":true}]}}