{"id":16947,"date":"2025-01-21T06:14:49","date_gmt":"2025-01-21T06:14:49","guid":{"rendered":"https:\/\/www.hydraulic-cylinders.net\/product\/arm-cylinder-for-kato-small-excavator-hd700-2-5-7\/"},"modified":"2025-01-21T06:14:51","modified_gmt":"2025-01-21T06:14:51","slug":"arm-cylinder-for-kato-small-excavator-hd700-2-5-7","status":"publish","type":"product","link":"https:\/\/www.hydraulic-cylinders.net\/sl\/izdelek\/arm-cylinder-for-kato-small-excavator-hd700-2-5-7\/","title":{"rendered":"Ro\u010dica cilindra za majhen bager Kato HD700-2-5-7"},"content":{"rendered":"<p><!DOCTYPE html><br \/>\n<html><br \/>\n<head><br \/>\n<title>Ro\u010dica cilindra za majhen bager Kato HD700-2-5-7<\/title><br \/>\n<\/head><br \/>\n<body><\/p>\n<h1>Ro\u010dica cilindra za majhen bager Kato HD700-2-5-7<\/h1>\n<h2>Definicija in razlaga<\/h2>\n<p>Hidravli\u010dni valj roke je posebej zasnovan hidravli\u010dni valj, ki zagotavlja linearno gibanje in mo\u010d roki razli\u010dnih strojev, kot so bagri, \u017eerjavi in \u200b\u200brobotske roke. Cilinder roke igra klju\u010dno vlogo v hidravli\u010dnih sistemih, saj omogo\u010da u\u010dinkovito gibanje in nadzor dodatnih orodij ali priklju\u010dkov. Ti cilindri ne omogo\u010dajo le gladkega gibanja, temve\u010d tudi prenesejo velike obremenitve, kar zagotavlja u\u010dinkovito delovanje in zanesljivost strojev v razli\u010dnih delovnih pogojih.<\/p>\n<p><img decoding=\"async\" src=\"https:\/\/www.hydraulic-cylinders.net\/wp-content\/uploads\/2025\/01\/songte-company-2.webp\" alt=\"Slika ro\u010dnega cilindra\"><\/p>\n<h2>Zna\u010dilnosti<\/h2>\n<ul>\n<li>\n<h3>Visoko u\u010dinkovit prenos<\/h3>\n<p>Cilinder roke zagotavlja mo\u010dno linearno gibanje in silo, kar zagotavlja visoko zmogljivost robotske roke pri razli\u010dnih operacijah.<\/p>\n<\/li>\n<li>\n<h3>Natan\u010den nadzor<\/h3>\n<p>S hidravli\u010dnim sistemom dose\u017ee cilinder roke natan\u010den nadzor gibanja, zaradi \u010desar je delovanje priklju\u010denega orodja bolj prilagodljivo in natan\u010dno.<\/p>\n<\/li>\n<li>\n<h3>Vzdr\u017eljivost<\/h3>\n<p>Ro\u010dajni valj je obi\u010dajno izdelan iz visoko trdnih materialov, ki ponujajo odli\u010dno odpornost proti obrabi in koroziji, zaradi \u010desar je primeren za dolgotrajno uporabo v zahtevnih okoljih.<\/p>\n<\/li>\n<li>\n<h3>Ve\u010dnamenska prilagodljivost<\/h3>\n<p>Ti cilindri se lahko \u0161iroko uporabljajo v razli\u010dnih vrstah strojev, kot so bagri, \u017eerjavi in \u200b\u200brobotske roke, za zadovoljevanje razli\u010dnih operativnih potreb.<\/p>\n<\/li>\n<li>\n<h3>Enostavno vzdr\u017eevanje<\/h3>\n<p>Zasnova cilindra roke upo\u0161teva enostavno vzdr\u017eevanje in zamenjavo, zaradi \u010desar so redni pregledi in vzdr\u017eevanje bolj priro\u010dni ter se skraj\u0161a \u010das izpada opreme.<\/p>\n<\/li>\n<\/ul>\n<p><img decoding=\"async\" src=\"https:\/\/www.hydraulic-cylinders.net\/wp-content\/uploads\/2025\/01\/songte-oil-pipes-and-spare-parts.webp\" alt=\"Slika izdelka\"><\/p>\n<h2>Aplikacije<\/h2>\n<ul>\n<li>\n<h3>Gradbeni\u0161tvo<\/h3>\n<p>Pri bagrih in \u017eerjavih se valj roke uporablja za krmiljenje gibanja \u017elic ali rok pri zemeljskih delih, ravnanju z materiali in monta\u017ei konstrukcij.<\/p>\n<\/li>\n<li>\n<h3>Predelovalna industrija<\/h3>\n<p>V avtomatiziranih proizvodnih linijah se valj roke uporablja za gibanje robotskih rok v procesih, kot so monta\u017ea, varjenje in ravnanje z materiali, kar pove\u010duje u\u010dinkovitost in natan\u010dnost proizvodnje.<\/p>\n<\/li>\n<li>\n<h3>Kmetijska mehanizacija<\/h3>\n<p>V kmetijski opremi, kot so \u017eetveni stroji in sejalniki, cilinder roke nadzoruje gibanje delovnih rok za naloge, kot so setev, gnojenje in \u017eetev.<\/p>\n<\/li>\n<li>\n<h3>Rudarstvo<\/h3>\n<p>V rudarski opremi se valj roke uporablja za nadzor gibanja roke rudarskih strojev za pridobivanje in transport rude.<\/p>\n<\/li>\n<li>\n<h3>Logistika in transport<\/h3>\n<p>Pri vili\u010darjih in robotih za manipulacijo se valj roke uporablja za nadzor dvigovanja in premikanja vilic, kar omogo\u010da ravnanje z materiali in zlaganje.<\/p>\n<\/li>\n<\/ul>\n<h2>Oblikovalski vidiki in izbirna merila<\/h2>\n<ul>\n<li>\n<h3>Nosilnost<\/h3>\n<p>Nosilnost ro\u010dnega cilindra je klju\u010dni konstrukcijski dejavnik, ki zagotavlja varno in u\u010dinkovito prena\u0161anje predvidenih obremenitev.<\/p>\n<\/li>\n<li>\n<h3>Tesnjenje<\/h3>\n<p>V valju roke se uporabljajo razli\u010dni tesnilni elementi, kot so tesnila bata in tesnila palice. Ta tesnila so izdelana iz materialov, odpornih proti obrabi, kot sta poliuretan in nitrilna guma. Telo valja in navojne kon\u010dne povr\u0161ine so fino obdelane za izbolj\u0161anje odpornosti proti obrabi. Za zagotovitev ustreznega mazanja je potrebno redno mazanje s hidravli\u010dnim oljem.<\/p>\n<\/li>\n<\/ul>\n<p><img decoding=\"async\" src=\"https:\/\/www.hydraulic-cylinders.net\/wp-content\/uploads\/2025\/01\/songte-cylinder-head-with-all-kinds-excavator-models.webp\" alt=\"Slika izdelka\"><\/p>\n<h2>Redni pregledi in preventivno vzdr\u017eevanje<\/h2>\n<ul>\n<li>\n<h3>Redni pregled<\/h3>\n<p>Redno pregledujte cilindri\u010dno roko, da preverite morebitne nepravilnosti, pu\u0161\u010danja ali obrabo. Preverite tesnila, palice in druge komponente glede znakov po\u0161kodb ali obrabe.<\/p>\n<\/li>\n<li>\n<h3>Preventivno vzdr\u017eevanje<\/h3>\n<p>Izvajajte preventivne vzdr\u017eevalne ukrepe, vklju\u010dno z ustreznim mazanjem, zamenjavo obrabljenih tesnil ali komponent in pravo\u010dasnim odpravljanjem vseh ugotovljenih te\u017eav, da zmanj\u0161ate morebitne te\u017eave.<\/p>\n<\/li>\n<\/ul>\n<h2>Vodnik za namestitev izdelka<\/h2>\n<p>Za pravilno namestitev ro\u010dnega cilindra sledite tem korakom:<\/p>\n<ol>\n<li>Prepri\u010dajte se, da je bager varno podprt in da je hidravli\u010dni sistem brez tlaka.<\/li>\n<li>Odstranite morebitne obstoje\u010de cilindre roke, \u010de je to primerno.<\/li>\n<li>Namestite novi valj ro\u010dice na svoje mesto in poravnajte pritrdilne luknje.<\/li>\n<li>Jeklenko varno pritrdite z ustreznimi vijaki ali zati\u010di.<\/li>\n<li>Hidravli\u010dne cevi ali cevi priklju\u010dite na valj in pri tem zagotovite ustrezno tesnjenje.<\/li>\n<li>Opravite temeljit pregled, da preverite pravilno namestitev.<\/li>\n<\/ol>\n<p><img decoding=\"async\" src=\"https:\/\/www.hydraulic-cylinders.net\/wp-content\/uploads\/2025\/01\/songte-bushings-with-all-kinds-of-excavator-models.webp\" alt=\"Slika izdelka\"><\/p>\n<h2>Varnostni vidiki in okoljski dejavniki<\/h2>\n<p>Pri uporabi ro\u010dnega cilindra je nujno upo\u0161tevati ustrezne varnostne ukrepe za prepre\u010devanje nesre\u010d in zagotavljanje varnosti na delovnem mestu. Upo\u0161tevajte naslednje:<\/p>\n<ul>\n<li>Pri delu z ali v bli\u017eini ro\u010dnega cilindra nosite ustrezno osebno za\u0161\u010ditno opremo (OZO).<\/li>\n<li>Upo\u0161tevanje vseh varnostnih smernic in predpisov, povezanih s stroji in opremo.<\/li>\n<li>Pravilno usposabljanje in izobra\u017eevanje osebja o varnem upravljanju strojev.<\/li>\n<li>Zagotavljanje ustreznega odstranjevanja vseh nevarnih materialov ali odpadkov, ki nastanejo med vzdr\u017eevanjem ali zamenjavo.<\/li>\n<\/ul>\n<h2>Odpravljanje te\u017eav in pogoste te\u017eave<\/h2>\n<p>Pogoste te\u017eave in metode za njihovo odpravljanje, povezane z ro\u010di\u010dnim cilindrom:<\/p>\n<ul>\n<li>\n<h3>Pu\u0161\u010danje<\/h3>\n<p>\u010ce pride do pu\u0161\u010danja hidravli\u010dne teko\u010dine, preverite tesnila in priklju\u010dke glede po\u0161kodb ali ohlapnih spojev. Zamenjajte vsa po\u0161kodovana tesnila in privijte vse ohlapne spoje.<\/p>\n<\/li>\n<li>\n<h3>Po\u010dasno ali nedosledno gibanje<\/h3>\n<p>\u010ce se cilinder roke premika po\u010dasi ali neenakomerno, preverite hidravli\u010dni sistem glede morebitnih blokad, nizke ravni teko\u010dine ali okvarjenih ventilov. Ustrezno odpravite morebitne ugotovljene te\u017eave.<\/p>\n<\/li>\n<\/ul>\n<p><img decoding=\"async\" src=\"https:\/\/www.hydraulic-cylinders.net\/wp-content\/uploads\/2025\/01\/songte-chushion-collar.webp\" alt=\"Slika izdelka\"><\/p>\n<p>Ne pozabite logi\u010dno organizirati \u010dlanka, uporabiti podnaslovov za la\u017ejo navigacijo, vklju\u010diti ustreznih slik ali grafikonov za bolj\u0161e razumevanje ter zagotoviti, da je vsebina jasna, jedrnata in primerna za bralce z razli\u010dnimi stopnjami tehni\u010dnega znanja.<\/p>\n<h2>O nas<\/h2>\n<p><img decoding=\"async\" src=\"https:\/\/www.hydraulic-cylinders.net\/wp-content\/uploads\/2025\/01\/songte-company-4.webp\" alt=\"Slika podjetja\"><br \/>\n<img decoding=\"async\" src=\"https:\/\/www.hydraulic-cylinders.net\/wp-content\/uploads\/2025\/01\/songte-company-3.webp\" alt=\"Slika podjetja\"><\/p>\n<p>Smo profesionalni proizvajalec nadomestnih hidravli\u010dnih cilindrov in ponujamo \u0161iroko paleto izdelkov. Postali smo eden vodilnih proizvajalcev in veleprodajnih distributerjev hidravli\u010dnih cilindrov na doma\u010dem in mednarodnem trgu. Na\u0161o zavezanost k odli\u010dnosti kakovosti podpiramo s strategijami upravljanja industrijske proizvodnje, ki jih izvajamo v na\u0161i napredni proizvodni delavnici. Z uvajanjem vrhunske digitalne proizvodne opreme in profesionalnih sistemov testiranja nenehno optimiziramo na\u0161o proizvodno platformo in izbolj\u0161ujemo procese nadzora kakovosti izdelkov. Mo\u010dno se osredoto\u010damo na inovacije, s katerimi si prizadevamo zadovoljiti raznolike potrebe strank z visoko u\u010dinkovitostjo, natan\u010dnostjo in kakovostjo. <\/p>\n<p>Na\u0161e podjetje izstopa po profesionalnosti, mednarodnih certifikatih, prilagojenih storitvah, proizvodni opremi in poprodajnih storitvah.<\/p>\n<p>Avtor: lyl.<\/p>\n<p><\/body><br \/>\n<\/html><\/p>","protected":false},"excerpt":{"rendered":"<p>Arm Cylinder For Kato Small Excavator HD700-2-5-7 Arm Cylinder For Kato Small Excavator HD700-2-5-7 Definition and Explanation The arm cylinder is a specially designed hydraulic cylinder that provides linear motion and power to the arm of various machinery, such as excavators, cranes, and robotic arms. The arm cylinder plays a crucial role in hydraulic systems, [&hellip;]<\/p>","protected":false},"featured_media":14759,"comment_status":"open","ping_status":"closed","template":"","meta":{"_et_pb_use_builder":"","_et_pb_old_content":"","_et_gb_content_width":""},"product_brand":[],"product_cat":[1497],"product_tag":[1498,1496],"class_list":{"0":"post-16947","1":"product","2":"type-product","3":"status-publish","4":"has-post-thumbnail","6":"product_cat-arm-cylinders","7":"product_tag-arm-cylinders","8":"product_tag-hydraulic-cylinders","10":"first","11":"instock","12":"shipping-taxable","13":"product-type-simple"},"amp_enabled":true,"_links":{"self":[{"href":"https:\/\/www.hydraulic-cylinders.net\/sl\/wp-json\/wp\/v2\/product\/16947","targetHints":{"allow":["GET"]}}],"collection":[{"href":"https:\/\/www.hydraulic-cylinders.net\/sl\/wp-json\/wp\/v2\/product"}],"about":[{"href":"https:\/\/www.hydraulic-cylinders.net\/sl\/wp-json\/wp\/v2\/types\/product"}],"replies":[{"embeddable":true,"href":"https:\/\/www.hydraulic-cylinders.net\/sl\/wp-json\/wp\/v2\/comments?post=16947"}],"wp:featuredmedia":[{"embeddable":true,"href":"https:\/\/www.hydraulic-cylinders.net\/sl\/wp-json\/wp\/v2\/media\/14759"}],"wp:attachment":[{"href":"https:\/\/www.hydraulic-cylinders.net\/sl\/wp-json\/wp\/v2\/media?parent=16947"}],"wp:term":[{"taxonomy":"product_brand","embeddable":true,"href":"https:\/\/www.hydraulic-cylinders.net\/sl\/wp-json\/wp\/v2\/product_brand?post=16947"},{"taxonomy":"product_cat","embeddable":true,"href":"https:\/\/www.hydraulic-cylinders.net\/sl\/wp-json\/wp\/v2\/product_cat?post=16947"},{"taxonomy":"product_tag","embeddable":true,"href":"https:\/\/www.hydraulic-cylinders.net\/sl\/wp-json\/wp\/v2\/product_tag?post=16947"}],"curies":[{"name":"delovni list","href":"https:\/\/api.w.org\/{rel}","templated":true}]}}