{"id":16960,"date":"2025-01-21T08:27:32","date_gmt":"2025-01-21T08:27:32","guid":{"rendered":"https:\/\/www.hydraulic-cylinders.net\/?post_type=product&#038;p=16960"},"modified":"2025-04-11T01:44:58","modified_gmt":"2025-04-11T01:44:58","slug":"hcyy11112000-forklift-lifting-cylinder","status":"publish","type":"product","link":"https:\/\/www.hydraulic-cylinders.net\/sl\/izdelek\/hcyy11112000-forklift-lifting-cylinder\/","title":{"rendered":"HCYY11112000 Dvi\u017eni vili\u010dar"},"content":{"rendered":"<h1 style=\"text-align: center;\"><strong>HCYY11112000 Dvi\u017eni vili\u010dar<\/strong><\/h1>\n<p><img loading=\"lazy\" decoding=\"async\" class=\"alignnone wp-image-16964\" src=\"https:\/\/www.hydraulic-cylinders.net\/wp-content\/uploads\/2025\/01\/hcyy11112000-forklift-lifting-cylinder-1.webp\" alt=\"\" width=\"1000\" height=\"345\" srcset=\"https:\/\/www.hydraulic-cylinders.net\/wp-content\/uploads\/2025\/01\/hcyy11112000-forklift-lifting-cylinder-1-980x338.webp 980w, https:\/\/www.hydraulic-cylinders.net\/wp-content\/uploads\/2025\/01\/hcyy11112000-forklift-lifting-cylinder-1-480x166.webp 480w\" sizes=\"(min-width: 0px) and (max-width: 480px) 480px, (min-width: 481px) and (max-width: 980px) 980px, (min-width: 981px) 1000px, 100vw\" \/><\/p>\n<p>Dvi\u017eni cilinder vili\u010darja HCYY11112000 je klju\u010dna komponenta za delovanje vili\u010darja, saj omogo\u010da u\u010dinkovito dvigovanje in spu\u0161\u010danje te\u017ekih bremen. Ta hidravli\u010dni cilinder, zasnovan za vzdr\u017eljivost in visoko zmogljivost, znatno pove\u010da produktivnost v razli\u010dnih industrijskih okoljih.<\/p>\n<p>Kot bistveno sredstvo za vsako delovanje vili\u010darja se HCYY11112000 odlikuje z robustno zasnovo in visoko nosilnostjo, zaradi \u010desar je idealna izbira za panoge, kot sta skladi\u0161\u010denje in gradbeni\u0161tvo. Z seznanitvijo z njegovimi lastnostmi, pravilno uporabo in zahtevami glede vzdr\u017eevanja lahko upravljavci zagotovijo, da bo ta hidravli\u010dni cilinder zagotavljal zanesljivo delovanje in ve\u010dletno izbolj\u0161eval produktivnost.<\/p>\n<h2><strong>Parameter dvi\u017enega cilindra vili\u010darja HCYY11112000:<\/strong><\/h2>\n<h2><img loading=\"lazy\" decoding=\"async\" class=\"alignnone size-full wp-image-16968\" src=\"https:\/\/www.hydraulic-cylinders.net\/wp-content\/uploads\/2025\/01\/hcyy11112000-forklift-lifting-cylinder-5.webp\" alt=\"\" width=\"1517\" height=\"144\" srcset=\"https:\/\/www.hydraulic-cylinders.net\/wp-content\/uploads\/2025\/01\/hcyy11112000-forklift-lifting-cylinder-5.webp 1517w, https:\/\/www.hydraulic-cylinders.net\/wp-content\/uploads\/2025\/01\/hcyy11112000-forklift-lifting-cylinder-5-1280x122.webp 1280w, https:\/\/www.hydraulic-cylinders.net\/wp-content\/uploads\/2025\/01\/hcyy11112000-forklift-lifting-cylinder-5-980x93.webp 980w, https:\/\/www.hydraulic-cylinders.net\/wp-content\/uploads\/2025\/01\/hcyy11112000-forklift-lifting-cylinder-5-480x46.webp 480w\" sizes=\"(min-width: 0px) and (max-width: 480px) 480px, (min-width: 481px) and (max-width: 980px) 980px, (min-width: 981px) and (max-width: 1280px) 1280px, (min-width: 1281px) 1517px, 100vw\" \/><img loading=\"lazy\" decoding=\"async\" class=\"alignnone wp-image-16965\" style=\"color: #666666; font-size: 14px;\" src=\"https:\/\/www.hydraulic-cylinders.net\/wp-content\/uploads\/2025\/01\/hcyy11112000-forklift-lifting-cylinder-2.webp\" alt=\"\" width=\"1000\" height=\"482\" srcset=\"https:\/\/www.hydraulic-cylinders.net\/wp-content\/uploads\/2025\/01\/hcyy11112000-forklift-lifting-cylinder-2-980x472.webp 980w, https:\/\/www.hydraulic-cylinders.net\/wp-content\/uploads\/2025\/01\/hcyy11112000-forklift-lifting-cylinder-2-480x231.webp 480w\" sizes=\"(min-width: 0px) and (max-width: 480px) 480px, (min-width: 481px) and (max-width: 980px) 980px, (min-width: 981px) 1000px, 100vw\" \/><span style=\"color: #666666; font-size: 14px;\">\u00a0<\/span><img loading=\"lazy\" decoding=\"async\" class=\"alignnone wp-image-16966\" style=\"color: #666666; font-size: 14px;\" src=\"https:\/\/www.hydraulic-cylinders.net\/wp-content\/uploads\/2025\/01\/hcyy11112000-forklift-lifting-cylinder-3.webp\" alt=\"\" width=\"1000\" height=\"482\" srcset=\"https:\/\/www.hydraulic-cylinders.net\/wp-content\/uploads\/2025\/01\/hcyy11112000-forklift-lifting-cylinder-3-980x473.webp 980w, https:\/\/www.hydraulic-cylinders.net\/wp-content\/uploads\/2025\/01\/hcyy11112000-forklift-lifting-cylinder-3-480x232.webp 480w\" sizes=\"(min-width: 0px) and (max-width: 480px) 480px, (min-width: 481px) and (max-width: 980px) 980px, (min-width: 981px) 1000px, 100vw\" \/><img loading=\"lazy\" decoding=\"async\" class=\"alignnone size-full wp-image-16967\" src=\"https:\/\/www.hydraulic-cylinders.net\/wp-content\/uploads\/2025\/01\/hcyy11112000-forklift-lifting-cylinder-4.webp\" alt=\"\" width=\"1496\" height=\"774\" srcset=\"https:\/\/www.hydraulic-cylinders.net\/wp-content\/uploads\/2025\/01\/hcyy11112000-forklift-lifting-cylinder-4.webp 1496w, https:\/\/www.hydraulic-cylinders.net\/wp-content\/uploads\/2025\/01\/hcyy11112000-forklift-lifting-cylinder-4-1280x662.webp 1280w, https:\/\/www.hydraulic-cylinders.net\/wp-content\/uploads\/2025\/01\/hcyy11112000-forklift-lifting-cylinder-4-980x507.webp 980w, https:\/\/www.hydraulic-cylinders.net\/wp-content\/uploads\/2025\/01\/hcyy11112000-forklift-lifting-cylinder-4-480x248.webp 480w\" sizes=\"(min-width: 0px) and (max-width: 480px) 480px, (min-width: 481px) and (max-width: 980px) 980px, (min-width: 981px) and (max-width: 1280px) 1280px, (min-width: 1281px) 1496px, 100vw\" \/><\/h2>\n<h2><strong>Serija cilindrov za vili\u010darje:\u00a0<\/strong><\/h2>\n<h2><img loading=\"lazy\" decoding=\"async\" class=\"alignnone size-full wp-image-16971\" src=\"https:\/\/www.hydraulic-cylinders.net\/wp-content\/uploads\/2025\/01\/fork-lift-cylinder.webp\" alt=\"\" width=\"2004\" height=\"2529\" srcset=\"https:\/\/www.hydraulic-cylinders.net\/wp-content\/uploads\/2025\/01\/fork-lift-cylinder.webp 2004w, https:\/\/www.hydraulic-cylinders.net\/wp-content\/uploads\/2025\/01\/fork-lift-cylinder-1280x1615.webp 1280w, https:\/\/www.hydraulic-cylinders.net\/wp-content\/uploads\/2025\/01\/fork-lift-cylinder-980x1237.webp 980w, https:\/\/www.hydraulic-cylinders.net\/wp-content\/uploads\/2025\/01\/fork-lift-cylinder-480x606.webp 480w\" sizes=\"(min-width: 0px) and (max-width: 480px) 480px, (min-width: 481px) and (max-width: 980px) 980px, (min-width: 981px) and (max-width: 1280px) 1280px, (min-width: 1281px) 2004px, 100vw\" \/><\/h2>\n<h2><strong>Klju\u010dne zna\u010dilnosti dvi\u017enega cilindra vili\u010darja HCYY11112000:<\/strong><\/h2>\n<p>Dvi\u017eni valj za vili\u010dar HCYY11112000 je zasnovan z ve\u010d izjemnimi lastnostmi, ki izbolj\u0161ujejo njegovo zmogljivost in zanesljivost v zahtevnih industrijskih okoljih.<\/p>\n<h4><strong>Visoka nosilnost<\/strong><\/h4>\n<p>HCYY11112000, zasnovan za te\u017eke aplikacije, lahko brez te\u017eav obvladuje znatne te\u017ee. Zaradi visoke nosilnosti lahko upravljavci samozavestno dvigujejo in preva\u017eajo velike materiale, zaradi \u010desar je neprecenljivo orodje v skladi\u0161\u010dih, na gradbi\u0161\u010dih in v proizvodnih obratih.<\/p>\n<h4><strong>Trpe\u017ena konstrukcija<\/strong><\/h4>\n<p>Ta jeklenka, izdelana iz visoko trdnih materialov, se pona\u0161a z izjemno vzdr\u017eljivostjo. Zaradi robustne zasnove je odporna proti obrabi, kar ji omogo\u010da, da prenese obremenitve vsakodnevne uporabe. Ta vzdr\u017eljivost se odra\u017ea v dalj\u0161i \u017eivljenjski dobi, kar zmanj\u0161uje potrebo po pogostih zamenjavah in zmanj\u0161uje obratovalne stro\u0161ke.<\/p>\n<h4><strong>Precizno in\u017eenirstvo<\/strong><\/h4>\n<p>HCYY11112000 ima inovativno zasnovo, ki omogo\u010da gladko in natan\u010dno dvigovanje. Ta natan\u010dna in\u017eeniringa zmanj\u0161uje tveganje premikanja bremena in pove\u010duje varnost med delovanjem. Upravljavci se lahko zanesejo na ta valj, da bo ohranil stabilnost, tudi pri dvigovanju neenakomernih ali zajetnih bremen.<\/p>\n<h4><strong>Odpornost proti koroziji<\/strong><\/h4>\n<p>V zahtevnih okoljih lahko izpostavljenost vlagi in agresivnim kemikalijam povzro\u010di prezgodnjo obrabo. HCYY11112000 je opremljen s posebnimi premazi, ki zagotavljajo u\u010dinkovito za\u0161\u010dito pred rjo in korozijo. Ta lastnost zagotavlja zanesljivo delovanje in podalj\u0161uje \u017eivljenjsko dobo cilindra, ne glede na pogoje, s katerimi se soo\u010da.<\/p>\n<h4><strong>U\u010dinkovito delovanje<\/strong><\/h4>\n<p>Optimizirana zasnova hidravli\u010dnega pretoka pove\u010da hitrost dvigovanja in u\u010dinkovitost HCYY11112000. Ta premi\u0161ljena in\u017eeniringa zmanj\u0161uje \u010das izpada, kar omogo\u010da operaterjem hitrej\u0161e in u\u010dinkovitej\u0161e opravljanje nalog. Izbolj\u0161ana zmogljivost ne le prihrani \u010das, temve\u010d tudi izbolj\u0161a splo\u0161no produktivnost v hitrih delovnih okoljih.<\/p>\n<h4><strong>Vsestranska uporaba<\/strong><\/h4>\n<p>HCYY11112000 je dovolj vsestranski za uporabo v razli\u010dnih aplikacijah, od dvigovanja te\u017ekih industrijskih komponent do ravnanja s paletami v skladi\u0161\u010du. Zaradi svoje prilagodljivosti je priljubljena izbira v ve\u010d panogah, kar zagotavlja, da izpolnjuje raznolike potrebe operaterjev.<\/p>\n<h4><strong>Enostavna namestitev in vzdr\u017eevanje<\/strong><\/h4>\n<p>HCYY11112000 je zasnovan z mislijo na uporabniku prijaznost in omogo\u010da enostavno namestitev in vzdr\u017eevanje. Operaterji ga lahko hitro nastavijo in redno preverjajo, kar zagotavlja nemoteno delovanje brez dalj\u0161ih izpadov.<\/p>\n<p>Z impresivnimi lastnostmi dvi\u017eni valj za vili\u010dar HCYY11112000 ne le izbolj\u0161a u\u010dinkovitost dvigovanja, temve\u010d tudi dvigne standarde varnosti in vzdr\u017eljivosti. Z nalo\u017ebo v ta visokozmogljiv valj lahko industrije pove\u010dajo produktivnost in zagotovijo zanesljivo delovanje ve\u010d let.<\/p>\n<h2><strong>Kateri klju\u010dni vzdr\u017eevalni postopki pomagajo podalj\u0161ati \u017eivljenjsko dobo dvi\u017enega cilindra vili\u010darja?<\/strong><\/h2>\n<p>Za znatno podalj\u0161anje \u017eivljenjske dobe dvi\u017enega cilindra vili\u010darja je bistvenega pomena proaktiven pristop k vzdr\u017eevanju. Tukaj je nekaj klju\u010dnih praks, ki ne le podalj\u0161ajo \u017eivljenjsko dobo, temve\u010d tudi zagotovijo varno in u\u010dinkovito delovanje:<\/p>\n<h4><strong>1. Redni pregledi<\/strong><\/h4>\n<ul>\n<li><strong>Zakaj je pomembno<\/strong>Pogosti pregledi so klju\u010dnega pomena za zgodnje odkrivanje obrabe, pu\u0161\u010danja ali po\u0161kodb. \u010ce te te\u017eave odkrijete, preden se poslab\u0161ajo, lahko prihranite pri dragih popravilih in izpadih.<\/li>\n<li><strong>Napitnina<\/strong>Ustvarite kontrolni seznam za sistemati\u010den pregled vseh komponent, vklju\u010dno s cevmi, tesnili in samo jeklenko.<\/li>\n<\/ul>\n<h4><strong>2. Preverjanje hidravli\u010dne teko\u010dine<\/strong><\/h4>\n<ul>\n<li><strong>Zakaj je pomembno<\/strong>Hidravli\u010dna teko\u010dina deluje kot \u017eivljenjska sila dvi\u017enega cilindra in omogo\u010da nemoteno delovanje. Vzdr\u017eevanje ustrezne ravni in kakovosti teko\u010dine je klju\u010dnega pomena za optimalno delovanje.<\/li>\n<li><strong>Napitnina<\/strong>Redno preverjajte morebitne kontaminacije in menjajte teko\u010dino v skladu s priporo\u010dili proizvajalca.<\/li>\n<\/ul>\n<h4><strong>3. Vzdr\u017eevanje tesnil<\/strong><\/h4>\n<ul>\n<li><strong>Zakaj je pomembno<\/strong>Tesnila igrajo klju\u010dno vlogo pri prepre\u010devanju pu\u0161\u010danja in vzdr\u017eevanju tlaka v valju. Obrabljena ali po\u0161kodovana tesnila lahko povzro\u010dijo te\u017eave z delovanjem in varnostne nevarnosti.<\/li>\n<li><strong>Napitnina<\/strong>Tesnila redno pregledujte in jih nemudoma zamenjajte, da se izognete ve\u010djim te\u017eavam.<\/li>\n<\/ul>\n<h4><strong>4. \u010ci\u0161\u010denje<\/strong><\/h4>\n<ul>\n<li><strong>Zakaj je pomembno<\/strong>Za prepre\u010devanje kontaminacije in zagotavljanje nemotenega delovanja je bistveno, da jeklenko in okolico \u010distite pred umazanijo in ostanki.<\/li>\n<li><strong>Napitnina<\/strong>: Za \u010di\u0161\u010denje povr\u0161ine uporabite mehko krpo in ustrezna \u010distila, da prepre\u010dite po\u0161kodbe in hkrati zagotovite \u010disto\u010do.<\/li>\n<\/ul>\n<h4><strong>5. Mazanje<\/strong><\/h4>\n<ul>\n<li><strong>Zakaj je pomembno<\/strong>Pravilno mazanje gibljivih delov zmanj\u0161a trenje in obrabo, kar lahko podalj\u0161a \u017eivljenjsko dobo valja.<\/li>\n<li><strong>Napitnina<\/strong>Upo\u0161tevajte navodila proizvajalca za maziva in zagotovite ustrezno vzdr\u017eevanje vseh gibljivih delov.<\/li>\n<\/ul>\n<h4><strong>6. Upravljanje obremenitve<\/strong><\/h4>\n<ul>\n<li><strong>Zakaj je pomembno<\/strong>Delovanje znotraj dolo\u010dene nosilnosti je klju\u010dnega pomena za varnost in u\u010dinkovitost. Preobremenitev lahko povzro\u010di mehanske okvare in pove\u010dano obrabo.<\/li>\n<li><strong>Napitnina<\/strong>Vedno bodite pozorni na omejitve obremenitve, upravljavci vlakov pa naj prepoznajo pomen njihovega upo\u0161tevanja.<\/li>\n<\/ul>\n<h4><strong>7. Profesionalno servisiranje<\/strong><\/h4>\n<ul>\n<li><strong>Zakaj je pomembno<\/strong>Z najemom strokovnjakov za redne vzdr\u017eevalne preglede lahko odkrijete morebitne te\u017eave, ki morda niso o\u010ditne med rutinskimi pregledi.<\/li>\n<li><strong>Napitnina<\/strong>: Z usposobljenim tehnikom sestavite urnik vzdr\u017eevanja, da zagotovite, da so vse komponente v brezhibnem stanju.<\/li>\n<\/ul>\n<p>Z vklju\u010ditvijo teh bistvenih vzdr\u017eevalnih postopkov v va\u0161o rutino podalj\u0161ate \u017eivljenjsko dobo dvi\u017enega cilindra vili\u010darja ter izbolj\u0161ate varnost in u\u010dinkovitost vseh va\u0161ih operacij. Dobro vzdr\u017eevan dvi\u017eni valj lahko pove\u010da produktivnost, zmanj\u0161a obratovalne stro\u0161ke in varnej\u0161e delovno mesto, zato so ti postopki vredni truda!<\/p>\n<h2><strong>Proizvodno obmo\u010dje valjev za vili\u010darje:<\/strong><\/h2>\n<h2><img loading=\"lazy\" decoding=\"async\" class=\"alignnone size-full wp-image-16972\" src=\"https:\/\/www.hydraulic-cylinders.net\/wp-content\/uploads\/2025\/01\/hydraulic-cylinder-factory-1-scaled.webp\" alt=\"\" width=\"2016\" height=\"2560\" srcset=\"https:\/\/www.hydraulic-cylinders.net\/wp-content\/uploads\/2025\/01\/hydraulic-cylinder-factory-1-scaled.webp 2016w, https:\/\/www.hydraulic-cylinders.net\/wp-content\/uploads\/2025\/01\/hydraulic-cylinder-factory-1-1280x1625.webp 1280w, https:\/\/www.hydraulic-cylinders.net\/wp-content\/uploads\/2025\/01\/hydraulic-cylinder-factory-1-980x1244.webp 980w, https:\/\/www.hydraulic-cylinders.net\/wp-content\/uploads\/2025\/01\/hydraulic-cylinder-factory-1-480x610.webp 480w\" sizes=\"(min-width: 0px) and (max-width: 480px) 480px, (min-width: 481px) and (max-width: 980px) 980px, (min-width: 981px) and (max-width: 1280px) 1280px, (min-width: 1281px) 2016px, 100vw\" \/><\/h2>\n<p>Imamo prvovrstno neodvisno platformo za raziskave in razvoj za monta\u017eo. Delavnica za proizvodnjo valjev za vili\u010darje ima \u0161tiri polavtomatske monta\u017ene linije za dvi\u017ene valje in popolnoma avtomatsko monta\u017eno linijo za nagibne valje z letno proizvodno zmogljivostjo milijona kosov. Delavnica za posebne valje ima polavtomatske \u010distilne in monta\u017ene sisteme razli\u010dnih specifikacij z letno proizvodno zmogljivostjo 200.000 kosov. Opremljena je z znanimi blagovnimi znamkami CNC obdelovalnih strojev, obdelovalnih centrov, posebne opreme za visoko precizno obdelavo valjev, robotskih varilnih strojev, avtomatskih \u010distilnih strojev, avtomatskih strojev za monta\u017eo valjev in avtomatskih proizvodnih linij za barvanje. Imamo ve\u010d kot 300 kompletov klju\u010dne opreme, ki deluje. Optimizirana dodelitev in u\u010dinkovita izraba opremnih virov zagotavljata natan\u010dnost izdelkov in izpolnjujeta visoke standarde kakovosti izdelkov.<\/p>\n<p>Strojna delavnica je opremljena s centri za stru\u017eenje vodilnih tirnic po meri, obdelovalnimi centri, visokohitrostnimi stroji za honanje, varilnimi roboti in drugo ustrezno opremo, ki lahko obdeluje cilindri\u010dne cevi z najve\u010djim notranjim premerom 400 mm in najve\u010djo dol\u017eino 6 metrov.<\/p>\n<h2><img loading=\"lazy\" decoding=\"async\" class=\"alignnone size-full wp-image-16973\" src=\"https:\/\/www.hydraulic-cylinders.net\/wp-content\/uploads\/2025\/01\/hydraulic-cylinder-factory-2-scaled.webp\" alt=\"\" width=\"2011\" height=\"2560\" srcset=\"https:\/\/www.hydraulic-cylinders.net\/wp-content\/uploads\/2025\/01\/hydraulic-cylinder-factory-2-scaled.webp 2011w, https:\/\/www.hydraulic-cylinders.net\/wp-content\/uploads\/2025\/01\/hydraulic-cylinder-factory-2-1280x1629.webp 1280w, https:\/\/www.hydraulic-cylinders.net\/wp-content\/uploads\/2025\/01\/hydraulic-cylinder-factory-2-980x1248.webp 980w, https:\/\/www.hydraulic-cylinders.net\/wp-content\/uploads\/2025\/01\/hydraulic-cylinder-factory-2-480x611.webp 480w\" sizes=\"(min-width: 0px) and (max-width: 480px) 480px, (min-width: 481px) and (max-width: 980px) 980px, (min-width: 981px) and (max-width: 1280px) 1280px, (min-width: 1281px) 2011px, 100vw\" \/><\/h2>\n<p>Imamo popolnoma avtomatsko linijo za barvanje na vodni osnovi za majhne in srednje velike valje, ki omogo\u010da avtomatsko nalaganje in razkladanje ter avtomatske robote za brizganje z na\u010drtovano proizvodno zmogljivostjo 4000 mest na izmeno. Imamo \u0161e eno polavtomatsko linijo za barvanje velikih valjev, ki jo poganja veriga, z na\u010drtovano zmogljivostjo 60 zabojev na izmeno.<\/p>\n<p>Za nadaljnje izbolj\u0161anje delovanja izdelkov in vzpostavitev vodilnega polo\u017eaja na\u0161ih hidravli\u010dnih cilindrov v panogi sta na\u0161e podjetje in zjimee skupaj ustanovila celovit laboratorij za hidravli\u010dne cilindre, hidravli\u010dne ventile in hidravli\u010dne \u010drpalke; laboratorij izvaja ra\u010dunalni\u0161ko podprto testiranje z uporabo elektrohidravli\u010dne tehnologije, preskusne pogoje pa vnaprej nastavi ra\u010dunalnik, kar izbolj\u0161a natan\u010dnost preskusa in vsestranskost sistema, ter eksperimentalne podatke.<\/p>\n<p>Samodejno zbiranje se izvaja z uporabo senzorjev, izhodni podatki, kot so notranje pu\u0161\u010danje in obremenitvena u\u010dinkovitost valja ali ventila, pa se neposredno obdelajo v ra\u010dunalniku in pretvorijo v standardne enote (ml\/min%). Hkrati se za zagotovitev varnosti delovanja hidravli\u010dnega sistema izvaja funkcija spremljanja stanja klju\u010dnih parametrov delovanja, kot so \u00bbspremljanje temperature olja, spremljanje nivoja teko\u010dine, spremljanje filtrirne naprave\u00ab itd. Med njimi lahko preskusna naprava hidravli\u010dnega valja preizkusi delovanje \u00bbobremenitve\u00ab.<br \/>\nu\u010dinkovitost \u00bbin\u00ab notranje pu\u0161\u010danje z od\u010ditki. Hkrati je opremljen z merilnim instrumentom v obliki re\u0161etke, ki izpolnjuje zahteve vseh preskusnih elementov hidravli\u010dnih cilindrov v skladu z nacionalnim standardom.<\/p>","protected":false},"excerpt":{"rendered":"<p>HCYY11112000 Forklift Lifting Cylinder The HCYY11112000 Forklift Lifting Cylinder is a crucial component for forklift operations, facilitating the efficient lifting and lowering of heavy loads. Engineered for durability and high performance, this hydraulic cylinder significantly boosts productivity across various industrial environments. As an essential asset for any forklift operation, the HCYY11112000 features a robust design [&hellip;]<\/p>","protected":false},"featured_media":16974,"comment_status":"open","ping_status":"closed","template":"","meta":{"_et_pb_use_builder":"","_et_pb_old_content":"","_et_gb_content_width":""},"product_brand":[],"product_cat":[1484,1549],"product_tag":[],"class_list":{"0":"post-16960","1":"product","2":"type-product","3":"status-publish","4":"has-post-thumbnail","6":"product_cat-forklift-hydraulic-cylinders","7":"product_cat-single-acting-hydraulic-cylinder","9":"first","10":"instock","11":"shipping-taxable","12":"product-type-simple"},"amp_enabled":true,"_links":{"self":[{"href":"https:\/\/www.hydraulic-cylinders.net\/sl\/wp-json\/wp\/v2\/product\/16960","targetHints":{"allow":["GET"]}}],"collection":[{"href":"https:\/\/www.hydraulic-cylinders.net\/sl\/wp-json\/wp\/v2\/product"}],"about":[{"href":"https:\/\/www.hydraulic-cylinders.net\/sl\/wp-json\/wp\/v2\/types\/product"}],"replies":[{"embeddable":true,"href":"https:\/\/www.hydraulic-cylinders.net\/sl\/wp-json\/wp\/v2\/comments?post=16960"}],"wp:featuredmedia":[{"embeddable":true,"href":"https:\/\/www.hydraulic-cylinders.net\/sl\/wp-json\/wp\/v2\/media\/16974"}],"wp:attachment":[{"href":"https:\/\/www.hydraulic-cylinders.net\/sl\/wp-json\/wp\/v2\/media?parent=16960"}],"wp:term":[{"taxonomy":"product_brand","embeddable":true,"href":"https:\/\/www.hydraulic-cylinders.net\/sl\/wp-json\/wp\/v2\/product_brand?post=16960"},{"taxonomy":"product_cat","embeddable":true,"href":"https:\/\/www.hydraulic-cylinders.net\/sl\/wp-json\/wp\/v2\/product_cat?post=16960"},{"taxonomy":"product_tag","embeddable":true,"href":"https:\/\/www.hydraulic-cylinders.net\/sl\/wp-json\/wp\/v2\/product_tag?post=16960"}],"curies":[{"name":"delovni list","href":"https:\/\/api.w.org\/{rel}","templated":true}]}}