{"id":16975,"date":"2025-01-21T08:40:18","date_gmt":"2025-01-21T08:40:18","guid":{"rendered":"https:\/\/www.hydraulic-cylinders.net\/?post_type=product&#038;p=16975"},"modified":"2025-04-11T03:15:42","modified_gmt":"2025-04-11T03:15:42","slug":"hcyy11112001-forklift-tilt-cylinder","status":"publish","type":"product","link":"https:\/\/www.hydraulic-cylinders.net\/sl\/izdelek\/hcyy11112001-forklift-tilt-cylinder\/","title":{"rendered":"HCYY11112001 Nagibni cilinder vili\u010darja"},"content":{"rendered":"<h1 style=\"text-align: center;\"><strong>HCYY11112001 Nagibni cilinder vili\u010darja<\/strong><\/h1>\n<h1 style=\"text-align: center;\"><strong><img loading=\"lazy\" decoding=\"async\" class=\"alignnone size-full wp-image-16977\" src=\"https:\/\/www.hydraulic-cylinders.net\/wp-content\/uploads\/2025\/01\/hcyy11112001-forklift-lifting-cylinder-2.webp\" alt=\"\" width=\"1500\" height=\"517\" srcset=\"https:\/\/www.hydraulic-cylinders.net\/wp-content\/uploads\/2025\/01\/hcyy11112001-forklift-lifting-cylinder-2.webp 1500w, https:\/\/www.hydraulic-cylinders.net\/wp-content\/uploads\/2025\/01\/hcyy11112001-forklift-lifting-cylinder-2-1280x441.webp 1280w, https:\/\/www.hydraulic-cylinders.net\/wp-content\/uploads\/2025\/01\/hcyy11112001-forklift-lifting-cylinder-2-980x338.webp 980w, https:\/\/www.hydraulic-cylinders.net\/wp-content\/uploads\/2025\/01\/hcyy11112001-forklift-lifting-cylinder-2-480x165.webp 480w\" sizes=\"(min-width: 0px) and (max-width: 480px) 480px, (min-width: 481px) and (max-width: 980px) 980px, (min-width: 981px) and (max-width: 1280px) 1280px, (min-width: 1281px) 1500px, 100vw\" \/><\/strong><\/h1>\n<p>Nagibni cilinder za vili\u010dar HCYY11112001 je nepogre\u0161ljiv del vsakega vili\u010darja, saj znatno pove\u010da operativno u\u010dinkovitost. Ta visokozmogljiv nagibni cilinder zagotavlja gladko in natan\u010dno nagibanje vilic, kar upravljavcem omogo\u010da enostavno in natan\u010dno manevriranje s tovorom. Ne glede na to, ali ste v \u017eivahnem skladi\u0161\u010du, na gradbi\u0161\u010du ali upravljate distribucijski center, je ta nagibni cilinder klju\u010dnega pomena za nemoteno dvigovanje in zlaganje.<\/p>\n<p>Nagibni cilinder za vili\u010dar HCYY11112001, zasnovan z mislijo na robustnost, izstopa po svoji impresivni nosilnosti in zanesljivem delovanju. Ni le komponenta; je prelomnica za produktivnost v razli\u010dnih aplikacijah. Z upo\u0161tevanjem pravilnih metod uporabe in vzdr\u017eevalnih praks lahko ohranite optimalno delovanje tega nagibnega cilindra, kar pove\u010da tako varnost kot u\u010dinkovitost pri delu z vili\u010darjem.<\/p>\n<p>Nalo\u017eba v vrhunske komponente, kot je HCYY11112001, ne le izbolj\u0161a zmogljivost va\u0161ega vili\u010darja, temve\u010d tudi podalj\u0161a \u017eivljenjsko dobo va\u0161e opreme. Izkusite razliko, ki jo naredi kakovost, in zagotovite nemoteno delovanje s tem nepogre\u0161ljivim nagibnim cilindrom na krmilu!<\/p>\n<h2><strong> Parameter nagibnega cilindra vili\u010darja HCYY11112001:<\/strong><\/h2>\n<h1 style=\"text-align: center;\"><strong><img loading=\"lazy\" decoding=\"async\" class=\"alignnone size-full wp-image-16976\" src=\"https:\/\/www.hydraulic-cylinders.net\/wp-content\/uploads\/2025\/01\/hcyy11112001-forklift-lifting-cylinder-1.webp\" alt=\"\" width=\"1512\" height=\"145\" srcset=\"https:\/\/www.hydraulic-cylinders.net\/wp-content\/uploads\/2025\/01\/hcyy11112001-forklift-lifting-cylinder-1.webp 1512w, https:\/\/www.hydraulic-cylinders.net\/wp-content\/uploads\/2025\/01\/hcyy11112001-forklift-lifting-cylinder-1-1280x123.webp 1280w, https:\/\/www.hydraulic-cylinders.net\/wp-content\/uploads\/2025\/01\/hcyy11112001-forklift-lifting-cylinder-1-980x94.webp 980w, https:\/\/www.hydraulic-cylinders.net\/wp-content\/uploads\/2025\/01\/hcyy11112001-forklift-lifting-cylinder-1-480x46.webp 480w\" sizes=\"(min-width: 0px) and (max-width: 480px) 480px, (min-width: 481px) and (max-width: 980px) 980px, (min-width: 981px) and (max-width: 1280px) 1280px, (min-width: 1281px) 1512px, 100vw\" \/><\/strong><\/h1>\n<h1 style=\"text-align: center;\"><strong><img loading=\"lazy\" decoding=\"async\" class=\"alignnone size-full wp-image-16978\" src=\"https:\/\/www.hydraulic-cylinders.net\/wp-content\/uploads\/2025\/01\/hcyy11112001-forklift-lifting-cylinder-3.webp\" alt=\"\" width=\"1480\" height=\"709\" srcset=\"https:\/\/www.hydraulic-cylinders.net\/wp-content\/uploads\/2025\/01\/hcyy11112001-forklift-lifting-cylinder-3.webp 1480w, https:\/\/www.hydraulic-cylinders.net\/wp-content\/uploads\/2025\/01\/hcyy11112001-forklift-lifting-cylinder-3-1280x613.webp 1280w, https:\/\/www.hydraulic-cylinders.net\/wp-content\/uploads\/2025\/01\/hcyy11112001-forklift-lifting-cylinder-3-980x469.webp 980w, https:\/\/www.hydraulic-cylinders.net\/wp-content\/uploads\/2025\/01\/hcyy11112001-forklift-lifting-cylinder-3-480x230.webp 480w\" sizes=\"(min-width: 0px) and (max-width: 480px) 480px, (min-width: 481px) and (max-width: 980px) 980px, (min-width: 981px) and (max-width: 1280px) 1280px, (min-width: 1281px) 1480px, 100vw\" \/> <img loading=\"lazy\" decoding=\"async\" class=\"alignnone size-full wp-image-16979\" src=\"https:\/\/www.hydraulic-cylinders.net\/wp-content\/uploads\/2025\/01\/hcyy11112001-forklift-lifting-cylinder-4.webp\" alt=\"\" width=\"1480\" height=\"711\" srcset=\"https:\/\/www.hydraulic-cylinders.net\/wp-content\/uploads\/2025\/01\/hcyy11112001-forklift-lifting-cylinder-4.webp 1480w, https:\/\/www.hydraulic-cylinders.net\/wp-content\/uploads\/2025\/01\/hcyy11112001-forklift-lifting-cylinder-4-1280x615.webp 1280w, https:\/\/www.hydraulic-cylinders.net\/wp-content\/uploads\/2025\/01\/hcyy11112001-forklift-lifting-cylinder-4-980x471.webp 980w, https:\/\/www.hydraulic-cylinders.net\/wp-content\/uploads\/2025\/01\/hcyy11112001-forklift-lifting-cylinder-4-480x231.webp 480w\" sizes=\"(min-width: 0px) and (max-width: 480px) 480px, (min-width: 481px) and (max-width: 980px) 980px, (min-width: 981px) and (max-width: 1280px) 1280px, (min-width: 1281px) 1480px, 100vw\" \/> <img loading=\"lazy\" decoding=\"async\" class=\"alignnone size-full wp-image-16980\" src=\"https:\/\/www.hydraulic-cylinders.net\/wp-content\/uploads\/2025\/01\/hcyy11112001-forklift-lifting-cylinder-5.webp\" alt=\"\" width=\"1496\" height=\"772\" srcset=\"https:\/\/www.hydraulic-cylinders.net\/wp-content\/uploads\/2025\/01\/hcyy11112001-forklift-lifting-cylinder-5.webp 1496w, https:\/\/www.hydraulic-cylinders.net\/wp-content\/uploads\/2025\/01\/hcyy11112001-forklift-lifting-cylinder-5-1280x661.webp 1280w, https:\/\/www.hydraulic-cylinders.net\/wp-content\/uploads\/2025\/01\/hcyy11112001-forklift-lifting-cylinder-5-980x506.webp 980w, https:\/\/www.hydraulic-cylinders.net\/wp-content\/uploads\/2025\/01\/hcyy11112001-forklift-lifting-cylinder-5-480x248.webp 480w\" sizes=\"(min-width: 0px) and (max-width: 480px) 480px, (min-width: 481px) and (max-width: 980px) 980px, (min-width: 981px) and (max-width: 1280px) 1280px, (min-width: 1281px) 1496px, 100vw\" \/><\/strong><\/h1>\n<h2><\/h2>\n<h2><strong>Serija cilindrov za vili\u010darje:\u00a0<\/strong><\/h2>\n<h2><img loading=\"lazy\" decoding=\"async\" class=\"alignnone size-full wp-image-16971\" src=\"https:\/\/www.hydraulic-cylinders.net\/wp-content\/uploads\/2025\/01\/fork-lift-cylinder.webp\" alt=\"\" width=\"2004\" height=\"2529\" srcset=\"https:\/\/www.hydraulic-cylinders.net\/wp-content\/uploads\/2025\/01\/fork-lift-cylinder.webp 2004w, https:\/\/www.hydraulic-cylinders.net\/wp-content\/uploads\/2025\/01\/fork-lift-cylinder-1280x1615.webp 1280w, https:\/\/www.hydraulic-cylinders.net\/wp-content\/uploads\/2025\/01\/fork-lift-cylinder-980x1237.webp 980w, https:\/\/www.hydraulic-cylinders.net\/wp-content\/uploads\/2025\/01\/fork-lift-cylinder-480x606.webp 480w\" sizes=\"(min-width: 0px) and (max-width: 480px) 480px, (min-width: 481px) and (max-width: 980px) 980px, (min-width: 981px) and (max-width: 1280px) 1280px, (min-width: 1281px) 2004px, 100vw\" \/><\/h2>\n<h1><strong>Klju\u010dne zna\u010dilnosti nagibnega cilindra vili\u010darja HCYY11112001:<\/strong><\/h1>\n<h4><strong>1. Trpe\u017ena konstrukcija<\/strong><\/h4>\n<p>Nagibni cilinder za vili\u010dar HCYY11112001 je izdelan iz vrhunskih materialov in je zasnovan tako, da prenese te\u017eke pogoje uporabe in zahtevna okolja. Zaradi robustne konstrukcije je cilinder odporen na udarce, vibracije in ekstremne pogoje, zaradi \u010desar je zanesljiva izbira za vsako delovno okolje.<\/p>\n<h4><strong>2. Visoka nosilnost<\/strong><\/h4>\n<p>Ta nagibni cilinder je zasnovan z impresivno nosilnostjo in zagotavlja maksimalno stabilnost in varnost med dvigovanjem. Njegova sposobnost prena\u0161anja znatnih bremen pomeni, da mu lahko zaupate, da bo deloval zanesljivo, ne glede na to, ali zlagate palete v skladi\u0161\u010du ali dvigujete materiale na gradbi\u0161\u010du.<\/p>\n<h4><strong>3. Gladko delovanje<\/strong><\/h4>\n<p>HCYY11112001 ima napredno hidravli\u010dno zasnovo, ki omogo\u010da brezhibno nagibanje. To gladko delovanje izbolj\u0161a natan\u010dnost pri name\u0161\u010danju tovora in prispeva k ve\u010dji splo\u0161ni produktivnosti. Upravljavci lahko brez napora prilagodijo kot nagiba, kar omogo\u010da u\u010dinkovitej\u0161e ravnanje z razli\u010dnimi materiali.<\/p>\n<h4><strong>4. Odpornost proti koroziji<\/strong><\/h4>\n<p>Z posebej obdelanimi povr\u0161inami je HCYY11112001 zasnovan tako, da je odporen proti rjavenju in obrabi. Ta odpornost proti koroziji znatno podalj\u0161a \u017eivljenjsko dobo cilindra in zagotavlja optimalno delovanje tudi v vla\u017enih ali kemi\u010dno agresivnih okoljih. Na to komponento se lahko zanesete, da bo zanesljivo delovala \u0161e vrsto let.<\/p>\n<h4><strong>5. Enostavna namestitev<\/strong><\/h4>\n<p>HCYY11112001 je zasnovan za enostavno namestitev in zmanj\u0161uje izpade ter stro\u0161ke vzdr\u017eevanja. Intuitivna zasnova omogo\u010da hitro namestitev, tako da lahko svoj vili\u010dar brez nepotrebnih zamud ponovno uporabite. Ta enostavna namestitev pomeni manj te\u017eav in ve\u010djo produktivnost za va\u0161e poslovanje.<\/p>\n<h4><strong>6. Vsestranska zdru\u017eljivost<\/strong><\/h4>\n<p>HCYY11112001 je zasnovan tako, da je zdru\u017eljiv s \u0161iroko paleto modelov vili\u010darjev, zaradi \u010desar je vsestranska izbira za razli\u010dne aplikacije. Ta prilagodljivost omogo\u010da podjetjem, da nadgradijo svojo obstoje\u010do opremo, ne da bi se bali te\u017eav z zdru\u017eljivostjo, kar zagotavlja brezhibno integracijo v njihov vozni park.<\/p>\n<h4><strong>7. Izbolj\u0161ane varnostne funkcije<\/strong><\/h4>\n<p>Ta nagibni cilinder, opremljen z vgrajenimi varnostnimi mehanizmi, zagotavlja brezskrbnost med delovanjem. Njegova zasnova prepre\u010duje nepri\u010dakovane premike, zmanj\u0161uje tveganje nesre\u010d in zagotavlja, da tovor ostane varen. Dajanje prednosti varnosti pomaga ustvariti zanesljivej\u0161e delovno okolje.<\/p>\n<p>Z izbiro nagibnega cilindra za vili\u010dar HCYY11112001 imate koristi od izdelka, ki zdru\u017euje vzdr\u017eljivost, u\u010dinkovitost in varnost, kar zagotavlja nemoteno in u\u010dinkovito delovanje va\u0161ega vili\u010darja.<\/p>\n<h2><strong>Kako nagibni cilinder vili\u010darja izbolj\u0161a ravnanje s tovorom in operativno u\u010dinkovitost?<\/strong><\/h2>\n<p>Nagibni cilinder vili\u010darja spreminja na\u010din ravnanja s tovorom in pove\u010duje operativno u\u010dinkovitost. To dose\u017ee takole:<\/p>\n<h4>1. <strong>Natan\u010den nadzor<\/strong><\/h4>\n<p>Nagibni valj omogo\u010da upravljavcem fino nastavitev kota vilic, kar omogo\u010da natan\u010dno pozicioniranje tovora. Ta natan\u010dnost je bistvena za prepre\u010devanje padcev ali nepravilnih poravnav, zlasti pri delu s te\u017ekimi ali krhkimi predmeti. Predstavljajte si, da bi tovor postavili to\u010dno tja, kamor mora iti \u2013 ta nadzor pove\u010da varnost in zmanj\u0161a tveganje za drago \u0161kodo.<\/p>\n<h4>2. <strong>Izbolj\u0161ana stabilnost<\/strong><\/h4>\n<p>Cilinder pomaga ohranjati ni\u017eje te\u017ei\u0161\u010de tovora, saj omogo\u010da upravljavcem nagibanje vilic. Ta pove\u010dana stabilnost je klju\u010dnega pomena med dvigovanjem in prevozom, zlasti v prometnih okoljih ali na neravnih povr\u0161inah. Z bolj\u0161o stabilnostjo se mo\u017enosti prevra\u010danja ali zibanja znatno zmanj\u0161ajo, kar upravljavcem daje samozavest pri vsakem manevru.<\/p>\n<h4>3. <strong>U\u010dinkovito zlaganje<\/strong><\/h4>\n<p>Mo\u017enost nagibanja vilic omogo\u010da u\u010dinkovitej\u0161e zlaganje palet in materialov. Ta zmogljivost je \u0161e posebej koristna pri maksimiranju vertikalnega skladi\u0161\u010dnega prostora v skladi\u0161\u010dih ali distribucijskih centrih. Operaterji lahko enostavno manevrirajo s tovori v ozke prostore, kar najbolje izkoristijo vsak centimeter razpolo\u017eljivega prostora in izbolj\u0161ajo splo\u0161no organizacijo skladi\u0161\u010da.<\/p>\n<h4>4. <strong>Zmanj\u0161ana obremenitev operaterja<\/strong><\/h4>\n<p>Dobro zasnovan nagibni cilinder zmanj\u0161uje fizi\u010dni napor operaterjev, saj omogo\u010da optimalno pozicioniranje bremen z minimalnim ro\u010dnim posredovanjem. Ta ergonomska prednost ne le zmanj\u0161uje utrujenost operaterja, temve\u010d tudi znatno zmanj\u0161uje tveganje za po\u0161kodbe na delovnem mestu. Z ve\u010djim udobjem omogo\u010da operaterjem, da se osredoto\u010dijo na trenutno nalogo, kar pove\u010duje produktivnost.<\/p>\n<h4>5. <strong>Pospe\u0161ene operacije<\/strong><\/h4>\n<p>Z gladkimi in hitrimi nastavitvami, ki jih omogo\u010dajo nagibni cilindri, postanejo postopki nakladanja in razkladanja izjemno hitrej\u0161i. Ta u\u010dinkovitost pomeni kraj\u0161e \u010dase obdelave, kar je klju\u010dnega pomena v okoljih z visokimi zahtevami. Predstavljajte si, koliko ve\u010d bi lahko dosegli v eni izmeni, ko \u0161teje vsaka sekunda!<\/p>\n<h4>6. <strong>Vsestranskost pri upravljanju<\/strong><\/h4>\n<p>Nagibni cilindri omogo\u010dajo vili\u010darjem upravljanje najrazli\u010dnej\u0161ih tovorov, vklju\u010dno s tistimi z edinstvenimi oblikami ali velikostmi. Ta vsestranskost odpravlja potrebo po specializirani opremi za razli\u010dne naloge, kar podjetjem omogo\u010da hitro prilagajanje spreminjajo\u010dim se zahtevam. Ne glede na to, ali dvigujete palete, kontejnerje ali materiale nerodnih oblik, nagibni cilinder zagotavlja nemoteno delovanje.<\/p>\n<h4>7. <strong>Izbolj\u0161ane varnostne funkcije<\/strong><\/h4>\n<p>\u0160tevilni sodobni nagibni cilindri so opremljeni z vgrajenimi varnostnimi mehanizmi, ki prepre\u010dujejo nepri\u010dakovane premike. Ta dodatna plast varnosti daje upravljavcem brezskrbnost, saj vedo, da so tovori med prevozom varni. Varnej\u0161e delovno okolje izbolj\u0161a splo\u0161no moralo ekipe in pove\u010da operativno u\u010dinkovitost.<\/p>\n<p>Skratka, nagibni cilinder vili\u010darja ni le komponenta; je prelomnica pri ravnanju z materiali. Z izbolj\u0161anjem natan\u010dnosti, stabilnosti in vsestranskosti omogo\u010da upravljavcem, da svoja dela opravljajo u\u010dinkoviteje in varneje. Nalo\u017eba v visokokakovostne nagibne cilindre, kot je HCYY11112001, lahko znatno izbolj\u0161a produktivnost in varnost na delovnem mestu, zaradi \u010desar so neprecenljiva prednost za vsako operacijo.<\/p>\n<h2><strong>Proizvodno obmo\u010dje valjev za vili\u010darje:<\/strong><\/h2>\n<h2><img loading=\"lazy\" decoding=\"async\" class=\"alignnone size-full wp-image-16972\" src=\"https:\/\/www.hydraulic-cylinders.net\/wp-content\/uploads\/2025\/01\/hydraulic-cylinder-factory-1-scaled.webp\" alt=\"\" width=\"2016\" height=\"2560\" srcset=\"https:\/\/www.hydraulic-cylinders.net\/wp-content\/uploads\/2025\/01\/hydraulic-cylinder-factory-1-scaled.webp 2016w, https:\/\/www.hydraulic-cylinders.net\/wp-content\/uploads\/2025\/01\/hydraulic-cylinder-factory-1-1280x1625.webp 1280w, https:\/\/www.hydraulic-cylinders.net\/wp-content\/uploads\/2025\/01\/hydraulic-cylinder-factory-1-980x1244.webp 980w, https:\/\/www.hydraulic-cylinders.net\/wp-content\/uploads\/2025\/01\/hydraulic-cylinder-factory-1-480x610.webp 480w\" sizes=\"(min-width: 0px) and (max-width: 480px) 480px, (min-width: 481px) and (max-width: 980px) 980px, (min-width: 981px) and (max-width: 1280px) 1280px, (min-width: 1281px) 2016px, 100vw\" \/><\/h2>\n<p>Imamo prvovrstno neodvisno platformo za raziskave in razvoj za monta\u017eo. Delavnica za proizvodnjo valjev za vili\u010darje ima \u0161tiri polavtomatske monta\u017ene linije za dvi\u017ene valje in popolnoma avtomatsko monta\u017eno linijo za nagibne valje z letno proizvodno zmogljivostjo milijona kosov. Delavnica za posebne valje ima polavtomatske \u010distilne in monta\u017ene sisteme razli\u010dnih specifikacij z letno proizvodno zmogljivostjo 200.000 kosov. Opremljena je z znanimi blagovnimi znamkami CNC obdelovalnih strojev, obdelovalnih centrov, posebne opreme za visoko precizno obdelavo valjev, robotskih varilnih strojev, avtomatskih \u010distilnih strojev, avtomatskih strojev za monta\u017eo valjev in avtomatskih proizvodnih linij za barvanje. Imamo ve\u010d kot 300 kompletov klju\u010dne opreme, ki deluje. Optimizirana dodelitev in u\u010dinkovita izraba opremnih virov zagotavljata natan\u010dnost izdelkov in izpolnjujeta visoke standarde kakovosti izdelkov.<\/p>\n<p>Strojna delavnica je opremljena s centri za stru\u017eenje vodilnih tirnic po meri, obdelovalnimi centri, visokohitrostnimi stroji za honanje, varilnimi roboti in drugo ustrezno opremo, ki lahko obdeluje cilindri\u010dne cevi z najve\u010djim notranjim premerom 400 mm in najve\u010djo dol\u017eino 6 metrov.<\/p>\n<h2><img loading=\"lazy\" decoding=\"async\" class=\"alignnone size-full wp-image-16973\" src=\"https:\/\/www.hydraulic-cylinders.net\/wp-content\/uploads\/2025\/01\/hydraulic-cylinder-factory-2-scaled.webp\" alt=\"\" width=\"2011\" height=\"2560\" srcset=\"https:\/\/www.hydraulic-cylinders.net\/wp-content\/uploads\/2025\/01\/hydraulic-cylinder-factory-2-scaled.webp 2011w, https:\/\/www.hydraulic-cylinders.net\/wp-content\/uploads\/2025\/01\/hydraulic-cylinder-factory-2-1280x1629.webp 1280w, https:\/\/www.hydraulic-cylinders.net\/wp-content\/uploads\/2025\/01\/hydraulic-cylinder-factory-2-980x1248.webp 980w, https:\/\/www.hydraulic-cylinders.net\/wp-content\/uploads\/2025\/01\/hydraulic-cylinder-factory-2-480x611.webp 480w\" sizes=\"(min-width: 0px) and (max-width: 480px) 480px, (min-width: 481px) and (max-width: 980px) 980px, (min-width: 981px) and (max-width: 1280px) 1280px, (min-width: 1281px) 2011px, 100vw\" \/><\/h2>\n<p>Imamo popolnoma avtomatsko linijo za barvanje na vodni osnovi za majhne in srednje velike valje, ki omogo\u010da avtomatsko nalaganje in razkladanje ter avtomatske robote za brizganje z na\u010drtovano proizvodno zmogljivostjo 4000 mest na izmeno. Imamo \u0161e eno polavtomatsko linijo za barvanje velikih valjev, ki jo poganja veriga, z na\u010drtovano zmogljivostjo 60 zabojev na izmeno.<\/p>\n<p>Za nadaljnje izbolj\u0161anje delovanja izdelkov in vzpostavitev vodilnega polo\u017eaja na\u0161ih hidravli\u010dnih cilindrov v panogi sta na\u0161e podjetje in zjimee skupaj ustanovila celovit laboratorij za hidravli\u010dne cilindre, hidravli\u010dne ventile in hidravli\u010dne \u010drpalke; laboratorij izvaja ra\u010dunalni\u0161ko podprto testiranje z uporabo elektrohidravli\u010dne tehnologije, preskusne pogoje pa vnaprej nastavi ra\u010dunalnik, kar izbolj\u0161a natan\u010dnost preskusa in vsestranskost sistema, ter eksperimentalne podatke.<\/p>\n<p>Samodejno zbiranje se izvaja z uporabo senzorjev, izhodni podatki, kot so notranje pu\u0161\u010danje in obremenitvena u\u010dinkovitost valja ali ventila, pa se neposredno obdelajo v ra\u010dunalniku in pretvorijo v standardne enote (ml\/min%). Hkrati se za zagotovitev varnosti delovanja hidravli\u010dnega sistema izvaja funkcija spremljanja stanja klju\u010dnih parametrov delovanja, kot so \u00bbspremljanje temperature olja, spremljanje nivoja teko\u010dine, spremljanje filtrirne naprave\u00ab itd. Med njimi lahko preskusna naprava hidravli\u010dnega valja preizkusi delovanje \u00bbobremenitve\u00ab.<br \/>\nu\u010dinkovitost \u00bbin\u00ab notranje pu\u0161\u010danje z od\u010ditki. Hkrati je opremljen z merilnim instrumentom v obliki re\u0161etke, ki izpolnjuje zahteve vseh preskusnih elementov hidravli\u010dnih cilindrov v skladu z nacionalnim standardom.<\/p>","protected":false},"excerpt":{"rendered":"<p>HCYY11112001 Forklift Tilt Cylinder The HCYY11112001 Forklift Tilt Cylinder is an essential powerhouse for any forklift, significantly boosting operational efficiency. This high-performance tilt cylinder ensures smooth and precise tilting of the fork arms, allowing operators to maneuver loads effortlessly and accurately. Whether you&#8217;re in a bustling warehouse, on a construction site, or managing a distribution [&hellip;]<\/p>","protected":false},"featured_media":16981,"comment_status":"open","ping_status":"closed","template":"","meta":{"_et_pb_use_builder":"","_et_pb_old_content":"","_et_gb_content_width":""},"product_brand":[],"product_cat":[1550,1484,1376],"product_tag":[],"class_list":{"0":"post-16975","1":"product","2":"type-product","3":"status-publish","4":"has-post-thumbnail","6":"product_cat-double-acting-hydraulic-cylinder","7":"product_cat-forklift-hydraulic-cylinders","8":"product_cat-hydraulic-cylinder","10":"first","11":"instock","12":"shipping-taxable","13":"product-type-simple"},"amp_enabled":true,"_links":{"self":[{"href":"https:\/\/www.hydraulic-cylinders.net\/sl\/wp-json\/wp\/v2\/product\/16975","targetHints":{"allow":["GET"]}}],"collection":[{"href":"https:\/\/www.hydraulic-cylinders.net\/sl\/wp-json\/wp\/v2\/product"}],"about":[{"href":"https:\/\/www.hydraulic-cylinders.net\/sl\/wp-json\/wp\/v2\/types\/product"}],"replies":[{"embeddable":true,"href":"https:\/\/www.hydraulic-cylinders.net\/sl\/wp-json\/wp\/v2\/comments?post=16975"}],"wp:featuredmedia":[{"embeddable":true,"href":"https:\/\/www.hydraulic-cylinders.net\/sl\/wp-json\/wp\/v2\/media\/16981"}],"wp:attachment":[{"href":"https:\/\/www.hydraulic-cylinders.net\/sl\/wp-json\/wp\/v2\/media?parent=16975"}],"wp:term":[{"taxonomy":"product_brand","embeddable":true,"href":"https:\/\/www.hydraulic-cylinders.net\/sl\/wp-json\/wp\/v2\/product_brand?post=16975"},{"taxonomy":"product_cat","embeddable":true,"href":"https:\/\/www.hydraulic-cylinders.net\/sl\/wp-json\/wp\/v2\/product_cat?post=16975"},{"taxonomy":"product_tag","embeddable":true,"href":"https:\/\/www.hydraulic-cylinders.net\/sl\/wp-json\/wp\/v2\/product_tag?post=16975"}],"curies":[{"name":"delovni list","href":"https:\/\/api.w.org\/{rel}","templated":true}]}}