{"id":16982,"date":"2025-01-21T08:46:17","date_gmt":"2025-01-21T08:46:17","guid":{"rendered":"https:\/\/www.hydraulic-cylinders.net\/?post_type=product&#038;p=16982"},"modified":"2025-04-11T03:15:39","modified_gmt":"2025-04-11T03:15:39","slug":"hcyy11112002-forklift-steering-cylinder","status":"publish","type":"product","link":"https:\/\/www.hydraulic-cylinders.net\/sl\/izdelek\/hcyy11112002-forklift-steering-cylinder\/","title":{"rendered":"HCYY11112002 Krmilni valj vili\u010darja"},"content":{"rendered":"<h1 style=\"text-align: center;\"><strong>HCYY11112002 Krmilni valj vili\u010darja\u00a0<\/strong><\/h1>\n<h1 style=\"text-align: center;\"><strong><img loading=\"lazy\" decoding=\"async\" class=\"alignnone size-full wp-image-16984\" src=\"https:\/\/www.hydraulic-cylinders.net\/wp-content\/uploads\/2025\/01\/hcyy11112002-forklift-lifting-cylinder-2.webp\" alt=\"\" width=\"1496\" height=\"517\" srcset=\"https:\/\/www.hydraulic-cylinders.net\/wp-content\/uploads\/2025\/01\/hcyy11112002-forklift-lifting-cylinder-2.webp 1496w, https:\/\/www.hydraulic-cylinders.net\/wp-content\/uploads\/2025\/01\/hcyy11112002-forklift-lifting-cylinder-2-1280x442.webp 1280w, https:\/\/www.hydraulic-cylinders.net\/wp-content\/uploads\/2025\/01\/hcyy11112002-forklift-lifting-cylinder-2-980x339.webp 980w, https:\/\/www.hydraulic-cylinders.net\/wp-content\/uploads\/2025\/01\/hcyy11112002-forklift-lifting-cylinder-2-480x166.webp 480w\" sizes=\"(min-width: 0px) and (max-width: 480px) 480px, (min-width: 481px) and (max-width: 980px) 980px, (min-width: 981px) and (max-width: 1280px) 1280px, (min-width: 1281px) 1496px, 100vw\" \/> <\/strong><\/h1>\n<p>Krmilni valj vili\u010darja HCYY11112002 je klju\u010dna komponenta, ki znatno izbolj\u0161a manevriranje in nadzor vili\u010darjev v razli\u010dnih operativnih okoljih. Ta krmilni valj, izdelan za u\u010dinkovitost in zanesljivost, omogo\u010da upravljavcem enostavno navigacijo v tesnih prostorih in upravljanje te\u017ekih bremen.<\/p>\n<p>Kot bistveni del vsakega delovanja vili\u010darja ponuja HCYY11112002 robustno konstrukcijo, izjemno odzivnost in enostavno vzdr\u017eevanje, zaradi \u010desar je idealna izbira za podjetja, ki \u017eelijo izbolj\u0161ati svoje zmogljivosti ravnanja z materiali. Z upo\u0161tevanjem pravilnih praks uporabe in vzdr\u017eevanja lahko zagotovite nemoteno in u\u010dinkovito delovanje volanskega cilindra, kar vodi do varnej\u0161ega in u\u010dinkovitej\u0161ega delovanja.<\/p>\n<p>Vlaganje v visokokakovostne komponente, kot je HCYY11112002, ne le pove\u010da produktivnost, temve\u010d tudi izbolj\u0161a splo\u0161no varnost va\u0161e delovne sile. Izkusite razliko, ki jo lahko zanesljivo krmiljenje naredi in preoblikuje va\u0161o operativno u\u010dinkovitost \u0161e danes!<\/p>\n<h2><strong>Parameter krmilnega cilindra vili\u010darja HCYY11112002:<\/strong><\/h2>\n<h1 style=\"text-align: center;\"><strong><img loading=\"lazy\" decoding=\"async\" class=\"alignnone size-full wp-image-16983\" src=\"https:\/\/www.hydraulic-cylinders.net\/wp-content\/uploads\/2025\/01\/hcyy11112002-forklift-lifting-cylinder-1.webp\" alt=\"\" width=\"1514\" height=\"142\" srcset=\"https:\/\/www.hydraulic-cylinders.net\/wp-content\/uploads\/2025\/01\/hcyy11112002-forklift-lifting-cylinder-1.webp 1514w, https:\/\/www.hydraulic-cylinders.net\/wp-content\/uploads\/2025\/01\/hcyy11112002-forklift-lifting-cylinder-1-1280x120.webp 1280w, https:\/\/www.hydraulic-cylinders.net\/wp-content\/uploads\/2025\/01\/hcyy11112002-forklift-lifting-cylinder-1-980x92.webp 980w, https:\/\/www.hydraulic-cylinders.net\/wp-content\/uploads\/2025\/01\/hcyy11112002-forklift-lifting-cylinder-1-480x45.webp 480w\" sizes=\"(min-width: 0px) and (max-width: 480px) 480px, (min-width: 481px) and (max-width: 980px) 980px, (min-width: 981px) and (max-width: 1280px) 1280px, (min-width: 1281px) 1514px, 100vw\" \/><\/strong><\/h1>\n<h1 style=\"text-align: center;\"><strong><img loading=\"lazy\" decoding=\"async\" class=\"alignnone size-full wp-image-16985\" src=\"https:\/\/www.hydraulic-cylinders.net\/wp-content\/uploads\/2025\/01\/hcyy11112002-forklift-lifting-cylinder-3.webp\" alt=\"\" width=\"1479\" height=\"707\" srcset=\"https:\/\/www.hydraulic-cylinders.net\/wp-content\/uploads\/2025\/01\/hcyy11112002-forklift-lifting-cylinder-3.webp 1479w, https:\/\/www.hydraulic-cylinders.net\/wp-content\/uploads\/2025\/01\/hcyy11112002-forklift-lifting-cylinder-3-1280x612.webp 1280w, https:\/\/www.hydraulic-cylinders.net\/wp-content\/uploads\/2025\/01\/hcyy11112002-forklift-lifting-cylinder-3-980x468.webp 980w, https:\/\/www.hydraulic-cylinders.net\/wp-content\/uploads\/2025\/01\/hcyy11112002-forklift-lifting-cylinder-3-480x229.webp 480w\" sizes=\"(min-width: 0px) and (max-width: 480px) 480px, (min-width: 481px) and (max-width: 980px) 980px, (min-width: 981px) and (max-width: 1280px) 1280px, (min-width: 1281px) 1479px, 100vw\" \/> <img loading=\"lazy\" decoding=\"async\" class=\"alignnone size-full wp-image-16986\" src=\"https:\/\/www.hydraulic-cylinders.net\/wp-content\/uploads\/2025\/01\/hcyy11112002-forklift-lifting-cylinder-4.webp\" alt=\"\" width=\"1477\" height=\"710\" srcset=\"https:\/\/www.hydraulic-cylinders.net\/wp-content\/uploads\/2025\/01\/hcyy11112002-forklift-lifting-cylinder-4.webp 1477w, https:\/\/www.hydraulic-cylinders.net\/wp-content\/uploads\/2025\/01\/hcyy11112002-forklift-lifting-cylinder-4-1280x615.webp 1280w, https:\/\/www.hydraulic-cylinders.net\/wp-content\/uploads\/2025\/01\/hcyy11112002-forklift-lifting-cylinder-4-980x471.webp 980w, https:\/\/www.hydraulic-cylinders.net\/wp-content\/uploads\/2025\/01\/hcyy11112002-forklift-lifting-cylinder-4-480x231.webp 480w\" sizes=\"(min-width: 0px) and (max-width: 480px) 480px, (min-width: 481px) and (max-width: 980px) 980px, (min-width: 981px) and (max-width: 1280px) 1280px, (min-width: 1281px) 1477px, 100vw\" \/> <img loading=\"lazy\" decoding=\"async\" class=\"alignnone size-full wp-image-16987\" src=\"https:\/\/www.hydraulic-cylinders.net\/wp-content\/uploads\/2025\/01\/hcyy11112002-forklift-lifting-cylinder-5.webp\" alt=\"\" width=\"1495\" height=\"730\" srcset=\"https:\/\/www.hydraulic-cylinders.net\/wp-content\/uploads\/2025\/01\/hcyy11112002-forklift-lifting-cylinder-5.webp 1495w, https:\/\/www.hydraulic-cylinders.net\/wp-content\/uploads\/2025\/01\/hcyy11112002-forklift-lifting-cylinder-5-1280x625.webp 1280w, https:\/\/www.hydraulic-cylinders.net\/wp-content\/uploads\/2025\/01\/hcyy11112002-forklift-lifting-cylinder-5-980x479.webp 980w, https:\/\/www.hydraulic-cylinders.net\/wp-content\/uploads\/2025\/01\/hcyy11112002-forklift-lifting-cylinder-5-480x234.webp 480w\" sizes=\"(min-width: 0px) and (max-width: 480px) 480px, (min-width: 481px) and (max-width: 980px) 980px, (min-width: 981px) and (max-width: 1280px) 1280px, (min-width: 1281px) 1495px, 100vw\" \/><\/strong><\/h1>\n<h1 style=\"text-align: center;\"><\/h1>\n<h2>\u00a0<strong>Serija cilindrov za vili\u010darje:\u00a0<\/strong><\/h2>\n<h2><img loading=\"lazy\" decoding=\"async\" class=\"alignnone size-full wp-image-16971\" src=\"https:\/\/www.hydraulic-cylinders.net\/wp-content\/uploads\/2025\/01\/fork-lift-cylinder.webp\" alt=\"\" width=\"2004\" height=\"2529\" srcset=\"https:\/\/www.hydraulic-cylinders.net\/wp-content\/uploads\/2025\/01\/fork-lift-cylinder.webp 2004w, https:\/\/www.hydraulic-cylinders.net\/wp-content\/uploads\/2025\/01\/fork-lift-cylinder-1280x1615.webp 1280w, https:\/\/www.hydraulic-cylinders.net\/wp-content\/uploads\/2025\/01\/fork-lift-cylinder-980x1237.webp 980w, https:\/\/www.hydraulic-cylinders.net\/wp-content\/uploads\/2025\/01\/fork-lift-cylinder-480x606.webp 480w\" sizes=\"(min-width: 0px) and (max-width: 480px) 480px, (min-width: 481px) and (max-width: 980px) 980px, (min-width: 981px) and (max-width: 1280px) 1280px, (min-width: 1281px) 2004px, 100vw\" \/><\/h2>\n<h2><strong>Klju\u010dne zna\u010dilnosti krmilnega cilindra vili\u010darja HCYY11112002:<\/strong><\/h2>\n<ul>\n<li><strong>Trpe\u017ena konstrukcija<\/strong>Izdelan iz vrhunskih materialov, je HCYY11112002 zasnovan tako, da prenese zahteve te\u017ekih operacij in te\u017ekih delovnih pogojev. Njegova robustna zasnova zagotavlja izjemno dolgo \u017eivljenjsko dobo in zanesljivost ter zmanj\u0161uje potrebo po pogostih zamenjavah.<\/li>\n<li><strong>Visoka odzivnost<\/strong>Izkusite neprimerljiv nadzor s tem volanskim cilindrom, ki zagotavlja hitre in natan\u010dne odzive krmiljenja. Vozniki lahko brez napora krmarijo skozi ozke ovinke in kompleksne terene, kar ima za posledico bolj gladko obra\u010danje in izbolj\u0161ano rokovanje s tovorom. Ta odzivnost ne le pove\u010da u\u010dinkovitost, temve\u010d tudi pove\u010da splo\u0161no varnost.<\/li>\n<li><strong>Odpornost proti koroziji<\/strong>HCYY11112002 ima posebej obdelane povr\u0161ine, ki so odporne proti rjavenju in obrabi. Ta lastnost odpornosti proti koroziji podalj\u0161a \u017eivljenjsko dobo cilindra in ohranja optimalno delovanje, tudi v okoljih, izpostavljenih vlagi ali agresivnim kemikalijam.<\/li>\n<li><strong>Enostavna namestitev<\/strong>HCYY11112002 je zasnovan z udobjem za uporabnika in omogo\u010da enostavno namestitev. Njegov intuitiven postopek nastavitve zmanj\u0161uje \u010das izpada, kar omogo\u010da hitre zamenjave in popravila. Ta funkcija pomeni manj motenj v va\u0161em delovanju in ve\u010d \u010dasa za produktivnost.<\/li>\n<li><strong>\u0160iroka zdru\u017eljivost<\/strong>Vsestranskost je za\u0161\u010ditni znak modela HCYY11112002. Ta krmilni valj, zasnovan tako, da ustreza razli\u010dnim modelom vili\u010darjev, se brezhibno prilagaja razli\u010dnim sistemom, zaradi \u010desar je idealna izbira za razli\u010dna podjetja. Ne glede na to, ali upravljate en sam tip vili\u010darja ali celoten vozni park, ta komponenta z lahkoto izpolnjuje va\u0161e razli\u010dne potrebe.<\/li>\n<li><strong>Izbolj\u0161ane varnostne funkcije<\/strong>Z vgrajenimi naprednimi varnostnimi mehanizmi HCYY11112002 zagotavlja stabilno delovanje v razli\u010dnih pogojih. Ta dodatna plast varnosti \u0161\u010diti tako upravljavce kot bremena, kar \u0161e dodatno izbolj\u0161uje celotno delovno okolje.<\/li>\n<li><strong>Nizke zahteve glede vzdr\u017eevanja<\/strong>HCYY11112002 je zasnovan za vzdr\u017eljivost in u\u010dinkovitost ter zahteva minimalno vzdr\u017eevanje. Redni pregledi in ob\u010dasno mazanje zagotavljajo njegovo optimalno delovanje, kar va\u0161i ekipi omogo\u010da, da se osredoto\u010di na svoje naloge, ne da bi vas skrbelo pogosto servisiranje.<\/li>\n<\/ul>\n<p>Z izbiro krmilnega cilindra za vili\u010dar HCYY11112002 investirate v izdelek, ki izbolj\u0161a operativno u\u010dinkovitost in prispeva k varnej\u0161emu in produktivnej\u0161emu delovnemu mestu. Izkusite razliko, ki jo lahko te napredne funkcije naredijo pri va\u0161em ravnanju z materiali!<\/p>\n<h2><strong>Kateri so znaki, da je treba zamenjati krmilni valj vili\u010darja?<\/strong><\/h2>\n<p>Dobro delujo\u010d krmilni valj je klju\u010dnega pomena za varno delovanje va\u0161ega vili\u010darja. Tukaj je nekaj znakov, da je morda \u010das za zamenjavo:<\/p>\n<ol>\n<li><strong>Pu\u0161\u010danje hidravli\u010dne teko\u010dine<\/strong><br \/>\n\u010ce pod vili\u010darjem opazite lu\u017ee hidravli\u010dne teko\u010dine, je to rde\u010da zastavica. Pu\u0161\u010danje ka\u017ee na to, da so tesnila v volanskem cilindru morda obrabljena ali po\u0161kodovana, kar ogro\u017ea celovitost sistema.<\/li>\n<li><strong>Te\u017eave s krmiljenjem<\/strong><br \/>\nTe\u017eave pri obra\u010danju volana ali ob\u010dutek mo\u010dnega upora lahko ka\u017eejo na morebitne te\u017eave. Odziven krmilni sistem je bistvenega pomena za u\u010dinkovitost in varnost, zato teh simptomov ne prezrite.<\/li>\n<li><strong>Nenavadni zvoki<\/strong><br \/>\nMed delovanjem bodite pozorni na morebitne \u0161kripajo\u010de, cvile\u010de ali ropotajo\u010de zvoke. Ti zvoki lahko ka\u017eejo na mehansko obrabo ali nepravilno poravnavo volanskega cilindra, kar lahko povzro\u010di resnej\u0161e te\u017eave, \u010de jih ne odpravite.<\/li>\n<li><strong>Obrabljena tesnila in pu\u0161e<\/strong><br \/>\nRedno pregledujte tesnila in pu\u0161e glede znakov obrabe. Razpoke ali obraba lahko povzro\u010dijo pu\u0161\u010danje in zmanj\u0161ano delovanje, zato je pravo\u010dasna zamenjava klju\u010dnega pomena.<\/li>\n<li><strong>Nedosledno gibanje<\/strong><br \/>\n\u010ce se krmiljenje va\u0161ega vili\u010darja zdi sunkovito ali nestabilno, lahko to ka\u017ee na te\u017eave s hidravli\u010dnim cilindrom. Gladko krmiljenje je klju\u010dnega pomena za natan\u010dno manevriranje, zlasti v tesnih prostorih.<\/li>\n<li><strong>Prekomerna igra<\/strong><br \/>\nOpazno pove\u010danje zra\u010dnosti ali zra\u010dnosti volana lahko ka\u017ee na okvaro volanskega cilindra. To lahko vpliva na va\u0161 nadzor in pove\u010da tveganje za nesre\u010de.<\/li>\n<li><strong>Opozorilne lu\u010dke<\/strong><br \/>\nMnogi sodobni vili\u010darji imajo diagnosti\u010dne sisteme, ki vas opozarjajo na morebitne te\u017eave. \u010ce opazite opozorilno lu\u010dko, povezano s krmiljenjem, jo \u200b\u200bvzemite resno in nemudoma preverite zadevo.<\/li>\n<\/ol>\n<p>\u010ce boste te znake obravnavali proaktivno, se lahko izognete dragim popravilom in nevarnim delovnim pogojem. Redno vzdr\u017eevanje in pravo\u010dasne zamenjave zagotavljajo, da bo va\u0161 vili\u010dar ostal zanesljiv in u\u010dinkovit. \u010ce opazite katerega od teh simptomov, se posvetujte s strokovnjakom, da ocenite situacijo in razmislite o zamenjavi volanskega cilindra za optimalno delovanje. Od tega sta odvisni va\u0161a varnost in produktivnost!<\/p>\n<h2><strong>Proizvodno obmo\u010dje valjev za vili\u010darje:<\/strong><\/h2>\n<h2><img loading=\"lazy\" decoding=\"async\" class=\"alignnone size-full wp-image-16972\" src=\"https:\/\/www.hydraulic-cylinders.net\/wp-content\/uploads\/2025\/01\/hydraulic-cylinder-factory-1-scaled.webp\" alt=\"\" width=\"2016\" height=\"2560\" srcset=\"https:\/\/www.hydraulic-cylinders.net\/wp-content\/uploads\/2025\/01\/hydraulic-cylinder-factory-1-scaled.webp 2016w, https:\/\/www.hydraulic-cylinders.net\/wp-content\/uploads\/2025\/01\/hydraulic-cylinder-factory-1-1280x1625.webp 1280w, https:\/\/www.hydraulic-cylinders.net\/wp-content\/uploads\/2025\/01\/hydraulic-cylinder-factory-1-980x1244.webp 980w, https:\/\/www.hydraulic-cylinders.net\/wp-content\/uploads\/2025\/01\/hydraulic-cylinder-factory-1-480x610.webp 480w\" sizes=\"(min-width: 0px) and (max-width: 480px) 480px, (min-width: 481px) and (max-width: 980px) 980px, (min-width: 981px) and (max-width: 1280px) 1280px, (min-width: 1281px) 2016px, 100vw\" \/><\/h2>\n<p>Imamo prvovrstno neodvisno platformo za raziskave in razvoj za monta\u017eo. Delavnica za proizvodnjo valjev za vili\u010darje ima \u0161tiri polavtomatske monta\u017ene linije za dvi\u017ene valje in popolnoma avtomatsko monta\u017eno linijo za nagibne valje z letno proizvodno zmogljivostjo milijona kosov. Delavnica za posebne valje ima polavtomatske \u010distilne in monta\u017ene sisteme razli\u010dnih specifikacij z letno proizvodno zmogljivostjo 200.000 kosov. Opremljena je z znanimi blagovnimi znamkami CNC obdelovalnih strojev, obdelovalnih centrov, posebne opreme za visoko precizno obdelavo valjev, robotskih varilnih strojev, avtomatskih \u010distilnih strojev, avtomatskih strojev za monta\u017eo valjev in avtomatskih proizvodnih linij za barvanje. Imamo ve\u010d kot 300 kompletov klju\u010dne opreme, ki deluje. Optimizirana dodelitev in u\u010dinkovita izraba opremnih virov zagotavljata natan\u010dnost izdelkov in izpolnjujeta visoke standarde kakovosti izdelkov.<\/p>\n<p>Strojna delavnica je opremljena s centri za stru\u017eenje vodilnih tirnic po meri, obdelovalnimi centri, visokohitrostnimi stroji za honanje, varilnimi roboti in drugo ustrezno opremo, ki lahko obdeluje cilindri\u010dne cevi z najve\u010djim notranjim premerom 400 mm in najve\u010djo dol\u017eino 6 metrov.<\/p>\n<h2><img loading=\"lazy\" decoding=\"async\" class=\"alignnone size-full wp-image-16973\" src=\"https:\/\/www.hydraulic-cylinders.net\/wp-content\/uploads\/2025\/01\/hydraulic-cylinder-factory-2-scaled.webp\" alt=\"\" width=\"2011\" height=\"2560\" srcset=\"https:\/\/www.hydraulic-cylinders.net\/wp-content\/uploads\/2025\/01\/hydraulic-cylinder-factory-2-scaled.webp 2011w, https:\/\/www.hydraulic-cylinders.net\/wp-content\/uploads\/2025\/01\/hydraulic-cylinder-factory-2-1280x1629.webp 1280w, https:\/\/www.hydraulic-cylinders.net\/wp-content\/uploads\/2025\/01\/hydraulic-cylinder-factory-2-980x1248.webp 980w, https:\/\/www.hydraulic-cylinders.net\/wp-content\/uploads\/2025\/01\/hydraulic-cylinder-factory-2-480x611.webp 480w\" sizes=\"(min-width: 0px) and (max-width: 480px) 480px, (min-width: 481px) and (max-width: 980px) 980px, (min-width: 981px) and (max-width: 1280px) 1280px, (min-width: 1281px) 2011px, 100vw\" \/><\/h2>\n<p>Imamo popolnoma avtomatsko linijo za barvanje na vodni osnovi za majhne in srednje velike valje, ki omogo\u010da avtomatsko nalaganje in razkladanje ter avtomatske robote za brizganje z na\u010drtovano proizvodno zmogljivostjo 4000 mest na izmeno. Imamo \u0161e eno polavtomatsko linijo za barvanje velikih valjev, ki jo poganja veriga, z na\u010drtovano zmogljivostjo 60 zabojev na izmeno.<\/p>\n<p>Za nadaljnje izbolj\u0161anje delovanja izdelkov in vzpostavitev vodilnega polo\u017eaja na\u0161ih hidravli\u010dnih cilindrov v panogi sta na\u0161e podjetje in zjimee skupaj ustanovila celovit laboratorij za hidravli\u010dne cilindre, hidravli\u010dne ventile in hidravli\u010dne \u010drpalke; laboratorij izvaja ra\u010dunalni\u0161ko podprto testiranje z uporabo elektrohidravli\u010dne tehnologije, preskusne pogoje pa vnaprej nastavi ra\u010dunalnik, kar izbolj\u0161a natan\u010dnost preskusa in vsestranskost sistema, ter eksperimentalne podatke.<\/p>\n<p>Samodejno zbiranje se izvaja z uporabo senzorjev, izhodni podatki, kot so notranje pu\u0161\u010danje in obremenitvena u\u010dinkovitost valja ali ventila, pa se neposredno obdelajo v ra\u010dunalniku in pretvorijo v standardne enote (ml\/min%). Hkrati se za zagotovitev varnosti delovanja hidravli\u010dnega sistema izvaja funkcija spremljanja stanja klju\u010dnih parametrov delovanja, kot so \u00bbspremljanje temperature olja, spremljanje nivoja teko\u010dine, spremljanje filtrirne naprave\u00ab itd. Med njimi lahko preskusna naprava hidravli\u010dnega valja preizkusi delovanje \u00bbobremenitve\u00ab.<br \/>\nu\u010dinkovitost \u00bbin\u00ab notranje pu\u0161\u010danje z od\u010ditki. Hkrati je opremljen z merilnim instrumentom v obliki re\u0161etke, ki izpolnjuje zahteve vseh preskusnih elementov hidravli\u010dnih cilindrov v skladu z nacionalnim standardom.<\/p>","protected":false},"excerpt":{"rendered":"<p>HCYY11112002 Forklift Steering Cylinder\u00a0 The HCYY11112002 Forklift Steering Cylinder stands as a vital component that significantly boosts the maneuverability and control of forklifts across diverse operational environments. Crafted for both efficiency and reliability, this steering cylinder empowers operators to navigate tight spaces and manage heavy loads effortlessly. As an essential part of any forklift operation, [&hellip;]<\/p>","protected":false},"featured_media":16988,"comment_status":"open","ping_status":"closed","template":"","meta":{"_et_pb_use_builder":"","_et_pb_old_content":"","_et_gb_content_width":""},"product_brand":[],"product_cat":[1550,1484,1376],"product_tag":[],"class_list":{"0":"post-16982","1":"product","2":"type-product","3":"status-publish","4":"has-post-thumbnail","6":"product_cat-double-acting-hydraulic-cylinder","7":"product_cat-forklift-hydraulic-cylinders","8":"product_cat-hydraulic-cylinder","10":"first","11":"instock","12":"shipping-taxable","13":"product-type-simple"},"amp_enabled":true,"_links":{"self":[{"href":"https:\/\/www.hydraulic-cylinders.net\/sl\/wp-json\/wp\/v2\/product\/16982","targetHints":{"allow":["GET"]}}],"collection":[{"href":"https:\/\/www.hydraulic-cylinders.net\/sl\/wp-json\/wp\/v2\/product"}],"about":[{"href":"https:\/\/www.hydraulic-cylinders.net\/sl\/wp-json\/wp\/v2\/types\/product"}],"replies":[{"embeddable":true,"href":"https:\/\/www.hydraulic-cylinders.net\/sl\/wp-json\/wp\/v2\/comments?post=16982"}],"wp:featuredmedia":[{"embeddable":true,"href":"https:\/\/www.hydraulic-cylinders.net\/sl\/wp-json\/wp\/v2\/media\/16988"}],"wp:attachment":[{"href":"https:\/\/www.hydraulic-cylinders.net\/sl\/wp-json\/wp\/v2\/media?parent=16982"}],"wp:term":[{"taxonomy":"product_brand","embeddable":true,"href":"https:\/\/www.hydraulic-cylinders.net\/sl\/wp-json\/wp\/v2\/product_brand?post=16982"},{"taxonomy":"product_cat","embeddable":true,"href":"https:\/\/www.hydraulic-cylinders.net\/sl\/wp-json\/wp\/v2\/product_cat?post=16982"},{"taxonomy":"product_tag","embeddable":true,"href":"https:\/\/www.hydraulic-cylinders.net\/sl\/wp-json\/wp\/v2\/product_tag?post=16982"}],"curies":[{"name":"delovni list","href":"https:\/\/api.w.org\/{rel}","templated":true}]}}