{"id":1702,"date":"2023-10-11T08:35:01","date_gmt":"2023-10-11T08:35:01","guid":{"rendered":"https:\/\/hydraulic-cylinders.net\/?post_type=product&#038;p=1702"},"modified":"2025-04-11T05:06:36","modified_gmt":"2025-04-11T05:06:36","slug":"electric-furnace-cover-rotating-cylinder","status":"publish","type":"product","link":"https:\/\/www.hydraulic-cylinders.net\/sl\/izdelek\/electric-furnace-cover-rotating-cylinder\/","title":{"rendered":"Vrte\u010di se valj pokrova elektri\u010dne pe\u010di"},"content":{"rendered":"<h1 style=\"text-align: center;\"><strong>Vrte\u010di se valj pokrova elektri\u010dne pe\u010di<\/strong><\/h1>\n<p><img loading=\"lazy\" decoding=\"async\" class=\"aligncenter wp-image-1708\" src=\"https:\/\/hydraulic-cylinders.net\/wp-content\/uploads\/2023\/10\/rotating-cylinder-of-furnace-cover-1-300x300.webp\" alt=\"\" width=\"400\" height=\"400\" \/><\/p>\n<p>Vrte\u010di se valj pokrova elektri\u010dne pe\u010di je inovativen izdelek, zasnovan za optimizacijo delovanja industrijskih pe\u010di, zlasti pri vrtenju pokrova pe\u010di. Ta najsodobnej\u0161i valj zagotavlja zanesljiv in u\u010dinkovit mehanizem za nadzorovan proces pokrovov pe\u010di, kar omogo\u010da nemoteno ravnanje z materialom in izbolj\u0161uje splo\u0161no produktivnost.<\/p>\n<p>Vrte\u010di se valj pokrova elektri\u010dne pe\u010di revolucionira delovanje industrijskih pe\u010di, saj zagotavlja natan\u010den nadzor in ve\u010djo u\u010dinkovitost procesa vrtenja pokrova pe\u010di. S svojo robustno konstrukcijo, natan\u010dnim nadzorom vrtenja, elektri\u010dnim aktuacijskim sistemom in naprednimi varnostnimi funkcijami ta valj poenostavlja ravnanje z materiali, optimizira delovanje pe\u010di in pove\u010duje produktivnost. Z upo\u0161tevanjem priporo\u010denih metod uporabe in vzdr\u017eevalnih praks lahko zagotovite optimalno delovanje in dolgo \u017eivljenjsko dobo vrte\u010dega se valja pokrova elektri\u010dne pe\u010di, kar prispeva k nemotenemu in u\u010dinkovitemu delovanju pe\u010di v va\u0161em industrijskem okolju.<\/p>\n<p>Klju\u010dne zna\u010dilnosti vrte\u010dega se cilindra pokrova elektri\u010dne pe\u010di:<\/p>\n<ol>\n<li>Robustna konstrukcija:\n<ul>\n<li>Vrte\u010di se valj pokrova elektri\u010dne pe\u010di je izdelan iz visokokakovostnih materialov, kar zagotavlja izjemno vzdr\u017eljivost in dolgo \u017eivljenjsko dobo.<\/li>\n<li>Njegova robustna konstrukcija omogo\u010da, da prenese visoke temperature, velike obremenitve in zahtevna industrijska okolja brez ogro\u017eanja zmogljivosti.<\/li>\n<\/ul>\n<\/li>\n<li>Natan\u010den nadzor vrtenja:\n<ul>\n<li>Ta valj ponuja natan\u010den in odziven nadzor nad procesom vrtenja, kar omogo\u010da operaterjem, da natan\u010dno dose\u017eejo \u017eelene kote.<\/li>\n<li>Natan\u010den nadzor vrtenja pove\u010da operativno u\u010dinkovitost, zmanj\u0161a razlitje materiala in optimizira pretok materialov znotraj pe\u010di.<\/li>\n<\/ul>\n<\/li>\n<li>Elektri\u010dno aktiviranje:\n<ul>\n<li>Vrte\u010di se valj pokrova elektri\u010dne pe\u010di deluje prek elektri\u010dnega aktuatorja, kar odpravlja potrebo po ro\u010dnih nastavitvah.<\/li>\n<li>Ta elektri\u010dno gnani sistem zagotavlja udobje, hitrost in natan\u010den nadzor, poenostavlja postopek vrtenja pokrova pe\u010di in zmanj\u0161uje \u010dlove\u0161ke napake.<\/li>\n<\/ul>\n<\/li>\n<li>Varnostne funkcije:\n<ul>\n<li>Jeklenka ima napredne varnostne funkcije, kot sta za\u0161\u010dita pred preobremenitvijo in mehanizmi za zaustavitev v sili.<\/li>\n<li>Te varnostne funkcije zagotavljajo varno in zanesljivo delovanje ter prepre\u010dujejo nesre\u010de in po\u0161kodbe opreme med postopkom vrtenja.<\/li>\n<\/ul>\n<\/li>\n<\/ol>\n<h2><strong>Parameter vrte\u010dega se cilindra pokrova elektri\u010dne pe\u010di:<\/strong><\/h2>\n<table border=\"1\" cellspacing=\"0\" cellpadding=\"0\">\n<tbody>\n<tr>\n<td>Ime izdelka<\/td>\n<td>Vrte\u010di se valj pokrova elektri\u010dne pe\u010di<\/td>\n<\/tr>\n<tr>\n<td>Premer izvrtine:<\/td>\n<td>210 mm<\/td>\n<\/tr>\n<tr>\n<td>Premer palice:<\/td>\n<td>125 mm<\/td>\n<\/tr>\n<tr>\n<td>Tlak:<\/td>\n<td>14 MPa<\/td>\n<\/tr>\n<tr>\n<td>Potisna sila:<\/td>\n<td>Najve\u010d 484 kN<\/td>\n<\/tr>\n<tr>\n<td>Uporaba vrte\u010dega se cilindra pokrova pe\u010di:<\/td>\n<td>Elektri\u010dna pe\u010d<\/td>\n<\/tr>\n<\/tbody>\n<\/table>\n<div><\/div>\n<div class=\"txtboxR\">\n<div class=\"txtboxL\">\n<div class=\"txtboxL\">\n<div class=\"txtboxL\">\n<div class=\"txtboxL\">Potisna sila:<\/div>\n<div class=\"txtboxR\">Najve\u010d 989 kN<br \/>\n(Premer izvrtine: 320 mm\/Premer palice: 300\/tlak 14 MPa)<\/div>\n<\/div>\n<\/div>\n<\/div>\n<\/div>\n<h2><strong>Elektri\u010dna pe\u010d <\/strong><strong> Tovarna valjev:<\/strong><\/h2>\n<p><img loading=\"lazy\" decoding=\"async\" class=\"alignnone wp-image-1697 size-full\" src=\"https:\/\/hydraulic-cylinders.net\/wp-content\/uploads\/2023\/10\/filter-press-cylinder-1.webp\" alt=\"\" width=\"1418\" height=\"946\" srcset=\"https:\/\/hydraulic-cylinders.net\/wp-content\/uploads\/2023\/10\/filter-press-cylinder-1.webp 1418w, https:\/\/hydraulic-cylinders.net\/wp-content\/uploads\/2023\/10\/filter-press-cylinder-1-1280x854.webp 1280w, https:\/\/hydraulic-cylinders.net\/wp-content\/uploads\/2023\/10\/filter-press-cylinder-1-980x654.webp 980w, https:\/\/hydraulic-cylinders.net\/wp-content\/uploads\/2023\/10\/filter-press-cylinder-1-480x320.webp 480w\" sizes=\"(min-width: 0px) and (max-width: 480px) 480px, (min-width: 481px) and (max-width: 980px) 980px, (min-width: 981px) and (max-width: 1280px) 1280px, (min-width: 1281px) 1418px, 100vw\" \/><\/p>\n<h2><strong>Metoda uporabe vrtljivega cilindra pokrova elektri\u010dne pe\u010di<\/strong><strong>:<\/strong><\/h2>\n<ul>\n<li><strong>Namestitev:<\/strong>\n<ul>\n<li>Najprej se prepri\u010dajte, da je vrtljivi valj pokrova elektri\u010dne pe\u010di varno in pravilno name\u0161\u010den na konstrukciji pe\u010di.<\/li>\n<li>Follow the manufacturer&#8217;s guidelines and specifications for correct positioning and attachment.<\/li>\n<li>Prepri\u010dajte se, da so vse povezave, kot so elektri\u010dne napeljave, pravilno pritrjene in brez ohlapnih priklju\u010dkov.<\/li>\n<\/ul>\n<\/li>\n<li><strong>Elektri\u010dna povezava:<\/strong>\n<ul>\n<li>Connect the electric furnace cover rotating cylinder to the electrical power supply, following the manufacturer&#8217;s instructions and electrical codes.<\/li>\n<li>Preverite, ali so vse elektri\u010dne povezave varne in izolirane, da prepre\u010dite morebitne nevarnosti ali okvare.<\/li>\n<\/ul>\n<\/li>\n<li><strong>Postopek rotacije:<\/strong>\n<ul>\n<li>Vrtljivi valj pokrova elektri\u010dne pe\u010di aktivirajte s pomo\u010djo nadzorne plo\u0161\u010de ali stikala, namenjenega za vrtenje.<\/li>\n<li>Cilinder bo pokrov pe\u010di gladko in natan\u010dno zavrtel do \u017eelenega kota, kar bo omogo\u010dilo u\u010dinkovito ravnanje z materialom in njegovo obdelavo.<\/li>\n<li>Pozorno spremljajte postopek vrtenja in po potrebi prilagodite, da dose\u017eete idealen kot za dolo\u010deno uporabo.<\/li>\n<\/ul>\n<\/li>\n<li><strong>Integracija s krmilnimi sistemi:<\/strong>\n<ul>\n<li>Vrtljivi valj pokrova elektri\u010dne pe\u010di se lahko brezhibno integrira v obstoje\u010de sisteme za krmiljenje pe\u010di.<\/li>\n<li>Za zagotovitev pravilne integracije in zdru\u017eljivosti z va\u0161o specifi\u010dno nastavitvijo pe\u010di se posvetujte s usposobljenim tehnikom ali upo\u0161tevajte navodila proizvajalca.<\/li>\n<\/ul>\n<\/li>\n<\/ul>\n<h2><strong>Kako zamenjati tesnila hidravli\u010dnega cilindra?<\/strong><\/h2>\n<p>Repairing a hydraulic cylinder requires a good understanding of hydraulic systems, proper tools, and adherence to safety guidelines. Here&#8217;s a general guide on how to repair a hydraulic cylinder:<\/p>\n<ol>\n<li><strong>Varnost na prvem mestu:<\/strong>\n<ul>\n<li>Preden za\u010dnete s kakr\u0161nimi koli popravili, se prepri\u010dajte, da je hidravli\u010dni sistem brez tlaka in da je valj varen.<\/li>\n<li>Za za\u0161\u010dito pred morebitnimi nevarnostmi uporabljajte ustrezno osebno za\u0161\u010ditno opremo (OZO), kot so rokavice in za\u0161\u010ditna o\u010dala.<\/li>\n<\/ul>\n<\/li>\n<li><strong>Ugotovite te\u017eavo:<\/strong>\n<ul>\n<li>Dolo\u010dite specifi\u010dno te\u017eavo s hidravli\u010dnim cilindrom. Lahko gre za pu\u0161\u010danje, po\u0161kodovana tesnila, upognjene palice ali druge mehanske te\u017eave.<\/li>\n<li>Temeljito preglejte valj in poi\u0161\u010dite morebitne po\u0161kodbe, obrabo ali kontaminacijo.<\/li>\n<\/ul>\n<\/li>\n<li><strong>Zberite potrebna orodja in dele:<\/strong>\n<ul>\n<li>Zberite potrebno orodje in opremo za popravilo, kot so klju\u010di, kle\u0161\u010de, kompleti tesnil, momentni klju\u010di in hidravli\u010dna stiskalnica.<\/li>\n<li>Prepri\u010dajte se, da imate potrebne nadomestne dele, vklju\u010dno s tesnili, O-tesnili in vsemi drugimi komponentami, ki jih je treba zamenjati.<\/li>\n<\/ul>\n<\/li>\n<li><strong>Demonta\u017ea:<\/strong>\n<ul>\n<li>Carefully disassemble the hydraulic cylinder, following the manufacturer&#8217;s guidelines if available.<\/li>\n<li>Odstranite pritrdilne elemente, kot so vijaki, zati\u010di ali sponke, da lo\u010dite komponente valja.<\/li>\n<li>Pri razstavljanju upo\u0161tevajte vrstni red in orientacijo komponent, da zagotovite pravilno ponovno sestavljanje.<\/li>\n<\/ul>\n<\/li>\n<li><strong>Pregled in \u010di\u0161\u010denje:<\/strong>\n<ul>\n<li>Preverite vse razstavljene komponente glede po\u0161kodb, obrabe ali znakov onesna\u017eenja.<\/li>\n<li>Komponente temeljito o\u010distite z ustreznim topilom, da odstranite umazanijo, ostanke in ostanke hidravli\u010dne teko\u010dine.<\/li>\n<li>Preverite valj valja, batnico, tesnila in druge notranje dele glede morebitnih znakov zarez, jamk ali drugih po\u0161kodb.<\/li>\n<\/ul>\n<\/li>\n<li><strong>Zamenjava tesnila:<\/strong>\n<ul>\n<li>Po\u0161kodovana ali obrabljena tesnila, O-obro\u010de ali tesnilne obro\u010dke zamenjajte z novimi iz kompleta tesnil.<\/li>\n<li>Stara tesnila previdno odstranite in pazite, da ne opraskajo ali po\u0161kodujejo povr\u0161in valjev.<\/li>\n<li>Lubricate the new seals with hydraulic oil and install them in their proper positions according to the manufacturer&#8217;s specifications.<\/li>\n<\/ul>\n<\/li>\n<li><strong>Ravnanje ali zamenjava palice:<\/strong>\n<ul>\n<li>\u010ce je batnica upognjena ali po\u0161kodovana, jo je morda treba poravnati ali zamenjati.<\/li>\n<li>Upognjeno palico poravnajte s hidravli\u010dno stiskalnico ali poi\u0161\u010dite strokovno pomo\u010d, \u010de je po\u0161kodba huda.<\/li>\n<li>\u010ce je potrebna zamenjava, previdno odstranite staro palico in namestite novo, pri \u010demer pazite na pravilno poravnavo in navoj.<\/li>\n<\/ul>\n<\/li>\n<li><strong>Ponovna monta\u017ea:<\/strong>\n<ul>\n<li>Ponovno sestavite hidravli\u010dni valj v obratnem vrstnem redu kot pri razstavljanju.<\/li>\n<li>Na notranje komponente nanesite tanko plast hidravli\u010dnega olja ali masti, da zagotovite nemoteno delovanje in prepre\u010dite po\u0161kodbe med zagonom.<\/li>\n<\/ul>\n<\/li>\n<li><strong>Testiranje in pregled:<\/strong>\n<ul>\n<li>Ko je hidravli\u010dni cilinder ponovno sestavljen, pred ponovno namestitvijo preizkusite njegovo delovanje.<\/li>\n<li>Priklju\u010dite valj na hidravli\u010dni sistem in po\u010dasi stisnite sistem, da preverite morebitna pu\u0161\u010danja, nenavadne zvoke ali nepravilne gibe.<\/li>\n<li>Preverite, ali popravljeni valj deluje gladko in izpolnjuje \u017eelene standarde delovanja.<\/li>\n<\/ul>\n<\/li>\n<\/ol>\n<h2><strong>Zmogljivost in zmogljivost tovarne:<\/strong><\/h2>\n<h3>(1) Sestavljanje<\/h3>\n<p>Imamo prvovrstno neodvisno platformo za raziskave in razvoj. Delavnica za proizvodnjo hidravli\u010dnih cilindrov ima \u0161tiri polavtomatske monta\u017ene linije za dvi\u017ene cilindre in eno avtomatsko monta\u017eno linijo za nagibne cilindre z letno proizvodno zmogljivostjo 1 milijona kosov. Delavnica za posebne cilindre je opremljena z razli\u010dnimi specifikacijami polavtomatskega sistema za \u010di\u0161\u010denje in monta\u017eo z letno proizvodno zmogljivostjo 200.000 kosov ter znano CNC obdelovalno opremo, obdelovalnim centrom, visoko precizno posebno opremo za obdelavo cilindrov, robotskim varilnim strojem, avtomatskim \u010distilnim strojem, avtomatskim strojem za monta\u017eo cilindrov in avtomatsko proizvodno linijo za barvanje. Obstoje\u010da kriti\u010dna oprema obsega ve\u010d kot 300 kompletov (kompletov). Optimalna razporeditev in u\u010dinkovita uporaba opremnih virov zagotavljata zahteve glede natan\u010dnosti izdelkov in izpolnjujeta visoke zahteve glede kakovosti izdelkov.<\/p>\n<p><img loading=\"lazy\" decoding=\"async\" class=\"alignnone wp-image-626\" src=\"https:\/\/hydraulic-cylinders.net\/wp-content\/uploads\/2023\/08\/hydraulic-cylinder-product-1-300x158.webp\" alt=\"\" width=\"495\" height=\"260\" srcset=\"https:\/\/hydraulic-cylinders.net\/wp-content\/uploads\/2023\/08\/hydraulic-cylinder-product-1-300x158.webp 495w, https:\/\/hydraulic-cylinders.net\/wp-content\/uploads\/2023\/08\/hydraulic-cylinder-product-1-480x252.webp 480w\" sizes=\"(min-width: 0px) and (max-width: 480px) 480px, (min-width: 481px) 495px, 100vw\" \/> <img loading=\"lazy\" decoding=\"async\" class=\"alignnone wp-image-627\" src=\"https:\/\/hydraulic-cylinders.net\/wp-content\/uploads\/2023\/08\/hydraulic-cylinder-product-2-300x189.webp\" alt=\"\" width=\"413\" height=\"260\" \/><\/p>\n<h3>(2) Strojna obdelava<\/h3>\n<p>Strojna delavnica je opremljena s prilagojenim centrom za stru\u017eenje nagnjenih tirnic, obdelovalnim centrom, visokohitrostnim strojem za honanje, varilnim robotom in drugo sorodno opremo, ki lahko obdeluje cilindri\u010dne cevi z najve\u010djim notranjim premerom 400 mm in najve\u010djo dol\u017eino 6 metrov.<\/p>\n<p><img loading=\"lazy\" decoding=\"async\" class=\"alignnone wp-image-628 size-large\" src=\"https:\/\/hydraulic-cylinders.net\/wp-content\/uploads\/2023\/08\/hydraulic-cylinder-product-3-1024x391.webp\" alt=\"\" width=\"1024\" height=\"391\" srcset=\"https:\/\/hydraulic-cylinders.net\/wp-content\/uploads\/2023\/08\/hydraulic-cylinder-product-3-980x374.webp 980w, https:\/\/hydraulic-cylinders.net\/wp-content\/uploads\/2023\/08\/hydraulic-cylinder-product-3-480x183.webp 480w\" sizes=\"(min-width: 0px) and (max-width: 480px) 480px, (min-width: 481px) and (max-width: 980px) 980px, (min-width: 981px) 1024px, 100vw\" \/><\/p>\n<h3>(3) Varjenje<\/h3>\n<p><img loading=\"lazy\" decoding=\"async\" class=\"alignnone wp-image-629 size-large\" src=\"https:\/\/hydraulic-cylinders.net\/wp-content\/uploads\/2023\/08\/hydraulic-cylinder-product-4-1024x510.webp\" alt=\"\" width=\"1024\" height=\"510\" srcset=\"https:\/\/hydraulic-cylinders.net\/wp-content\/uploads\/2023\/08\/hydraulic-cylinder-product-4-980x488.webp 980w, https:\/\/hydraulic-cylinders.net\/wp-content\/uploads\/2023\/08\/hydraulic-cylinder-product-4-480x239.webp 480w\" sizes=\"(min-width: 0px) and (max-width: 480px) 480px, (min-width: 481px) and (max-width: 980px) 980px, (min-width: 981px) 1024px, 100vw\" \/><\/p>\n<h3>(4) Barvanje in premazovanje<\/h3>\n<p>Z majhnimi in srednje velikimi cilindri\u010dnimi avtomatskimi linijami za barvanje na vodni osnovi, za doseganje avtomatskega nakladanja in razkladanja robotov ter avtomatskega brizganja, je projektna zmogljivost 4000 kosov na izmeno;<br \/>\nImamo tudi polavtomatsko linijo za proizvodnjo barv za velike jeklenke, ki jo poganja veriga, s projektno zmogljivostjo 60 zabojev na izmeno.<\/p>\n<p><img loading=\"lazy\" decoding=\"async\" class=\"alignnone wp-image-630\" src=\"https:\/\/hydraulic-cylinders.net\/wp-content\/uploads\/2023\/08\/hydraulic-cylinder-product-5-300x213.webp\" alt=\"\" width=\"366\" height=\"260\" \/> <img loading=\"lazy\" decoding=\"async\" class=\"alignnone wp-image-631\" src=\"https:\/\/hydraulic-cylinders.net\/wp-content\/uploads\/2023\/08\/hydraulic-cylinder-product-6-300x225.webp\" alt=\"\" width=\"347\" height=\"260\" \/><\/p>\n<h3>(5) Testiranje<\/h3>\n<p>Imamo prvovrstne in\u0161pekcijske prostore in testne postaje, s katerimi zagotavljamo, da delovanje jeklenke izpolnjuje zahteve.<\/p>\n<p><img loading=\"lazy\" decoding=\"async\" class=\"alignnone wp-image-632\" src=\"https:\/\/hydraulic-cylinders.net\/wp-content\/uploads\/2023\/08\/hydraulic-cylinder-product-8-300x200.webp\" alt=\"\" width=\"389\" height=\"260\" \/><\/p>\n<p>&nbsp;<\/p>\n<p>&nbsp;<\/p>\n<p>Smo eden najbolj\u0161ih proizvajalcev hidravli\u010dnih cilindrov. Ponujamo vam celovite hidravli\u010dne cilindre. Zagotavljamo tudi ustrezne <a href=\"https:\/\/hzpt.com\/agricultural-pto-gearbox\/\" target=\"_blank\" rel=\"noopener\">kmetijski menjalniki<\/a>Na\u0161e izdelke smo izvozili strankam po vsem svetu in si prislu\u017eili dober ugled zaradi vrhunske kakovosti izdelkov in poprodajnih storitev. Z veseljem vas vabimo, da nas kontaktirate za poslovne dogovore, izmenjavo informacij in ... <a href=\"https:\/\/www.hydraulic-cylinders.net\/sl\/contact-us\/\">sodelujte z nami<\/a>!<\/p>","protected":false},"excerpt":{"rendered":"<p>Electric Furnace Cover Rotating Cylinder The electric furnace cover rotating cylinder is an innovative product designed to optimize the operation of industrial furnaces, specifically in furnace cover rotation. This cutting-edge cylinder provides a reliable and efficient mechanism for the controlled process of furnace covers, facilitating seamless material handling and improving overall productivity. The electric furnace [&hellip;]<\/p>","protected":false},"featured_media":1710,"comment_status":"open","ping_status":"closed","template":"","meta":{"_et_pb_use_builder":"","_et_pb_old_content":"","_et_gb_content_width":""},"product_brand":[],"product_cat":[1550,1524,1376],"product_tag":[1380],"class_list":{"0":"post-1702","1":"product","2":"type-product","3":"status-publish","4":"has-post-thumbnail","6":"product_cat-double-acting-hydraulic-cylinder","7":"product_cat-steel-mill-hydraulic-cylinders","8":"product_cat-hydraulic-cylinder","9":"product_tag-hydraulic-cylinder","11":"first","12":"instock","13":"shipping-taxable","14":"product-type-simple"},"amp_enabled":true,"_links":{"self":[{"href":"https:\/\/www.hydraulic-cylinders.net\/sl\/wp-json\/wp\/v2\/product\/1702","targetHints":{"allow":["GET"]}}],"collection":[{"href":"https:\/\/www.hydraulic-cylinders.net\/sl\/wp-json\/wp\/v2\/product"}],"about":[{"href":"https:\/\/www.hydraulic-cylinders.net\/sl\/wp-json\/wp\/v2\/types\/product"}],"replies":[{"embeddable":true,"href":"https:\/\/www.hydraulic-cylinders.net\/sl\/wp-json\/wp\/v2\/comments?post=1702"}],"wp:featuredmedia":[{"embeddable":true,"href":"https:\/\/www.hydraulic-cylinders.net\/sl\/wp-json\/wp\/v2\/media\/1710"}],"wp:attachment":[{"href":"https:\/\/www.hydraulic-cylinders.net\/sl\/wp-json\/wp\/v2\/media?parent=1702"}],"wp:term":[{"taxonomy":"product_brand","embeddable":true,"href":"https:\/\/www.hydraulic-cylinders.net\/sl\/wp-json\/wp\/v2\/product_brand?post=1702"},{"taxonomy":"product_cat","embeddable":true,"href":"https:\/\/www.hydraulic-cylinders.net\/sl\/wp-json\/wp\/v2\/product_cat?post=1702"},{"taxonomy":"product_tag","embeddable":true,"href":"https:\/\/www.hydraulic-cylinders.net\/sl\/wp-json\/wp\/v2\/product_tag?post=1702"}],"curies":[{"name":"delovni list","href":"https:\/\/api.w.org\/{rel}","templated":true}]}}