{"id":17038,"date":"2025-01-23T08:39:26","date_gmt":"2025-01-23T08:39:26","guid":{"rendered":"https:\/\/www.hydraulic-cylinders.net\/?post_type=product&#038;p=17038"},"modified":"2025-04-15T05:47:49","modified_gmt":"2025-04-15T05:47:49","slug":"hcyy11112015-telescopic-cylinder-for-environmental-protection","status":"publish","type":"product","link":"https:\/\/www.hydraulic-cylinders.net\/sl\/izdelek\/hcyy11112015-telescopic-cylinder-for-environmental-protection\/","title":{"rendered":"HCYY11112015 Teleskopski valj za varstvo okolja"},"content":{"rendered":"<h1 style=\"text-align: center;\"><strong>HCYY11112015 Teleskopski valj za varstvo okolja<\/strong><\/h1>\n<h1 style=\"text-align: center;\"><img loading=\"lazy\" decoding=\"async\" class=\"alignnone size-full wp-image-17040\" src=\"https:\/\/www.hydraulic-cylinders.net\/wp-content\/uploads\/2025\/01\/hcyy11112015-telescopic-cylinder-2.webp\" alt=\"\" width=\"1497\" height=\"514\" srcset=\"https:\/\/www.hydraulic-cylinders.net\/wp-content\/uploads\/2025\/01\/hcyy11112015-telescopic-cylinder-2.webp 1497w, https:\/\/www.hydraulic-cylinders.net\/wp-content\/uploads\/2025\/01\/hcyy11112015-telescopic-cylinder-2-1280x439.webp 1280w, https:\/\/www.hydraulic-cylinders.net\/wp-content\/uploads\/2025\/01\/hcyy11112015-telescopic-cylinder-2-980x336.webp 980w, https:\/\/www.hydraulic-cylinders.net\/wp-content\/uploads\/2025\/01\/hcyy11112015-telescopic-cylinder-2-480x165.webp 480w\" sizes=\"(min-width: 0px) and (max-width: 480px) 480px, (min-width: 481px) and (max-width: 980px) 980px, (min-width: 981px) and (max-width: 1280px) 1280px, (min-width: 1281px) 1497px, 100vw\" \/><\/h1>\n<p>Teleskopski valj HCYY11112015 je strokovno zasnovan za panoge, ki zahtevajo tako visoko u\u010dinkovitost kot zavezanost okoljski trajnosti. Ta vrhunski valj zagotavlja izjemno zmogljivost, hkrati pa vklju\u010duje okolju prijazne funkcije, zaradi \u010desar je idealna re\u0161itev za \u0161irok spekter uporabe, vklju\u010dno z gradbeni\u0161tvom, proizvodnjo in ravnanjem z odpadki.<\/p>\n<p>Predstavljajte si izdelek, ki ne le izpolnjuje stroge zahteve va\u0161ega poslovanja, temve\u010d tudi prispeva k bolj zdravemu planetu. HCYY11112015 brez napora dose\u017ee to ravnovesje. Njegova inovativna zasnova omogo\u010da maksimalno trdnost in vzdr\u017eljivost, kar zagotavlja, da z lahkoto prenese te\u017eke obremenitve in zahtevne pogoje.<\/p>\n<p>Ne glede na to, ali dvigujete materiale na gradbi\u0161\u010du, poenostavljate procese v proizvodnem obratu ali u\u010dinkovito ravnate z odpadki, je ta teleskopski valj najbolj\u0161a izbira. Omogo\u010da industrijam u\u010dinkovito delovanje, hkrati pa zmanj\u0161uje njihov oglji\u010dni odtis, kar je popolnoma v skladu s dana\u0161njimi zelenimi pobudami.<\/p>\n<p>Odlo\u010dite se za teleskopski valj HCYY11112015 in izkusite popolno me\u0161anico mo\u010di in trajnosti, ki bo revolucionarno spremenila va\u0161 pristop k industrijskim izzivom. Sprejmite prihodnost, kjer gresta zmogljivost in okoljska odgovornost z roko v roki.<\/p>\n<h2><strong>HCYY11112015 Teleskopski valj za varstvo okolja Parameter:<\/strong><\/h2>\n<h1 style=\"text-align: center;\"><img loading=\"lazy\" decoding=\"async\" class=\"alignnone size-full wp-image-17039\" src=\"https:\/\/www.hydraulic-cylinders.net\/wp-content\/uploads\/2025\/01\/hcyy11112015-telescopic-cylinder-1.webp\" alt=\"\" width=\"1512\" height=\"142\" srcset=\"https:\/\/www.hydraulic-cylinders.net\/wp-content\/uploads\/2025\/01\/hcyy11112015-telescopic-cylinder-1.webp 1512w, https:\/\/www.hydraulic-cylinders.net\/wp-content\/uploads\/2025\/01\/hcyy11112015-telescopic-cylinder-1-1280x120.webp 1280w, https:\/\/www.hydraulic-cylinders.net\/wp-content\/uploads\/2025\/01\/hcyy11112015-telescopic-cylinder-1-980x92.webp 980w, https:\/\/www.hydraulic-cylinders.net\/wp-content\/uploads\/2025\/01\/hcyy11112015-telescopic-cylinder-1-480x45.webp 480w\" sizes=\"(min-width: 0px) and (max-width: 480px) 480px, (min-width: 481px) and (max-width: 980px) 980px, (min-width: 981px) and (max-width: 1280px) 1280px, (min-width: 1281px) 1512px, 100vw\" \/><\/h1>\n<h1 style=\"text-align: center;\"><img loading=\"lazy\" decoding=\"async\" class=\"alignnone size-full wp-image-17041\" src=\"https:\/\/www.hydraulic-cylinders.net\/wp-content\/uploads\/2025\/01\/hcyy11112015-telescopic-cylinder-3.webp\" alt=\"\" width=\"1477\" height=\"711\" srcset=\"https:\/\/www.hydraulic-cylinders.net\/wp-content\/uploads\/2025\/01\/hcyy11112015-telescopic-cylinder-3.webp 1477w, https:\/\/www.hydraulic-cylinders.net\/wp-content\/uploads\/2025\/01\/hcyy11112015-telescopic-cylinder-3-1280x616.webp 1280w, https:\/\/www.hydraulic-cylinders.net\/wp-content\/uploads\/2025\/01\/hcyy11112015-telescopic-cylinder-3-980x472.webp 980w, https:\/\/www.hydraulic-cylinders.net\/wp-content\/uploads\/2025\/01\/hcyy11112015-telescopic-cylinder-3-480x231.webp 480w\" sizes=\"(min-width: 0px) and (max-width: 480px) 480px, (min-width: 481px) and (max-width: 980px) 980px, (min-width: 981px) and (max-width: 1280px) 1280px, (min-width: 1281px) 1477px, 100vw\" \/> <img loading=\"lazy\" decoding=\"async\" class=\"alignnone size-full wp-image-17042\" src=\"https:\/\/www.hydraulic-cylinders.net\/wp-content\/uploads\/2025\/01\/hcyy11112015-telescopic-cylinder-4.webp\" alt=\"\" width=\"1479\" height=\"707\" srcset=\"https:\/\/www.hydraulic-cylinders.net\/wp-content\/uploads\/2025\/01\/hcyy11112015-telescopic-cylinder-4.webp 1479w, https:\/\/www.hydraulic-cylinders.net\/wp-content\/uploads\/2025\/01\/hcyy11112015-telescopic-cylinder-4-1280x612.webp 1280w, https:\/\/www.hydraulic-cylinders.net\/wp-content\/uploads\/2025\/01\/hcyy11112015-telescopic-cylinder-4-980x468.webp 980w, https:\/\/www.hydraulic-cylinders.net\/wp-content\/uploads\/2025\/01\/hcyy11112015-telescopic-cylinder-4-480x229.webp 480w\" sizes=\"(min-width: 0px) and (max-width: 480px) 480px, (min-width: 481px) and (max-width: 980px) 980px, (min-width: 981px) and (max-width: 1280px) 1280px, (min-width: 1281px) 1479px, 100vw\" \/> <img loading=\"lazy\" decoding=\"async\" class=\"alignnone size-full wp-image-17043\" src=\"https:\/\/www.hydraulic-cylinders.net\/wp-content\/uploads\/2025\/01\/hcyy11112015-telescopic-cylinder-5.webp\" alt=\"\" width=\"1465\" height=\"754\" srcset=\"https:\/\/www.hydraulic-cylinders.net\/wp-content\/uploads\/2025\/01\/hcyy11112015-telescopic-cylinder-5.webp 1465w, https:\/\/www.hydraulic-cylinders.net\/wp-content\/uploads\/2025\/01\/hcyy11112015-telescopic-cylinder-5-1280x659.webp 1280w, https:\/\/www.hydraulic-cylinders.net\/wp-content\/uploads\/2025\/01\/hcyy11112015-telescopic-cylinder-5-980x504.webp 980w, https:\/\/www.hydraulic-cylinders.net\/wp-content\/uploads\/2025\/01\/hcyy11112015-telescopic-cylinder-5-480x247.webp 480w\" sizes=\"(min-width: 0px) and (max-width: 480px) 480px, (min-width: 481px) and (max-width: 980px) 980px, (min-width: 981px) and (max-width: 1280px) 1280px, (min-width: 1281px) 1465px, 100vw\" \/><\/h1>\n<h2><strong>Serija valjev za varstvo okolja:<\/strong><\/h2>\n<h2><img loading=\"lazy\" decoding=\"async\" class=\"alignnone size-full wp-image-17030\" src=\"https:\/\/www.hydraulic-cylinders.net\/wp-content\/uploads\/2025\/01\/cylinder-series-for-environmental-protection-scaled.webp\" alt=\"\" width=\"2044\" height=\"2560\" srcset=\"https:\/\/www.hydraulic-cylinders.net\/wp-content\/uploads\/2025\/01\/cylinder-series-for-environmental-protection-scaled.webp 2044w, https:\/\/www.hydraulic-cylinders.net\/wp-content\/uploads\/2025\/01\/cylinder-series-for-environmental-protection-1280x1603.webp 1280w, https:\/\/www.hydraulic-cylinders.net\/wp-content\/uploads\/2025\/01\/cylinder-series-for-environmental-protection-980x1227.webp 980w, https:\/\/www.hydraulic-cylinders.net\/wp-content\/uploads\/2025\/01\/cylinder-series-for-environmental-protection-480x601.webp 480w\" sizes=\"(min-width: 0px) and (max-width: 480px) 480px, (min-width: 481px) and (max-width: 980px) 980px, (min-width: 981px) and (max-width: 1280px) 1280px, (min-width: 1281px) 2044px, 100vw\" \/><\/h2>\n<h2><strong>Klju\u010dne zna\u010dilnosti teleskopskega cilindra HCYY11112015 za varstvo okolja:<\/strong><\/h2>\n<h4><strong>Okolju prijazni materiali<\/strong><\/h4>\n<p>Teleskopski valj HCYY11112015 je izdelan iz visokokakovostnih, recikliranih komponent. Ta premi\u0161ljena zasnova ne le znatno zmanj\u0161a vpliv na okolje, temve\u010d tudi podpira kro\u017eno gospodarstvo. Z izbiro tega valja se zavestno odlo\u010date za uporabo materialov, ki jih je mogo\u010de ponovno uporabiti, in s tem prispevate k trajnostni prihodnosti.<\/p>\n<h4><strong>Energetska u\u010dinkovitost<\/strong><\/h4>\n<p>Z izjemno nizko porabo energije HCYY11112015 pomaga podjetjem zmanj\u0161ati operativne stro\u0161ke in hkrati zmanj\u0161ati oglji\u010dni odtis. Ta energetsko u\u010dinkovita zasnova omogo\u010da ve\u010djo produktivnost brez \u017ertvovanja ekolo\u0161ke odgovornosti, zaradi \u010desar je idealna izbira za podjetja, ki \u017eelijo optimizirati svoje poslovanje, hkrati pa ostati zvesta svojim ciljem trajnostnega razvoja.<\/p>\n<h4><strong>Napredna tehnologija tesnjenja<\/strong><\/h4>\n<p>Varnost in skladnost sta v industrijskih operacijah najpomembnej\u0161i. HCYY11112015 ima napreden sistem tesnjenja, ki u\u010dinkovito prepre\u010duje pu\u0161\u010danje ter tako varuje va\u0161e procese in okolje. Ta inovacija zagotavlja skladnost s strogimi okoljskimi predpisi, kar vam omogo\u010da samozavestno in dosledno delovanje.<\/p>\n<h4><strong>Trpe\u017ena konstrukcija<\/strong><\/h4>\n<p>HCYY11112015 je izdelan tako, da prenese tudi najbolj ekstremne pogoje, in se pona\u0161a z dolgo \u017eivljenjsko dobo, ki mo\u010dno zmanj\u0161a potrebo po pogostih zamenjavah. Ta vzdr\u017eljivost ne le pove\u010da zanesljivost, temve\u010d s\u010dasoma pomeni tudi ni\u017eje stro\u0161ke vzdr\u017eevanja. Nalo\u017eba v ta valj pomeni nalo\u017ebo v re\u0161itev, ki prestane preizkus \u010dasa.<\/p>\n<h4><strong>Kompaktna zasnova<\/strong><\/h4>\n<p>Teleskopska funkcija modela HCYY11112015 omogo\u010da brezhibno integracijo v omejenih prostorih, kar maksimizira funkcionalnost brez kompromisov pri u\u010dinkovitosti. Zaradi kompaktne zasnove je vsestranska mo\u017enost za razli\u010dne aplikacije, ki podjetjem omogo\u010da optimizacijo delovnih procesov in u\u010dinkovito izrabo prostora.<\/p>\n<p>Skratka, teleskopski valj HCYY11112015 ni le kos opreme; je napredna re\u0161itev, ki utele\u0161a mo\u010d, u\u010dinkovitost in okoljsko ozave\u0161\u010denost. Z izbiro tega valja opolnomo\u010dite svoje poslovanje, hkrati pa pozitivno vplivate na planet. Izkusite razliko z izdelkom, ki blesti v zmogljivosti in trajnosti, ter dvignite svoje industrijske prakse na nove vi\u0161ine.<\/p>\n<h2><strong>Kaj naredi nihajni valj Hcyy11112014 okolju prijazen?<\/strong><\/h2>\n<p>Teleskopski valj HCYY11112015 izstopa kot izjemna re\u0161itev za spodbujanje varstva okolja v industrijskih okoljih. Takole pomembno vpliva:<\/p>\n<h4><strong>1. Reciklirni materiali<\/strong><\/h4>\n<p>Izdelana iz visokokakovostnih recikliranih komponent, jeklenka HCYY11112015 u\u010dinkovito zmanj\u0161uje koli\u010dino odpadkov in podpira kro\u017eno gospodarstvo. Z izbiro te jeklenke podjetja izbolj\u0161ujejo svoje poslovanje in prispevajo k trajnostni prihodnosti. Vsaka uporaba tega izdelka pomeni manj materiala, ki kon\u010da na odlagali\u0161\u010dih, kar pozitivno vpliva na planet.<\/p>\n<h4><strong>2. Energetska u\u010dinkovitost<\/strong><\/h4>\n<p>Ena najbolj impresivnih lastnosti tega teleskopskega cilindra je njegova energetska u\u010dinkovitost. Delovanje z znatno zmanj\u0161ano porabo energije pomaga zni\u017eati obratovalne stro\u0161ke in zmanj\u0161ati oglji\u010dni odtis. To je obojestransko koristno za podjetja: prihranijo denar, hkrati pa izpolnjujejo svojo zavezo k trajnosti. Predstavljajte si pozitiven vpliv na va\u0161 dobi\u010dek in okolje!<\/p>\n<h4><strong>3. Prepre\u010devanje pu\u0161\u010danja<\/strong><\/h4>\n<p>Varnost in skladnost s predpisi sta klju\u010dnega pomena v vsaki industrijski dejavnosti, HCYY11112015 pa na tem podro\u010dju blesti. Njegova napredna tehnologija tesnjenja u\u010dinkovito prepre\u010duje pu\u0161\u010danje in zagotavlja, da nevarne snovi ostanejo zadr\u017eane. To varuje okolje in pomaga podjetjem pri upo\u0161tevanju strogih predpisov, kar spodbuja kulturo odgovornosti in skrbi.<\/p>\n<h4><strong>4. Vzdr\u017eljivost<\/strong><\/h4>\n<p>HCYY11112015 je izdelan tako, da prenese najzahtevnej\u0161e pogoje, in se pona\u0161a z impresivno \u017eivljenjsko dobo. Ta vzdr\u017eljivost pomeni manj zamenjav in manj odpadkov skozi \u010das, kar podjetjem omogo\u010da vlaganje v trajno opremo. Z zmanj\u0161anjem pogostosti zamenjav lahko podjetja zmanj\u0161ajo tudi porabo virov, kar dodatno prispeva k varovanju okolja.<\/p>\n<h4><strong>5. Prostorska u\u010dinkovitost<\/strong><\/h4>\n<p>Teleskopska funkcija modela HCYY11112015 omogo\u010da brezhibno integracijo v omejene prostore, kar maksimizira funkcionalnost brez \u017ertvovanja u\u010dinkovitosti. Ta kompaktna zasnova omogo\u010da podjetjem optimizacijo delovnih procesov in u\u010dinkovito izrabo prostora, kar dokazuje, da lahko trajnost gre z roko v roki z inovacijami.<\/p>\n<p>Skratka, teleskopski valj HCYY11112015 ni le industrijsko orodje; je katalizator za pozitivne spremembe. Z uporabo okolju prijaznih materialov, spodbujanjem energetske u\u010dinkovitosti, zagotavljanjem prepre\u010devanja pu\u0161\u010danja in zagotavljanjem vzdr\u017eljivosti omogo\u010da industrijam trajnostno delovanje. Izbira tega cilindra pomeni zavezo tako k u\u010dinkovitosti kot k varovanju okolja. Izbolj\u0161ajte svoje poslovanje in hkrati za\u0161\u010ditite na\u0161 planet \u2013 izkusite preobrazbene prednosti HCYY11112015 \u0161e danes!<\/p>\n<h2><strong>Proizvodno obmo\u010dje valjev za vili\u010darje:<\/strong><\/h2>\n<h2><img loading=\"lazy\" decoding=\"async\" class=\"alignnone size-full wp-image-16972\" src=\"https:\/\/www.hydraulic-cylinders.net\/wp-content\/uploads\/2025\/01\/hydraulic-cylinder-factory-1-scaled.webp\" alt=\"\" width=\"2016\" height=\"2560\" srcset=\"https:\/\/www.hydraulic-cylinders.net\/wp-content\/uploads\/2025\/01\/hydraulic-cylinder-factory-1-scaled.webp 2016w, https:\/\/www.hydraulic-cylinders.net\/wp-content\/uploads\/2025\/01\/hydraulic-cylinder-factory-1-1280x1625.webp 1280w, https:\/\/www.hydraulic-cylinders.net\/wp-content\/uploads\/2025\/01\/hydraulic-cylinder-factory-1-980x1244.webp 980w, https:\/\/www.hydraulic-cylinders.net\/wp-content\/uploads\/2025\/01\/hydraulic-cylinder-factory-1-480x610.webp 480w\" sizes=\"(min-width: 0px) and (max-width: 480px) 480px, (min-width: 481px) and (max-width: 980px) 980px, (min-width: 981px) and (max-width: 1280px) 1280px, (min-width: 1281px) 2016px, 100vw\" \/><\/h2>\n<p>Pona\u0161amo se z najsodobnej\u0161o neodvisno platformo za raziskave in razvoj, namenjeno monta\u017ei, ki zagotavlja vrhunske inovacije in kakovost v na\u0161ih proizvodnih procesih. Na\u0161a delavnica za proizvodnjo valjev za vili\u010darje ima \u0161tiri polavtomatske monta\u017ene linije za dvi\u017ene valje in popolnoma avtomatsko monta\u017eno linijo za nagibne valje, ki so skupaj zasnovane za proizvodnjo do milijona enot letno.<\/p>\n<p>Poleg tega je na\u0161a specializirana delavnica za jeklenke opremljena s polavtomatskimi sistemi za \u010di\u0161\u010denje in monta\u017eo, prilagojenimi razli\u010dnim specifikacijam, z letno proizvodno zmogljivostjo 200.000 kosov. Uporabljamo priznano CNC opremo, obdelovalne centre in specializirana orodja za visoko precizno obdelavo jeklenk. Na\u0161 obrat vklju\u010duje tudi napredne robotske varilne stroje, avtomatske sisteme za \u010di\u0161\u010denje in popolnoma avtomatizirane linije za monta\u017eo in barvanje jeklenk. Z ve\u010d kot 300 klju\u010dnimi kosi opreme v uporabi optimiziramo dodelitev virov in zagotavljamo u\u010dinkovito izrabo, pri \u010demer izpolnjujemo stroge standarde natan\u010dnosti in kakovosti.<\/p>\n<p>Na\u0161a strojna delavnica ima stru\u017eilne centre za nagibne vodilne tirnice po meri, obdelovalne centre, visokohitrostne stroje za honanje, varilne robote in drugo bistveno opremo. Ta postavitev nam omogo\u010da obdelavo valjastih cevi z najve\u010djim notranjim premerom 400 mm in dol\u017eino do 6 metrov, kar \u0161e dodatno izbolj\u0161uje na\u0161e proizvodne zmogljivosti.<\/p>\n<h2><img loading=\"lazy\" decoding=\"async\" class=\"alignnone size-full wp-image-16973\" src=\"https:\/\/www.hydraulic-cylinders.net\/wp-content\/uploads\/2025\/01\/hydraulic-cylinder-factory-2-scaled.webp\" alt=\"\" width=\"2011\" height=\"2560\" srcset=\"https:\/\/www.hydraulic-cylinders.net\/wp-content\/uploads\/2025\/01\/hydraulic-cylinder-factory-2-scaled.webp 2011w, https:\/\/www.hydraulic-cylinders.net\/wp-content\/uploads\/2025\/01\/hydraulic-cylinder-factory-2-1280x1629.webp 1280w, https:\/\/www.hydraulic-cylinders.net\/wp-content\/uploads\/2025\/01\/hydraulic-cylinder-factory-2-980x1248.webp 980w, https:\/\/www.hydraulic-cylinders.net\/wp-content\/uploads\/2025\/01\/hydraulic-cylinder-factory-2-480x611.webp 480w\" sizes=\"(min-width: 0px) and (max-width: 480px) 480px, (min-width: 481px) and (max-width: 980px) 980px, (min-width: 981px) and (max-width: 1280px) 1280px, (min-width: 1281px) 2011px, 100vw\" \/><\/h2>\n<p>Upravljamo popolnoma avtomatsko linijo za barvanje na vodni osnovi, posebej zasnovano za majhne in srednje velike jeklenke, z avtomatiziranimi roboti za nalaganje, razkladanje in brizganje. Ta najsodobnej\u0161i sistem se pona\u0161a s proizvodno zmogljivostjo 4000 enot na izmeno. Poleg tega imamo polavtomatsko linijo za barvanje velikih jeklenk, ki jo poganja veri\u017eni pogon, s projektno zmogljivostjo 60 zabojev na izmeno.<\/p>\n<p>Da bi izbolj\u0161ali u\u010dinkovitost izdelkov in utrdili na\u0161o vodilno vlogo v industriji hidravli\u010dnih cilindrov, smo se povezali z ZJIMEE in ustanovili celovit laboratorij za merjenje u\u010dinkovitosti, namenjen hidravli\u010dnim cilindrom, ventilom in \u010drpalkam. Ta napredni laboratorij uporablja ra\u010dunalni\u0161ko podprto testiranje z elektrohidravli\u010dno tehnologijo, kar omogo\u010da vnaprej dolo\u010dene pogoje testiranja, ki izbolj\u0161ajo natan\u010dnost in vsestranskost sistema. Avtomatiziran postopek zbiranja podatkov uporablja senzorje za zbiranje izhodnih podatkov, kot so notranje pu\u0161\u010danje in izkoristek obremenitve, ki jih nato obdela ra\u010dunalnik in pretvori v standardne enote (ml\/min%).<\/p>\n<p>Poleg tega za zagotovitev varnosti na\u0161ih hidravli\u010dnih sistemov izvajamo spremljanje stanja klju\u010dnih parametrov delovanja, vklju\u010dno s temperaturo olja, nivojem teko\u010dine in stanjem filtrirne naprave. Na\u0161e preskusno mesto za hidravli\u010dne cilindre lahko z natan\u010dnimi od\u010ditki oceni \u00bbu\u010dinkovitost obremenitve\u00ab in \u00bbnotranje pu\u0161\u010danje\u00ab. Opremljeno je tudi z merilnim instrumentom z ravnilom, ki ustreza nacionalnim standardom in zagotavlja skladnost z vsemi zahtevami glede presku\u0161anja hidravli\u010dnih cilindrov.<\/p>\n<p>&nbsp;<\/p>","protected":false},"excerpt":{"rendered":"<p>HCYY11112015 Telescopic Cylinder For Environmental Protection The HCYY11112015 Telescopic Cylinder is expertly designed for industries that demand both high efficiency and a commitment to environmental sustainability. This cutting-edge cylinder delivers exceptional performance while incorporating eco-friendly features, making it an ideal solution for a wide range of applications, including construction, manufacturing, and waste management. Imagine a [&hellip;]<\/p>","protected":false},"featured_media":17045,"comment_status":"open","ping_status":"closed","template":"","meta":{"_et_pb_use_builder":"","_et_pb_old_content":"","_et_gb_content_width":""},"product_brand":[],"product_cat":[1550,1486,1552,1376,1393],"product_tag":[],"class_list":{"0":"post-17038","1":"product","2":"type-product","3":"status-publish","4":"has-post-thumbnail","6":"product_cat-double-acting-hydraulic-cylinder","7":"product_cat-sanitation-machinery-hydraulic-cylinders","8":"product_cat-stainless-steel-hydraulic-cylinder","9":"product_cat-hydraulic-cylinder","10":"product_cat-telescopic-hydraulic-cylinder","12":"first","13":"instock","14":"shipping-taxable","15":"product-type-simple"},"amp_enabled":true,"_links":{"self":[{"href":"https:\/\/www.hydraulic-cylinders.net\/sl\/wp-json\/wp\/v2\/product\/17038","targetHints":{"allow":["GET"]}}],"collection":[{"href":"https:\/\/www.hydraulic-cylinders.net\/sl\/wp-json\/wp\/v2\/product"}],"about":[{"href":"https:\/\/www.hydraulic-cylinders.net\/sl\/wp-json\/wp\/v2\/types\/product"}],"replies":[{"embeddable":true,"href":"https:\/\/www.hydraulic-cylinders.net\/sl\/wp-json\/wp\/v2\/comments?post=17038"}],"wp:featuredmedia":[{"embeddable":true,"href":"https:\/\/www.hydraulic-cylinders.net\/sl\/wp-json\/wp\/v2\/media\/17045"}],"wp:attachment":[{"href":"https:\/\/www.hydraulic-cylinders.net\/sl\/wp-json\/wp\/v2\/media?parent=17038"}],"wp:term":[{"taxonomy":"product_brand","embeddable":true,"href":"https:\/\/www.hydraulic-cylinders.net\/sl\/wp-json\/wp\/v2\/product_brand?post=17038"},{"taxonomy":"product_cat","embeddable":true,"href":"https:\/\/www.hydraulic-cylinders.net\/sl\/wp-json\/wp\/v2\/product_cat?post=17038"},{"taxonomy":"product_tag","embeddable":true,"href":"https:\/\/www.hydraulic-cylinders.net\/sl\/wp-json\/wp\/v2\/product_tag?post=17038"}],"curies":[{"name":"delovni list","href":"https:\/\/api.w.org\/{rel}","templated":true}]}}