{"id":17047,"date":"2025-02-05T02:02:28","date_gmt":"2025-02-05T02:02:28","guid":{"rendered":"https:\/\/www.hydraulic-cylinders.net\/?post_type=product&#038;p=17047"},"modified":"2025-04-02T08:28:41","modified_gmt":"2025-04-02T08:28:41","slug":"lift-cylinder-for-crawler-crane","status":"publish","type":"product","link":"https:\/\/www.hydraulic-cylinders.net\/sl\/izdelek\/lift-cylinder-for-crawler-crane\/","title":{"rendered":"Dvi\u017eni cilinder za goseni\u010dni \u017eerjav"},"content":{"rendered":"<h1 style=\"text-align: center;\"><strong>Dvi\u017eni cilinder za goseni\u010dni \u017eerjav<\/strong><\/h1>\n<h1 style=\"text-align: center;\"><img loading=\"lazy\" decoding=\"async\" class=\"alignnone size-full wp-image-17048\" src=\"https:\/\/www.hydraulic-cylinders.net\/wp-content\/uploads\/2025\/02\/hcyy11112018-lift-cylinder-2.webp\" alt=\"\" width=\"1524\" height=\"539\" srcset=\"https:\/\/www.hydraulic-cylinders.net\/wp-content\/uploads\/2025\/02\/hcyy11112018-lift-cylinder-2.webp 1524w, https:\/\/www.hydraulic-cylinders.net\/wp-content\/uploads\/2025\/02\/hcyy11112018-lift-cylinder-2-1280x453.webp 1280w, https:\/\/www.hydraulic-cylinders.net\/wp-content\/uploads\/2025\/02\/hcyy11112018-lift-cylinder-2-980x347.webp 980w, https:\/\/www.hydraulic-cylinders.net\/wp-content\/uploads\/2025\/02\/hcyy11112018-lift-cylinder-2-480x170.webp 480w\" sizes=\"(min-width: 0px) and (max-width: 480px) 480px, (min-width: 481px) and (max-width: 980px) 980px, (min-width: 981px) and (max-width: 1280px) 1280px, (min-width: 1281px) 1524px, 100vw\" \/><\/h1>\n<p>Na\u0161i dvi\u017eni cilindri za goseni\u010dne \u017eerjave so zasnovani za zagotavljanje zmogljive in zanesljive dvi\u017ene zmogljivosti za te\u017eka dela. Ti hidravli\u010dni cilindri, zasnovani posebej za goseni\u010dne \u017eerjave, zagotavljajo silo, potrebno za natan\u010dno dvigovanje \u017eerjavnih rok (nosilcev), ki podpirajo obremenitve do 590 ton v zahtevnih okoljih, kot so gradbi\u0161\u010da, gradnja mostov in rudarstvo. Na\u0161i dvi\u017eni cilindri, izdelani iz visoko trdnega legiranega jekla in opremljeni z naprednimi tesnilnimi sistemi, zagotavljajo vzdr\u017eljivost in delovanje brez pu\u0161\u010danja, tudi pri ekstremnih dinami\u010dnih obremenitvah in te\u017ekih pogojih.<\/p>\n<p>Z nazivnim tlakom do 35 MPa in opcijskimi premazi, odpornimi proti koroziji, so izdelani za dolgotrajno zanesljivost na zahtevnih terenih. Ne glede na to, ali dvigujete jeklene nosilce ali name\u0161\u010date te\u017eko opremo, na\u0161i dvi\u017eni cilindri za goseni\u010dne \u017eerjave zagotavljajo varnost, u\u010dinkovitost in neprekosljivo zmogljivost za va\u0161e potrebe dvigovanja.<\/p>\n<h2><strong>Dvi\u017eni cilinder za goseni\u010dni \u017eerjav Parameter:<\/strong><\/h2>\n<h1 style=\"text-align: center;\"><img loading=\"lazy\" decoding=\"async\" class=\"alignnone size-full wp-image-17049\" src=\"https:\/\/www.hydraulic-cylinders.net\/wp-content\/uploads\/2025\/02\/hcyy11112018-lift-cylinder-1.webp\" alt=\"\" width=\"1515\" height=\"147\" srcset=\"https:\/\/www.hydraulic-cylinders.net\/wp-content\/uploads\/2025\/02\/hcyy11112018-lift-cylinder-1.webp 1515w, https:\/\/www.hydraulic-cylinders.net\/wp-content\/uploads\/2025\/02\/hcyy11112018-lift-cylinder-1-1280x124.webp 1280w, https:\/\/www.hydraulic-cylinders.net\/wp-content\/uploads\/2025\/02\/hcyy11112018-lift-cylinder-1-980x95.webp 980w, https:\/\/www.hydraulic-cylinders.net\/wp-content\/uploads\/2025\/02\/hcyy11112018-lift-cylinder-1-480x47.webp 480w\" sizes=\"(min-width: 0px) and (max-width: 480px) 480px, (min-width: 481px) and (max-width: 980px) 980px, (min-width: 981px) and (max-width: 1280px) 1280px, (min-width: 1281px) 1515px, 100vw\" \/> <img loading=\"lazy\" decoding=\"async\" class=\"alignnone size-full wp-image-17051\" src=\"https:\/\/www.hydraulic-cylinders.net\/wp-content\/uploads\/2025\/02\/hcyy11112018-lift-cylinder-3.webp\" alt=\"\" width=\"1477\" height=\"707\" srcset=\"https:\/\/www.hydraulic-cylinders.net\/wp-content\/uploads\/2025\/02\/hcyy11112018-lift-cylinder-3.webp 1477w, https:\/\/www.hydraulic-cylinders.net\/wp-content\/uploads\/2025\/02\/hcyy11112018-lift-cylinder-3-1280x613.webp 1280w, https:\/\/www.hydraulic-cylinders.net\/wp-content\/uploads\/2025\/02\/hcyy11112018-lift-cylinder-3-980x469.webp 980w, https:\/\/www.hydraulic-cylinders.net\/wp-content\/uploads\/2025\/02\/hcyy11112018-lift-cylinder-3-480x230.webp 480w\" sizes=\"(min-width: 0px) and (max-width: 480px) 480px, (min-width: 481px) and (max-width: 980px) 980px, (min-width: 981px) and (max-width: 1280px) 1280px, (min-width: 1281px) 1477px, 100vw\" \/> <img loading=\"lazy\" decoding=\"async\" class=\"alignnone size-full wp-image-17052\" src=\"https:\/\/www.hydraulic-cylinders.net\/wp-content\/uploads\/2025\/02\/hcyy11112018-lift-cylinder-4.webp\" alt=\"\" width=\"1475\" height=\"711\" srcset=\"https:\/\/www.hydraulic-cylinders.net\/wp-content\/uploads\/2025\/02\/hcyy11112018-lift-cylinder-4.webp 1475w, https:\/\/www.hydraulic-cylinders.net\/wp-content\/uploads\/2025\/02\/hcyy11112018-lift-cylinder-4-1280x617.webp 1280w, https:\/\/www.hydraulic-cylinders.net\/wp-content\/uploads\/2025\/02\/hcyy11112018-lift-cylinder-4-980x472.webp 980w, https:\/\/www.hydraulic-cylinders.net\/wp-content\/uploads\/2025\/02\/hcyy11112018-lift-cylinder-4-480x231.webp 480w\" sizes=\"(min-width: 0px) and (max-width: 480px) 480px, (min-width: 481px) and (max-width: 980px) 980px, (min-width: 981px) and (max-width: 1280px) 1280px, (min-width: 1281px) 1475px, 100vw\" \/> <img loading=\"lazy\" decoding=\"async\" class=\"alignnone size-full wp-image-17053\" src=\"https:\/\/www.hydraulic-cylinders.net\/wp-content\/uploads\/2025\/02\/hcyy11112018-lift-cylinder-5.webp\" alt=\"\" width=\"1451\" height=\"696\" srcset=\"https:\/\/www.hydraulic-cylinders.net\/wp-content\/uploads\/2025\/02\/hcyy11112018-lift-cylinder-5.webp 1451w, https:\/\/www.hydraulic-cylinders.net\/wp-content\/uploads\/2025\/02\/hcyy11112018-lift-cylinder-5-1280x614.webp 1280w, https:\/\/www.hydraulic-cylinders.net\/wp-content\/uploads\/2025\/02\/hcyy11112018-lift-cylinder-5-980x470.webp 980w, https:\/\/www.hydraulic-cylinders.net\/wp-content\/uploads\/2025\/02\/hcyy11112018-lift-cylinder-5-480x230.webp 480w\" sizes=\"(min-width: 0px) and (max-width: 480px) 480px, (min-width: 481px) and (max-width: 980px) 980px, (min-width: 981px) and (max-width: 1280px) 1280px, (min-width: 1281px) 1451px, 100vw\" \/><\/h1>\n<h2><strong>Serija cilindrov goseni\u010dnih \u017eerjavov:<\/strong><\/h2>\n<h2><img loading=\"lazy\" decoding=\"async\" class=\"alignnone size-full wp-image-17054 aligncenter\" src=\"https:\/\/www.hydraulic-cylinders.net\/wp-content\/uploads\/2025\/02\/cylinder-series-of-crawler-crane-1.webp\" alt=\"\" width=\"709\" height=\"791\" srcset=\"https:\/\/www.hydraulic-cylinders.net\/wp-content\/uploads\/2025\/02\/cylinder-series-of-crawler-crane-1.webp 709w, https:\/\/www.hydraulic-cylinders.net\/wp-content\/uploads\/2025\/02\/cylinder-series-of-crawler-crane-1-480x536.webp 480w\" sizes=\"(min-width: 0px) and (max-width: 480px) 480px, (min-width: 481px) 709px, 100vw\" \/><\/h2>\n<h2><strong>Klju\u010dne zna\u010dilnosti dvi\u017enega cilindra za goseni\u010dni \u017eerjav:<\/strong><\/h2>\n<h4><strong>Visoka vzdr\u017eljivost<\/strong><\/h4>\n<p>Dvi\u017eni cilinder je izdelan iz vrhunskih materialov, posebej izbranih zaradi njihove trdnosti in odpornosti. Zaradi robustne zasnove lahko cilinder prenese te\u017eke delovne pogoje in velike obremenitve, zaradi \u010desar je idealna izbira za zahtevna gradbena okolja. Uporabniki se lahko zanesejo na njegovo dolgotrajno delovanje, kar zmanj\u0161uje potrebo po pogostih zamenjavah in zagotavlja nemoteno delovanje tudi v najzahtevnej\u0161ih scenarijih.<\/p>\n<h4><strong>Precizno in\u017eenirstvo<\/strong><\/h4>\n<p>Zasnovan s skrbno pozornostjo do detajlov, ima natan\u010dne proizvodne tolerance. Ta raven natan\u010dnosti omogo\u010da nemoteno delovanje in izbolj\u0161uje natan\u010dnost dvigovanja, kar operaterjem omogo\u010da samozavestno rokovanje s bremeni. Ne glede na to, ali dvigujete ob\u010dutljive materiale ali te\u017eke stroje, ta valj zagotavlja, da je vsako gibanje nadzorovano in zanesljivo, kar zmanj\u0161uje tveganje za nesre\u010de in izbolj\u0161uje splo\u0161no u\u010dinkovitost.<\/p>\n<h4><strong>Odpornost proti koroziji<\/strong><\/h4>\n<p>Za boj proti u\u010dinkom izpostavljenosti vlagi in agresivnim elementom je dvi\u017eni valj podvr\u017een posebni povr\u0161inski obdelavi. Ta za\u0161\u010ditna plast \u0161\u010diti pred rjo in korozijo, kar znatno podalj\u0161a \u017eivljenjsko dobo valja. Z ohranjanjem optimalne zmogljivosti skozi \u010das ta lastnost ne le pove\u010da zanesljivost valja, temve\u010d prispeva tudi k ni\u017ejim stro\u0161kom vzdr\u017eevanja in ve\u010dji operativni u\u010dinkovitosti.<\/p>\n<h4><strong>Kompaktna zasnova<\/strong><\/h4>\n<p>Kompaktna zasnova dvi\u017enega cilindra ga lo\u010di od drugih, saj omogo\u010da enostavno namestitev in brezhibno integracijo v razli\u010dne modele goseni\u010dnih \u017eerjavov. Njegove prostorsko var\u010dne dimenzije omogo\u010dajo upravljavcem, da pove\u010dajo u\u010dinkovitost svojih strojev, ne da bi pri tem \u017ertvovali mo\u010d. Zaradi te vsestranskosti je odli\u010dna izbira za projekte z omejenim prostorom, saj zagotavlja, da zmogljivosti dvigovanja te\u017ekih bremen niso nikoli ogro\u017eene.<\/p>\n<h4><strong>Visokotla\u010dna zmogljivost<\/strong><\/h4>\n<p>Dvi\u017eni cilinder, zasnovan za visoke hidravli\u010dne tlake, blesti pri u\u010dinkovitem dvigovanju. Ta zmogljivost zagotavlja, da lahko cilinder varno in u\u010dinkovito obvladuje znatne obremenitve, kar upravljavcem zagotavlja brezskrbnost. Z dajanjem prednosti varnosti in hkrati maksimiranjem zmogljivosti ta cilinder podpira \u0161irok spekter uporabe, od gradbeni\u0161tva do industrijskih dvi\u017enih nalog, zaradi \u010desar je zanesljiva izbira za vsa te\u017eka dela.<\/p>\n<h2><strong>Zakaj je dvi\u017eni cilinder primeren za dvigovanje te\u017ekih bremen?<\/strong><\/h2>\n<p>Tukaj je podrobnej\u0161a razlaga, zakaj je dvi\u017eni cilinder primeren za dvigovanje te\u017ekih bremen:<\/p>\n<ol>\n<li><strong>Izjemna vzdr\u017eljivost<\/strong>:<br \/>\nDvi\u017eni cilinder je izdelan iz visokokakovostnih materialov, posebej izbranih zaradi njihove trdnosti in odpornosti. Zaradi te robustnosti lahko cilinder prenese ekstremne pogoje, kot so mo\u010dne vibracije, udarne obremenitve in ostri okoljski dejavniki, zna\u010dilni za gradbeni\u0161tvo in industrijo. Zaradi vzdr\u017eljivosti se obraba zmanj\u0161uje, kar vodi do manj\u0161ega \u0161tevila okvar in izpadov, kar je klju\u010dnega pomena za ohranjanje produktivnosti na gradbi\u0161\u010dih.<\/li>\n<li><strong>Visokotla\u010dna zmogljivost<\/strong>:<br \/>\nTa dvi\u017eni valj je zasnovan za visoke hidravli\u010dne tlake, ki so klju\u010dni za varno in u\u010dinkovito dvigovanje znatnih te\u017e. Njegova zasnova vklju\u010duje napredna in\u017eenirska na\u010dela, ki omogo\u010dajo delovanje pod intenzivnimi obremenitvami brez ogro\u017eanja strukturne celovitosti. Ta visokotla\u010dna zmogljivost zagotavlja, da lahko valj zanesljivo dviguje te\u017eke stroje in materiale, zaradi \u010desar je primeren za razli\u010dne aplikacije, od gradbeni\u0161tva do te\u017eke proizvodnje.<\/li>\n<li><strong>Precizno in\u017eenirstvo<\/strong>:<br \/>\nZna\u010dilnosti imajo najsodobnej\u0161e proizvodne tolerance, ki zagotavljajo natan\u010dno poravnavo in delovanje. Ta raven natan\u010dnosti je klju\u010dnega pomena za naloge, ki zahtevajo ob\u010dutljivo rokovanje ali natan\u010dno pozicioniranje, saj zmanj\u0161uje tveganje za nesre\u010de in pove\u010duje splo\u0161no natan\u010dnost dvigovanja. Upravljavci se lahko zanesejo, da bo valj deloval dosledno, kar vodi do ve\u010djega zaupanja pri dvigovanju in izbolj\u0161ane varnosti tako za osebje kot za opremo.<\/li>\n<li><strong>Vrhunska odpornost proti koroziji<\/strong>:<br \/>\nZa boj proti u\u010dinkom vlage, kemikalij in drugih korozivnih elementov je povr\u0161ina obdelana s posebno povr\u0161insko obdelavo. Ta za\u0161\u010ditna plast znatno zmanj\u0161a tveganje za rjo in korozijo, ki bi sicer lahko povzro\u010dili mehanske okvare. Z izbolj\u0161anjem odpornosti cilindra na okoljske dejavnike ta lastnost zagotavlja dolgoro\u010dno zanesljivost in delovanje, kar na koncu zni\u017euje stro\u0161ke vzdr\u017eevanja in podalj\u0161uje \u017eivljenjsko dobo opreme.<\/li>\n<li><strong>Kompaktna zasnova<\/strong>:<br \/>\nKompaktna zasnova dvi\u017enega cilindra omogo\u010da enostavno namestitev in integracijo v razli\u010dne modele goseni\u010dnih \u017eerjavov. Ta funkcija var\u010devanja s prostorom je \u0161e posebej koristna v okoljih z omejenim prostorom, kjer je bistvenega pomena maksimiranje operativnih zmogljivosti \u017eerjava. Poenostavljena zasnova ne ogro\u017ea dvi\u017ene mo\u010di, kar zagotavlja, da lahko upravljavci u\u010dinkovito rokujejo s te\u017ekimi bremeni brez zajetnosti, povezane s tradicionalnimi cilindri.<\/li>\n<\/ol>\n<p>Zaradi teh izbolj\u0161anih lastnosti je dvi\u017eni cilinder odli\u010dna izbira za dvigovanje te\u017ekih bremen, saj zagotavlja zanesljivost, u\u010dinkovitost in varnost pri delu.<\/p>\n<h2><strong>Proizvodno obmo\u010dje valjev za vili\u010darje:<\/strong><\/h2>\n<h2><img loading=\"lazy\" decoding=\"async\" class=\"alignnone size-full wp-image-16972\" src=\"https:\/\/www.hydraulic-cylinders.net\/wp-content\/uploads\/2025\/01\/hydraulic-cylinder-factory-1-scaled.webp\" alt=\"\" width=\"2016\" height=\"2560\" srcset=\"https:\/\/www.hydraulic-cylinders.net\/wp-content\/uploads\/2025\/01\/hydraulic-cylinder-factory-1-scaled.webp 2016w, https:\/\/www.hydraulic-cylinders.net\/wp-content\/uploads\/2025\/01\/hydraulic-cylinder-factory-1-1280x1625.webp 1280w, https:\/\/www.hydraulic-cylinders.net\/wp-content\/uploads\/2025\/01\/hydraulic-cylinder-factory-1-980x1244.webp 980w, https:\/\/www.hydraulic-cylinders.net\/wp-content\/uploads\/2025\/01\/hydraulic-cylinder-factory-1-480x610.webp 480w\" sizes=\"(min-width: 0px) and (max-width: 480px) 480px, (min-width: 481px) and (max-width: 980px) 980px, (min-width: 981px) and (max-width: 1280px) 1280px, (min-width: 1281px) 2016px, 100vw\" \/><\/h2>\n<p>Pona\u0161amo se z najsodobnej\u0161o neodvisno platformo za raziskave in razvoj, namenjeno monta\u017ei, ki zagotavlja vrhunske inovacije in kakovost v na\u0161ih proizvodnih procesih. Na\u0161a delavnica za proizvodnjo valjev za vili\u010darje ima \u0161tiri polavtomatske monta\u017ene linije za dvi\u017ene valje in popolnoma avtomatsko monta\u017eno linijo za nagibne valje, ki so skupaj zasnovane za proizvodnjo do milijona enot letno.<\/p>\n<p>Poleg tega je na\u0161a specializirana delavnica za jeklenke opremljena s polavtomatskimi sistemi za \u010di\u0161\u010denje in monta\u017eo, prilagojenimi razli\u010dnim specifikacijam, z letno proizvodno zmogljivostjo 200.000 kosov. Uporabljamo priznano CNC opremo, obdelovalne centre in specializirana orodja za visoko precizno obdelavo jeklenk. Na\u0161 obrat vklju\u010duje tudi napredne robotske varilne stroje, avtomatske sisteme za \u010di\u0161\u010denje in popolnoma avtomatizirane linije za monta\u017eo in barvanje jeklenk. Z ve\u010d kot 300 klju\u010dnimi kosi opreme v uporabi optimiziramo dodelitev virov in zagotavljamo u\u010dinkovito izrabo, pri \u010demer izpolnjujemo stroge standarde natan\u010dnosti in kakovosti.<\/p>\n<p>Na\u0161a strojna delavnica ima stru\u017eilne centre za nagibne vodilne tirnice po meri, obdelovalne centre, visokohitrostne stroje za honanje, varilne robote in drugo bistveno opremo. Ta postavitev nam omogo\u010da obdelavo valjastih cevi z najve\u010djim notranjim premerom 400 mm in dol\u017eino do 6 metrov, kar \u0161e dodatno izbolj\u0161uje na\u0161e proizvodne zmogljivosti.<\/p>\n<h2><img loading=\"lazy\" decoding=\"async\" class=\"alignnone size-full wp-image-16973\" src=\"https:\/\/www.hydraulic-cylinders.net\/wp-content\/uploads\/2025\/01\/hydraulic-cylinder-factory-2-scaled.webp\" alt=\"\" width=\"2011\" height=\"2560\" srcset=\"https:\/\/www.hydraulic-cylinders.net\/wp-content\/uploads\/2025\/01\/hydraulic-cylinder-factory-2-scaled.webp 2011w, https:\/\/www.hydraulic-cylinders.net\/wp-content\/uploads\/2025\/01\/hydraulic-cylinder-factory-2-1280x1629.webp 1280w, https:\/\/www.hydraulic-cylinders.net\/wp-content\/uploads\/2025\/01\/hydraulic-cylinder-factory-2-980x1248.webp 980w, https:\/\/www.hydraulic-cylinders.net\/wp-content\/uploads\/2025\/01\/hydraulic-cylinder-factory-2-480x611.webp 480w\" sizes=\"(min-width: 0px) and (max-width: 480px) 480px, (min-width: 481px) and (max-width: 980px) 980px, (min-width: 981px) and (max-width: 1280px) 1280px, (min-width: 1281px) 2011px, 100vw\" \/><\/h2>\n<p>Upravljamo popolnoma avtomatsko linijo za barvanje na vodni osnovi, posebej zasnovano za majhne in srednje velike jeklenke, z avtomatiziranimi roboti za nalaganje, razkladanje in brizganje. Ta najsodobnej\u0161i sistem se pona\u0161a s proizvodno zmogljivostjo 4000 enot na izmeno. Poleg tega imamo polavtomatsko linijo za barvanje velikih jeklenk, ki jo poganja veri\u017eni pogon, s projektno zmogljivostjo 60 zabojev na izmeno.<\/p>\n<p>Da bi izbolj\u0161ali u\u010dinkovitost izdelkov in utrdili na\u0161o vodilno vlogo v industriji hidravli\u010dnih cilindrov, smo se povezali z ZJIMEE in ustanovili celovit laboratorij za merjenje u\u010dinkovitosti, namenjen hidravli\u010dnim cilindrom, ventilom in \u010drpalkam. Ta napredni laboratorij uporablja ra\u010dunalni\u0161ko podprto testiranje z elektrohidravli\u010dno tehnologijo, kar omogo\u010da vnaprej dolo\u010dene pogoje testiranja, ki izbolj\u0161ajo natan\u010dnost in vsestranskost sistema. Avtomatiziran postopek zbiranja podatkov uporablja senzorje za zbiranje izhodnih podatkov, kot so notranje pu\u0161\u010danje in izkoristek obremenitve, ki jih nato obdela ra\u010dunalnik in pretvori v standardne enote (ml\/min%).<\/p>\n<p>Poleg tega za zagotovitev varnosti na\u0161ih hidravli\u010dnih sistemov izvajamo spremljanje stanja klju\u010dnih parametrov delovanja, vklju\u010dno s temperaturo olja, nivojem teko\u010dine in stanjem filtrirne naprave. Na\u0161e preskusno mesto za hidravli\u010dne cilindre lahko z natan\u010dnimi od\u010ditki oceni \u00bbu\u010dinkovitost obremenitve\u00ab in \u00bbnotranje pu\u0161\u010danje\u00ab. Opremljeno je tudi z merilnim instrumentom z ravnilom, ki ustreza nacionalnim standardom in zagotavlja skladnost z vsemi zahtevami glede presku\u0161anja hidravli\u010dnih cilindrov.<\/p>\n<p>&nbsp;<\/p>","protected":false},"excerpt":{"rendered":"<p>Lift Cylinder For Crawler Crane Our Lift Cylinders for Crawler Cranes are designed to deliver powerful and reliable lifting performance for heavy-duty applications. Engineered specifically for crawler cranes, these hydraulic cylinders provide the force needed to elevate crane arms (booms) with precision, supporting loads up to 590 tons in demanding environments such as construction sites, [&hellip;]<\/p>","protected":false},"featured_media":17055,"comment_status":"open","ping_status":"closed","template":"","meta":{"_et_pb_use_builder":"","_et_pb_old_content":"","_et_gb_content_width":""},"product_brand":[],"product_cat":[1376,1514],"product_tag":[],"class_list":{"0":"post-17047","1":"product","2":"type-product","3":"status-publish","4":"has-post-thumbnail","6":"product_cat-hydraulic-cylinder","7":"product_cat-mobile-crane-hydraulic-cylinders","9":"first","10":"instock","11":"shipping-taxable","12":"product-type-simple"},"amp_enabled":true,"_links":{"self":[{"href":"https:\/\/www.hydraulic-cylinders.net\/sl\/wp-json\/wp\/v2\/product\/17047","targetHints":{"allow":["GET"]}}],"collection":[{"href":"https:\/\/www.hydraulic-cylinders.net\/sl\/wp-json\/wp\/v2\/product"}],"about":[{"href":"https:\/\/www.hydraulic-cylinders.net\/sl\/wp-json\/wp\/v2\/types\/product"}],"replies":[{"embeddable":true,"href":"https:\/\/www.hydraulic-cylinders.net\/sl\/wp-json\/wp\/v2\/comments?post=17047"}],"wp:featuredmedia":[{"embeddable":true,"href":"https:\/\/www.hydraulic-cylinders.net\/sl\/wp-json\/wp\/v2\/media\/17055"}],"wp:attachment":[{"href":"https:\/\/www.hydraulic-cylinders.net\/sl\/wp-json\/wp\/v2\/media?parent=17047"}],"wp:term":[{"taxonomy":"product_brand","embeddable":true,"href":"https:\/\/www.hydraulic-cylinders.net\/sl\/wp-json\/wp\/v2\/product_brand?post=17047"},{"taxonomy":"product_cat","embeddable":true,"href":"https:\/\/www.hydraulic-cylinders.net\/sl\/wp-json\/wp\/v2\/product_cat?post=17047"},{"taxonomy":"product_tag","embeddable":true,"href":"https:\/\/www.hydraulic-cylinders.net\/sl\/wp-json\/wp\/v2\/product_tag?post=17047"}],"curies":[{"name":"delovni list","href":"https:\/\/api.w.org\/{rel}","templated":true}]}}