{"id":17058,"date":"2025-02-05T06:07:17","date_gmt":"2025-02-05T06:07:17","guid":{"rendered":"https:\/\/www.hydraulic-cylinders.net\/?post_type=product&#038;p=17058"},"modified":"2025-04-11T03:28:20","modified_gmt":"2025-04-11T03:28:20","slug":"arm-anti-tilt-hydraulic-cylinders-for-crawler-crane","status":"publish","type":"product","link":"https:\/\/www.hydraulic-cylinders.net\/sl\/izdelek\/arm-anti-tilt-hydraulic-cylinders-for-crawler-crane\/","title":{"rendered":"Hidravli\u010dni cilindri proti nagibu roke za goseni\u010dni \u017eerjav"},"content":{"rendered":"<h1 style=\"text-align: center;\"><strong>Hidravli\u010dni cilindri proti nagibu roke za goseni\u010dni \u017eerjav<\/strong><\/h1>\n<h1 style=\"text-align: center;\"><img loading=\"lazy\" decoding=\"async\" class=\"alignnone size-full wp-image-17060\" src=\"https:\/\/www.hydraulic-cylinders.net\/wp-content\/uploads\/2025\/02\/hcyy11112019-cylinder-for-preventing-rear-tlit-of-boom-2.webp\" alt=\"\" width=\"1499\" height=\"519\" srcset=\"https:\/\/www.hydraulic-cylinders.net\/wp-content\/uploads\/2025\/02\/hcyy11112019-cylinder-for-preventing-rear-tlit-of-boom-2.webp 1499w, https:\/\/www.hydraulic-cylinders.net\/wp-content\/uploads\/2025\/02\/hcyy11112019-cylinder-for-preventing-rear-tlit-of-boom-2-1280x443.webp 1280w, https:\/\/www.hydraulic-cylinders.net\/wp-content\/uploads\/2025\/02\/hcyy11112019-cylinder-for-preventing-rear-tlit-of-boom-2-980x339.webp 980w, https:\/\/www.hydraulic-cylinders.net\/wp-content\/uploads\/2025\/02\/hcyy11112019-cylinder-for-preventing-rear-tlit-of-boom-2-480x166.webp 480w\" sizes=\"(min-width: 0px) and (max-width: 480px) 480px, (min-width: 481px) and (max-width: 980px) 980px, (min-width: 981px) and (max-width: 1280px) 1280px, (min-width: 1281px) 1499px, 100vw\" \/><\/h1>\n<p>Na\u0161i hidravli\u010dni cilindri z za\u0161\u010dito pred nagibanjem roke za goseni\u010dne \u017eerjave so zasnovani za pove\u010danje varnosti in stabilnosti med dvigovanjem te\u017ekih bremen. Ti cilindri, zasnovani posebej za goseni\u010dne \u017eerjave, prepre\u010dujejo, da bi se roka \u017eerjava (roka) nagnila nazaj pod ekstremnimi obremenitvami, kar zagotavlja varnost delovanja v zahtevnih okoljih, kot so gradbi\u0161\u010da, pristani\u0161ke operacije in industrijski projekti. Na\u0161i cilindri so izdelani iz visoko trdnih materialov in imajo napredno tehnologijo tesnjenja, zato ponujajo izjemno vzdr\u017eljivost, prenesejo dinami\u010dne obremenitve in te\u017eke pogoje, hkrati pa ohranjajo natan\u010den nadzor.<\/p>\n<p>Z nazivnim tlakom do 35 MPa in premazi, odpornimi proti koroziji, so idealni za dolgotrajno uporabo na neravnih terenih. Ne glede na to, ali dvigujete te\u017eke jeklene konstrukcije ali pretovarjate prevelik tovor, na\u0161i hidravli\u010dni cilindri z za\u0161\u010dito pred nagibanjem roke zagotavljajo zanesljivost in zmogljivost, ki ju potrebujete za varno in u\u010dinkovito delovanje va\u0161ega goseni\u010dnega \u017eerjava.<\/p>\n<h2><strong>Hidravli\u010dni cilindri proti nagibu roke za goseni\u010dni \u017eerjav Parameter:<\/strong><\/h2>\n<h1 style=\"text-align: center;\"><img loading=\"lazy\" decoding=\"async\" class=\"alignnone size-full wp-image-17059\" src=\"https:\/\/www.hydraulic-cylinders.net\/wp-content\/uploads\/2025\/02\/hcyy11112019-cylinder-for-preventing-rear-tlit-of-boom-1.webp\" alt=\"\" width=\"1512\" height=\"147\" srcset=\"https:\/\/www.hydraulic-cylinders.net\/wp-content\/uploads\/2025\/02\/hcyy11112019-cylinder-for-preventing-rear-tlit-of-boom-1.webp 1512w, https:\/\/www.hydraulic-cylinders.net\/wp-content\/uploads\/2025\/02\/hcyy11112019-cylinder-for-preventing-rear-tlit-of-boom-1-1280x124.webp 1280w, https:\/\/www.hydraulic-cylinders.net\/wp-content\/uploads\/2025\/02\/hcyy11112019-cylinder-for-preventing-rear-tlit-of-boom-1-980x95.webp 980w, https:\/\/www.hydraulic-cylinders.net\/wp-content\/uploads\/2025\/02\/hcyy11112019-cylinder-for-preventing-rear-tlit-of-boom-1-480x47.webp 480w\" sizes=\"(min-width: 0px) and (max-width: 480px) 480px, (min-width: 481px) and (max-width: 980px) 980px, (min-width: 981px) and (max-width: 1280px) 1280px, (min-width: 1281px) 1512px, 100vw\" \/><img loading=\"lazy\" decoding=\"async\" class=\"alignnone size-full wp-image-17061\" src=\"https:\/\/www.hydraulic-cylinders.net\/wp-content\/uploads\/2025\/02\/hcyy11112019-cylinder-for-preventing-rear-tlit-of-boom-3.webp\" alt=\"\" width=\"1477\" height=\"707\" srcset=\"https:\/\/www.hydraulic-cylinders.net\/wp-content\/uploads\/2025\/02\/hcyy11112019-cylinder-for-preventing-rear-tlit-of-boom-3.webp 1477w, https:\/\/www.hydraulic-cylinders.net\/wp-content\/uploads\/2025\/02\/hcyy11112019-cylinder-for-preventing-rear-tlit-of-boom-3-1280x613.webp 1280w, https:\/\/www.hydraulic-cylinders.net\/wp-content\/uploads\/2025\/02\/hcyy11112019-cylinder-for-preventing-rear-tlit-of-boom-3-980x469.webp 980w, https:\/\/www.hydraulic-cylinders.net\/wp-content\/uploads\/2025\/02\/hcyy11112019-cylinder-for-preventing-rear-tlit-of-boom-3-480x230.webp 480w\" sizes=\"(min-width: 0px) and (max-width: 480px) 480px, (min-width: 481px) and (max-width: 980px) 980px, (min-width: 981px) and (max-width: 1280px) 1280px, (min-width: 1281px) 1477px, 100vw\" \/> <img loading=\"lazy\" decoding=\"async\" class=\"alignnone size-full wp-image-17062\" src=\"https:\/\/www.hydraulic-cylinders.net\/wp-content\/uploads\/2025\/02\/hcyy11112019-cylinder-for-preventing-rear-tlit-of-boom-4.webp\" alt=\"\" width=\"1477\" height=\"711\" srcset=\"https:\/\/www.hydraulic-cylinders.net\/wp-content\/uploads\/2025\/02\/hcyy11112019-cylinder-for-preventing-rear-tlit-of-boom-4.webp 1477w, https:\/\/www.hydraulic-cylinders.net\/wp-content\/uploads\/2025\/02\/hcyy11112019-cylinder-for-preventing-rear-tlit-of-boom-4-1280x616.webp 1280w, https:\/\/www.hydraulic-cylinders.net\/wp-content\/uploads\/2025\/02\/hcyy11112019-cylinder-for-preventing-rear-tlit-of-boom-4-980x472.webp 980w, https:\/\/www.hydraulic-cylinders.net\/wp-content\/uploads\/2025\/02\/hcyy11112019-cylinder-for-preventing-rear-tlit-of-boom-4-480x231.webp 480w\" sizes=\"(min-width: 0px) and (max-width: 480px) 480px, (min-width: 481px) and (max-width: 980px) 980px, (min-width: 981px) and (max-width: 1280px) 1280px, (min-width: 1281px) 1477px, 100vw\" \/> <img loading=\"lazy\" decoding=\"async\" class=\"alignnone size-full wp-image-17063\" src=\"https:\/\/www.hydraulic-cylinders.net\/wp-content\/uploads\/2025\/02\/hcyy11112019-cylinder-for-preventing-rear-tlit-of-boom-5.webp\" alt=\"\" width=\"1401\" height=\"671\" srcset=\"https:\/\/www.hydraulic-cylinders.net\/wp-content\/uploads\/2025\/02\/hcyy11112019-cylinder-for-preventing-rear-tlit-of-boom-5.webp 1401w, https:\/\/www.hydraulic-cylinders.net\/wp-content\/uploads\/2025\/02\/hcyy11112019-cylinder-for-preventing-rear-tlit-of-boom-5-1280x613.webp 1280w, https:\/\/www.hydraulic-cylinders.net\/wp-content\/uploads\/2025\/02\/hcyy11112019-cylinder-for-preventing-rear-tlit-of-boom-5-980x469.webp 980w, https:\/\/www.hydraulic-cylinders.net\/wp-content\/uploads\/2025\/02\/hcyy11112019-cylinder-for-preventing-rear-tlit-of-boom-5-480x230.webp 480w\" sizes=\"(min-width: 0px) and (max-width: 480px) 480px, (min-width: 481px) and (max-width: 980px) 980px, (min-width: 981px) and (max-width: 1280px) 1280px, (min-width: 1281px) 1401px, 100vw\" \/><\/h1>\n<h2><strong>Serija cilindrov goseni\u010dnih \u017eerjavov:<\/strong><\/h2>\n<h2><img loading=\"lazy\" decoding=\"async\" class=\"alignnone size-full wp-image-17054 aligncenter\" src=\"https:\/\/www.hydraulic-cylinders.net\/wp-content\/uploads\/2025\/02\/cylinder-series-of-crawler-crane-1.webp\" alt=\"\" width=\"709\" height=\"791\" srcset=\"https:\/\/www.hydraulic-cylinders.net\/wp-content\/uploads\/2025\/02\/cylinder-series-of-crawler-crane-1.webp 709w, https:\/\/www.hydraulic-cylinders.net\/wp-content\/uploads\/2025\/02\/cylinder-series-of-crawler-crane-1-480x536.webp 480w\" sizes=\"(min-width: 0px) and (max-width: 480px) 480px, (min-width: 481px) 709px, 100vw\" \/><\/h2>\n<h2><strong>Klju\u010dne zna\u010dilnosti hidravli\u010dnih cilindrov z za\u0161\u010dito pred nagibom roke za goseni\u010dni \u017eerjav:<\/strong><\/h2>\n<h4><strong>Robustna konstrukcija<\/strong><\/h4>\n<p>Hidravli\u010dni cilindri z za\u0161\u010dito pred nagibanjem roke se pona\u0161ajo z robustno konstrukcijo iz visoko trdnih materialov, skrbno izbranih za najte\u017eje delovne pogoje. Ta konstrukcija ne zagotavlja le izjemne vzdr\u017eljivosti, temve\u010d tudi pove\u010duje zanesljivost, kar omogo\u010da upravljavcem, da se osredoto\u010dijo na trenutno nalogo, ne da bi jih skrbele okvare opreme. Zaradi odpornosti cilindra se lahko spopade z vsem, od ekstremnih temperatur do mo\u010dnih vibracij, zaradi \u010desar je zanesljiva izbira za vsako delo z \u017eerjavom.<\/p>\n<h4><strong>Visoka nosilnost<\/strong><\/h4>\n<p>Hidravli\u010dni cilindri z za\u0161\u010dito pred nagibanjem roke, zasnovani za dvigovanje znatnih te\u017e, omogo\u010dajo upravljavcem samozavestno dvigovanje in manevriranje te\u017ekih materialov. Njihova impresivna nosilnost igra klju\u010dno vlogo pri \u0161irjenju zmogljivosti goseni\u010dnih \u017eerjavov, saj jim omogo\u010da opravljanje kompleksnih nalog, ki zahtevajo mo\u010d in stabilnost. Ne glede na to, ali gre za dvigovanje jeklenih nosilcev ali prevoz te\u017ekih strojev, ta cilinder zagotavlja mo\u010d, potrebno za varno in u\u010dinkovito opravljanje dela.<\/p>\n<h4><strong>Precizno in\u017eenirstvo<\/strong><\/h4>\n<p>Z zasnovo, ki se pona\u0161a z ozkimi tolerancami, hidravli\u010dni cilindri proti nagibanju roke zagotavljajo nemoteno delovanje in natan\u010dno pozicioniranje roke. Ta raven natan\u010dnosti zmanj\u0161uje tveganje za nesre\u010de in pove\u010duje splo\u0161no varnost delovanja. Upravljavci se lahko zanesejo na natan\u010dnost cilindra, kar je klju\u010dnega pomena za naloge, ki zahtevajo natan\u010den nadzor. Ta pozornost do detajlov ne le pove\u010da zmogljivost, temve\u010d tudi vliva samozavest upravljavcem pri re\u0161evanju zahtevnih scenarijev dvigovanja.<\/p>\n<h4><strong>Odpornost proti koroziji<\/strong><\/h4>\n<p>Hidravli\u010dni cilindri z za\u0161\u010dito pred nagibanjem roke imajo posebno povr\u0161insko obdelavo, ki nudi vrhunsko za\u0161\u010dito pred rjo in korozijo. Ta lastnost je \u0161e posebej koristna v zahtevnih okoljih, kjer je izpostavljenost vlagi in agresivnim kemikalijam pogosta. S podalj\u0161anjem \u017eivljenjske dobe cilindra ta odpornost proti koroziji zagotavlja dosledno delovanje skozi \u010das, kar zmanj\u0161uje stro\u0161ke vzdr\u017eevanja in pove\u010duje skupno vrednost va\u0161e nalo\u017ebe.<\/p>\n<h4><strong>Kompaktna zasnova<\/strong><\/h4>\n<p>Prostorsko u\u010dinkovita zasnova cilindra omogo\u010da enostavno namestitev in brezhibno integracijo v razli\u010dne modele goseni\u010dnih \u017eerjavov. Ta kompaktnost pove\u010duje operativno u\u010dinkovitost, kar omogo\u010da \u017eerjavom delovanje v o\u017ejih prostorih brez \u017ertvovanja zmogljivosti. Upravljavci cenijo preprost postopek namestitve, ki prihrani dragoceni \u010das in zmanj\u0161a \u010das izpada. Zasnova zagotavlja, da se hidravli\u010dni cilindri z za\u0161\u010dito pred nagibanjem roke brez te\u017eav prilegajo va\u0161i obstoje\u010di opremi, kar pove\u010duje vsestranskost in funkcionalnost.<\/p>\n<p>Skratka, valj HCYY11112019 izstopa po svoji robustni konstrukciji, visoki nosilnosti, natan\u010dni izdelavi, odpornosti proti koroziji in kompaktni zasnovi. Vsaka od teh lastnosti prispeva k zanesljivi, u\u010dinkoviti in varni izku\u0161nji dvigovanja, zaradi \u010desar je ta valj neprecenljiv pripomo\u010dek za vsako delo z goseni\u010dnim \u017eerjavom.<\/p>\n<h2><strong>Kako valj za prepre\u010devanje nagibanja nazaj izbolj\u0161a varnost delovanja goseni\u010dnih \u017eerjavov?<\/strong><\/h2>\n<p>Cilinder za prepre\u010devanje nagibanja nazaj je klju\u010dna komponenta, ki na ve\u010d prepri\u010dljivih na\u010dinov mo\u010dno izbolj\u0161a varnost delovanja goseni\u010dnih \u017eerjavov:<\/p>\n<ol>\n<li><strong>Stabilnost med dvigovanjem<\/strong>Predstavljajte si du\u0161evni mir, ki ga prina\u0161a zavedanje, da je va\u0161e dvigalo stabilno, \u0161e posebej pri rokovanju s te\u017ekimi bremeni. Cilinder prepre\u010duje nagibanje roke nazaj in zagotavlja, da dvigalo ohranja uravnote\u017een polo\u017eaj. Ta stabilnost je klju\u010dnega pomena, saj znatno zmanj\u0161a tveganje prevra\u010danja ali izgube nadzora med zahtevnimi dvi\u017enimi nalogami. Upravljavci se lahko osredoto\u010dijo na svoje delo brez nenehne skrbi zaradi morebitnih nesre\u010d.<\/li>\n<li><strong>Natan\u010den nadzor obremenitve<\/strong>Natan\u010dnost je klju\u010dnega pomena pri delovanju z \u017eerjavom, ta valj pa jo odli\u010dno spodbuja. Z omogo\u010danjem natan\u010dnega pozicioniranja roke lahko upravljavci manevrirajo s tovori z izjemno natan\u010dnostjo. Ta sposobnost je \u0161e posebej pomembna pri premikanju v tesnih prostorih ali pri ne\u017enem pozicioniranju tovora. Z izbolj\u0161anim nadzorom se zmanj\u0161a mo\u017enost nesre\u010d zaradi nepravilne namestitve tovora, kar zagotavlja bolj teko\u010d potek dela.<\/li>\n<li><strong>Zmanj\u0161ano tveganje mehanskih okvar<\/strong>Robustna konstrukcija cilindra je zasnovana tako, da prenese obremenitve dvigovanja te\u017ekih bremen. Ta vzdr\u017eljivost omogo\u010da u\u010dinkovito obvladovanje obremenitev in deformacij, kar je klju\u010dnega pomena za prepre\u010devanje mehanskih okvar. Z zmanj\u0161anjem verjetnosti okvar cilinder ne le pove\u010da varnost, temve\u010d prispeva tudi k operativni u\u010dinkovitosti, kar omogo\u010da, da projekti potekajo po urniku brez nepri\u010dakovanih prekinitev.<\/li>\n<li><strong>Ve\u010dja samozavest operaterja<\/strong>Zaupanje je klju\u010dni dejavnik varnosti. Ko upravljavci vedo, da valj aktivno prepre\u010duje nagibanje nazaj, se lahko popolnoma osredoto\u010dijo na svoja opravila brez motenj. To zagotovilo spodbuja kulturo varnosti na delovnem mestu, saj so upravljavci bolj pozorni in se zavedajo svoje okolice, kar dodatno zmanj\u0161uje verjetnost nesre\u010d.<\/li>\n<li><strong>Skladnost z varnostnimi standardi<\/strong>V panogi, kjer so varnostni predpisi najpomembnej\u0161i, uporaba zadnjega cilindra za prepre\u010devanje nagibanja pomaga zagotoviti, da \u017eerjavi upo\u0161tevajo stroge varnostne standarde. Ta skladnost ne le \u0161\u010diti upravljavce in posadko, temve\u010d tudi krepi ugled podjetja, kar dokazuje zavezanost varnosti in profesionalnosti.<\/li>\n<\/ol>\n<p>Skratka, valj za prepre\u010devanje nagibanja nazaj ni le komponenta; je prelomnica za varnost \u017eerjava. Z zagotavljanjem stabilnosti, spodbujanjem natan\u010dnosti, zmanj\u0161evanjem mehanskih tveganj, pove\u010danjem samozavesti upravljavca in zagotavljanjem skladnosti z varnostnimi standardi ima ta valj bistveno vlogo pri ustvarjanju varnega in u\u010dinkovitega delovnega okolja. Vlaganje v tak\u0161ne varnostne ukrepe ne le varuje \u017eivljenja, temve\u010d tudi pove\u010duje produktivnost, zaradi \u010desar je pametna izbira za vsako delo z goseni\u010dnim \u017eerjavom.<\/p>\n<h2><strong>Proizvodno obmo\u010dje valjev za vili\u010darje:<\/strong><\/h2>\n<h2><img loading=\"lazy\" decoding=\"async\" class=\"alignnone size-full wp-image-16972\" src=\"https:\/\/www.hydraulic-cylinders.net\/wp-content\/uploads\/2025\/01\/hydraulic-cylinder-factory-1-scaled.webp\" alt=\"\" width=\"2016\" height=\"2560\" srcset=\"https:\/\/www.hydraulic-cylinders.net\/wp-content\/uploads\/2025\/01\/hydraulic-cylinder-factory-1-scaled.webp 2016w, https:\/\/www.hydraulic-cylinders.net\/wp-content\/uploads\/2025\/01\/hydraulic-cylinder-factory-1-1280x1625.webp 1280w, https:\/\/www.hydraulic-cylinders.net\/wp-content\/uploads\/2025\/01\/hydraulic-cylinder-factory-1-980x1244.webp 980w, https:\/\/www.hydraulic-cylinders.net\/wp-content\/uploads\/2025\/01\/hydraulic-cylinder-factory-1-480x610.webp 480w\" sizes=\"(min-width: 0px) and (max-width: 480px) 480px, (min-width: 481px) and (max-width: 980px) 980px, (min-width: 981px) and (max-width: 1280px) 1280px, (min-width: 1281px) 2016px, 100vw\" \/><\/h2>\n<p>Pona\u0161amo se z najsodobnej\u0161o neodvisno platformo za raziskave in razvoj, namenjeno monta\u017ei, ki zagotavlja vrhunske inovacije in kakovost v na\u0161ih proizvodnih procesih. Na\u0161a delavnica za proizvodnjo valjev za vili\u010darje ima \u0161tiri polavtomatske monta\u017ene linije za dvi\u017ene valje in popolnoma avtomatsko monta\u017eno linijo za nagibne valje, ki so skupaj zasnovane za proizvodnjo do milijona enot letno.<\/p>\n<p>Poleg tega je na\u0161a specializirana delavnica za jeklenke opremljena s polavtomatskimi sistemi za \u010di\u0161\u010denje in monta\u017eo, prilagojenimi razli\u010dnim specifikacijam, z letno proizvodno zmogljivostjo 200.000 kosov. Uporabljamo priznano CNC opremo, obdelovalne centre in specializirana orodja za visoko precizno obdelavo jeklenk. Na\u0161 obrat vklju\u010duje tudi napredne robotske varilne stroje, avtomatske sisteme za \u010di\u0161\u010denje in popolnoma avtomatizirane linije za monta\u017eo in barvanje jeklenk. Z ve\u010d kot 300 klju\u010dnimi kosi opreme v uporabi optimiziramo dodelitev virov in zagotavljamo u\u010dinkovito izrabo, pri \u010demer izpolnjujemo stroge standarde natan\u010dnosti in kakovosti.<\/p>\n<p>Na\u0161a strojna delavnica ima stru\u017eilne centre za nagibne vodilne tirnice po meri, obdelovalne centre, visokohitrostne stroje za honanje, varilne robote in drugo bistveno opremo. Ta postavitev nam omogo\u010da obdelavo valjastih cevi z najve\u010djim notranjim premerom 400 mm in dol\u017eino do 6 metrov, kar \u0161e dodatno izbolj\u0161uje na\u0161e proizvodne zmogljivosti.<\/p>\n<h2><img loading=\"lazy\" decoding=\"async\" class=\"alignnone size-full wp-image-16973\" src=\"https:\/\/www.hydraulic-cylinders.net\/wp-content\/uploads\/2025\/01\/hydraulic-cylinder-factory-2-scaled.webp\" alt=\"\" width=\"2011\" height=\"2560\" srcset=\"https:\/\/www.hydraulic-cylinders.net\/wp-content\/uploads\/2025\/01\/hydraulic-cylinder-factory-2-scaled.webp 2011w, https:\/\/www.hydraulic-cylinders.net\/wp-content\/uploads\/2025\/01\/hydraulic-cylinder-factory-2-1280x1629.webp 1280w, https:\/\/www.hydraulic-cylinders.net\/wp-content\/uploads\/2025\/01\/hydraulic-cylinder-factory-2-980x1248.webp 980w, https:\/\/www.hydraulic-cylinders.net\/wp-content\/uploads\/2025\/01\/hydraulic-cylinder-factory-2-480x611.webp 480w\" sizes=\"(min-width: 0px) and (max-width: 480px) 480px, (min-width: 481px) and (max-width: 980px) 980px, (min-width: 981px) and (max-width: 1280px) 1280px, (min-width: 1281px) 2011px, 100vw\" \/><\/h2>\n<p>Upravljamo popolnoma avtomatsko linijo za barvanje na vodni osnovi, posebej zasnovano za majhne in srednje velike jeklenke, z avtomatiziranimi roboti za nalaganje, razkladanje in brizganje. Ta najsodobnej\u0161i sistem se pona\u0161a s proizvodno zmogljivostjo 4000 enot na izmeno. Poleg tega imamo polavtomatsko linijo za barvanje velikih jeklenk, ki jo poganja veri\u017eni pogon, s projektno zmogljivostjo 60 zabojev na izmeno.<\/p>\n<p>Da bi izbolj\u0161ali u\u010dinkovitost izdelkov in utrdili na\u0161o vodilno vlogo v industriji hidravli\u010dnih cilindrov, smo se povezali z ZJIMEE in ustanovili celovit laboratorij za merjenje u\u010dinkovitosti, namenjen hidravli\u010dnim cilindrom, ventilom in \u010drpalkam. Ta napredni laboratorij uporablja ra\u010dunalni\u0161ko podprto testiranje z elektrohidravli\u010dno tehnologijo, kar omogo\u010da vnaprej dolo\u010dene pogoje testiranja, ki izbolj\u0161ajo natan\u010dnost in vsestranskost sistema. Avtomatiziran postopek zbiranja podatkov uporablja senzorje za zbiranje izhodnih podatkov, kot so notranje pu\u0161\u010danje in izkoristek obremenitve, ki jih nato obdela ra\u010dunalnik in pretvori v standardne enote (ml\/min%).<\/p>\n<p>Poleg tega za zagotovitev varnosti na\u0161ih hidravli\u010dnih sistemov izvajamo spremljanje stanja klju\u010dnih parametrov delovanja, vklju\u010dno s temperaturo olja, nivojem teko\u010dine in stanjem filtrirne naprave. Na\u0161e preskusno mesto za hidravli\u010dne cilindre lahko z natan\u010dnimi od\u010ditki oceni \u00bbu\u010dinkovitost obremenitve\u00ab in \u00bbnotranje pu\u0161\u010danje\u00ab. Opremljeno je tudi z merilnim instrumentom z ravnilom, ki ustreza nacionalnim standardom in zagotavlja skladnost z vsemi zahtevami glede presku\u0161anja hidravli\u010dnih cilindrov.<\/p>\n<p>&nbsp;<\/p>","protected":false},"excerpt":{"rendered":"<p>Arm Anti Tilt Hydraulic Cylinders For Crawler Crane Our arm anti tilt hydraulic cylinders for crawler cranes are engineered to enhance safety and stability during heavy-duty lifting operations. Designed specifically for crawler cranes, these cylinders prevent the crane arm (boom) from tilting backward under extreme loads, ensuring operational safety in demanding environments like construction sites, [&hellip;]<\/p>","protected":false},"featured_media":17064,"comment_status":"open","ping_status":"closed","template":"","meta":{"_et_pb_use_builder":"","_et_pb_old_content":"","_et_gb_content_width":""},"product_brand":[],"product_cat":[1550,1514,1376],"product_tag":[],"class_list":{"0":"post-17058","1":"product","2":"type-product","3":"status-publish","4":"has-post-thumbnail","6":"product_cat-double-acting-hydraulic-cylinder","7":"product_cat-mobile-crane-hydraulic-cylinders","8":"product_cat-hydraulic-cylinder","10":"first","11":"instock","12":"shipping-taxable","13":"product-type-simple"},"amp_enabled":true,"_links":{"self":[{"href":"https:\/\/www.hydraulic-cylinders.net\/sl\/wp-json\/wp\/v2\/product\/17058","targetHints":{"allow":["GET"]}}],"collection":[{"href":"https:\/\/www.hydraulic-cylinders.net\/sl\/wp-json\/wp\/v2\/product"}],"about":[{"href":"https:\/\/www.hydraulic-cylinders.net\/sl\/wp-json\/wp\/v2\/types\/product"}],"replies":[{"embeddable":true,"href":"https:\/\/www.hydraulic-cylinders.net\/sl\/wp-json\/wp\/v2\/comments?post=17058"}],"wp:featuredmedia":[{"embeddable":true,"href":"https:\/\/www.hydraulic-cylinders.net\/sl\/wp-json\/wp\/v2\/media\/17064"}],"wp:attachment":[{"href":"https:\/\/www.hydraulic-cylinders.net\/sl\/wp-json\/wp\/v2\/media?parent=17058"}],"wp:term":[{"taxonomy":"product_brand","embeddable":true,"href":"https:\/\/www.hydraulic-cylinders.net\/sl\/wp-json\/wp\/v2\/product_brand?post=17058"},{"taxonomy":"product_cat","embeddable":true,"href":"https:\/\/www.hydraulic-cylinders.net\/sl\/wp-json\/wp\/v2\/product_cat?post=17058"},{"taxonomy":"product_tag","embeddable":true,"href":"https:\/\/www.hydraulic-cylinders.net\/sl\/wp-json\/wp\/v2\/product_tag?post=17058"}],"curies":[{"name":"delovni list","href":"https:\/\/api.w.org\/{rel}","templated":true}]}}