{"id":17065,"date":"2025-02-05T07:37:55","date_gmt":"2025-02-05T07:37:55","guid":{"rendered":"https:\/\/www.hydraulic-cylinders.net\/?post_type=product&#038;p=17065"},"modified":"2025-04-11T01:53:48","modified_gmt":"2025-04-11T01:53:48","slug":"support-hydraulic-cylinders-for-crawler-crane","status":"publish","type":"product","link":"https:\/\/www.hydraulic-cylinders.net\/sl\/izdelek\/support-hydraulic-cylinders-for-crawler-crane\/","title":{"rendered":"Podporni hidravli\u010dni cilindri za goseni\u010dni \u017eerjav"},"content":{"rendered":"<h1 style=\"text-align: center;\"><strong>Podporni hidravli\u010dni cilindri za goseni\u010dni \u017eerjav<\/strong><\/h1>\n<h1 style=\"text-align: center;\"><img loading=\"lazy\" decoding=\"async\" class=\"alignnone size-full wp-image-17068\" src=\"https:\/\/www.hydraulic-cylinders.net\/wp-content\/uploads\/2025\/02\/hcyy11112020-cylinder-for-frame-support-2.webp\" alt=\"\" width=\"1497\" height=\"520\" srcset=\"https:\/\/www.hydraulic-cylinders.net\/wp-content\/uploads\/2025\/02\/hcyy11112020-cylinder-for-frame-support-2.webp 1497w, https:\/\/www.hydraulic-cylinders.net\/wp-content\/uploads\/2025\/02\/hcyy11112020-cylinder-for-frame-support-2-1280x445.webp 1280w, https:\/\/www.hydraulic-cylinders.net\/wp-content\/uploads\/2025\/02\/hcyy11112020-cylinder-for-frame-support-2-980x340.webp 980w, https:\/\/www.hydraulic-cylinders.net\/wp-content\/uploads\/2025\/02\/hcyy11112020-cylinder-for-frame-support-2-480x167.webp 480w\" sizes=\"(min-width: 0px) and (max-width: 480px) 480px, (min-width: 481px) and (max-width: 980px) 980px, (min-width: 981px) and (max-width: 1280px) 1280px, (min-width: 1281px) 1497px, 100vw\" \/><\/h1>\n<div>Na\u0161e <strong>podporni hidravli\u010dni cilindri za goseni\u010dne \u017eerjave<\/strong> Zasnovani so za dvigovanje te\u017ekih bremen in stabilizacijo v zahtevnih okoljih. Ti cilindri, zasnovani za podporo konstrukcije nosilne roke, zagotavljajo optimalno stabilnost in varnost med delovanjem z velikimi obremenitvami, zaradi \u010desar so idealni za goseni\u010dne \u017eerjave, ki se uporabljajo v gradbeni\u0161tvu, pristani\u0161kih operacijah in industrijskih projektih. S poudarkom na vzdr\u017eljivosti in natan\u010dnosti so na\u0161i hidravli\u010dni cilindri izdelani tako, da prenesejo dinami\u010dne obremenitve in te\u017eke pogoje ter zagotavljajo zanesljivo delovanje va\u0161ega goseni\u010dnega \u017eerjava.<\/div>\n<h2><strong>Podporni hidravli\u010dni cilindri za goseni\u010dni \u017eerjav Parameter:<\/strong><\/h2>\n<h1 style=\"text-align: center;\"><img loading=\"lazy\" decoding=\"async\" class=\"alignnone size-full wp-image-17067\" src=\"https:\/\/www.hydraulic-cylinders.net\/wp-content\/uploads\/2025\/02\/hcyy11112020-cylinder-for-frame-support-1.webp\" alt=\"\" width=\"1512\" height=\"150\" srcset=\"https:\/\/www.hydraulic-cylinders.net\/wp-content\/uploads\/2025\/02\/hcyy11112020-cylinder-for-frame-support-1.webp 1512w, https:\/\/www.hydraulic-cylinders.net\/wp-content\/uploads\/2025\/02\/hcyy11112020-cylinder-for-frame-support-1-1280x127.webp 1280w, https:\/\/www.hydraulic-cylinders.net\/wp-content\/uploads\/2025\/02\/hcyy11112020-cylinder-for-frame-support-1-980x97.webp 980w, https:\/\/www.hydraulic-cylinders.net\/wp-content\/uploads\/2025\/02\/hcyy11112020-cylinder-for-frame-support-1-480x48.webp 480w\" sizes=\"(min-width: 0px) and (max-width: 480px) 480px, (min-width: 481px) and (max-width: 980px) 980px, (min-width: 981px) and (max-width: 1280px) 1280px, (min-width: 1281px) 1512px, 100vw\" \/><img loading=\"lazy\" decoding=\"async\" class=\"alignnone size-full wp-image-17069\" src=\"https:\/\/www.hydraulic-cylinders.net\/wp-content\/uploads\/2025\/02\/hcyy11112020-cylinder-for-frame-support-3.webp\" alt=\"\" width=\"1475\" height=\"710\" srcset=\"https:\/\/www.hydraulic-cylinders.net\/wp-content\/uploads\/2025\/02\/hcyy11112020-cylinder-for-frame-support-3.webp 1475w, https:\/\/www.hydraulic-cylinders.net\/wp-content\/uploads\/2025\/02\/hcyy11112020-cylinder-for-frame-support-3-1280x616.webp 1280w, https:\/\/www.hydraulic-cylinders.net\/wp-content\/uploads\/2025\/02\/hcyy11112020-cylinder-for-frame-support-3-980x472.webp 980w, https:\/\/www.hydraulic-cylinders.net\/wp-content\/uploads\/2025\/02\/hcyy11112020-cylinder-for-frame-support-3-480x231.webp 480w\" sizes=\"(min-width: 0px) and (max-width: 480px) 480px, (min-width: 481px) and (max-width: 980px) 980px, (min-width: 981px) and (max-width: 1280px) 1280px, (min-width: 1281px) 1475px, 100vw\" \/> <img loading=\"lazy\" decoding=\"async\" class=\"alignnone size-full wp-image-17070\" src=\"https:\/\/www.hydraulic-cylinders.net\/wp-content\/uploads\/2025\/02\/hcyy11112020-cylinder-for-frame-support-4.webp\" alt=\"\" width=\"1479\" height=\"717\" srcset=\"https:\/\/www.hydraulic-cylinders.net\/wp-content\/uploads\/2025\/02\/hcyy11112020-cylinder-for-frame-support-4.webp 1479w, https:\/\/www.hydraulic-cylinders.net\/wp-content\/uploads\/2025\/02\/hcyy11112020-cylinder-for-frame-support-4-1280x621.webp 1280w, https:\/\/www.hydraulic-cylinders.net\/wp-content\/uploads\/2025\/02\/hcyy11112020-cylinder-for-frame-support-4-980x475.webp 980w, https:\/\/www.hydraulic-cylinders.net\/wp-content\/uploads\/2025\/02\/hcyy11112020-cylinder-for-frame-support-4-480x233.webp 480w\" sizes=\"(min-width: 0px) and (max-width: 480px) 480px, (min-width: 481px) and (max-width: 980px) 980px, (min-width: 981px) and (max-width: 1280px) 1280px, (min-width: 1281px) 1479px, 100vw\" \/> <img loading=\"lazy\" decoding=\"async\" class=\"alignnone size-full wp-image-17071\" src=\"https:\/\/www.hydraulic-cylinders.net\/wp-content\/uploads\/2025\/02\/hcyy11112020-cylinder-for-frame-support-5.webp\" alt=\"\" width=\"1421\" height=\"704\" srcset=\"https:\/\/www.hydraulic-cylinders.net\/wp-content\/uploads\/2025\/02\/hcyy11112020-cylinder-for-frame-support-5.webp 1421w, https:\/\/www.hydraulic-cylinders.net\/wp-content\/uploads\/2025\/02\/hcyy11112020-cylinder-for-frame-support-5-1280x634.webp 1280w, https:\/\/www.hydraulic-cylinders.net\/wp-content\/uploads\/2025\/02\/hcyy11112020-cylinder-for-frame-support-5-980x486.webp 980w, https:\/\/www.hydraulic-cylinders.net\/wp-content\/uploads\/2025\/02\/hcyy11112020-cylinder-for-frame-support-5-480x238.webp 480w\" sizes=\"(min-width: 0px) and (max-width: 480px) 480px, (min-width: 481px) and (max-width: 980px) 980px, (min-width: 981px) and (max-width: 1280px) 1280px, (min-width: 1281px) 1421px, 100vw\" \/><\/h1>\n<h2><strong>Serija cilindrov goseni\u010dnih \u017eerjavov:<\/strong><\/h2>\n<h2><img loading=\"lazy\" decoding=\"async\" class=\"alignnone size-full wp-image-17054 aligncenter\" src=\"https:\/\/www.hydraulic-cylinders.net\/wp-content\/uploads\/2025\/02\/cylinder-series-of-crawler-crane-1.webp\" alt=\"\" width=\"709\" height=\"791\" srcset=\"https:\/\/www.hydraulic-cylinders.net\/wp-content\/uploads\/2025\/02\/cylinder-series-of-crawler-crane-1.webp 709w, https:\/\/www.hydraulic-cylinders.net\/wp-content\/uploads\/2025\/02\/cylinder-series-of-crawler-crane-1-480x536.webp 480w\" sizes=\"(min-width: 0px) and (max-width: 480px) 480px, (min-width: 481px) 709px, 100vw\" \/><\/h2>\n<h2><strong>Klju\u010dne zna\u010dilnosti podpornih hidravli\u010dnih cilindrov za goseni\u010dni \u017eerjav z nosilno roko:<\/strong><\/h2>\n<h4><strong>Visoka nosilnost<\/strong><\/h4>\n<p>The <strong>Podporni valj<\/strong> Odlikuje ga impresivna nosilnost, ki mu omogo\u010da, da brez napora prenese znatne te\u017ee. Zaradi te lastnosti je idealen za te\u017eka dela, kot so veliki gradbeni projekti in razvoj infrastrukture. Operaterji lahko samozavestno dvigujejo in manevrirajo z velikimi bremeni, saj vedo, da imajo zanesljivo komponento, ki izpolnjuje zahteve njihovih najzahtevnej\u0161ih nalog. Ta zmogljivost ne le pove\u010da produktivnost, temve\u010d tudi izbolj\u0161a splo\u0161no u\u010dinkovitost delovanja \u017eerjava.<\/p>\n<h4><strong>Trpe\u017ena konstrukcija<\/strong><\/h4>\n<p>Podporni valj, izdelan iz visoko trdnih materialov, je zasnovan tako, da prenese obremenitve zahtevnih okolij. Njegova trpe\u017ena konstrukcija je odporna na obrabo, kar zagotavlja zanesljivo delovanje skozi \u010das. Ta odpornost pomeni manj zamenjav in popravil, kar gradbenim ekipam omogo\u010da, da se osredoto\u010dijo na svoje delo in ne na vzdr\u017eevanje. Dolgo\u017eivost tega valja prispeva k kraj\u0161emu \u010dasu izpada, zaradi \u010desar je pametna nalo\u017eba za vsako operacijo.<\/p>\n<h4><strong>Odpornost proti koroziji<\/strong><\/h4>\n<p>Korozija lahko predstavlja znatno gro\u017enjo hidravli\u010dnim komponentam, vendar ima podporni valj napredno povr\u0161insko obdelavo, ki ga \u0161\u010diti pred rjo in korozijo. Ta dodatna plast za\u0161\u010dite zagotavlja, da valj ostane v odli\u010dnem stanju, tudi v te\u017ekih vremenskih razmerah ali agresivnem okolju. S podalj\u0161anjem njegove \u017eivljenjske dobe ta odpornost proti koroziji ne le pove\u010da zanesljivost, temve\u010d tudi zmanj\u0161a potrebo po dragih popravilih ali zamenjavah, kar na koncu pove\u010da operativno u\u010dinkovitost.<\/p>\n<h4><strong>Kompaktna zasnova<\/strong><\/h4>\n<p>Kompaktna zasnova podpornega cilindra pove\u010duje njegovo vsestranskost in omogo\u010da enostavno integracijo v razli\u010dne modele goseni\u010dnih \u017eerjavov. Ta prostorsko u\u010dinkovita funkcija pomeni, da lahko upravljavci kar najbolje izkoristijo zmogljivosti svojega \u017eerjava brez nepotrebne koli\u010dine. Poenostavljena zasnova omogo\u010da hitro namestitev in delovanje, kar ekipam omogo\u010da, da se brezhibno prilagodijo razli\u010dnim zahtevam projekta. Ta prilagodljivost spodbuja ve\u010djo fleksibilnost na gradbi\u0161\u010du, kar olaj\u0161a spopadanje s \u0161irokim naborom dvi\u017enih nalog.<\/p>\n<h4><strong>Precizno in\u017eenirstvo<\/strong><\/h4>\n<p>Natan\u010dnost je klju\u010dnega pomena pri dvigovanju, podporni valj pa je skrbno zasnovan za nemoteno delovanje in natan\u010dno pozicioniranje bremena. Z ozkimi proizvodnimi tolerancami ta valj zagotavlja, da se vsako dvigovanje izvede z najve\u010djo natan\u010dnostjo, kar znatno izbolj\u0161a splo\u0161no varnost. Operaterji se lahko zanesejo, da bodo njihovi bremeni natan\u010dno name\u0161\u010deni, kar zmanj\u0161a tveganje za nesre\u010de in pove\u010da u\u010dinkovitost delovnega procesa. Ta raven natan\u010dnosti ne le \u0161\u010diti dragoceno opremo, temve\u010d prispeva tudi k varnej\u0161emu delovnemu okolju za vse.<\/p>\n<p>Skratka, podporni valj izstopa s svojo izjemno nosilnostjo, trpe\u017eno konstrukcijo, odpornostjo proti koroziji, kompaktno zasnovo in preciznim in\u017eeniringom. Vse te lastnosti skupaj zagotavljajo zanesljivo in u\u010dinkovito re\u0161itev za gradbene projekte, zaradi \u010desar je nepogre\u0161ljivo sredstvo za strokovnjake v panogi.<\/p>\n<h2><strong>Kako valj za prepre\u010devanje nagibanja nazaj izbolj\u0161a varnost delovanja goseni\u010dnih \u017eerjavov?<\/strong><\/h2>\n<p>Zasnova <strong>Podpora<\/strong> <strong>Cilinder<\/strong> je mojstrovina in\u017eeniringa, ki znatno izbolj\u0161a stabilnost med te\u017ekimi dvigovalnimi operacijami. Tukaj je opisano, kako vsaka funkcija prispeva k njegovi izjemni zmogljivosti:<\/p>\n<h4><strong>1. Impresivna nosilnost<\/strong><\/h4>\n<p>Podporni valj je posebej zasnovan za podporo znatnih te\u017e, zaradi \u010desar je idealen za te\u017eka dela. Ta impresivna nosilnost zagotavlja, da je mogo\u010de samozavestno dvigniti tudi najte\u017eje breme, kar mo\u010dno zmanj\u0161a tveganje prevra\u010danja ali zibanja. Z zagotavljanjem trdne podlage ta valj omogo\u010da upravljavcem, da se osredoto\u010dijo na svoja opravila brez nenehne skrbi glede stabilnosti, s \u010dimer se pove\u010da splo\u0161na produktivnost.<\/p>\n<h4><strong>2. Robustna konstrukcija<\/strong><\/h4>\n<p>Jeklenka, izdelana iz visoko trdnih materialov, je zasnovana tako, da prenese obremenitve zahtevnih okolij. Ta robustna konstrukcija zagotavlja, da ohrani svojo strukturno celovitost pod intenzivnim pritiskom in zagotavlja zanesljiv podporni sistem, ki lahko prenese dinami\u010dne sile med dvigovanjem. Vzdr\u017eljivost uporabljenih materialov ne le podalj\u0161a \u017eivljenjsko dobo jeklenke, temve\u010d tudi izbolj\u0161a njeno sposobnost doslednega delovanja, tudi v najzahtevnej\u0161ih situacijah.<\/p>\n<h4><strong>3. Kompaktna zasnova<\/strong><\/h4>\n<p>Ena od izstopajo\u010dih lastnosti podpornega cilindra je njegova kompaktna zasnova, ki omogo\u010da optimalno namestitev znotraj okvirja \u017eerjava. Ta strate\u0161ka postavitev zni\u017euje te\u017ei\u0161\u010de, kar znatno izbolj\u0161a splo\u0161no stabilnost med delovanjem. Ni\u017eje te\u017ei\u0161\u010de zmanj\u0161uje verjetnost prevra\u010danja, zlasti pri manevriranju te\u017ekih bremen, zaradi \u010desar je valj bistvena komponenta za varno in u\u010dinkovito dvigovanje.<\/p>\n<h4><strong>4. Precizno in\u017eenirstvo<\/strong><\/h4>\n<p>Natan\u010dnost je pri dvigovanju najpomembnej\u0161a, podporni valj pa se v tem pogledu izka\u017ee za odli\u010dnega. Z ozkimi proizvodnimi tolerancami ta valj zagotavlja gladke in nadzorovane gibe. Ta natan\u010dnost ne le izbolj\u0161a natan\u010dnost pozicioniranja bremena, temve\u010d tudi zmanj\u0161a mo\u017enost nenadnih premikov, ki bi lahko ogrozili stabilnost. Upravljavci se lahko zanesejo, da bodo z njihovimi bremeni ravnali previdno in natan\u010dno, kar bo pove\u010dalo varnost na gradbi\u0161\u010du.<\/p>\n<h4><strong>5. Odpornost proti koroziji<\/strong><\/h4>\n<p>Korozija je lahko precej\u0161nja te\u017eava za hidravli\u010dne komponente, zlasti v zahtevnih okoljih. Podporni valj ima napredne povr\u0161inske obdelave, ki ga \u0161\u010ditijo pred rjo in degradacijo. Ta odpornost proti koroziji zagotavlja, da valj ohrani svojo zmogljivost skozi \u010das, tudi v neugodnih pogojih. S prepre\u010devanjem obrabe ta lastnost pove\u010da zanesljivost in podalj\u0161a \u017eivljenjsko dobo valja, kar prispeva k trajni stabilnosti med te\u017ekimi dvigovalnimi opravili.<\/p>\n<p>Skratka, <strong>Podporni valj<\/strong> izstopa kot temelj stabilnosti in zanesljivosti pri te\u017ekih dvigovalnih operacijah. Njegova impresivna nosilnost, robustna konstrukcija, kompaktna zasnova, precizna izdelava in odpornost proti koroziji ustvarjajo mo\u010dan podporni sistem. Ta valj ne le pove\u010da varnost, temve\u010d tudi pove\u010da u\u010dinkovitost, zaradi \u010desar je neprecenljivo sredstvo za gradbene strokovnjake. Z nalo\u017ebo v podporni valj lahko upravljavci samozavestno izbolj\u0161ajo svojo zmogljivost in se spopadejo tudi z najzahtevnej\u0161imi projekti.<\/p>\n<h2><strong>Proizvodno obmo\u010dje valjev za vili\u010darje:<\/strong><\/h2>\n<h2><img loading=\"lazy\" decoding=\"async\" class=\"alignnone size-full wp-image-16972\" src=\"https:\/\/www.hydraulic-cylinders.net\/wp-content\/uploads\/2025\/01\/hydraulic-cylinder-factory-1-scaled.webp\" alt=\"\" width=\"2016\" height=\"2560\" srcset=\"https:\/\/www.hydraulic-cylinders.net\/wp-content\/uploads\/2025\/01\/hydraulic-cylinder-factory-1-scaled.webp 2016w, https:\/\/www.hydraulic-cylinders.net\/wp-content\/uploads\/2025\/01\/hydraulic-cylinder-factory-1-1280x1625.webp 1280w, https:\/\/www.hydraulic-cylinders.net\/wp-content\/uploads\/2025\/01\/hydraulic-cylinder-factory-1-980x1244.webp 980w, https:\/\/www.hydraulic-cylinders.net\/wp-content\/uploads\/2025\/01\/hydraulic-cylinder-factory-1-480x610.webp 480w\" sizes=\"(min-width: 0px) and (max-width: 480px) 480px, (min-width: 481px) and (max-width: 980px) 980px, (min-width: 981px) and (max-width: 1280px) 1280px, (min-width: 1281px) 2016px, 100vw\" \/><\/h2>\n<p>Pona\u0161amo se z najsodobnej\u0161o neodvisno platformo za raziskave in razvoj, namenjeno monta\u017ei, ki zagotavlja vrhunske inovacije in kakovost v na\u0161ih proizvodnih procesih. Na\u0161a delavnica za proizvodnjo valjev za vili\u010darje ima \u0161tiri polavtomatske monta\u017ene linije za dvi\u017ene valje in popolnoma avtomatsko monta\u017eno linijo za nagibne valje, ki so skupaj zasnovane za proizvodnjo do milijona enot letno.<\/p>\n<p>Poleg tega je na\u0161a specializirana delavnica za jeklenke opremljena s polavtomatskimi sistemi za \u010di\u0161\u010denje in monta\u017eo, prilagojenimi razli\u010dnim specifikacijam, z letno proizvodno zmogljivostjo 200.000 kosov. Uporabljamo priznano CNC opremo, obdelovalne centre in specializirana orodja za visoko precizno obdelavo jeklenk. Na\u0161 obrat vklju\u010duje tudi napredne robotske varilne stroje, avtomatske sisteme za \u010di\u0161\u010denje in popolnoma avtomatizirane linije za monta\u017eo in barvanje jeklenk. Z ve\u010d kot 300 klju\u010dnimi kosi opreme v uporabi optimiziramo dodelitev virov in zagotavljamo u\u010dinkovito izrabo, pri \u010demer izpolnjujemo stroge standarde natan\u010dnosti in kakovosti.<\/p>\n<p>Na\u0161a strojna delavnica ima stru\u017eilne centre za nagibne vodilne tirnice po meri, obdelovalne centre, visokohitrostne stroje za honanje, varilne robote in drugo bistveno opremo. Ta postavitev nam omogo\u010da obdelavo valjastih cevi z najve\u010djim notranjim premerom 400 mm in dol\u017eino do 6 metrov, kar \u0161e dodatno izbolj\u0161uje na\u0161e proizvodne zmogljivosti.<\/p>\n<h2><img loading=\"lazy\" decoding=\"async\" class=\"alignnone size-full wp-image-16973\" src=\"https:\/\/www.hydraulic-cylinders.net\/wp-content\/uploads\/2025\/01\/hydraulic-cylinder-factory-2-scaled.webp\" alt=\"\" width=\"2011\" height=\"2560\" srcset=\"https:\/\/www.hydraulic-cylinders.net\/wp-content\/uploads\/2025\/01\/hydraulic-cylinder-factory-2-scaled.webp 2011w, https:\/\/www.hydraulic-cylinders.net\/wp-content\/uploads\/2025\/01\/hydraulic-cylinder-factory-2-1280x1629.webp 1280w, https:\/\/www.hydraulic-cylinders.net\/wp-content\/uploads\/2025\/01\/hydraulic-cylinder-factory-2-980x1248.webp 980w, https:\/\/www.hydraulic-cylinders.net\/wp-content\/uploads\/2025\/01\/hydraulic-cylinder-factory-2-480x611.webp 480w\" sizes=\"(min-width: 0px) and (max-width: 480px) 480px, (min-width: 481px) and (max-width: 980px) 980px, (min-width: 981px) and (max-width: 1280px) 1280px, (min-width: 1281px) 2011px, 100vw\" \/><\/h2>\n<p>Upravljamo popolnoma avtomatsko linijo za barvanje na vodni osnovi, posebej zasnovano za majhne in srednje velike jeklenke, z avtomatiziranimi roboti za nalaganje, razkladanje in brizganje. Ta najsodobnej\u0161i sistem se pona\u0161a s proizvodno zmogljivostjo 4000 enot na izmeno. Poleg tega imamo polavtomatsko linijo za barvanje velikih jeklenk, ki jo poganja veri\u017eni pogon, s projektno zmogljivostjo 60 zabojev na izmeno.<\/p>\n<p>Da bi izbolj\u0161ali u\u010dinkovitost izdelkov in utrdili na\u0161o vodilno vlogo v industriji hidravli\u010dnih cilindrov, smo se povezali z ZJIMEE in ustanovili celovit laboratorij za merjenje u\u010dinkovitosti, namenjen hidravli\u010dnim cilindrom, ventilom in \u010drpalkam. Ta napredni laboratorij uporablja ra\u010dunalni\u0161ko podprto testiranje z elektrohidravli\u010dno tehnologijo, kar omogo\u010da vnaprej dolo\u010dene pogoje testiranja, ki izbolj\u0161ajo natan\u010dnost in vsestranskost sistema. Avtomatiziran postopek zbiranja podatkov uporablja senzorje za zbiranje izhodnih podatkov, kot so notranje pu\u0161\u010danje in izkoristek obremenitve, ki jih nato obdela ra\u010dunalnik in pretvori v standardne enote (ml\/min%).<\/p>\n<p>Poleg tega za zagotovitev varnosti na\u0161ih hidravli\u010dnih sistemov izvajamo spremljanje stanja klju\u010dnih parametrov delovanja, vklju\u010dno s temperaturo olja, nivojem teko\u010dine in stanjem filtrirne naprave. Na\u0161e preskusno mesto za hidravli\u010dne cilindre lahko z natan\u010dnimi od\u010ditki oceni \u00bbu\u010dinkovitost obremenitve\u00ab in \u00bbnotranje pu\u0161\u010danje\u00ab. Opremljeno je tudi z merilnim instrumentom z ravnilom, ki ustreza nacionalnim standardom in zagotavlja skladnost z vsemi zahtevami glede presku\u0161anja hidravli\u010dnih cilindrov.<\/p>\n<p>&nbsp;<\/p>","protected":false},"excerpt":{"rendered":"<p>Support Hydraulic Cylinders For Crawler Crane Our support hydraulic cylinders for crawler cranes are engineered for heavy-duty lifting and stabilization in demanding environments. Designed to support the truss arm structure, these cylinders ensure optimal stability and safety during high-load operations, making them ideal for crawler cranes used in construction, port operations, and industrial projects. With [&hellip;]<\/p>","protected":false},"featured_media":17072,"comment_status":"open","ping_status":"closed","template":"","meta":{"_et_pb_use_builder":"","_et_pb_old_content":"","_et_gb_content_width":""},"product_brand":[],"product_cat":[1514,1549,1376],"product_tag":[],"class_list":{"0":"post-17065","1":"product","2":"type-product","3":"status-publish","4":"has-post-thumbnail","6":"product_cat-mobile-crane-hydraulic-cylinders","7":"product_cat-single-acting-hydraulic-cylinder","8":"product_cat-hydraulic-cylinder","10":"first","11":"instock","12":"shipping-taxable","13":"product-type-simple"},"amp_enabled":true,"_links":{"self":[{"href":"https:\/\/www.hydraulic-cylinders.net\/sl\/wp-json\/wp\/v2\/product\/17065","targetHints":{"allow":["GET"]}}],"collection":[{"href":"https:\/\/www.hydraulic-cylinders.net\/sl\/wp-json\/wp\/v2\/product"}],"about":[{"href":"https:\/\/www.hydraulic-cylinders.net\/sl\/wp-json\/wp\/v2\/types\/product"}],"replies":[{"embeddable":true,"href":"https:\/\/www.hydraulic-cylinders.net\/sl\/wp-json\/wp\/v2\/comments?post=17065"}],"wp:featuredmedia":[{"embeddable":true,"href":"https:\/\/www.hydraulic-cylinders.net\/sl\/wp-json\/wp\/v2\/media\/17072"}],"wp:attachment":[{"href":"https:\/\/www.hydraulic-cylinders.net\/sl\/wp-json\/wp\/v2\/media?parent=17065"}],"wp:term":[{"taxonomy":"product_brand","embeddable":true,"href":"https:\/\/www.hydraulic-cylinders.net\/sl\/wp-json\/wp\/v2\/product_brand?post=17065"},{"taxonomy":"product_cat","embeddable":true,"href":"https:\/\/www.hydraulic-cylinders.net\/sl\/wp-json\/wp\/v2\/product_cat?post=17065"},{"taxonomy":"product_tag","embeddable":true,"href":"https:\/\/www.hydraulic-cylinders.net\/sl\/wp-json\/wp\/v2\/product_tag?post=17065"}],"curies":[{"name":"delovni list","href":"https:\/\/api.w.org\/{rel}","templated":true}]}}