{"id":17074,"date":"2025-02-05T08:31:40","date_gmt":"2025-02-05T08:31:40","guid":{"rendered":"https:\/\/www.hydraulic-cylinders.net\/?post_type=product&#038;p=17074"},"modified":"2025-04-11T03:00:55","modified_gmt":"2025-04-11T03:00:55","slug":"hcyy11112016-grain-tank-lifting-cylinder-for-agricultural-machinery","status":"publish","type":"product","link":"https:\/\/www.hydraulic-cylinders.net\/sl\/izdelek\/hcyy11112016-grain-tank-lifting-cylinder-for-agricultural-machinery\/","title":{"rendered":"HCYY11112016 Dvi\u017eni valj za \u017eitni rezervoar za kmetijsko mehanizacijo"},"content":{"rendered":"<h1 style=\"text-align: center;\"><strong>HCYY11112016 Dvi\u017eni valj za \u017eitni rezervoar za kmetijsko mehanizacijo<\/strong><\/h1>\n<h1 style=\"text-align: center;\"><img loading=\"lazy\" decoding=\"async\" class=\"alignnone size-full wp-image-17077\" src=\"https:\/\/www.hydraulic-cylinders.net\/wp-content\/uploads\/2025\/02\/hcyy11112016-grain-tank-lifting-cylinder-2.webp\" alt=\"\" width=\"1500\" height=\"515\" srcset=\"https:\/\/www.hydraulic-cylinders.net\/wp-content\/uploads\/2025\/02\/hcyy11112016-grain-tank-lifting-cylinder-2.webp 1500w, https:\/\/www.hydraulic-cylinders.net\/wp-content\/uploads\/2025\/02\/hcyy11112016-grain-tank-lifting-cylinder-2-1280x439.webp 1280w, https:\/\/www.hydraulic-cylinders.net\/wp-content\/uploads\/2025\/02\/hcyy11112016-grain-tank-lifting-cylinder-2-980x336.webp 980w, https:\/\/www.hydraulic-cylinders.net\/wp-content\/uploads\/2025\/02\/hcyy11112016-grain-tank-lifting-cylinder-2-480x165.webp 480w\" sizes=\"(min-width: 0px) and (max-width: 480px) 480px, (min-width: 481px) and (max-width: 980px) 980px, (min-width: 981px) and (max-width: 1280px) 1280px, (min-width: 1281px) 1500px, 100vw\" \/><\/h1>\n<p>The <strong>HCYY11112016 Dvi\u017eni valj za \u017eitni rezervoar<\/strong> igra klju\u010dno vlogo v kmetijski mehanizaciji, zasnovani za pove\u010danje u\u010dinkovitosti in uspe\u0161nosti ravnanja z \u017eitom. Ta hidravli\u010dni cilinder zagotavlja mo\u010d in natan\u010dnost, potrebno za gladko dvigovanje in spu\u0161\u010danje zalogovnikov za \u017eito, kar zagotavlja optimalno delovanje med \u017eetvijo in prevozom.<\/p>\n<p>Kot bistveno orodje za vsako kmetijsko dejavnost, ki daje prednost u\u010dinkovitosti in zanesljivosti, HCYY11112016 izstopa po svojih robustnih lastnostih in uporabniku prijazni zasnovi. Zaradi preprostih zahtev glede vzdr\u017eevanja je priljubljena izbira med kmeti in kmetijskimi strokovnjaki. Z nalo\u017ebo v ta visokokakovosten dvi\u017eni cilinder znatno izbolj\u0161ate zmogljivost svojih strojev in poenostavite postopke ravnanja z \u017eitom, kar vodi do produktivnej\u0161e in uspe\u0161nej\u0161e kmetijske dejavnosti.<\/p>\n<h2><strong>HCYY11112016 Dvi\u017eni valj za \u017eitni rezervoar za kmetijsko mehanizacijo Parameter:<\/strong><\/h2>\n<h1 style=\"text-align: center;\"><img loading=\"lazy\" decoding=\"async\" class=\"alignnone size-full wp-image-17076\" src=\"https:\/\/www.hydraulic-cylinders.net\/wp-content\/uploads\/2025\/02\/hcyy11112016-grain-tank-lifting-cylinder-1.webp\" alt=\"\" width=\"1510\" height=\"146\" srcset=\"https:\/\/www.hydraulic-cylinders.net\/wp-content\/uploads\/2025\/02\/hcyy11112016-grain-tank-lifting-cylinder-1.webp 1510w, https:\/\/www.hydraulic-cylinders.net\/wp-content\/uploads\/2025\/02\/hcyy11112016-grain-tank-lifting-cylinder-1-1280x124.webp 1280w, https:\/\/www.hydraulic-cylinders.net\/wp-content\/uploads\/2025\/02\/hcyy11112016-grain-tank-lifting-cylinder-1-980x95.webp 980w, https:\/\/www.hydraulic-cylinders.net\/wp-content\/uploads\/2025\/02\/hcyy11112016-grain-tank-lifting-cylinder-1-480x46.webp 480w\" sizes=\"(min-width: 0px) and (max-width: 480px) 480px, (min-width: 481px) and (max-width: 980px) 980px, (min-width: 981px) and (max-width: 1280px) 1280px, (min-width: 1281px) 1510px, 100vw\" \/><img loading=\"lazy\" decoding=\"async\" class=\"alignnone size-full wp-image-17078\" src=\"https:\/\/www.hydraulic-cylinders.net\/wp-content\/uploads\/2025\/02\/hcyy11112016-grain-tank-lifting-cylinder-3.webp\" alt=\"\" width=\"1477\" height=\"710\" srcset=\"https:\/\/www.hydraulic-cylinders.net\/wp-content\/uploads\/2025\/02\/hcyy11112016-grain-tank-lifting-cylinder-3.webp 1477w, https:\/\/www.hydraulic-cylinders.net\/wp-content\/uploads\/2025\/02\/hcyy11112016-grain-tank-lifting-cylinder-3-1280x615.webp 1280w, https:\/\/www.hydraulic-cylinders.net\/wp-content\/uploads\/2025\/02\/hcyy11112016-grain-tank-lifting-cylinder-3-980x471.webp 980w, https:\/\/www.hydraulic-cylinders.net\/wp-content\/uploads\/2025\/02\/hcyy11112016-grain-tank-lifting-cylinder-3-480x231.webp 480w\" sizes=\"(min-width: 0px) and (max-width: 480px) 480px, (min-width: 481px) and (max-width: 980px) 980px, (min-width: 981px) and (max-width: 1280px) 1280px, (min-width: 1281px) 1477px, 100vw\" \/> <img loading=\"lazy\" decoding=\"async\" class=\"alignnone size-full wp-image-17079\" src=\"https:\/\/www.hydraulic-cylinders.net\/wp-content\/uploads\/2025\/02\/hcyy11112016-grain-tank-lifting-cylinder-4.webp\" alt=\"\" width=\"1476\" height=\"711\" srcset=\"https:\/\/www.hydraulic-cylinders.net\/wp-content\/uploads\/2025\/02\/hcyy11112016-grain-tank-lifting-cylinder-4.webp 1476w, https:\/\/www.hydraulic-cylinders.net\/wp-content\/uploads\/2025\/02\/hcyy11112016-grain-tank-lifting-cylinder-4-1280x617.webp 1280w, https:\/\/www.hydraulic-cylinders.net\/wp-content\/uploads\/2025\/02\/hcyy11112016-grain-tank-lifting-cylinder-4-980x472.webp 980w, https:\/\/www.hydraulic-cylinders.net\/wp-content\/uploads\/2025\/02\/hcyy11112016-grain-tank-lifting-cylinder-4-480x231.webp 480w\" sizes=\"(min-width: 0px) and (max-width: 480px) 480px, (min-width: 481px) and (max-width: 980px) 980px, (min-width: 981px) and (max-width: 1280px) 1280px, (min-width: 1281px) 1476px, 100vw\" \/> <img loading=\"lazy\" decoding=\"async\" class=\"alignnone size-full wp-image-17080\" src=\"https:\/\/www.hydraulic-cylinders.net\/wp-content\/uploads\/2025\/02\/hcyy11112016-grain-tank-lifting-cylinder-5.webp\" alt=\"\" width=\"1419\" height=\"765\" srcset=\"https:\/\/www.hydraulic-cylinders.net\/wp-content\/uploads\/2025\/02\/hcyy11112016-grain-tank-lifting-cylinder-5.webp 1419w, https:\/\/www.hydraulic-cylinders.net\/wp-content\/uploads\/2025\/02\/hcyy11112016-grain-tank-lifting-cylinder-5-1280x690.webp 1280w, https:\/\/www.hydraulic-cylinders.net\/wp-content\/uploads\/2025\/02\/hcyy11112016-grain-tank-lifting-cylinder-5-980x528.webp 980w, https:\/\/www.hydraulic-cylinders.net\/wp-content\/uploads\/2025\/02\/hcyy11112016-grain-tank-lifting-cylinder-5-480x259.webp 480w\" sizes=\"(min-width: 0px) and (max-width: 480px) 480px, (min-width: 481px) and (max-width: 980px) 980px, (min-width: 981px) and (max-width: 1280px) 1280px, (min-width: 1281px) 1419px, 100vw\" \/><\/h1>\n<h2><strong>Serija cilindrov goseni\u010dnih \u017eerjavov:<\/strong><\/h2>\n<h2><img loading=\"lazy\" decoding=\"async\" class=\"alignnone size-full wp-image-17082\" src=\"https:\/\/www.hydraulic-cylinders.net\/wp-content\/uploads\/2025\/02\/cylinder-series-for-agricultural-machinery-1-1-scaled.webp\" alt=\"\" width=\"2066\" height=\"2560\" srcset=\"https:\/\/www.hydraulic-cylinders.net\/wp-content\/uploads\/2025\/02\/cylinder-series-for-agricultural-machinery-1-1-scaled.webp 2066w, https:\/\/www.hydraulic-cylinders.net\/wp-content\/uploads\/2025\/02\/cylinder-series-for-agricultural-machinery-1-1-1280x1586.webp 1280w, https:\/\/www.hydraulic-cylinders.net\/wp-content\/uploads\/2025\/02\/cylinder-series-for-agricultural-machinery-1-1-980x1214.webp 980w, https:\/\/www.hydraulic-cylinders.net\/wp-content\/uploads\/2025\/02\/cylinder-series-for-agricultural-machinery-1-1-480x595.webp 480w\" sizes=\"(min-width: 0px) and (max-width: 480px) 480px, (min-width: 481px) and (max-width: 980px) 980px, (min-width: 981px) and (max-width: 1280px) 1280px, (min-width: 1281px) 2066px, 100vw\" \/><\/h2>\n<h2><strong>Klju\u010dne zna\u010dilnosti cilindra za dvigovanje \u017eitnih rezervoarjev HCYY11112016 za kmetijsko mehanizacijo:<\/strong><\/h2>\n<h4><strong>Visoka nosilnost<\/strong><\/h4>\n<p>The <strong>HCYY11112016 Dvi\u017eni valj za \u017eitni rezervoar<\/strong> je strokovno zasnovan za prena\u0161anje znatnih te\u017e, zaradi \u010desar je sposoben brez napora dvigovati polno nalo\u017eene cisterne za \u017eito. Ta visoka nosilnost zagotavlja ne le varno delovanje, temve\u010d tudi pove\u010duje u\u010dinkovitost med klju\u010dnimi obdobji \u017eetve in prevoza. Kmetje se lahko zanesejo, da bo ta cilinder zanesljivo deloval pod pritiskom, kar jim bo omogo\u010dilo, da se osredoto\u010dijo na svoja opravila, ne da bi se bali okvare opreme.<\/p>\n<h4><strong>Trpe\u017ena konstrukcija<\/strong><\/h4>\n<p>HCYY11112016 je izdelan iz visoko trdnih materialov in je zasnovan tako, da prenese vse zahtevne kmetijske okolja. Njegova trpe\u017ena konstrukcija je odporna proti obrabi, kar zagotavlja dolgo \u017eivljenjsko dobo in dosledno delovanje skozi \u010das. Ta odpornost je bistvenega pomena za kmete, ki se na svojo opremo zana\u0161ajo iz dneva v dan, saj zmanj\u0161uje izpade in stro\u0161ke vzdr\u017eevanja.<\/p>\n<h4><strong>Odpornost proti koroziji<\/strong><\/h4>\n<p>Opremljen z napredno povr\u0161insko obdelavo, HCYY11112016 ponuja izjemno za\u0161\u010dito pred rjo in korozijo. Ta lastnost pove\u010da vzdr\u017eljivost cilindra in mu omogo\u010da ohranjanje vrhunske zmogljivosti tudi v zahtevnih vremenskih razmerah. Z nalo\u017ebo v ta proti koroziji odporen cilinder so kmetje lahko prepri\u010dani, da bo njihova oprema vzdr\u017eala vremenske vplive, kar bo prispevalo k dalj\u0161i \u017eivljenjski dobi in bolj\u0161i donosnosti nalo\u017ebe.<\/p>\n<h4><strong>Kompaktna zasnova<\/strong><\/h4>\n<p>Ena od izjemnih lastnosti HCYY11112016 je njegova kompaktna zasnova, ki omogo\u010da brezhibno integracijo v razli\u010dne kmetijske stroje. Ta prostorsko u\u010dinkovita zasnova maksimizira razpolo\u017eljiv prostor, kar omogo\u010da u\u010dinkovitej\u0161o uporabo opreme brez ogro\u017eanja funkcionalnosti. Kmetje imajo koristi od poenostavljene nastavitve, ki izbolj\u0161a okretnost in splo\u0161no operativno u\u010dinkovitost.<\/p>\n<h4><strong>Precizno in\u017eenirstvo<\/strong><\/h4>\n<p>Izdelan z majhnimi tolerancami, HCYY11112016 zagotavlja nemoteno delovanje in natan\u010dno pozicioniranje bremena, kar je klju\u010dnega pomena za prepre\u010devanje nesre\u010d med ravnanjem z \u017eitom. Ta raven natan\u010dnosti omogo\u010da upravljavcem samozavestno upravljanje bremen, kar zmanj\u0161uje tveganja, povezana z dvigovanjem in prevozom te\u017ekih materialov. Zanesljivo delovanje cilindra se odra\u017ea v varnej\u0161ih delovnih pogojih, kar je glavna prednostna naloga za kmetijske strokovnjake.<\/p>\n<p>Z izbiro dvi\u017enega cilindra za \u017eitni rezervoar HCYY11112016 se kmetje opremijo z orodjem, ki ne le izpolnjuje, ampak tudi presega zahteve sodobnega kmetijstva. Zaradi kombinacije visoke nosilnosti, vzdr\u017eljivosti, odpornosti proti koroziji, kompaktne zasnove in natan\u010dnega in\u017eeniringa je nepogre\u0161ljiv pripomo\u010dek za vsako kmetijsko dejavnost.<\/p>\n<h2><strong>Kako kompaktna zasnova dvi\u017enega cilindra za \u017eitni rezervoar Hcyy11112016 izbolj\u0161a njegovo integracijo s kmetijsko mehanizacijo?<\/strong><\/h2>\n<p>Kompaktna zasnova <strong>HCYY11112016 Dvi\u017eni valj za \u017eitni rezervoar<\/strong> igra klju\u010dno vlogo pri nemoteni integraciji s kmetijsko mehanizacijo in ponuja \u0161tevilne prednosti, ki izbolj\u0161ujejo splo\u0161no zmogljivost:<\/p>\n<h4><strong>Prostorska u\u010dinkovitost<\/strong><\/h4>\n<ul>\n<li><strong>Maksimiziran prostor<\/strong>Poenostavljen profil cilindra je zasnovan za optimalno izrabo razpolo\u017eljivega prostora, kar omogo\u010da enostavno vklju\u010ditev v razli\u010dne konfiguracije strojev. Ta u\u010dinkovita izraba prostora ne le poenostavi zasnovo, temve\u010d tudi zmanj\u0161a nered, zaradi \u010desar je oprema uporabniku prijaznej\u0161a in dostopnej\u0161a.<\/li>\n<\/ul>\n<h4><strong>Izbolj\u0161ana okretnost<\/strong><\/h4>\n<ul>\n<li><strong>Izbolj\u0161ana mobilnost<\/strong>Kompaktna zasnova znatno izbolj\u0161a okretnost, kar kmetom omogo\u010da premikanje po o\u017ejih prostorih na poljih, v hlevih ali skladi\u0161\u010dnih prostorih. Ta okretnost je klju\u010dnega pomena v \u010dasu velike \u017eetve, ko so potrebne hitre prilagoditve, kar prihrani \u010das in pove\u010da produktivnost.<\/li>\n<\/ul>\n<h4><strong>Poenostavljena namestitev<\/strong><\/h4>\n<ul>\n<li><strong>Enostavna integracija<\/strong>Manj\u0161a velikost cilindra poenostavi postopek namestitve v razli\u010dne kmetijske stroje. Ta enostavnost integracije skraj\u0161a \u010das nastavitve, kar upravljavcem omogo\u010da hitro namestitev opreme in vrnitev na delo, kar je \u0161e posebej dragoceno v \u010dasu najve\u010dje obremenitve.<\/li>\n<\/ul>\n<h4><strong>Uravnote\u017eena porazdelitev te\u017ee<\/strong><\/h4>\n<ul>\n<li><strong>Ni\u017eje te\u017ei\u0161\u010de<\/strong>Kompaktna oblika omogo\u010da ni\u017eje te\u017ei\u0161\u010de, kar je bistveno za ve\u010djo stabilnost med delovanjem. Ta zasnova zmanj\u0161uje tveganje prevra\u010danja pri dvigovanju te\u017ekih cistern za \u017eito, kar zagotavlja varnej\u0161e rokovanje in delovanje v razli\u010dnih terenskih pogojih.<\/li>\n<\/ul>\n<h4><strong>Vsestranska zdru\u017eljivost<\/strong><\/h4>\n<ul>\n<li><strong>Prilagodljivost<\/strong>Kompaktna zasnova HCYY11112016 zagotavlja zdru\u017eljivost s \u0161iroko paleto kmetijske mehanizacije, od traktorjev do \u017eitnih vagonov. Ta vsestranskost kmetom omogo\u010da, da preklapljajo med razli\u010dnimi kosi opreme brez potrebe po obse\u017enih modifikacijah, kar prihrani \u010das in vire.<\/li>\n<\/ul>\n<h4><strong>Izbolj\u0161ana operativna u\u010dinkovitost<\/strong><\/h4>\n<ul>\n<li><strong>Izbolj\u0161ana zmogljivost<\/strong>Z brezhibno integracijo z razli\u010dnimi stroji kompaktni valj prispeva k splo\u0161ni operativni u\u010dinkovitosti. Njegova sposobnost harmoni\u010dnega delovanja z drugimi komponentami zmanj\u0161uje obrabo strojev in podalj\u0161uje \u017eivljenjsko dobo tako valja kot opreme, ki jo podpira.<\/li>\n<\/ul>\n<h4><strong>Varnostni vidiki<\/strong><\/h4>\n<ul>\n<li><strong>Zmanj\u0161anje tveganja<\/strong>Kombinacija ni\u017ejega te\u017ei\u0161\u010da in izbolj\u0161ane stabilnosti zmanj\u0161uje verjetnost nesre\u010d med ravnanjem z \u017eitom. Kmetje lahko delajo z zaupanjem, saj vedo, da je njihova oprema zasnovana tako, da daje prednost varnosti pri ravnanju s te\u017ekimi bremeni.<\/li>\n<\/ul>\n<p>Skratka, kompaktna zasnova dvi\u017enega cilindra zalogovnika za \u017eito HCYY11112016 ne le izbolj\u0161a njegovo integracijo s kmetijsko mehanizacijo, temve\u010d prispeva tudi k ve\u010dji u\u010dinkovitosti, varnosti in prilagodljivosti. Z izbiro tega inovativnega cilindra kmetje vlagajo v orodje, ki maksimizira zmogljivost in zanesljivost, zaradi \u010desar je bistveno sredstvo za sodobno kmetijsko delovanje.<\/p>\n<h2><strong>Proizvodno obmo\u010dje valjev za vili\u010darje:<\/strong><\/h2>\n<h2><img loading=\"lazy\" decoding=\"async\" class=\"alignnone size-full wp-image-16972\" src=\"https:\/\/www.hydraulic-cylinders.net\/wp-content\/uploads\/2025\/01\/hydraulic-cylinder-factory-1-scaled.webp\" alt=\"\" width=\"2016\" height=\"2560\" srcset=\"https:\/\/www.hydraulic-cylinders.net\/wp-content\/uploads\/2025\/01\/hydraulic-cylinder-factory-1-scaled.webp 2016w, https:\/\/www.hydraulic-cylinders.net\/wp-content\/uploads\/2025\/01\/hydraulic-cylinder-factory-1-1280x1625.webp 1280w, https:\/\/www.hydraulic-cylinders.net\/wp-content\/uploads\/2025\/01\/hydraulic-cylinder-factory-1-980x1244.webp 980w, https:\/\/www.hydraulic-cylinders.net\/wp-content\/uploads\/2025\/01\/hydraulic-cylinder-factory-1-480x610.webp 480w\" sizes=\"(min-width: 0px) and (max-width: 480px) 480px, (min-width: 481px) and (max-width: 980px) 980px, (min-width: 981px) and (max-width: 1280px) 1280px, (min-width: 1281px) 2016px, 100vw\" \/><\/h2>\n<p>Pona\u0161amo se z najsodobnej\u0161o neodvisno platformo za raziskave in razvoj, namenjeno monta\u017ei, ki zagotavlja vrhunske inovacije in kakovost v na\u0161ih proizvodnih procesih. Na\u0161a delavnica za proizvodnjo valjev za vili\u010darje ima \u0161tiri polavtomatske monta\u017ene linije za dvi\u017ene valje in popolnoma avtomatsko monta\u017eno linijo za nagibne valje, ki so skupaj zasnovane za proizvodnjo do milijona enot letno.<\/p>\n<p>Poleg tega je na\u0161a specializirana delavnica za jeklenke opremljena s polavtomatskimi sistemi za \u010di\u0161\u010denje in monta\u017eo, prilagojenimi razli\u010dnim specifikacijam, z letno proizvodno zmogljivostjo 200.000 kosov. Uporabljamo priznano CNC opremo, obdelovalne centre in specializirana orodja za visoko precizno obdelavo jeklenk. Na\u0161 obrat vklju\u010duje tudi napredne robotske varilne stroje, avtomatske sisteme za \u010di\u0161\u010denje in popolnoma avtomatizirane linije za monta\u017eo in barvanje jeklenk. Z ve\u010d kot 300 klju\u010dnimi kosi opreme v uporabi optimiziramo dodelitev virov in zagotavljamo u\u010dinkovito izrabo, pri \u010demer izpolnjujemo stroge standarde natan\u010dnosti in kakovosti.<\/p>\n<p>Na\u0161a strojna delavnica ima stru\u017eilne centre za nagibne vodilne tirnice po meri, obdelovalne centre, visokohitrostne stroje za honanje, varilne robote in drugo bistveno opremo. Ta postavitev nam omogo\u010da obdelavo valjastih cevi z najve\u010djim notranjim premerom 400 mm in dol\u017eino do 6 metrov, kar \u0161e dodatno izbolj\u0161uje na\u0161e proizvodne zmogljivosti.<\/p>\n<h2><img loading=\"lazy\" decoding=\"async\" class=\"alignnone size-full wp-image-16973\" src=\"https:\/\/www.hydraulic-cylinders.net\/wp-content\/uploads\/2025\/01\/hydraulic-cylinder-factory-2-scaled.webp\" alt=\"\" width=\"2011\" height=\"2560\" srcset=\"https:\/\/www.hydraulic-cylinders.net\/wp-content\/uploads\/2025\/01\/hydraulic-cylinder-factory-2-scaled.webp 2011w, https:\/\/www.hydraulic-cylinders.net\/wp-content\/uploads\/2025\/01\/hydraulic-cylinder-factory-2-1280x1629.webp 1280w, https:\/\/www.hydraulic-cylinders.net\/wp-content\/uploads\/2025\/01\/hydraulic-cylinder-factory-2-980x1248.webp 980w, https:\/\/www.hydraulic-cylinders.net\/wp-content\/uploads\/2025\/01\/hydraulic-cylinder-factory-2-480x611.webp 480w\" sizes=\"(min-width: 0px) and (max-width: 480px) 480px, (min-width: 481px) and (max-width: 980px) 980px, (min-width: 981px) and (max-width: 1280px) 1280px, (min-width: 1281px) 2011px, 100vw\" \/><\/h2>\n<p>Upravljamo popolnoma avtomatsko linijo za barvanje na vodni osnovi, posebej zasnovano za majhne in srednje velike jeklenke, z avtomatiziranimi roboti za nalaganje, razkladanje in brizganje. Ta najsodobnej\u0161i sistem se pona\u0161a s proizvodno zmogljivostjo 4000 enot na izmeno. Poleg tega imamo polavtomatsko linijo za barvanje velikih jeklenk, ki jo poganja veri\u017eni pogon, s projektno zmogljivostjo 60 zabojev na izmeno.<\/p>\n<p>Da bi izbolj\u0161ali u\u010dinkovitost izdelkov in utrdili na\u0161o vodilno vlogo v industriji hidravli\u010dnih cilindrov, smo se povezali z ZJIMEE in ustanovili celovit laboratorij za merjenje u\u010dinkovitosti, namenjen hidravli\u010dnim cilindrom, ventilom in \u010drpalkam. Ta napredni laboratorij uporablja ra\u010dunalni\u0161ko podprto testiranje z elektrohidravli\u010dno tehnologijo, kar omogo\u010da vnaprej dolo\u010dene pogoje testiranja, ki izbolj\u0161ajo natan\u010dnost in vsestranskost sistema. Avtomatiziran postopek zbiranja podatkov uporablja senzorje za zbiranje izhodnih podatkov, kot so notranje pu\u0161\u010danje in izkoristek obremenitve, ki jih nato obdela ra\u010dunalnik in pretvori v standardne enote (ml\/min%).<\/p>\n<p>Poleg tega za zagotovitev varnosti na\u0161ih hidravli\u010dnih sistemov izvajamo spremljanje stanja klju\u010dnih parametrov delovanja, vklju\u010dno s temperaturo olja, nivojem teko\u010dine in stanjem filtrirne naprave. Na\u0161e preskusno mesto za hidravli\u010dne cilindre lahko z natan\u010dnimi od\u010ditki oceni \u00bbu\u010dinkovitost obremenitve\u00ab in \u00bbnotranje pu\u0161\u010danje\u00ab. Opremljeno je tudi z merilnim instrumentom z ravnilom, ki ustreza nacionalnim standardom in zagotavlja skladnost z vsemi zahtevami glede presku\u0161anja hidravli\u010dnih cilindrov.<\/p>\n<p>&nbsp;<\/p>","protected":false},"excerpt":{"rendered":"<p>HCYY11112016 Grain Tank Lifting Cylinder For Agricultural Machinery The HCYY11112016 Grain Tank Lifting Cylinder plays a crucial role in agricultural machinery, designed to boost the efficiency and effectiveness of grain handling operations. This hydraulic cylinder provides the power and precision required to raise and lower grain tanks smoothly, ensuring optimal performance during both harvest and [&hellip;]<\/p>","protected":false},"featured_media":17083,"comment_status":"open","ping_status":"closed","template":"","meta":{"_et_pb_use_builder":"","_et_pb_old_content":"","_et_gb_content_width":""},"product_brand":[],"product_cat":[1528,1549,1376],"product_tag":[],"class_list":{"0":"post-17074","1":"product","2":"type-product","3":"status-publish","4":"has-post-thumbnail","6":"product_cat-harvesting-machinery-hydraulic-cylinders","7":"product_cat-single-acting-hydraulic-cylinder","8":"product_cat-hydraulic-cylinder","10":"first","11":"instock","12":"shipping-taxable","13":"product-type-simple"},"amp_enabled":true,"_links":{"self":[{"href":"https:\/\/www.hydraulic-cylinders.net\/sl\/wp-json\/wp\/v2\/product\/17074","targetHints":{"allow":["GET"]}}],"collection":[{"href":"https:\/\/www.hydraulic-cylinders.net\/sl\/wp-json\/wp\/v2\/product"}],"about":[{"href":"https:\/\/www.hydraulic-cylinders.net\/sl\/wp-json\/wp\/v2\/types\/product"}],"replies":[{"embeddable":true,"href":"https:\/\/www.hydraulic-cylinders.net\/sl\/wp-json\/wp\/v2\/comments?post=17074"}],"wp:featuredmedia":[{"embeddable":true,"href":"https:\/\/www.hydraulic-cylinders.net\/sl\/wp-json\/wp\/v2\/media\/17083"}],"wp:attachment":[{"href":"https:\/\/www.hydraulic-cylinders.net\/sl\/wp-json\/wp\/v2\/media?parent=17074"}],"wp:term":[{"taxonomy":"product_brand","embeddable":true,"href":"https:\/\/www.hydraulic-cylinders.net\/sl\/wp-json\/wp\/v2\/product_brand?post=17074"},{"taxonomy":"product_cat","embeddable":true,"href":"https:\/\/www.hydraulic-cylinders.net\/sl\/wp-json\/wp\/v2\/product_cat?post=17074"},{"taxonomy":"product_tag","embeddable":true,"href":"https:\/\/www.hydraulic-cylinders.net\/sl\/wp-json\/wp\/v2\/product_tag?post=17074"}],"curies":[{"name":"delovni list","href":"https:\/\/api.w.org\/{rel}","templated":true}]}}