{"id":17084,"date":"2025-02-05T08:51:31","date_gmt":"2025-02-05T08:51:31","guid":{"rendered":"https:\/\/www.hydraulic-cylinders.net\/?post_type=product&#038;p=17084"},"modified":"2025-04-11T05:30:22","modified_gmt":"2025-04-11T05:30:22","slug":"hcyy11112017-towing-and-lifting-cylinder-for-agricultural-machinery","status":"publish","type":"product","link":"https:\/\/www.hydraulic-cylinders.net\/sl\/izdelek\/hcyy11112017-towing-and-lifting-cylinder-for-agricultural-machinery\/","title":{"rendered":"HCYY11112017 Vle\u010dni in dvi\u017eni valj za kmetijsko mehanizacijo"},"content":{"rendered":"<h1 style=\"text-align: center;\"><strong>HCYY11112017 Vle\u010dni in dvi\u017eni valj za kmetijsko mehanizacijo<\/strong><\/h1>\n<h1 style=\"text-align: center;\"><img loading=\"lazy\" decoding=\"async\" class=\"alignnone size-full wp-image-17086\" src=\"https:\/\/www.hydraulic-cylinders.net\/wp-content\/uploads\/2025\/02\/hcyy11112017-towing-and-lifting-cylinder-2.webp\" alt=\"\" width=\"1495\" height=\"517\" srcset=\"https:\/\/www.hydraulic-cylinders.net\/wp-content\/uploads\/2025\/02\/hcyy11112017-towing-and-lifting-cylinder-2.webp 1495w, https:\/\/www.hydraulic-cylinders.net\/wp-content\/uploads\/2025\/02\/hcyy11112017-towing-and-lifting-cylinder-2-1280x443.webp 1280w, https:\/\/www.hydraulic-cylinders.net\/wp-content\/uploads\/2025\/02\/hcyy11112017-towing-and-lifting-cylinder-2-980x339.webp 980w, https:\/\/www.hydraulic-cylinders.net\/wp-content\/uploads\/2025\/02\/hcyy11112017-towing-and-lifting-cylinder-2-480x166.webp 480w\" sizes=\"(min-width: 0px) and (max-width: 480px) 480px, (min-width: 481px) and (max-width: 980px) 980px, (min-width: 981px) and (max-width: 1280px) 1280px, (min-width: 1281px) 1495px, 100vw\" \/><\/h1>\n<p>The <strong>HCYY11112017 Vle\u010dni in dvi\u017eni valj<\/strong> je klju\u010dna komponenta za kmetijsko in industrijsko uporabo, zasnovana za izjemno zmogljivost pri vleki te\u017ekih bremen in dvigovanju opreme. Zaradi svoje vsestranskosti je nepogre\u0161ljivo orodje za strokovnjake na tem podro\u010dju.<\/p>\n<p>This cylinder excels as a reliable and efficient solution for various towing and lifting tasks. With a high load capacity, durable construction, and compact design, it enhances any machinery fleet&#8217;s capabilities. By adhering to the recommended usage and maintenance guidelines, users can optimize the cylinder&#8217;s performance and extend its lifespan, ensuring maximum efficiency in operations.<\/p>\n<p>Investirajte v HCYY11112017 za zanesljivo re\u0161itev, ki u\u010dinkovito izpolnjuje vse va\u0161e potrebe glede vleke in dvigovanja.<\/p>\n<h2><strong>Parameter vle\u010dnega in dvi\u017enega cilindra HCYY11112017:<\/strong><\/h2>\n<h1 style=\"text-align: center;\"><img loading=\"lazy\" decoding=\"async\" class=\"alignnone size-full wp-image-17085\" src=\"https:\/\/www.hydraulic-cylinders.net\/wp-content\/uploads\/2025\/02\/hcyy11112017-towing-and-lifting-cylinder-1.webp\" alt=\"\" width=\"1519\" height=\"151\" srcset=\"https:\/\/www.hydraulic-cylinders.net\/wp-content\/uploads\/2025\/02\/hcyy11112017-towing-and-lifting-cylinder-1.webp 1519w, https:\/\/www.hydraulic-cylinders.net\/wp-content\/uploads\/2025\/02\/hcyy11112017-towing-and-lifting-cylinder-1-1280x127.webp 1280w, https:\/\/www.hydraulic-cylinders.net\/wp-content\/uploads\/2025\/02\/hcyy11112017-towing-and-lifting-cylinder-1-980x97.webp 980w, https:\/\/www.hydraulic-cylinders.net\/wp-content\/uploads\/2025\/02\/hcyy11112017-towing-and-lifting-cylinder-1-480x48.webp 480w\" sizes=\"(min-width: 0px) and (max-width: 480px) 480px, (min-width: 481px) and (max-width: 980px) 980px, (min-width: 981px) and (max-width: 1280px) 1280px, (min-width: 1281px) 1519px, 100vw\" \/><img loading=\"lazy\" decoding=\"async\" class=\"alignnone size-full wp-image-17087\" src=\"https:\/\/www.hydraulic-cylinders.net\/wp-content\/uploads\/2025\/02\/hcyy11112017-towing-and-lifting-cylinder-3.webp\" alt=\"\" width=\"1474\" height=\"710\" srcset=\"https:\/\/www.hydraulic-cylinders.net\/wp-content\/uploads\/2025\/02\/hcyy11112017-towing-and-lifting-cylinder-3.webp 1474w, https:\/\/www.hydraulic-cylinders.net\/wp-content\/uploads\/2025\/02\/hcyy11112017-towing-and-lifting-cylinder-3-1280x617.webp 1280w, https:\/\/www.hydraulic-cylinders.net\/wp-content\/uploads\/2025\/02\/hcyy11112017-towing-and-lifting-cylinder-3-980x472.webp 980w, https:\/\/www.hydraulic-cylinders.net\/wp-content\/uploads\/2025\/02\/hcyy11112017-towing-and-lifting-cylinder-3-480x231.webp 480w\" sizes=\"(min-width: 0px) and (max-width: 480px) 480px, (min-width: 481px) and (max-width: 980px) 980px, (min-width: 981px) and (max-width: 1280px) 1280px, (min-width: 1281px) 1474px, 100vw\" \/> <img loading=\"lazy\" decoding=\"async\" class=\"alignnone size-full wp-image-17088\" src=\"https:\/\/www.hydraulic-cylinders.net\/wp-content\/uploads\/2025\/02\/hcyy11112017-towing-and-lifting-cylinder-4.webp\" alt=\"\" width=\"1480\" height=\"705\" srcset=\"https:\/\/www.hydraulic-cylinders.net\/wp-content\/uploads\/2025\/02\/hcyy11112017-towing-and-lifting-cylinder-4.webp 1480w, https:\/\/www.hydraulic-cylinders.net\/wp-content\/uploads\/2025\/02\/hcyy11112017-towing-and-lifting-cylinder-4-1280x610.webp 1280w, https:\/\/www.hydraulic-cylinders.net\/wp-content\/uploads\/2025\/02\/hcyy11112017-towing-and-lifting-cylinder-4-980x467.webp 980w, https:\/\/www.hydraulic-cylinders.net\/wp-content\/uploads\/2025\/02\/hcyy11112017-towing-and-lifting-cylinder-4-480x229.webp 480w\" sizes=\"(min-width: 0px) and (max-width: 480px) 480px, (min-width: 481px) and (max-width: 980px) 980px, (min-width: 981px) and (max-width: 1280px) 1280px, (min-width: 1281px) 1480px, 100vw\" \/> <img loading=\"lazy\" decoding=\"async\" class=\"alignnone size-full wp-image-17089\" src=\"https:\/\/www.hydraulic-cylinders.net\/wp-content\/uploads\/2025\/02\/hcyy11112017-towing-and-lifting-cylinder-5.webp\" alt=\"\" width=\"1394\" height=\"691\" srcset=\"https:\/\/www.hydraulic-cylinders.net\/wp-content\/uploads\/2025\/02\/hcyy11112017-towing-and-lifting-cylinder-5.webp 1394w, https:\/\/www.hydraulic-cylinders.net\/wp-content\/uploads\/2025\/02\/hcyy11112017-towing-and-lifting-cylinder-5-1280x634.webp 1280w, https:\/\/www.hydraulic-cylinders.net\/wp-content\/uploads\/2025\/02\/hcyy11112017-towing-and-lifting-cylinder-5-980x486.webp 980w, https:\/\/www.hydraulic-cylinders.net\/wp-content\/uploads\/2025\/02\/hcyy11112017-towing-and-lifting-cylinder-5-480x238.webp 480w\" sizes=\"(min-width: 0px) and (max-width: 480px) 480px, (min-width: 481px) and (max-width: 980px) 980px, (min-width: 981px) and (max-width: 1280px) 1280px, (min-width: 1281px) 1394px, 100vw\" \/><\/h1>\n<h2><strong>Serija cilindrov goseni\u010dnih \u017eerjavov:<\/strong><\/h2>\n<h2><img loading=\"lazy\" decoding=\"async\" class=\"alignnone size-full wp-image-17082\" src=\"https:\/\/www.hydraulic-cylinders.net\/wp-content\/uploads\/2025\/02\/cylinder-series-for-agricultural-machinery-1-1-scaled.webp\" alt=\"\" width=\"2066\" height=\"2560\" srcset=\"https:\/\/www.hydraulic-cylinders.net\/wp-content\/uploads\/2025\/02\/cylinder-series-for-agricultural-machinery-1-1-scaled.webp 2066w, https:\/\/www.hydraulic-cylinders.net\/wp-content\/uploads\/2025\/02\/cylinder-series-for-agricultural-machinery-1-1-1280x1586.webp 1280w, https:\/\/www.hydraulic-cylinders.net\/wp-content\/uploads\/2025\/02\/cylinder-series-for-agricultural-machinery-1-1-980x1214.webp 980w, https:\/\/www.hydraulic-cylinders.net\/wp-content\/uploads\/2025\/02\/cylinder-series-for-agricultural-machinery-1-1-480x595.webp 480w\" sizes=\"(min-width: 0px) and (max-width: 480px) 480px, (min-width: 481px) and (max-width: 980px) 980px, (min-width: 981px) and (max-width: 1280px) 1280px, (min-width: 1281px) 2066px, 100vw\" \/><\/h2>\n<h2><strong>Klju\u010dne zna\u010dilnosti vle\u010dnega in dvi\u017enega cilindra HCYY11112017:<\/strong><\/h2>\n<p>The <strong>HCYY11112017 Vle\u010dni in dvi\u017eni valj<\/strong> se pona\u0161a z ve\u010d klju\u010dnimi lastnostmi, ki znatno izbolj\u0161ajo njegovo funkcionalnost in privla\u010dnost:<\/p>\n<h4><strong>Visoka nosilnost<\/strong><\/h4>\n<p>Ta valj je zasnovan tako, da brez napora prenese znatne te\u017ee, zaradi \u010desar je idealen za te\u017eka dela. Njegova impresivna nosilnost zagotavlja varno in u\u010dinkovito vleko in dvigovanje, kar uporabnikom omogo\u010da, da se brez oklevanja lotijo \u200b\u200bzahtevnih nalog. Ne glede na to, ali dvigujete veliko kmetijsko opremo ali vle\u010dete te\u017eke prikolice, ta valj zagotavlja mo\u010d, potrebno za u\u010dinkovito opravljanje dela.<\/p>\n<h4><strong>Trpe\u017ena konstrukcija<\/strong><\/h4>\n<p>HCYY11112017 je izdelan iz visoko trdnih materialov in zasnovan tako, da je odporen proti obrabi tudi v najzahtevnej\u0161ih okoljih. Njegova robustna konstrukcija \u0161\u010diti pred obremenitvami vsakodnevne uporabe in zagotavlja dolgo \u017eivljenjsko dobo. Ta vzdr\u017eljivost pomeni manj zamenjav in popravil, kar uporabnikom ponuja brezskrbnost in dolgoro\u010dno prihranek stro\u0161kov.<\/p>\n<h4><strong>Odpornost proti koroziji<\/strong><\/h4>\n<p>The cylinder features advanced surface treatments that protect it against rust and corrosion. This critical attribute is particularly beneficial in agricultural and industrial settings where exposure to moisture and harsh chemicals is common. By extending the cylinder&#8217;s lifespan and maintaining reliability, this corrosion resistance ensures that the HCYY11112017 remains a trusted tool over time.<\/p>\n<h4><strong>Kompaktna zasnova<\/strong><\/h4>\n<p>Its space-efficient structure allows for easy integration into existing machinery without compromising performance. This compact design is particularly advantageous for operations where space is limited, enabling users to maximize their equipment&#8217;s capabilities. The cylinder\u2019s small footprint does not sacrifice power, making it a practical choice for diverse applications.<\/p>\n<h4><strong>Precizno in\u017eenirstvo<\/strong><\/h4>\n<p>Izdelan z zelo strogimi tolerancami, HCYY11112017 zagotavlja nemoteno delovanje in natan\u010dno pozicioniranje tovora. Ta natan\u010dna in\u017eeniringa izbolj\u0161uje splo\u0161no zmogljivost, kar zagotavlja, da se tovor dviguje in vle\u010de z izjemnim nadzorom. Uporabniki se lahko zanesejo na to natan\u010dnost, da dose\u017eejo optimalne rezultate pri svojih nalogah, kar spodbuja u\u010dinkovitost in varnost delovanja.<\/p>\n<p>Skratka, vle\u010dni in dvi\u017eni valj HCYY11112017 zdru\u017euje visoko nosilnost, trpe\u017eno konstrukcijo, odpornost proti koroziji, kompaktno zasnovo in natan\u010dno in\u017eenirstvo. Te lastnosti ne le izbolj\u0161ajo njegovo funkcionalnost, temve\u010d ga naredijo tudi zanesljivo sredstvo za katero koli kmetijsko ali industrijsko uporabo, kar uporabnikom zagotavlja, da se lahko samozavestno spopadejo z najte\u017ejimi izzivi.<\/p>\n<h2><strong>Kako kompaktna zasnova vle\u010dnega in dvi\u017enega cilindra HCYY11112017 izbolj\u0161a njegovo uporabnost v tesnih prostorih?<\/strong><\/h2>\n<p>The <strong>kompaktna zasnova<\/strong> od <strong>HCYY11112017 Vle\u010dni in dvi\u017eni valj<\/strong> znatno izbolj\u0161a njegovo uporabnost v tesnih prostorih in ponuja ve\u010d klju\u010dnih prednosti:<\/p>\n<h4><strong>Prostorska u\u010dinkovitost<\/strong><\/h4>\n<ul>\n<li><strong>Minimalni odtis<\/strong>Manj\u0161e dimenzije cilindra omogo\u010dajo namestitev v omejene prostore, kjer ve\u010dji modeli ne bi bili prakti\u010dni. Ta prostorska u\u010dinkovitost maksimizira izrabo razpolo\u017eljivega prostora v strojih, zaradi \u010desar je odli\u010dna izbira za kompaktno opremo.<\/li>\n<\/ul>\n<h4><strong>Izbolj\u0161ana okretnost<\/strong><\/h4>\n<ul>\n<li><strong>Agilnost v delovanju<\/strong>Njegova lahka in kompaktna struktura omogo\u010da la\u017eje premikanje in prilagajanje v ozkih okoljih. Upravljavci se lahko la\u017eje premikajo okoli ovir, kar omogo\u010da bolj prilagodljivo delovanje v gne\u010di ali omejenih prostorih.<\/li>\n<\/ul>\n<h4><strong>Vsestranska integracija<\/strong><\/h4>\n<ul>\n<li><strong>Brezhibna zdru\u017eljivost<\/strong>HCYY11112017 je zasnovan za enostavno integracijo z razli\u010dno opremo. Ta vsestranskost uporabnikom omogo\u010da, da vgradijo v obstoje\u010de strojne nastavitve brez potrebe po obse\u017enih modifikacijah, kar prihrani \u010das in trud med namestitvijo.<\/li>\n<\/ul>\n<h4><strong>Izbolj\u0161ana stabilnost<\/strong><\/h4>\n<ul>\n<li><strong>Ni\u017eje te\u017ei\u0161\u010de<\/strong>Kompaktna zasnova prispeva k ni\u017ejemu te\u017ei\u0161\u010du, kar izbolj\u0161a stabilnost med delovanjem. To je \u0161e posebej koristno na ozkih ali neravnih terenih, saj zmanj\u0161uje tveganje prevra\u010danja in zagotavlja varnej\u0161e postopke dvigovanja in vleke.<\/li>\n<\/ul>\n<h4><strong>Poenostavljeno upravljanje<\/strong><\/h4>\n<ul>\n<li><strong>Enostavnost dostopa<\/strong>Upravljavci lahko enostavno dose\u017eejo in upravljajo valj tudi v utesnjenih delovnih pogojih. Ta dostopnost pove\u010duje varnost in u\u010dinkovitost ter uporabnikom omogo\u010da opravljanje nalog brez nepotrebnega napora ali te\u017eav.<\/li>\n<\/ul>\n<h4><strong>Pove\u010dana produktivnost<\/strong><\/h4>\n<ul>\n<li><strong>Hitrej\u0161i preobrat<\/strong>Kombinacija okretnosti, stabilnosti in enostavnega dostopa omogo\u010da hitrej\u0161o nastavitev in izvajanje nalog. Ta pove\u010dana produktivnost je bistvenega pomena v prometnih okoljih, kjer je \u010das bistvenega pomena.<\/li>\n<\/ul>\n<h4><strong>Prilagodljivost razli\u010dnim aplikacijam<\/strong><\/h4>\n<ul>\n<li><strong>Ve\u010dnamenska uporaba<\/strong>Zaradi kompaktne zasnove je primeren za \u0161irok spekter uporabe, od kmetijskih do industrijskih okolij. Ta prilagodljivost pomeni, da se lahko HCYY11112017 uporablja v razli\u010dnih projektih brez \u017ertvovanja zmogljivosti.<\/li>\n<\/ul>\n<p>Skratka, kompaktna zasnova vle\u010dnega in dvi\u017enega cilindra HCYY11112017 ne le izbolj\u0161a uporabnost v tesnih prostorih, temve\u010d prispeva tudi k splo\u0161ni operativni u\u010dinkovitosti. Z zdru\u017eevanjem prostorske u\u010dinkovitosti, izbolj\u0161ane okretnosti, vsestranske integracije, ve\u010dje stabilnosti in enostavnega dostopa se ta valj izka\u017ee za neprecenljivo prednost za strokovnjake, ki delajo v tesnih okoljih.<\/p>\n<h2><strong>Proizvodno obmo\u010dje valjev za vili\u010darje:<\/strong><\/h2>\n<h2><img loading=\"lazy\" decoding=\"async\" class=\"alignnone size-full wp-image-16972\" src=\"https:\/\/www.hydraulic-cylinders.net\/wp-content\/uploads\/2025\/01\/hydraulic-cylinder-factory-1-scaled.webp\" alt=\"\" width=\"2016\" height=\"2560\" srcset=\"https:\/\/www.hydraulic-cylinders.net\/wp-content\/uploads\/2025\/01\/hydraulic-cylinder-factory-1-scaled.webp 2016w, https:\/\/www.hydraulic-cylinders.net\/wp-content\/uploads\/2025\/01\/hydraulic-cylinder-factory-1-1280x1625.webp 1280w, https:\/\/www.hydraulic-cylinders.net\/wp-content\/uploads\/2025\/01\/hydraulic-cylinder-factory-1-980x1244.webp 980w, https:\/\/www.hydraulic-cylinders.net\/wp-content\/uploads\/2025\/01\/hydraulic-cylinder-factory-1-480x610.webp 480w\" sizes=\"(min-width: 0px) and (max-width: 480px) 480px, (min-width: 481px) and (max-width: 980px) 980px, (min-width: 981px) and (max-width: 1280px) 1280px, (min-width: 1281px) 2016px, 100vw\" \/><\/h2>\n<p>Pona\u0161amo se z najsodobnej\u0161o neodvisno platformo za raziskave in razvoj, namenjeno monta\u017ei, ki zagotavlja vrhunske inovacije in kakovost v na\u0161ih proizvodnih procesih. Na\u0161a delavnica za proizvodnjo valjev za vili\u010darje ima \u0161tiri polavtomatske monta\u017ene linije za dvi\u017ene valje in popolnoma avtomatsko monta\u017eno linijo za nagibne valje, ki so skupaj zasnovane za proizvodnjo do milijona enot letno.<\/p>\n<p>Poleg tega je na\u0161a specializirana delavnica za jeklenke opremljena s polavtomatskimi sistemi za \u010di\u0161\u010denje in monta\u017eo, prilagojenimi razli\u010dnim specifikacijam, z letno proizvodno zmogljivostjo 200.000 kosov. Uporabljamo priznano CNC opremo, obdelovalne centre in specializirana orodja za visoko precizno obdelavo jeklenk. Na\u0161 obrat vklju\u010duje tudi napredne robotske varilne stroje, avtomatske sisteme za \u010di\u0161\u010denje in popolnoma avtomatizirane linije za monta\u017eo in barvanje jeklenk. Z ve\u010d kot 300 klju\u010dnimi kosi opreme v uporabi optimiziramo dodelitev virov in zagotavljamo u\u010dinkovito izrabo, pri \u010demer izpolnjujemo stroge standarde natan\u010dnosti in kakovosti.<\/p>\n<p>Na\u0161a strojna delavnica ima stru\u017eilne centre za nagibne vodilne tirnice po meri, obdelovalne centre, visokohitrostne stroje za honanje, varilne robote in drugo bistveno opremo. Ta postavitev nam omogo\u010da obdelavo valjastih cevi z najve\u010djim notranjim premerom 400 mm in dol\u017eino do 6 metrov, kar \u0161e dodatno izbolj\u0161uje na\u0161e proizvodne zmogljivosti.<\/p>\n<h2><img loading=\"lazy\" decoding=\"async\" class=\"alignnone size-full wp-image-16973\" src=\"https:\/\/www.hydraulic-cylinders.net\/wp-content\/uploads\/2025\/01\/hydraulic-cylinder-factory-2-scaled.webp\" alt=\"\" width=\"2011\" height=\"2560\" srcset=\"https:\/\/www.hydraulic-cylinders.net\/wp-content\/uploads\/2025\/01\/hydraulic-cylinder-factory-2-scaled.webp 2011w, https:\/\/www.hydraulic-cylinders.net\/wp-content\/uploads\/2025\/01\/hydraulic-cylinder-factory-2-1280x1629.webp 1280w, https:\/\/www.hydraulic-cylinders.net\/wp-content\/uploads\/2025\/01\/hydraulic-cylinder-factory-2-980x1248.webp 980w, https:\/\/www.hydraulic-cylinders.net\/wp-content\/uploads\/2025\/01\/hydraulic-cylinder-factory-2-480x611.webp 480w\" sizes=\"(min-width: 0px) and (max-width: 480px) 480px, (min-width: 481px) and (max-width: 980px) 980px, (min-width: 981px) and (max-width: 1280px) 1280px, (min-width: 1281px) 2011px, 100vw\" \/><\/h2>\n<p>Upravljamo popolnoma avtomatsko linijo za barvanje na vodni osnovi, posebej zasnovano za majhne in srednje velike jeklenke, z avtomatiziranimi roboti za nalaganje, razkladanje in brizganje. Ta najsodobnej\u0161i sistem se pona\u0161a s proizvodno zmogljivostjo 4000 enot na izmeno. Poleg tega imamo polavtomatsko linijo za barvanje velikih jeklenk, ki jo poganja veri\u017eni pogon, s projektno zmogljivostjo 60 zabojev na izmeno.<\/p>\n<p>Da bi izbolj\u0161ali u\u010dinkovitost izdelkov in utrdili na\u0161o vodilno vlogo v industriji hidravli\u010dnih cilindrov, smo se povezali z ZJIMEE in ustanovili celovit laboratorij za merjenje u\u010dinkovitosti, namenjen hidravli\u010dnim cilindrom, ventilom in \u010drpalkam. Ta napredni laboratorij uporablja ra\u010dunalni\u0161ko podprto testiranje z elektrohidravli\u010dno tehnologijo, kar omogo\u010da vnaprej dolo\u010dene pogoje testiranja, ki izbolj\u0161ajo natan\u010dnost in vsestranskost sistema. Avtomatiziran postopek zbiranja podatkov uporablja senzorje za zbiranje izhodnih podatkov, kot so notranje pu\u0161\u010danje in izkoristek obremenitve, ki jih nato obdela ra\u010dunalnik in pretvori v standardne enote (ml\/min%).<\/p>\n<p>Poleg tega za zagotovitev varnosti na\u0161ih hidravli\u010dnih sistemov izvajamo spremljanje stanja klju\u010dnih parametrov delovanja, vklju\u010dno s temperaturo olja, nivojem teko\u010dine in stanjem filtrirne naprave. Na\u0161e preskusno mesto za hidravli\u010dne cilindre lahko z natan\u010dnimi od\u010ditki oceni \u00bbu\u010dinkovitost obremenitve\u00ab in \u00bbnotranje pu\u0161\u010danje\u00ab. Opremljeno je tudi z merilnim instrumentom z ravnilom, ki ustreza nacionalnim standardom in zagotavlja skladnost z vsemi zahtevami glede presku\u0161anja hidravli\u010dnih cilindrov.<\/p>\n<p>&nbsp;<\/p>","protected":false},"excerpt":{"rendered":"<p>HCYY11112017 Towing And Lifting Cylinder For Agricultural Machinery The HCYY11112017 Towing and Lifting Cylinder is a crucial component for agricultural and industrial applications, designed for exceptional performance in towing heavy loads and lifting equipment. Its versatility makes it an indispensable tool for professionals in the field. This cylinder excels as a reliable and efficient solution [&hellip;]<\/p>","protected":false},"featured_media":17090,"comment_status":"open","ping_status":"closed","template":"","meta":{"_et_pb_use_builder":"","_et_pb_old_content":"","_et_gb_content_width":""},"product_brand":[],"product_cat":[1550,1529],"product_tag":[],"class_list":{"0":"post-17084","1":"product","2":"type-product","3":"status-publish","4":"has-post-thumbnail","6":"product_cat-double-acting-hydraulic-cylinder","7":"product_cat-tractor-hydraulic-cylinders","9":"first","10":"instock","11":"shipping-taxable","12":"product-type-simple"},"amp_enabled":true,"_links":{"self":[{"href":"https:\/\/www.hydraulic-cylinders.net\/sl\/wp-json\/wp\/v2\/product\/17084","targetHints":{"allow":["GET"]}}],"collection":[{"href":"https:\/\/www.hydraulic-cylinders.net\/sl\/wp-json\/wp\/v2\/product"}],"about":[{"href":"https:\/\/www.hydraulic-cylinders.net\/sl\/wp-json\/wp\/v2\/types\/product"}],"replies":[{"embeddable":true,"href":"https:\/\/www.hydraulic-cylinders.net\/sl\/wp-json\/wp\/v2\/comments?post=17084"}],"wp:featuredmedia":[{"embeddable":true,"href":"https:\/\/www.hydraulic-cylinders.net\/sl\/wp-json\/wp\/v2\/media\/17090"}],"wp:attachment":[{"href":"https:\/\/www.hydraulic-cylinders.net\/sl\/wp-json\/wp\/v2\/media?parent=17084"}],"wp:term":[{"taxonomy":"product_brand","embeddable":true,"href":"https:\/\/www.hydraulic-cylinders.net\/sl\/wp-json\/wp\/v2\/product_brand?post=17084"},{"taxonomy":"product_cat","embeddable":true,"href":"https:\/\/www.hydraulic-cylinders.net\/sl\/wp-json\/wp\/v2\/product_cat?post=17084"},{"taxonomy":"product_tag","embeddable":true,"href":"https:\/\/www.hydraulic-cylinders.net\/sl\/wp-json\/wp\/v2\/product_tag?post=17084"}],"curies":[{"name":"delovni list","href":"https:\/\/api.w.org\/{rel}","templated":true}]}}