{"id":17116,"date":"2025-02-06T08:54:50","date_gmt":"2025-02-06T08:54:50","guid":{"rendered":"https:\/\/www.hydraulic-cylinders.net\/?post_type=product&#038;p=17116"},"modified":"2025-04-11T01:52:13","modified_gmt":"2025-04-11T01:52:13","slug":"hcyy11112024-front-cylinder-for-opening-rack-support-for-truck-cranes","status":"publish","type":"product","link":"https:\/\/www.hydraulic-cylinders.net\/sl\/izdelek\/hcyy11112024-front-cylinder-for-opening-rack-support-for-truck-cranes\/","title":{"rendered":"HCYY11112024 Sprednji valj za odpiranje nosilca regala za avtodvigala"},"content":{"rendered":"<h1 style=\"text-align: center;\"><strong>HCYY11112024 Sprednji valj za odpiranje nosilca regala za avtodvigala\u00a0<\/strong><\/h1>\n<h1 style=\"text-align: center;\"><strong><img loading=\"lazy\" decoding=\"async\" class=\"alignnone size-full wp-image-17118\" src=\"https:\/\/www.hydraulic-cylinders.net\/wp-content\/uploads\/2025\/02\/hcyy11112024-front-cylinder-for-opening-rack-support-2.webp\" alt=\"\" width=\"1495\" height=\"519\" srcset=\"https:\/\/www.hydraulic-cylinders.net\/wp-content\/uploads\/2025\/02\/hcyy11112024-front-cylinder-for-opening-rack-support-2.webp 1495w, https:\/\/www.hydraulic-cylinders.net\/wp-content\/uploads\/2025\/02\/hcyy11112024-front-cylinder-for-opening-rack-support-2-1280x444.webp 1280w, https:\/\/www.hydraulic-cylinders.net\/wp-content\/uploads\/2025\/02\/hcyy11112024-front-cylinder-for-opening-rack-support-2-980x340.webp 980w, https:\/\/www.hydraulic-cylinders.net\/wp-content\/uploads\/2025\/02\/hcyy11112024-front-cylinder-for-opening-rack-support-2-480x167.webp 480w\" sizes=\"(min-width: 0px) and (max-width: 480px) 480px, (min-width: 481px) and (max-width: 980px) 980px, (min-width: 981px) and (max-width: 1280px) 1280px, (min-width: 1281px) 1495px, 100vw\" \/><\/strong><\/h1>\n<p>The <strong>HCYY11112024 Sprednji valj<\/strong> je klju\u010dna komponenta, posebej zasnovana za avtodvigala. Ta visokozmogljiv valj nudi robustno oporo za odpiranje regala, kar znatno izbolj\u0161a tako operativno u\u010dinkovitost kot varnost. Z napredno tehnologijo HCYY11112024 izpolnjuje zahtevne izzive te\u017ekih dvigovalnih nalog, zaradi \u010desar je zaupanja vredna izbira za upravljavce v razli\u010dnih industrijskih sektorjih.<\/p>\n<p>Klju\u010dne zna\u010dilnosti HCYY11112024 vklju\u010dujejo visoko nosilnost, trpe\u017eno konstrukcijo in natan\u010dno in\u017eenirstvo. Odpornost valja proti koroziji zagotavlja dolgo \u017eivljenjsko dobo, enostavna namestitev pa ga naredi bistveno prednost za vsako delo z avtodvigalom.<\/p>\n<p>Za maksimiranje zmogljivosti in podalj\u0161anje \u017eivljenjske dobe te klju\u010dne komponente morajo upravljavci redno vzdr\u017eevati in pregledovati. Z izbiro HCYY11112024 izbolj\u0161ate zmogljivosti svojega \u017eerjava in zagotovite zanesljivo delovanje na terenu.<\/p>\n<h2><strong>HCYY11112024 Sprednji valj za odpiranje nosilca za tovornjake, parameter:<\/strong><\/h2>\n<h1 style=\"text-align: center;\"><strong><img loading=\"lazy\" decoding=\"async\" class=\"alignnone size-full wp-image-17117\" src=\"https:\/\/www.hydraulic-cylinders.net\/wp-content\/uploads\/2025\/02\/hcyy11112024-front-cylinder-for-opening-rack-support-1.webp\" alt=\"\" width=\"1514\" height=\"147\" srcset=\"https:\/\/www.hydraulic-cylinders.net\/wp-content\/uploads\/2025\/02\/hcyy11112024-front-cylinder-for-opening-rack-support-1.webp 1514w, https:\/\/www.hydraulic-cylinders.net\/wp-content\/uploads\/2025\/02\/hcyy11112024-front-cylinder-for-opening-rack-support-1-1280x124.webp 1280w, https:\/\/www.hydraulic-cylinders.net\/wp-content\/uploads\/2025\/02\/hcyy11112024-front-cylinder-for-opening-rack-support-1-980x95.webp 980w, https:\/\/www.hydraulic-cylinders.net\/wp-content\/uploads\/2025\/02\/hcyy11112024-front-cylinder-for-opening-rack-support-1-480x47.webp 480w\" sizes=\"(min-width: 0px) and (max-width: 480px) 480px, (min-width: 481px) and (max-width: 980px) 980px, (min-width: 981px) and (max-width: 1280px) 1280px, (min-width: 1281px) 1514px, 100vw\" \/><\/strong><\/h1>\n<h1 style=\"text-align: center;\"><strong> <img loading=\"lazy\" decoding=\"async\" class=\"alignnone size-full wp-image-17119\" src=\"https:\/\/www.hydraulic-cylinders.net\/wp-content\/uploads\/2025\/02\/hcyy11112024-front-cylinder-for-opening-rack-support-3.webp\" alt=\"\" width=\"1481\" height=\"710\" srcset=\"https:\/\/www.hydraulic-cylinders.net\/wp-content\/uploads\/2025\/02\/hcyy11112024-front-cylinder-for-opening-rack-support-3.webp 1481w, https:\/\/www.hydraulic-cylinders.net\/wp-content\/uploads\/2025\/02\/hcyy11112024-front-cylinder-for-opening-rack-support-3-1280x614.webp 1280w, https:\/\/www.hydraulic-cylinders.net\/wp-content\/uploads\/2025\/02\/hcyy11112024-front-cylinder-for-opening-rack-support-3-980x470.webp 980w, https:\/\/www.hydraulic-cylinders.net\/wp-content\/uploads\/2025\/02\/hcyy11112024-front-cylinder-for-opening-rack-support-3-480x230.webp 480w\" sizes=\"(min-width: 0px) and (max-width: 480px) 480px, (min-width: 481px) and (max-width: 980px) 980px, (min-width: 981px) and (max-width: 1280px) 1280px, (min-width: 1281px) 1481px, 100vw\" \/> <img loading=\"lazy\" decoding=\"async\" class=\"alignnone size-full wp-image-17120\" src=\"https:\/\/www.hydraulic-cylinders.net\/wp-content\/uploads\/2025\/02\/hcyy11112024-front-cylinder-for-opening-rack-support-4.webp\" alt=\"\" width=\"1477\" height=\"707\" srcset=\"https:\/\/www.hydraulic-cylinders.net\/wp-content\/uploads\/2025\/02\/hcyy11112024-front-cylinder-for-opening-rack-support-4.webp 1477w, https:\/\/www.hydraulic-cylinders.net\/wp-content\/uploads\/2025\/02\/hcyy11112024-front-cylinder-for-opening-rack-support-4-1280x613.webp 1280w, https:\/\/www.hydraulic-cylinders.net\/wp-content\/uploads\/2025\/02\/hcyy11112024-front-cylinder-for-opening-rack-support-4-980x469.webp 980w, https:\/\/www.hydraulic-cylinders.net\/wp-content\/uploads\/2025\/02\/hcyy11112024-front-cylinder-for-opening-rack-support-4-480x230.webp 480w\" sizes=\"(min-width: 0px) and (max-width: 480px) 480px, (min-width: 481px) and (max-width: 980px) 980px, (min-width: 981px) and (max-width: 1280px) 1280px, (min-width: 1281px) 1477px, 100vw\" \/> <img loading=\"lazy\" decoding=\"async\" class=\"alignnone size-full wp-image-17121\" src=\"https:\/\/www.hydraulic-cylinders.net\/wp-content\/uploads\/2025\/02\/hcyy11112024-front-cylinder-for-opening-rack-support-5.webp\" alt=\"\" width=\"1381\" height=\"712\" srcset=\"https:\/\/www.hydraulic-cylinders.net\/wp-content\/uploads\/2025\/02\/hcyy11112024-front-cylinder-for-opening-rack-support-5.webp 1381w, https:\/\/www.hydraulic-cylinders.net\/wp-content\/uploads\/2025\/02\/hcyy11112024-front-cylinder-for-opening-rack-support-5-1280x660.webp 1280w, https:\/\/www.hydraulic-cylinders.net\/wp-content\/uploads\/2025\/02\/hcyy11112024-front-cylinder-for-opening-rack-support-5-980x505.webp 980w, https:\/\/www.hydraulic-cylinders.net\/wp-content\/uploads\/2025\/02\/hcyy11112024-front-cylinder-for-opening-rack-support-5-480x247.webp 480w\" sizes=\"(min-width: 0px) and (max-width: 480px) 480px, (min-width: 481px) and (max-width: 980px) 980px, (min-width: 981px) and (max-width: 1280px) 1280px, (min-width: 1281px) 1381px, 100vw\" \/><\/strong><\/h1>\n<h2><strong>Serija cilindrov za avtodvigala:<\/strong><\/h2>\n<h2><img loading=\"lazy\" decoding=\"async\" class=\"alignnone size-full wp-image-17123\" src=\"https:\/\/www.hydraulic-cylinders.net\/wp-content\/uploads\/2025\/02\/cylinder-series-for-truck-cranes-2.webp\" alt=\"\" width=\"1240\" height=\"825\" srcset=\"https:\/\/www.hydraulic-cylinders.net\/wp-content\/uploads\/2025\/02\/cylinder-series-for-truck-cranes-2.webp 1240w, https:\/\/www.hydraulic-cylinders.net\/wp-content\/uploads\/2025\/02\/cylinder-series-for-truck-cranes-2-980x652.webp 980w, https:\/\/www.hydraulic-cylinders.net\/wp-content\/uploads\/2025\/02\/cylinder-series-for-truck-cranes-2-480x319.webp 480w\" sizes=\"(min-width: 0px) and (max-width: 480px) 480px, (min-width: 481px) and (max-width: 980px) 980px, (min-width: 981px) 1240px, 100vw\" \/><\/h2>\n<h2><strong>Klju\u010dne zna\u010dilnosti sprednjega cilindra HCYY11112024 za odpiranje nosilca regala za avtodvigala:<\/strong><\/h2>\n<h4><strong>Visoka nosilnost<\/strong><\/h4>\n<p>The <strong>HCYY11112024<\/strong> Je skrbno zasnovan za dvigovanje velikih te\u017e, zaradi \u010desar je idealen za zahtevne scenarije dvigovanja. Njegova impresivna nosilnost omogo\u010da operaterjem, da se samozavestno spopadajo s te\u017ekimi materiali, kar zagotavlja varno in u\u010dinkovito delovanje. Ne glede na to, ali dviguje gradbene materiale ali industrijsko opremo, ta valj zanesljivo deluje pod pritiskom in zmanj\u0161uje tveganje za okvare pri delovanju.<\/p>\n<h4><strong>Trpe\u017ena konstrukcija<\/strong><\/h4>\n<p>Izdelan iz vrhunskih materialov, se HCYY11112024 pona\u0161a z izjemno vzdr\u017eljivostjo in odpornostjo proti obrabi tudi v najzahtevnej\u0161ih okoljih. Ta robustna konstrukcija zagotavlja dolgoro\u010dno zanesljivost, ki omogo\u010da, da valj prenese zahteve vsakodnevne uporabe, vklju\u010dno z izpostavljenostjo velikim obremenitvam in ekstremnim vremenskim razmeram. Upravljavci se lahko zanesejo, da bo ta komponenta ohranila svojo celovitost, kar bo prispevalo k splo\u0161ni zmogljivosti in dolgi \u017eivljenjski dobi \u017eerjava.<\/p>\n<h4><strong>Odpornost proti koroziji<\/strong><\/h4>\n<p>HCYY11112024 je opremljen z za\u0161\u010ditnim premazom in u\u010dinkovito prepre\u010duje rjavenje in korozijo, kar je klju\u010dnega pomena za ohranjanje doslednega delovanja skozi \u010das. Ta lastnost je \u0161e posebej koristna za \u017eerjave, ki delujejo v zahtevnih pogojih, kot so vla\u017ena ali obalna okolja. Z za\u0161\u010dito cilindra pred korozivnimi elementi so lahko upravljavci brez skrbi, saj vedo, da bo njihova oprema ostala funkcionalna in varna, kar izbolj\u0161a splo\u0161no operativno u\u010dinkovitost.<\/p>\n<h4><strong>Enostavna namestitev<\/strong><\/h4>\n<p>HCYY11112024 je zasnovan za enostavno integracijo in zmanj\u0161uje izpade med namestitvijo. Njegova uporabniku prijazna zasnova omogo\u010da hitro namestitev v obstoje\u010de \u017eerjavne sisteme, kar operaterjem omogo\u010da hitro vrnitev na delo. Zaradi enostavnosti namestitve je privla\u010dna mo\u017enost za podjetja, ki \u017eelijo poenostaviti svoje poslovanje brez kompromisov pri kakovosti.<\/p>\n<h4><strong>Precizno in\u017eenirstvo<\/strong><\/h4>\n<p>Izdelan po natan\u010dnih specifikacijah, HCYY11112024 zagotavlja optimalno delovanje in zdru\u017eljivost s \u0161iroko paleto modelov avtodvigal. Ta natan\u010dna in\u017eeniringa zagotavlja bolj gladko delovanje in ve\u010djo zanesljivost, saj se valj brezhibno prilega hidravli\u010dnemu sistemu dvigala. Upravljavci se lahko zanesejo, da bo vsako dvigovanje izvedeno natan\u010dno, kar pove\u010da tako varnost kot u\u010dinkovitost na gradbi\u0161\u010du.<\/p>\n<p>Z vklju\u010ditvijo teh izjemnih lastnosti sprednji cilinder HCYY11112024 ne le izbolj\u0161uje zmogljivosti avtodvigal, temve\u010d prispeva tudi k varnej\u0161im in u\u010dinkovitej\u0161im dvi\u017enim operacijam v razli\u010dnih panogah.<\/p>\n<h2><strong>Kako korozijska odpornost sprednjega cilindra Hcyy11112024 izbolj\u0161a njegovo delovanje v zahtevnih okoljih?<\/strong><\/h2>\n<p>Odpornost proti koroziji <strong>HCYY11112024 Sprednji valj<\/strong> znatno izbolj\u0161a njegovo delovanje v zahtevnih okoljih na ve\u010d na\u010dinov:<\/p>\n<h4><strong>1. Dolgo\u017eivost in vzdr\u017eljivost<\/strong><\/h4>\n<ul>\n<li>Za\u0161\u010ditni premaz prepre\u010duje rjavenje in obrabo, kar omogo\u010da, da jeklenka s\u010dasoma ohrani svojo strukturno celovitost. Ta vzdr\u017eljivost je klju\u010dnega pomena v te\u017ekih pogojih, kot so obalna ali industrijska okolja, kjer je izpostavljenost vlagi in korozivnim snovem pogosta.<\/li>\n<\/ul>\n<h4><strong>2. Dosledna zmogljivost<\/strong><\/h4>\n<ul>\n<li>Zaradi odpornosti proti koroziji valj deluje gladko brez tveganja okvar, povezanih s korozijo. Ta zanesljivost zagotavlja, da lahko \u017eerjav deluje dosledno, tudi v zahtevnih dvi\u017enih situacijah, kar zmanj\u0161uje verjetnost izpadov delovanja.<\/li>\n<\/ul>\n<h4><strong>3. Zmanj\u0161ani stro\u0161ki vzdr\u017eevanja<\/strong><\/h4>\n<ul>\n<li>Materiali, odporni proti koroziji, zahtevajo manj pogosto vzdr\u017eevanje in zamenjavo. Ta stro\u0161kovna u\u010dinkovitost koristi upravljavcem, saj zmanj\u0161uje stro\u0161ke popravil in podalj\u0161uje celotno \u017eivljenjsko dobo komponente.<\/li>\n<\/ul>\n<h4><strong>4. Izbolj\u0161ana varnost<\/strong><\/h4>\n<ul>\n<li>Z prepre\u010devanjem korozije jeklenka ohranja svojo trdnost in funkcionalnost. Ta zanesljivost je bistvenega pomena za zagotavljanje varnih dvi\u017enih operacij, saj lahko po\u0161kodovane komponente povzro\u010dijo okvare in nesre\u010de.<\/li>\n<\/ul>\n<h4><strong>5. Izbolj\u0161ana u\u010dinkovitost<\/strong><\/h4>\n<ul>\n<li>Proti koroziji odporen valj prispeva k splo\u0161ni u\u010dinkovitosti \u017eerjavnega sistema. Upravljavci se lahko osredoto\u010dijo na svoja opravila, ne da bi se bali morebitnih okvar opreme, kar omogo\u010da bolj gladko in produktivno delovanje.<\/li>\n<\/ul>\n<p>Skratka, odpornost sprednjega cilindra HCYY11112024 proti koroziji ne le pove\u010da njegovo vzdr\u017eljivost in zmogljivost, temve\u010d tudi spodbuja varnost in u\u010dinkovitost v zahtevnih delovnih okoljih.<\/p>\n<h2><strong>Proizvodno obmo\u010dje valjev za vili\u010darje:<\/strong><\/h2>\n<h2><img loading=\"lazy\" decoding=\"async\" class=\"alignnone size-full wp-image-16972\" src=\"https:\/\/www.hydraulic-cylinders.net\/wp-content\/uploads\/2025\/01\/hydraulic-cylinder-factory-1-scaled.webp\" alt=\"\" width=\"2016\" height=\"2560\" srcset=\"https:\/\/www.hydraulic-cylinders.net\/wp-content\/uploads\/2025\/01\/hydraulic-cylinder-factory-1-scaled.webp 2016w, https:\/\/www.hydraulic-cylinders.net\/wp-content\/uploads\/2025\/01\/hydraulic-cylinder-factory-1-1280x1625.webp 1280w, https:\/\/www.hydraulic-cylinders.net\/wp-content\/uploads\/2025\/01\/hydraulic-cylinder-factory-1-980x1244.webp 980w, https:\/\/www.hydraulic-cylinders.net\/wp-content\/uploads\/2025\/01\/hydraulic-cylinder-factory-1-480x610.webp 480w\" sizes=\"(min-width: 0px) and (max-width: 480px) 480px, (min-width: 481px) and (max-width: 980px) 980px, (min-width: 981px) and (max-width: 1280px) 1280px, (min-width: 1281px) 2016px, 100vw\" \/><\/h2>\n<p>Pona\u0161amo se z najsodobnej\u0161o neodvisno platformo za raziskave in razvoj, namenjeno monta\u017ei, ki zagotavlja vrhunske inovacije in kakovost v na\u0161ih proizvodnih procesih. Na\u0161a delavnica za proizvodnjo valjev za vili\u010darje ima \u0161tiri polavtomatske monta\u017ene linije za dvi\u017ene valje in popolnoma avtomatsko monta\u017eno linijo za nagibne valje, ki so skupaj zasnovane za proizvodnjo do milijona enot letno.<\/p>\n<p>Poleg tega je na\u0161a specializirana delavnica za jeklenke opremljena s polavtomatskimi sistemi za \u010di\u0161\u010denje in monta\u017eo, prilagojenimi razli\u010dnim specifikacijam, z letno proizvodno zmogljivostjo 200.000 kosov. Uporabljamo priznano CNC opremo, obdelovalne centre in specializirana orodja za visoko precizno obdelavo jeklenk. Na\u0161 obrat vklju\u010duje tudi napredne robotske varilne stroje, avtomatske sisteme za \u010di\u0161\u010denje in popolnoma avtomatizirane linije za monta\u017eo in barvanje jeklenk. Z ve\u010d kot 300 klju\u010dnimi kosi opreme v uporabi optimiziramo dodelitev virov in zagotavljamo u\u010dinkovito izrabo, pri \u010demer izpolnjujemo stroge standarde natan\u010dnosti in kakovosti.<\/p>\n<p>Na\u0161a strojna delavnica ima stru\u017eilne centre za nagibne vodilne tirnice po meri, obdelovalne centre, visokohitrostne stroje za honanje, varilne robote in drugo bistveno opremo. Ta postavitev nam omogo\u010da obdelavo valjastih cevi z najve\u010djim notranjim premerom 400 mm in dol\u017eino do 6 metrov, kar \u0161e dodatno izbolj\u0161uje na\u0161e proizvodne zmogljivosti.<\/p>\n<h2><img loading=\"lazy\" decoding=\"async\" class=\"alignnone size-full wp-image-16973\" src=\"https:\/\/www.hydraulic-cylinders.net\/wp-content\/uploads\/2025\/01\/hydraulic-cylinder-factory-2-scaled.webp\" alt=\"\" width=\"2011\" height=\"2560\" srcset=\"https:\/\/www.hydraulic-cylinders.net\/wp-content\/uploads\/2025\/01\/hydraulic-cylinder-factory-2-scaled.webp 2011w, https:\/\/www.hydraulic-cylinders.net\/wp-content\/uploads\/2025\/01\/hydraulic-cylinder-factory-2-1280x1629.webp 1280w, https:\/\/www.hydraulic-cylinders.net\/wp-content\/uploads\/2025\/01\/hydraulic-cylinder-factory-2-980x1248.webp 980w, https:\/\/www.hydraulic-cylinders.net\/wp-content\/uploads\/2025\/01\/hydraulic-cylinder-factory-2-480x611.webp 480w\" sizes=\"(min-width: 0px) and (max-width: 480px) 480px, (min-width: 481px) and (max-width: 980px) 980px, (min-width: 981px) and (max-width: 1280px) 1280px, (min-width: 1281px) 2011px, 100vw\" \/><\/h2>\n<p>Upravljamo popolnoma avtomatsko linijo za barvanje na vodni osnovi, posebej zasnovano za majhne in srednje velike jeklenke, z avtomatiziranimi roboti za nalaganje, razkladanje in brizganje. Ta najsodobnej\u0161i sistem se pona\u0161a s proizvodno zmogljivostjo 4000 enot na izmeno. Poleg tega imamo polavtomatsko linijo za barvanje velikih jeklenk, ki jo poganja veri\u017eni pogon, s projektno zmogljivostjo 60 zabojev na izmeno.<\/p>\n<p>Da bi izbolj\u0161ali u\u010dinkovitost izdelkov in utrdili na\u0161o vodilno vlogo v industriji hidravli\u010dnih cilindrov, smo se povezali z ZJIMEE in ustanovili celovit laboratorij za merjenje u\u010dinkovitosti, namenjen hidravli\u010dnim cilindrom, ventilom in \u010drpalkam. Ta napredni laboratorij uporablja ra\u010dunalni\u0161ko podprto testiranje z elektrohidravli\u010dno tehnologijo, kar omogo\u010da vnaprej dolo\u010dene pogoje testiranja, ki izbolj\u0161ajo natan\u010dnost in vsestranskost sistema. Avtomatiziran postopek zbiranja podatkov uporablja senzorje za zbiranje izhodnih podatkov, kot so notranje pu\u0161\u010danje in izkoristek obremenitve, ki jih nato obdela ra\u010dunalnik in pretvori v standardne enote (ml\/min%).<\/p>\n<p>Poleg tega za zagotovitev varnosti na\u0161ih hidravli\u010dnih sistemov izvajamo spremljanje stanja klju\u010dnih parametrov delovanja, vklju\u010dno s temperaturo olja, nivojem teko\u010dine in stanjem filtrirne naprave. Na\u0161e preskusno mesto za hidravli\u010dne cilindre lahko z natan\u010dnimi od\u010ditki oceni \u00bbu\u010dinkovitost obremenitve\u00ab in \u00bbnotranje pu\u0161\u010danje\u00ab. Opremljeno je tudi z merilnim instrumentom z ravnilom, ki ustreza nacionalnim standardom in zagotavlja skladnost z vsemi zahtevami glede presku\u0161anja hidravli\u010dnih cilindrov.<\/p>\n<p>&nbsp;<\/p>","protected":false},"excerpt":{"rendered":"<p>HCYY11112024 Front Cylinder For Opening Rack Support For Truck Cranes\u00a0 The HCYY11112024 Front Cylinder is a vital component specifically engineered for truck cranes. This high-performance cylinder offers robust support for the opening rack, significantly enhancing both operational efficiency and safety. With its advanced engineering, the HCYY11112024 meets the demanding challenges of heavy lifting tasks, making [&hellip;]<\/p>","protected":false},"featured_media":17124,"comment_status":"open","ping_status":"closed","template":"","meta":{"_et_pb_use_builder":"","_et_pb_old_content":"","_et_gb_content_width":""},"product_brand":[],"product_cat":[1514,1549,1376],"product_tag":[],"class_list":{"0":"post-17116","1":"product","2":"type-product","3":"status-publish","4":"has-post-thumbnail","6":"product_cat-mobile-crane-hydraulic-cylinders","7":"product_cat-single-acting-hydraulic-cylinder","8":"product_cat-hydraulic-cylinder","10":"first","11":"instock","12":"shipping-taxable","13":"product-type-simple"},"amp_enabled":true,"_links":{"self":[{"href":"https:\/\/www.hydraulic-cylinders.net\/sl\/wp-json\/wp\/v2\/product\/17116","targetHints":{"allow":["GET"]}}],"collection":[{"href":"https:\/\/www.hydraulic-cylinders.net\/sl\/wp-json\/wp\/v2\/product"}],"about":[{"href":"https:\/\/www.hydraulic-cylinders.net\/sl\/wp-json\/wp\/v2\/types\/product"}],"replies":[{"embeddable":true,"href":"https:\/\/www.hydraulic-cylinders.net\/sl\/wp-json\/wp\/v2\/comments?post=17116"}],"wp:featuredmedia":[{"embeddable":true,"href":"https:\/\/www.hydraulic-cylinders.net\/sl\/wp-json\/wp\/v2\/media\/17124"}],"wp:attachment":[{"href":"https:\/\/www.hydraulic-cylinders.net\/sl\/wp-json\/wp\/v2\/media?parent=17116"}],"wp:term":[{"taxonomy":"product_brand","embeddable":true,"href":"https:\/\/www.hydraulic-cylinders.net\/sl\/wp-json\/wp\/v2\/product_brand?post=17116"},{"taxonomy":"product_cat","embeddable":true,"href":"https:\/\/www.hydraulic-cylinders.net\/sl\/wp-json\/wp\/v2\/product_cat?post=17116"},{"taxonomy":"product_tag","embeddable":true,"href":"https:\/\/www.hydraulic-cylinders.net\/sl\/wp-json\/wp\/v2\/product_tag?post=17116"}],"curies":[{"name":"delovni list","href":"https:\/\/api.w.org\/{rel}","templated":true}]}}