{"id":17125,"date":"2025-02-06T09:03:34","date_gmt":"2025-02-06T09:03:34","guid":{"rendered":"https:\/\/www.hydraulic-cylinders.net\/?post_type=product&#038;p=17125"},"modified":"2025-04-11T01:52:08","modified_gmt":"2025-04-11T01:52:08","slug":"hcyy11112025-front-cylinder-for-frame-support-for-truck-cranes","status":"publish","type":"product","link":"https:\/\/www.hydraulic-cylinders.net\/sl\/izdelek\/hcyy11112025-front-cylinder-for-frame-support-for-truck-cranes\/","title":{"rendered":"HCYY11112025 Sprednji valj za oporo okvirja za avtodvigala"},"content":{"rendered":"<h1 style=\"text-align: center;\"><strong>HCYY11112025 Sprednji valj za oporo okvirja za avtodvigala<\/strong><\/h1>\n<h1 style=\"text-align: center;\"><img loading=\"lazy\" decoding=\"async\" class=\"alignnone size-full wp-image-17127\" src=\"https:\/\/www.hydraulic-cylinders.net\/wp-content\/uploads\/2025\/02\/hcyy11112025-front-cylinder-for-frame-support-2.webp\" alt=\"\" width=\"1499\" height=\"515\" srcset=\"https:\/\/www.hydraulic-cylinders.net\/wp-content\/uploads\/2025\/02\/hcyy11112025-front-cylinder-for-frame-support-2.webp 1499w, https:\/\/www.hydraulic-cylinders.net\/wp-content\/uploads\/2025\/02\/hcyy11112025-front-cylinder-for-frame-support-2-1280x440.webp 1280w, https:\/\/www.hydraulic-cylinders.net\/wp-content\/uploads\/2025\/02\/hcyy11112025-front-cylinder-for-frame-support-2-980x337.webp 980w, https:\/\/www.hydraulic-cylinders.net\/wp-content\/uploads\/2025\/02\/hcyy11112025-front-cylinder-for-frame-support-2-480x165.webp 480w\" sizes=\"(min-width: 0px) and (max-width: 480px) 480px, (min-width: 481px) and (max-width: 980px) 980px, (min-width: 981px) and (max-width: 1280px) 1280px, (min-width: 1281px) 1499px, 100vw\" \/><\/h1>\n<p>The <strong>HCYY11112025 Sprednji valj<\/strong> je bistvena komponenta, ki znatno izbolj\u0161a strukturno celovitost in operativno u\u010dinkovitost avtodvigal. Ta visokozmogljiv valj zagotavlja robustno oporo okvirju dvigala in stabilnost med dvigovanjem. HCYY11112025, zasnovan tako, da izpolnjuje stroge zahteve razli\u010dnih industrijskih aplikacij, je klju\u010dno sredstvo za upravljavce.<\/p>\n<p>Kar lo\u010di HCYY11112025 od drugih, je impresivna nosilnost, trpe\u017ena konstrukcija in natan\u010dna izdelava. Njegove lastnosti, odporne proti koroziji, zagotavljajo dolgo \u017eivljenjsko dobo, enostaven postopek namestitve pa ga naredi nepogre\u0161ljivega za vsako delo z avtodvigali.<\/p>\n<p>Z rednim vzdr\u017eevanjem in pregledi lahko upravljavci optimizirajo delovanje in podalj\u0161ajo \u017eivljenjsko dobo te klju\u010dne komponente, kar zagotavlja varne in u\u010dinkovite dvi\u017ene operacije. Nalo\u017eba v HCYY11112025 ne le izbolj\u0161a zmogljivosti va\u0161ega \u017eerjava, temve\u010d tudi pove\u010da zanesljivost na terenu, zaradi \u010desar je pametna izbira za vsako operacijo.<\/p>\n<h2><strong>HCYY11112025 Sprednji valj za oporo okvirja za tovornjake, parameter:<\/strong><\/h2>\n<h1 style=\"text-align: center;\"><img loading=\"lazy\" decoding=\"async\" class=\"alignnone size-full wp-image-17126\" src=\"https:\/\/www.hydraulic-cylinders.net\/wp-content\/uploads\/2025\/02\/hcyy11112025-front-cylinder-for-frame-support-1.webp\" alt=\"\" width=\"1512\" height=\"145\" srcset=\"https:\/\/www.hydraulic-cylinders.net\/wp-content\/uploads\/2025\/02\/hcyy11112025-front-cylinder-for-frame-support-1.webp 1512w, https:\/\/www.hydraulic-cylinders.net\/wp-content\/uploads\/2025\/02\/hcyy11112025-front-cylinder-for-frame-support-1-1280x123.webp 1280w, https:\/\/www.hydraulic-cylinders.net\/wp-content\/uploads\/2025\/02\/hcyy11112025-front-cylinder-for-frame-support-1-980x94.webp 980w, https:\/\/www.hydraulic-cylinders.net\/wp-content\/uploads\/2025\/02\/hcyy11112025-front-cylinder-for-frame-support-1-480x46.webp 480w\" sizes=\"(min-width: 0px) and (max-width: 480px) 480px, (min-width: 481px) and (max-width: 980px) 980px, (min-width: 981px) and (max-width: 1280px) 1280px, (min-width: 1281px) 1512px, 100vw\" \/><img loading=\"lazy\" decoding=\"async\" class=\"alignnone size-full wp-image-17128\" src=\"https:\/\/www.hydraulic-cylinders.net\/wp-content\/uploads\/2025\/02\/hcyy11112025-front-cylinder-for-frame-support-3.webp\" alt=\"\" width=\"1471\" height=\"704\" srcset=\"https:\/\/www.hydraulic-cylinders.net\/wp-content\/uploads\/2025\/02\/hcyy11112025-front-cylinder-for-frame-support-3.webp 1471w, https:\/\/www.hydraulic-cylinders.net\/wp-content\/uploads\/2025\/02\/hcyy11112025-front-cylinder-for-frame-support-3-1280x613.webp 1280w, https:\/\/www.hydraulic-cylinders.net\/wp-content\/uploads\/2025\/02\/hcyy11112025-front-cylinder-for-frame-support-3-980x469.webp 980w, https:\/\/www.hydraulic-cylinders.net\/wp-content\/uploads\/2025\/02\/hcyy11112025-front-cylinder-for-frame-support-3-480x230.webp 480w\" sizes=\"(min-width: 0px) and (max-width: 480px) 480px, (min-width: 481px) and (max-width: 980px) 980px, (min-width: 981px) and (max-width: 1280px) 1280px, (min-width: 1281px) 1471px, 100vw\" \/> <img loading=\"lazy\" decoding=\"async\" class=\"alignnone size-full wp-image-17129\" src=\"https:\/\/www.hydraulic-cylinders.net\/wp-content\/uploads\/2025\/02\/hcyy11112025-front-cylinder-for-frame-support-4.webp\" alt=\"\" width=\"1476\" height=\"701\" srcset=\"https:\/\/www.hydraulic-cylinders.net\/wp-content\/uploads\/2025\/02\/hcyy11112025-front-cylinder-for-frame-support-4.webp 1476w, https:\/\/www.hydraulic-cylinders.net\/wp-content\/uploads\/2025\/02\/hcyy11112025-front-cylinder-for-frame-support-4-1280x608.webp 1280w, https:\/\/www.hydraulic-cylinders.net\/wp-content\/uploads\/2025\/02\/hcyy11112025-front-cylinder-for-frame-support-4-980x465.webp 980w, https:\/\/www.hydraulic-cylinders.net\/wp-content\/uploads\/2025\/02\/hcyy11112025-front-cylinder-for-frame-support-4-480x228.webp 480w\" sizes=\"(min-width: 0px) and (max-width: 480px) 480px, (min-width: 481px) and (max-width: 980px) 980px, (min-width: 981px) and (max-width: 1280px) 1280px, (min-width: 1281px) 1476px, 100vw\" \/> <img loading=\"lazy\" decoding=\"async\" class=\"alignnone size-full wp-image-17130\" src=\"https:\/\/www.hydraulic-cylinders.net\/wp-content\/uploads\/2025\/02\/hcyy11112025-front-cylinder-for-frame-support-5.webp\" alt=\"\" width=\"1410\" height=\"676\" srcset=\"https:\/\/www.hydraulic-cylinders.net\/wp-content\/uploads\/2025\/02\/hcyy11112025-front-cylinder-for-frame-support-5.webp 1410w, https:\/\/www.hydraulic-cylinders.net\/wp-content\/uploads\/2025\/02\/hcyy11112025-front-cylinder-for-frame-support-5-1280x614.webp 1280w, https:\/\/www.hydraulic-cylinders.net\/wp-content\/uploads\/2025\/02\/hcyy11112025-front-cylinder-for-frame-support-5-980x470.webp 980w, https:\/\/www.hydraulic-cylinders.net\/wp-content\/uploads\/2025\/02\/hcyy11112025-front-cylinder-for-frame-support-5-480x230.webp 480w\" sizes=\"(min-width: 0px) and (max-width: 480px) 480px, (min-width: 481px) and (max-width: 980px) 980px, (min-width: 981px) and (max-width: 1280px) 1280px, (min-width: 1281px) 1410px, 100vw\" \/><\/h1>\n<h2><strong>Serija cilindrov za avtodvigala:<\/strong><\/h2>\n<h2><img loading=\"lazy\" decoding=\"async\" class=\"alignnone size-full wp-image-17123\" src=\"https:\/\/www.hydraulic-cylinders.net\/wp-content\/uploads\/2025\/02\/cylinder-series-for-truck-cranes-2.webp\" alt=\"\" width=\"1240\" height=\"825\" srcset=\"https:\/\/www.hydraulic-cylinders.net\/wp-content\/uploads\/2025\/02\/cylinder-series-for-truck-cranes-2.webp 1240w, https:\/\/www.hydraulic-cylinders.net\/wp-content\/uploads\/2025\/02\/cylinder-series-for-truck-cranes-2-980x652.webp 980w, https:\/\/www.hydraulic-cylinders.net\/wp-content\/uploads\/2025\/02\/cylinder-series-for-truck-cranes-2-480x319.webp 480w\" sizes=\"(min-width: 0px) and (max-width: 480px) 480px, (min-width: 481px) and (max-width: 980px) 980px, (min-width: 981px) 1240px, 100vw\" \/><\/h2>\n<h2><strong>Klju\u010dne zna\u010dilnosti sprednjega cilindra HCYY11112025 za oporo okvirja za avtodvigala:<\/strong><\/h2>\n<h4><strong>Visoka nosilnost<\/strong><\/h4>\n<p>The <strong>HCYY11112025<\/strong> je skrbno zasnovan tako, da prenese znatne te\u017ee, zaradi \u010desar je odli\u010dna izbira za zahtevne scenarije dvigovanja te\u017ekih te\u017e. Zaradi visoke nosilnosti se lahko upravljavci samozavestno spopadejo z velikimi materiali, od gradbene opreme do industrijskih komponent, ne da bi pri tem ogrozili varnost ali zmogljivost. Njegova robustna zasnova zmanj\u0161uje tveganje okvare, kar omogo\u010da u\u010dinkovitej\u0161e delovanje v okoljih z visokim pritiskom.<\/p>\n<h4><strong>Trpe\u017ena konstrukcija<\/strong><\/h4>\n<p>HCYY11112025 je izdelan iz vrhunskih materialov in se pona\u0161a s konstrukcijo, ki je odporna proti obrabi, kar zagotavlja izjemno dolgo \u017eivljenjsko dobo tudi v najzahtevnej\u0161ih pogojih. Ta vzdr\u017eljivost pomeni manj pogoste zamenjave in popravila, kar pomeni ni\u017eje obratovalne stro\u0161ke za podjetja. Ta jeklenka je odporna na ekstremne temperature, velike obremenitve in ostre okoljske dejavnike ter je izdelana za zanesljivo delovanje iz dneva v dan.<\/p>\n<h4><strong>Odpornost proti koroziji<\/strong><\/h4>\n<p>Opremljen s specializiranim za\u0161\u010ditnim premazom, HCYY11112025 u\u010dinkovito prepre\u010duje rjo in korozijo, kar je klju\u010dnega pomena za ohranjanje doslednega delovanja skozi \u010das. Ta lastnost je \u0161e posebej koristna za \u017eerjave, ki delujejo v vla\u017enih ali korozivnih okoljih, kot so obalne lokacije ali industrijska obmo\u010dja. Z za\u0161\u010dito cilindra pred \u0161kodljivimi u\u010dinki elementov so lahko upravljavci brez skrbi, saj vedo, da bo njihova oprema ohranila svojo integriteto in funkcionalnost, kar bo izbolj\u0161alo splo\u0161no operativno u\u010dinkovitost.<\/p>\n<h4><strong>Enostavna namestitev<\/strong><\/h4>\n<p>HCYY11112025 je zasnovan za enostavno integracijo v obstoje\u010de \u017eerjavne sisteme, kar znatno zmanj\u0161a \u010das izpada med namestitvijo. Operaterji lahko hitro zamenjajo stare cilindre s HCYY11112025, kar jim omogo\u010da, da se vrnejo na delo brez dalj\u0161ih prekinitev. Ta uporabniku prijazen postopek namestitve ne le prihrani \u010das, temve\u010d tudi zmanj\u0161a stro\u0161ke dela, zaradi \u010desar je privla\u010dna mo\u017enost za podjetja, ki \u017eelijo poenostaviti svoje poslovanje.<\/p>\n<h4><strong>Precizno in\u017eenirstvo<\/strong><\/h4>\n<p>Izdelan po natan\u010dnih specifikacijah, HCYY11112025 zagotavlja optimalno delovanje in zdru\u017eljivost s \u0161iroko paleto modelov avtodvigal. Ta natan\u010dna in\u017eeniringa zagotavlja bolj gladko delovanje in ve\u010djo zanesljivost, saj se valj brezhibno prilega hidravli\u010dnemu sistemu dvigala. Upravljavci se lahko zanesejo, da bo vsako dvigovanje izvedeno natan\u010dno, kar izbolj\u0161a tako varnost kot u\u010dinkovitost na gradbi\u0161\u010du. Z nalo\u017ebo v skrbno zasnovano komponento, kot je HCYY11112025, lahko podjetja dvignejo svoje operativne standarde in dose\u017eejo vrhunske rezultate.<\/p>\n<h2><strong>Kak\u0161no vlogo ima sprednji valj za podporo okvirja pri izbolj\u0161anju stabilnosti avtodvigal med dvigovanjem?<\/strong><\/h2>\n<p>The <strong>Sprednji valj za oporo okvirja<\/strong> je klju\u010dna komponenta, ki znatno izbolj\u0161a stabilnost avtodvigal med dvigovanjem. Njen vpliv je mogo\u010de raziskati skozi ve\u010d kriti\u010dnih funkcij:<\/p>\n<h4><strong>1. Porazdelitev te\u017ee<\/strong><\/h4>\n<ul>\n<li>Sprednji valj igra klju\u010dno vlogo pri enakomerni porazdelitvi obremenitve po okvirju \u017eerjava. Ta uravnote\u017eena porazdelitev je bistvenega pomena, zlasti pri rokovanju s te\u017ekimi ali neenakomernimi bremeni, saj prepre\u010duje prekomerno obremenitev katere koli posamezne to\u010dke. Z ohranjanjem ravnote\u017eja valj pomaga \u017eerjavu u\u010dinkovito delovati in zmanj\u0161uje tveganje za strukturno okvaro.<\/li>\n<\/ul>\n<h4><strong>2. Strukturna oja\u010ditev<\/strong><\/h4>\n<ul>\n<li>Sprednji valj, ki deluje kot klju\u010dni strukturni element, krepi celotno celovitost okvirja \u017eerjava. Ta oja\u010ditev je bistvena za prepre\u010devanje upogibanja ali krivljenja pod obremenitvijo, kar lahko povzro\u010di nestabilnost. Z robustnim okvirjem lahko \u017eerjav samozavestno opravlja razli\u010dne dvi\u017ene naloge, kar zagotavlja zanesljivost in dolgo \u017eivljenjsko dobo.<\/li>\n<\/ul>\n<h4><strong>3. Absorpcija udarcev<\/strong><\/h4>\n<ul>\n<li>Ena od pomembnih funkcij cilindra je njegova sposobnost bla\u017eenja udarcev in vibracij, ki nastanejo med dvigovanjem in spu\u0161\u010danjem. Z bla\u017eenjem teh sil cilinder zmanj\u0161a njihov vpliv na konstrukcijo \u017eerjava. To bla\u017eenje udarcev ne le pove\u010da stabilnost, temve\u010d prispeva tudi k bolj gladkemu delovanju in zmanj\u0161a obrabo opreme.<\/li>\n<\/ul>\n<h4><strong>4. Izbolj\u0161an nadzor<\/strong><\/h4>\n<ul>\n<li>Zanesljiva opora, ki jo zagotavlja sprednji valj, izbolj\u0161a nadzor nad \u017eerjavom med dvi\u017enimi manevri. Operaterji imajo koristi od ve\u010dje natan\u010dnosti, ki jim omogo\u010da izvajanje ob\u010dutljivih gibov brez tveganja prevra\u010danja ali izgube ravnote\u017eja. Ta izbolj\u0161an nadzor je \u0161e posebej koristen v kompleksnih scenarijih dvigovanja, kjer je natan\u010dnost najpomembnej\u0161a.<\/li>\n<\/ul>\n<h4><strong>5. Izbolj\u0161ana varnost<\/strong><\/h4>\n<ul>\n<li>Stabilnost je neposredno povezana z varnostjo na gradbi\u0161\u010du. Dobro podprto dvigalo znatno zmanj\u0161a tveganje za nesre\u010de in po\u0161kodbe ter za\u0161\u010diti tako upravljavce kot mimoido\u010de. Klju\u010dna vloga sprednjega cilindra pri ohranjanju stabilnosti zagotavlja, da se dvigovanje lahko izvaja samozavestno, kar spodbuja varnej\u0161e delovno okolje.<\/li>\n<\/ul>\n<h4><strong>6. Operativna u\u010dinkovitost<\/strong><\/h4>\n<ul>\n<li>Z zagotavljanjem stabilnosti in nadzora sprednji valj prispeva k ve\u010dji operativni u\u010dinkovitosti. \u017derjavi lahko dvi\u017ene naloge opravljajo hitreje in natan\u010dneje, kar ima za posledico ve\u010djo produktivnost. Ta u\u010dinkovitost ne le prihrani \u010das, temve\u010d tudi zmanj\u0161a operativne stro\u0161ke, zaradi \u010desar je dragocena nalo\u017eba za vsako \u017eerjavno delovanje.<\/li>\n<\/ul>\n<p>Skratka, <strong>Sprednji valj za oporo okvirja<\/strong> je nepogre\u0161ljiv za izbolj\u0161anje stabilnosti in varnosti avtodvigal med dvigovanjem. Njegove funkcije \u2013 porazdelitev te\u017ee, strukturna oja\u010ditev, bla\u017eenje udarcev, izbolj\u0161an nadzor in splo\u0161na operativna u\u010dinkovitost \u2013 se zdru\u017eujejo v zanesljivo re\u0161itev za dvigovanje. Nalo\u017eba v kakovosten sprednji valj ne le optimizira delovanje, temve\u010d zagotavlja tudi varnej\u0161e in produktivnej\u0161e delovno mesto.<\/p>\n<h2><strong>Proizvodno obmo\u010dje valjev za vili\u010darje:<\/strong><\/h2>\n<h2><img loading=\"lazy\" decoding=\"async\" class=\"alignnone size-full wp-image-16972\" src=\"https:\/\/www.hydraulic-cylinders.net\/wp-content\/uploads\/2025\/01\/hydraulic-cylinder-factory-1-scaled.webp\" alt=\"\" width=\"2016\" height=\"2560\" srcset=\"https:\/\/www.hydraulic-cylinders.net\/wp-content\/uploads\/2025\/01\/hydraulic-cylinder-factory-1-scaled.webp 2016w, https:\/\/www.hydraulic-cylinders.net\/wp-content\/uploads\/2025\/01\/hydraulic-cylinder-factory-1-1280x1625.webp 1280w, https:\/\/www.hydraulic-cylinders.net\/wp-content\/uploads\/2025\/01\/hydraulic-cylinder-factory-1-980x1244.webp 980w, https:\/\/www.hydraulic-cylinders.net\/wp-content\/uploads\/2025\/01\/hydraulic-cylinder-factory-1-480x610.webp 480w\" sizes=\"(min-width: 0px) and (max-width: 480px) 480px, (min-width: 481px) and (max-width: 980px) 980px, (min-width: 981px) and (max-width: 1280px) 1280px, (min-width: 1281px) 2016px, 100vw\" \/><\/h2>\n<p>Pona\u0161amo se z najsodobnej\u0161o neodvisno platformo za raziskave in razvoj, namenjeno monta\u017ei, ki zagotavlja vrhunske inovacije in kakovost v na\u0161ih proizvodnih procesih. Na\u0161a delavnica za proizvodnjo valjev za vili\u010darje ima \u0161tiri polavtomatske monta\u017ene linije za dvi\u017ene valje in popolnoma avtomatsko monta\u017eno linijo za nagibne valje, ki so skupaj zasnovane za proizvodnjo do milijona enot letno.<\/p>\n<p>Poleg tega je na\u0161a specializirana delavnica za jeklenke opremljena s polavtomatskimi sistemi za \u010di\u0161\u010denje in monta\u017eo, prilagojenimi razli\u010dnim specifikacijam, z letno proizvodno zmogljivostjo 200.000 kosov. Uporabljamo priznano CNC opremo, obdelovalne centre in specializirana orodja za visoko precizno obdelavo jeklenk. Na\u0161 obrat vklju\u010duje tudi napredne robotske varilne stroje, avtomatske sisteme za \u010di\u0161\u010denje in popolnoma avtomatizirane linije za monta\u017eo in barvanje jeklenk. Z ve\u010d kot 300 klju\u010dnimi kosi opreme v uporabi optimiziramo dodelitev virov in zagotavljamo u\u010dinkovito izrabo, pri \u010demer izpolnjujemo stroge standarde natan\u010dnosti in kakovosti.<\/p>\n<p>Na\u0161a strojna delavnica ima stru\u017eilne centre za nagibne vodilne tirnice po meri, obdelovalne centre, visokohitrostne stroje za honanje, varilne robote in drugo bistveno opremo. Ta postavitev nam omogo\u010da obdelavo valjastih cevi z najve\u010djim notranjim premerom 400 mm in dol\u017eino do 6 metrov, kar \u0161e dodatno izbolj\u0161uje na\u0161e proizvodne zmogljivosti.<\/p>\n<h2><img loading=\"lazy\" decoding=\"async\" class=\"alignnone size-full wp-image-16973\" src=\"https:\/\/www.hydraulic-cylinders.net\/wp-content\/uploads\/2025\/01\/hydraulic-cylinder-factory-2-scaled.webp\" alt=\"\" width=\"2011\" height=\"2560\" srcset=\"https:\/\/www.hydraulic-cylinders.net\/wp-content\/uploads\/2025\/01\/hydraulic-cylinder-factory-2-scaled.webp 2011w, https:\/\/www.hydraulic-cylinders.net\/wp-content\/uploads\/2025\/01\/hydraulic-cylinder-factory-2-1280x1629.webp 1280w, https:\/\/www.hydraulic-cylinders.net\/wp-content\/uploads\/2025\/01\/hydraulic-cylinder-factory-2-980x1248.webp 980w, https:\/\/www.hydraulic-cylinders.net\/wp-content\/uploads\/2025\/01\/hydraulic-cylinder-factory-2-480x611.webp 480w\" sizes=\"(min-width: 0px) and (max-width: 480px) 480px, (min-width: 481px) and (max-width: 980px) 980px, (min-width: 981px) and (max-width: 1280px) 1280px, (min-width: 1281px) 2011px, 100vw\" \/><\/h2>\n<p>Upravljamo popolnoma avtomatsko linijo za barvanje na vodni osnovi, posebej zasnovano za majhne in srednje velike jeklenke, z avtomatiziranimi roboti za nalaganje, razkladanje in brizganje. Ta najsodobnej\u0161i sistem se pona\u0161a s proizvodno zmogljivostjo 4000 enot na izmeno. Poleg tega imamo polavtomatsko linijo za barvanje velikih jeklenk, ki jo poganja veri\u017eni pogon, s projektno zmogljivostjo 60 zabojev na izmeno.<\/p>\n<p>Da bi izbolj\u0161ali u\u010dinkovitost izdelkov in utrdili na\u0161o vodilno vlogo v industriji hidravli\u010dnih cilindrov, smo se povezali z ZJIMEE in ustanovili celovit laboratorij za merjenje u\u010dinkovitosti, namenjen hidravli\u010dnim cilindrom, ventilom in \u010drpalkam. Ta napredni laboratorij uporablja ra\u010dunalni\u0161ko podprto testiranje z elektrohidravli\u010dno tehnologijo, kar omogo\u010da vnaprej dolo\u010dene pogoje testiranja, ki izbolj\u0161ajo natan\u010dnost in vsestranskost sistema. Avtomatiziran postopek zbiranja podatkov uporablja senzorje za zbiranje izhodnih podatkov, kot so notranje pu\u0161\u010danje in izkoristek obremenitve, ki jih nato obdela ra\u010dunalnik in pretvori v standardne enote (ml\/min%).<\/p>\n<p>Poleg tega za zagotovitev varnosti na\u0161ih hidravli\u010dnih sistemov izvajamo spremljanje stanja klju\u010dnih parametrov delovanja, vklju\u010dno s temperaturo olja, nivojem teko\u010dine in stanjem filtrirne naprave. Na\u0161e preskusno mesto za hidravli\u010dne cilindre lahko z natan\u010dnimi od\u010ditki oceni \u00bbu\u010dinkovitost obremenitve\u00ab in \u00bbnotranje pu\u0161\u010danje\u00ab. Opremljeno je tudi z merilnim instrumentom z ravnilom, ki ustreza nacionalnim standardom in zagotavlja skladnost z vsemi zahtevami glede presku\u0161anja hidravli\u010dnih cilindrov.<\/p>\n<p>&nbsp;<\/p>","protected":false},"excerpt":{"rendered":"<p>HCYY11112025 Front Cylinder For Frame Support For Truck Cranes The HCYY11112025 Front Cylinder is an essential component that significantly enhances the structural integrity and operational efficiency of truck cranes. This high-performance cylinder delivers robust support for the crane&#8217;s frame, ensuring stability during lifting operations. Engineered to meet the stringent demands of various industrial applications, the [&hellip;]<\/p>","protected":false},"featured_media":17131,"comment_status":"open","ping_status":"closed","template":"","meta":{"_et_pb_use_builder":"","_et_pb_old_content":"","_et_gb_content_width":""},"product_brand":[],"product_cat":[1514,1549,1376],"product_tag":[],"class_list":{"0":"post-17125","1":"product","2":"type-product","3":"status-publish","4":"has-post-thumbnail","6":"product_cat-mobile-crane-hydraulic-cylinders","7":"product_cat-single-acting-hydraulic-cylinder","8":"product_cat-hydraulic-cylinder","10":"first","11":"instock","12":"shipping-taxable","13":"product-type-simple"},"amp_enabled":true,"_links":{"self":[{"href":"https:\/\/www.hydraulic-cylinders.net\/sl\/wp-json\/wp\/v2\/product\/17125","targetHints":{"allow":["GET"]}}],"collection":[{"href":"https:\/\/www.hydraulic-cylinders.net\/sl\/wp-json\/wp\/v2\/product"}],"about":[{"href":"https:\/\/www.hydraulic-cylinders.net\/sl\/wp-json\/wp\/v2\/types\/product"}],"replies":[{"embeddable":true,"href":"https:\/\/www.hydraulic-cylinders.net\/sl\/wp-json\/wp\/v2\/comments?post=17125"}],"wp:featuredmedia":[{"embeddable":true,"href":"https:\/\/www.hydraulic-cylinders.net\/sl\/wp-json\/wp\/v2\/media\/17131"}],"wp:attachment":[{"href":"https:\/\/www.hydraulic-cylinders.net\/sl\/wp-json\/wp\/v2\/media?parent=17125"}],"wp:term":[{"taxonomy":"product_brand","embeddable":true,"href":"https:\/\/www.hydraulic-cylinders.net\/sl\/wp-json\/wp\/v2\/product_brand?post=17125"},{"taxonomy":"product_cat","embeddable":true,"href":"https:\/\/www.hydraulic-cylinders.net\/sl\/wp-json\/wp\/v2\/product_cat?post=17125"},{"taxonomy":"product_tag","embeddable":true,"href":"https:\/\/www.hydraulic-cylinders.net\/sl\/wp-json\/wp\/v2\/product_tag?post=17125"}],"curies":[{"name":"delovni list","href":"https:\/\/api.w.org\/{rel}","templated":true}]}}