{"id":17140,"date":"2025-02-07T02:31:10","date_gmt":"2025-02-07T02:31:10","guid":{"rendered":"https:\/\/www.hydraulic-cylinders.net\/?post_type=product&#038;p=17140"},"modified":"2025-04-11T01:52:02","modified_gmt":"2025-04-11T01:52:02","slug":"hcyy11112027-behind-cylinder-for-frame-support-for-truck-cranes","status":"publish","type":"product","link":"https:\/\/www.hydraulic-cylinders.net\/sl\/izdelek\/hcyy11112027-behind-cylinder-for-frame-support-for-truck-cranes\/","title":{"rendered":"HCYY11112027 Za cilindrom za oporo okvirja za avtodvigala"},"content":{"rendered":"<h1 style=\"text-align: center;\"><strong>HCYY11112027 Za cilindrom za oporo okvirja za avtodvigala<\/strong><\/h1>\n<h1 style=\"text-align: center;\"><img loading=\"lazy\" decoding=\"async\" class=\"alignnone size-full wp-image-17142\" src=\"https:\/\/www.hydraulic-cylinders.net\/wp-content\/uploads\/2025\/02\/hcyy11112027-behind-cylinder-for-frame-support-2.webp\" alt=\"\" width=\"1496\" height=\"517\" srcset=\"https:\/\/www.hydraulic-cylinders.net\/wp-content\/uploads\/2025\/02\/hcyy11112027-behind-cylinder-for-frame-support-2.webp 1496w, https:\/\/www.hydraulic-cylinders.net\/wp-content\/uploads\/2025\/02\/hcyy11112027-behind-cylinder-for-frame-support-2-1280x442.webp 1280w, https:\/\/www.hydraulic-cylinders.net\/wp-content\/uploads\/2025\/02\/hcyy11112027-behind-cylinder-for-frame-support-2-980x339.webp 980w, https:\/\/www.hydraulic-cylinders.net\/wp-content\/uploads\/2025\/02\/hcyy11112027-behind-cylinder-for-frame-support-2-480x166.webp 480w\" sizes=\"(min-width: 0px) and (max-width: 480px) 480px, (min-width: 481px) and (max-width: 980px) 980px, (min-width: 981px) and (max-width: 1280px) 1280px, (min-width: 1281px) 1496px, 100vw\" \/><\/h1>\n<p>The <strong>Za cilindrom za oporo okvirja za avtodvigala<\/strong> je klju\u010dna komponenta, ki znatno izbolj\u0161a stabilnost in operativno u\u010dinkovitost avtodvigal. Ta robustni valj je bistvenega pomena za podporo okvirja dvigala, kar omogo\u010da varno in u\u010dinkovito upravljanje te\u017ekih bremen.<\/p>\n<p>Z visoko nosilnostjo, trpe\u017eno konstrukcijo in enostavno namestitvijo zadnji valj izbolj\u0161a stabilnost in varnost \u017eerjava med dvigovanjem. Upo\u0161tevanje pravilnih protokolov uporabe in vzdr\u017eevanja zagotavlja zanesljivo delovanje in podalj\u0161uje \u017eivljenjsko dobo te bistvene opreme.<\/p>\n<p>Nalo\u017eba v ta valj ne le pove\u010da operativno u\u010dinkovitost, temve\u010d tudi izbolj\u0161a varnost na delovnem mestu, zaradi \u010desar je nepogre\u0161ljiva izbira za vsako delo z \u017eerjavom.<\/p>\n<h2><strong>HCYY11112027 Za cilindrom za oporo okvirja za avtodvigala Parameter:<\/strong><\/h2>\n<h1 style=\"text-align: center;\"><img loading=\"lazy\" decoding=\"async\" class=\"alignnone size-full wp-image-17141\" src=\"https:\/\/www.hydraulic-cylinders.net\/wp-content\/uploads\/2025\/02\/hcyy11112027-behind-cylinder-for-frame-support-1.webp\" alt=\"\" width=\"1514\" height=\"145\" srcset=\"https:\/\/www.hydraulic-cylinders.net\/wp-content\/uploads\/2025\/02\/hcyy11112027-behind-cylinder-for-frame-support-1.webp 1514w, https:\/\/www.hydraulic-cylinders.net\/wp-content\/uploads\/2025\/02\/hcyy11112027-behind-cylinder-for-frame-support-1-1280x123.webp 1280w, https:\/\/www.hydraulic-cylinders.net\/wp-content\/uploads\/2025\/02\/hcyy11112027-behind-cylinder-for-frame-support-1-980x94.webp 980w, https:\/\/www.hydraulic-cylinders.net\/wp-content\/uploads\/2025\/02\/hcyy11112027-behind-cylinder-for-frame-support-1-480x46.webp 480w\" sizes=\"(min-width: 0px) and (max-width: 480px) 480px, (min-width: 481px) and (max-width: 980px) 980px, (min-width: 981px) and (max-width: 1280px) 1280px, (min-width: 1281px) 1514px, 100vw\" \/><\/h1>\n<h1 style=\"text-align: center;\"><img loading=\"lazy\" decoding=\"async\" class=\"alignnone size-full wp-image-17143\" src=\"https:\/\/www.hydraulic-cylinders.net\/wp-content\/uploads\/2025\/02\/hcyy11112027-behind-cylinder-for-frame-support-3.webp\" alt=\"\" width=\"1476\" height=\"710\" srcset=\"https:\/\/www.hydraulic-cylinders.net\/wp-content\/uploads\/2025\/02\/hcyy11112027-behind-cylinder-for-frame-support-3.webp 1476w, https:\/\/www.hydraulic-cylinders.net\/wp-content\/uploads\/2025\/02\/hcyy11112027-behind-cylinder-for-frame-support-3-1280x616.webp 1280w, https:\/\/www.hydraulic-cylinders.net\/wp-content\/uploads\/2025\/02\/hcyy11112027-behind-cylinder-for-frame-support-3-980x471.webp 980w, https:\/\/www.hydraulic-cylinders.net\/wp-content\/uploads\/2025\/02\/hcyy11112027-behind-cylinder-for-frame-support-3-480x231.webp 480w\" sizes=\"(min-width: 0px) and (max-width: 480px) 480px, (min-width: 481px) and (max-width: 980px) 980px, (min-width: 981px) and (max-width: 1280px) 1280px, (min-width: 1281px) 1476px, 100vw\" \/> <img loading=\"lazy\" decoding=\"async\" class=\"alignnone size-full wp-image-17144\" src=\"https:\/\/www.hydraulic-cylinders.net\/wp-content\/uploads\/2025\/02\/hcyy11112027-behind-cylinder-for-frame-support-4.webp\" alt=\"\" width=\"1472\" height=\"706\" srcset=\"https:\/\/www.hydraulic-cylinders.net\/wp-content\/uploads\/2025\/02\/hcyy11112027-behind-cylinder-for-frame-support-4.webp 1472w, https:\/\/www.hydraulic-cylinders.net\/wp-content\/uploads\/2025\/02\/hcyy11112027-behind-cylinder-for-frame-support-4-1280x614.webp 1280w, https:\/\/www.hydraulic-cylinders.net\/wp-content\/uploads\/2025\/02\/hcyy11112027-behind-cylinder-for-frame-support-4-980x470.webp 980w, https:\/\/www.hydraulic-cylinders.net\/wp-content\/uploads\/2025\/02\/hcyy11112027-behind-cylinder-for-frame-support-4-480x230.webp 480w\" sizes=\"(min-width: 0px) and (max-width: 480px) 480px, (min-width: 481px) and (max-width: 980px) 980px, (min-width: 981px) and (max-width: 1280px) 1280px, (min-width: 1281px) 1472px, 100vw\" \/> <img loading=\"lazy\" decoding=\"async\" class=\"alignnone size-full wp-image-17145\" src=\"https:\/\/www.hydraulic-cylinders.net\/wp-content\/uploads\/2025\/02\/hcyy11112027-behind-cylinder-for-frame-support-5.webp\" alt=\"\" width=\"1371\" height=\"712\" srcset=\"https:\/\/www.hydraulic-cylinders.net\/wp-content\/uploads\/2025\/02\/hcyy11112027-behind-cylinder-for-frame-support-5.webp 1371w, https:\/\/www.hydraulic-cylinders.net\/wp-content\/uploads\/2025\/02\/hcyy11112027-behind-cylinder-for-frame-support-5-1280x665.webp 1280w, https:\/\/www.hydraulic-cylinders.net\/wp-content\/uploads\/2025\/02\/hcyy11112027-behind-cylinder-for-frame-support-5-980x509.webp 980w, https:\/\/www.hydraulic-cylinders.net\/wp-content\/uploads\/2025\/02\/hcyy11112027-behind-cylinder-for-frame-support-5-480x249.webp 480w\" sizes=\"(min-width: 0px) and (max-width: 480px) 480px, (min-width: 481px) and (max-width: 980px) 980px, (min-width: 981px) and (max-width: 1280px) 1280px, (min-width: 1281px) 1371px, 100vw\" \/><\/h1>\n<h2><strong>Serija cilindrov za avtodvigala:<\/strong><\/h2>\n<h2><img loading=\"lazy\" decoding=\"async\" class=\"alignnone size-full wp-image-17123\" src=\"https:\/\/www.hydraulic-cylinders.net\/wp-content\/uploads\/2025\/02\/cylinder-series-for-truck-cranes-2.webp\" alt=\"\" width=\"1240\" height=\"825\" srcset=\"https:\/\/www.hydraulic-cylinders.net\/wp-content\/uploads\/2025\/02\/cylinder-series-for-truck-cranes-2.webp 1240w, https:\/\/www.hydraulic-cylinders.net\/wp-content\/uploads\/2025\/02\/cylinder-series-for-truck-cranes-2-980x652.webp 980w, https:\/\/www.hydraulic-cylinders.net\/wp-content\/uploads\/2025\/02\/cylinder-series-for-truck-cranes-2-480x319.webp 480w\" sizes=\"(min-width: 0px) and (max-width: 480px) 480px, (min-width: 481px) and (max-width: 980px) 980px, (min-width: 981px) 1240px, 100vw\" \/><\/h2>\n<h2><strong>Klju\u010dne zna\u010dilnosti HCYY11112027 za cilindrom za oporo okvirja za avtodvigala:<\/strong><\/h2>\n<h4><strong>Visoka nosilnost<\/strong><\/h4>\n<p>Zadnja valji so zasnovani za dvigovanje velikih te\u017e in so izdelani tako, da se odli\u010dno obnesejo v zahtevnih scenarijih dvigovanja. Zaradi robustne zasnove lahko podpirajo te\u017eke obremenitve brez ogro\u017eanja varnosti. Ta zmogljivost je \u0161e posebej pomembna v gradbeni\u0161tvu in industriji, kjer lahko u\u010dinkovito dvigovanje in manevriranje z velikimi materiali neposredno vpliva na produktivnost in \u010dasovni okvir projekta.<\/p>\n<h4><strong>Trpe\u017ena konstrukcija<\/strong><\/h4>\n<p>Ta valj, izdelan iz visokokakovostnih materialov, je odporen proti obrabi, kar zagotavlja dolgo \u017eivljenjsko dobo tudi v zahtevnih pogojih. Njegova vzdr\u017eljivost pomeni manj zamenjav in popravil, kar s\u010dasoma pomeni ni\u017eje obratovalne stro\u0161ke. Upravljavci se lahko zanesejo na dosledno delovanje valja, tudi v zahtevnih okoljih, kjer bi lahko odpovedale druge komponente.<\/p>\n<h4><strong>Odpornost proti koroziji<\/strong><\/h4>\n<p>Zadnja valjka ima poseben premaz, ki \u0161\u010diti pred rjo in korozijo, zaradi \u010desar je idealna za uporabo v zahtevnih okoljih. Ta odpornost proti koroziji je klju\u010dnega pomena za avtodvigala, ki pogosto delujejo na prostem ali na obmo\u010djih, kjer so izpostavljena vlagi in kemikalijam. S prepre\u010devanjem rje premaz podalj\u0161a \u017eivljenjsko dobo valjev in ohranja njihovo delovanje, kar zagotavlja, da bodo zanesljivo sredstvo \u0161e vrsto let.<\/p>\n<h4><strong>Precizno in\u017eenirstvo<\/strong><\/h4>\n<p>Izdelan po natan\u010dnih specifikacijah, Behind Cylinder zagotavlja zdru\u017eljivost z razli\u010dnimi modeli avtodvigal. Ta natan\u010dna in\u017eeniring zagotavlja, da se cilinder brezhibno prilega obstoje\u010dim sistemom dvi\u017enih \u017eerjavov, kar odpravlja potrebo po obse\u017enih modifikacijah. Operaterji imajo koristi od preprostega postopka integracije, ki omogo\u010da takoj\u0161njo uporabo brez zamud ali zapletov.<\/p>\n<h4><strong>Enostavna namestitev<\/strong><\/h4>\n<p>Zasnova za cilindrom Behind Cylinder omogo\u010da hitro in enostavno integracijo, kar zmanj\u0161a \u010das izpada med nastavitvijo. Zaradi uporabniku prijazne zasnove ga lahko upravljavci namestijo z minimalnim naporom, kar zagotavlja, da so \u017eerjavi \u010dim prej pripravljeni za uporabo. Ta enostavnost namestitve je \u0161e posebej koristna v hitrih okoljih, kjer je \u010das bistvenega pomena, saj ekipam omogo\u010da, da se osredoto\u010dijo na svoja dvi\u017ena opravila brez nepotrebnih prekinitev.<\/p>\n<p>Zadnji valj za oporo okvirja za avtodvigala izstopa s svojimi impresivnimi lastnostmi, ki izbolj\u0161ujejo stabilnost in zmogljivost. Vsaka zna\u010dilnost \u2013 od visoke nosilnosti do odpornosti proti koroziji \u2013 prispeva k temu, da je ta valj bistvena komponenta za vsako delovanje \u017eerjava. Z razumevanjem teh prednosti lahko upravljavci cenijo vrednost, ki jo ta oprema dodaja njihovim dvi\u017enim operacijam in splo\u0161ni varnosti.<\/p>\n<h2><strong>Kako zadnji valj izbolj\u0161a stabilnost med dvigovanjem te\u017ekih bremen v avtodvigalih?<\/strong><\/h2>\n<p>The <strong>Za cilindrom<\/strong> znatno izbolj\u0161a stabilnost med dvigovanjem te\u017ekih te\u017ekih delov v avtodvigalih z ve\u010d klju\u010dnimi mehanizmi:<\/p>\n<h4><strong>1. Porazdelitev te\u017ee<\/strong><\/h4>\n<p>Zadnji valj igra klju\u010dno vlogo pri zagotavljanju enakomerne porazdelitve te\u017ee po okvirju \u017eerjava. Z enakomerno porazdelitvijo obremenitve prepre\u010duje prekomerno obremenitev katere koli to\u010dke, s \u010dimer se zmanj\u0161a tveganje prevra\u010danja ali strukturne okvare. Ta uravnote\u017een pristop je bistvenega pomena, zlasti pri dvigovanju velikih ali nerodno oblikovanih bremen, saj pomaga ohranjati te\u017ei\u0161\u010de \u017eerjava.<\/p>\n<h4><strong>2. Strukturna podpora<\/strong><\/h4>\n<p>Ta valj zagotavlja robustno strukturno oporo okvirju \u017eerjava, kar zmanj\u0161uje upogibanje in krivljenje med delovanjem. Z oja\u010ditvijo klju\u010dnih obmo\u010dij pove\u010da splo\u0161no togost \u017eerjava, kar je klju\u010dnega pomena za ohranjanje stabilnosti pri dvigovanju te\u017ekih bremen. Ta dodatna trdnost omogo\u010da \u017eerjavu bolj samozavestno delovanje v zahtevnih pogojih in zagotavlja, da ostane stabilen tudi med dinami\u010dnimi gibi.<\/p>\n<h4><strong>3. Absorpcija udarcev<\/strong><\/h4>\n<p>Zasnova zadnjega cilindra vklju\u010duje funkcije, ki absorbirajo udarce in vibracije, ki nastanejo med dvigovanjem. Z du\u0161enjem teh sil cilinder prispeva k bolj gladkim in nadzorovanim gibom. To bla\u017eenje udarcev je \u0161e posebej pomembno pri manevriranju te\u017ekih bremen, saj zmanj\u0161uje verjetnost nenadnih sunkov, ki bi lahko ogrozili stabilnost in varnost \u017eerjava.<\/p>\n<h4><strong>4. Izbolj\u0161an nadzor<\/strong><\/h4>\n<p>Z zanesljivo podporo zadnji valj omogo\u010da operaterjem natan\u010dne manevre z zaupanjem. Izbolj\u0161ana stabilnost pomeni, da lahko \u017eerjavi ohranijo ravnote\u017eje tudi pri preme\u0161\u010danju te\u017ekih bremen ali premikanju po tesnih prostorih. Ta natan\u010dnost je klju\u010dnega pomena za kompleksne dvi\u017ene naloge, kjer so natan\u010dni gibi potrebni za izogibanje oviram in zagotavljanje varne namestitve materialov.<\/p>\n<h4><strong>5. Zagotavljanje varnosti<\/strong><\/h4>\n<p>Z znatnim izbolj\u0161anjem stabilnosti ima \u017eerjav za cilindrom klju\u010dno vlogo pri izbolj\u0161anju varnosti med dvigovanjem. Stabilen \u017eerjav zmanj\u0161uje tveganje za nesre\u010de, kot sta prevra\u010danje ali padec bremena, ki lahko ogrozijo tako upravljavce kot mimoido\u010de. Zagotavljanje stabilnosti spodbuja varnej\u0161e delovno okolje, ki ekipam omogo\u010da, da se osredoto\u010dijo na svoje naloge brez nenehne skrbi zaradi morebitnih nevarnosti.<\/p>\n<p>Skratka, zadnji valj je bistvena komponenta, ki mo\u010dno izbolj\u0161a stabilnost avtodvigal med te\u017ekim dvigovanjem. Z u\u010dinkovito porazdelitvijo te\u017ee, strukturno podporo, bla\u017eenjem udarcev, izbolj\u0161anim nadzorom in varnostnimi zagotovili zagotavlja, da lahko upravljavci \u017eerjavov svoja dela opravljajo u\u010dinkovito in varno. Nalo\u017eba v to klju\u010dno komponento ne le pove\u010da operativno zmogljivost, temve\u010d prispeva tudi k varnej\u0161emu delovnemu mestu, zaradi \u010desar je nepogre\u0161ljiva prednost pri vsakem dvigovanju.<\/p>\n<h2><strong>Proizvodno obmo\u010dje valjev za vili\u010darje:<\/strong><\/h2>\n<h2><img loading=\"lazy\" decoding=\"async\" class=\"alignnone size-full wp-image-16972\" src=\"https:\/\/www.hydraulic-cylinders.net\/wp-content\/uploads\/2025\/01\/hydraulic-cylinder-factory-1-scaled.webp\" alt=\"\" width=\"2016\" height=\"2560\" srcset=\"https:\/\/www.hydraulic-cylinders.net\/wp-content\/uploads\/2025\/01\/hydraulic-cylinder-factory-1-scaled.webp 2016w, https:\/\/www.hydraulic-cylinders.net\/wp-content\/uploads\/2025\/01\/hydraulic-cylinder-factory-1-1280x1625.webp 1280w, https:\/\/www.hydraulic-cylinders.net\/wp-content\/uploads\/2025\/01\/hydraulic-cylinder-factory-1-980x1244.webp 980w, https:\/\/www.hydraulic-cylinders.net\/wp-content\/uploads\/2025\/01\/hydraulic-cylinder-factory-1-480x610.webp 480w\" sizes=\"(min-width: 0px) and (max-width: 480px) 480px, (min-width: 481px) and (max-width: 980px) 980px, (min-width: 981px) and (max-width: 1280px) 1280px, (min-width: 1281px) 2016px, 100vw\" \/><\/h2>\n<p>Pona\u0161amo se z najsodobnej\u0161o neodvisno platformo za raziskave in razvoj, namenjeno monta\u017ei, ki zagotavlja vrhunske inovacije in kakovost v na\u0161ih proizvodnih procesih. Na\u0161a delavnica za proizvodnjo valjev za vili\u010darje ima \u0161tiri polavtomatske monta\u017ene linije za dvi\u017ene valje in popolnoma avtomatsko monta\u017eno linijo za nagibne valje, ki so skupaj zasnovane za proizvodnjo do milijona enot letno.<\/p>\n<p>Poleg tega je na\u0161a specializirana delavnica za jeklenke opremljena s polavtomatskimi sistemi za \u010di\u0161\u010denje in monta\u017eo, prilagojenimi razli\u010dnim specifikacijam, z letno proizvodno zmogljivostjo 200.000 kosov. Uporabljamo priznano CNC opremo, obdelovalne centre in specializirana orodja za visoko precizno obdelavo jeklenk. Na\u0161 obrat vklju\u010duje tudi napredne robotske varilne stroje, avtomatske sisteme za \u010di\u0161\u010denje in popolnoma avtomatizirane linije za monta\u017eo in barvanje jeklenk. Z ve\u010d kot 300 klju\u010dnimi kosi opreme v uporabi optimiziramo dodelitev virov in zagotavljamo u\u010dinkovito izrabo, pri \u010demer izpolnjujemo stroge standarde natan\u010dnosti in kakovosti.<\/p>\n<p>Na\u0161a strojna delavnica ima stru\u017eilne centre za nagibne vodilne tirnice po meri, obdelovalne centre, visokohitrostne stroje za honanje, varilne robote in drugo bistveno opremo. Ta postavitev nam omogo\u010da obdelavo valjastih cevi z najve\u010djim notranjim premerom 400 mm in dol\u017eino do 6 metrov, kar \u0161e dodatno izbolj\u0161uje na\u0161e proizvodne zmogljivosti.<\/p>\n<h2><img loading=\"lazy\" decoding=\"async\" class=\"alignnone size-full wp-image-16973\" src=\"https:\/\/www.hydraulic-cylinders.net\/wp-content\/uploads\/2025\/01\/hydraulic-cylinder-factory-2-scaled.webp\" alt=\"\" width=\"2011\" height=\"2560\" srcset=\"https:\/\/www.hydraulic-cylinders.net\/wp-content\/uploads\/2025\/01\/hydraulic-cylinder-factory-2-scaled.webp 2011w, https:\/\/www.hydraulic-cylinders.net\/wp-content\/uploads\/2025\/01\/hydraulic-cylinder-factory-2-1280x1629.webp 1280w, https:\/\/www.hydraulic-cylinders.net\/wp-content\/uploads\/2025\/01\/hydraulic-cylinder-factory-2-980x1248.webp 980w, https:\/\/www.hydraulic-cylinders.net\/wp-content\/uploads\/2025\/01\/hydraulic-cylinder-factory-2-480x611.webp 480w\" sizes=\"(min-width: 0px) and (max-width: 480px) 480px, (min-width: 481px) and (max-width: 980px) 980px, (min-width: 981px) and (max-width: 1280px) 1280px, (min-width: 1281px) 2011px, 100vw\" \/><\/h2>\n<p>Upravljamo popolnoma avtomatsko linijo za barvanje na vodni osnovi, posebej zasnovano za majhne in srednje velike jeklenke, z avtomatiziranimi roboti za nalaganje, razkladanje in brizganje. Ta najsodobnej\u0161i sistem se pona\u0161a s proizvodno zmogljivostjo 4000 enot na izmeno. Poleg tega imamo polavtomatsko linijo za barvanje velikih jeklenk, ki jo poganja veri\u017eni pogon, s projektno zmogljivostjo 60 zabojev na izmeno.<\/p>\n<p>Da bi izbolj\u0161ali u\u010dinkovitost izdelkov in utrdili na\u0161o vodilno vlogo v industriji hidravli\u010dnih cilindrov, smo se povezali z ZJIMEE in ustanovili celovit laboratorij za merjenje u\u010dinkovitosti, namenjen hidravli\u010dnim cilindrom, ventilom in \u010drpalkam. Ta napredni laboratorij uporablja ra\u010dunalni\u0161ko podprto testiranje z elektrohidravli\u010dno tehnologijo, kar omogo\u010da vnaprej dolo\u010dene pogoje testiranja, ki izbolj\u0161ajo natan\u010dnost in vsestranskost sistema. Avtomatiziran postopek zbiranja podatkov uporablja senzorje za zbiranje izhodnih podatkov, kot so notranje pu\u0161\u010danje in izkoristek obremenitve, ki jih nato obdela ra\u010dunalnik in pretvori v standardne enote (ml\/min%).<\/p>\n<p>Poleg tega za zagotovitev varnosti na\u0161ih hidravli\u010dnih sistemov izvajamo spremljanje stanja klju\u010dnih parametrov delovanja, vklju\u010dno s temperaturo olja, nivojem teko\u010dine in stanjem filtrirne naprave. Na\u0161e preskusno mesto za hidravli\u010dne cilindre lahko z natan\u010dnimi od\u010ditki oceni \u00bbu\u010dinkovitost obremenitve\u00ab in \u00bbnotranje pu\u0161\u010danje\u00ab. Opremljeno je tudi z merilnim instrumentom z ravnilom, ki ustreza nacionalnim standardom in zagotavlja skladnost z vsemi zahtevami glede presku\u0161anja hidravli\u010dnih cilindrov.<\/p>\n<p>&nbsp;<\/p>","protected":false},"excerpt":{"rendered":"<p>HCYY11112027 Behind Cylinder For Frame Support For Truck Cranes The Behind Cylinder for Frame Support for Truck Cranes is a critical component that significantly improves the stability and operational efficiency of truck cranes. This robust cylinder is vital for supporting the crane\u2019s frame, allowing for the safe and effective management of heavy loads. With its [&hellip;]<\/p>","protected":false},"featured_media":17146,"comment_status":"open","ping_status":"closed","template":"","meta":{"_et_pb_use_builder":"","_et_pb_old_content":"","_et_gb_content_width":""},"product_brand":[],"product_cat":[1514,1549,1376],"product_tag":[],"class_list":{"0":"post-17140","1":"product","2":"type-product","3":"status-publish","4":"has-post-thumbnail","6":"product_cat-mobile-crane-hydraulic-cylinders","7":"product_cat-single-acting-hydraulic-cylinder","8":"product_cat-hydraulic-cylinder","10":"first","11":"instock","12":"shipping-taxable","13":"product-type-simple"},"amp_enabled":true,"_links":{"self":[{"href":"https:\/\/www.hydraulic-cylinders.net\/sl\/wp-json\/wp\/v2\/product\/17140","targetHints":{"allow":["GET"]}}],"collection":[{"href":"https:\/\/www.hydraulic-cylinders.net\/sl\/wp-json\/wp\/v2\/product"}],"about":[{"href":"https:\/\/www.hydraulic-cylinders.net\/sl\/wp-json\/wp\/v2\/types\/product"}],"replies":[{"embeddable":true,"href":"https:\/\/www.hydraulic-cylinders.net\/sl\/wp-json\/wp\/v2\/comments?post=17140"}],"wp:featuredmedia":[{"embeddable":true,"href":"https:\/\/www.hydraulic-cylinders.net\/sl\/wp-json\/wp\/v2\/media\/17146"}],"wp:attachment":[{"href":"https:\/\/www.hydraulic-cylinders.net\/sl\/wp-json\/wp\/v2\/media?parent=17140"}],"wp:term":[{"taxonomy":"product_brand","embeddable":true,"href":"https:\/\/www.hydraulic-cylinders.net\/sl\/wp-json\/wp\/v2\/product_brand?post=17140"},{"taxonomy":"product_cat","embeddable":true,"href":"https:\/\/www.hydraulic-cylinders.net\/sl\/wp-json\/wp\/v2\/product_cat?post=17140"},{"taxonomy":"product_tag","embeddable":true,"href":"https:\/\/www.hydraulic-cylinders.net\/sl\/wp-json\/wp\/v2\/product_tag?post=17140"}],"curies":[{"name":"delovni list","href":"https:\/\/api.w.org\/{rel}","templated":true}]}}