{"id":17147,"date":"2025-02-07T06:47:22","date_gmt":"2025-02-07T06:47:22","guid":{"rendered":"https:\/\/www.hydraulic-cylinders.net\/?post_type=product&#038;p=17147"},"modified":"2025-04-15T05:52:21","modified_gmt":"2025-04-15T05:52:21","slug":"wind-power-series-cylinders","status":"publish","type":"product","link":"https:\/\/www.hydraulic-cylinders.net\/sl\/izdelek\/wind-power-series-cylinders\/","title":{"rendered":"Cilindri serije Wind Power"},"content":{"rendered":"<h1 style=\"text-align: center;\"><strong>Cilindri serije Wind Power<\/strong><\/h1>\n<h1 style=\"text-align: center;\">\u00a0<img loading=\"lazy\" decoding=\"async\" class=\"alignnone size-full wp-image-17149\" src=\"https:\/\/www.hydraulic-cylinders.net\/wp-content\/uploads\/2025\/02\/wind_power_series_cylinders-1-removebg-preview.webp\" alt=\"\" width=\"644\" height=\"644\" srcset=\"https:\/\/www.hydraulic-cylinders.net\/wp-content\/uploads\/2025\/02\/wind_power_series_cylinders-1-removebg-preview.webp 644w, https:\/\/www.hydraulic-cylinders.net\/wp-content\/uploads\/2025\/02\/wind_power_series_cylinders-1-removebg-preview-480x480.webp 480w\" sizes=\"(min-width: 0px) and (max-width: 480px) 480px, (min-width: 481px) 644px, 100vw\" \/><\/h1>\n<p>The <strong>Cilindri serije Wind Power<\/strong> so posebej zasnovani za sektor vetrne energije in zagotavljajo zanesljivo in u\u010dinkovito delovanje v razli\u010dnih aplikacijah. Ti cilindri igrajo klju\u010dno vlogo pri nadzoru mehanizmov, ki izkori\u0161\u010dajo vetrno energijo, kar znatno pove\u010da u\u010dinkovitost in uspe\u0161nost vetrnih turbin. Izdelani so natan\u010dno in zgrajeni tako, da prenesejo zahteve industrije, zato izpolnjujejo zahtevne zahteve tega hitro rasto\u010dega podro\u010dja.<\/p>\n<p>Cilindri serije Wind Power s kombinacijo vzdr\u017eljivosti, u\u010dinkovitosti in uporabniku prijaznosti izstopajo kot zanesljiva izbira za uporabo v vetrni energiji. Zaradi visoke nosilnosti in odpornosti proti koroziji so idealni za zahtevna okolja delovanja vetrnih turbin. Z upo\u0161tevanjem priporo\u010denih praks uporabe in vzdr\u017eevanja lahko upravljavci zagotovijo, da bodo ti cilindri ohranili optimalno delovanje ve\u010d let. Nalo\u017eba v te cilindre ne le izbolj\u0161a zanesljivost sistemov vetrne energije, temve\u010d tudi podpira trajnostno prihodnost.<\/p>\n<h2><strong>Parameter valjev serije vetrnih elektrarn:<\/strong><\/h2>\n<h2><img loading=\"lazy\" decoding=\"async\" class=\"alignnone size-full wp-image-17148\" style=\"color: #666666; font-size: 14px;\" src=\"https:\/\/www.hydraulic-cylinders.net\/wp-content\/uploads\/2025\/02\/wind-power-series-cylinders-2.webp\" alt=\"\" width=\"1394\" height=\"731\" srcset=\"https:\/\/www.hydraulic-cylinders.net\/wp-content\/uploads\/2025\/02\/wind-power-series-cylinders-2.webp 1394w, https:\/\/www.hydraulic-cylinders.net\/wp-content\/uploads\/2025\/02\/wind-power-series-cylinders-2-1280x671.webp 1280w, https:\/\/www.hydraulic-cylinders.net\/wp-content\/uploads\/2025\/02\/wind-power-series-cylinders-2-980x514.webp 980w, https:\/\/www.hydraulic-cylinders.net\/wp-content\/uploads\/2025\/02\/wind-power-series-cylinders-2-480x252.webp 480w\" sizes=\"(min-width: 0px) and (max-width: 480px) 480px, (min-width: 481px) and (max-width: 980px) 980px, (min-width: 981px) and (max-width: 1280px) 1280px, (min-width: 1281px) 1394px, 100vw\" \/><\/h2>\n<p>\u00b7Na\u010din valja: HCYY11112028<br \/>\n\u00b7 Delovni tlak: 16 MPa<br \/>\n\u00b7 Najvi\u0161ji vzdr\u017eni tlak: 25 MPa<br \/>\n\u00b7 Premer cevi valja: 100 mm<br \/>\n\u00b7 Premer batnice: 50 mm<br \/>\n\u00b7 Premer zati\u010da: 150 mm<br \/>\n\u00b7Dol\u017eina: 80 mm<br \/>\n\u00b7Dol\u017eina valja: 855 mm<br \/>\n\u00b7 Te\u017ea: 140 kg<\/p>\n<h2><strong>Klju\u010dne zna\u010dilnosti valjev serije Wind Power:<\/strong><\/h2>\n<h4><strong>Visoka nosilnost<\/strong><\/h4>\n<p>Cilindri serije Wind Power so odli\u010dni pri prena\u0161anju znatnih obremenitev, kar je klju\u010dnega pomena za zahtevne aplikacije v vetrni energiji. Njihova robustna zasnova zagotavlja zanesljivo delovanje v zahtevnih pogojih, kot so mo\u010dan veter ali ekstremno vreme. Ta zmogljivost ne le pove\u010da u\u010dinkovitost vetrnih turbin, temve\u010d tudi vliva zaupanje upravljavcem, saj vedo, da lahko njihova oprema prenese znatno te\u017eo, ne da bi pri tem ogrozila varnost ali zmogljivost.<\/p>\n<h4><strong>Trpe\u017ena konstrukcija<\/strong><\/h4>\n<p>Ti cilindri, izdelani iz vrhunskih materialov, so zasnovani tako, da so odporni na obrabo skozi \u010das. Njihova trpe\u017ena konstrukcija znatno zmanj\u0161a potrebo po pogostih zamenjavah, zaradi \u010desar so stro\u0161kovno u\u010dinkovita izbira za dolgoro\u010dno delovanje. Ne glede na to, ali so izpostavljeni ostrim okoljskim razmeram ali naporom vsakodnevne uporabe, cilindri ohranjajo svojo integriteto in zagotavljajo nemoteno in u\u010dinkovito delovanje sistemov vetrne energije.<\/p>\n<h4><strong>Odpornost proti koroziji<\/strong><\/h4>\n<p>Opremljeni s posebnim premazom so valji odporni proti rji in okoljskim po\u0161kodbam. Ta odpornost proti koroziji je \u0161e posebej pomembna za zunanjo uporabo, kjer lahko izpostavljenost vlagi, soli in drugim agresivnim elementom povzro\u010di obrabo. Z za\u0161\u010dito valjev pred korozijo ta lastnost ne le podalj\u0161a njihovo \u017eivljenjsko dobo, temve\u010d tudi zmanj\u0161a stro\u0161ke vzdr\u017eevanja, kar omogo\u010da upravljavcem, da se osredoto\u010dijo na maksimiranje proizvodnje energije.<\/p>\n<h4><strong>Precizno in\u017eenirstvo<\/strong><\/h4>\n<p>Cilindri serije Wind Power, izdelani po natan\u010dnih specifikacijah, zagotavljajo brezhibno zdru\u017eljivost z razli\u010dnimi modeli vetrnih turbin. Ta natan\u010dna in\u017eeniring omogo\u010da enostavno namestitev in integracijo v obstoje\u010de sisteme, kar zmanj\u0161uje tveganje za te\u017eave pri delovanju. S temi cilindri so lahko upravljavci brez skrbi, saj vedo, da uporabljajo komponente, zasnovane za optimalno delovanje znotraj njihovih specifi\u010dnih turbin.<\/p>\n<h4><strong>Enostavna namestitev<\/strong><\/h4>\n<p>Zasnovani z mislijo na udobje uporabnika, cilindri omogo\u010dajo hitro in enostavno namestitev. Njihova intuitivna zasnova zmanj\u0161uje \u010das izpada med nastavitvijo, kar operaterjem omogo\u010da hiter zagon in delovanje sistemov. Ta enostavnost namestitve ne le pove\u010da operativno u\u010dinkovitost, temve\u010d omogo\u010da tudi hitrej\u0161i odziv na potrebe po vzdr\u017eevanju, kar zagotavlja, da sistemi vetrne energije ostanejo produktivni ves \u010das.<\/p>\n<p>S poudarjanjem teh lastnosti cilindri serije Wind Power HCYY11112028 zagotavljajo izjemno zmogljivost, ki ustreza spreminjajo\u010dim se zahtevam sektorja vetrne energije.<\/p>\n<h2><strong>Kako odpornost proti koroziji valjev serije Wind Power izbolj\u0161a njihovo delovanje v zunanjem okolju?<\/strong><\/h2>\n<p>Seveda! Tukaj je bolj zanimiva in podrobna raziskava o tem, kako odpornost proti koroziji valjev serije Wind Power izbolj\u0161a njihovo delovanje v zunanjem okolju:<\/p>\n<h4><strong>1. Dolgo\u017eivost<\/strong><\/h4>\n<p>Specializirana protikorozijska prevleka na cilindrih deluje kot mo\u010dna ovira pred rjavenjem in obrabo. Ta za\u0161\u010ditna plast je \u0161e posebej dragocena v okoljih, kjer so prisotni vlaga, slana meglica in temperaturna nihanja. Z znatnim podalj\u0161anjem \u017eivljenjske dobe cilindrov lahko upravljavci u\u017eivajo v brezskrbnosti, saj vedo, da bo njihova nalo\u017eba prestala preizkus \u010dasa, kar omogo\u010da dolgotrajno in nemoteno delovanje na terenu.<\/p>\n<h4><strong>2. Zmanj\u0161ano vzdr\u017eevanje<\/strong><\/h4>\n<p>Ena od izjemnih prednosti odpornosti proti koroziji je znatno zmanj\u0161anje zahtev po vzdr\u017eevanju. Ker so valji manj dovzetni za rjavenje in obrabo, lahko upravljavci namenijo manj virov \u2013 tako \u010dasa kot denarja \u2013 za vzdr\u017eevanje. Ta u\u010dinkovitost pomeni, da se lahko vzdr\u017eevalne ekipe osredoto\u010dijo na druge klju\u010dne vidike delovanja vetrnih turbin, kar pove\u010da splo\u0161no produktivnost. Posledi\u010dno lahko sistem vetrne energije deluje bolj gladko in pove\u010da proizvodnjo energije brez nenehne skrbi zaradi okvare komponent.<\/p>\n<h4><strong>3. Dosledna zmogljivost<\/strong><\/h4>\n<p>Korozija lahko s\u010dasoma oslabi materiale, kar povzro\u010di nepravilnosti v delovanju, ki lahko motijo \u200b\u200bproizvodnjo energije. Valji, za\u0161\u010diteni pred korozijo, ohranjajo svojo strukturno celovitost in standarde delovanja tudi v najzahtevnej\u0161ih zunanjih pogojih. Ta zanesljivost zagotavlja u\u010dinkovito delovanje turbin, kar se prevaja v optimalno proizvodnjo energije. Upravljavci lahko pri\u010dakujejo dosledno delovanje, kar je bistveno za zadovoljevanje potreb po energiji in doseganje ciljev trajnosti.<\/p>\n<h4><strong>4. Varnost<\/strong><\/h4>\n<p>Varnost je v vsakem industrijskem okolju najpomembnej\u0161a, tveganje okvare zaradi korozije pa je skrb, ki je ne smemo spregledati. Jeklenke pomagajo ubla\u017eiti ta tveganja z ohranjanjem svoje trdnosti in funkcionalnosti v zahtevnih okoljih. S prepre\u010devanjem okvar, povezanih s korozijo, te jeklenke prispevajo k varnej\u0161emu obratovalnemu okolju za osebje in opremo. Ta poudarek na varnosti spodbuja kulturo zanesljivosti in zaupanja v sektorju vetrne energije.<\/p>\n<h4><strong>5. Stro\u0161kovna u\u010dinkovitost<\/strong><\/h4>\n<p>Vlaganje v jeklenke, odporne proti koroziji, ni le takoj\u0161nja u\u010dinkovitost, temve\u010d dolgoro\u010dna finan\u010dna preudarnost. Zaradi trajnosti in zmanj\u0161anih potreb po vzdr\u017eevanju jeklenk se s\u010dasoma znatno prihranijo stro\u0161ki. Upravljavci se lahko izognejo stro\u0161kom, povezanim s pogostimi zamenjavami in popravili, kar omogo\u010da bolj\u0161o razporeditev prora\u010dunskih sredstev. Zaradi te stro\u0161kovne u\u010dinkovitosti so te jeklenke privla\u010dna mo\u017enost za podjetja, ki \u017eelijo optimizirati svoje operativne prora\u010dune in hkrati zagotoviti zanesljivo proizvodnjo energije.<\/p>\n<p>Skratka, odpornost proti koroziji valjev serije Wind Power ni le lastnost \u2013 je klju\u010dna lastnost, ki podalj\u0161a \u017eivljenjsko dobo, zmanj\u0161a vzdr\u017eevanje, zagotavlja dosledno delovanje, spodbuja varnost in zagotavlja stro\u0161kovno u\u010dinkovitost. Te prednosti skupaj prispevajo k u\u010dinkovitej\u0161emu in trajnostnej\u0161emu pristopu k izkori\u0161\u010danju vetrne energije, zaradi \u010desar so ti valji nepogre\u0161ljiva izbira v industriji.<\/p>\n<h2><strong>Proizvodno obmo\u010dje valjev za vili\u010darje:<\/strong><\/h2>\n<h2><img loading=\"lazy\" decoding=\"async\" class=\"alignnone size-full wp-image-16972\" src=\"https:\/\/www.hydraulic-cylinders.net\/wp-content\/uploads\/2025\/01\/hydraulic-cylinder-factory-1-scaled.webp\" alt=\"\" width=\"2016\" height=\"2560\" srcset=\"https:\/\/www.hydraulic-cylinders.net\/wp-content\/uploads\/2025\/01\/hydraulic-cylinder-factory-1-scaled.webp 2016w, https:\/\/www.hydraulic-cylinders.net\/wp-content\/uploads\/2025\/01\/hydraulic-cylinder-factory-1-1280x1625.webp 1280w, https:\/\/www.hydraulic-cylinders.net\/wp-content\/uploads\/2025\/01\/hydraulic-cylinder-factory-1-980x1244.webp 980w, https:\/\/www.hydraulic-cylinders.net\/wp-content\/uploads\/2025\/01\/hydraulic-cylinder-factory-1-480x610.webp 480w\" sizes=\"(min-width: 0px) and (max-width: 480px) 480px, (min-width: 481px) and (max-width: 980px) 980px, (min-width: 981px) and (max-width: 1280px) 1280px, (min-width: 1281px) 2016px, 100vw\" \/><\/h2>\n<p>Pona\u0161amo se z najsodobnej\u0161o neodvisno platformo za raziskave in razvoj, namenjeno monta\u017ei, ki zagotavlja vrhunske inovacije in kakovost v na\u0161ih proizvodnih procesih. Na\u0161a delavnica za proizvodnjo valjev za vili\u010darje ima \u0161tiri polavtomatske monta\u017ene linije za dvi\u017ene valje in popolnoma avtomatsko monta\u017eno linijo za nagibne valje, ki so skupaj zasnovane za proizvodnjo do milijona enot letno.<\/p>\n<p>Poleg tega je na\u0161a specializirana delavnica za jeklenke opremljena s polavtomatskimi sistemi za \u010di\u0161\u010denje in monta\u017eo, prilagojenimi razli\u010dnim specifikacijam, z letno proizvodno zmogljivostjo 200.000 kosov. Uporabljamo priznano CNC opremo, obdelovalne centre in specializirana orodja za visoko precizno obdelavo jeklenk. Na\u0161 obrat vklju\u010duje tudi napredne robotske varilne stroje, avtomatske sisteme za \u010di\u0161\u010denje in popolnoma avtomatizirane linije za monta\u017eo in barvanje jeklenk. Z ve\u010d kot 300 klju\u010dnimi kosi opreme v uporabi optimiziramo dodelitev virov in zagotavljamo u\u010dinkovito izrabo, pri \u010demer izpolnjujemo stroge standarde natan\u010dnosti in kakovosti.<\/p>\n<p>Na\u0161a strojna delavnica ima stru\u017eilne centre za nagibne vodilne tirnice po meri, obdelovalne centre, visokohitrostne stroje za honanje, varilne robote in drugo bistveno opremo. Ta postavitev nam omogo\u010da obdelavo valjastih cevi z najve\u010djim notranjim premerom 400 mm in dol\u017eino do 6 metrov, kar \u0161e dodatno izbolj\u0161uje na\u0161e proizvodne zmogljivosti.<\/p>\n<h2><img loading=\"lazy\" decoding=\"async\" class=\"alignnone size-full wp-image-16973\" src=\"https:\/\/www.hydraulic-cylinders.net\/wp-content\/uploads\/2025\/01\/hydraulic-cylinder-factory-2-scaled.webp\" alt=\"\" width=\"2011\" height=\"2560\" srcset=\"https:\/\/www.hydraulic-cylinders.net\/wp-content\/uploads\/2025\/01\/hydraulic-cylinder-factory-2-scaled.webp 2011w, https:\/\/www.hydraulic-cylinders.net\/wp-content\/uploads\/2025\/01\/hydraulic-cylinder-factory-2-1280x1629.webp 1280w, https:\/\/www.hydraulic-cylinders.net\/wp-content\/uploads\/2025\/01\/hydraulic-cylinder-factory-2-980x1248.webp 980w, https:\/\/www.hydraulic-cylinders.net\/wp-content\/uploads\/2025\/01\/hydraulic-cylinder-factory-2-480x611.webp 480w\" sizes=\"(min-width: 0px) and (max-width: 480px) 480px, (min-width: 481px) and (max-width: 980px) 980px, (min-width: 981px) and (max-width: 1280px) 1280px, (min-width: 1281px) 2011px, 100vw\" \/><\/h2>\n<p>Upravljamo popolnoma avtomatsko linijo za barvanje na vodni osnovi, posebej zasnovano za majhne in srednje velike jeklenke, z avtomatiziranimi roboti za nalaganje, razkladanje in brizganje. Ta najsodobnej\u0161i sistem se pona\u0161a s proizvodno zmogljivostjo 4000 enot na izmeno. Poleg tega imamo polavtomatsko linijo za barvanje velikih jeklenk, ki jo poganja veri\u017eni pogon, s projektno zmogljivostjo 60 zabojev na izmeno.<\/p>\n<p>Da bi izbolj\u0161ali u\u010dinkovitost izdelkov in utrdili na\u0161o vodilno vlogo v industriji hidravli\u010dnih cilindrov, smo se povezali z ZJIMEE in ustanovili celovit laboratorij za merjenje u\u010dinkovitosti, namenjen hidravli\u010dnim cilindrom, ventilom in \u010drpalkam. Ta napredni laboratorij uporablja ra\u010dunalni\u0161ko podprto testiranje z elektrohidravli\u010dno tehnologijo, kar omogo\u010da vnaprej dolo\u010dene pogoje testiranja, ki izbolj\u0161ajo natan\u010dnost in vsestranskost sistema. Avtomatiziran postopek zbiranja podatkov uporablja senzorje za zbiranje izhodnih podatkov, kot so notranje pu\u0161\u010danje in izkoristek obremenitve, ki jih nato obdela ra\u010dunalnik in pretvori v standardne enote (ml\/min%).<\/p>\n<p>Poleg tega za zagotovitev varnosti na\u0161ih hidravli\u010dnih sistemov izvajamo spremljanje stanja klju\u010dnih parametrov delovanja, vklju\u010dno s temperaturo olja, nivojem teko\u010dine in stanjem filtrirne naprave. Na\u0161e preskusno mesto za hidravli\u010dne cilindre lahko z natan\u010dnimi od\u010ditki oceni \u00bbu\u010dinkovitost obremenitve\u00ab in \u00bbnotranje pu\u0161\u010danje\u00ab. Opremljeno je tudi z merilnim instrumentom z ravnilom, ki ustreza nacionalnim standardom in zagotavlja skladnost z vsemi zahtevami glede presku\u0161anja hidravli\u010dnih cilindrov.<\/p>\n<p>&nbsp;<\/p>","protected":false},"excerpt":{"rendered":"<p>Wind Power Series Cylinders \u00a0 The Wind Power Series Cylinders are specifically engineered for the wind energy sector, delivering reliable and efficient performance across various applications. These cylinders play a vital role in controlling the mechanisms that harness wind energy, significantly enhancing the efficiency and effectiveness of wind turbines. Crafted with precision and built to [&hellip;]<\/p>","protected":false},"featured_media":17150,"comment_status":"open","ping_status":"closed","template":"","meta":{"_et_pb_use_builder":"","_et_pb_old_content":"","_et_gb_content_width":""},"product_brand":[],"product_cat":[1552,1513,1376],"product_tag":[],"class_list":{"0":"post-17147","1":"product","2":"type-product","3":"status-publish","4":"has-post-thumbnail","6":"product_cat-stainless-steel-hydraulic-cylinder","7":"product_cat-wind-turbine-hydraulic-cylinders","8":"product_cat-hydraulic-cylinder","10":"first","11":"instock","12":"shipping-taxable","13":"product-type-simple"},"amp_enabled":true,"_links":{"self":[{"href":"https:\/\/www.hydraulic-cylinders.net\/sl\/wp-json\/wp\/v2\/product\/17147","targetHints":{"allow":["GET"]}}],"collection":[{"href":"https:\/\/www.hydraulic-cylinders.net\/sl\/wp-json\/wp\/v2\/product"}],"about":[{"href":"https:\/\/www.hydraulic-cylinders.net\/sl\/wp-json\/wp\/v2\/types\/product"}],"replies":[{"embeddable":true,"href":"https:\/\/www.hydraulic-cylinders.net\/sl\/wp-json\/wp\/v2\/comments?post=17147"}],"wp:featuredmedia":[{"embeddable":true,"href":"https:\/\/www.hydraulic-cylinders.net\/sl\/wp-json\/wp\/v2\/media\/17150"}],"wp:attachment":[{"href":"https:\/\/www.hydraulic-cylinders.net\/sl\/wp-json\/wp\/v2\/media?parent=17147"}],"wp:term":[{"taxonomy":"product_brand","embeddable":true,"href":"https:\/\/www.hydraulic-cylinders.net\/sl\/wp-json\/wp\/v2\/product_brand?post=17147"},{"taxonomy":"product_cat","embeddable":true,"href":"https:\/\/www.hydraulic-cylinders.net\/sl\/wp-json\/wp\/v2\/product_cat?post=17147"},{"taxonomy":"product_tag","embeddable":true,"href":"https:\/\/www.hydraulic-cylinders.net\/sl\/wp-json\/wp\/v2\/product_tag?post=17147"}],"curies":[{"name":"delovni list","href":"https:\/\/api.w.org\/{rel}","templated":true}]}}