{"id":17208,"date":"2025-02-23T08:12:19","date_gmt":"2025-02-23T08:12:19","guid":{"rendered":"https:\/\/www.hydraulic-cylinders.net\/?post_type=product&#038;p=17208"},"modified":"2025-04-30T08:43:42","modified_gmt":"2025-04-30T08:43:42","slug":"leveling-oil-cylinder-for-arm-type-aerial-work-vehicles","status":"publish","type":"product","link":"https:\/\/www.hydraulic-cylinders.net\/sl\/izdelek\/leveling-oil-cylinder-for-arm-type-aerial-work-vehicles\/","title":{"rendered":"Nivelirni oljni valj za delovna vozila tipa roke"},"content":{"rendered":"<h1 style=\"text-align: center;\"><strong>Nivelirni oljni valj za delovna vozila tipa roke<\/strong><\/h1>\n<h1 style=\"text-align: center;\"><img loading=\"lazy\" decoding=\"async\" class=\"alignnone size-full wp-image-17224\" src=\"https:\/\/www.hydraulic-cylinders.net\/wp-content\/uploads\/2025\/02\/hcyy11112008-upper-leveling-cylinder-for-aerial-work-vehicles-2.webp\" alt=\"\" width=\"1500\" height=\"520\" srcset=\"https:\/\/www.hydraulic-cylinders.net\/wp-content\/uploads\/2025\/02\/hcyy11112008-upper-leveling-cylinder-for-aerial-work-vehicles-2.webp 1500w, https:\/\/www.hydraulic-cylinders.net\/wp-content\/uploads\/2025\/02\/hcyy11112008-upper-leveling-cylinder-for-aerial-work-vehicles-2-1280x444.webp 1280w, https:\/\/www.hydraulic-cylinders.net\/wp-content\/uploads\/2025\/02\/hcyy11112008-upper-leveling-cylinder-for-aerial-work-vehicles-2-980x340.webp 980w, https:\/\/www.hydraulic-cylinders.net\/wp-content\/uploads\/2025\/02\/hcyy11112008-upper-leveling-cylinder-for-aerial-work-vehicles-2-480x166.webp 480w\" sizes=\"(min-width: 0px) and (max-width: 480px) 480px, (min-width: 481px) and (max-width: 980px) 980px, (min-width: 981px) and (max-width: 1280px) 1280px, (min-width: 1281px) 1500px, 100vw\" \/><\/h1>\n<p>Nivelacijski oljni valj za delovna vozila z roko je klju\u010dna komponenta za delovna vozila z dvi\u017eno roko, saj zagotavlja bistveno stabilnost in natan\u010dnost med dvignjenimi operacijami. Ta valj, zasnovan za pove\u010danje operativne u\u010dinkovitosti, podpira u\u010dinkovito niveliranje in manevriranje, zaradi \u010desar je nepogre\u0161ljiv pri gradnji, vzdr\u017eevanju in razli\u010dnih delih v zraku.<\/p>\n<p>Z robustno zasnovo in natan\u010dno in\u017eenirsko izdelavo je nivelirni oljni valj bistven pripomo\u010dek za vsako delovno vozilo na tleh. Njegove uporabniku prijazne funkcije zagotavljajo zanesljivost, zaradi \u010desar je priljubljena izbira med strokovnjaki. Z integracijo tega valja v va\u0161 delovni tok znatno pove\u010date varnost in operativno u\u010dinkovitost, kar va\u0161i ekipi omogo\u010da, da se osredoto\u010di na svoje glavne naloge.<\/p>\n<p>Investirajte v valj za nivelirno olje za dvi\u017ena delovna vozila z roko in dvignite svoje zmogljivosti za dvi\u017ena dela ter zagotovite, da bodo va\u0161e operacije dosegle nove vi\u0161ine uspeha.<\/p>\n<h2><strong>Nivelirni oljni valj za delovna vozila tipa roke Parameter:<\/strong><\/h2>\n<h1 style=\"text-align: center;\"><img loading=\"lazy\" decoding=\"async\" class=\"alignnone size-full wp-image-17223\" src=\"https:\/\/www.hydraulic-cylinders.net\/wp-content\/uploads\/2025\/02\/hcyy11112008-upper-leveling-cylinder-for-aerial-work-vehicles-1.webp\" alt=\"\" width=\"1506\" height=\"138\" srcset=\"https:\/\/www.hydraulic-cylinders.net\/wp-content\/uploads\/2025\/02\/hcyy11112008-upper-leveling-cylinder-for-aerial-work-vehicles-1.webp 1506w, https:\/\/www.hydraulic-cylinders.net\/wp-content\/uploads\/2025\/02\/hcyy11112008-upper-leveling-cylinder-for-aerial-work-vehicles-1-1280x117.webp 1280w, https:\/\/www.hydraulic-cylinders.net\/wp-content\/uploads\/2025\/02\/hcyy11112008-upper-leveling-cylinder-for-aerial-work-vehicles-1-980x90.webp 980w, https:\/\/www.hydraulic-cylinders.net\/wp-content\/uploads\/2025\/02\/hcyy11112008-upper-leveling-cylinder-for-aerial-work-vehicles-1-480x44.webp 480w\" sizes=\"(min-width: 0px) and (max-width: 480px) 480px, (min-width: 481px) and (max-width: 980px) 980px, (min-width: 981px) and (max-width: 1280px) 1280px, (min-width: 1281px) 1506px, 100vw\" \/> \u00a0<img loading=\"lazy\" decoding=\"async\" class=\"alignnone size-full wp-image-17225\" src=\"https:\/\/www.hydraulic-cylinders.net\/wp-content\/uploads\/2025\/02\/hcyy11112008-upper-leveling-cylinder-for-aerial-work-vehicles-3.webp\" alt=\"\" width=\"1481\" height=\"709\" srcset=\"https:\/\/www.hydraulic-cylinders.net\/wp-content\/uploads\/2025\/02\/hcyy11112008-upper-leveling-cylinder-for-aerial-work-vehicles-3.webp 1481w, https:\/\/www.hydraulic-cylinders.net\/wp-content\/uploads\/2025\/02\/hcyy11112008-upper-leveling-cylinder-for-aerial-work-vehicles-3-1280x613.webp 1280w, https:\/\/www.hydraulic-cylinders.net\/wp-content\/uploads\/2025\/02\/hcyy11112008-upper-leveling-cylinder-for-aerial-work-vehicles-3-980x469.webp 980w, https:\/\/www.hydraulic-cylinders.net\/wp-content\/uploads\/2025\/02\/hcyy11112008-upper-leveling-cylinder-for-aerial-work-vehicles-3-480x230.webp 480w\" sizes=\"(min-width: 0px) and (max-width: 480px) 480px, (min-width: 481px) and (max-width: 980px) 980px, (min-width: 981px) and (max-width: 1280px) 1280px, (min-width: 1281px) 1481px, 100vw\" \/> <img loading=\"lazy\" decoding=\"async\" class=\"alignnone size-full wp-image-17226\" src=\"https:\/\/www.hydraulic-cylinders.net\/wp-content\/uploads\/2025\/02\/hcyy11112008-upper-leveling-cylinder-for-aerial-work-vehicles-4.webp\" alt=\"\" width=\"1479\" height=\"712\" srcset=\"https:\/\/www.hydraulic-cylinders.net\/wp-content\/uploads\/2025\/02\/hcyy11112008-upper-leveling-cylinder-for-aerial-work-vehicles-4.webp 1479w, https:\/\/www.hydraulic-cylinders.net\/wp-content\/uploads\/2025\/02\/hcyy11112008-upper-leveling-cylinder-for-aerial-work-vehicles-4-1280x616.webp 1280w, https:\/\/www.hydraulic-cylinders.net\/wp-content\/uploads\/2025\/02\/hcyy11112008-upper-leveling-cylinder-for-aerial-work-vehicles-4-980x472.webp 980w, https:\/\/www.hydraulic-cylinders.net\/wp-content\/uploads\/2025\/02\/hcyy11112008-upper-leveling-cylinder-for-aerial-work-vehicles-4-480x231.webp 480w\" sizes=\"(min-width: 0px) and (max-width: 480px) 480px, (min-width: 481px) and (max-width: 980px) 980px, (min-width: 981px) and (max-width: 1280px) 1280px, (min-width: 1281px) 1479px, 100vw\" \/> <img loading=\"lazy\" decoding=\"async\" class=\"alignnone size-full wp-image-17227\" src=\"https:\/\/www.hydraulic-cylinders.net\/wp-content\/uploads\/2025\/02\/hcyy11112008-upper-leveling-cylinder-for-aerial-work-vehicles-5.webp\" alt=\"\" width=\"1499\" height=\"774\" srcset=\"https:\/\/www.hydraulic-cylinders.net\/wp-content\/uploads\/2025\/02\/hcyy11112008-upper-leveling-cylinder-for-aerial-work-vehicles-5.webp 1499w, https:\/\/www.hydraulic-cylinders.net\/wp-content\/uploads\/2025\/02\/hcyy11112008-upper-leveling-cylinder-for-aerial-work-vehicles-5-1280x661.webp 1280w, https:\/\/www.hydraulic-cylinders.net\/wp-content\/uploads\/2025\/02\/hcyy11112008-upper-leveling-cylinder-for-aerial-work-vehicles-5-980x506.webp 980w, https:\/\/www.hydraulic-cylinders.net\/wp-content\/uploads\/2025\/02\/hcyy11112008-upper-leveling-cylinder-for-aerial-work-vehicles-5-480x248.webp 480w\" sizes=\"(min-width: 0px) and (max-width: 480px) 480px, (min-width: 481px) and (max-width: 980px) 980px, (min-width: 981px) and (max-width: 1280px) 1280px, (min-width: 1281px) 1499px, 100vw\" \/><\/h1>\n<h2><strong>Serija cilindrov za zra\u010dna delovna vozila:<\/strong><\/h2>\n<h2><img loading=\"lazy\" decoding=\"async\" class=\"wp-image-1044652 size-full aligncenter\" src=\"https:\/\/images.hzpt.com\/2025\/02\/cylinder-series-for-aerial-work-vehicles.webp\" alt=\"\" width=\"751\" height=\"850\" \/><\/h2>\n<h2><strong>Klju\u010dne zna\u010dilnosti nivelirnega oljnega cilindra za delovna vozila tipa roke:<\/strong><\/h2>\n<h4><strong>Robustna konstrukcija<\/strong><\/h4>\n<p>Nivelirni oljni valj za delovna vozila z roko je izdelan iz visoko trdnih, korozijsko odpornih materialov, ki zagotavljajo, da lahko prenese tudi najzahtevnej\u0161e okoljske pogoje. Ta vzdr\u017eljivost se odra\u017ea v dolgotrajnem delovanju, kar znatno zmanj\u0161a potrebo po pogostih zamenjavah. Ne glede na to, ali je izpostavljen ekstremnim temperaturam, vlagi ali abrazivnim elementom, ta valj ohrani svojo celovitost, zaradi \u010desar je zanesljiva izbira za zahtevne zra\u010dne operacije.<\/p>\n<h4><strong>Precizno in\u017eenirstvo<\/strong><\/h4>\n<p>Nivelirni oljni valj za delovna vozila z roko, zasnovan z mislijo na natan\u010dnost, omogo\u010da gladko in natan\u010dno niveliranje, kar je klju\u010dnega pomena za varne operacije v zraku. Njegova napredna zasnova zmanj\u0161uje tveganje nestabilnosti in zagotavlja, da lahko upravljavci samozavestno opravljajo naloge na vi\u0161ini. Ta raven natan\u010dnosti ne le pove\u010da varnost, temve\u010d tudi izbolj\u0161a splo\u0161no produktivnost, saj se delavci lahko osredoto\u010dijo na svoja opravila, ne da bi jih skrbele okvare opreme.<\/p>\n<h4><strong>Enostavna namestitev<\/strong><\/h4>\n<p>Nivelirni oljni valj je zasnovan za enostavno namestitev, kar zmanj\u0161a \u010das izpada in omogo\u010da operaterjem, da hitro nadaljujejo z delom. Jasna navodila in intuitivna zasnova omogo\u010dajo dostop do njega za razli\u010dne ravni znanja, kar pomeni, da lahko ekipe to komponento u\u010dinkovito integrirajo v svoje obstoje\u010de sisteme. Ta enostavnost namestitve pomaga poenostaviti delovanje, kar omogo\u010da, da se ve\u010d \u010dasa porabi za produktivne dejavnosti namesto za nastavitev.<\/p>\n<h4><strong>Visoka nosilnost<\/strong><\/h4>\n<p>Ena od izjemnih lastnosti nivelirnega oljnega cilindra za delovna vozila z roko je njegova impresivna nosilnost. Ta valj lahko prenese precej\u0161njo te\u017eo, zaradi \u010desar je primeren za \u0161irok spekter del v zraku. Ne glede na to, ali dvigujete te\u017eko opremo ali podpirate ve\u010d delavcev, HCYY11112008 zagotavlja, da varnost ni nikoli ogro\u017eena. Njegova robustna zmogljivost vliva zaupanje upravljavcem, saj vedo, da se lahko nanj zanesejo pri zahtevnih nalogah.<\/p>\n<h4><strong>Vsestranska zdru\u017eljivost<\/strong><\/h4>\n<p>Nivelirni oljni valj za dvi\u017ene delovne plo\u0161\u010dadi z roko se pona\u0161a z vsestransko zdru\u017eljivostjo z razli\u010dnimi dvi\u017enimi delovnimi plo\u0161\u010dadmi. Ta prilagodljivost izbolj\u0161uje funkcionalnost razli\u010dnih modelov, zaradi \u010desar je idealna izbira za delovanje voznega parka. Ne glede na to, ali upravljate \u0161karjasto dvi\u017eno plo\u0161\u010dad, dvi\u017eno plo\u0161\u010dad z roko ali druge dvi\u017ene plo\u0161\u010dadi, se ta valj brezhibno integrira, kar izbolj\u0161a splo\u0161no u\u010dinkovitost va\u0161ih strojev in raz\u0161iri va\u0161e operativne zmogljivosti.<\/p>\n<h2><strong>Kako deluje nivelirni oljni valj za zra\u010dna vozila tipa roke?<\/strong><\/h2>\n<p>Nivelirni oljni valj za delovna vozila tipa roke izbolj\u0161a varnost in u\u010dinkovitost delovnih vozil na ve\u010d klju\u010dnih na\u010dinov:<\/p>\n<h4><strong>Izbolj\u0161ana stabilnost<\/strong><\/h4>\n<p>Z zagotavljanjem natan\u010dnega niveliranja valj zagotavlja stabilnost delovnih vozil na vi\u0161ini. Ta stabilnost zmanj\u0161uje tveganje nesre\u010d zaradi prevra\u010danja ali neravnih povr\u0161in.<\/p>\n<h4><strong>Izbolj\u0161ano upravljanje obremenitve<\/strong><\/h4>\n<p>Z visoko nosilnostjo nivelirni oljni valj za delovna vozila z roko u\u010dinkovito obvladuje znatne te\u017ee, kar upravljavcem omogo\u010da varno dvigovanje te\u017eke opreme in osebja brez ogro\u017eanja varnosti.<\/p>\n<h4><strong>Hitra namestitev in zmanj\u0161anje izpadov<\/strong><\/h4>\n<p>Preprost postopek namestitve zmanj\u0161a \u010das izpada, kar omogo\u010da operaterjem, da se hitro vrnejo na delo. Manj \u010dasa izpada pomeni ve\u010djo produktivnost in u\u010dinkovitej\u0161o uporabo virov.<\/p>\n<h4><strong>Zanesljiva zmogljivost v te\u017ekih pogojih<\/strong><\/h4>\n<p>Nivelirni oljni valj za delovna vozila z roko, izdelan iz robustnih, proti koroziji odpornih materialov, prenese zahtevne okoljske pogoje, kar zagotavlja dosledno delovanje in zmanj\u0161uje verjetnost mehanskih okvar, ki bi lahko povzro\u010dile varnostne nevarnosti.<\/p>\n<h4><strong>Vsestranska zdru\u017eljivost<\/strong><\/h4>\n<p>Njegova zdru\u017eljivost z razli\u010dnimi modeli delovnih vozil v zraku pove\u010duje operativno fleksibilnost, kar ekipam omogo\u010da hitro prilagajanje razli\u010dnim nalogam brez potrebe po obse\u017enih menjavah opreme.<\/p>\n<p>Na splo\u0161no nivelirni oljni valj za delovna vozila z roko ne le izbolj\u0161a varnost zra\u010dnih operacij, temve\u010d tudi znatno pove\u010da operativno u\u010dinkovitost, kar ekipam omogo\u010da, da svoje delo opravljajo samozavestno in zanesljivo.<\/p>\n<h2><strong>Proizvodno obmo\u010dje valjev za dvigala in delovna vozila:<\/strong><\/h2>\n<h2><img loading=\"lazy\" decoding=\"async\" class=\"alignnone size-full wp-image-16972\" src=\"https:\/\/www.hydraulic-cylinders.net\/wp-content\/uploads\/2025\/01\/hydraulic-cylinder-factory-1-scaled.webp\" alt=\"\" width=\"2016\" height=\"2560\" srcset=\"https:\/\/www.hydraulic-cylinders.net\/wp-content\/uploads\/2025\/01\/hydraulic-cylinder-factory-1-scaled.webp 2016w, https:\/\/www.hydraulic-cylinders.net\/wp-content\/uploads\/2025\/01\/hydraulic-cylinder-factory-1-1280x1625.webp 1280w, https:\/\/www.hydraulic-cylinders.net\/wp-content\/uploads\/2025\/01\/hydraulic-cylinder-factory-1-980x1244.webp 980w, https:\/\/www.hydraulic-cylinders.net\/wp-content\/uploads\/2025\/01\/hydraulic-cylinder-factory-1-480x610.webp 480w\" sizes=\"(min-width: 0px) and (max-width: 480px) 480px, (min-width: 481px) and (max-width: 980px) 980px, (min-width: 981px) and (max-width: 1280px) 1280px, (min-width: 1281px) 2016px, 100vw\" \/><\/h2>\n<p>Pona\u0161amo se z najsodobnej\u0161o neodvisno platformo za raziskave in razvoj, namenjeno monta\u017ei, ki zagotavlja vrhunske inovacije in kakovost v na\u0161ih proizvodnih procesih. Na\u0161a delavnica za proizvodnjo valjev za vili\u010darje ima \u0161tiri polavtomatske monta\u017ene linije za dvi\u017ene valje in popolnoma avtomatsko monta\u017eno linijo za nagibne valje, ki so skupaj zasnovane za proizvodnjo do milijona enot letno.<\/p>\n<p>Poleg tega je na\u0161a specializirana delavnica za jeklenke opremljena s polavtomatskimi sistemi za \u010di\u0161\u010denje in monta\u017eo, prilagojenimi razli\u010dnim specifikacijam, z letno proizvodno zmogljivostjo 200.000 kosov. Uporabljamo priznano CNC opremo, obdelovalne centre in specializirana orodja za visoko precizno obdelavo jeklenk. Na\u0161 obrat vklju\u010duje tudi napredne robotske varilne stroje, avtomatske sisteme za \u010di\u0161\u010denje in popolnoma avtomatizirane linije za monta\u017eo in barvanje jeklenk. Z ve\u010d kot 300 klju\u010dnimi kosi opreme v uporabi optimiziramo dodelitev virov in zagotavljamo u\u010dinkovito izrabo, pri \u010demer izpolnjujemo stroge standarde natan\u010dnosti in kakovosti.<\/p>\n<p>Na\u0161a strojna delavnica ima stru\u017eilne centre za nagibne vodilne tirnice po meri, obdelovalne centre, visokohitrostne stroje za honanje, varilne robote in drugo bistveno opremo. Ta postavitev nam omogo\u010da obdelavo valjastih cevi z najve\u010djim notranjim premerom 400 mm in dol\u017eino do 6 metrov, kar \u0161e dodatno izbolj\u0161uje na\u0161e proizvodne zmogljivosti.<\/p>\n<h2><img loading=\"lazy\" decoding=\"async\" class=\"alignnone size-full wp-image-16973\" src=\"https:\/\/www.hydraulic-cylinders.net\/wp-content\/uploads\/2025\/01\/hydraulic-cylinder-factory-2-scaled.webp\" alt=\"\" width=\"2011\" height=\"2560\" srcset=\"https:\/\/www.hydraulic-cylinders.net\/wp-content\/uploads\/2025\/01\/hydraulic-cylinder-factory-2-scaled.webp 2011w, https:\/\/www.hydraulic-cylinders.net\/wp-content\/uploads\/2025\/01\/hydraulic-cylinder-factory-2-1280x1629.webp 1280w, https:\/\/www.hydraulic-cylinders.net\/wp-content\/uploads\/2025\/01\/hydraulic-cylinder-factory-2-980x1248.webp 980w, https:\/\/www.hydraulic-cylinders.net\/wp-content\/uploads\/2025\/01\/hydraulic-cylinder-factory-2-480x611.webp 480w\" sizes=\"(min-width: 0px) and (max-width: 480px) 480px, (min-width: 481px) and (max-width: 980px) 980px, (min-width: 981px) and (max-width: 1280px) 1280px, (min-width: 1281px) 2011px, 100vw\" \/><\/h2>\n<p>Upravljamo popolnoma avtomatsko linijo za barvanje na vodni osnovi, posebej zasnovano za majhne in srednje velike jeklenke, z avtomatiziranimi roboti za nalaganje, razkladanje in brizganje. Ta najsodobnej\u0161i sistem se pona\u0161a s proizvodno zmogljivostjo 4000 enot na izmeno. Poleg tega imamo polavtomatsko linijo za barvanje velikih jeklenk, ki jo poganja veri\u017eni pogon, s projektno zmogljivostjo 60 zabojev na izmeno.<\/p>\n<p>Da bi izbolj\u0161ali u\u010dinkovitost izdelkov in utrdili na\u0161o vodilno vlogo v industriji hidravli\u010dnih cilindrov, smo se povezali z ZJIMEE in ustanovili celovit laboratorij za merjenje u\u010dinkovitosti, namenjen hidravli\u010dnim cilindrom, ventilom in \u010drpalkam. Ta napredni laboratorij uporablja ra\u010dunalni\u0161ko podprto testiranje z elektrohidravli\u010dno tehnologijo, kar omogo\u010da vnaprej dolo\u010dene pogoje testiranja, ki izbolj\u0161ajo natan\u010dnost in vsestranskost sistema. Avtomatiziran postopek zbiranja podatkov uporablja senzorje za zbiranje izhodnih podatkov, kot so notranje pu\u0161\u010danje in izkoristek obremenitve, ki jih nato obdela ra\u010dunalnik in pretvori v standardne enote (ml\/min%).<\/p>\n<p>Poleg tega za zagotovitev varnosti na\u0161ih hidravli\u010dnih sistemov izvajamo spremljanje stanja klju\u010dnih parametrov delovanja, vklju\u010dno s temperaturo olja, nivojem teko\u010dine in stanjem filtrirne naprave. Na\u0161e preskusno mesto za hidravli\u010dne cilindre lahko z natan\u010dnimi od\u010ditki oceni \u00bbu\u010dinkovitost obremenitve\u00ab in \u00bbnotranje pu\u0161\u010danje\u00ab. Opremljeno je tudi z merilnim instrumentom z ravnilom, ki ustreza nacionalnim standardom in zagotavlja skladnost z vsemi zahtevami glede presku\u0161anja hidravli\u010dnih cilindrov.<\/p>\n<p>&nbsp;<\/p>","protected":false},"excerpt":{"rendered":"<p>Leveling Oil Cylinder For Arm Type Aerial Work Vehicles The leveling oil cylinder for arm type aerial work vehicles is a vital component for aerial work vehicles, providing essential stability and precision during elevated operations. Engineered to boost operational efficiency, this cylinder supports effective leveling and maneuvering, making it indispensable for construction, maintenance, and a [&hellip;]<\/p>","protected":false},"featured_media":17494,"comment_status":"open","ping_status":"closed","template":"","meta":{"_et_pb_use_builder":"","_et_pb_old_content":"","_et_gb_content_width":""},"product_brand":[],"product_cat":[1500,1550,1376],"product_tag":[],"class_list":{"0":"post-17208","1":"product","2":"type-product","3":"status-publish","4":"has-post-thumbnail","6":"product_cat-aerial-work-vehicle-hydraulic-cylinder","7":"product_cat-double-acting-hydraulic-cylinder","8":"product_cat-hydraulic-cylinder","10":"first","11":"instock","12":"shipping-taxable","13":"product-type-simple"},"amp_enabled":true,"_links":{"self":[{"href":"https:\/\/www.hydraulic-cylinders.net\/sl\/wp-json\/wp\/v2\/product\/17208","targetHints":{"allow":["GET"]}}],"collection":[{"href":"https:\/\/www.hydraulic-cylinders.net\/sl\/wp-json\/wp\/v2\/product"}],"about":[{"href":"https:\/\/www.hydraulic-cylinders.net\/sl\/wp-json\/wp\/v2\/types\/product"}],"replies":[{"embeddable":true,"href":"https:\/\/www.hydraulic-cylinders.net\/sl\/wp-json\/wp\/v2\/comments?post=17208"}],"wp:featuredmedia":[{"embeddable":true,"href":"https:\/\/www.hydraulic-cylinders.net\/sl\/wp-json\/wp\/v2\/media\/17494"}],"wp:attachment":[{"href":"https:\/\/www.hydraulic-cylinders.net\/sl\/wp-json\/wp\/v2\/media?parent=17208"}],"wp:term":[{"taxonomy":"product_brand","embeddable":true,"href":"https:\/\/www.hydraulic-cylinders.net\/sl\/wp-json\/wp\/v2\/product_brand?post=17208"},{"taxonomy":"product_cat","embeddable":true,"href":"https:\/\/www.hydraulic-cylinders.net\/sl\/wp-json\/wp\/v2\/product_cat?post=17208"},{"taxonomy":"product_tag","embeddable":true,"href":"https:\/\/www.hydraulic-cylinders.net\/sl\/wp-json\/wp\/v2\/product_tag?post=17208"}],"curies":[{"name":"delovni list","href":"https:\/\/api.w.org\/{rel}","templated":true}]}}