{"id":1721,"date":"2023-10-12T01:06:01","date_gmt":"2023-10-12T01:06:01","guid":{"rendered":"https:\/\/hydraulic-cylinders.net\/?post_type=product&#038;p=1721"},"modified":"2025-04-11T05:06:33","modified_gmt":"2025-04-11T05:06:33","slug":"electric-furnace-mast-cylinder","status":"publish","type":"product","link":"https:\/\/www.hydraulic-cylinders.net\/sl\/izdelek\/electric-furnace-mast-cylinder\/","title":{"rendered":"Elektri\u010dni pe\u010dni jamborni valj"},"content":{"rendered":"<h1 style=\"text-align: center;\"><strong>Elektri\u010dni pe\u010dni jamborni valj<\/strong><\/h1>\n<p><img loading=\"lazy\" decoding=\"async\" class=\"aligncenter wp-image-1722\" src=\"https:\/\/hydraulic-cylinders.net\/wp-content\/uploads\/2023\/10\/mast-cylinder-1-2-300x300.webp\" alt=\"\" width=\"400\" height=\"400\" \/><\/p>\n<p>Elektri\u010dni cilinder za pe\u010di je vrhunski izdelek, zasnovan za izbolj\u0161anje zmogljivosti in u\u010dinkovitosti industrijskih pe\u010di. S svojimi naprednimi funkcijami in robustno konstrukcijo ta cilinder ponuja natan\u010den nadzor in zanesljivo delovanje za dvigovanje in spu\u0161\u010danje stebrov pe\u010di.<\/p>\n<p>Elektri\u010dni valj za pe\u010d je zanesljiva in u\u010dinkovita re\u0161itev za dvigovanje in spu\u0161\u010danje stebrov pe\u010di v industrijskih okoljih. Njegova robustna konstrukcija, visoka dvi\u017ena zmogljivost, natan\u010den nadzor in elektri\u010dno aktiviranje omogo\u010dajo izbolj\u0161ano ravnanje z materialom, poenostavljen potek dela in ve\u010djo produktivnost. Optimalno delovanje in dolgo \u017eivljenjsko dobo lahko zagotovite z upo\u0161tevanjem priporo\u010denih metod uporabe in vzdr\u017eevalnih praks. Vklju\u010dite elektri\u010dni valj za pe\u010d v svoje industrijske pe\u010di, da boste izkusili prednosti natan\u010dnega nadzora in u\u010dinkovitega prilagajanja stebra.<\/p>\n<p>Klju\u010dne zna\u010dilnosti cilindra elektri\u010dne pe\u010di:<\/p>\n<ol>\n<li>Robustna konstrukcija:<\/li>\n<\/ol>\n<ul>\n<li>Cilindri\u010dni jambor elektri\u010dne pe\u010di so izdelani iz visokokakovostnih materialov, kar zagotavlja vzdr\u017eljivost in dolgo \u017eivljenjsko dobo tudi v zahtevnih industrijskih okoljih.<\/li>\n<li>Njegova robustna konstrukcija omogo\u010da, da prenese velike obremenitve in ohrani optimalno delovanje skozi \u010das.<\/li>\n<\/ul>\n<ol start=\"2\">\n<li>Visoka dvi\u017ena zmogljivost:<\/li>\n<\/ol>\n<ul>\n<li>Ta valj se pona\u0161a z visoko dvi\u017eno zmogljivostjo, zaradi \u010desar je primeren za enostavno dvigovanje in spu\u0161\u010danje pe\u010di.<\/li>\n<li>Njegova impresivna dvi\u017ena mo\u010d omogo\u010da u\u010dinkovito ravnanje z materiali in izbolj\u0161uje splo\u0161no u\u010dinkovitost delovnega procesa.<\/li>\n<\/ul>\n<ol start=\"3\">\n<li>Natan\u010den nadzor:<\/li>\n<\/ol>\n<ul>\n<li>Cilinder elektri\u010dnega pe\u010di omogo\u010da natan\u010den nadzor pozicioniranja, kar omogo\u010da natan\u010dno nastavitev vi\u0161ine pe\u010di.<\/li>\n<li>Njegov napredni krmilni sistem zagotavlja gladke in nadzorovane gibe, kar zmanj\u0161uje napake in optimizira operativno u\u010dinkovitost.<\/li>\n<\/ul>\n<ol start=\"4\">\n<li>Elektri\u010dno aktiviranje:<\/li>\n<\/ol>\n<ul>\n<li>Ker ta valj deluje na elektri\u010dno energijo, ni potrebe po ro\u010dnem dvigovanju ali zapletenih hidravli\u010dnih sistemih.<\/li>\n<li>Elektri\u010dni pogon zagotavlja udobje, hitrost in natan\u010den nadzor, kar poenostavlja delovanje pe\u010di in skraj\u0161a \u010das izpada.<\/li>\n<\/ul>\n<h2><strong>Parameter cilindra jambora elektri\u010dne pe\u010di:<\/strong><\/h2>\n<table border=\"1\" cellspacing=\"0\" cellpadding=\"0\">\n<tbody>\n<tr>\n<td>Ime izdelka<\/td>\n<td>Elektri\u010dni pe\u010dni jamborni valj<\/td>\n<\/tr>\n<tr>\n<td>Premer izvrtine:<\/td>\n<td>300 mm<\/td>\n<\/tr>\n<tr>\n<td>Premer palice:<\/td>\n<td>230 mm<\/td>\n<\/tr>\n<tr>\n<td>Tlak:<\/td>\n<td>14 MPa<\/td>\n<\/tr>\n<tr>\n<td>Potisna sila:<\/td>\n<td>Najve\u010d 581 kN<\/td>\n<\/tr>\n<tr>\n<td>Uporaba cilindra za elektri\u010dno pe\u010d:<\/td>\n<td>Elektri\u010dna pe\u010d<\/td>\n<\/tr>\n<\/tbody>\n<\/table>\n<div><\/div>\n<div class=\"txtboxR\">\n<div class=\"txtboxL\">\n<div class=\"txtboxL\">\n<div class=\"txtboxL\">\n<div class=\"txtboxL\">\n<div class=\"txtboxL\">\n<div class=\"txtboxL\">Potisna sila:<\/div>\n<div class=\"txtboxR\">Najve\u010d 581 KN (premer izvrtine: 300 mm\/premer palice: 230\/tlak 14 MPa)<\/div>\n<\/div>\n<\/div>\n<\/div>\n<\/div>\n<\/div>\n<\/div>\n<h2><strong>Elektri\u010dna pe\u010d <\/strong><strong> Tovarna valjev:<\/strong><\/h2>\n<p><img loading=\"lazy\" decoding=\"async\" class=\"alignnone wp-image-1697 size-full\" src=\"https:\/\/hydraulic-cylinders.net\/wp-content\/uploads\/2023\/10\/filter-press-cylinder-1.webp\" alt=\"\" width=\"1418\" height=\"946\" srcset=\"https:\/\/hydraulic-cylinders.net\/wp-content\/uploads\/2023\/10\/filter-press-cylinder-1.webp 1418w, https:\/\/hydraulic-cylinders.net\/wp-content\/uploads\/2023\/10\/filter-press-cylinder-1-1280x854.webp 1280w, https:\/\/hydraulic-cylinders.net\/wp-content\/uploads\/2023\/10\/filter-press-cylinder-1-980x654.webp 980w, https:\/\/hydraulic-cylinders.net\/wp-content\/uploads\/2023\/10\/filter-press-cylinder-1-480x320.webp 480w\" sizes=\"(min-width: 0px) and (max-width: 480px) 480px, (min-width: 481px) and (max-width: 980px) 980px, (min-width: 981px) and (max-width: 1280px) 1280px, (min-width: 1281px) 1418px, 100vw\" \/><\/p>\n<h2><strong>Metoda uporabe elektri\u010dnega pe\u010di\u010dnega jambornega cilindra<\/strong><strong>:<\/strong><\/h2>\n<ol>\n<li><strong>Namestitev:<\/strong><\/li>\n<\/ol>\n<ul>\n<li>Valj jambora elektri\u010dne pe\u010di varno namestite na konstrukcijo pe\u010di v skladu z navodili proizvajalca.<\/li>\n<li>Zagotovite pravilno poravnavo in pritrditev, da ohranite stabilnost in varnost med delovanjem.<\/li>\n<\/ul>\n<ol start=\"2\">\n<li><strong>Elektri\u010dna povezava:<\/strong><\/li>\n<\/ol>\n<ul>\n<li>Priklju\u010dite valj elektri\u010dne pe\u010di na elektri\u010dno napajanje, pri \u010demer upo\u0161tevajte elektri\u010dne predpise in varnostne predpise.<\/li>\n<li>Zagotovite, da so vse elektri\u010dne povezave varne in izolirane, da prepre\u010dite nevarnosti ali okvare.<\/li>\n<\/ul>\n<ol start=\"3\">\n<li><strong>Dvigovanje in spu\u0161\u010danje:<\/strong><\/li>\n<\/ol>\n<ul>\n<li>Aktivirajte valj jambora elektri\u010dne pe\u010di z uporabo namenske nadzorne plo\u0161\u010de ali stikala za upravljanje jambora.<\/li>\n<li>Cilinder bo gladko in natan\u010dno dvignil ali spustil steber pe\u010di glede na va\u0161e zahteve.<\/li>\n<li>Pazljivo spremljajte postopek dvigovanja in spu\u0161\u010danja, da natan\u010dno dose\u017eete \u017eeleno vi\u0161ino ali polo\u017eaj.<\/li>\n<\/ul>\n<ol start=\"4\">\n<li><strong>Integracija s krmilnimi sistemi:<\/strong><\/li>\n<\/ol>\n<ul>\n<li>Za sinhronizirano delovanje brezhibno integrirajte valj elektri\u010dnega pe\u010di v obstoje\u010de sisteme za krmiljenje pe\u010di.<\/li>\n<li>Za pravilno integracijo in zdru\u017eljivost se posvetujte s kvalificiranim tehnikom ali glejte navodila proizvajalca.<\/li>\n<\/ul>\n<h2><strong>Kako odzra\u010diti dvosmerno delujo\u010di hidravli\u010dni valj?<\/strong><\/h2>\n<p>Odzra\u010devanje dvosmerno delujo\u010dega hidravli\u010dnega cilindra je pomemben vzdr\u017eevalni postopek za odstranitev zraka iz sistema in zagotovitev nemotenega in u\u010dinkovitega delovanja. Tukaj so koraki za odzra\u010devanje dvosmerno delujo\u010dega hidravli\u010dnega cilindra:<\/p>\n<ol>\n<li><strong>Priprava:<\/strong>\n<ul>\n<li>Prepri\u010dajte se, da je hidravli\u010dni sistem izklopljen in da je tlak spro\u0161\u010den.<\/li>\n<li>Za za\u0161\u010dito pred morebitnim razlitjem hidravli\u010dne teko\u010dine si nadenite ustrezno osebno za\u0161\u010ditno opremo, kot so rokavice in za\u0161\u010ditna o\u010dala.<\/li>\n<\/ul>\n<\/li>\n<li><strong>Poi\u0161\u010dite to\u010dke krvavitve:<\/strong>\n<ul>\n<li>Dolo\u010dite odzra\u010devalne to\u010dke na hidravli\u010dnem cilindru. Te se obi\u010dajno nahajajo blizu konca palice in pokrova cilindra.<\/li>\n<li>Nekateri hidravli\u010dni cilindri imajo namenske odzra\u010devalne odprtine, medtem ko je pri drugih za odzra\u010devanje zraka morda potrebno zrahljati posebne priklju\u010dke.<\/li>\n<\/ul>\n<\/li>\n<li><strong>Polo\u017eaj cilindra:<\/strong>\n<ul>\n<li>Hidravli\u010dni valj premaknite v popolnoma uvle\u010den polo\u017eaj tako, da palico popolnoma uvle\u010dete v valj.<\/li>\n<li>To zagotavlja, da so zra\u010dni mehur\u010dki potisnjeni proti mestom odzra\u010devanja, kar jih olaj\u0161a odstranjevanje.<\/li>\n<\/ul>\n<\/li>\n<li><strong>Zrahljajte odzra\u010devalne priklju\u010dke:<\/strong>\n<ul>\n<li>Zrahljajte odzra\u010devalne priklju\u010dke ali odprtine na koncu batnice in na koncu pokrova valja.<\/li>\n<li>Najprej odvijte priklju\u010dek na koncu palice, nato pa priklju\u010dek na koncu pokrov\u010dka.<\/li>\n<\/ul>\n<\/li>\n<li><strong>Uporabite hidravli\u010dni tlak:<\/strong>\n<ul>\n<li>Vklopite hidravli\u010dni agregat ali aktivirajte hidravli\u010dno \u010drpalko, da v sistemu ustvarite tlak.<\/li>\n<li>Postopoma pove\u010dujte hidravli\u010dni tlak do ravni, ki zadostuje, da ujeti zrak iztisne iz valja.<\/li>\n<\/ul>\n<\/li>\n<li><strong>Odzra\u010dite zrak:<\/strong>\n<ul>\n<li>Ko se hidravli\u010dni tlak pove\u010duje, iz odzra\u010devalnih priklju\u010dkov ali odprtin uhajajo zra\u010dni mehur\u010dki.<\/li>\n<li>Pustite, da hidravli\u010dna teko\u010dina prosto te\u010de, dokler ni izpu\u0161\u010den ves zrak.<\/li>\n<li>Pomembno je zagotoviti enakomeren pretok hidravli\u010dne teko\u010dine brez zra\u010dnih mehur\u010dkov.<\/li>\n<\/ul>\n<\/li>\n<li><strong>Zategnite odzra\u010devalne priklju\u010dke:<\/strong>\n<ul>\n<li>Ko je zrak iz sistema popolnoma odzra\u010den, trdno privijte odzra\u010devalne priklju\u010dke ali odprtine.<\/li>\n<li>Prepri\u010dajte se, da so priviti v skladu s priporo\u010denim navorom proizvajalca, da prepre\u010dite pu\u0161\u010danje.<\/li>\n<\/ul>\n<\/li>\n<li><strong>Preizkusite valj:<\/strong>\n<ul>\n<li>Izklopite hidravli\u010dni agregat ali deaktivirajte hidravli\u010dno \u010drpalko.<\/li>\n<li>Za nemoteno delovanje brez te\u017eav, povezanih z zrakom, cikli\u010dno preklopite hidravli\u010dni valj skozi celotno obmo\u010dje gibanja.<\/li>\n<li>Pozornost bodite namenjeni nenavadnim hrupom ali vibracijam, ki lahko ka\u017eejo na nadaljnje te\u017eave v zra\u010dnih ali hidravli\u010dnih sistemih.<\/li>\n<\/ul>\n<\/li>\n<li><strong>Preverite pu\u0161\u010danje:<\/strong>\n<ul>\n<li>Preverite odzra\u010devalne priklju\u010dke, hidravli\u010dne priklju\u010dke in druge komponente glede morebitnih znakov pu\u0161\u010danja.<\/li>\n<li>\u010ce opazite kakr\u0161na koli pu\u0161\u010danja, jih nemudoma odpravite z zategovanjem spojev ali zamenjavo po\u0161kodovanih komponent.<\/li>\n<\/ul>\n<\/li>\n<\/ol>\n<h2><strong>Zmogljivost in zmogljivost tovarne:<\/strong><\/h2>\n<h3>(1) Sestavljanje<\/h3>\n<p>Imamo prvovrstno neodvisno platformo za raziskave in razvoj. Delavnica za proizvodnjo hidravli\u010dnih cilindrov ima \u0161tiri polavtomatske monta\u017ene linije za dvi\u017ene cilindre in eno avtomatsko monta\u017eno linijo za nagibne cilindre z letno proizvodno zmogljivostjo 1 milijona kosov. Delavnica za posebne cilindre je opremljena z razli\u010dnimi specifikacijami polavtomatskega sistema za \u010di\u0161\u010denje in monta\u017eo z letno proizvodno zmogljivostjo 200.000 kosov ter znano CNC obdelovalno opremo, obdelovalnim centrom, visoko precizno posebno opremo za obdelavo cilindrov, robotskim varilnim strojem, avtomatskim \u010distilnim strojem, avtomatskim strojem za monta\u017eo cilindrov in avtomatsko proizvodno linijo za barvanje. Obstoje\u010da kriti\u010dna oprema obsega ve\u010d kot 300 kompletov (kompletov). Optimalna razporeditev in u\u010dinkovita uporaba opremnih virov zagotavljata zahteve glede natan\u010dnosti izdelkov in izpolnjujeta visoke zahteve glede kakovosti izdelkov.<\/p>\n<p><img loading=\"lazy\" decoding=\"async\" class=\"alignnone wp-image-626\" src=\"https:\/\/hydraulic-cylinders.net\/wp-content\/uploads\/2023\/08\/hydraulic-cylinder-product-1-300x158.webp\" alt=\"\" width=\"495\" height=\"260\" srcset=\"https:\/\/hydraulic-cylinders.net\/wp-content\/uploads\/2023\/08\/hydraulic-cylinder-product-1-300x158.webp 495w, https:\/\/hydraulic-cylinders.net\/wp-content\/uploads\/2023\/08\/hydraulic-cylinder-product-1-480x252.webp 480w\" sizes=\"(min-width: 0px) and (max-width: 480px) 480px, (min-width: 481px) 495px, 100vw\" \/> <img loading=\"lazy\" decoding=\"async\" class=\"alignnone wp-image-627\" src=\"https:\/\/hydraulic-cylinders.net\/wp-content\/uploads\/2023\/08\/hydraulic-cylinder-product-2-300x189.webp\" alt=\"\" width=\"413\" height=\"260\" \/><\/p>\n<h3>(2) Strojna obdelava<\/h3>\n<p>Strojna delavnica je opremljena s prilagojenim centrom za stru\u017eenje nagnjenih tirnic, obdelovalnim centrom, visokohitrostnim strojem za honanje, varilnim robotom in drugo sorodno opremo, ki lahko obdeluje cilindri\u010dne cevi z najve\u010djim notranjim premerom 400 mm in najve\u010djo dol\u017eino 6 metrov.<\/p>\n<p><img loading=\"lazy\" decoding=\"async\" class=\"alignnone wp-image-628 size-large\" src=\"https:\/\/hydraulic-cylinders.net\/wp-content\/uploads\/2023\/08\/hydraulic-cylinder-product-3-1024x391.webp\" alt=\"\" width=\"1024\" height=\"391\" srcset=\"https:\/\/hydraulic-cylinders.net\/wp-content\/uploads\/2023\/08\/hydraulic-cylinder-product-3-980x374.webp 980w, https:\/\/hydraulic-cylinders.net\/wp-content\/uploads\/2023\/08\/hydraulic-cylinder-product-3-480x183.webp 480w\" sizes=\"(min-width: 0px) and (max-width: 480px) 480px, (min-width: 481px) and (max-width: 980px) 980px, (min-width: 981px) 1024px, 100vw\" \/><\/p>\n<h3>(3) Varjenje<\/h3>\n<p><img loading=\"lazy\" decoding=\"async\" class=\"alignnone wp-image-629 size-large\" src=\"https:\/\/hydraulic-cylinders.net\/wp-content\/uploads\/2023\/08\/hydraulic-cylinder-product-4-1024x510.webp\" alt=\"\" width=\"1024\" height=\"510\" srcset=\"https:\/\/hydraulic-cylinders.net\/wp-content\/uploads\/2023\/08\/hydraulic-cylinder-product-4-980x488.webp 980w, https:\/\/hydraulic-cylinders.net\/wp-content\/uploads\/2023\/08\/hydraulic-cylinder-product-4-480x239.webp 480w\" sizes=\"(min-width: 0px) and (max-width: 480px) 480px, (min-width: 481px) and (max-width: 980px) 980px, (min-width: 981px) 1024px, 100vw\" \/><\/p>\n<h3>(4) Barvanje in premazovanje<\/h3>\n<p>Z majhnimi in srednje velikimi cilindri\u010dnimi avtomatskimi linijami za barvanje na vodni osnovi, za doseganje avtomatskega nakladanja in razkladanja robotov ter avtomatskega brizganja, je projektna zmogljivost 4000 kosov na izmeno;<br \/>\nImamo tudi polavtomatsko linijo za proizvodnjo barv za velike jeklenke, ki jo poganja veriga, s projektno zmogljivostjo 60 zabojev na izmeno.<\/p>\n<p><img loading=\"lazy\" decoding=\"async\" class=\"alignnone wp-image-630\" src=\"https:\/\/hydraulic-cylinders.net\/wp-content\/uploads\/2023\/08\/hydraulic-cylinder-product-5-300x213.webp\" alt=\"\" width=\"366\" height=\"260\" \/> <img loading=\"lazy\" decoding=\"async\" class=\"alignnone wp-image-631\" src=\"https:\/\/hydraulic-cylinders.net\/wp-content\/uploads\/2023\/08\/hydraulic-cylinder-product-6-300x225.webp\" alt=\"\" width=\"347\" height=\"260\" \/><\/p>\n<h3>(5) Testiranje<\/h3>\n<p>Imamo prvovrstne in\u0161pekcijske prostore in testne postaje, s katerimi zagotavljamo, da delovanje jeklenke izpolnjuje zahteve.<\/p>\n<p><img loading=\"lazy\" decoding=\"async\" class=\"alignnone wp-image-632\" src=\"https:\/\/hydraulic-cylinders.net\/wp-content\/uploads\/2023\/08\/hydraulic-cylinder-product-8-300x200.webp\" alt=\"\" width=\"389\" height=\"260\" \/><\/p>\n<p>&nbsp;<\/p>\n<p>&nbsp;<\/p>\n<p>Smo eden najbolj\u0161ih proizvajalcev hidravli\u010dnih cilindrov. Ponujamo vam celovite hidravli\u010dne cilindre. Zagotavljamo tudi ustrezne <a href=\"https:\/\/hzpt.com\/agricultural-pto-gearbox\/\" target=\"_blank\" rel=\"noopener\">kmetijski menjalniki<\/a>Na\u0161e izdelke smo izvozili strankam po vsem svetu in si prislu\u017eili dober ugled zaradi vrhunske kakovosti izdelkov in poprodajnih storitev. Z veseljem vas vabimo, da nas kontaktirate za poslovne dogovore, izmenjavo informacij in ... <a href=\"https:\/\/www.hydraulic-cylinders.net\/sl\/contact-us\/\">sodelujte z nami<\/a>!<\/p>","protected":false},"excerpt":{"rendered":"<p>Electric Furnace Mast Cylinder The electric furnace mast cylinder is a cutting-edge product designed to enhance the performance and efficiency of industrial furnaces. With its advanced features and robust construction, this cylinder offers precise control and reliable operation for raising and lowering furnace masts. The electric furnace mast cylinder is a reliable and efficient solution [&hellip;]<\/p>","protected":false},"featured_media":1723,"comment_status":"open","ping_status":"closed","template":"","meta":{"_et_pb_use_builder":"","_et_pb_old_content":"","_et_gb_content_width":""},"product_brand":[],"product_cat":[1550,1524,1376],"product_tag":[1380],"class_list":{"0":"post-1721","1":"product","2":"type-product","3":"status-publish","4":"has-post-thumbnail","6":"product_cat-double-acting-hydraulic-cylinder","7":"product_cat-steel-mill-hydraulic-cylinders","8":"product_cat-hydraulic-cylinder","9":"product_tag-hydraulic-cylinder","11":"first","12":"instock","13":"shipping-taxable","14":"product-type-simple"},"amp_enabled":true,"_links":{"self":[{"href":"https:\/\/www.hydraulic-cylinders.net\/sl\/wp-json\/wp\/v2\/product\/1721","targetHints":{"allow":["GET"]}}],"collection":[{"href":"https:\/\/www.hydraulic-cylinders.net\/sl\/wp-json\/wp\/v2\/product"}],"about":[{"href":"https:\/\/www.hydraulic-cylinders.net\/sl\/wp-json\/wp\/v2\/types\/product"}],"replies":[{"embeddable":true,"href":"https:\/\/www.hydraulic-cylinders.net\/sl\/wp-json\/wp\/v2\/comments?post=1721"}],"wp:featuredmedia":[{"embeddable":true,"href":"https:\/\/www.hydraulic-cylinders.net\/sl\/wp-json\/wp\/v2\/media\/1723"}],"wp:attachment":[{"href":"https:\/\/www.hydraulic-cylinders.net\/sl\/wp-json\/wp\/v2\/media?parent=1721"}],"wp:term":[{"taxonomy":"product_brand","embeddable":true,"href":"https:\/\/www.hydraulic-cylinders.net\/sl\/wp-json\/wp\/v2\/product_brand?post=1721"},{"taxonomy":"product_cat","embeddable":true,"href":"https:\/\/www.hydraulic-cylinders.net\/sl\/wp-json\/wp\/v2\/product_cat?post=1721"},{"taxonomy":"product_tag","embeddable":true,"href":"https:\/\/www.hydraulic-cylinders.net\/sl\/wp-json\/wp\/v2\/product_tag?post=1721"}],"curies":[{"name":"delovni list","href":"https:\/\/api.w.org\/{rel}","templated":true}]}}