{"id":17230,"date":"2025-02-23T08:19:41","date_gmt":"2025-02-23T08:19:41","guid":{"rendered":"https:\/\/www.hydraulic-cylinders.net\/?post_type=product&#038;p=17230"},"modified":"2025-04-30T08:40:35","modified_gmt":"2025-04-30T08:40:35","slug":"telescopic-cylinder-for-arm-type-aerial-work-vehicles","status":"publish","type":"product","link":"https:\/\/www.hydraulic-cylinders.net\/sl\/izdelek\/telescopic-cylinder-for-arm-type-aerial-work-vehicles\/","title":{"rendered":"Teleskopski valj za dvi\u017ena delovna vozila tipa roke"},"content":{"rendered":"<h1 style=\"text-align: center;\"><strong>Teleskopski valj za dvi\u017ena delovna vozila tipa roke<\/strong><\/h1>\n<h1 style=\"text-align: center;\"><img loading=\"lazy\" decoding=\"async\" class=\"alignnone size-full wp-image-17232\" src=\"https:\/\/www.hydraulic-cylinders.net\/wp-content\/uploads\/2025\/02\/hcyy11112009-main-boom-extension-cylinder-2.webp\" alt=\"\" width=\"1500\" height=\"517\" srcset=\"https:\/\/www.hydraulic-cylinders.net\/wp-content\/uploads\/2025\/02\/hcyy11112009-main-boom-extension-cylinder-2.webp 1500w, https:\/\/www.hydraulic-cylinders.net\/wp-content\/uploads\/2025\/02\/hcyy11112009-main-boom-extension-cylinder-2-1280x441.webp 1280w, https:\/\/www.hydraulic-cylinders.net\/wp-content\/uploads\/2025\/02\/hcyy11112009-main-boom-extension-cylinder-2-980x338.webp 980w, https:\/\/www.hydraulic-cylinders.net\/wp-content\/uploads\/2025\/02\/hcyy11112009-main-boom-extension-cylinder-2-480x165.webp 480w\" sizes=\"(min-width: 0px) and (max-width: 480px) 480px, (min-width: 481px) and (max-width: 980px) 980px, (min-width: 981px) and (max-width: 1280px) 1280px, (min-width: 1281px) 1500px, 100vw\" \/><\/h1>\n<p>Teleskopski valj za dvi\u017ena delovna vozila tipa roke je klju\u010dna komponenta dvi\u017enih delovnih vozil, saj znatno pove\u010da njihov doseg in vsestranskost. Ta valj, posebej zasnovan za visokozmogljive aplikacije, omogo\u010da upravljavcem brezhiben in natan\u010den dostop do dvignjenih obmo\u010dij. Zaradi robustne konstrukcije in naprednega in\u017eeniringa je bistveno orodje za gradbeni\u0161tvo, vzdr\u017eevanje in razli\u010dna zra\u010dna opravila.<\/p>\n<p>Z vzdr\u017eljivo zasnovo in izbolj\u0161anim dosegom je HCYY11112009 zanesljiva izbira za strokovnjake v razli\u010dnih panogah. Integracija tega cilindra v va\u0161e zra\u010dne operacije ne le pove\u010da varnost in u\u010dinkovitost, temve\u010d tudi raz\u0161iri va\u0161e operativne zmogljivosti. Z nalo\u017ebo v HCYY11112009 dvignete svoje delo na nove vi\u0161ine in zagotovite uspe\u0161ne rezultate vsakega projekta.<\/p>\n<h2><strong>Teleskopski valj za delovna vozila tipa roke Parameter:<\/strong><\/h2>\n<h1 style=\"text-align: center;\"><img loading=\"lazy\" decoding=\"async\" class=\"alignnone size-full wp-image-17231\" src=\"https:\/\/www.hydraulic-cylinders.net\/wp-content\/uploads\/2025\/02\/hcyy11112009-main-boom-extension-cylinder-1.webp\" alt=\"\" width=\"1512\" height=\"142\" srcset=\"https:\/\/www.hydraulic-cylinders.net\/wp-content\/uploads\/2025\/02\/hcyy11112009-main-boom-extension-cylinder-1.webp 1512w, https:\/\/www.hydraulic-cylinders.net\/wp-content\/uploads\/2025\/02\/hcyy11112009-main-boom-extension-cylinder-1-1280x120.webp 1280w, https:\/\/www.hydraulic-cylinders.net\/wp-content\/uploads\/2025\/02\/hcyy11112009-main-boom-extension-cylinder-1-980x92.webp 980w, https:\/\/www.hydraulic-cylinders.net\/wp-content\/uploads\/2025\/02\/hcyy11112009-main-boom-extension-cylinder-1-480x45.webp 480w\" sizes=\"(min-width: 0px) and (max-width: 480px) 480px, (min-width: 481px) and (max-width: 980px) 980px, (min-width: 981px) and (max-width: 1280px) 1280px, (min-width: 1281px) 1512px, 100vw\" \/> \u00a0<img loading=\"lazy\" decoding=\"async\" class=\"alignnone size-full wp-image-17233\" src=\"https:\/\/www.hydraulic-cylinders.net\/wp-content\/uploads\/2025\/02\/hcyy11112009-main-boom-extension-cylinder-3.webp\" alt=\"\" width=\"1481\" height=\"710\" srcset=\"https:\/\/www.hydraulic-cylinders.net\/wp-content\/uploads\/2025\/02\/hcyy11112009-main-boom-extension-cylinder-3.webp 1481w, https:\/\/www.hydraulic-cylinders.net\/wp-content\/uploads\/2025\/02\/hcyy11112009-main-boom-extension-cylinder-3-1280x614.webp 1280w, https:\/\/www.hydraulic-cylinders.net\/wp-content\/uploads\/2025\/02\/hcyy11112009-main-boom-extension-cylinder-3-980x470.webp 980w, https:\/\/www.hydraulic-cylinders.net\/wp-content\/uploads\/2025\/02\/hcyy11112009-main-boom-extension-cylinder-3-480x230.webp 480w\" sizes=\"(min-width: 0px) and (max-width: 480px) 480px, (min-width: 481px) and (max-width: 980px) 980px, (min-width: 981px) and (max-width: 1280px) 1280px, (min-width: 1281px) 1481px, 100vw\" \/> <img loading=\"lazy\" decoding=\"async\" class=\"alignnone size-full wp-image-17234\" src=\"https:\/\/www.hydraulic-cylinders.net\/wp-content\/uploads\/2025\/02\/hcyy11112009-main-boom-extension-cylinder-4.webp\" alt=\"\" width=\"1479\" height=\"710\" srcset=\"https:\/\/www.hydraulic-cylinders.net\/wp-content\/uploads\/2025\/02\/hcyy11112009-main-boom-extension-cylinder-4.webp 1479w, https:\/\/www.hydraulic-cylinders.net\/wp-content\/uploads\/2025\/02\/hcyy11112009-main-boom-extension-cylinder-4-1280x614.webp 1280w, https:\/\/www.hydraulic-cylinders.net\/wp-content\/uploads\/2025\/02\/hcyy11112009-main-boom-extension-cylinder-4-980x470.webp 980w, https:\/\/www.hydraulic-cylinders.net\/wp-content\/uploads\/2025\/02\/hcyy11112009-main-boom-extension-cylinder-4-480x230.webp 480w\" sizes=\"(min-width: 0px) and (max-width: 480px) 480px, (min-width: 481px) and (max-width: 980px) 980px, (min-width: 981px) and (max-width: 1280px) 1280px, (min-width: 1281px) 1479px, 100vw\" \/> <img loading=\"lazy\" decoding=\"async\" class=\"alignnone size-full wp-image-17235\" src=\"https:\/\/www.hydraulic-cylinders.net\/wp-content\/uploads\/2025\/02\/hcyy11112009-main-boom-extension-cylinder-5.webp\" alt=\"\" width=\"1470\" height=\"684\" srcset=\"https:\/\/www.hydraulic-cylinders.net\/wp-content\/uploads\/2025\/02\/hcyy11112009-main-boom-extension-cylinder-5.webp 1470w, https:\/\/www.hydraulic-cylinders.net\/wp-content\/uploads\/2025\/02\/hcyy11112009-main-boom-extension-cylinder-5-1280x596.webp 1280w, https:\/\/www.hydraulic-cylinders.net\/wp-content\/uploads\/2025\/02\/hcyy11112009-main-boom-extension-cylinder-5-980x456.webp 980w, https:\/\/www.hydraulic-cylinders.net\/wp-content\/uploads\/2025\/02\/hcyy11112009-main-boom-extension-cylinder-5-480x223.webp 480w\" sizes=\"(min-width: 0px) and (max-width: 480px) 480px, (min-width: 481px) and (max-width: 980px) 980px, (min-width: 981px) and (max-width: 1280px) 1280px, (min-width: 1281px) 1470px, 100vw\" \/><\/h1>\n<h2><strong>Serija cilindrov za zra\u010dna delovna vozila:<\/strong><\/h2>\n<h2><img loading=\"lazy\" decoding=\"async\" class=\"wp-image-1044652 size-full aligncenter\" src=\"https:\/\/images.hzpt.com\/2025\/02\/cylinder-series-for-aerial-work-vehicles.webp\" alt=\"\" width=\"751\" height=\"850\" \/><\/h2>\n<h2><strong>Klju\u010dne zna\u010dilnosti teleskopskega cilindra za dvi\u017ena delovna vozila tipa roke:<\/strong><\/h2>\n<h4><strong>Trpe\u017ena konstrukcija<\/strong><\/h4>\n<p>Teleskopski valj je izdelan iz visoko trdnih materialov, ki so posebej izbrani tako, da prenesejo zahtevne pogoje okolja. Ta robustna konstrukcija ne zagotavlja le dolgotrajne zmogljivosti, temve\u010d tudi vzdr\u017eljivost, potrebno za obvladovanje ekstremnih temperatur, vlage in abrazivnih pogojev. Posledi\u010dno se lahko upravljavci zanesejo na ta valj za dosledno delovanje, kar zmanj\u0161uje tveganje mehanskih okvar in pove\u010duje splo\u0161no varnost med zra\u010dnimi operacijami.<\/p>\n<h4><strong>Izbolj\u0161an doseg<\/strong><\/h4>\n<p>Ena od izjemnih lastnosti teleskopskega cilindra za dvi\u017ena delovna vozila z roko je njegova sposobnost znatnega podalj\u0161anja dosega roke. Ta izbolj\u0161ava omogo\u010da upravljavcem dostop do te\u017eko dostopnih mest, ki bi bila sicer te\u017eko dostopna ali nevarna. Ne glede na to, ali delate na visokih konstrukcijah, izvajate vzdr\u017eevanje dvignjene opreme ali obrezujete drevesa, pove\u010dan doseg zagotavlja u\u010dinkovito in varno opravljanje nalog, kar zmanj\u0161uje potrebo po dodatni opremi ali ro\u010dnem delu.<\/p>\n<h4><strong>Enostavno upravljanje<\/strong><\/h4>\n<p>Intuitivna zasnova teleskopskega cilindra za dvi\u017ena delovna vozila z roko ga naredi izjemno uporabniku prijaznega. Operaterji lahko enostavno iztegnejo in umaknejo roko z minimalnim fizi\u010dnim naporom, kar poenostavi delovne procese in zmanj\u0161a utrujenost operaterja. Ta enostavnost upravljanja pomeni hitrej\u0161e \u010dase nastavitve in u\u010dinkovitej\u0161i delovni proces, kar ekipam omogo\u010da, da se osredoto\u010dijo na dokon\u010danje nalog in ne na upravljanje kompleksnih strojev.<\/p>\n<h4><strong>Visoka nosilnost<\/strong><\/h4>\n<p>Teleskopski valj je z visoko nosilnostjo zasnovan tako, da podpira znatne te\u017ee, zaradi \u010desar je primeren za razli\u010dne aplikacije. Ta zmogljivost omogo\u010da operaterjem dvigovanje te\u017eke opreme in osebja brez ogro\u017eanja varnosti. Trdnost valja zagotavlja, da lahko obvladuje zahtevne naloge, kar zagotavlja brezskrbnost operaterjem, ki potrebujejo zanesljivost v tveganih situacijah.<\/p>\n<h4><strong>Vsestranska zdru\u017eljivost<\/strong><\/h4>\n<p>Teleskopski valj za dvi\u017ena delovna vozila z roko je bil zasnovan z mislijo na vsestranskost in ustreza razli\u010dnim dvi\u017enim delovnim vozilom, kar izbolj\u0161uje funkcionalnost razli\u010dnih modelov. Zaradi te prilagodljivosti je odli\u010dna izbira za podjetja, ki upravljajo razli\u010dne vrste opreme, saj omogo\u010da brezhibno integracijo brez potrebe po obse\u017enih modifikacijah. Z mo\u017enostjo prilagajanja ve\u010d tipom vozil HCYY11112009 pove\u010da operativno u\u010dinkovitost in poenostavi upravljanje opreme.<\/p>\n<p>Skratka, teleskopski valj za dvi\u017ena dela z roko ponuja kombinacijo vzdr\u017eljivosti, izbolj\u0161anega dosega, enostavnosti upravljanja, visoke nosilnosti in vsestranske zdru\u017eljivosti, zaradi \u010desar je nepogre\u0161ljivo orodje za strokovnjake za dvi\u017ena dela.<\/p>\n<h2><strong>Za katere specifi\u010dne naloge potrebujete teleskopski valj za dvi\u017ena delovna vozila z roko?<\/strong><\/h2>\n<p>Teleskopski cilinder za dvi\u017ena delovna vozila z roko je idealen za \u0161irok spekter nalog, vklju\u010dno z:<\/p>\n<h4><strong>Gradbeni projekti<\/strong><\/h4>\n<p>V gradbeni\u0161tvu teleskopski valj za dvi\u017ena vozila z roko omogo\u010da delavcem varen in u\u010dinkovit dostop do dvignjenih obmo\u010dij. Ne glede na to, ali gre za okvirjanje, stre\u0161no kritino ali monta\u017eo te\u017ekih materialov, podalj\u0161an doseg valja zagotavlja, da lahko upravljavci opravljajo naloge na znatnih vi\u0161inah, ne da bi pri tem ogrozili varnost. Ta zmogljivost ne le pospe\u0161i gradbeni proces, temve\u010d tudi izbolj\u0161a natan\u010dnost monta\u017ee.<\/p>\n<h4><strong>Vzdr\u017eevalna dela<\/strong><\/h4>\n<p>Za vzdr\u017eevalna dela je teleskopski valj za dvi\u017ena vozila z roko neprecenljiv pri popravilih visokih konstrukcij, kot so stavbe, komunikacijski stolpi in industrijski objekti. Njegov zanesljiv doseg omogo\u010da tehnikom dostop do te\u017eko dostopnih mest za rutinske preglede, popravila ali zamenjave kriti\u010dnih komponent brez potrebe po odru ali dodatni dvi\u017eni opremi, s \u010dimer se pove\u010da produktivnost in zmanj\u0161a \u010das izpada.<\/p>\n<h4><strong>Obrezovanje dreves<\/strong><\/h4>\n<p>V krajinskem oblikovanju in arboristiki je HCYY11112009 bistvenega pomena za varno doseganje visokih vej med obrezovanjem ali odstranjevanjem dreves. Ker operaterjem omogo\u010da delo s stabilne plo\u0161\u010dadi na vi\u0161ini, zmanj\u0161uje tveganje, povezano s plezanjem ali uporabo lestev. To zagotavlja u\u010dinkovito in varno obrezovanje, kar spodbuja zdravje in estetiko dreves v stanovanjskih ali poslovnih okoljih.<\/p>\n<h4><strong>Telekomunikacije<\/strong><\/h4>\n<p>Cilinder je klju\u010dnega pomena tudi v telekomunikacijski industriji, kjer omogo\u010da namestitev in vzdr\u017eevanje anten, o\u017ei\u010denja in druge opreme na visokih drogovih ali stolpih. Teleskopski cilinder za delovna vozila z roko, ki tehnikom omogo\u010dajo doseganje znatnih vi\u0161in, zagotavlja, da komunikacijska infrastruktura ostane delujo\u010da in posodobljena. Ta zmogljivost je bistvena za ohranjanje povezljivosti in kakovosti storitev tako v mestnih kot pode\u017eelskih obmo\u010djih.<\/p>\n<h4><strong>Nastavitev dogodka<\/strong><\/h4>\n<p>V sektorju organizacije dogodkov ima teleskopski valj za dvi\u017ena delovna vozila klju\u010dno vlogo pri postavljanju odrov, razsvetljave in drugih pomembnih objektov. Njegova sposobnost zagotavljanja varnega dostopa do dvignjenih obmo\u010dij omogo\u010da ekipam u\u010dinkovito postavitev opreme, kar zagotavlja nemoteno in profesionalno izvedbo dogodkov. To ne le pove\u010da vizualno privla\u010dnost dogodka, temve\u010d zagotavlja tudi varnost udele\u017eencev in nastopajo\u010dih.<\/p>\n<p>Skratka, teleskopski valj za dvi\u017ena delovna vozila z roko je vsestransko orodje, ki pove\u010duje u\u010dinkovitost in varnost pri razli\u010dnih aplikacijah, zaradi \u010desar je nepogre\u0161ljiv za strokovnjake v gradbeni\u0161tvu, vzdr\u017eevanju, urejanju okolice, telekomunikacijah in organizaciji dogodkov.<\/p>\n<h2><strong>Proizvodno obmo\u010dje valjev za dvigala in delovna vozila:<\/strong><\/h2>\n<h2><img loading=\"lazy\" decoding=\"async\" class=\"alignnone size-full wp-image-16972\" src=\"https:\/\/www.hydraulic-cylinders.net\/wp-content\/uploads\/2025\/01\/hydraulic-cylinder-factory-1-scaled.webp\" alt=\"\" width=\"2016\" height=\"2560\" srcset=\"https:\/\/www.hydraulic-cylinders.net\/wp-content\/uploads\/2025\/01\/hydraulic-cylinder-factory-1-scaled.webp 2016w, https:\/\/www.hydraulic-cylinders.net\/wp-content\/uploads\/2025\/01\/hydraulic-cylinder-factory-1-1280x1625.webp 1280w, https:\/\/www.hydraulic-cylinders.net\/wp-content\/uploads\/2025\/01\/hydraulic-cylinder-factory-1-980x1244.webp 980w, https:\/\/www.hydraulic-cylinders.net\/wp-content\/uploads\/2025\/01\/hydraulic-cylinder-factory-1-480x610.webp 480w\" sizes=\"(min-width: 0px) and (max-width: 480px) 480px, (min-width: 481px) and (max-width: 980px) 980px, (min-width: 981px) and (max-width: 1280px) 1280px, (min-width: 1281px) 2016px, 100vw\" \/><\/h2>\n<p>Pona\u0161amo se z najsodobnej\u0161o neodvisno platformo za raziskave in razvoj, namenjeno monta\u017ei, ki zagotavlja vrhunske inovacije in kakovost v na\u0161ih proizvodnih procesih. Na\u0161a delavnica za proizvodnjo valjev za vili\u010darje ima \u0161tiri polavtomatske monta\u017ene linije za dvi\u017ene valje in popolnoma avtomatsko monta\u017eno linijo za nagibne valje, ki so skupaj zasnovane za proizvodnjo do milijona enot letno.<\/p>\n<p>Poleg tega je na\u0161a specializirana delavnica za jeklenke opremljena s polavtomatskimi sistemi za \u010di\u0161\u010denje in monta\u017eo, prilagojenimi razli\u010dnim specifikacijam, z letno proizvodno zmogljivostjo 200.000 kosov. Uporabljamo priznano CNC opremo, obdelovalne centre in specializirana orodja za visoko precizno obdelavo jeklenk. Na\u0161 obrat vklju\u010duje tudi napredne robotske varilne stroje, avtomatske sisteme za \u010di\u0161\u010denje in popolnoma avtomatizirane linije za monta\u017eo in barvanje jeklenk. Z ve\u010d kot 300 klju\u010dnimi kosi opreme v uporabi optimiziramo dodelitev virov in zagotavljamo u\u010dinkovito izrabo, pri \u010demer izpolnjujemo stroge standarde natan\u010dnosti in kakovosti.<\/p>\n<p>Na\u0161a strojna delavnica ima stru\u017eilne centre za nagibne vodilne tirnice po meri, obdelovalne centre, visokohitrostne stroje za honanje, varilne robote in drugo bistveno opremo. Ta postavitev nam omogo\u010da obdelavo valjastih cevi z najve\u010djim notranjim premerom 400 mm in dol\u017eino do 6 metrov, kar \u0161e dodatno izbolj\u0161uje na\u0161e proizvodne zmogljivosti.<\/p>\n<h2><img loading=\"lazy\" decoding=\"async\" class=\"alignnone size-full wp-image-16973\" src=\"https:\/\/www.hydraulic-cylinders.net\/wp-content\/uploads\/2025\/01\/hydraulic-cylinder-factory-2-scaled.webp\" alt=\"\" width=\"2011\" height=\"2560\" srcset=\"https:\/\/www.hydraulic-cylinders.net\/wp-content\/uploads\/2025\/01\/hydraulic-cylinder-factory-2-scaled.webp 2011w, https:\/\/www.hydraulic-cylinders.net\/wp-content\/uploads\/2025\/01\/hydraulic-cylinder-factory-2-1280x1629.webp 1280w, https:\/\/www.hydraulic-cylinders.net\/wp-content\/uploads\/2025\/01\/hydraulic-cylinder-factory-2-980x1248.webp 980w, https:\/\/www.hydraulic-cylinders.net\/wp-content\/uploads\/2025\/01\/hydraulic-cylinder-factory-2-480x611.webp 480w\" sizes=\"(min-width: 0px) and (max-width: 480px) 480px, (min-width: 481px) and (max-width: 980px) 980px, (min-width: 981px) and (max-width: 1280px) 1280px, (min-width: 1281px) 2011px, 100vw\" \/><\/h2>\n<p>Upravljamo popolnoma avtomatsko linijo za barvanje na vodni osnovi, posebej zasnovano za majhne in srednje velike jeklenke, z avtomatiziranimi roboti za nalaganje, razkladanje in brizganje. Ta najsodobnej\u0161i sistem se pona\u0161a s proizvodno zmogljivostjo 4000 enot na izmeno. Poleg tega imamo polavtomatsko linijo za barvanje velikih jeklenk, ki jo poganja veri\u017eni pogon, s projektno zmogljivostjo 60 zabojev na izmeno.<\/p>\n<p>Da bi izbolj\u0161ali u\u010dinkovitost izdelkov in utrdili na\u0161o vodilno vlogo v industriji hidravli\u010dnih cilindrov, smo se povezali z ZJIMEE in ustanovili celovit laboratorij za merjenje u\u010dinkovitosti, namenjen hidravli\u010dnim cilindrom, ventilom in \u010drpalkam. Ta napredni laboratorij uporablja ra\u010dunalni\u0161ko podprto testiranje z elektrohidravli\u010dno tehnologijo, kar omogo\u010da vnaprej dolo\u010dene pogoje testiranja, ki izbolj\u0161ajo natan\u010dnost in vsestranskost sistema. Avtomatiziran postopek zbiranja podatkov uporablja senzorje za zbiranje izhodnih podatkov, kot so notranje pu\u0161\u010danje in izkoristek obremenitve, ki jih nato obdela ra\u010dunalnik in pretvori v standardne enote (ml\/min%).<\/p>\n<p>Poleg tega za zagotovitev varnosti na\u0161ih hidravli\u010dnih sistemov izvajamo spremljanje stanja klju\u010dnih parametrov delovanja, vklju\u010dno s temperaturo olja, nivojem teko\u010dine in stanjem filtrirne naprave. Na\u0161e preskusno mesto za hidravli\u010dne cilindre lahko z natan\u010dnimi od\u010ditki oceni \u00bbu\u010dinkovitost obremenitve\u00ab in \u00bbnotranje pu\u0161\u010danje\u00ab. Opremljeno je tudi z merilnim instrumentom z ravnilom, ki ustreza nacionalnim standardom in zagotavlja skladnost z vsemi zahtevami glede presku\u0161anja hidravli\u010dnih cilindrov.<\/p>\n<p>&nbsp;<\/p>","protected":false},"excerpt":{"rendered":"<p>Telescopic Cylinder For Arm Type Aerial Work Vehicles The telescopic cylinder for arm type aerial work vehicles is a vital component for aerial work vehicles, significantly enhancing their reach and versatility. Specifically engineered for high-performance applications, this cylinder enables operators to effortlessly access elevated areas with precision. Its robust construction and advanced engineering make it [&hellip;]<\/p>","protected":false},"featured_media":17495,"comment_status":"open","ping_status":"closed","template":"","meta":{"_et_pb_use_builder":"","_et_pb_old_content":"","_et_gb_content_width":""},"product_brand":[],"product_cat":[1500,1550,1376,1393],"product_tag":[],"class_list":{"0":"post-17230","1":"product","2":"type-product","3":"status-publish","4":"has-post-thumbnail","6":"product_cat-aerial-work-vehicle-hydraulic-cylinder","7":"product_cat-double-acting-hydraulic-cylinder","8":"product_cat-hydraulic-cylinder","9":"product_cat-telescopic-hydraulic-cylinder","11":"first","12":"instock","13":"shipping-taxable","14":"product-type-simple"},"amp_enabled":true,"_links":{"self":[{"href":"https:\/\/www.hydraulic-cylinders.net\/sl\/wp-json\/wp\/v2\/product\/17230","targetHints":{"allow":["GET"]}}],"collection":[{"href":"https:\/\/www.hydraulic-cylinders.net\/sl\/wp-json\/wp\/v2\/product"}],"about":[{"href":"https:\/\/www.hydraulic-cylinders.net\/sl\/wp-json\/wp\/v2\/types\/product"}],"replies":[{"embeddable":true,"href":"https:\/\/www.hydraulic-cylinders.net\/sl\/wp-json\/wp\/v2\/comments?post=17230"}],"wp:featuredmedia":[{"embeddable":true,"href":"https:\/\/www.hydraulic-cylinders.net\/sl\/wp-json\/wp\/v2\/media\/17495"}],"wp:attachment":[{"href":"https:\/\/www.hydraulic-cylinders.net\/sl\/wp-json\/wp\/v2\/media?parent=17230"}],"wp:term":[{"taxonomy":"product_brand","embeddable":true,"href":"https:\/\/www.hydraulic-cylinders.net\/sl\/wp-json\/wp\/v2\/product_brand?post=17230"},{"taxonomy":"product_cat","embeddable":true,"href":"https:\/\/www.hydraulic-cylinders.net\/sl\/wp-json\/wp\/v2\/product_cat?post=17230"},{"taxonomy":"product_tag","embeddable":true,"href":"https:\/\/www.hydraulic-cylinders.net\/sl\/wp-json\/wp\/v2\/product_tag?post=17230"}],"curies":[{"name":"delovni list","href":"https:\/\/api.w.org\/{rel}","templated":true}]}}