{"id":17237,"date":"2025-02-23T08:26:58","date_gmt":"2025-02-23T08:26:58","guid":{"rendered":"https:\/\/www.hydraulic-cylinders.net\/?post_type=product&#038;p=17237"},"modified":"2025-04-30T08:37:43","modified_gmt":"2025-04-30T08:37:43","slug":"luffing-cylinder-for-arm-type-aerial-work-vehicles","status":"publish","type":"product","link":"https:\/\/www.hydraulic-cylinders.net\/sl\/izdelek\/luffing-cylinder-for-arm-type-aerial-work-vehicles\/","title":{"rendered":"Zgibni valj za delovna vozila tipa roke"},"content":{"rendered":"<h1 style=\"text-align: center;\"><strong>Zgibni valj za delovna vozila tipa roke<\/strong><\/h1>\n<h1 style=\"text-align: center;\"><img loading=\"lazy\" decoding=\"async\" class=\"alignnone size-full wp-image-17240\" src=\"https:\/\/www.hydraulic-cylinders.net\/wp-content\/uploads\/2025\/02\/hcyy11112010-main-boom-angle-cylinder-2.webp\" alt=\"\" width=\"1500\" height=\"520\" srcset=\"https:\/\/www.hydraulic-cylinders.net\/wp-content\/uploads\/2025\/02\/hcyy11112010-main-boom-angle-cylinder-2.webp 1500w, https:\/\/www.hydraulic-cylinders.net\/wp-content\/uploads\/2025\/02\/hcyy11112010-main-boom-angle-cylinder-2-1280x444.webp 1280w, https:\/\/www.hydraulic-cylinders.net\/wp-content\/uploads\/2025\/02\/hcyy11112010-main-boom-angle-cylinder-2-980x340.webp 980w, https:\/\/www.hydraulic-cylinders.net\/wp-content\/uploads\/2025\/02\/hcyy11112010-main-boom-angle-cylinder-2-480x166.webp 480w\" sizes=\"(min-width: 0px) and (max-width: 480px) 480px, (min-width: 481px) and (max-width: 980px) 980px, (min-width: 981px) and (max-width: 1280px) 1280px, (min-width: 1281px) 1500px, 100vw\" \/><\/h1>\n<p>Zgibni valj za dvi\u017ena delovna vozila z roko je napredna komponenta, posebej zasnovana za dvi\u017ena delovna vozila. Ta valj znatno izbolj\u0161a okretnost in funkcionalnost dvi\u017enih plo\u0161\u010dadi, zaradi \u010desar je nepogre\u0161ljiv v razli\u010dnih panogah, vklju\u010dno z gradbeni\u0161tvom, vzdr\u017eevanjem in telekomunikacijami. Z robustno zasnovo in najsodobnej\u0161im in\u017eeniringom HCYY11112010 zagotavlja varno in u\u010dinkovito delovanje na visokih vi\u0161inah.<\/p>\n<p>Ta valj je klju\u010dnega pomena za izbolj\u0161anje varnosti in u\u010dinkovitosti pri delu v zraku. Njegova trpe\u017ena konstrukcija, uporabniku prijazna zasnova in natan\u010dno delovanje izpolnjujejo zahtevne potrebe strokovnjakov na razli\u010dnih podro\u010djih. Z upo\u0161tevanjem pravilnih smernic za uporabo in vzdr\u017eevanje lahko upravljavci zagotovijo, da dvigalni valj dosledno zagotavlja zanesljivo delovanje, poenostavlja operacije v zraku in pove\u010duje u\u010dinkovitost.<\/p>\n<p>Nalo\u017eba v dvigalni valj za delovna vozila z roko ne le pove\u010da va\u0161e zmogljivosti dela v zraku, temve\u010d tudi izbolj\u0161a splo\u0161no zmogljivost va\u0161e opreme, kar vam omogo\u010da, da se nalog lotite samozavestno in natan\u010dno.<\/p>\n<h2><strong>Parameter dvigalnega cilindra za delovna vozila tipa roke:<\/strong><\/h2>\n<h1 style=\"text-align: center;\"><img loading=\"lazy\" decoding=\"async\" class=\"alignnone size-full wp-image-17239\" src=\"https:\/\/www.hydraulic-cylinders.net\/wp-content\/uploads\/2025\/02\/hcyy11112010-main-boom-angle-cylinder-1.webp\" alt=\"\" width=\"1512\" height=\"146\" srcset=\"https:\/\/www.hydraulic-cylinders.net\/wp-content\/uploads\/2025\/02\/hcyy11112010-main-boom-angle-cylinder-1.webp 1512w, https:\/\/www.hydraulic-cylinders.net\/wp-content\/uploads\/2025\/02\/hcyy11112010-main-boom-angle-cylinder-1-1280x124.webp 1280w, https:\/\/www.hydraulic-cylinders.net\/wp-content\/uploads\/2025\/02\/hcyy11112010-main-boom-angle-cylinder-1-980x95.webp 980w, https:\/\/www.hydraulic-cylinders.net\/wp-content\/uploads\/2025\/02\/hcyy11112010-main-boom-angle-cylinder-1-480x46.webp 480w\" sizes=\"(min-width: 0px) and (max-width: 480px) 480px, (min-width: 481px) and (max-width: 980px) 980px, (min-width: 981px) and (max-width: 1280px) 1280px, (min-width: 1281px) 1512px, 100vw\" \/> \u00a0<img loading=\"lazy\" decoding=\"async\" class=\"alignnone size-full wp-image-17241\" src=\"https:\/\/www.hydraulic-cylinders.net\/wp-content\/uploads\/2025\/02\/hcyy11112010-main-boom-angle-cylinder-3.webp\" alt=\"\" width=\"1479\" height=\"710\" srcset=\"https:\/\/www.hydraulic-cylinders.net\/wp-content\/uploads\/2025\/02\/hcyy11112010-main-boom-angle-cylinder-3.webp 1479w, https:\/\/www.hydraulic-cylinders.net\/wp-content\/uploads\/2025\/02\/hcyy11112010-main-boom-angle-cylinder-3-1280x614.webp 1280w, https:\/\/www.hydraulic-cylinders.net\/wp-content\/uploads\/2025\/02\/hcyy11112010-main-boom-angle-cylinder-3-980x470.webp 980w, https:\/\/www.hydraulic-cylinders.net\/wp-content\/uploads\/2025\/02\/hcyy11112010-main-boom-angle-cylinder-3-480x230.webp 480w\" sizes=\"(min-width: 0px) and (max-width: 480px) 480px, (min-width: 481px) and (max-width: 980px) 980px, (min-width: 981px) and (max-width: 1280px) 1280px, (min-width: 1281px) 1479px, 100vw\" \/> <img loading=\"lazy\" decoding=\"async\" class=\"alignnone size-full wp-image-17242\" src=\"https:\/\/www.hydraulic-cylinders.net\/wp-content\/uploads\/2025\/02\/hcyy11112010-main-boom-angle-cylinder-4.webp\" alt=\"\" width=\"1471\" height=\"710\" srcset=\"https:\/\/www.hydraulic-cylinders.net\/wp-content\/uploads\/2025\/02\/hcyy11112010-main-boom-angle-cylinder-4.webp 1471w, https:\/\/www.hydraulic-cylinders.net\/wp-content\/uploads\/2025\/02\/hcyy11112010-main-boom-angle-cylinder-4-1280x618.webp 1280w, https:\/\/www.hydraulic-cylinders.net\/wp-content\/uploads\/2025\/02\/hcyy11112010-main-boom-angle-cylinder-4-980x473.webp 980w, https:\/\/www.hydraulic-cylinders.net\/wp-content\/uploads\/2025\/02\/hcyy11112010-main-boom-angle-cylinder-4-480x232.webp 480w\" sizes=\"(min-width: 0px) and (max-width: 480px) 480px, (min-width: 481px) and (max-width: 980px) 980px, (min-width: 981px) and (max-width: 1280px) 1280px, (min-width: 1281px) 1471px, 100vw\" \/> <img loading=\"lazy\" decoding=\"async\" class=\"alignnone size-full wp-image-17243\" src=\"https:\/\/www.hydraulic-cylinders.net\/wp-content\/uploads\/2025\/02\/hcyy11112010-main-boom-angle-cylinder-5.webp\" alt=\"\" width=\"1497\" height=\"764\" srcset=\"https:\/\/www.hydraulic-cylinders.net\/wp-content\/uploads\/2025\/02\/hcyy11112010-main-boom-angle-cylinder-5.webp 1497w, https:\/\/www.hydraulic-cylinders.net\/wp-content\/uploads\/2025\/02\/hcyy11112010-main-boom-angle-cylinder-5-1280x653.webp 1280w, https:\/\/www.hydraulic-cylinders.net\/wp-content\/uploads\/2025\/02\/hcyy11112010-main-boom-angle-cylinder-5-980x500.webp 980w, https:\/\/www.hydraulic-cylinders.net\/wp-content\/uploads\/2025\/02\/hcyy11112010-main-boom-angle-cylinder-5-480x245.webp 480w\" sizes=\"(min-width: 0px) and (max-width: 480px) 480px, (min-width: 481px) and (max-width: 980px) 980px, (min-width: 981px) and (max-width: 1280px) 1280px, (min-width: 1281px) 1497px, 100vw\" \/><\/h1>\n<h2><strong>Serija cilindrov za zra\u010dna delovna vozila:<\/strong><\/h2>\n<h2><img loading=\"lazy\" decoding=\"async\" class=\"wp-image-1044652 size-full aligncenter\" src=\"https:\/\/images.hzpt.com\/2025\/02\/cylinder-series-for-aerial-work-vehicles.webp\" alt=\"\" width=\"751\" height=\"850\" \/><\/h2>\n<h2><strong>Klju\u010dne zna\u010dilnosti dvigalnega cilindra za delovna vozila z roko:<\/strong><\/h2>\n<h4><strong>Redni pregledi<\/strong><\/h4>\n<p>Izvajanje rednih pregledov je klju\u010dnega pomena za vzdr\u017eevanje delovanja in varnosti dvigalnega cilindra za dvi\u017ena delovna vozila z roko. Preverite vidno obrabo tesnil in cevi, preglejte morebitne pu\u0161\u010danja hidravlike in poi\u0161\u010dite morebitne znake po\u0161kodb, kot so vdolbine ali korozija. Zgodnje odkrivanje teh te\u017eav omogo\u010da pravo\u010dasna popravila, prepre\u010devanje nadaljnjih po\u0161kodb in zagotavljanje u\u010dinkovitega delovanja cilindra.<\/p>\n<h4><strong>Mazanje<\/strong><\/h4>\n<p>Pravilno mazanje je bistvenega pomena za dolgo \u017eivljenjsko dobo vrtljivega cilindra. Redno nana\u0161ajte priporo\u010dena maziva na gibljive dele, kot je dolo\u010dil proizvajalec. Ta praksa zmanj\u0161a trenje, zmanj\u0161a obrabo in izbolj\u0161a nemoteno delovanje cilindra. Zagotovite, da so mazalna mesta lahko dostopna in da se odve\u010dno mazivo obri\u0161e, da se prepre\u010di kontaminacija.<\/p>\n<h4><strong>Nivo hidravli\u010dne teko\u010dine<\/strong><\/h4>\n<p>Spremljanje nivoja hidravli\u010dne teko\u010dine je klju\u010dnega pomena za optimalno delovanje. Redno preverjajte rezervoar za teko\u010dino, da se prepri\u010date, da je na priporo\u010deni ravni. Nizka raven hidravli\u010dne teko\u010dine lahko povzro\u010di zmanj\u0161ano zmogljivost, zmanj\u0161ano dvi\u017eno zmogljivost in morebitno pregrevanje. \u010ce je raven teko\u010dine nizka, jo nemudoma dolijte z ustrezno vrsto hidravli\u010dne teko\u010dine, da ohranite u\u010dinkovitost in prepre\u010dite po\u0161kodbe.<\/p>\n<h4><strong>\u010ci\u0161\u010denje<\/strong><\/h4>\n<p>Vzdr\u017eevanje \u010disto\u010de dvigalnega cilindra za dvi\u017ena delovna vozila z roko je bistvenega pomena za njegovo u\u010dinkovito delovanje. Redno \u010distite valj, da odstranite ostanke, umazanijo in onesna\u017eevalce, ki lahko motijo \u200b\u200bnjegovo delovanje. Za brisanje povr\u0161in uporabite vla\u017eno krpo, pri \u010demer bodite \u0161e posebej pozorni na tesnila in spoje, da prepre\u010dite vdor umazanije v hidravli\u010dni sistem. \u010cist valj ne le deluje bolje, ampak tudi podalj\u0161a njegovo \u017eivljenjsko dobo.<\/p>\n<h4><strong>Profesionalno servisiranje<\/strong><\/h4>\n<p>Na\u010drtovanje rednega servisiranja s strani usposobljenega tehnika je klju\u010dnega pomena za celovito vzdr\u017eevanje. Strokovnjak lahko opravi poglobljene preglede, odpravi morebitne te\u017eave in zagotovi pravilno delovanje vseh komponent. Ta proaktivni pristop pomaga prepoznati morebitne te\u017eave, preden se stopnjujejo, s \u010dimer se zagotovi, da HCYY11112010 ohranja vrhunsko zmogljivost in zanesljivost skozi celotno \u017eivljenjsko dobo. Redni strokovni pregledi zagotavljajo tudi brezskrbnost, saj veste, da oprema izpolnjuje varnostne standarde in obratovalne smernice.<\/p>\n<h2><strong>Kako pogosto je treba izvajati preglede dvigalnega cilindra za dvigalna delovna vozila z roko?<\/strong><\/h2>\n<p>Za zagotovitev optimalne zmogljivosti in varnosti dvigalnega cilindra za dvi\u017ena delovna vozila z roko je klju\u010dnega pomena vzpostavitev rutinskega urnika pregledov. Prizadevajte si za temeljite preglede vsaj enkrat mese\u010dno. \u010ce pa se va\u0161 valj pogosto uporablja ali deluje v zahtevnih pogojih, kot so ekstremne temperature, mo\u010dan prah ali vlaga, je pametno pove\u010dati pogostost pregledov na tedenske.<\/p>\n<p>Redni pregledi so va\u0161a prva obrambna linija pri vzdr\u017eevanju. Omogo\u010dajo odkrivanje zgodnjih znakov obrabe, pu\u0161\u010danja hidravlike ali po\u0161kodb, preden se razvijejo v resnej\u0161e te\u017eave. Ta proaktivni pristop vas ne le re\u0161i pred morebitnimi dragimi popravili, temve\u010d tudi pove\u010da varnost va\u0161ih zra\u010dnih operacij. Predstavljajte si du\u0161evni mir, ki ga prina\u0161a vedenje, da va\u0161a oprema deluje brezhibno in je pripravljena samozavestno spopasti se z vsakim izzivom.<\/p>\n<p>Vklju\u010ditev pregledov v va\u0161o rutino ne le zagotavlja, da dvigalni valj za dvi\u017ena vozila z roko ostane v vrhunskem stanju, temve\u010d tudi podalj\u0161a njegovo \u017eivljenjsko dobo, kar na koncu maksimizira va\u0161o nalo\u017ebo. Z rednimi pregledi omogo\u010dite svoji ekipi, da dela u\u010dinkoviteje in varneje, vi pa se lahko osredoto\u010dite na tisto, kar je resni\u010dno pomembno \u2013 pravilno opravljeno delo. Postavite preglede na prvo mesto in opazujte, kako se va\u0161a operativna u\u010dinkovitost dvigne!<\/p>\n<h2><strong>Proizvodno obmo\u010dje valjev za dvigala in delovna vozila:<\/strong><\/h2>\n<h2><img loading=\"lazy\" decoding=\"async\" class=\"alignnone size-full wp-image-16972\" src=\"https:\/\/www.hydraulic-cylinders.net\/wp-content\/uploads\/2025\/01\/hydraulic-cylinder-factory-1-scaled.webp\" alt=\"\" width=\"2016\" height=\"2560\" srcset=\"https:\/\/www.hydraulic-cylinders.net\/wp-content\/uploads\/2025\/01\/hydraulic-cylinder-factory-1-scaled.webp 2016w, https:\/\/www.hydraulic-cylinders.net\/wp-content\/uploads\/2025\/01\/hydraulic-cylinder-factory-1-1280x1625.webp 1280w, https:\/\/www.hydraulic-cylinders.net\/wp-content\/uploads\/2025\/01\/hydraulic-cylinder-factory-1-980x1244.webp 980w, https:\/\/www.hydraulic-cylinders.net\/wp-content\/uploads\/2025\/01\/hydraulic-cylinder-factory-1-480x610.webp 480w\" sizes=\"(min-width: 0px) and (max-width: 480px) 480px, (min-width: 481px) and (max-width: 980px) 980px, (min-width: 981px) and (max-width: 1280px) 1280px, (min-width: 1281px) 2016px, 100vw\" \/><\/h2>\n<p>Pona\u0161amo se z najsodobnej\u0161o neodvisno platformo za raziskave in razvoj, namenjeno monta\u017ei, ki zagotavlja vrhunske inovacije in kakovost v na\u0161ih proizvodnih procesih. Na\u0161a delavnica za proizvodnjo valjev za vili\u010darje ima \u0161tiri polavtomatske monta\u017ene linije za dvi\u017ene valje in popolnoma avtomatsko monta\u017eno linijo za nagibne valje, ki so skupaj zasnovane za proizvodnjo do milijona enot letno.<\/p>\n<p>Poleg tega je na\u0161a specializirana delavnica za jeklenke opremljena s polavtomatskimi sistemi za \u010di\u0161\u010denje in monta\u017eo, prilagojenimi razli\u010dnim specifikacijam, z letno proizvodno zmogljivostjo 200.000 kosov. Uporabljamo priznano CNC opremo, obdelovalne centre in specializirana orodja za visoko precizno obdelavo jeklenk. Na\u0161 obrat vklju\u010duje tudi napredne robotske varilne stroje, avtomatske sisteme za \u010di\u0161\u010denje in popolnoma avtomatizirane linije za monta\u017eo in barvanje jeklenk. Z ve\u010d kot 300 klju\u010dnimi kosi opreme v uporabi optimiziramo dodelitev virov in zagotavljamo u\u010dinkovito izrabo, pri \u010demer izpolnjujemo stroge standarde natan\u010dnosti in kakovosti.<\/p>\n<p>Na\u0161a strojna delavnica ima stru\u017eilne centre za nagibne vodilne tirnice po meri, obdelovalne centre, visokohitrostne stroje za honanje, varilne robote in drugo bistveno opremo. Ta postavitev nam omogo\u010da obdelavo valjastih cevi z najve\u010djim notranjim premerom 400 mm in dol\u017eino do 6 metrov, kar \u0161e dodatno izbolj\u0161uje na\u0161e proizvodne zmogljivosti.<\/p>\n<h2><img loading=\"lazy\" decoding=\"async\" class=\"alignnone size-full wp-image-16973\" src=\"https:\/\/www.hydraulic-cylinders.net\/wp-content\/uploads\/2025\/01\/hydraulic-cylinder-factory-2-scaled.webp\" alt=\"\" width=\"2011\" height=\"2560\" srcset=\"https:\/\/www.hydraulic-cylinders.net\/wp-content\/uploads\/2025\/01\/hydraulic-cylinder-factory-2-scaled.webp 2011w, https:\/\/www.hydraulic-cylinders.net\/wp-content\/uploads\/2025\/01\/hydraulic-cylinder-factory-2-1280x1629.webp 1280w, https:\/\/www.hydraulic-cylinders.net\/wp-content\/uploads\/2025\/01\/hydraulic-cylinder-factory-2-980x1248.webp 980w, https:\/\/www.hydraulic-cylinders.net\/wp-content\/uploads\/2025\/01\/hydraulic-cylinder-factory-2-480x611.webp 480w\" sizes=\"(min-width: 0px) and (max-width: 480px) 480px, (min-width: 481px) and (max-width: 980px) 980px, (min-width: 981px) and (max-width: 1280px) 1280px, (min-width: 1281px) 2011px, 100vw\" \/><\/h2>\n<p>Upravljamo popolnoma avtomatsko linijo za barvanje na vodni osnovi, posebej zasnovano za majhne in srednje velike jeklenke, z avtomatiziranimi roboti za nalaganje, razkladanje in brizganje. Ta najsodobnej\u0161i sistem se pona\u0161a s proizvodno zmogljivostjo 4000 enot na izmeno. Poleg tega imamo polavtomatsko linijo za barvanje velikih jeklenk, ki jo poganja veri\u017eni pogon, s projektno zmogljivostjo 60 zabojev na izmeno.<\/p>\n<p>Da bi izbolj\u0161ali u\u010dinkovitost izdelkov in utrdili na\u0161o vodilno vlogo v industriji hidravli\u010dnih cilindrov, smo se povezali z ZJIMEE in ustanovili celovit laboratorij za merjenje u\u010dinkovitosti, namenjen hidravli\u010dnim cilindrom, ventilom in \u010drpalkam. Ta napredni laboratorij uporablja ra\u010dunalni\u0161ko podprto testiranje z elektrohidravli\u010dno tehnologijo, kar omogo\u010da vnaprej dolo\u010dene pogoje testiranja, ki izbolj\u0161ajo natan\u010dnost in vsestranskost sistema. Avtomatiziran postopek zbiranja podatkov uporablja senzorje za zbiranje izhodnih podatkov, kot so notranje pu\u0161\u010danje in izkoristek obremenitve, ki jih nato obdela ra\u010dunalnik in pretvori v standardne enote (ml\/min%).<\/p>\n<p>Poleg tega za zagotovitev varnosti na\u0161ih hidravli\u010dnih sistemov izvajamo spremljanje stanja klju\u010dnih parametrov delovanja, vklju\u010dno s temperaturo olja, nivojem teko\u010dine in stanjem filtrirne naprave. Na\u0161e preskusno mesto za hidravli\u010dne cilindre lahko z natan\u010dnimi od\u010ditki oceni \u00bbu\u010dinkovitost obremenitve\u00ab in \u00bbnotranje pu\u0161\u010danje\u00ab. Opremljeno je tudi z merilnim instrumentom z ravnilom, ki ustreza nacionalnim standardom in zagotavlja skladnost z vsemi zahtevami glede presku\u0161anja hidravli\u010dnih cilindrov.<\/p>\n<p>&nbsp;<\/p>","protected":false},"excerpt":{"rendered":"<p>Luffing Cylinder For Arm Type Aerial Work Vehicles The Luffing Cylinder For Arm Type Aerial Work Vehicles is an advanced component specifically engineered for aerial work vehicles. This cylinder significantly enhances the maneuverability and functionality of aerial platforms, making it indispensable across various industries, including construction, maintenance, and telecommunications. With its robust design and cutting-edge [&hellip;]<\/p>","protected":false},"featured_media":17496,"comment_status":"open","ping_status":"closed","template":"","meta":{"_et_pb_use_builder":"","_et_pb_old_content":"","_et_gb_content_width":""},"product_brand":[],"product_cat":[1500,1550,1376],"product_tag":[],"class_list":{"0":"post-17237","1":"product","2":"type-product","3":"status-publish","4":"has-post-thumbnail","6":"product_cat-aerial-work-vehicle-hydraulic-cylinder","7":"product_cat-double-acting-hydraulic-cylinder","8":"product_cat-hydraulic-cylinder","10":"first","11":"instock","12":"shipping-taxable","13":"product-type-simple"},"amp_enabled":true,"_links":{"self":[{"href":"https:\/\/www.hydraulic-cylinders.net\/sl\/wp-json\/wp\/v2\/product\/17237","targetHints":{"allow":["GET"]}}],"collection":[{"href":"https:\/\/www.hydraulic-cylinders.net\/sl\/wp-json\/wp\/v2\/product"}],"about":[{"href":"https:\/\/www.hydraulic-cylinders.net\/sl\/wp-json\/wp\/v2\/types\/product"}],"replies":[{"embeddable":true,"href":"https:\/\/www.hydraulic-cylinders.net\/sl\/wp-json\/wp\/v2\/comments?post=17237"}],"wp:featuredmedia":[{"embeddable":true,"href":"https:\/\/www.hydraulic-cylinders.net\/sl\/wp-json\/wp\/v2\/media\/17496"}],"wp:attachment":[{"href":"https:\/\/www.hydraulic-cylinders.net\/sl\/wp-json\/wp\/v2\/media?parent=17237"}],"wp:term":[{"taxonomy":"product_brand","embeddable":true,"href":"https:\/\/www.hydraulic-cylinders.net\/sl\/wp-json\/wp\/v2\/product_brand?post=17237"},{"taxonomy":"product_cat","embeddable":true,"href":"https:\/\/www.hydraulic-cylinders.net\/sl\/wp-json\/wp\/v2\/product_cat?post=17237"},{"taxonomy":"product_tag","embeddable":true,"href":"https:\/\/www.hydraulic-cylinders.net\/sl\/wp-json\/wp\/v2\/product_tag?post=17237"}],"curies":[{"name":"delovni list","href":"https:\/\/api.w.org\/{rel}","templated":true}]}}