{"id":17254,"date":"2025-02-23T09:01:12","date_gmt":"2025-02-23T09:01:12","guid":{"rendered":"https:\/\/www.hydraulic-cylinders.net\/?post_type=product&#038;p=17254"},"modified":"2025-04-30T08:31:10","modified_gmt":"2025-04-30T08:31:10","slug":"steering-cylinder-for-arm-type-aerial-work-vehicles","status":"publish","type":"product","link":"https:\/\/www.hydraulic-cylinders.net\/sl\/izdelek\/steering-cylinder-for-arm-type-aerial-work-vehicles\/","title":{"rendered":"Krmilni valj za zra\u010dna delovna vozila tipa roke"},"content":{"rendered":"<h1 style=\"text-align: center;\"><strong>Krmilni valj za zra\u010dna delovna vozila tipa roke<\/strong><\/h1>\n<h1 style=\"text-align: center;\"><img loading=\"lazy\" decoding=\"async\" class=\"alignnone size-full wp-image-17256\" src=\"https:\/\/www.hydraulic-cylinders.net\/wp-content\/uploads\/2025\/02\/hcyy11112012-steering-cylinder-2.webp\" alt=\"\" width=\"1495\" height=\"516\" srcset=\"https:\/\/www.hydraulic-cylinders.net\/wp-content\/uploads\/2025\/02\/hcyy11112012-steering-cylinder-2.webp 1495w, https:\/\/www.hydraulic-cylinders.net\/wp-content\/uploads\/2025\/02\/hcyy11112012-steering-cylinder-2-1280x442.webp 1280w, https:\/\/www.hydraulic-cylinders.net\/wp-content\/uploads\/2025\/02\/hcyy11112012-steering-cylinder-2-980x338.webp 980w, https:\/\/www.hydraulic-cylinders.net\/wp-content\/uploads\/2025\/02\/hcyy11112012-steering-cylinder-2-480x166.webp 480w\" sizes=\"(min-width: 0px) and (max-width: 480px) 480px, (min-width: 481px) and (max-width: 980px) 980px, (min-width: 981px) and (max-width: 1280px) 1280px, (min-width: 1281px) 1495px, 100vw\" \/><\/h1>\n<div id=\"message-349701841669\" class=\"ChatMessage_chatMessage__xkgHx\" data-complete=\"true\">\n<div class=\"ChatMessage_messageRow__DHlnq\">\n<div class=\"ChatMessage_messageWrapper__4Ugd6\">\n<div class=\"Message_rowWithFooter__FShU6\">\n<div class=\"Message_row__ug_UU\">\n<div class=\"Message_messageBubbleWrapper__sEq8z\">\n<div class=\"Message_leftSideMessageBubble__VPdk6\">\n<div class=\"Message_messageTextContainer__w64Sc\">\n<div>\n<div class=\"Markdown_markdownContainer__Tz3HQ\">\n<p>Krmilni valj za delovna vozila z roko je bistvena komponenta, posebej zasnovana za delovna vozila z letalom, ki izbolj\u0161uje njihovo okretnost in nadzor. Ta najsodobnej\u0161i krmilni mehanizem omogo\u010da upravljavcem navigacijo v omejenih prostorih in izvajanje zra\u010dnih nalog z izjemno natan\u010dnostjo in lahkoto.<\/p>\n<p>Kot pomembna nadgradnja krmilni valj za dvi\u017ena delovna vozila z roko pove\u010duje natan\u010dnost krmiljenja in varnost, kar zagotavlja, da se upravljavci lahko u\u010dinkovito odzivajo na dinami\u010dna delovna okolja. Njegova robustna konstrukcija zagotavlja vzdr\u017eljivost, preprost postopek namestitve pa poenostavlja integracijo v obstoje\u010de sisteme. Vzdr\u017eevanje je tudi brez te\u017eav, kar upravljavcem omogo\u010da, da se osredoto\u010dijo na svoje delo brez nepotrebnih prekinitev.<\/p>\n<p>Z vgradnjo krmilnega cilindra za dvi\u017ena delovna vozila z roko v va\u0161e dvi\u017eno delovno vozilo pove\u010date varnost in u\u010dinkovitost delovanja, zaradi \u010desar je idealna re\u0161itev za izpolnjevanje raznolikih zahtev katerega koli gradbi\u0161\u010da.<\/p>\n<\/div>\n<\/div>\n<\/div>\n<\/div>\n<\/div>\n<\/div>\n<\/div>\n<\/div>\n<\/div>\n<\/div>\n<h2><strong>Krmilni valj za zra\u010dna delovna vozila tipa roke Parameter:<\/strong><\/h2>\n<h1 style=\"text-align: center;\"><img loading=\"lazy\" decoding=\"async\" class=\"alignnone size-full wp-image-17255\" src=\"https:\/\/www.hydraulic-cylinders.net\/wp-content\/uploads\/2025\/02\/hcyy11112012-steering-cylinder-1.webp\" alt=\"\" width=\"1520\" height=\"147\" srcset=\"https:\/\/www.hydraulic-cylinders.net\/wp-content\/uploads\/2025\/02\/hcyy11112012-steering-cylinder-1.webp 1520w, https:\/\/www.hydraulic-cylinders.net\/wp-content\/uploads\/2025\/02\/hcyy11112012-steering-cylinder-1-1280x124.webp 1280w, https:\/\/www.hydraulic-cylinders.net\/wp-content\/uploads\/2025\/02\/hcyy11112012-steering-cylinder-1-980x95.webp 980w, https:\/\/www.hydraulic-cylinders.net\/wp-content\/uploads\/2025\/02\/hcyy11112012-steering-cylinder-1-480x46.webp 480w\" sizes=\"(min-width: 0px) and (max-width: 480px) 480px, (min-width: 481px) and (max-width: 980px) 980px, (min-width: 981px) and (max-width: 1280px) 1280px, (min-width: 1281px) 1520px, 100vw\" \/> \u00a0<img loading=\"lazy\" decoding=\"async\" class=\"alignnone size-full wp-image-17257\" src=\"https:\/\/www.hydraulic-cylinders.net\/wp-content\/uploads\/2025\/02\/hcyy11112012-steering-cylinder-3.webp\" alt=\"\" width=\"1471\" height=\"696\" srcset=\"https:\/\/www.hydraulic-cylinders.net\/wp-content\/uploads\/2025\/02\/hcyy11112012-steering-cylinder-3.webp 1471w, https:\/\/www.hydraulic-cylinders.net\/wp-content\/uploads\/2025\/02\/hcyy11112012-steering-cylinder-3-1280x606.webp 1280w, https:\/\/www.hydraulic-cylinders.net\/wp-content\/uploads\/2025\/02\/hcyy11112012-steering-cylinder-3-980x464.webp 980w, https:\/\/www.hydraulic-cylinders.net\/wp-content\/uploads\/2025\/02\/hcyy11112012-steering-cylinder-3-480x227.webp 480w\" sizes=\"(min-width: 0px) and (max-width: 480px) 480px, (min-width: 481px) and (max-width: 980px) 980px, (min-width: 981px) and (max-width: 1280px) 1280px, (min-width: 1281px) 1471px, 100vw\" \/> <img loading=\"lazy\" decoding=\"async\" class=\"alignnone size-full wp-image-17258\" src=\"https:\/\/www.hydraulic-cylinders.net\/wp-content\/uploads\/2025\/02\/hcyy11112012-steering-cylinder-4.webp\" alt=\"\" width=\"1476\" height=\"709\" srcset=\"https:\/\/www.hydraulic-cylinders.net\/wp-content\/uploads\/2025\/02\/hcyy11112012-steering-cylinder-4.webp 1476w, https:\/\/www.hydraulic-cylinders.net\/wp-content\/uploads\/2025\/02\/hcyy11112012-steering-cylinder-4-1280x615.webp 1280w, https:\/\/www.hydraulic-cylinders.net\/wp-content\/uploads\/2025\/02\/hcyy11112012-steering-cylinder-4-980x471.webp 980w, https:\/\/www.hydraulic-cylinders.net\/wp-content\/uploads\/2025\/02\/hcyy11112012-steering-cylinder-4-480x231.webp 480w\" sizes=\"(min-width: 0px) and (max-width: 480px) 480px, (min-width: 481px) and (max-width: 980px) 980px, (min-width: 981px) and (max-width: 1280px) 1280px, (min-width: 1281px) 1476px, 100vw\" \/> <img loading=\"lazy\" decoding=\"async\" class=\"alignnone size-full wp-image-17259\" src=\"https:\/\/www.hydraulic-cylinders.net\/wp-content\/uploads\/2025\/02\/hcyy11112012-steering-cylinder-5.webp\" alt=\"\" width=\"1481\" height=\"742\" srcset=\"https:\/\/www.hydraulic-cylinders.net\/wp-content\/uploads\/2025\/02\/hcyy11112012-steering-cylinder-5.webp 1481w, https:\/\/www.hydraulic-cylinders.net\/wp-content\/uploads\/2025\/02\/hcyy11112012-steering-cylinder-5-1280x641.webp 1280w, https:\/\/www.hydraulic-cylinders.net\/wp-content\/uploads\/2025\/02\/hcyy11112012-steering-cylinder-5-980x491.webp 980w, https:\/\/www.hydraulic-cylinders.net\/wp-content\/uploads\/2025\/02\/hcyy11112012-steering-cylinder-5-480x240.webp 480w\" sizes=\"(min-width: 0px) and (max-width: 480px) 480px, (min-width: 481px) and (max-width: 980px) 980px, (min-width: 981px) and (max-width: 1280px) 1280px, (min-width: 1281px) 1481px, 100vw\" \/><\/h1>\n<h2><strong>Serija cilindrov za zra\u010dna delovna vozila:<\/strong><\/h2>\n<h2><img loading=\"lazy\" decoding=\"async\" class=\"wp-image-1044652 size-full aligncenter\" src=\"https:\/\/images.hzpt.com\/2025\/02\/cylinder-series-for-aerial-work-vehicles.webp\" alt=\"\" width=\"751\" height=\"850\" \/><\/h2>\n<h2><strong>Klju\u010dne zna\u010dilnosti krmilnega cilindra za dvigala z ro\u010dico:<\/strong><\/h2>\n<h4><strong>Robustna konstrukcija<\/strong><\/h4>\n<p>Krmilni valj za dvi\u017ena delovna vozila z roko je izdelan iz vrhunskih materialov, kar zagotavlja izjemno vzdr\u017eljivost v zahtevnih pogojih. Njegova robustna zasnova prenese ekstremne temperature, velike obremenitve in abrazivna okolja, ne da bi pri tem ogrozila zmogljivost. Ta robustna konstrukcija zmanj\u0161uje obrabo in znatno zmanj\u0161uje pogostost zamenjav. Podjetja imajo koristi od ni\u017ejih obratovalnih stro\u0161kov in ve\u010dje zanesljivosti, zaradi \u010desar je ta valj pametna nalo\u017eba za dolgoro\u010dno uporabo.<\/p>\n<h4><strong>Izbolj\u0161an nadzor natan\u010dnosti<\/strong><\/h4>\n<p>Natan\u010dnost je klju\u010dnega pomena pri zra\u010dnih operacijah, krmilni valj za delovna vozila z roko pa zagotavlja izjemno natan\u010dnost krmiljenja. Ta krmilni valj omogo\u010da brezhibno in natan\u010dno nastavitev, kar upravljavcem omogo\u010da samozavestno pozicioniranje vozil. Ne glede na to, ali se premikajo po ozkih prostorih ali izvajajo ob\u010dutljive zra\u010dne manevre, odzivnost cilindra zmanj\u0161uje tveganje za napake. Ta natan\u010dnost ne le pove\u010da varnost, temve\u010d tudi pove\u010da splo\u0161no u\u010dinkovitost, kar ekipam omogo\u010da u\u010dinkovitej\u0161e opravljanje nalog.<\/p>\n<h4><strong>Prostorsko var\u010dna zasnova<\/strong><\/h4>\n<p>Krmilni valj se pona\u0161a z inovativno kompaktno zasnovo, ki omogo\u010da enostavno namestitev in shranjevanje. Zaradi svojih lastnosti, ki prihranijo prostor, se prilega tudi v tesne predelke, zaradi \u010desar je \u0161e posebej koristen za mobilne operacije, kjer je prostora pogosto malo. Ko ni v uporabi, se valj lepo zlo\u017ei, kar omogo\u010da u\u010dinkovito shranjevanje in prevoz. Ta zasnova zagotavlja, da lahko upravljavci kar najbolje izkoristijo svoj delovni prostor in ohranijo svojo opremo organizirano.<\/p>\n<h4><strong>Impresivna nosilnost<\/strong><\/h4>\n<p>Krmilni valj, zasnovan za te\u017eka dela, podpira izjemno nosilnost. Njegova robustna zasnova zagotavlja zanesljivo delovanje tudi pod veliko te\u017eo, zaradi \u010desar je idealen za naloge, ki vklju\u010dujejo dvigovanje te\u017eke opreme ali materialov. Ta impresivna mo\u010d vliva zaupanje upravljavcem, saj se lahko zanesejo na u\u010dinkovito delovanje valja pod pritiskom, kar zagotavlja varnost in stabilnost med kriti\u010dnimi operacijami.<\/p>\n<h4><strong>Vrhunska odpornost proti koroziji<\/strong><\/h4>\n<p>Krmilni valj za dvi\u017ena delovna vozila z roko ima napredne za\u0161\u010ditne premaze, ki \u0161\u010ditijo pred rjo in korozijo. Ta lastnost je klju\u010dnega pomena za podalj\u0161anje \u017eivljenjske dobe valja, zlasti v te\u017ekih vremenskih razmerah. Specializirani premazi zagotavljajo dodatno plast za\u0161\u010dite pred de\u017ejem, snegom in UV-\u017earki, kar s\u010dasoma znatno zmanj\u0161a stro\u0161ke vzdr\u017eevanja. Upravljavci se lahko osredoto\u010dijo na svoja opravila, ne da bi jih skrbela pogosta popravila ali zamenjave zaradi obrabe zaradi okolja.<\/p>\n<h4><strong>Enostavna namestitev<\/strong><\/h4>\n<p>Krmilni valj za dvi\u017ena delovna vozila, zasnovan z mislijo na vsestranskost, je zdru\u017eljiv s \u0161iroko paleto dvi\u017enih delovnih vozil. Njegov uporabniku prijazen postopek namestitve omogo\u010da operaterjem hitro in u\u010dinkovito nastavitev, pogosto brez potrebe po obse\u017enem usposabljanju. Ta enostavnost namestitve zmanj\u0161uje \u010das izpada, kar podjetjem omogo\u010da, da svojo opremo hitro prilagodijo razli\u010dnim operativnim zahtevam. Preprosta integracija zagotavlja, da se ekipe lahko hitro vrnejo na delo, kar pove\u010da produktivnost.<\/p>\n<p>Krmilni valj izstopa kot klju\u010dna komponenta za vozila za delo v zraku, saj ponuja kombinacijo vzdr\u017eljivosti, natan\u010dnosti in u\u010dinkovitosti. Zaradi robustne konstrukcije, izbolj\u0161anih zmogljivosti upravljanja in prostorsko var\u010dne zasnove je idealna izbira za operaterje, ki i\u0161\u010dejo zanesljivost in zmogljivost. Z nalo\u017ebo v HCYY11112012 lahko podjetja izbolj\u0161ajo svoje operativne zmogljivosti ter zagotovijo varnej\u0161a in u\u010dinkovitej\u0161a dela v zraku.<\/p>\n<h2><strong>Kako natan\u010den nadzor krmilnega cilindra izbolj\u0161a va\u0161a dela v zraku?<\/strong><\/h2>\n<p>Seveda! Tukaj je raz\u0161irjena in optimizirana razli\u010dica vsake to\u010dke o tem, kako natan\u010dno krmiljenje krmilnega cilindra za vozila za delo v zraku z roko izbolj\u0161a delo v zraku:<\/p>\n<h4><strong>Natan\u010dno pozicioniranje<\/strong><\/h4>\n<p>Krmilni valj omogo\u010da upravljavcem fine nastavitve, kar zagotavlja natan\u010dno pozicioniranje vozila. Ta zmogljivost je klju\u010dnega pomena pri delu na vi\u0161ini ali v tesnih prostorih, kjer lahko \u017ee manj\u0161e napa\u010dne izra\u010dune povzro\u010dijo ve\u010dje te\u017eave. Ker upravljavcem omogo\u010da natan\u010dno poravnavo vozil z delovnim obmo\u010djem, valj zmanj\u0161uje tveganje napak in zagotavlja, da se naloge izvajajo po na\u010drtih.<\/p>\n<h4><strong>Izbolj\u0161ana varnost<\/strong><\/h4>\n<p>Izbolj\u0161ana natan\u010dnost krmiljenja se neposredno prevede v izbolj\u0161ano varnost tako za upravljavce kot za \u010dlane posadke na tleh. Z mo\u017enostjo natan\u010dne navigacije se lahko upravljavci izognejo oviram in nevarnim situacijam, kar zmanj\u0161a verjetnost nesre\u010d. Ta pove\u010dana ozave\u0161\u010denost o varnosti ne le \u0161\u010diti osebje, temve\u010d tudi \u0161\u010diti opremo in materiale ter spodbuja varno delovno okolje, kjer lahko vsi samozavestno opravljajo svoje naloge.<\/p>\n<h4><strong>Pove\u010dana u\u010dinkovitost<\/strong><\/h4>\n<p>Zmo\u017enost hitrega in natan\u010dnega prilagajanja krmiljenja znatno poenostavi delovanje. Operaterji se lahko hitro odzovejo na spreminjajo\u010de se pogoje ali navodila, kar omogo\u010da bolj dinami\u010den potek dela. Ta u\u010dinkovitost pomeni, da se naloge lahko opravijo hitreje, kar zmanj\u0161a \u010das izpada in pove\u010da splo\u0161no produktivnost. Ekipe lahko dose\u017eejo ve\u010d v svojem operativnem oknu, kar maksimizira uporabo njihovih virov in \u010dasa.<\/p>\n<h4><strong>Bolj\u0161e rokovanje<\/strong><\/h4>\n<p>Odzivnost krmilnega cilindra za krmiljenje dvi\u017enih delovnih vozil z roko izbolj\u0161a upravljanje dvi\u017enih delovnih vozil, zlasti na zahtevnih terenih ali v omejenih prostorih. Upravljavci med manevriranjem ob\u010dutijo ve\u010djo samozavest, saj natan\u010dnost cilindra omogo\u010da bolj gladke prehode in zavoje. Ta izbolj\u0161ana zmogljivost upravljanja ne le olaj\u0161a delovanje, temve\u010d prispeva tudi k stabilnej\u0161i platformi za vsa opravila, kot sta dvigovanje ali pozicioniranje opreme.<\/p>\n<p>Na splo\u0161no natan\u010dno krmiljenje krmilnega cilindra znatno izbolj\u0161a delo v zraku, saj spodbuja natan\u010dnost, varnost, u\u010dinkovitost in vodljivost. To ima za posledico bolj produktivno delovno okolje, kjer se lahko upravljavci samozavestno in enostavno osredoto\u010dijo na svoje odgovornosti.<\/p>\n<h2><strong>Proizvodno obmo\u010dje valjev za dvigala in delovna vozila:<\/strong><\/h2>\n<h2><img loading=\"lazy\" decoding=\"async\" class=\"alignnone size-full wp-image-16972\" src=\"https:\/\/www.hydraulic-cylinders.net\/wp-content\/uploads\/2025\/01\/hydraulic-cylinder-factory-1-scaled.webp\" sizes=\"(min-width: 0px) and (max-width: 480px) 480px, (min-width: 481px) and (max-width: 980px) 980px, (min-width: 981px) and (max-width: 1280px) 1280px, (min-width: 1281px) 2016px, 100vw\" srcset=\"https:\/\/www.hydraulic-cylinders.net\/wp-content\/uploads\/2025\/01\/hydraulic-cylinder-factory-1-scaled.webp 2016w, https:\/\/www.hydraulic-cylinders.net\/wp-content\/uploads\/2025\/01\/hydraulic-cylinder-factory-1-1280x1625.webp 1280w, https:\/\/www.hydraulic-cylinders.net\/wp-content\/uploads\/2025\/01\/hydraulic-cylinder-factory-1-980x1244.webp 980w, https:\/\/www.hydraulic-cylinders.net\/wp-content\/uploads\/2025\/01\/hydraulic-cylinder-factory-1-480x610.webp 480w\" alt=\"\" width=\"2016\" height=\"2560\" \/><\/h2>\n<p>Pona\u0161amo se z najsodobnej\u0161o neodvisno platformo za raziskave in razvoj, namenjeno monta\u017ei, ki zagotavlja vrhunske inovacije in kakovost v na\u0161ih proizvodnih procesih. Na\u0161a delavnica za proizvodnjo valjev za vili\u010darje ima \u0161tiri polavtomatske monta\u017ene linije za dvi\u017ene valje in popolnoma avtomatsko monta\u017eno linijo za nagibne valje, ki so skupaj zasnovane za proizvodnjo do milijona enot letno.<\/p>\n<p>Poleg tega je na\u0161a specializirana delavnica za jeklenke opremljena s polavtomatskimi sistemi za \u010di\u0161\u010denje in monta\u017eo, prilagojenimi razli\u010dnim specifikacijam, z letno proizvodno zmogljivostjo 200.000 kosov. Uporabljamo priznano CNC opremo, obdelovalne centre in specializirana orodja za visoko precizno obdelavo jeklenk. Na\u0161 obrat vklju\u010duje tudi napredne robotske varilne stroje, avtomatske sisteme za \u010di\u0161\u010denje in popolnoma avtomatizirane linije za monta\u017eo in barvanje jeklenk. Z ve\u010d kot 300 klju\u010dnimi kosi opreme v uporabi optimiziramo dodelitev virov in zagotavljamo u\u010dinkovito izrabo, pri \u010demer izpolnjujemo stroge standarde natan\u010dnosti in kakovosti.<\/p>\n<p>Na\u0161a strojna delavnica ima stru\u017eilne centre za nagibne vodilne tirnice po meri, obdelovalne centre, visokohitrostne stroje za honanje, varilne robote in drugo bistveno opremo. Ta postavitev nam omogo\u010da obdelavo valjastih cevi z najve\u010djim notranjim premerom 400 mm in dol\u017eino do 6 metrov, kar \u0161e dodatno izbolj\u0161uje na\u0161e proizvodne zmogljivosti.<\/p>\n<h2><img loading=\"lazy\" decoding=\"async\" class=\"alignnone size-full wp-image-16973\" src=\"https:\/\/www.hydraulic-cylinders.net\/wp-content\/uploads\/2025\/01\/hydraulic-cylinder-factory-2-scaled.webp\" sizes=\"(min-width: 0px) and (max-width: 480px) 480px, (min-width: 481px) and (max-width: 980px) 980px, (min-width: 981px) and (max-width: 1280px) 1280px, (min-width: 1281px) 2011px, 100vw\" srcset=\"https:\/\/www.hydraulic-cylinders.net\/wp-content\/uploads\/2025\/01\/hydraulic-cylinder-factory-2-scaled.webp 2011w, https:\/\/www.hydraulic-cylinders.net\/wp-content\/uploads\/2025\/01\/hydraulic-cylinder-factory-2-1280x1629.webp 1280w, https:\/\/www.hydraulic-cylinders.net\/wp-content\/uploads\/2025\/01\/hydraulic-cylinder-factory-2-980x1248.webp 980w, https:\/\/www.hydraulic-cylinders.net\/wp-content\/uploads\/2025\/01\/hydraulic-cylinder-factory-2-480x611.webp 480w\" alt=\"\" width=\"2011\" height=\"2560\" \/><\/h2>\n<p>Upravljamo popolnoma avtomatsko linijo za barvanje na vodni osnovi, posebej zasnovano za majhne in srednje velike jeklenke, z avtomatiziranimi roboti za nalaganje, razkladanje in brizganje. Ta najsodobnej\u0161i sistem se pona\u0161a s proizvodno zmogljivostjo 4000 enot na izmeno. Poleg tega imamo polavtomatsko linijo za barvanje velikih jeklenk, ki jo poganja veri\u017eni pogon, s projektno zmogljivostjo 60 zabojev na izmeno.<\/p>\n<p>Da bi izbolj\u0161ali u\u010dinkovitost izdelkov in utrdili na\u0161o vodilno vlogo v industriji hidravli\u010dnih cilindrov, smo se povezali z ZJIMEE in ustanovili celovit laboratorij za merjenje u\u010dinkovitosti, namenjen hidravli\u010dnim cilindrom, ventilom in \u010drpalkam. Ta napredni laboratorij uporablja ra\u010dunalni\u0161ko podprto testiranje z elektrohidravli\u010dno tehnologijo, kar omogo\u010da vnaprej dolo\u010dene pogoje testiranja, ki izbolj\u0161ajo natan\u010dnost in vsestranskost sistema. Avtomatiziran postopek zbiranja podatkov uporablja senzorje za zbiranje izhodnih podatkov, kot so notranje pu\u0161\u010danje in izkoristek obremenitve, ki jih nato obdela ra\u010dunalnik in pretvori v standardne enote (ml\/min%).<\/p>\n<p>Poleg tega za zagotovitev varnosti na\u0161ih hidravli\u010dnih sistemov izvajamo spremljanje stanja klju\u010dnih parametrov delovanja, vklju\u010dno s temperaturo olja, nivojem teko\u010dine in stanjem filtrirne naprave. Na\u0161e preskusno mesto za hidravli\u010dne cilindre lahko z natan\u010dnimi od\u010ditki oceni \u00bbu\u010dinkovitost obremenitve\u00ab in \u00bbnotranje pu\u0161\u010danje\u00ab. Opremljeno je tudi z merilnim instrumentom z ravnilom, ki ustreza nacionalnim standardom in zagotavlja skladnost z vsemi zahtevami glede presku\u0161anja hidravli\u010dnih cilindrov.<\/p>\n<p>&nbsp;<\/p>","protected":false},"excerpt":{"rendered":"<p>Steering Cylinder For Arm Type Aerial Work Vehicles The steering cylinder for arm type aerial work vehicles is an essential component specifically designed for aerial work vehicles, enhancing their maneuverability and control. This state-of-the-art steering mechanism allows operators to navigate confined spaces and execute aerial tasks with remarkable precision and ease. As a significant upgrade, [&hellip;]<\/p>","protected":false},"featured_media":17498,"comment_status":"open","ping_status":"closed","template":"","meta":{"_et_pb_use_builder":"","_et_pb_old_content":"","_et_gb_content_width":""},"product_brand":[],"product_cat":[1500,1550,1376],"product_tag":[],"class_list":{"0":"post-17254","1":"product","2":"type-product","3":"status-publish","4":"has-post-thumbnail","6":"product_cat-aerial-work-vehicle-hydraulic-cylinder","7":"product_cat-double-acting-hydraulic-cylinder","8":"product_cat-hydraulic-cylinder","10":"first","11":"instock","12":"shipping-taxable","13":"product-type-simple"},"amp_enabled":true,"_links":{"self":[{"href":"https:\/\/www.hydraulic-cylinders.net\/sl\/wp-json\/wp\/v2\/product\/17254","targetHints":{"allow":["GET"]}}],"collection":[{"href":"https:\/\/www.hydraulic-cylinders.net\/sl\/wp-json\/wp\/v2\/product"}],"about":[{"href":"https:\/\/www.hydraulic-cylinders.net\/sl\/wp-json\/wp\/v2\/types\/product"}],"replies":[{"embeddable":true,"href":"https:\/\/www.hydraulic-cylinders.net\/sl\/wp-json\/wp\/v2\/comments?post=17254"}],"wp:featuredmedia":[{"embeddable":true,"href":"https:\/\/www.hydraulic-cylinders.net\/sl\/wp-json\/wp\/v2\/media\/17498"}],"wp:attachment":[{"href":"https:\/\/www.hydraulic-cylinders.net\/sl\/wp-json\/wp\/v2\/media?parent=17254"}],"wp:term":[{"taxonomy":"product_brand","embeddable":true,"href":"https:\/\/www.hydraulic-cylinders.net\/sl\/wp-json\/wp\/v2\/product_brand?post=17254"},{"taxonomy":"product_cat","embeddable":true,"href":"https:\/\/www.hydraulic-cylinders.net\/sl\/wp-json\/wp\/v2\/product_cat?post=17254"},{"taxonomy":"product_tag","embeddable":true,"href":"https:\/\/www.hydraulic-cylinders.net\/sl\/wp-json\/wp\/v2\/product_tag?post=17254"}],"curies":[{"name":"delovni list","href":"https:\/\/api.w.org\/{rel}","templated":true}]}}