{"id":1728,"date":"2023-10-12T03:34:42","date_gmt":"2023-10-12T03:34:42","guid":{"rendered":"https:\/\/hydraulic-cylinders.net\/?post_type=product&#038;p=1728"},"modified":"2025-04-11T02:53:43","modified_gmt":"2025-04-11T02:53:43","slug":"cement-equipment-vertical-mill-cylinder","status":"publish","type":"product","link":"https:\/\/www.hydraulic-cylinders.net\/sl\/izdelek\/cement-equipment-vertical-mill-cylinder\/","title":{"rendered":"Vertikalni mlin za cementno opremo"},"content":{"rendered":"<h1 style=\"text-align: center;\"><strong>Vertikalni mlin za cementno opremo<\/strong><\/h1>\n<p><img loading=\"lazy\" decoding=\"async\" class=\"aligncenter wp-image-1729\" src=\"https:\/\/hydraulic-cylinders.net\/wp-content\/uploads\/2023\/10\/vertical-mill-cylinder-1-300x300.webp\" alt=\"\" width=\"400\" height=\"400\" \/><\/p>\n<p>Vertikalni mlin za cementno opremo je klju\u010dni sestavni del procesa proizvodnje cementa, zasnovan za izbolj\u0161anje u\u010dinkovitosti in produktivnosti v cementarnah. Ta valj igra klju\u010dno vlogo v vertikalnih valj\u010dnih mlinih, ki se pogosto uporabljajo za mletje surovin in klinkerja v cementni industriji.<\/p>\n<p>Vertikalni mlinski valj za cementno opremo je klju\u010dna komponenta v proizvodnji cementa, ki pove\u010duje u\u010dinkovitost in produktivnost v cementarnah. Ta valj zagotavlja zanesljivo in u\u010dinkovito delovanje s svojo robustno konstrukcijo, odpornostjo na visok tlak, natan\u010dno obdelavo in napredno tehnologijo tesnjenja. Z upo\u0161tevanjem priporo\u010denih metod uporabe in vzdr\u017eevalnih praks lahko pove\u010date zmogljivost in dolgo \u017eivljenjsko dobo vertikalnega mlinskega valja za cementno opremo, kar na koncu izbolj\u0161a produktivnost in dobi\u010dkonosnost va\u0161ih proizvodnih obratov za cement.<\/p>\n<p>Klju\u010dne zna\u010dilnosti vertikalnega mlinskega cilindra za cementno opremo:<\/p>\n<ol>\n<li>Robustna konstrukcija:<\/li>\n<\/ol>\n<ul>\n<li>Izdelano iz visokokakovostnih materialov za vzdr\u017eljivost v zahtevnih okoljih cementarne.<\/li>\n<li>Odporen je na velike obremenitve in ohranja optimalno delovanje med procesom bru\u0161enja.<\/li>\n<\/ul>\n<ol start=\"2\">\n<li>Odpornost na visok tlak:<\/li>\n<\/ol>\n<ul>\n<li>Posebej zasnovano za uporabo pri visokem tlaku, ki se obi\u010dajno pojavlja v vertikalnih valj\u010dnih mlinih.<\/li>\n<li>Obvladuje intenzivne sile, ki nastanejo med mletjem surovin in klinkerja.<\/li>\n<\/ul>\n<ol start=\"3\">\n<li>Natan\u010dna obdelava:<\/li>\n<\/ol>\n<ul>\n<li>Podvr\u017een je natan\u010dnim postopkom obdelave za natan\u010dne dimenzije in majhne tolerance.<\/li>\n<li>Omogo\u010da gladko in natan\u010dno gibanje, kar prispeva k splo\u0161ni zmogljivosti in rezultatu.<\/li>\n<\/ul>\n<ol start=\"4\">\n<li>Napredna tehnologija tesnjenja:<\/li>\n<\/ol>\n<ul>\n<li>Opremljen z napredno tehnologijo tesnjenja za prepre\u010devanje pu\u0161\u010danja hidravli\u010dne teko\u010dine.<\/li>\n<li>Zanesljivo tesnjenje zmanj\u0161a \u010das izpada, zmanj\u0161a stro\u0161ke vzdr\u017eevanja in pove\u010da u\u010dinkovitost.<\/li>\n<\/ul>\n<h2><strong>Parameter navpi\u010dnega mlinskega cilindra za cementno opremo:<\/strong><\/h2>\n<table border=\"1\" cellspacing=\"0\" cellpadding=\"0\">\n<tbody>\n<tr>\n<td>Ime izdelka<\/td>\n<td>Vertikalni mlin za cementno opremo<\/td>\n<\/tr>\n<tr>\n<td>Zna\u010dilnosti:<\/td>\n<td>Zagotovite srednji polo\u017eaj glave objemke<\/td>\n<\/tr>\n<tr>\n<td>Premer izvrtine:<\/td>\n<td>200 mm\uff5e700 mm<\/td>\n<\/tr>\n<tr>\n<td>Premer palice:<\/td>\n<td>130 mm\uff5e500 mm<br \/>\nHod: \u2264500 mm<\/td>\n<\/tr>\n<tr>\n<td>Potisna sila:<\/td>\n<td>Maks. 5387 KN<br \/>\n(Premer valja 700 mm\/tlak 14 MPa)<\/td>\n<\/tr>\n<tr>\n<td>Uporaba vertikalnega mlinskega valja za cementno opremo:<\/td>\n<td>Oprema za cement<\/td>\n<\/tr>\n<\/tbody>\n<\/table>\n<div><\/div>\n<div>\n<div class=\"txtboxL\">Zna\u010dilnosti:<\/div>\n<div class=\"txtboxR\">Zagotovite napetost\/nadzorujte re\u017eo med brusilnimi valji<\/div>\n<div class=\"txtboxL\">Specifikacija:<\/div>\n<div class=\"txtboxR\">Premer izvrtine: 260 mm\uff5e540 mm<br \/>\nPremer palice: 130 mm\uff5e265 mm<br \/>\nHod: \u22644000 mm<\/div>\n<div class=\"txtboxL\">Potisna sila:<\/div>\n<div class=\"txtboxR\">Maks. 2646 kN<br \/>\n(Premer valja 540 mm\/tlak 21 MPa)<\/div>\n<\/div>\n<h2><strong>Elektri\u010dna pe\u010d <\/strong><strong> Tovarna valjev:<\/strong><\/h2>\n<p><img loading=\"lazy\" decoding=\"async\" class=\"alignnone wp-image-1697 size-full\" src=\"https:\/\/hydraulic-cylinders.net\/wp-content\/uploads\/2023\/10\/filter-press-cylinder-1.webp\" alt=\"\" width=\"1418\" height=\"946\" srcset=\"https:\/\/hydraulic-cylinders.net\/wp-content\/uploads\/2023\/10\/filter-press-cylinder-1.webp 1418w, https:\/\/hydraulic-cylinders.net\/wp-content\/uploads\/2023\/10\/filter-press-cylinder-1-1280x854.webp 1280w, https:\/\/hydraulic-cylinders.net\/wp-content\/uploads\/2023\/10\/filter-press-cylinder-1-980x654.webp 980w, https:\/\/hydraulic-cylinders.net\/wp-content\/uploads\/2023\/10\/filter-press-cylinder-1-480x320.webp 480w\" sizes=\"(min-width: 0px) and (max-width: 480px) 480px, (min-width: 481px) and (max-width: 980px) 980px, (min-width: 981px) and (max-width: 1280px) 1280px, (min-width: 1281px) 1418px, 100vw\" \/><\/p>\n<h2><strong>Metoda uporabe vertikalnega mlinskega valja za cementno opremo<\/strong><strong>:<\/strong><\/h2>\n<ol>\n<li><strong>Namestitev:<\/strong><\/li>\n<\/ol>\n<ul>\n<li>Za varno namestitev na navpi\u010dni valj\u010dni mlin upo\u0161tevajte navodila proizvajalca.<\/li>\n<li>Za stabilno in varno delovanje zagotovite pravilno poravnavo in pritrditev.<\/li>\n<\/ul>\n<ol start=\"2\">\n<li><strong>Hidravli\u010dna povezava:<\/strong><\/li>\n<\/ol>\n<ul>\n<li>Priklju\u010dite jeklenko na hidravli\u010dni sistem z ustreznimi priklju\u010dki in cevmi.<\/li>\n<li>Preverite varne povezave brez pu\u0161\u010danja.<\/li>\n<\/ul>\n<ol start=\"3\">\n<li><strong>Kalibracija sistema:<\/strong><\/li>\n<\/ol>\n<ul>\n<li>Kalibrirajte hidravli\u010dni sistem za optimizacijo delovanja cilindra.<\/li>\n<li>Prilagodite nastavitve tlaka in pretoka v skladu s priporo\u010dili proizvajalca.<\/li>\n<\/ul>\n<ol start=\"4\">\n<li><strong>Delovanje in nadzor:<\/strong><\/li>\n<\/ol>\n<ul>\n<li>Aktivirajte hidravli\u010dni sistem, da za\u017eenete delovanje navpi\u010dnega valj\u010dnega mlina.<\/li>\n<li>Valj se ujema z mlevnimi valji in ustvarja potrebno silo za mletje in drobljenje.<\/li>\n<li>Spremljajte in prilagajajte polo\u017eaj, tlak in hitrost valja prek nadzorne plo\u0161\u010de ali vmesnika.<\/li>\n<\/ul>\n<h2><strong>Kako obnoviti hidravli\u010dne cilindre?<\/strong><\/h2>\n<p>Obnova hidravli\u010dnih cilindrov lahko pomaga obnoviti njihovo funkcionalnost in podalj\u0161ati njihovo \u017eivljenjsko dobo. Tukaj je splo\u0161en vodnik za obnovo hidravli\u010dnih cilindrov:<\/p>\n<ol>\n<li><strong>Zberite orodja in materiale:<\/strong>\n<ul>\n<li>Za\u0161\u010ditne rokavice in za\u0161\u010ditna o\u010dala<\/li>\n<li>Klju\u010di in nastavki<\/li>\n<li>Orodje za odstranjevanje tesnila ali vzvoda<\/li>\n<li>Gumijasto kladivo ali kladivo<\/li>\n<li>Komplet za popravilo cilindra (vklju\u010duje tesnila, O-tesnila in druge potrebne komponente)<\/li>\n<li>Hidravli\u010dna teko\u010dina<\/li>\n<li>\u010ciste krpe ali brisa\u010de<\/li>\n<\/ul>\n<\/li>\n<li><strong>Varnostni ukrepi:<\/strong>\n<ul>\n<li>Pred za\u010detkom postopka obnove se prepri\u010dajte, da je hidravli\u010dni sistem brez tlaka in da je valj popolnoma uvle\u010den.<\/li>\n<li>Nosite za\u0161\u010ditne rokavice in za\u0161\u010ditna o\u010dala, da se za\u0161\u010ditite pred morebitnimi nevarnostmi.<\/li>\n<\/ul>\n<\/li>\n<li><strong>Odstranite valj:<\/strong>\n<ul>\n<li>Hidravli\u010dne cevi odklopite od valja s klju\u010di ali nastavki.<\/li>\n<li>Z vzvodom ali orodjem za odstranjevanje tesnil previdno odstranite bat ali tesnilno maso iz cilindra.<\/li>\n<li>Preverite komponente cilindra glede morebitnih znakov po\u0161kodb ali obrabe.<\/li>\n<\/ul>\n<\/li>\n<li><strong>Razstavite valj:<\/strong>\n<ul>\n<li>Previdno razstavite valj tako, da odstranite pritrdilne obro\u010de ali vijake, ki dr\u017eijo razli\u010dne komponente skupaj.<\/li>\n<li>Za natan\u010dno ponovno sestavljanje upo\u0161tevajte vrstni red in razporeditev komponent.<\/li>\n<\/ul>\n<\/li>\n<li><strong>O\u010distite in pregledajte:<\/strong>\n<ul>\n<li>Vse komponente valja temeljito o\u010distite z ustreznim topilom, da odstranite umazanijo, ostanke in staro hidravli\u010dno teko\u010dino.<\/li>\n<li>Preverite komponente glede morebitnih znakov po\u0161kodb, obrabe ali jamk. Zamenjajte vse po\u0161kodovane ali obrabljene dele.<\/li>\n<\/ul>\n<\/li>\n<li><strong>Zamenjajte tesnila in O-tesnila:<\/strong>\n<ul>\n<li>Oglejte si komplet za popravilo cilindra in poi\u0161\u010dite ustrezna tesnila in O-tesnila, ki jih je treba zamenjati.<\/li>\n<li>Namestite nova tesnila in O-tesnila v skladu z navodili proizvajalca in z uporabo ustreznega maziva.<\/li>\n<\/ul>\n<\/li>\n<li><strong>Ponovno sestavite valj:<\/strong>\n<ul>\n<li>Za\u010dnite ponovno sestavljanje valja tako, da previdno namestite bat ali tesnilo nazaj v valj valja.<\/li>\n<li>Ponovno namestite pritrdilne obro\u010de ali vijake, da pritrdite komponente skupaj.<\/li>\n<li>Upo\u0161tevajte pravilen vrstni red in razporeditev komponent, kot je bilo zabele\u017eeno med razstavljanjem.<\/li>\n<\/ul>\n<\/li>\n<li><strong>Preizkus in ponovna namestitev:<\/strong>\n<ul>\n<li>Ko je valj ponovno sestavljen, ro\u010dno preizkusite njegovo gibanje, da zagotovite nemoteno delovanje.<\/li>\n<li>Ponovno priklju\u010dite hidravli\u010dne cevi in \u200b\u200bse prepri\u010dajte, da so pravilno zategnjene.<\/li>\n<li>Hidravli\u010dni sistem napolnite s priporo\u010deno hidravli\u010dno teko\u010dino.<\/li>\n<\/ul>\n<\/li>\n<li><strong>Preverite pu\u0161\u010danje in delovanje:<\/strong>\n<ul>\n<li>Za\u017eenite hidravli\u010dni sistem in skrbno opazujte valj glede morebitnih znakov pu\u0161\u010danja.<\/li>\n<li>Spremljajte delovanje cilindra in zagotovite, da deluje nemoteno in brez te\u017eav.<\/li>\n<\/ul>\n<\/li>\n<\/ol>\n<h2><strong>Zmogljivost in zmogljivost tovarne:<\/strong><\/h2>\n<h3>(1) Sestavljanje<\/h3>\n<p>Imamo prvovrstno neodvisno platformo za raziskave in razvoj. Delavnica za proizvodnjo hidravli\u010dnih cilindrov ima \u0161tiri polavtomatske monta\u017ene linije za dvi\u017ene cilindre in eno avtomatsko monta\u017eno linijo za nagibne cilindre z letno proizvodno zmogljivostjo 1 milijona kosov. Delavnica za posebne cilindre je opremljena z razli\u010dnimi specifikacijami polavtomatskega sistema za \u010di\u0161\u010denje in monta\u017eo z letno proizvodno zmogljivostjo 200.000 kosov ter znano CNC obdelovalno opremo, obdelovalnim centrom, visoko precizno posebno opremo za obdelavo cilindrov, robotskim varilnim strojem, avtomatskim \u010distilnim strojem, avtomatskim strojem za monta\u017eo cilindrov in avtomatsko proizvodno linijo za barvanje. Obstoje\u010da kriti\u010dna oprema obsega ve\u010d kot 300 kompletov (kompletov). Optimalna razporeditev in u\u010dinkovita uporaba opremnih virov zagotavljata zahteve glede natan\u010dnosti izdelkov in izpolnjujeta visoke zahteve glede kakovosti izdelkov.<\/p>\n<p><img loading=\"lazy\" decoding=\"async\" class=\"alignnone wp-image-626\" src=\"https:\/\/hydraulic-cylinders.net\/wp-content\/uploads\/2023\/08\/hydraulic-cylinder-product-1-300x158.webp\" alt=\"\" width=\"495\" height=\"260\" srcset=\"https:\/\/hydraulic-cylinders.net\/wp-content\/uploads\/2023\/08\/hydraulic-cylinder-product-1-300x158.webp 495w, https:\/\/hydraulic-cylinders.net\/wp-content\/uploads\/2023\/08\/hydraulic-cylinder-product-1-480x252.webp 480w\" sizes=\"(min-width: 0px) and (max-width: 480px) 480px, (min-width: 481px) 495px, 100vw\" \/> <img loading=\"lazy\" decoding=\"async\" class=\"alignnone wp-image-627\" src=\"https:\/\/hydraulic-cylinders.net\/wp-content\/uploads\/2023\/08\/hydraulic-cylinder-product-2-300x189.webp\" alt=\"\" width=\"413\" height=\"260\" \/><\/p>\n<h3>(2) Strojna obdelava<\/h3>\n<p>Strojna delavnica je opremljena s prilagojenim centrom za stru\u017eenje nagnjenih tirnic, obdelovalnim centrom, visokohitrostnim strojem za honanje, varilnim robotom in drugo sorodno opremo, ki lahko obdeluje cilindri\u010dne cevi z najve\u010djim notranjim premerom 400 mm in najve\u010djo dol\u017eino 6 metrov.<\/p>\n<p><img loading=\"lazy\" decoding=\"async\" class=\"alignnone wp-image-628 size-large\" src=\"https:\/\/hydraulic-cylinders.net\/wp-content\/uploads\/2023\/08\/hydraulic-cylinder-product-3-1024x391.webp\" alt=\"\" width=\"1024\" height=\"391\" srcset=\"https:\/\/hydraulic-cylinders.net\/wp-content\/uploads\/2023\/08\/hydraulic-cylinder-product-3-980x374.webp 980w, https:\/\/hydraulic-cylinders.net\/wp-content\/uploads\/2023\/08\/hydraulic-cylinder-product-3-480x183.webp 480w\" sizes=\"(min-width: 0px) and (max-width: 480px) 480px, (min-width: 481px) and (max-width: 980px) 980px, (min-width: 981px) 1024px, 100vw\" \/><\/p>\n<h3>(3) Varjenje<\/h3>\n<p><img loading=\"lazy\" decoding=\"async\" class=\"alignnone wp-image-629 size-large\" src=\"https:\/\/hydraulic-cylinders.net\/wp-content\/uploads\/2023\/08\/hydraulic-cylinder-product-4-1024x510.webp\" alt=\"\" width=\"1024\" height=\"510\" srcset=\"https:\/\/hydraulic-cylinders.net\/wp-content\/uploads\/2023\/08\/hydraulic-cylinder-product-4-980x488.webp 980w, https:\/\/hydraulic-cylinders.net\/wp-content\/uploads\/2023\/08\/hydraulic-cylinder-product-4-480x239.webp 480w\" sizes=\"(min-width: 0px) and (max-width: 480px) 480px, (min-width: 481px) and (max-width: 980px) 980px, (min-width: 981px) 1024px, 100vw\" \/><\/p>\n<h3>(4) Barvanje in premazovanje<\/h3>\n<p>Z majhnimi in srednje velikimi cilindri\u010dnimi avtomatskimi linijami za barvanje na vodni osnovi, za doseganje avtomatskega nakladanja in razkladanja robotov ter avtomatskega brizganja, je projektna zmogljivost 4000 kosov na izmeno;<br \/>\nImamo tudi polavtomatsko linijo za proizvodnjo barv za velike jeklenke, ki jo poganja veriga, s projektno zmogljivostjo 60 zabojev na izmeno.<\/p>\n<p><img loading=\"lazy\" decoding=\"async\" class=\"alignnone wp-image-630\" src=\"https:\/\/hydraulic-cylinders.net\/wp-content\/uploads\/2023\/08\/hydraulic-cylinder-product-5-300x213.webp\" alt=\"\" width=\"366\" height=\"260\" \/> <img loading=\"lazy\" decoding=\"async\" class=\"alignnone wp-image-631\" src=\"https:\/\/hydraulic-cylinders.net\/wp-content\/uploads\/2023\/08\/hydraulic-cylinder-product-6-300x225.webp\" alt=\"\" width=\"347\" height=\"260\" \/><\/p>\n<h3>(5) Testiranje<\/h3>\n<p>Imamo prvovrstne in\u0161pekcijske prostore in testne postaje, s katerimi zagotavljamo, da delovanje jeklenke izpolnjuje zahteve.<\/p>\n<p><img loading=\"lazy\" decoding=\"async\" class=\"alignnone wp-image-632\" src=\"https:\/\/hydraulic-cylinders.net\/wp-content\/uploads\/2023\/08\/hydraulic-cylinder-product-8-300x200.webp\" alt=\"\" width=\"389\" height=\"260\" \/><\/p>\n<p>&nbsp;<\/p>\n<p>&nbsp;<\/p>\n<p>Smo eden najbolj\u0161ih proizvajalcev hidravli\u010dnih cilindrov. Ponujamo vam celovite hidravli\u010dne cilindre. Zagotavljamo tudi ustrezne <a href=\"https:\/\/hzpt.com\/agricultural-pto-gearbox\/\" target=\"_blank\" rel=\"noopener\">kmetijski menjalniki<\/a>Na\u0161e izdelke smo izvozili strankam po vsem svetu in si prislu\u017eili dober ugled zaradi vrhunske kakovosti izdelkov in poprodajnih storitev. Z veseljem vas vabimo, da nas kontaktirate za poslovne dogovore, izmenjavo informacij in ... <a href=\"https:\/\/www.hydraulic-cylinders.net\/sl\/contact-us\/\">sodelujte z nami<\/a>!<\/p>","protected":false},"excerpt":{"rendered":"<p>Cement Equipment Vertical Mill Cylinder The cement equipment vertical mill cylinder is a crucial component in the cement manufacturing process, designed to improve efficiency and productivity in cement plants. This cylinder plays a vital role in vertical roller mills, which are widely used for grinding raw materials and clinker in the cement industry. The cement [&hellip;]<\/p>","protected":false},"featured_media":1730,"comment_status":"open","ping_status":"closed","template":"","meta":{"_et_pb_use_builder":"","_et_pb_old_content":"","_et_gb_content_width":""},"product_brand":[],"product_cat":[1520,1549],"product_tag":[1380],"class_list":{"0":"post-1728","1":"product","2":"type-product","3":"status-publish","4":"has-post-thumbnail","6":"product_cat-concrete-equipment-hydraulic-cylinders","7":"product_cat-single-acting-hydraulic-cylinder","8":"product_tag-hydraulic-cylinder","10":"first","11":"instock","12":"shipping-taxable","13":"product-type-simple"},"amp_enabled":true,"_links":{"self":[{"href":"https:\/\/www.hydraulic-cylinders.net\/sl\/wp-json\/wp\/v2\/product\/1728","targetHints":{"allow":["GET"]}}],"collection":[{"href":"https:\/\/www.hydraulic-cylinders.net\/sl\/wp-json\/wp\/v2\/product"}],"about":[{"href":"https:\/\/www.hydraulic-cylinders.net\/sl\/wp-json\/wp\/v2\/types\/product"}],"replies":[{"embeddable":true,"href":"https:\/\/www.hydraulic-cylinders.net\/sl\/wp-json\/wp\/v2\/comments?post=1728"}],"wp:featuredmedia":[{"embeddable":true,"href":"https:\/\/www.hydraulic-cylinders.net\/sl\/wp-json\/wp\/v2\/media\/1730"}],"wp:attachment":[{"href":"https:\/\/www.hydraulic-cylinders.net\/sl\/wp-json\/wp\/v2\/media?parent=1728"}],"wp:term":[{"taxonomy":"product_brand","embeddable":true,"href":"https:\/\/www.hydraulic-cylinders.net\/sl\/wp-json\/wp\/v2\/product_brand?post=1728"},{"taxonomy":"product_cat","embeddable":true,"href":"https:\/\/www.hydraulic-cylinders.net\/sl\/wp-json\/wp\/v2\/product_cat?post=1728"},{"taxonomy":"product_tag","embeddable":true,"href":"https:\/\/www.hydraulic-cylinders.net\/sl\/wp-json\/wp\/v2\/product_tag?post=1728"}],"curies":[{"name":"delovni list","href":"https:\/\/api.w.org\/{rel}","templated":true}]}}