{"id":1731,"date":"2023-10-12T03:54:29","date_gmt":"2023-10-12T03:54:29","guid":{"rendered":"https:\/\/hydraulic-cylinders.net\/?post_type=product&#038;p=1731"},"modified":"2025-04-11T03:44:54","modified_gmt":"2025-04-11T03:44:54","slug":"cement-equipment-roll-over-cylinder","status":"publish","type":"product","link":"https:\/\/www.hydraulic-cylinders.net\/sl\/izdelek\/cement-equipment-roll-over-cylinder\/","title":{"rendered":"Prevra\u010dalni valj za cementno opremo"},"content":{"rendered":"<h1 style=\"text-align: center;\"><strong>Prevra\u010dalni valj za cementno opremo<\/strong><\/h1>\n<p><img loading=\"lazy\" decoding=\"async\" class=\"aligncenter wp-image-1732\" src=\"https:\/\/hydraulic-cylinders.net\/wp-content\/uploads\/2023\/10\/roll-over-cylinder-1-300x300.webp\" alt=\"\" width=\"400\" height=\"400\" \/><\/p>\n<p>Prevra\u010dalni valj za cementno opremo je bistvena komponenta v cementarnah, zasnovana za pove\u010danje varnosti in u\u010dinkovitosti med razli\u010dnimi operacijami ravnanja z materiali. Ta specializirani valj igra klju\u010dno vlogo v opremi, kot so me\u0161alniki cementa in tovornjaki za beton, saj omogo\u010da nadzorovano prevra\u010danje in vrtenje bobna.<\/p>\n<p>Prevra\u010dalni valj za cementno opremo je klju\u010dnega pomena v cementarnah, saj pove\u010duje varnost in u\u010dinkovitost med ravnanjem z materiali. S svojo robustno konstrukcijo, natan\u010dnim upravljanjem, varnostnimi funkcijami in kompaktno zasnovo ta valj omogo\u010da nadzorovano prevra\u010danje in vrtenje me\u0161alnikov cementa ali tovornjakov za beton. Z upo\u0161tevanjem priporo\u010denih metod uporabe in vzdr\u017eevalnih praks lahko pove\u010date zmogljivost in dolgo \u017eivljenjsko dobo prevra\u010dalnega valja za cementno opremo, kar na koncu izbolj\u0161a varnost, produktivnost in dobi\u010dkonosnost va\u0161ih proizvodnih operacij cementa.<\/p>\n<p>Klju\u010dne zna\u010dilnosti prevra\u010dalnega cilindra za cementno opremo:<\/p>\n<ol>\n<li>Robustna konstrukcija:<\/li>\n<\/ol>\n<ul>\n<li>Prevra\u010dalni valj za cementno opremo je izdelan iz visokokakovostnih materialov za vzdr\u017eljivost in zanesljivost v zahtevnih okoljih cementarne.<\/li>\n<li>Prenese lahko velike obremenitve in obremenitve pogostega prevra\u010danja in vrtenja, ne da bi pri tem ogrozil zmogljivost.<\/li>\n<\/ul>\n<ol start=\"2\">\n<li>Natan\u010den nadzor:<\/li>\n<\/ol>\n<ul>\n<li>Ta valj je zasnovan tako, da omogo\u010da natan\u010den nadzor nad prevra\u010danjem in vrtenjem me\u0161alnikov cementa ali tovornjakov za beton.<\/li>\n<li>Omogo\u010da operaterjem ohranjanje stabilnosti in natan\u010dnosti med praznjenjem materiala, kar prispeva k u\u010dinkovitemu delovanju.<\/li>\n<\/ul>\n<ol start=\"3\">\n<li>Varnostne funkcije:<\/li>\n<\/ol>\n<ul>\n<li>Prevra\u010dalni valj za cementno opremo ima varnostne elemente, kot so integrirani mehanizmi za zaklepanje ali varnostni ventili, ki prepre\u010dujejo nenamerno prevra\u010danje ali vrtenje.<\/li>\n<li>Te funkcije zagotavljajo dodatno plast za\u0161\u010dite za upravljavce, opremo in okoli\u0161ko osebje.<\/li>\n<\/ul>\n<ol start=\"4\">\n<li>Kompaktna zasnova:<\/li>\n<\/ol>\n<ul>\n<li>Kompaktna zasnova cilindra zagotavlja brezhibno integracijo v obstoje\u010do cementno opremo, kar zmanj\u0161uje potrebo po dodatnih modifikacijah.<\/li>\n<li>Optimizira izrabo prostora in omogo\u010da u\u010dinkovito delovanje v omejenih prostorih.<\/li>\n<\/ul>\n<h2><strong>Parameter prevra\u010danja valja za cementno opremo:<\/strong><\/h2>\n<table border=\"1\" cellspacing=\"0\" cellpadding=\"0\">\n<tbody>\n<tr>\n<td>Ime izdelka<\/td>\n<td>Prevra\u010dalni valj za cementno opremo<\/td>\n<\/tr>\n<tr>\n<td>Zna\u010dilnosti:<\/td>\n<td>Dvigovanje in spu\u0161\u010danje pogonskega valja<\/td>\n<\/tr>\n<tr>\n<td>Premer izvrtine:<\/td>\n<td>180 mm\uff5e320 mm<\/td>\n<\/tr>\n<tr>\n<td>Premer palice:<\/td>\n<td>110 mm\uff5e170 mm<br \/>\nHod: \u22646000 mm<\/td>\n<\/tr>\n<tr>\n<td>Potisna sila:<\/td>\n<td>Maks. 1688 kN<br \/>\n(Premer valja 320 mm\/tlak 21 MPa)<\/td>\n<\/tr>\n<tr>\n<td>Uporaba valja za prevra\u010danje cementne opreme:<\/td>\n<td>Oprema za cement<\/td>\n<\/tr>\n<\/tbody>\n<\/table>\n<div><\/div>\n<div>\n<div class=\"txtboxL\">\n<div class=\"txtboxL\">Zna\u010dilnosti:<\/div>\n<div class=\"txtboxR\">Dvigovanje in spu\u0161\u010danje pogonskega valja<\/div>\n<div class=\"txtboxL\">Specifikacija:<\/div>\n<div class=\"txtboxR\">Premer izvrtine: 180 mm\uff5e320 mm<br \/>\nPremer palice: 110 mm\uff5e170 mm<br \/>\nHod: \u22646000 mm<\/div>\n<div class=\"txtboxL\">Potisna sila:<\/div>\n<div class=\"txtboxR\">Maks. 1688 kN<br \/>\n(Premer valja 320 mm\/tlak 21 MPa)<\/div>\n<\/div>\n<\/div>\n<h2><strong>Oprema za cement <\/strong><strong>Tovarna valjev:<\/strong><\/h2>\n<p><img loading=\"lazy\" decoding=\"async\" class=\"alignnone wp-image-1734 size-full\" src=\"https:\/\/hydraulic-cylinders.net\/wp-content\/uploads\/2023\/10\/cement-equipment-cylinder-1.webp\" alt=\"\" width=\"1418\" height=\"946\" srcset=\"https:\/\/hydraulic-cylinders.net\/wp-content\/uploads\/2023\/10\/cement-equipment-cylinder-1.webp 1418w, https:\/\/hydraulic-cylinders.net\/wp-content\/uploads\/2023\/10\/cement-equipment-cylinder-1-1280x854.webp 1280w, https:\/\/hydraulic-cylinders.net\/wp-content\/uploads\/2023\/10\/cement-equipment-cylinder-1-980x654.webp 980w, https:\/\/hydraulic-cylinders.net\/wp-content\/uploads\/2023\/10\/cement-equipment-cylinder-1-480x320.webp 480w\" sizes=\"(min-width: 0px) and (max-width: 480px) 480px, (min-width: 481px) and (max-width: 980px) 980px, (min-width: 981px) and (max-width: 1280px) 1280px, (min-width: 1281px) 1418px, 100vw\" \/><\/p>\n<h2><strong>Metoda uporabe valja za cementno opremo<\/strong><strong>:<\/strong><\/h2>\n<ol>\n<li><strong>Namestitev:<\/strong><\/li>\n<\/ol>\n<ul>\n<li>Za varno namestitev prevra\u010dalnega valja za cementno opremo na me\u0161alnik cementa ali tovornjak za beton upo\u0161tevajte navodila proizvajalca.<\/li>\n<li>Za varno in zanesljivo delovanje zagotovite pravilno poravnavo in pritrditev.<\/li>\n<\/ul>\n<ol start=\"2\">\n<li><strong>Hidravli\u010dna povezava:<\/strong><\/li>\n<\/ol>\n<ul>\n<li>Priklju\u010dite jeklenko na hidravli\u010dni sistem opreme z uporabo ustreznih priklju\u010dkov in cevi.<\/li>\n<li>Preverite, ali so vse hidravli\u010dne povezave varne in ne pu\u0161\u010dajo.<\/li>\n<\/ul>\n<ol start=\"3\">\n<li><strong>Delovanje in nadzor:<\/strong><\/li>\n<\/ol>\n<ul>\n<li>Vklopite hidravli\u010dni sistem, da aktivirate prevra\u010dalni cilinder cementne opreme.<\/li>\n<li>Za upravljanje valja uporabite nadzorno plo\u0161\u010do ali vmesnik, ki nadzoruje nagibanje in vrtenje bobna.<\/li>\n<li>Za varno in u\u010dinkovito delovanje upo\u0161tevajte navodila proizvajalca in priporo\u010dene postopke.<\/li>\n<\/ul>\n<h2><strong>Kako odstraniti hidravli\u010dno sklopko iz glavnega cilindra?<\/strong><\/h2>\n<p>Odstranjevanje hidravli\u010dne sklopke iz glavnega valja zahteva previdnost, da se izognete po\u0161kodbam komponent ali pu\u0161\u010danju. Tukaj je navodilo po korakih, kako odstraniti hidravli\u010dno sklopko iz glavnega valja:<\/p>\n<ol>\n<li><strong>Zberite potrebna orodja:<\/strong>\n<ul>\n<li>Za\u0161\u010ditne rokavice in za\u0161\u010ditna o\u010dala<\/li>\n<li>Klju\u010di ali linijski klju\u010di (ustrezne velikosti za fitinge)<\/li>\n<li>Ujemite posodo ali lonec, da zberete morebitno razlito teko\u010dino<\/li>\n<li>\u010ciste krpe ali brisa\u010de<\/li>\n<\/ul>\n<\/li>\n<li><strong>Zagotovite varnostne ukrepe:<\/strong>\n<ul>\n<li>Nadenite si za\u0161\u010ditne rokavice in za\u0161\u010ditna o\u010dala, da se za\u0161\u010ditite pred morebitnimi nevarnostmi.<\/li>\n<li>Prepri\u010dajte se, da je motor ugasnjen in da je vozilo v parkirnem ali nevtralnem polo\u017eaju z vklopljeno ro\u010dno zavoro.<\/li>\n<\/ul>\n<\/li>\n<li><strong>Poi\u0161\u010dite glavni valj:<\/strong>\n<ul>\n<li>Glavni valj hidravli\u010dne sklopke se obi\u010dajno nahaja v bli\u017eini po\u017earne stene na voznikovi strani motornega prostora.<\/li>\n<li>Poi\u0161\u010dite cev sklopke, ki je povezana z glavnim valjem. Na obeh koncih bo imela priklju\u010dke.<\/li>\n<\/ul>\n<\/li>\n<li><strong>Pripravite se na pu\u0161\u010danje teko\u010dine:<\/strong>\n<ul>\n<li>Pod glavni valj in cev sklopke postavite lovilnik ali posodo, da zberete morebitno teko\u010dino, ki bi lahko med postopkom odstranitve iztekla.<\/li>\n<li>Pri roki imejte \u010diste krpe ali brisa\u010de, s katerimi boste lahko obrisali morebitne razlitja.<\/li>\n<\/ul>\n<\/li>\n<li><strong>Zrahljajte armature:<\/strong>\n<ul>\n<li>Z ustreznim klju\u010dem ali klju\u010dem za vrv zrahljajte priklju\u010dke na obeh koncih cevi sklopke.<\/li>\n<li>Za zrahljanje zavrtite klju\u010d v nasprotni smeri urinega kazalca, vendar pazite, da ne preve\u010d zategnete ali na silo pritisnete na spoje, saj so lahko ob\u010dutljivi.<\/li>\n<\/ul>\n<\/li>\n<li><strong>Odstranite vrstico:<\/strong>\n<ul>\n<li>Ko so priklju\u010dki zrahljani, jih previdno odvijte ro\u010dno, dokler se popolnoma ne lo\u010dijo od glavnega zavornega valja.<\/li>\n<li>Bodite pripravljeni, da bo iz cevi in \u200b\u200bfitingov med odstranjevanjem kapljala preostala teko\u010dina.<\/li>\n<\/ul>\n<\/li>\n<li><strong>Preverite cev in armature:<\/strong>\n<ul>\n<li>Preverite sklopno cev in priklju\u010dke za morebitne znake po\u0161kodb, obrabe ali pu\u0161\u010danja.<\/li>\n<li>\u010ce se odkrijejo kakr\u0161ne koli te\u017eave, je priporo\u010dljivo zamenjati cev ali fitinge pred ponovno namestitvijo.<\/li>\n<\/ul>\n<\/li>\n<li><strong>Zatesnite glavni valj:<\/strong>\n<ul>\n<li>Da prepre\u010dite vdor zraka ali umazanije v glavni valj, pokrijte odprtino s \u010disto krpo ali pokrov\u010dkom.<\/li>\n<\/ul>\n<\/li>\n<li><strong>Teko\u010dino pravilno zavrzite:<\/strong>\n<ul>\n<li>Zbrano teko\u010dino zavrzite v skladu z lokalnimi predpisi ali jo odnesite v ustrezni center za recikliranje.<\/li>\n<\/ul>\n<\/li>\n<\/ol>\n<h2><strong>Zmogljivost in zmogljivost tovarne:<\/strong><\/h2>\n<h3>(1) Sestavljanje<\/h3>\n<p>Imamo prvovrstno neodvisno platformo za raziskave in razvoj. Delavnica za proizvodnjo hidravli\u010dnih cilindrov ima \u0161tiri polavtomatske monta\u017ene linije za dvi\u017ene cilindre in eno avtomatsko monta\u017eno linijo za nagibne cilindre z letno proizvodno zmogljivostjo 1 milijona kosov. Delavnica za posebne cilindre je opremljena z razli\u010dnimi specifikacijami polavtomatskega sistema za \u010di\u0161\u010denje in monta\u017eo z letno proizvodno zmogljivostjo 200.000 kosov ter znano CNC obdelovalno opremo, obdelovalnim centrom, visoko precizno posebno opremo za obdelavo cilindrov, robotskim varilnim strojem, avtomatskim \u010distilnim strojem, avtomatskim strojem za monta\u017eo cilindrov in avtomatsko proizvodno linijo za barvanje. Obstoje\u010da kriti\u010dna oprema obsega ve\u010d kot 300 kompletov (kompletov). Optimalna razporeditev in u\u010dinkovita uporaba opremnih virov zagotavljata zahteve glede natan\u010dnosti izdelkov in izpolnjujeta visoke zahteve glede kakovosti izdelkov.<\/p>\n<p><img loading=\"lazy\" decoding=\"async\" class=\"alignnone wp-image-626\" src=\"https:\/\/hydraulic-cylinders.net\/wp-content\/uploads\/2023\/08\/hydraulic-cylinder-product-1-300x158.webp\" alt=\"\" width=\"495\" height=\"260\" srcset=\"https:\/\/hydraulic-cylinders.net\/wp-content\/uploads\/2023\/08\/hydraulic-cylinder-product-1-300x158.webp 495w, https:\/\/hydraulic-cylinders.net\/wp-content\/uploads\/2023\/08\/hydraulic-cylinder-product-1-480x252.webp 480w\" sizes=\"(min-width: 0px) and (max-width: 480px) 480px, (min-width: 481px) 495px, 100vw\" \/> <img loading=\"lazy\" decoding=\"async\" class=\"alignnone wp-image-627\" src=\"https:\/\/hydraulic-cylinders.net\/wp-content\/uploads\/2023\/08\/hydraulic-cylinder-product-2-300x189.webp\" alt=\"\" width=\"413\" height=\"260\" \/><\/p>\n<h3>(2) Strojna obdelava<\/h3>\n<p>Strojna delavnica je opremljena s prilagojenim centrom za stru\u017eenje nagnjenih tirnic, obdelovalnim centrom, visokohitrostnim strojem za honanje, varilnim robotom in drugo sorodno opremo, ki lahko obdeluje cilindri\u010dne cevi z najve\u010djim notranjim premerom 400 mm in najve\u010djo dol\u017eino 6 metrov.<\/p>\n<p><img loading=\"lazy\" decoding=\"async\" class=\"alignnone wp-image-628 size-large\" src=\"https:\/\/hydraulic-cylinders.net\/wp-content\/uploads\/2023\/08\/hydraulic-cylinder-product-3-1024x391.webp\" alt=\"\" width=\"1024\" height=\"391\" srcset=\"https:\/\/hydraulic-cylinders.net\/wp-content\/uploads\/2023\/08\/hydraulic-cylinder-product-3-980x374.webp 980w, https:\/\/hydraulic-cylinders.net\/wp-content\/uploads\/2023\/08\/hydraulic-cylinder-product-3-480x183.webp 480w\" sizes=\"(min-width: 0px) and (max-width: 480px) 480px, (min-width: 481px) and (max-width: 980px) 980px, (min-width: 981px) 1024px, 100vw\" \/><\/p>\n<h3>(3) Varjenje<\/h3>\n<p><img loading=\"lazy\" decoding=\"async\" class=\"alignnone wp-image-629 size-large\" src=\"https:\/\/hydraulic-cylinders.net\/wp-content\/uploads\/2023\/08\/hydraulic-cylinder-product-4-1024x510.webp\" alt=\"\" width=\"1024\" height=\"510\" srcset=\"https:\/\/hydraulic-cylinders.net\/wp-content\/uploads\/2023\/08\/hydraulic-cylinder-product-4-980x488.webp 980w, https:\/\/hydraulic-cylinders.net\/wp-content\/uploads\/2023\/08\/hydraulic-cylinder-product-4-480x239.webp 480w\" sizes=\"(min-width: 0px) and (max-width: 480px) 480px, (min-width: 481px) and (max-width: 980px) 980px, (min-width: 981px) 1024px, 100vw\" \/><\/p>\n<h3>(4) Barvanje in premazovanje<\/h3>\n<p>Z majhnimi in srednje velikimi cilindri\u010dnimi avtomatskimi linijami za barvanje na vodni osnovi, za doseganje avtomatskega nakladanja in razkladanja robotov ter avtomatskega brizganja, je projektna zmogljivost 4000 kosov na izmeno;<br \/>\nImamo tudi polavtomatsko linijo za proizvodnjo barv za velike jeklenke, ki jo poganja veriga, s projektno zmogljivostjo 60 zabojev na izmeno.<\/p>\n<p><img loading=\"lazy\" decoding=\"async\" class=\"alignnone wp-image-630\" src=\"https:\/\/hydraulic-cylinders.net\/wp-content\/uploads\/2023\/08\/hydraulic-cylinder-product-5-300x213.webp\" alt=\"\" width=\"366\" height=\"260\" \/> <img loading=\"lazy\" decoding=\"async\" class=\"alignnone wp-image-631\" src=\"https:\/\/hydraulic-cylinders.net\/wp-content\/uploads\/2023\/08\/hydraulic-cylinder-product-6-300x225.webp\" alt=\"\" width=\"347\" height=\"260\" \/><\/p>\n<h3>(5) Testiranje<\/h3>\n<p>Imamo prvovrstne in\u0161pekcijske prostore in testne postaje, s katerimi zagotavljamo, da delovanje jeklenke izpolnjuje zahteve.<\/p>\n<p><img loading=\"lazy\" decoding=\"async\" class=\"alignnone wp-image-632\" src=\"https:\/\/hydraulic-cylinders.net\/wp-content\/uploads\/2023\/08\/hydraulic-cylinder-product-8-300x200.webp\" alt=\"\" width=\"389\" height=\"260\" \/><\/p>\n<p>&nbsp;<\/p>\n<p>&nbsp;<\/p>\n<p>Smo eden najbolj\u0161ih proizvajalcev hidravli\u010dnih cilindrov. Ponujamo vam celovite hidravli\u010dne cilindre. Zagotavljamo tudi ustrezne <a href=\"https:\/\/hzpt.com\/agricultural-pto-gearbox\/\" target=\"_blank\" rel=\"noopener\">kmetijski menjalniki<\/a>Na\u0161e izdelke smo izvozili strankam po vsem svetu in si prislu\u017eili dober ugled zaradi vrhunske kakovosti izdelkov in poprodajnih storitev. Z veseljem vas vabimo, da nas kontaktirate za poslovne dogovore, izmenjavo informacij in ... <a href=\"https:\/\/www.hydraulic-cylinders.net\/sl\/contact-us\/\">sodelujte z nami<\/a>!<\/p>","protected":false},"excerpt":{"rendered":"<p>Cement Equipment Roll Over Cylinder The cement equipment roll over cylinder is an essential component in cement plants, designed to enhance safety and efficiency during various material handling operations. This specialized cylinder plays a critical role in equipment such as cement mixers and concrete trucks, allowing for controlled tipping and rotation of the drum. The [&hellip;]<\/p>","protected":false},"featured_media":1733,"comment_status":"open","ping_status":"closed","template":"","meta":{"_et_pb_use_builder":"","_et_pb_old_content":"","_et_gb_content_width":""},"product_brand":[],"product_cat":[1520,1550],"product_tag":[1380],"class_list":{"0":"post-1731","1":"product","2":"type-product","3":"status-publish","4":"has-post-thumbnail","6":"product_cat-concrete-equipment-hydraulic-cylinders","7":"product_cat-double-acting-hydraulic-cylinder","8":"product_tag-hydraulic-cylinder","10":"first","11":"instock","12":"shipping-taxable","13":"product-type-simple"},"amp_enabled":true,"_links":{"self":[{"href":"https:\/\/www.hydraulic-cylinders.net\/sl\/wp-json\/wp\/v2\/product\/1731","targetHints":{"allow":["GET"]}}],"collection":[{"href":"https:\/\/www.hydraulic-cylinders.net\/sl\/wp-json\/wp\/v2\/product"}],"about":[{"href":"https:\/\/www.hydraulic-cylinders.net\/sl\/wp-json\/wp\/v2\/types\/product"}],"replies":[{"embeddable":true,"href":"https:\/\/www.hydraulic-cylinders.net\/sl\/wp-json\/wp\/v2\/comments?post=1731"}],"wp:featuredmedia":[{"embeddable":true,"href":"https:\/\/www.hydraulic-cylinders.net\/sl\/wp-json\/wp\/v2\/media\/1733"}],"wp:attachment":[{"href":"https:\/\/www.hydraulic-cylinders.net\/sl\/wp-json\/wp\/v2\/media?parent=1731"}],"wp:term":[{"taxonomy":"product_brand","embeddable":true,"href":"https:\/\/www.hydraulic-cylinders.net\/sl\/wp-json\/wp\/v2\/product_brand?post=1731"},{"taxonomy":"product_cat","embeddable":true,"href":"https:\/\/www.hydraulic-cylinders.net\/sl\/wp-json\/wp\/v2\/product_cat?post=1731"},{"taxonomy":"product_tag","embeddable":true,"href":"https:\/\/www.hydraulic-cylinders.net\/sl\/wp-json\/wp\/v2\/product_tag?post=1731"}],"curies":[{"name":"delovni list","href":"https:\/\/api.w.org\/{rel}","templated":true}]}}