{"id":17316,"date":"2025-03-06T08:26:04","date_gmt":"2025-03-06T08:26:04","guid":{"rendered":"https:\/\/www.hydraulic-cylinders.net\/?post_type=product&#038;p=17316"},"modified":"2025-04-11T05:27:11","modified_gmt":"2025-04-11T05:27:11","slug":"hsg-series-hydraulic-cylinders-for-harvesting-machinery","status":"publish","type":"product","link":"https:\/\/www.hydraulic-cylinders.net\/sl\/izdelek\/hsg-series-hydraulic-cylinders-for-harvesting-machinery\/","title":{"rendered":"Hidravli\u010dni cilindri serije HSG za stroje za \u017eetev"},"content":{"rendered":"<h1 style=\"text-align: center;\"><strong>Hidravli\u010dni cilindri serije HSG za stroje za \u017eetev<br \/>\n<\/strong><\/h1>\n<h1 style=\"text-align: center;\"><strong><img loading=\"lazy\" decoding=\"async\" class=\"alignnone wp-image-17302\" src=\"https:\/\/www.hydraulic-cylinders.net\/wp-content\/uploads\/2025\/03\/Zg-And-Hsg-Series-Hydraulic-Cylinders-For-Harvesting-Machinery-2.webp\" alt=\"\" width=\"500\" height=\"500\" \/><\/strong><\/h1>\n<h1 style=\"text-align: center;\"><strong>\u00a0<\/strong><\/h1>\n<p>Hidravli\u010dni cilindri serije HSG so zasnovani posebej za stroje za \u017eetev in zagotavljajo mo\u010d in natan\u010dnost, ki sta potrebni za sodobna kmetijska dela. Ti cilindri izbolj\u0161ujejo u\u010dinkovitost razli\u010dnih opravil \u017eetve, od dvigovanja in spu\u0161\u010danja opreme do natan\u010dnega manevriranja strojev. Serija HSG je zasnovana tako, da prenese zahtevne kmetijske okolja, zato zagotavlja zanesljivo delovanje in vzdr\u017eljivost, zaradi \u010desar je nepogre\u0161ljiv sestavni del vsakega dela \u017eetve.<br \/>\nHidravli\u010dni cilindri serije HSG za stroje za \u017eetev zagotavljajo zmogljivo in zanesljivo re\u0161itev za sodobne kmetijske potrebe. Z visoko nosilnostjo, trpe\u017eno konstrukcijo in napredno tehnologijo tesnjenja ti cilindri izbolj\u0161ujejo delovanje strojev za \u017eetev. Z upo\u0161tevanjem priporo\u010denih praks uporabe in vzdr\u017eevanja lahko upravljavci zagotovijo, da njihova mehanizacija deluje optimalno, kar prispeva k uspe\u0161ni \u017eetvi in \u200b\u200bizbolj\u0161ani produktivnosti na polju. Nalo\u017eba v hidravli\u010dne cilindre serije HSG pomeni izbiro u\u010dinkovitosti, vzdr\u017eljivosti in natan\u010dnosti za va\u0161e kmetijske operacije.<\/p>\n<h2><strong>Hidravli\u010dni cilindri serije HSG za gradbeno mehanizacijo <\/strong><strong>Parametri:<\/strong><\/h2>\n<h1 style=\"text-align: center;\"><strong><img loading=\"lazy\" decoding=\"async\" class=\"alignnone size-full wp-image-17300\" src=\"https:\/\/www.hydraulic-cylinders.net\/wp-content\/uploads\/2025\/03\/Zg-And-Hsg-Series-Hydraulic-Cylinders-For-Harvesting-Machinery-parameter.webp\" alt=\"\" width=\"2265\" height=\"607\" srcset=\"https:\/\/www.hydraulic-cylinders.net\/wp-content\/uploads\/2025\/03\/Zg-And-Hsg-Series-Hydraulic-Cylinders-For-Harvesting-Machinery-parameter.webp 2265w, https:\/\/www.hydraulic-cylinders.net\/wp-content\/uploads\/2025\/03\/Zg-And-Hsg-Series-Hydraulic-Cylinders-For-Harvesting-Machinery-parameter-1280x343.webp 1280w, https:\/\/www.hydraulic-cylinders.net\/wp-content\/uploads\/2025\/03\/Zg-And-Hsg-Series-Hydraulic-Cylinders-For-Harvesting-Machinery-parameter-980x263.webp 980w, https:\/\/www.hydraulic-cylinders.net\/wp-content\/uploads\/2025\/03\/Zg-And-Hsg-Series-Hydraulic-Cylinders-For-Harvesting-Machinery-parameter-480x129.webp 480w\" sizes=\"(min-width: 0px) and (max-width: 480px) 480px, (min-width: 481px) and (max-width: 980px) 980px, (min-width: 981px) and (max-width: 1280px) 1280px, (min-width: 1281px) 2265px, 100vw\" \/><\/strong><\/h1>\n<h2><strong>Hidravli\u010dni cilindri serije HSG za gradbeno mehanizacijo <\/strong><strong> Klju\u010dne lastnosti:<\/strong><\/h2>\n<h4><strong>Izjemno ravnanje s tovorom<\/strong><\/h4>\n<p>Hidravli\u010dni cilindri serije HSG so odli\u010dni pri obvladovanju te\u017ekih bremen, kar omogo\u010da strojom za \u017eetev enostavno dvigovanje in manevriranje z obse\u017enimi komponentami. Ta zmogljiva zmogljivost pove\u010duje operativno u\u010dinkovitost in omogo\u010da upravljavcem hitro opravljanje nalog, kar pove\u010duje produktivnost med prometnimi sezonami \u017eetve.<\/p>\n<h4><strong>Robustna in odporna zasnova<\/strong><\/h4>\n<p>Ti hidravli\u010dni cilindri, izdelani iz visokokakovostnih materialov, so zasnovani tako, da prenesejo zahtevne pogoje kmetijskega okolja. Njihova trpe\u017ena zasnova zmanj\u0161uje obrabo, kar zagotavlja dolgotrajno delovanje in zmanj\u0161uje prekinitve vzdr\u017eevanja. Ta zanesljivost zagotavlja nemoteno delovanje, kar kmetom omogo\u010da, da se osredoto\u010dijo na svoje delo brez nepotrebnih izpadov.<\/p>\n<h4><strong>Vrhunsko precizno in\u017eenirstvo<\/strong><\/h4>\n<p>Vsak valj v seriji HSG je podvr\u017een natan\u010dnim proizvodnim procesom, ki zagotavljajo natan\u010dne dimenzije. Ta pozornost do detajlov optimizira hidravli\u010dno delovanje, kar vodi do bolj gladkega delovanja in izbolj\u0161anega nadzora med \u017eetvijo. Upravljavci imajo koristi od izbolj\u0161ane odzivnosti, zaradi \u010desar so zapleteni manevri bolj obvladljivi in \u200b\u200bu\u010dinkoviti.<\/p>\n<h4><strong>\u0160iroka zdru\u017eljivost<\/strong><\/h4>\n<p>Cilindri serije HSG so zasnovani za brezhibno integracijo s \u0161iroko paleto modelov strojev za \u017eetev. Zaradi te vsestranskosti se upravljavci lahko enostavno prilagodijo razli\u010dnim kmetijskim aplikacijam brez potrebe po obse\u017enih modifikacijah. Tak\u0161na zdru\u017eljivost poenostavlja nadgradnje in zagotavlja, da oprema ostane prilagodljiva in u\u010dinkovita pri razli\u010dnih nalogah.<\/p>\n<h4><strong>Inovativno prepre\u010devanje pu\u0161\u010danja<\/strong><\/h4>\n<p>Z napredno tehnologijo tesnjenja ti hidravli\u010dni cilindri znatno zmanj\u0161ajo tveganje pu\u0161\u010danja hidravli\u010dne teko\u010dine. Ta inovacija ne le pove\u010da u\u010dinkovitost, temve\u010d tudi zmanj\u0161a stro\u0161ke vzdr\u017eevanja, kar omogo\u010da upravljavcem, da se osredoto\u010dijo na svoja opravila pri \u017eetvi. Z zagotavljanjem zanesljivega hidravli\u010dnega sistema ti cilindri izbolj\u0161ajo splo\u0161no operativno u\u010dinkovitost.<\/p>\n<p>Hidravli\u010dni cilindri serije HSG izstopajo po izjemnem prena\u0161anju bremen, robustni zasnovi, vrhunski natan\u010dnosti, \u0161iroki zdru\u017eljivosti in inovativnem prepre\u010devanju pu\u0161\u010danja. Zaradi teh lastnosti so klju\u010dnega pomena za vsako \u017eetev, saj zagotavljajo u\u010dinkovitost in zanesljivost na polju. Z izbiro cilindrov serije HSG upravljavci investirajo v re\u0161itev, ki pove\u010duje produktivnost in podpira uspe\u0161ne kmetijske rezultate.<\/p>\n<h2><strong>Hidravli\u010dni cilindri serije HSG za gradbeno mehanizacijo <\/strong><strong> Uporaba:<\/strong><\/h2>\n<h1 style=\"text-align: center;\"><strong><img loading=\"lazy\" decoding=\"async\" class=\"alignnone size-full wp-image-17301\" src=\"https:\/\/www.hydraulic-cylinders.net\/wp-content\/uploads\/2025\/03\/Zg-And-Hsg-Series-Hydraulic-Cylinders-For-Harvesting-Machinery-1.webp\" alt=\"\" width=\"2481\" height=\"685\" srcset=\"https:\/\/www.hydraulic-cylinders.net\/wp-content\/uploads\/2025\/03\/Zg-And-Hsg-Series-Hydraulic-Cylinders-For-Harvesting-Machinery-1.webp 2481w, https:\/\/www.hydraulic-cylinders.net\/wp-content\/uploads\/2025\/03\/Zg-And-Hsg-Series-Hydraulic-Cylinders-For-Harvesting-Machinery-1-1280x353.webp 1280w, https:\/\/www.hydraulic-cylinders.net\/wp-content\/uploads\/2025\/03\/Zg-And-Hsg-Series-Hydraulic-Cylinders-For-Harvesting-Machinery-1-980x271.webp 980w, https:\/\/www.hydraulic-cylinders.net\/wp-content\/uploads\/2025\/03\/Zg-And-Hsg-Series-Hydraulic-Cylinders-For-Harvesting-Machinery-1-480x133.webp 480w\" sizes=\"(min-width: 0px) and (max-width: 480px) 480px, (min-width: 481px) and (max-width: 980px) 980px, (min-width: 981px) and (max-width: 1280px) 1280px, (min-width: 1281px) 2481px, 100vw\" \/><\/strong><\/h1>\n<h2><strong>Hidravli\u010dni cilindri serije HSG za gradbeno mehanizacijo <\/strong><strong> Na\u010din uporabe:<\/strong><\/h2>\n<p>Uporaba hidravli\u010dnih cilindrov serije HSG je preprost postopek, ki znatno izbolj\u0161a delovanje strojev za \u017eetev. Za pove\u010danje njihove u\u010dinkovitosti in zanesljivo delovanje sledite tem korakom:<\/p>\n<h4><strong>Namestitev<\/strong><\/h4>\n<p>Za\u010dnite z varno monta\u017eo hidravli\u010dnih cilindrov na stroje za \u017eetev z uporabo standardnih fitingov. Vzemite si \u010das in se prepri\u010dajte, da so vsi priklju\u010dki tesni, saj lahko \u017ee manj\u0161a pu\u0161\u010danja povzro\u010dijo znatne te\u017eave z delovanjem. Dobro izvedena namestitev ne zagotavlja le varnosti, temve\u010d tudi postavlja temelje za optimalno hidravli\u010dno delovanje. Dvojni pregled dela pred nadaljevanjem vam lahko prihrani morebitne glavobole v prihodnosti.<\/p>\n<h4><strong>Priklju\u010ditev hidravli\u010dnih vodov<\/strong><\/h4>\n<p>Nato pritrdite hidravli\u010dne cevi na cilindre in pri tem natan\u010dno upo\u0161tevajte pravilno smer pretoka, kot je navedeno v priro\u010dniku za opremo. Pravilne povezave so bistvene za doseganje najve\u010dje hidravli\u010dne zmogljivosti; napa\u010dne nastavitve lahko ovirajo gibanje teko\u010dine in celo po\u0161kodujejo sistem. Za nemoten pretok teko\u010dine se prepri\u010dajte, da cevi niso prepognjene ali prepognjene. Ta pozornost do detajlov zagotavlja u\u010dinkovito delovanje hidravli\u010dnega sistema, kar omogo\u010da odzivno in zmogljivo delovanje strojev.<\/p>\n<h4><strong>Operacija<\/strong><\/h4>\n<p>Ko sta namestitev in povezave kon\u010dani, lahko upravljavci prevzamejo popoln nadzor nad gibanjem strojev za \u017eetev. Hidravli\u010dni sistem uporabnikom omogo\u010da dvigovanje, spu\u0161\u010danje in manevriranje opreme z izjemno natan\u010dnostjo. Ta raven nadzora poenostavlja \u0161tevilna opravila, pa naj gre za prilagajanje vi\u0161ine rezalnih priklju\u010dkov ali navigacijo skozi tesne prostore na polju. S serijo HSG lahko upravljavci samozavestno izvajajo zapletene manevre, kar vodi do ve\u010dje u\u010dinkovitosti in produktivnosti med prometnimi sezonami \u017eetve.<\/p>\n<h4><strong>Spremljanje uspe\u0161nosti<\/strong><\/h4>\n<p>Redno spremljanje hidravli\u010dnega sistema je klju\u010dnega pomena za ohranjanje optimalne zmogljivosti. Redno preverjanje nivoja hidravli\u010dne teko\u010dine in merilnikov tlaka naj bo rutina. \u010ce ostanete znotraj priporo\u010denih parametrov proizvajalca, lahko prepoznate morebitne te\u017eave, preden te povzro\u010dijo draga popravila. Ta proaktivni pristop ne le zagotavlja optimalno delovanje strojev, temve\u010d tudi podalj\u0161uje \u017eivljenjsko dobo hidravli\u010dnih komponent. Z natan\u010dnim spremljanjem delovanja sistema lahko upravljavci vzdr\u017eujejo zanesljiv in u\u010dinkovit postopek \u017eetve.<\/p>\n<p>Z upo\u0161tevanjem teh preprostih korakov za namestitev, priklju\u010ditev hidravli\u010dnih cevi, upravljanje in spremljanje delovanja lahko upravljavci sprostijo polni potencial hidravli\u010dnih cilindrov serije HSG v svojih strojih za \u017eetev. Ta pristop ne le pove\u010da produktivnost, temve\u010d zagotavlja tudi zanesljivo delovanje, kar vodi do uspe\u0161nih kmetijskih rezultatov. Sprejetje teh praks pomeni vlaganje v bolj gladko in u\u010dinkovitej\u0161o \u017eetev.<\/p>\n<h2><strong>Preskusna oprema:<\/strong><\/h2>\n<p><strong><img loading=\"lazy\" decoding=\"async\" class=\"alignnone size-full wp-image-17293\" src=\"https:\/\/www.hydraulic-cylinders.net\/wp-content\/uploads\/2025\/03\/test-equipment.webp-2.webp\" alt=\"\" width=\"1932\" height=\"1741\" srcset=\"https:\/\/www.hydraulic-cylinders.net\/wp-content\/uploads\/2025\/03\/test-equipment.webp-2.webp 1932w, https:\/\/www.hydraulic-cylinders.net\/wp-content\/uploads\/2025\/03\/test-equipment.webp-2-1280x1153.webp 1280w, https:\/\/www.hydraulic-cylinders.net\/wp-content\/uploads\/2025\/03\/test-equipment.webp-2-980x883.webp 980w, https:\/\/www.hydraulic-cylinders.net\/wp-content\/uploads\/2025\/03\/test-equipment.webp-2-480x433.webp 480w\" sizes=\"(min-width: 0px) and (max-width: 480px) 480px, (min-width: 481px) and (max-width: 980px) 980px, (min-width: 981px) and (max-width: 1280px) 1280px, (min-width: 1281px) 1932px, 100vw\" \/><\/strong><\/p>\n<ul>\n<li>1: Preskusna komora s solno meglico<\/li>\n<li>2: Kemijska analiza<\/li>\n<li>3: Stroj za natezno testiranje<\/li>\n<li>4: Rockwellov tester trdote<\/li>\n<li>5: Stroj za testiranje \u010disto\u010de<\/li>\n<li>6: TH110 Tester trdote z odbojem<\/li>\n<li>7: Merilnik debeline premaza<\/li>\n<li>8: Preskus udarca z nihalom<\/li>\n<\/ul>\n<p><img loading=\"lazy\" decoding=\"async\" class=\"alignnone size-full wp-image-17292\" src=\"https:\/\/www.hydraulic-cylinders.net\/wp-content\/uploads\/2025\/03\/test-equipment.webp-1.webp\" alt=\"\" width=\"1600\" height=\"1216\" srcset=\"https:\/\/www.hydraulic-cylinders.net\/wp-content\/uploads\/2025\/03\/test-equipment.webp-1.webp 1600w, https:\/\/www.hydraulic-cylinders.net\/wp-content\/uploads\/2025\/03\/test-equipment.webp-1-1280x973.webp 1280w, https:\/\/www.hydraulic-cylinders.net\/wp-content\/uploads\/2025\/03\/test-equipment.webp-1-980x745.webp 980w, https:\/\/www.hydraulic-cylinders.net\/wp-content\/uploads\/2025\/03\/test-equipment.webp-1-480x365.webp 480w\" sizes=\"(min-width: 0px) and (max-width: 480px) 480px, (min-width: 481px) and (max-width: 980px) 980px, (min-width: 981px) and (max-width: 1280px) 1280px, (min-width: 1281px) 1600px, 100vw\" \/><\/p>\n<p>Na\u0161e podjetje meni, da je kakovost temelj na\u0161ega uspeha. Da bi to zavezo izpolnili, smo investirali v najsodobnej\u0161o doma\u010do testno in laboratorijsko opremo, ki jo podpira ekipa visoko usposobljenih strokovnjakov na podro\u010dju znanosti in tehnologije.<\/p>\n<p>Vzdr\u017eujemo strog sistem vodenja kakovosti, ki je skladen z industrijskimi standardi in zagotavlja, da vsaka serija izdelkov, ki jih proizvedemo, izpolnjuje najvi\u0161ja merila kakovosti. S standardizacijo na\u0161ega delovanja in nenehnim spremljanjem na\u0161ih procesov zagotavljamo, da na\u0161e stranke prejmejo le najbolj\u0161e.<\/p>\n<p>Ta neomajna predanost kakovosti ne le pove\u010duje zanesljivost na\u0161ih izdelkov, temve\u010d tudi gradi zaupanje in zadovoljstvo na\u0161ih strank. Verjamemo, da s tem, ko dajemo prednost odli\u010dnosti v vseh vidikih na\u0161e proizvodnje, prispevamo k uspehu na\u0161ih partnerjev in panoge kot celote. Skupaj si prizadevamo za inovacije in kakovost, ki trajata skozi \u010das.<\/p>\n<h2><strong>Proizvodna lokacija hidravli\u010dnih cilindrov:<\/strong><\/h2>\n<p>Na\u0161e podjetje je vodilni proizvajalec hidravli\u010dnih cilindrov, ki ga podpirajo lastne neodvisne raziskovalne, razvojne in oblikovalske zmogljivosti. Z najsodobnej\u0161im obratom, v katerem je ve\u010d kot 170 splo\u0161nih obdelovalnih strojev, CNC strojev, obdelovalnih centrov, varilne opreme in specializiranih orodij za testiranje in pregledovanje, smo dobro opremljeni za izpolnjevanje razli\u010dnih industrijskih zahtev.<\/p>\n<p>Z leti nakopi\u010denega tehnolo\u0161kega znanja in izpopolnjevanja procesov smo vzpostavili zrel proizvodni proces, ki brezhibno zdru\u017euje raziskave in razvoj s proizvodnjo. Ta integracija je postala na\u0161a klju\u010dna konkuren\u010dna prednost, ki nam omogo\u010da na\u010drtovanje in proizvodnjo \u0161iroke palete hidravli\u010dnih cilindrov, prilagojenih specifi\u010dnim zahtevam strank.<\/p>\n<p>Na\u0161i izdelki se pogosto uporabljajo v razli\u010dnih sektorjih, vklju\u010dno s kmetijsko mehanizacijo, gradbeno opremo, vozili, cestnim in\u017eeniringom in specializirano mehanizacijo. Ponosno podpiramo \u0161tevilne proizvajalce originalne opreme (OEM), med drugim Bonong Xingda, Bojin Hummer, Jilin Ruifeng, Debang Dawei, Shandong Yineng Heavy Industry, Tai'an Modern Heavy Industry in Shifeng Group.<\/p>\n<p><img loading=\"lazy\" decoding=\"async\" class=\"alignnone size-full wp-image-17290\" src=\"https:\/\/www.hydraulic-cylinders.net\/wp-content\/uploads\/2025\/03\/production-site-1.webp\" alt=\"\" width=\"1971\" height=\"2253\" srcset=\"https:\/\/www.hydraulic-cylinders.net\/wp-content\/uploads\/2025\/03\/production-site-1.webp 1971w, https:\/\/www.hydraulic-cylinders.net\/wp-content\/uploads\/2025\/03\/production-site-1-1280x1463.webp 1280w, https:\/\/www.hydraulic-cylinders.net\/wp-content\/uploads\/2025\/03\/production-site-1-980x1120.webp 980w, https:\/\/www.hydraulic-cylinders.net\/wp-content\/uploads\/2025\/03\/production-site-1-480x549.webp 480w\" sizes=\"(min-width: 0px) and (max-width: 480px) 480px, (min-width: 481px) and (max-width: 980px) 980px, (min-width: 981px) and (max-width: 1280px) 1280px, (min-width: 1281px) 1971px, 100vw\" \/><\/p>\n<p>Zavezani smo k zagotavljanju izjemnih storitev z mo\u010dno politiko kakovosti, ki daje prednost nenehnim inovacijam na podro\u010dju raziskav in razvoja, upravljanja, nadzora kakovosti in storitev za stranke. Na\u0161a zavezanost kakovosti je bila priznana s certifikatom ISO\/TS16949, ki zagotavlja, da ne le izpolnjujemo, ampak tudi dosledno presegamo pri\u010dakovanja na\u0161ih strank.<\/p>\n<p>V prihodnje bomo \u0161e naprej izbolj\u0161evali na\u0161o tehnologijo in \u0161irili na\u0161e zmogljivosti, pri \u010demer si bomo vedno prizadevali za zagotavljanje najkakovostnej\u0161ih izdelkov in storitev na\u0161im strankam. Skupaj ustvarjamo zapu\u0161\u010dino odli\u010dnosti v industriji hidravli\u010dnih cilindrov.<\/p>\n<p><strong>\u00a0<\/strong><\/p>","protected":false},"excerpt":{"rendered":"<p>HSG Series Hydraulic Cylinders For Harvesting Machinery \u00a0 The HSG Series Hydraulic Cylinders are engineered specifically for harvesting machinery, providing the power and precision necessary for modern agricultural operations. These cylinders enhance the efficiency of various harvesting tasks, from lifting and lowering equipment to precise maneuvering of machinery. Designed to withstand the rigors of agricultural [&hellip;]<\/p>","protected":false},"featured_media":17312,"comment_status":"open","ping_status":"closed","template":"","meta":{"_et_pb_use_builder":"","_et_pb_old_content":"","_et_gb_content_width":""},"product_brand":[],"product_cat":[1550,1528,1376],"product_tag":[],"class_list":{"0":"post-17316","1":"product","2":"type-product","3":"status-publish","4":"has-post-thumbnail","6":"product_cat-double-acting-hydraulic-cylinder","7":"product_cat-harvesting-machinery-hydraulic-cylinders","8":"product_cat-hydraulic-cylinder","10":"first","11":"instock","12":"shipping-taxable","13":"product-type-simple"},"amp_enabled":true,"_links":{"self":[{"href":"https:\/\/www.hydraulic-cylinders.net\/sl\/wp-json\/wp\/v2\/product\/17316","targetHints":{"allow":["GET"]}}],"collection":[{"href":"https:\/\/www.hydraulic-cylinders.net\/sl\/wp-json\/wp\/v2\/product"}],"about":[{"href":"https:\/\/www.hydraulic-cylinders.net\/sl\/wp-json\/wp\/v2\/types\/product"}],"replies":[{"embeddable":true,"href":"https:\/\/www.hydraulic-cylinders.net\/sl\/wp-json\/wp\/v2\/comments?post=17316"}],"wp:featuredmedia":[{"embeddable":true,"href":"https:\/\/www.hydraulic-cylinders.net\/sl\/wp-json\/wp\/v2\/media\/17312"}],"wp:attachment":[{"href":"https:\/\/www.hydraulic-cylinders.net\/sl\/wp-json\/wp\/v2\/media?parent=17316"}],"wp:term":[{"taxonomy":"product_brand","embeddable":true,"href":"https:\/\/www.hydraulic-cylinders.net\/sl\/wp-json\/wp\/v2\/product_brand?post=17316"},{"taxonomy":"product_cat","embeddable":true,"href":"https:\/\/www.hydraulic-cylinders.net\/sl\/wp-json\/wp\/v2\/product_cat?post=17316"},{"taxonomy":"product_tag","embeddable":true,"href":"https:\/\/www.hydraulic-cylinders.net\/sl\/wp-json\/wp\/v2\/product_tag?post=17316"}],"curies":[{"name":"delovni list","href":"https:\/\/api.w.org\/{rel}","templated":true}]}}