{"id":17332,"date":"2025-03-07T07:58:20","date_gmt":"2025-03-07T07:58:20","guid":{"rendered":"https:\/\/www.hydraulic-cylinders.net\/?post_type=product&#038;p=17332"},"modified":"2025-04-11T05:31:12","modified_gmt":"2025-04-11T05:31:12","slug":"bi-directional-scriber-cylinder-for-no-tillage-machines","status":"publish","type":"product","link":"https:\/\/www.hydraulic-cylinders.net\/sl\/izdelek\/bi-directional-scriber-cylinder-for-no-tillage-machines\/","title":{"rendered":"Dvosmerni valj za rezanje za stroje brez obdelave tal"},"content":{"rendered":"<h1 style=\"text-align: center;\"><strong>Dvosmerni valj za rezanje za stroje brez obdelave tal<br \/>\n<img loading=\"lazy\" decoding=\"async\" class=\"alignnone wp-image-17269\" src=\"https:\/\/www.hydraulic-cylinders.net\/wp-content\/uploads\/2025\/03\/bi-directional-scriber-cylinder-1.webp\" alt=\"\" width=\"500\" height=\"499\" srcset=\"https:\/\/www.hydraulic-cylinders.net\/wp-content\/uploads\/2025\/03\/bi-directional-scriber-cylinder-1.webp 500w, https:\/\/www.hydraulic-cylinders.net\/wp-content\/uploads\/2025\/03\/bi-directional-scriber-cylinder-1-480x479.webp 480w\" sizes=\"(min-width: 0px) and (max-width: 480px) 480px, (min-width: 481px) 500px, 100vw\" \/><br \/>\n<\/strong><\/h1>\n<p>Dvosmerni valj za setev je klju\u010dna komponenta strojev za brezobrtno obdelavo tal, saj znatno izbolj\u0161a njihovo u\u010dinkovitost pri pripravi tal in setvi. Ta inovativni valj omogo\u010da natan\u010dno in vsestransko upravljanje tal, kar kmetom omogo\u010da ustvarjanje optimalnih pogojev za setev, hkrati pa ohranja strukturo tal. Z uporabo napredne hidravli\u010dne tehnologije dvosmerni valj za setev izbolj\u0161a operativno u\u010dinkovitost in pove\u010da pridelek.<\/p>\n<p>Kot bistveno orodje za sodobne prakse brez oranja dvosmerni valj za rezanje izbolj\u0161a natan\u010dnost in u\u010dinkovitost pri upravljanju tal. Njegova robustna konstrukcija, dvosmerna funkcionalnost in enostavna namestitev omogo\u010dajo kmetom, da vzdr\u017eujejo idealne pogoje sajenja z minimalnim motenjem tal. Z upo\u0161tevanjem pravilnih smernic za uporabo in vzdr\u017eevanje lahko uporabniki zagotovijo zanesljivo delovanje, kar ima za posledico vi\u0161ji pridelek in uspe\u0161ne kmetijske rezultate. Nalo\u017eba v dvosmerni valj za rezanje je pametna odlo\u010ditev za vsako kmetijsko podjetje, ki \u017eeli pove\u010dati produktivnost in spodbujati trajnostne prakse.<\/p>\n<h2><strong>Dvosmerni valj \u010drtala za stroje brez obdelave tal Parameter:<\/strong><\/h2>\n<h1 style=\"text-align: center;\"><strong><img loading=\"lazy\" decoding=\"async\" class=\"alignnone size-full wp-image-17283\" src=\"https:\/\/www.hydraulic-cylinders.net\/wp-content\/uploads\/2025\/03\/hydraulic-cylinders-for-no-tillage-machines-parameter-1.webp\" alt=\"\" width=\"2237\" height=\"1271\" srcset=\"https:\/\/www.hydraulic-cylinders.net\/wp-content\/uploads\/2025\/03\/hydraulic-cylinders-for-no-tillage-machines-parameter-1.webp 2237w, https:\/\/www.hydraulic-cylinders.net\/wp-content\/uploads\/2025\/03\/hydraulic-cylinders-for-no-tillage-machines-parameter-1-1280x727.webp 1280w, https:\/\/www.hydraulic-cylinders.net\/wp-content\/uploads\/2025\/03\/hydraulic-cylinders-for-no-tillage-machines-parameter-1-980x557.webp 980w, https:\/\/www.hydraulic-cylinders.net\/wp-content\/uploads\/2025\/03\/hydraulic-cylinders-for-no-tillage-machines-parameter-1-480x273.webp 480w\" sizes=\"(min-width: 0px) and (max-width: 480px) 480px, (min-width: 481px) and (max-width: 980px) 980px, (min-width: 981px) and (max-width: 1280px) 1280px, (min-width: 1281px) 2237px, 100vw\" \/><\/strong><\/h1>\n<h2><strong>Dvosmerni valj \u010drtalnika za stroje brez obdelave tal Uporaba:<\/strong><\/h2>\n<p><img loading=\"lazy\" decoding=\"async\" class=\"alignnone size-full wp-image-17282\" src=\"https:\/\/www.hydraulic-cylinders.net\/wp-content\/uploads\/2025\/03\/hydraulic-cylinders-for-no-tillage-machines-application-1.webp\" alt=\"\" width=\"2273\" height=\"976\" srcset=\"https:\/\/www.hydraulic-cylinders.net\/wp-content\/uploads\/2025\/03\/hydraulic-cylinders-for-no-tillage-machines-application-1.webp 2273w, https:\/\/www.hydraulic-cylinders.net\/wp-content\/uploads\/2025\/03\/hydraulic-cylinders-for-no-tillage-machines-application-1-1280x550.webp 1280w, https:\/\/www.hydraulic-cylinders.net\/wp-content\/uploads\/2025\/03\/hydraulic-cylinders-for-no-tillage-machines-application-1-980x421.webp 980w, https:\/\/www.hydraulic-cylinders.net\/wp-content\/uploads\/2025\/03\/hydraulic-cylinders-for-no-tillage-machines-application-1-480x206.webp 480w\" sizes=\"(min-width: 0px) and (max-width: 480px) 480px, (min-width: 481px) and (max-width: 980px) 980px, (min-width: 981px) and (max-width: 1280px) 1280px, (min-width: 1281px) 2273px, 100vw\" \/><\/p>\n<h2><strong>Klju\u010dne lastnosti dvosmernega valja za rezanje za stroje brez obdelave tal:<\/strong><\/h2>\n<h4><strong>Vsestransko delovanje v dve smeri<\/strong><\/h4>\n<p>Dvosmerni valj za risanje je zasnovan za u\u010dinkovito gibanje v obe smeri, kar upravljavcem omogo\u010da enostavno prilagajanje razli\u010dnim terenskim razmeram. Ne glede na to, ali se premikajo po pobo\u010djih, neravnem terenu ali tesnih prostorih, ta dvosmerna zmogljivost izbolj\u0161a okretnost in splo\u0161no u\u010dinkovitost. Posledi\u010dno lahko kmetje pokrijejo ve\u010djo povr\u0161ino v kraj\u0161em \u010dasu in ohranijo visoko raven produktivnosti tudi v zahtevnih kmetijskih okoljih.<\/p>\n<h4><strong>Izjemna natan\u010dnost<\/strong><\/h4>\n<p>Dvosmerni valj za setev, opremljen z naprednim hidravli\u010dnim sistemom, zagotavlja izjemno natan\u010dnost pri nadzoru globine in kota. Ta natan\u010dnost je klju\u010dnega pomena za u\u010dinkovito odlaganje semen, saj zagotavlja, da so semena posejana na optimalni globini za kalitev. Poleg tega natan\u010dne nastavitve izbolj\u0161ajo prezra\u010devanje tal, kar je bistveno za zdrav razvoj korenin. Ta pozornost do detajlov izbolj\u0161a splo\u0161no kakovost setvenega procesa, kar vodi do bolj\u0161ih rezultatov pridelkov in ve\u010djega pridelka.<\/p>\n<h4><strong>Trpe\u017ena konstrukcija<\/strong><\/h4>\n<p>Dvosmerni valj za rezanje, izdelan iz visokokakovostnih materialov, je zasnovan tako, da prenese zahteve te\u017ekih kmetijskih razmer. Njegova robustna zasnova je odporna na obrabo in zagotavlja zanesljivo delovanje skozi celotno kmetijsko sezono. Ta vzdr\u017eljivost zmanj\u0161uje potrebo po pogostih zamenjavah, kar kmetom prihrani \u010das in denar. S poudarkom na dolgi \u017eivljenjski dobi valj omogo\u010da pridelovalcem, da se osredoto\u010dijo na svoje pridelke, ne da bi se bali okvar opreme.<\/p>\n<h4><strong>Uporabniku prijazna namestitev<\/strong><\/h4>\n<p>Dvosmerni valj za rezanje je zasnovan z mislijo na udobje in ima preprost postopek namestitve. Kmetje ga lahko enostavno integrirajo v svoje obstoje\u010de stroje za obdelavo brez oranja brez obse\u017enih sprememb. Zaradi enostavne namestitve se zmanj\u0161a \u010das izpada, kar kmetom omogo\u010da hitro nadaljevanje dela. Z manj \u010dasa, porabljenega za nastavitev, se lahko pridelovalci osredoto\u010dijo na maksimiranje produktivnosti in izpolnjevanje svojih kmetijskih na\u010drtov.<\/p>\n<h4><strong>Minimalna motnja tal<\/strong><\/h4>\n<p>Zasnova dvosmernega valja za rezanje znatno zmanj\u0161a motnje v tleh med delovanjem. Z ohranjanjem strukture tal in ravni vlage ta funkcija spodbuja bolj\u0161i razvoj korenin in splo\u0161no zdravje pridelka. Poleg tega zmanj\u0161ane motnje v tleh pomagajo ohranjati koristne mikroorganizme, kar prispeva k bolj\u0161i rodovitnosti tal. Ta skrben pristop k upravljanju tal podpira trajnostne kmetijske prakse in zagotavlja dolgoro\u010dno sposobnost pre\u017eivetja zemlji\u0161\u010da.<\/p>\n<p>Skratka, dvosmerni valj za \u010drtalo blesti s svojim vsestranskim dvosmernim delovanjem, izjemno natan\u010dnostjo, trpe\u017eno konstrukcijo, uporabniku prijazno namestitvijo in minimalnim motenjem tal. Vsaka od teh lastnosti izbolj\u0161a kmetijsko izku\u0161njo, zaradi \u010desar je nepogre\u0161ljivo orodje za sodobne kmetijske prakse.<\/p>\n<h2><strong>Dvosmerni valj \u010drtala za stroje brez obdelave tal. Primeren model:<\/strong><\/h2>\n<h1 style=\"text-align: center;\"><strong><img loading=\"lazy\" decoding=\"async\" class=\"alignnone size-full wp-image-17284\" src=\"https:\/\/www.hydraulic-cylinders.net\/wp-content\/uploads\/2025\/03\/hydraulic-cylinders-for-no-tillage-machines-2.webp\" alt=\"\" width=\"2312\" height=\"600\" srcset=\"https:\/\/www.hydraulic-cylinders.net\/wp-content\/uploads\/2025\/03\/hydraulic-cylinders-for-no-tillage-machines-2.webp 2312w, https:\/\/www.hydraulic-cylinders.net\/wp-content\/uploads\/2025\/03\/hydraulic-cylinders-for-no-tillage-machines-2-1280x332.webp 1280w, https:\/\/www.hydraulic-cylinders.net\/wp-content\/uploads\/2025\/03\/hydraulic-cylinders-for-no-tillage-machines-2-980x254.webp 980w, https:\/\/www.hydraulic-cylinders.net\/wp-content\/uploads\/2025\/03\/hydraulic-cylinders-for-no-tillage-machines-2-480x125.webp 480w\" sizes=\"(min-width: 0px) and (max-width: 480px) 480px, (min-width: 481px) and (max-width: 980px) 980px, (min-width: 981px) and (max-width: 1280px) 1280px, (min-width: 1281px) 2312px, 100vw\" \/><\/strong><\/h1>\n<h2><strong>Kako dvosmerno delovanje dvosmernega valja \u010drtala izbolj\u0161a kmetijsko u\u010dinkovitost?<\/strong><\/h2>\n<p>Dvosmerno delovanje dvosmernega valja za rezanje znatno izbolj\u0161a kmetijsko u\u010dinkovitost zaradi ve\u010d klju\u010dnih prednosti:<\/p>\n<h4><strong>Izbolj\u0161ana okretnost<\/strong>:<\/h4>\n<p>Zmo\u017enost premikanja naprej in nazaj omogo\u010da upravljavcem enostavno navigacijo po raznolikih terenih. Ta prilagodljivost je \u0161e posebej koristna na poljih s pobo\u010dji, neravnimi povr\u0161inami ali ozkimi prostori, kjer se tradicionalna enosmerna oprema lahko spopada s te\u017eavami. Z zmanj\u0161anjem potrebe po nenehnem preme\u0161\u010danju lahko kmetje ohranijo enakomeren potek dela in zagotovijo, da je vsak centimeter polja u\u010dinkovito upravljan.<\/p>\n<h4><strong>Prihranek \u010dasa<\/strong>:<\/h4>\n<p>Z mo\u017enostjo dvosmernega vrtenja lahko kmetje v kraj\u0161em \u010dasu obdelajo ve\u010djo povr\u0161ino. Ta funkcija skraj\u0161a \u010das, porabljen za obra\u010danje in prilagajanje, kar omogo\u010da neprekinjeno delovanje. Posledi\u010dno se skupno trajanje priprave tal in sajenja znatno skraj\u0161a, kar kmetom omogo\u010da, da u\u010dinkoviteje opravijo svoje delo in si \u010das namenijo drugim bistvenim kmetijskim dejavnostim.<\/p>\n<h4><strong>Izbolj\u0161ana produktivnost<\/strong>:<\/h4>\n<p>Brezhiben prehod med smermi omogo\u010da bolj teko\u010de delovne procese in zmanj\u0161uje prekinitve. Ta u\u010dinkovitost je klju\u010dnega pomena v \u010dasu najve\u010dje setve, ko \u0161teje vsak trenutek. Z maksimiranjem u\u010dinkovitosti vsakega prehoda skozi polje lahko kmetje dose\u017eejo vi\u0161jo raven proizvodnje, s \u010dimer zagotovijo spo\u0161tovanje rokov setve in optimizacijo pridelka.<\/p>\n<h4><strong>Izbolj\u0161ano upravljanje tal<\/strong>:<\/h4>\n<p>Zasnova dvosmernega valja za rezanje zmanj\u0161uje motnje tal med delovanjem, kar je klju\u010dnega pomena za ohranjanje zdravja tal. Z ohranjanjem strukture tal in ravni vlage ta funkcija spodbuja bolj\u0161i razvoj korenin in splo\u0161no vitalnost pridelka. Poleg tega manj\u0161e motnje tal pomagajo ohranjati koristne mikroorganizme v tleh, kar prispeva k ve\u010dji rodovitnosti in trajnostnim kmetijskim praksam.<\/p>\n<p>Skratka, dvosmerno delovanje dvosmernega valja za rezanje ne le poenostavi kmetijske procese, temve\u010d tudi podpira bolj\u0161e upravljanje tal, kar vodi do izbolj\u0161ane produktivnosti in dolgoro\u010dne trajnosti kmetijskih praks.<\/p>\n<h2><strong>Preskusna oprema:<\/strong><\/h2>\n<p><strong><img loading=\"lazy\" decoding=\"async\" class=\"alignnone size-full wp-image-17293\" src=\"https:\/\/www.hydraulic-cylinders.net\/wp-content\/uploads\/2025\/03\/test-equipment.webp-2.webp\" alt=\"\" width=\"1932\" height=\"1741\" srcset=\"https:\/\/www.hydraulic-cylinders.net\/wp-content\/uploads\/2025\/03\/test-equipment.webp-2.webp 1932w, https:\/\/www.hydraulic-cylinders.net\/wp-content\/uploads\/2025\/03\/test-equipment.webp-2-1280x1153.webp 1280w, https:\/\/www.hydraulic-cylinders.net\/wp-content\/uploads\/2025\/03\/test-equipment.webp-2-980x883.webp 980w, https:\/\/www.hydraulic-cylinders.net\/wp-content\/uploads\/2025\/03\/test-equipment.webp-2-480x433.webp 480w\" sizes=\"(min-width: 0px) and (max-width: 480px) 480px, (min-width: 481px) and (max-width: 980px) 980px, (min-width: 981px) and (max-width: 1280px) 1280px, (min-width: 1281px) 1932px, 100vw\" \/><\/strong><\/p>\n<ul>\n<li>1: Preskusna komora s solno meglico<\/li>\n<li>2: Kemijska analiza<\/li>\n<li>3: Stroj za natezno testiranje<\/li>\n<li>4: Rockwellov tester trdote<\/li>\n<li>5: Stroj za testiranje \u010disto\u010de<\/li>\n<li>6: TH110 Tester trdote z odbojem<\/li>\n<li>7: Merilnik debeline premaza<\/li>\n<li>8: Preskus udarca z nihalom<\/li>\n<\/ul>\n<p><img loading=\"lazy\" decoding=\"async\" class=\"alignnone size-full wp-image-17292\" src=\"https:\/\/www.hydraulic-cylinders.net\/wp-content\/uploads\/2025\/03\/test-equipment.webp-1.webp\" alt=\"\" width=\"1600\" height=\"1216\" srcset=\"https:\/\/www.hydraulic-cylinders.net\/wp-content\/uploads\/2025\/03\/test-equipment.webp-1.webp 1600w, https:\/\/www.hydraulic-cylinders.net\/wp-content\/uploads\/2025\/03\/test-equipment.webp-1-1280x973.webp 1280w, https:\/\/www.hydraulic-cylinders.net\/wp-content\/uploads\/2025\/03\/test-equipment.webp-1-980x745.webp 980w, https:\/\/www.hydraulic-cylinders.net\/wp-content\/uploads\/2025\/03\/test-equipment.webp-1-480x365.webp 480w\" sizes=\"(min-width: 0px) and (max-width: 480px) 480px, (min-width: 481px) and (max-width: 980px) 980px, (min-width: 981px) and (max-width: 1280px) 1280px, (min-width: 1281px) 1600px, 100vw\" \/><\/p>\n<p>Na\u0161e podjetje meni, da je kakovost temelj na\u0161ega uspeha. Da bi to zavezo izpolnili, smo investirali v najsodobnej\u0161o doma\u010do testno in laboratorijsko opremo, ki jo podpira ekipa visoko usposobljenih strokovnjakov na podro\u010dju znanosti in tehnologije.<\/p>\n<p>Vzdr\u017eujemo strog sistem vodenja kakovosti, ki je skladen z industrijskimi standardi in zagotavlja, da vsaka serija izdelkov, ki jih proizvedemo, izpolnjuje najvi\u0161ja merila kakovosti. S standardizacijo na\u0161ega delovanja in nenehnim spremljanjem na\u0161ih procesov zagotavljamo, da na\u0161e stranke prejmejo le najbolj\u0161e.<\/p>\n<p>Ta neomajna predanost kakovosti ne le pove\u010duje zanesljivost na\u0161ih izdelkov, temve\u010d tudi gradi zaupanje in zadovoljstvo na\u0161ih strank. Verjamemo, da s tem, ko dajemo prednost odli\u010dnosti v vseh vidikih na\u0161e proizvodnje, prispevamo k uspehu na\u0161ih partnerjev in panoge kot celote. Skupaj si prizadevamo za inovacije in kakovost, ki trajata skozi \u010das.<\/p>\n<h2><strong>Proizvodna lokacija hidravli\u010dnih cilindrov:<\/strong><\/h2>\n<p>Na\u0161e podjetje je vodilni proizvajalec hidravli\u010dnih cilindrov, ki ga podpirajo lastne neodvisne raziskovalne, razvojne in oblikovalske zmogljivosti. Z najsodobnej\u0161im obratom, v katerem je ve\u010d kot 170 splo\u0161nih obdelovalnih strojev, CNC strojev, obdelovalnih centrov, varilne opreme in specializiranih orodij za testiranje in pregledovanje, smo dobro opremljeni za izpolnjevanje razli\u010dnih industrijskih zahtev.<\/p>\n<p>Z leti nakopi\u010denega tehnolo\u0161kega znanja in izpopolnjevanja procesov smo vzpostavili zrel proizvodni proces, ki brezhibno zdru\u017euje raziskave in razvoj s proizvodnjo. Ta integracija je postala na\u0161a klju\u010dna konkuren\u010dna prednost, ki nam omogo\u010da na\u010drtovanje in proizvodnjo \u0161iroke palete hidravli\u010dnih cilindrov, prilagojenih specifi\u010dnim zahtevam strank.<\/p>\n<p>Na\u0161i izdelki se pogosto uporabljajo v razli\u010dnih sektorjih, vklju\u010dno s kmetijsko mehanizacijo, gradbeno opremo, vozili, cestnim in\u017eeniringom in specializirano mehanizacijo. Ponosno podpiramo \u0161tevilne proizvajalce originalne opreme (OEM), med drugim Bonong Xingda, Bojin Hummer, Jilin Ruifeng, Debang Dawei, Shandong Yineng Heavy Industry, Tai'an Modern Heavy Industry in Shifeng Group.<\/p>\n<p><img loading=\"lazy\" decoding=\"async\" class=\"alignnone size-full wp-image-17290\" src=\"https:\/\/www.hydraulic-cylinders.net\/wp-content\/uploads\/2025\/03\/production-site-1.webp\" alt=\"\" width=\"1971\" height=\"2253\" srcset=\"https:\/\/www.hydraulic-cylinders.net\/wp-content\/uploads\/2025\/03\/production-site-1.webp 1971w, https:\/\/www.hydraulic-cylinders.net\/wp-content\/uploads\/2025\/03\/production-site-1-1280x1463.webp 1280w, https:\/\/www.hydraulic-cylinders.net\/wp-content\/uploads\/2025\/03\/production-site-1-980x1120.webp 980w, https:\/\/www.hydraulic-cylinders.net\/wp-content\/uploads\/2025\/03\/production-site-1-480x549.webp 480w\" sizes=\"(min-width: 0px) and (max-width: 480px) 480px, (min-width: 481px) and (max-width: 980px) 980px, (min-width: 981px) and (max-width: 1280px) 1280px, (min-width: 1281px) 1971px, 100vw\" \/><\/p>\n<p>Zavezani smo k zagotavljanju izjemnih storitev z mo\u010dno politiko kakovosti, ki daje prednost nenehnim inovacijam na podro\u010dju raziskav in razvoja, upravljanja, nadzora kakovosti in storitev za stranke. Na\u0161a zavezanost kakovosti je bila priznana s certifikatom ISO\/TS16949, ki zagotavlja, da ne le izpolnjujemo, ampak tudi dosledno presegamo pri\u010dakovanja na\u0161ih strank.<\/p>\n<p>V prihodnje bomo \u0161e naprej izbolj\u0161evali na\u0161o tehnologijo in \u0161irili na\u0161e zmogljivosti, pri \u010demer si bomo vedno prizadevali za zagotavljanje najkakovostnej\u0161ih izdelkov in storitev na\u0161im strankam. Skupaj ustvarjamo zapu\u0161\u010dino odli\u010dnosti v industriji hidravli\u010dnih cilindrov.<\/p>\n<p><strong>\u00a0<\/strong><\/p>","protected":false},"excerpt":{"rendered":"<p>BI-Directional Scriber Cylinder For No Tillage Machines The BI-Directional Scriber Cylinder is a crucial component for no-tillage machines, significantly enhancing their effectiveness in soil preparation and planting. This innovative cylinder allows for precise and versatile soil management, enabling farmers to create optimal planting conditions while preserving the soil structure. By leveraging advanced hydraulic technology, the [&hellip;]<\/p>","protected":false},"featured_media":17303,"comment_status":"open","ping_status":"closed","template":"","meta":{"_et_pb_use_builder":"","_et_pb_old_content":"","_et_gb_content_width":""},"product_brand":[],"product_cat":[1550,1530,1376],"product_tag":[],"class_list":{"0":"post-17332","1":"product","2":"type-product","3":"status-publish","4":"has-post-thumbnail","6":"product_cat-double-acting-hydraulic-cylinder","7":"product_cat-no-tillage-machinery-hydraulic-cylinders","8":"product_cat-hydraulic-cylinder","10":"first","11":"instock","12":"shipping-taxable","13":"product-type-simple"},"amp_enabled":true,"_links":{"self":[{"href":"https:\/\/www.hydraulic-cylinders.net\/sl\/wp-json\/wp\/v2\/product\/17332","targetHints":{"allow":["GET"]}}],"collection":[{"href":"https:\/\/www.hydraulic-cylinders.net\/sl\/wp-json\/wp\/v2\/product"}],"about":[{"href":"https:\/\/www.hydraulic-cylinders.net\/sl\/wp-json\/wp\/v2\/types\/product"}],"replies":[{"embeddable":true,"href":"https:\/\/www.hydraulic-cylinders.net\/sl\/wp-json\/wp\/v2\/comments?post=17332"}],"wp:featuredmedia":[{"embeddable":true,"href":"https:\/\/www.hydraulic-cylinders.net\/sl\/wp-json\/wp\/v2\/media\/17303"}],"wp:attachment":[{"href":"https:\/\/www.hydraulic-cylinders.net\/sl\/wp-json\/wp\/v2\/media?parent=17332"}],"wp:term":[{"taxonomy":"product_brand","embeddable":true,"href":"https:\/\/www.hydraulic-cylinders.net\/sl\/wp-json\/wp\/v2\/product_brand?post=17332"},{"taxonomy":"product_cat","embeddable":true,"href":"https:\/\/www.hydraulic-cylinders.net\/sl\/wp-json\/wp\/v2\/product_cat?post=17332"},{"taxonomy":"product_tag","embeddable":true,"href":"https:\/\/www.hydraulic-cylinders.net\/sl\/wp-json\/wp\/v2\/product_tag?post=17332"}],"curies":[{"name":"delovni list","href":"https:\/\/api.w.org\/{rel}","templated":true}]}}