{"id":17333,"date":"2025-03-07T07:52:56","date_gmt":"2025-03-07T07:52:56","guid":{"rendered":"https:\/\/www.hydraulic-cylinders.net\/?post_type=product&#038;p=17333"},"modified":"2025-04-11T03:04:59","modified_gmt":"2025-04-11T03:04:59","slug":"main-and-auxiliary-lifting-spring-cylinders-for-no-tillage-machines","status":"publish","type":"product","link":"https:\/\/www.hydraulic-cylinders.net\/sl\/izdelek\/main-and-auxiliary-lifting-spring-cylinders-for-no-tillage-machines\/","title":{"rendered":"Glavni in pomo\u017eni vzmetni cilindri za dvigovanje za stroje brez obdelave tal"},"content":{"rendered":"<h1 style=\"text-align: center;\"><strong>Glavni in pomo\u017eni vzmetni cilindri za dvigovanje za stroje brez obdelave tal<br \/>\n<img loading=\"lazy\" decoding=\"async\" class=\"alignnone wp-image-17289\" src=\"https:\/\/www.hydraulic-cylinders.net\/wp-content\/uploads\/2025\/03\/main-and-auxiliary-lifting-spring-cylinder-1-1.webp\" alt=\"\" width=\"500\" height=\"500\" srcset=\"https:\/\/www.hydraulic-cylinders.net\/wp-content\/uploads\/2025\/03\/main-and-auxiliary-lifting-spring-cylinder-1-1.webp 500w, https:\/\/www.hydraulic-cylinders.net\/wp-content\/uploads\/2025\/03\/main-and-auxiliary-lifting-spring-cylinder-1-1-480x480.webp 480w\" sizes=\"(min-width: 0px) and (max-width: 480px) 480px, (min-width: 481px) 500px, 100vw\" \/><br \/>\n<\/strong><\/h1>\n<p>Glavni in pomo\u017eni dvi\u017eni vzmetni cilindri so bistveni sestavni deli strojev za brezobrtno obdelavo tal, spretno zasnovani za izbolj\u0161anje funkcionalnosti in u\u010dinkovitosti. Ti hidravli\u010dni cilindri omogo\u010dajo natan\u010dno dvigovanje in spu\u0161\u010danje opreme, kar zagotavlja nemoteno delovanje med klju\u010dnimi kmetijskimi opravili. S svojo robustno konstrukcijo in naprednim in\u017eeniringom so klju\u010dni v sodobnem kmetijstvu, saj prispevajo k bolj\u0161emu upravljanju tal in ve\u010djemu pridelku.<\/p>\n<p>Ti dvi\u017eni vzmetni cilindri so sestavni del u\u010dinkovitega delovanja strojev za brezobrtno obdelavo zemlje. Njihova impresivna nosilnost, trpe\u017ena zasnova in nemoteno delovanje znatno pove\u010dajo kmetijsko u\u010dinkovitost. Ko kmetje upo\u0161tevajo pravilne prakse uporabe in vzdr\u017eevanja, se lahko zanesejo na zanesljivo delovanje teh cilindrov, kar vodi do ve\u010dje produktivnosti in uspe\u0161nih kmetijskih rezultatov. Nalo\u017eba v visokokakovostne dvi\u017ene vzmetne cilindre je pametna izbira za vsako napredno kmetijsko podjetje.<\/p>\n<h2><strong>Glavni in pomo\u017eni vzmetni cilindri za dvigovanje za stroje brez obdelave tal Parameter strojev:<\/strong><\/h2>\n<h1 style=\"text-align: center;\"><strong><img loading=\"lazy\" decoding=\"async\" class=\"alignnone size-full wp-image-17283\" src=\"https:\/\/www.hydraulic-cylinders.net\/wp-content\/uploads\/2025\/03\/hydraulic-cylinders-for-no-tillage-machines-parameter-1.webp\" alt=\"\" width=\"2237\" height=\"1271\" srcset=\"https:\/\/www.hydraulic-cylinders.net\/wp-content\/uploads\/2025\/03\/hydraulic-cylinders-for-no-tillage-machines-parameter-1.webp 2237w, https:\/\/www.hydraulic-cylinders.net\/wp-content\/uploads\/2025\/03\/hydraulic-cylinders-for-no-tillage-machines-parameter-1-1280x727.webp 1280w, https:\/\/www.hydraulic-cylinders.net\/wp-content\/uploads\/2025\/03\/hydraulic-cylinders-for-no-tillage-machines-parameter-1-980x557.webp 980w, https:\/\/www.hydraulic-cylinders.net\/wp-content\/uploads\/2025\/03\/hydraulic-cylinders-for-no-tillage-machines-parameter-1-480x273.webp 480w\" sizes=\"(min-width: 0px) and (max-width: 480px) 480px, (min-width: 481px) and (max-width: 980px) 980px, (min-width: 981px) and (max-width: 1280px) 1280px, (min-width: 1281px) 2237px, 100vw\" \/><\/strong><\/h1>\n<h2><strong>Glavni in pomo\u017eni vzmetni cilindri za dvigovanje za stroje brez obdelave tal Uporaba:<\/strong><\/h2>\n<p><img loading=\"lazy\" decoding=\"async\" class=\"alignnone size-full wp-image-17282\" src=\"https:\/\/www.hydraulic-cylinders.net\/wp-content\/uploads\/2025\/03\/hydraulic-cylinders-for-no-tillage-machines-application-1.webp\" alt=\"\" width=\"2273\" height=\"976\" srcset=\"https:\/\/www.hydraulic-cylinders.net\/wp-content\/uploads\/2025\/03\/hydraulic-cylinders-for-no-tillage-machines-application-1.webp 2273w, https:\/\/www.hydraulic-cylinders.net\/wp-content\/uploads\/2025\/03\/hydraulic-cylinders-for-no-tillage-machines-application-1-1280x550.webp 1280w, https:\/\/www.hydraulic-cylinders.net\/wp-content\/uploads\/2025\/03\/hydraulic-cylinders-for-no-tillage-machines-application-1-980x421.webp 980w, https:\/\/www.hydraulic-cylinders.net\/wp-content\/uploads\/2025\/03\/hydraulic-cylinders-for-no-tillage-machines-application-1-480x206.webp 480w\" sizes=\"(min-width: 0px) and (max-width: 480px) 480px, (min-width: 481px) and (max-width: 980px) 980px, (min-width: 981px) and (max-width: 1280px) 1280px, (min-width: 1281px) 2273px, 100vw\" \/><\/p>\n<h2><strong>Klju\u010dne zna\u010dilnosti glavnih in pomo\u017enih dvi\u017enih vzmetnih cilindrov za stroje brez obdelave tal:<\/strong><\/h2>\n<h4><strong>Izjemna nosilnost<\/strong><\/h4>\n<p>Ti vzmetni cilindri za dvigovanje so zasnovani tako, da prenesejo znatne te\u017ee in zagotavljajo potrebno silo za dvigovanje te\u017eke kmetijske opreme brez napora. Ta impresivna nosilnost omogo\u010da kmetom, da se z zaupanjem lotijo \u200b\u200bzahtevnih nalog, kar pove\u010duje u\u010dinkovitost in omogo\u010da upravljanje ve\u010djih polj in kompleksnej\u0161ih operacij.<\/p>\n<h4><strong>Robustna vsestranskost<\/strong><\/h4>\n<p>Ti cilindri, zasnovani za zdru\u017eljivost s \u0161iroko paleto strojev za brezoljno obdelavo, ponujajo izjemno vsestranskost za razli\u010dne kmetijske aplikacije. Njihova sposobnost brezhibne integracije z obstoje\u010do opremo pomeni, da lahko kmetje nadgradijo svojo mehanizacijo brez te\u017eav z obse\u017enimi modifikacijami. Ta prilagodljivost spodbuja prilagojene re\u0161itve, ki ustrezajo specifi\u010dnim operativnim potrebam in na koncu pove\u010dajo splo\u0161no produktivnost.<\/p>\n<h4><strong>Gladko in u\u010dinkovito delovanje<\/strong><\/h4>\n<p>Napredna hidravli\u010dna zasnova teh cilindrov zmanj\u0161uje trenje, kar omogo\u010da gladko in nadzorovano dvigovanje in spu\u0161\u010danje. Ta funkcija ne le pove\u010da operativno u\u010dinkovitost, temve\u010d kmetom omogo\u010da tudi ve\u010djo natan\u010dnost pri opravljanju nalog. Brezhibno delovanje prispeva k izbolj\u0161anemu delovnemu procesu, bolj\u0161emu upravljanju tal in optimalni namestitvi pridelka.<\/p>\n<h4><strong>Trpe\u017ena konstrukcija<\/strong><\/h4>\n<p>Ti vzmetni cilindri za dvigovanje, izdelani iz visokokakovostnih materialov, so zasnovani tako, da prenesejo izzive zahtevnih kmetijskih okolij. Njihova robustna konstrukcija je odporna proti obrabi, kar zagotavlja dolgotrajno delovanje tudi v zahtevnih pogojih. Zaradi te vzdr\u017eljivosti se zmanj\u0161a pogostost zamenjav, kar kmetom omogo\u010da, da se osredoto\u010dijo na svoje delo in ne na vzdr\u017eevanje opreme.<\/p>\n<h4><strong>Enostavna namestitev<\/strong><\/h4>\n<p>Ti vzmetni cilindri za dvigovanje, zasnovani z mislijo na uporabnika, omogo\u010dajo enostavno namestitev in skraj\u0161ajo \u010das izpada med nastavitvijo. Kmetje lahko te cilindre hitro in u\u010dinkovito integrirajo v svoje delovanje ter se brez zastojev vrnejo k delu. Ta enostavnost namestitve pomaga optimizirati produktivnost \u017ee od samega za\u010detka.<\/p>\n<p>Z izbiro teh visokozmogljivih dvi\u017enih vzmetnih valjev lahko kmetje znatno izbolj\u0161ajo svoje stroje za brezoljno obdelavo, kar zagotavlja zanesljivo delovanje in izbolj\u0161ano kmetijsko u\u010dinkovitost. Vlaganje v kakovostne komponente vodi do produktivnej\u0161e in uspe\u0161nej\u0161e kmetijske izku\u0161nje ter utira pot svetlej\u0161i kmetijski prihodnosti.<\/p>\n<h2><strong>Glavni in pomo\u017eni vzmetni cilindri za dvigovanje za stroje brez obdelave tal. Primeren model:<\/strong><\/h2>\n<h1 style=\"text-align: center;\"><strong><img loading=\"lazy\" decoding=\"async\" class=\"alignnone size-full wp-image-17284\" src=\"https:\/\/www.hydraulic-cylinders.net\/wp-content\/uploads\/2025\/03\/hydraulic-cylinders-for-no-tillage-machines-2.webp\" alt=\"\" width=\"2312\" height=\"600\" srcset=\"https:\/\/www.hydraulic-cylinders.net\/wp-content\/uploads\/2025\/03\/hydraulic-cylinders-for-no-tillage-machines-2.webp 2312w, https:\/\/www.hydraulic-cylinders.net\/wp-content\/uploads\/2025\/03\/hydraulic-cylinders-for-no-tillage-machines-2-1280x332.webp 1280w, https:\/\/www.hydraulic-cylinders.net\/wp-content\/uploads\/2025\/03\/hydraulic-cylinders-for-no-tillage-machines-2-980x254.webp 980w, https:\/\/www.hydraulic-cylinders.net\/wp-content\/uploads\/2025\/03\/hydraulic-cylinders-for-no-tillage-machines-2-480x125.webp 480w\" sizes=\"(min-width: 0px) and (max-width: 480px) 480px, (min-width: 481px) and (max-width: 980px) 980px, (min-width: 981px) and (max-width: 1280px) 1280px, (min-width: 1281px) 2312px, 100vw\" \/><\/strong><\/h1>\n<h2><strong>Glavni in pomo\u017eni vzmetni cilindri za dvigovanje za stroje brez obdelave tal. Na\u010din uporabe:<\/strong><\/h2>\n<p><img loading=\"lazy\" decoding=\"async\" class=\"aligncenter wp-image-1044961\" src=\"https:\/\/images.hzpt.com\/2025\/03\/main-and-auxiliary-lifting-spring-cylinder-installation-1.webp\" alt=\"\" width=\"500\" height=\"575\" \/><\/p>\n<p>Za \u010dim bolj\u0161o u\u010dinkovitost glavnih in pomo\u017enih vzmetnih valjev dvi\u017enih sil upo\u0161tevajte te bistvene korake:<\/p>\n<h4><strong>1. Namestitev<\/strong><\/h4>\n<p>Za\u010dnite z namestitvijo vzmetnih valjev dvi\u017enih sil v strogem skladu z navodili proizvajalca. Pravilna namestitev je klju\u010dnega pomena za doseganje optimalne zmogljivosti. Vzemite si \u010das za zavarovanje vseh priklju\u010dkov, da prepre\u010dite pu\u0161\u010danje, ki lahko povzro\u010di neu\u010dinkovitost in morebitno \u0161kodo. Prepri\u010dajte se, da so valji pravilno poravnani, da lahko nemoteno delujejo v stroju za brezoljno obdelavo. Dobro name\u0161\u010den valj ne le izbolj\u0161a funkcionalnost, temve\u010d tudi pove\u010da splo\u0161no varnost opreme.<\/p>\n<h4><strong>2. Pregled hidravli\u010dnega sistema<\/strong><\/h4>\n<p>Preden za\u010dnete s kakr\u0161nim koli delovanjem, temeljito pregledajte hidravli\u010dni sistem. Preverite nivo hidravli\u010dne teko\u010dine, da se prepri\u010date, da je v priporo\u010denem obmo\u010dju, saj lahko premajhna koli\u010dina teko\u010dine zmanj\u0161a delovanje in povzro\u010di okvare sistema. Preverite cevi in \u200b\u200bpriklju\u010dke za morebitne znake obrabe, razpok ali pu\u0161\u010danja. Vzdr\u017eevanje ustreznega hidravli\u010dnega tlaka je bistvenega pomena za u\u010dinkovito dvigovanje in zagotavlja optimalno delovanje stroja. Priporo\u010dljivi so redni pregledi, da se morebitne te\u017eave odkrijejo zgodaj.<\/p>\n<h4><strong>3. Zavzetost<\/strong><\/h4>\n<p>Po namestitvi in \u200b\u200bpregledu aktivirajte hidravli\u010dni sistem za dvigovanje ali spu\u0161\u010danje komponent stroja za brezobrtno obdelavo tal. Krmilne ro\u010dice uporabljajte premi\u0161ljeno, da omogo\u010dite postopne in natan\u010dne premike. Ta skrben pristop omogo\u010da natan\u010dne prilagoditve glede na razli\u010dne terenske razmere, kot so spremembe terena ali vi\u0161ine pridelka. Gladko vklop hidravli\u010dnega sistema ne le pove\u010da u\u010dinkovitost, temve\u010d izbolj\u0161a tudi splo\u0161ne prakse upravljanja tal.<\/p>\n<h4><strong>4. Spremljanje uspe\u0161nosti<\/strong><\/h4>\n<p>Med delovanjem pozorno spremljajte delovanje dvi\u017enih valjev. Redno poslu\u0161ajte morebitne nenavadne zvoke, kot so \u0161kripanje ali pretiran hrup, in bodite pozorni na znake upora med dvigovanjem in spu\u0161\u010danjem. Ti kazalniki lahko ka\u017eejo na potrebe po vzdr\u017eevanju ali mehanske te\u017eave. Zgodnje odkrivanje te\u017eav omogo\u010da pravo\u010dasna popravila, kar pomaga prepre\u010diti drage izpade in zagotavlja, da stroji ostanejo v optimalnem delovnem stanju. Z budnostjo lahko kmetje podalj\u0161ajo \u017eivljenjsko dobo in zanesljivost svojih dvi\u017enih vzmetnih valjev.<\/p>\n<p>Z upo\u0161tevanjem teh korakov lahko uporabniki zagotovijo u\u010dinkovito delovanje glavnih in pomo\u017enih vzmetnih cilindrov dvigala, kar vodi do ve\u010dje produktivnosti in uspe\u0161nih kmetijskih rezultatov.<\/p>\n<h2><strong>Preskusna oprema:<\/strong><\/h2>\n<p><strong><img loading=\"lazy\" decoding=\"async\" class=\"alignnone size-full wp-image-17293\" src=\"https:\/\/www.hydraulic-cylinders.net\/wp-content\/uploads\/2025\/03\/test-equipment.webp-2.webp\" alt=\"\" width=\"1932\" height=\"1741\" srcset=\"https:\/\/www.hydraulic-cylinders.net\/wp-content\/uploads\/2025\/03\/test-equipment.webp-2.webp 1932w, https:\/\/www.hydraulic-cylinders.net\/wp-content\/uploads\/2025\/03\/test-equipment.webp-2-1280x1153.webp 1280w, https:\/\/www.hydraulic-cylinders.net\/wp-content\/uploads\/2025\/03\/test-equipment.webp-2-980x883.webp 980w, https:\/\/www.hydraulic-cylinders.net\/wp-content\/uploads\/2025\/03\/test-equipment.webp-2-480x433.webp 480w\" sizes=\"(min-width: 0px) and (max-width: 480px) 480px, (min-width: 481px) and (max-width: 980px) 980px, (min-width: 981px) and (max-width: 1280px) 1280px, (min-width: 1281px) 1932px, 100vw\" \/><\/strong><\/p>\n<ul>\n<li>1: Preskusna komora s solno meglico<\/li>\n<li>2: Kemijska analiza<\/li>\n<li>3: Stroj za natezno testiranje<\/li>\n<li>4: Rockwellov tester trdote<\/li>\n<li>5: Stroj za testiranje \u010disto\u010de<\/li>\n<li>6: TH110 Tester trdote z odbojem<\/li>\n<li>7: Merilnik debeline premaza<\/li>\n<li>8: Preskus udarca z nihalom<\/li>\n<\/ul>\n<p><img loading=\"lazy\" decoding=\"async\" class=\"alignnone size-full wp-image-17292\" src=\"https:\/\/www.hydraulic-cylinders.net\/wp-content\/uploads\/2025\/03\/test-equipment.webp-1.webp\" alt=\"\" width=\"1600\" height=\"1216\" srcset=\"https:\/\/www.hydraulic-cylinders.net\/wp-content\/uploads\/2025\/03\/test-equipment.webp-1.webp 1600w, https:\/\/www.hydraulic-cylinders.net\/wp-content\/uploads\/2025\/03\/test-equipment.webp-1-1280x973.webp 1280w, https:\/\/www.hydraulic-cylinders.net\/wp-content\/uploads\/2025\/03\/test-equipment.webp-1-980x745.webp 980w, https:\/\/www.hydraulic-cylinders.net\/wp-content\/uploads\/2025\/03\/test-equipment.webp-1-480x365.webp 480w\" sizes=\"(min-width: 0px) and (max-width: 480px) 480px, (min-width: 481px) and (max-width: 980px) 980px, (min-width: 981px) and (max-width: 1280px) 1280px, (min-width: 1281px) 1600px, 100vw\" \/><\/p>\n<p>Na\u0161e podjetje meni, da je kakovost temelj na\u0161ega uspeha. Da bi to zavezo izpolnili, smo investirali v najsodobnej\u0161o doma\u010do testno in laboratorijsko opremo, ki jo podpira ekipa visoko usposobljenih strokovnjakov na podro\u010dju znanosti in tehnologije.<\/p>\n<p>Vzdr\u017eujemo strog sistem vodenja kakovosti, ki je skladen z industrijskimi standardi in zagotavlja, da vsaka serija izdelkov, ki jih proizvedemo, izpolnjuje najvi\u0161ja merila kakovosti. S standardizacijo na\u0161ega delovanja in nenehnim spremljanjem na\u0161ih procesov zagotavljamo, da na\u0161e stranke prejmejo le najbolj\u0161e.<\/p>\n<p>Ta neomajna predanost kakovosti ne le pove\u010duje zanesljivost na\u0161ih izdelkov, temve\u010d tudi gradi zaupanje in zadovoljstvo na\u0161ih strank. Verjamemo, da s tem, ko dajemo prednost odli\u010dnosti v vseh vidikih na\u0161e proizvodnje, prispevamo k uspehu na\u0161ih partnerjev in panoge kot celote. Skupaj si prizadevamo za inovacije in kakovost, ki trajata skozi \u010das.<\/p>\n<h2><strong>Proizvodna lokacija hidravli\u010dnih cilindrov:<\/strong><\/h2>\n<p>Na\u0161e podjetje je vodilni proizvajalec hidravli\u010dnih cilindrov, ki ga podpirajo lastne neodvisne raziskovalne, razvojne in oblikovalske zmogljivosti. Z najsodobnej\u0161im obratom, v katerem je ve\u010d kot 170 splo\u0161nih obdelovalnih strojev, CNC strojev, obdelovalnih centrov, varilne opreme in specializiranih orodij za testiranje in pregledovanje, smo dobro opremljeni za izpolnjevanje razli\u010dnih industrijskih zahtev.<\/p>\n<p>Z leti nakopi\u010denega tehnolo\u0161kega znanja in izpopolnjevanja procesov smo vzpostavili zrel proizvodni proces, ki brezhibno zdru\u017euje raziskave in razvoj s proizvodnjo. Ta integracija je postala na\u0161a klju\u010dna konkuren\u010dna prednost, ki nam omogo\u010da na\u010drtovanje in proizvodnjo \u0161iroke palete hidravli\u010dnih cilindrov, prilagojenih specifi\u010dnim zahtevam strank.<\/p>\n<p>Na\u0161i izdelki se pogosto uporabljajo v razli\u010dnih sektorjih, vklju\u010dno s kmetijsko mehanizacijo, gradbeno opremo, vozili, cestnim in\u017eeniringom in specializirano mehanizacijo. Ponosno podpiramo \u0161tevilne proizvajalce originalne opreme (OEM), med drugim Bonong Xingda, Bojin Hummer, Jilin Ruifeng, Debang Dawei, Shandong Yineng Heavy Industry, Tai'an Modern Heavy Industry in Shifeng Group.<\/p>\n<p><img loading=\"lazy\" decoding=\"async\" class=\"alignnone size-full wp-image-17290\" src=\"https:\/\/www.hydraulic-cylinders.net\/wp-content\/uploads\/2025\/03\/production-site-1.webp\" alt=\"\" width=\"1971\" height=\"2253\" srcset=\"https:\/\/www.hydraulic-cylinders.net\/wp-content\/uploads\/2025\/03\/production-site-1.webp 1971w, https:\/\/www.hydraulic-cylinders.net\/wp-content\/uploads\/2025\/03\/production-site-1-1280x1463.webp 1280w, https:\/\/www.hydraulic-cylinders.net\/wp-content\/uploads\/2025\/03\/production-site-1-980x1120.webp 980w, https:\/\/www.hydraulic-cylinders.net\/wp-content\/uploads\/2025\/03\/production-site-1-480x549.webp 480w\" sizes=\"(min-width: 0px) and (max-width: 480px) 480px, (min-width: 481px) and (max-width: 980px) 980px, (min-width: 981px) and (max-width: 1280px) 1280px, (min-width: 1281px) 1971px, 100vw\" \/><\/p>\n<p>Zavezani smo k zagotavljanju izjemnih storitev z mo\u010dno politiko kakovosti, ki daje prednost nenehnim inovacijam na podro\u010dju raziskav in razvoja, upravljanja, nadzora kakovosti in storitev za stranke. Na\u0161a zavezanost kakovosti je bila priznana s certifikatom ISO\/TS16949, ki zagotavlja, da ne le izpolnjujemo, ampak tudi dosledno presegamo pri\u010dakovanja na\u0161ih strank.<\/p>\n<p>V prihodnje bomo \u0161e naprej izbolj\u0161evali na\u0161o tehnologijo in \u0161irili na\u0161e zmogljivosti, pri \u010demer si bomo vedno prizadevali za zagotavljanje najkakovostnej\u0161ih izdelkov in storitev na\u0161im strankam. Skupaj ustvarjamo zapu\u0161\u010dino odli\u010dnosti v industriji hidravli\u010dnih cilindrov.<\/p>\n<p><strong>\u00a0<\/strong><\/p>","protected":false},"excerpt":{"rendered":"<p>Main And Auxiliary Lifting Spring Cylinders For No Tillage Machines Main and auxiliary lifting spring cylinders are essential components of no-tillage machines, skillfully designed to enhance both functionality and efficiency. These hydraulic cylinders enable precise lifting and lowering of equipment, ensuring seamless operation during critical agricultural tasks. With their robust construction and advanced engineering, they [&hellip;]<\/p>","protected":false},"featured_media":17335,"comment_status":"open","ping_status":"closed","template":"","meta":{"_et_pb_use_builder":"","_et_pb_old_content":"","_et_gb_content_width":""},"product_brand":[],"product_cat":[1530,1549,1376],"product_tag":[],"class_list":{"0":"post-17333","1":"product","2":"type-product","3":"status-publish","4":"has-post-thumbnail","6":"product_cat-no-tillage-machinery-hydraulic-cylinders","7":"product_cat-single-acting-hydraulic-cylinder","8":"product_cat-hydraulic-cylinder","10":"first","11":"instock","12":"shipping-taxable","13":"product-type-simple"},"amp_enabled":true,"_links":{"self":[{"href":"https:\/\/www.hydraulic-cylinders.net\/sl\/wp-json\/wp\/v2\/product\/17333","targetHints":{"allow":["GET"]}}],"collection":[{"href":"https:\/\/www.hydraulic-cylinders.net\/sl\/wp-json\/wp\/v2\/product"}],"about":[{"href":"https:\/\/www.hydraulic-cylinders.net\/sl\/wp-json\/wp\/v2\/types\/product"}],"replies":[{"embeddable":true,"href":"https:\/\/www.hydraulic-cylinders.net\/sl\/wp-json\/wp\/v2\/comments?post=17333"}],"wp:featuredmedia":[{"embeddable":true,"href":"https:\/\/www.hydraulic-cylinders.net\/sl\/wp-json\/wp\/v2\/media\/17335"}],"wp:attachment":[{"href":"https:\/\/www.hydraulic-cylinders.net\/sl\/wp-json\/wp\/v2\/media?parent=17333"}],"wp:term":[{"taxonomy":"product_brand","embeddable":true,"href":"https:\/\/www.hydraulic-cylinders.net\/sl\/wp-json\/wp\/v2\/product_brand?post=17333"},{"taxonomy":"product_cat","embeddable":true,"href":"https:\/\/www.hydraulic-cylinders.net\/sl\/wp-json\/wp\/v2\/product_cat?post=17333"},{"taxonomy":"product_tag","embeddable":true,"href":"https:\/\/www.hydraulic-cylinders.net\/sl\/wp-json\/wp\/v2\/product_tag?post=17333"}],"curies":[{"name":"delovni list","href":"https:\/\/api.w.org\/{rel}","templated":true}]}}