{"id":17336,"date":"2025-03-07T08:15:05","date_gmt":"2025-03-07T08:15:05","guid":{"rendered":"https:\/\/www.hydraulic-cylinders.net\/?post_type=product&#038;p=17336"},"modified":"2025-04-11T03:04:56","modified_gmt":"2025-04-11T03:04:56","slug":"unidirectional-scriber-cylinder-for-no-tillage-machines","status":"publish","type":"product","link":"https:\/\/www.hydraulic-cylinders.net\/sl\/izdelek\/unidirectional-scriber-cylinder-for-no-tillage-machines\/","title":{"rendered":"Enosmerni valj za rezanje za stroje brez obdelave tal"},"content":{"rendered":"<h1 style=\"text-align: center;\"><strong>Enosmerni valj za rezanje za stroje brez obdelave tal<\/strong><\/h1>\n<h1 style=\"text-align: center;\"><strong><img loading=\"lazy\" decoding=\"async\" class=\"alignnone wp-image-17299\" src=\"https:\/\/www.hydraulic-cylinders.net\/wp-content\/uploads\/2025\/03\/unidirectional-scriber-cylinder-1.webp\" alt=\"\" width=\"500\" height=\"521\" srcset=\"https:\/\/www.hydraulic-cylinders.net\/wp-content\/uploads\/2025\/03\/unidirectional-scriber-cylinder-1.webp 500w, https:\/\/www.hydraulic-cylinders.net\/wp-content\/uploads\/2025\/03\/unidirectional-scriber-cylinder-1-480x500.webp 480w\" sizes=\"(min-width: 0px) and (max-width: 480px) 480px, (min-width: 481px) 500px, 100vw\" \/><br \/>\n<\/strong><\/h1>\n<p>Enosmerni valj za graviranje je bistvena komponenta, posebej zasnovana za stroje za brezobrtno obdelavo tal. To inovativno orodje bistveno izbolj\u0161a pripravo tal in postopke sajenja, kar kmetom omogo\u010da ustvarjanje optimalnih pogojev sajenja z ve\u010djo u\u010dinkovitostjo. Z zmanj\u0161evanjem motenj tal ima enosmerni valj za graviranje klju\u010dno vlogo pri ohranjanju strukture tal in ravni vlage, kar je bistvenega pomena za spodbujanje zdrave rasti pridelkov. Zaradi svoje napredne zasnove in funkcionalnosti je dragocen pripomo\u010dek v sodobnih kmetijskih praksah.<\/p>\n<p>Kot nepogre\u0161ljivo orodje za obdelavo tal brez oranja enosmerni valj za setev izbolj\u0161a natan\u010dnost in u\u010dinkovitost pri upravljanju tal. Njegova robustna konstrukcija zagotavlja vzdr\u017eljivost, preprost postopek namestitve pa omogo\u010da hitro integracijo v obstoje\u010de stroje. Z zmanj\u0161anjem motenj tal podpira trajnostne kmetijske prakse in pomaga kmetom dose\u010di idealne pogoje za sajenje.<\/p>\n<p>Upo\u0161tevanje pravilnih navodil za uporabo in vzdr\u017eevanje zagotavlja zanesljivo delovanje, kar na koncu vodi do bolj\u0161ega pridelka in uspe\u0161nih kmetijskih rezultatov. Nalo\u017eba v enosmerni valj za \u010drtalo je pametna odlo\u010ditev za vsako kmetijsko podjetje, ki si prizadeva za pove\u010danje produktivnosti in operativne u\u010dinkovitosti.<\/p>\n<h2><strong>Parameter enosmernega valja za rezanje za stroje brez obdelave tal:<\/strong><\/h2>\n<h1 style=\"text-align: center;\"><strong><img loading=\"lazy\" decoding=\"async\" class=\"alignnone size-full wp-image-17283\" src=\"https:\/\/www.hydraulic-cylinders.net\/wp-content\/uploads\/2025\/03\/hydraulic-cylinders-for-no-tillage-machines-parameter-1.webp\" alt=\"\" width=\"2237\" height=\"1271\" srcset=\"https:\/\/www.hydraulic-cylinders.net\/wp-content\/uploads\/2025\/03\/hydraulic-cylinders-for-no-tillage-machines-parameter-1.webp 2237w, https:\/\/www.hydraulic-cylinders.net\/wp-content\/uploads\/2025\/03\/hydraulic-cylinders-for-no-tillage-machines-parameter-1-1280x727.webp 1280w, https:\/\/www.hydraulic-cylinders.net\/wp-content\/uploads\/2025\/03\/hydraulic-cylinders-for-no-tillage-machines-parameter-1-980x557.webp 980w, https:\/\/www.hydraulic-cylinders.net\/wp-content\/uploads\/2025\/03\/hydraulic-cylinders-for-no-tillage-machines-parameter-1-480x273.webp 480w\" sizes=\"(min-width: 0px) and (max-width: 480px) 480px, (min-width: 481px) and (max-width: 980px) 980px, (min-width: 981px) and (max-width: 1280px) 1280px, (min-width: 1281px) 2237px, 100vw\" \/><\/strong><\/h1>\n<h2><strong>Enosmerni valj za rezanje za stroje brez obdelave tal Uporaba:<\/strong><\/h2>\n<p><img loading=\"lazy\" decoding=\"async\" class=\"alignnone size-full wp-image-17282\" src=\"https:\/\/www.hydraulic-cylinders.net\/wp-content\/uploads\/2025\/03\/hydraulic-cylinders-for-no-tillage-machines-application-1.webp\" alt=\"\" width=\"2273\" height=\"976\" srcset=\"https:\/\/www.hydraulic-cylinders.net\/wp-content\/uploads\/2025\/03\/hydraulic-cylinders-for-no-tillage-machines-application-1.webp 2273w, https:\/\/www.hydraulic-cylinders.net\/wp-content\/uploads\/2025\/03\/hydraulic-cylinders-for-no-tillage-machines-application-1-1280x550.webp 1280w, https:\/\/www.hydraulic-cylinders.net\/wp-content\/uploads\/2025\/03\/hydraulic-cylinders-for-no-tillage-machines-application-1-980x421.webp 980w, https:\/\/www.hydraulic-cylinders.net\/wp-content\/uploads\/2025\/03\/hydraulic-cylinders-for-no-tillage-machines-application-1-480x206.webp 480w\" sizes=\"(min-width: 0px) and (max-width: 480px) 480px, (min-width: 481px) and (max-width: 980px) 980px, (min-width: 981px) and (max-width: 1280px) 1280px, (min-width: 1281px) 2273px, 100vw\" \/><\/p>\n<h2><strong>Klju\u010dne zna\u010dilnosti enosmernega valja za rezanje za stroje brez obdelave tal:<\/strong><\/h2>\n<h4><strong>Poenostavljeno delovanje v eno smer<\/strong><\/h4>\n<p>Enosmerna zasnova valja \u010drtalnika omogo\u010da u\u010dinkovito gibanje v eno smer, zaradi \u010desar je \u0161e posebej u\u010dinkovit pri preprostih opravilih sajenja in upravljanja tal. To osredoto\u010deno delovanje poenostavlja uporabni\u0161ko izku\u0161njo in omogo\u010da upravljavcem, da se osredoto\u010dijo na doseganje doslednih in natan\u010dnih rezultatov. Z zmanj\u0161anjem kompleksnosti manevriranja lahko kmetje pove\u010dajo produktivnost, ohranijo enakomeren potek dela in zmanj\u0161ajo tveganje za napake pri delovanju.<\/p>\n<h4><strong>Robustna in zanesljiva konstrukcija<\/strong><\/h4>\n<p>Enosmerni valj za rezanje, izdelan iz vrhunskih materialov, je zasnovan tako, da prenese izzive zahtevnih kmetijskih okolij. Njegova robustna konstrukcija je odporna proti obrabi, kar zagotavlja zanesljivo delovanje skozi celotno kmetijsko sezono. Ta vzdr\u017eljivost pomeni manj popravil in zamenjav, kar kmetom omogo\u010da, da prihranijo \u010das in denar, hkrati pa u\u017eivajo v zanesljivem orodju. Dolgotrajna zasnova vliva zaupanje, saj vemo, da lahko izpolni vsakodnevne zahteve kmetijskih dejavnosti.<\/p>\n<h4><strong>Izbolj\u0161ana natan\u010dnost in nadzor<\/strong><\/h4>\n<p>Opremljen z naprednim hidravli\u010dnim sistemom, enosmerni valj za setev zagotavlja izjemno natan\u010dnost pri upravljanju globine in kota. Ta zmogljivost omogo\u010da upravljavcem natan\u010dne prilagoditve, prilagojene specifi\u010dnim razmeram v tleh in potrebam pridelka. Tak\u0161na natan\u010dnost je klju\u010dnega pomena za optimalno namestitev semena, saj zagotavlja, da so semena posejana na idealni globini za u\u010dinkovito kalitev. Izbolj\u0161ano prezra\u010devanje tal zaradi natan\u010dnih nastavitev dodatno podpira robusten razvoj pridelka, kar vodi do bolj zdravih rastlin in ve\u010djega pridelka.<\/p>\n<h4><strong>Enostavna namestitev<\/strong><\/h4>\n<p>Zasnovan z mislijo na udobje uporabnika, ima enostaven postopek namestitve enostaven postopek. Kmetje ga lahko brezhibno integrirajo v svoje obstoje\u010de stroje za brezoljno obdelavo z minimalnim naporom ali tehni\u010dnim znanjem. Ta uporabniku prijazen vidik znatno skraj\u0161a \u010das izpada, kar omogo\u010da hitro nadaljevanje kmetijskih del brez zamud. Z zmanj\u0161anjem \u010dasa namestitve se lahko kmetje osredoto\u010dijo na pove\u010danje produktivnosti in prilagajanje dinami\u010dnim zahtevam svojih kmetijskih urnikov.<\/p>\n<h4><strong>Minimalno motenje tal<\/strong><\/h4>\n<p>Inovativna zasnova enosmernega valja za rezanje u\u010dinkovito zmanj\u0161uje motnje tal med delovanjem. Z ohranjanjem bistvene strukture tal in vsebnosti vlage ta funkcija spodbuja bolj\u0161i razvoj korenin, kar je klju\u010dnega pomena za zdravje pridelka. Poleg tega zmanj\u0161ane motnje tal pomagajo ohranjati koristne mikroorganizme v tleh, kar izbolj\u0161uje splo\u0161no rodovitnost tal. Ta premi\u0161ljen pristop k upravljanju tal podpira trajnostne kmetijske prakse in izbolj\u0161uje zdravje pridelka, kar vodi do ve\u010djega donosa in dolgoro\u010dnega kmetijskega uspeha.<\/p>\n<p>Skratka, enosmerni valj za rezanje izstopa s svojim poenostavljenim delovanjem v eno smer, robustno konstrukcijo, izbolj\u0161ano natan\u010dnostjo, enostavno namestitvijo in minimalnim motenjem tal. Zaradi teh lastnosti je neprecenljivo orodje za sodobne kmetijske prakse, ki kmetom omogo\u010da u\u010dinkovito in uspe\u0161no upravljanje tal, kar na koncu vodi do bolj zdravih pridelkov in izbolj\u0161ane produktivnosti.<\/p>\n<h2><strong>Enosmerni valj za rezanje za stroje brez obdelave tal, primeren model:<\/strong><\/h2>\n<h1 style=\"text-align: center;\"><strong><img loading=\"lazy\" decoding=\"async\" class=\"alignnone size-full wp-image-17284\" src=\"https:\/\/www.hydraulic-cylinders.net\/wp-content\/uploads\/2025\/03\/hydraulic-cylinders-for-no-tillage-machines-2.webp\" alt=\"\" width=\"2312\" height=\"600\" srcset=\"https:\/\/www.hydraulic-cylinders.net\/wp-content\/uploads\/2025\/03\/hydraulic-cylinders-for-no-tillage-machines-2.webp 2312w, https:\/\/www.hydraulic-cylinders.net\/wp-content\/uploads\/2025\/03\/hydraulic-cylinders-for-no-tillage-machines-2-1280x332.webp 1280w, https:\/\/www.hydraulic-cylinders.net\/wp-content\/uploads\/2025\/03\/hydraulic-cylinders-for-no-tillage-machines-2-980x254.webp 980w, https:\/\/www.hydraulic-cylinders.net\/wp-content\/uploads\/2025\/03\/hydraulic-cylinders-for-no-tillage-machines-2-480x125.webp 480w\" sizes=\"(min-width: 0px) and (max-width: 480px) 480px, (min-width: 481px) and (max-width: 980px) 980px, (min-width: 981px) and (max-width: 1280px) 1280px, (min-width: 1281px) 2312px, 100vw\" \/><\/strong><\/h1>\n<h2><strong>Kako enosmerni valj za ozna\u010devanje izbolj\u0161a zdravje tal med sajenjem?<\/strong><\/h2>\n<p>Enosmerni valj za risanje izbolj\u0161a zdravje tal med sajenjem z ve\u010d klju\u010dnimi mehanizmi:<\/p>\n<h4><strong>Zmanj\u0161ana motnja tal<\/strong>:<\/h4>\n<p>Njegova specializirana zasnova zmanj\u0161uje motnje v strukturi tal in ohranja naravno razporeditev plasti tal. Ta ohranitev prepre\u010duje zbijanje, kar omogo\u010da koreninam la\u017eje prodiranje. Z ohranjanjem celovitosti teh plasti valj zagotavlja, da se v tleh zadr\u017eijo bistvena hranila in vlaga, kar ustvarja ugodnej\u0161e okolje za rast rastlin.<\/p>\n<h4><strong>Zadr\u017eevanje vlage<\/strong>:<\/h4>\n<p>Z omejevanjem motenj tal enosmerni valj za rezanje pomaga ohranjati raven vlage, ki je klju\u010dnega pomena za kalitev semen in zgodnji razvoj rastlin. To je \u0161e posebej pomembno v su\u0161nih razmerah, kjer lahko izguba vlage ovira rast pridelka. Sposobnost ohranjanja vlage ne le podpira za\u010detno rast, temve\u010d tudi pove\u010duje odpornost rastline na stres zaradi su\u0161e pozneje v rastni sezoni.<\/p>\n<h4><strong>Izbolj\u0161ana mikrobna aktivnost<\/strong>:<\/h4>\n<p>Zasnova valja omogo\u010da koristnim mikroorganizmom v tleh, da uspevajo, saj \u010dim bolj zmanj\u0161ajo motnje v njihovem habitatu. Zdrave mikrobne populacije igrajo klju\u010dno vlogo pri razgradnji organskih snovi, kro\u017eenju hranil in izbolj\u0161anju rodovitnosti tal. Z vzgojo robustne mikrobne skupnosti enosmerni valj za \u010drtalo prispeva k ve\u010dji razpolo\u017eljivosti hranil, kar podpira mo\u010dnej\u0161o in bolj zdravo rast polj\u0161\u010din.<\/p>\n<h4><strong>Spodbuja razvoj korenin<\/strong>:<\/h4>\n<p>Z ustvarjanjem stabilnega talnega okolja enosmerni valj za \u010drtanje spodbuja bolj\u0161o rast in razvoj korenin. Globoki in obse\u017eni koreninski sistemi so bistveni za dostop do vode in hranil, ki so klju\u010dnega pomena za zdravje rastlin. Izbolj\u0161an razvoj korenin prav tako izbolj\u0161a sposobnost rastline, da prenese okoljske strese, kot sta su\u0161a ali pomanjkanje hranil, kar vodi do robustnej\u0161ih pridelkov.<\/p>\n<h4><strong>Zra\u010denje tal<\/strong>:<\/h4>\n<p>Natan\u010dne nastavitve valja omogo\u010dajo optimalno odlaganje semen in izbolj\u0161ujejo prezra\u010devanje tal. Ustrezno prezra\u010devanje je klju\u010dnega pomena za dihanje korenin in splo\u0161no zdravje talnega ekosistema. Z bolj\u0161im kro\u017eenjem zraka v tleh enosmerni valj za setev podpira zdravo rast korenin in pove\u010duje aktivnost koristnih organizmov v tleh, kar dodatno prispeva k uspe\u0161nemu kmetijskemu ekosistemu.<\/p>\n<p>Skratka, enosmerni valj za rezanje ima klju\u010dno vlogo pri izbolj\u0161anju zdravja tal med sajenjem, saj zmanj\u0161uje motnje v tleh, zadr\u017euje vlago, spodbuja mikrobno aktivnost, spodbuja razvoj korenin in izbolj\u0161uje prezra\u010devanje tal. Te kombinirane koristi vodijo do bolj zdravih tal, bolj\u0161ega pridelka in trajnostnih kmetijskih praks.<\/p>\n<h2><strong>Preskusna oprema:<\/strong><\/h2>\n<p><strong><img loading=\"lazy\" decoding=\"async\" class=\"alignnone size-full wp-image-17293\" src=\"https:\/\/www.hydraulic-cylinders.net\/wp-content\/uploads\/2025\/03\/test-equipment.webp-2.webp\" alt=\"\" width=\"1932\" height=\"1741\" srcset=\"https:\/\/www.hydraulic-cylinders.net\/wp-content\/uploads\/2025\/03\/test-equipment.webp-2.webp 1932w, https:\/\/www.hydraulic-cylinders.net\/wp-content\/uploads\/2025\/03\/test-equipment.webp-2-1280x1153.webp 1280w, https:\/\/www.hydraulic-cylinders.net\/wp-content\/uploads\/2025\/03\/test-equipment.webp-2-980x883.webp 980w, https:\/\/www.hydraulic-cylinders.net\/wp-content\/uploads\/2025\/03\/test-equipment.webp-2-480x433.webp 480w\" sizes=\"(min-width: 0px) and (max-width: 480px) 480px, (min-width: 481px) and (max-width: 980px) 980px, (min-width: 981px) and (max-width: 1280px) 1280px, (min-width: 1281px) 1932px, 100vw\" \/><\/strong><\/p>\n<ul>\n<li>1: Preskusna komora s solno meglico<\/li>\n<li>2: Kemijska analiza<\/li>\n<li>3: Stroj za natezno testiranje<\/li>\n<li>4: Rockwellov tester trdote<\/li>\n<li>5: Stroj za testiranje \u010disto\u010de<\/li>\n<li>6: TH110 Tester trdote z odbojem<\/li>\n<li>7: Merilnik debeline premaza<\/li>\n<li>8: Preskus udarca z nihalom<\/li>\n<\/ul>\n<p><img loading=\"lazy\" decoding=\"async\" class=\"alignnone size-full wp-image-17292\" src=\"https:\/\/www.hydraulic-cylinders.net\/wp-content\/uploads\/2025\/03\/test-equipment.webp-1.webp\" alt=\"\" width=\"1600\" height=\"1216\" srcset=\"https:\/\/www.hydraulic-cylinders.net\/wp-content\/uploads\/2025\/03\/test-equipment.webp-1.webp 1600w, https:\/\/www.hydraulic-cylinders.net\/wp-content\/uploads\/2025\/03\/test-equipment.webp-1-1280x973.webp 1280w, https:\/\/www.hydraulic-cylinders.net\/wp-content\/uploads\/2025\/03\/test-equipment.webp-1-980x745.webp 980w, https:\/\/www.hydraulic-cylinders.net\/wp-content\/uploads\/2025\/03\/test-equipment.webp-1-480x365.webp 480w\" sizes=\"(min-width: 0px) and (max-width: 480px) 480px, (min-width: 481px) and (max-width: 980px) 980px, (min-width: 981px) and (max-width: 1280px) 1280px, (min-width: 1281px) 1600px, 100vw\" \/><\/p>\n<p>Na\u0161e podjetje meni, da je kakovost temelj na\u0161ega uspeha. Da bi to zavezo izpolnili, smo investirali v najsodobnej\u0161o doma\u010do testno in laboratorijsko opremo, ki jo podpira ekipa visoko usposobljenih strokovnjakov na podro\u010dju znanosti in tehnologije.<\/p>\n<p>Vzdr\u017eujemo strog sistem vodenja kakovosti, ki je skladen z industrijskimi standardi in zagotavlja, da vsaka serija izdelkov, ki jih proizvedemo, izpolnjuje najvi\u0161ja merila kakovosti. S standardizacijo na\u0161ega delovanja in nenehnim spremljanjem na\u0161ih procesov zagotavljamo, da na\u0161e stranke prejmejo le najbolj\u0161e.<\/p>\n<p>Ta neomajna predanost kakovosti ne le pove\u010duje zanesljivost na\u0161ih izdelkov, temve\u010d tudi gradi zaupanje in zadovoljstvo na\u0161ih strank. Verjamemo, da s tem, ko dajemo prednost odli\u010dnosti v vseh vidikih na\u0161e proizvodnje, prispevamo k uspehu na\u0161ih partnerjev in panoge kot celote. Skupaj si prizadevamo za inovacije in kakovost, ki trajata skozi \u010das.<\/p>\n<h2><strong>Proizvodna lokacija hidravli\u010dnih cilindrov:<\/strong><\/h2>\n<p>Na\u0161e podjetje je vodilni proizvajalec hidravli\u010dnih cilindrov, ki ga podpirajo lastne neodvisne raziskovalne, razvojne in oblikovalske zmogljivosti. Z najsodobnej\u0161im obratom, v katerem je ve\u010d kot 170 splo\u0161nih obdelovalnih strojev, CNC strojev, obdelovalnih centrov, varilne opreme in specializiranih orodij za testiranje in pregledovanje, smo dobro opremljeni za izpolnjevanje razli\u010dnih industrijskih zahtev.<\/p>\n<p>Z leti nakopi\u010denega tehnolo\u0161kega znanja in izpopolnjevanja procesov smo vzpostavili zrel proizvodni proces, ki brezhibno zdru\u017euje raziskave in razvoj s proizvodnjo. Ta integracija je postala na\u0161a klju\u010dna konkuren\u010dna prednost, ki nam omogo\u010da na\u010drtovanje in proizvodnjo \u0161iroke palete hidravli\u010dnih cilindrov, prilagojenih specifi\u010dnim zahtevam strank.<\/p>\n<p>Na\u0161i izdelki se pogosto uporabljajo v razli\u010dnih sektorjih, vklju\u010dno s kmetijsko mehanizacijo, gradbeno opremo, vozili, cestnim in\u017eeniringom in specializirano mehanizacijo. Ponosno podpiramo \u0161tevilne proizvajalce originalne opreme (OEM), med drugim Bonong Xingda, Bojin Hummer, Jilin Ruifeng, Debang Dawei, Shandong Yineng Heavy Industry, Tai'an Modern Heavy Industry in Shifeng Group.<\/p>\n<p><img loading=\"lazy\" decoding=\"async\" class=\"alignnone size-full wp-image-17290\" src=\"https:\/\/www.hydraulic-cylinders.net\/wp-content\/uploads\/2025\/03\/production-site-1.webp\" alt=\"\" width=\"1971\" height=\"2253\" srcset=\"https:\/\/www.hydraulic-cylinders.net\/wp-content\/uploads\/2025\/03\/production-site-1.webp 1971w, https:\/\/www.hydraulic-cylinders.net\/wp-content\/uploads\/2025\/03\/production-site-1-1280x1463.webp 1280w, https:\/\/www.hydraulic-cylinders.net\/wp-content\/uploads\/2025\/03\/production-site-1-980x1120.webp 980w, https:\/\/www.hydraulic-cylinders.net\/wp-content\/uploads\/2025\/03\/production-site-1-480x549.webp 480w\" sizes=\"(min-width: 0px) and (max-width: 480px) 480px, (min-width: 481px) and (max-width: 980px) 980px, (min-width: 981px) and (max-width: 1280px) 1280px, (min-width: 1281px) 1971px, 100vw\" \/><\/p>\n<p>Zavezani smo k zagotavljanju izjemnih storitev z mo\u010dno politiko kakovosti, ki daje prednost nenehnim inovacijam na podro\u010dju raziskav in razvoja, upravljanja, nadzora kakovosti in storitev za stranke. Na\u0161a zavezanost kakovosti je bila priznana s certifikatom ISO\/TS16949, ki zagotavlja, da ne le izpolnjujemo, ampak tudi dosledno presegamo pri\u010dakovanja na\u0161ih strank.<\/p>\n<p>V prihodnje bomo \u0161e naprej izbolj\u0161evali na\u0161o tehnologijo in \u0161irili na\u0161e zmogljivosti, pri \u010demer si bomo vedno prizadevali za zagotavljanje najkakovostnej\u0161ih izdelkov in storitev na\u0161im strankam. Skupaj ustvarjamo zapu\u0161\u010dino odli\u010dnosti v industriji hidravli\u010dnih cilindrov.<\/p>","protected":false},"excerpt":{"rendered":"<p>Unidirectional Scriber Cylinder For No Tillage Machines The Unidirectional Scriber Cylinder is an essential component specifically engineered for no-tillage machines. This innovative tool significantly improves soil preparation and planting processes, enabling farmers to create optimal planting conditions with greater efficiency. By minimizing soil disruption, the Unidirectional Scriber Cylinder plays a crucial role in preserving soil [&hellip;]<\/p>","protected":false},"featured_media":17311,"comment_status":"open","ping_status":"closed","template":"","meta":{"_et_pb_use_builder":"","_et_pb_old_content":"","_et_gb_content_width":""},"product_brand":[],"product_cat":[1530,1549,1376],"product_tag":[],"class_list":{"0":"post-17336","1":"product","2":"type-product","3":"status-publish","4":"has-post-thumbnail","6":"product_cat-no-tillage-machinery-hydraulic-cylinders","7":"product_cat-single-acting-hydraulic-cylinder","8":"product_cat-hydraulic-cylinder","10":"first","11":"instock","12":"shipping-taxable","13":"product-type-simple"},"amp_enabled":true,"_links":{"self":[{"href":"https:\/\/www.hydraulic-cylinders.net\/sl\/wp-json\/wp\/v2\/product\/17336","targetHints":{"allow":["GET"]}}],"collection":[{"href":"https:\/\/www.hydraulic-cylinders.net\/sl\/wp-json\/wp\/v2\/product"}],"about":[{"href":"https:\/\/www.hydraulic-cylinders.net\/sl\/wp-json\/wp\/v2\/types\/product"}],"replies":[{"embeddable":true,"href":"https:\/\/www.hydraulic-cylinders.net\/sl\/wp-json\/wp\/v2\/comments?post=17336"}],"wp:featuredmedia":[{"embeddable":true,"href":"https:\/\/www.hydraulic-cylinders.net\/sl\/wp-json\/wp\/v2\/media\/17311"}],"wp:attachment":[{"href":"https:\/\/www.hydraulic-cylinders.net\/sl\/wp-json\/wp\/v2\/media?parent=17336"}],"wp:term":[{"taxonomy":"product_brand","embeddable":true,"href":"https:\/\/www.hydraulic-cylinders.net\/sl\/wp-json\/wp\/v2\/product_brand?post=17336"},{"taxonomy":"product_cat","embeddable":true,"href":"https:\/\/www.hydraulic-cylinders.net\/sl\/wp-json\/wp\/v2\/product_cat?post=17336"},{"taxonomy":"product_tag","embeddable":true,"href":"https:\/\/www.hydraulic-cylinders.net\/sl\/wp-json\/wp\/v2\/product_tag?post=17336"}],"curies":[{"name":"delovni list","href":"https:\/\/api.w.org\/{rel}","templated":true}]}}