{"id":1735,"date":"2023-10-12T05:49:25","date_gmt":"2023-10-12T05:49:25","guid":{"rendered":"https:\/\/hydraulic-cylinders.net\/?post_type=product&#038;p=1735"},"modified":"2025-04-11T02:53:40","modified_gmt":"2025-04-11T02:53:40","slug":"cement-equipment-feeding-cylinder","status":"publish","type":"product","link":"https:\/\/www.hydraulic-cylinders.net\/sl\/izdelek\/cement-equipment-feeding-cylinder\/","title":{"rendered":"Dovodni valj za cementno opremo"},"content":{"rendered":"<h1 style=\"text-align: center;\"><strong>Dovodni valj za cementno opremo<\/strong><\/h1>\n<p><img loading=\"lazy\" decoding=\"async\" class=\"aligncenter wp-image-1738\" src=\"https:\/\/hydraulic-cylinders.net\/wp-content\/uploads\/2023\/10\/feeding-cylinder-1-1-300x300.webp\" alt=\"\" width=\"400\" height=\"400\" \/><\/p>\n<p>Dozirni valj za cementno opremo je klju\u010dni sestavni del proizvodnje cementa, posebej zasnovan za pove\u010danje u\u010dinkovitosti in natan\u010dnosti med procesom dovajanja. Ta specializirani valj igra klju\u010dno vlogo v cementarnah, saj omogo\u010da nadzorovano in natan\u010dno dovajanje surovin v stroje za proizvodnjo cementa.<\/p>\n<p>Dozirni valj za cementno opremo je nepogre\u0161ljiv sestavni del pri proizvodnji cementa, saj pove\u010duje u\u010dinkovitost in natan\u010dnost med procesom dovajanja. S svojo robustno konstrukcijo, natan\u010dnim krmiljenjem, nastavljivo dol\u017eino hoda in zanesljivim tesnilnim mehanizmom ta valj zagotavlja natan\u010den in enakomeren pretok materiala, kar prispeva k optimiziranim postopkom proizvodnje cementa. Z upo\u0161tevanjem priporo\u010denih metod uporabe in vzdr\u017eevalnih praks lahko upravljavci pove\u010dajo zmogljivost in dolgo \u017eivljenjsko dobo dozirnega valja za cementno opremo, kar na koncu izbolj\u0161a u\u010dinkovitost, produktivnost in kakovost proizvodnje cementa.<\/p>\n<p>Klju\u010dne zna\u010dilnosti dovajalnih cilindrov za cementno opremo:<\/p>\n<ol>\n<li>Robustna konstrukcija:<\/li>\n<\/ol>\n<ul>\n<li>Dozirni valj za cementno opremo je izdelan iz visokokakovostnih materialov, ki zagotavljajo vzdr\u017eljivost in dolgo \u017eivljenjsko dobo v zahtevnih okoljih cementarne.<\/li>\n<li>Lahko prenese velike obremenitve in zahteve neprekinjenega delovanja brez ogro\u017eanja zmogljivosti.<\/li>\n<\/ul>\n<ol start=\"2\">\n<li>Natan\u010den nadzor:<\/li>\n<\/ol>\n<ul>\n<li>Ta valj je zasnovan tako, da zagotavlja natan\u010den nadzor nad procesom dovajanja, kar omogo\u010da natan\u010den in enakomeren pretok materiala.<\/li>\n<li>Omogo\u010da operaterjem vzdr\u017eevanje optimalnih hitrosti hranjenja, kar izbolj\u0161uje u\u010dinkovitost in kakovost izdelkov.<\/li>\n<\/ul>\n<ol start=\"3\">\n<li>Nastavljiva dol\u017eina hoda:<\/li>\n<\/ol>\n<ul>\n<li>Dozirni valj za cementno opremo ponuja nastavljivo dol\u017eino hoda, kar omogo\u010da prilagodljivost pri koli\u010dini materiala, ki se dovaja med vsakim ciklom dovajanja.<\/li>\n<li>Operaterji lahko natan\u010dno prilagodijo dol\u017eino hoda glede na specifi\u010dne proizvodne zahteve in zna\u010dilnosti materiala.<\/li>\n<\/ul>\n<ol start=\"4\">\n<li>Zanesljiv tesnilni mehanizem:<\/li>\n<\/ol>\n<ul>\n<li>Jeklenka ima zanesljiv tesnilni mehanizem, ki prepre\u010duje pu\u0161\u010danje in zagotavlja enakomeren proces hranjenja.<\/li>\n<li>Zmanj\u0161uje odpadke materiala in spodbuja \u010disto in u\u010dinkovito proizvodno okolje.<\/li>\n<\/ul>\n<h2><strong>Parameter dovodnega cilindra za cementno opremo:<\/strong><\/h2>\n<table border=\"1\" cellspacing=\"0\" cellpadding=\"0\">\n<tbody>\n<tr>\n<td>Ime izdelka<\/td>\n<td>Dovodni valj za cementno opremo<\/td>\n<\/tr>\n<tr>\n<td>Zna\u010dilnosti:<\/td>\n<td>Spodbujajte nihajno gibanje re\u0161etkaste plasti hladilnika re\u0161etke<\/td>\n<\/tr>\n<tr>\n<td>Premer izvrtine:<\/td>\n<td>80 mm\uff5e140 mm<\/td>\n<\/tr>\n<tr>\n<td>Premer palice:<\/td>\n<td>45 mm\uff5e80 mm<br \/>\nHod: \u22641200 mm<\/td>\n<\/tr>\n<tr>\n<td>Potisna sila:<\/td>\n<td>Maks. 385 kN<br \/>\n(Premer valja 140 mm\/tlak 25 MPa)<\/td>\n<\/tr>\n<tr>\n<td>Uporaba dovajalnih cilindrov za cementno opremo:<\/td>\n<td>Oprema za cement<\/td>\n<\/tr>\n<\/tbody>\n<\/table>\n<div><\/div>\n<div>\n<div class=\"txtboxL\">\n<div class=\"txtboxL\">\n<div class=\"txtboxL\">Zna\u010dilnosti:<\/div>\n<div class=\"txtboxR\">Spodbujajte nihajno gibanje re\u0161etkaste plasti hladilnika re\u0161etke<\/div>\n<div class=\"txtboxL\">Specifikacija:<\/div>\n<div class=\"txtboxR\">Premer izvrtine: 80 mm\uff5e140 mm<br \/>\nPremer palice: 45 mm\uff5e80 mm<br \/>\nHod: \u22641200 mm<\/div>\n<div class=\"txtboxL\">Potisna sila:<\/div>\n<div class=\"txtboxR\">Maks. 385 kN<br \/>\n(Premer valja 140 mm\/tlak 25 MPa)<\/div>\n<\/div>\n<\/div>\n<\/div>\n<h2><strong>Oprema za cement <\/strong><strong>Tovarna valjev:<\/strong><\/h2>\n<p><img loading=\"lazy\" decoding=\"async\" class=\"alignnone wp-image-1734 size-full\" src=\"https:\/\/hydraulic-cylinders.net\/wp-content\/uploads\/2023\/10\/cement-equipment-cylinder-1.webp\" alt=\"\" width=\"1418\" height=\"946\" srcset=\"https:\/\/hydraulic-cylinders.net\/wp-content\/uploads\/2023\/10\/cement-equipment-cylinder-1.webp 1418w, https:\/\/hydraulic-cylinders.net\/wp-content\/uploads\/2023\/10\/cement-equipment-cylinder-1-1280x854.webp 1280w, https:\/\/hydraulic-cylinders.net\/wp-content\/uploads\/2023\/10\/cement-equipment-cylinder-1-980x654.webp 980w, https:\/\/hydraulic-cylinders.net\/wp-content\/uploads\/2023\/10\/cement-equipment-cylinder-1-480x320.webp 480w\" sizes=\"(min-width: 0px) and (max-width: 480px) 480px, (min-width: 481px) and (max-width: 980px) 980px, (min-width: 981px) and (max-width: 1280px) 1280px, (min-width: 1281px) 1418px, 100vw\" \/><\/p>\n<h2><strong>Metoda uporabe valja za dovajanje cementne opreme<\/strong><strong>:<\/strong><\/h2>\n<ol>\n<li><strong>Namestitev:<\/strong><\/li>\n<\/ol>\n<ul>\n<li>Za varno namestitev dovodnega cilindra za cementno opremo v stroj za proizvodnjo cementa upo\u0161tevajte navodila proizvajalca.<\/li>\n<li>Zagotovite pravilno poravnavo, pritrditev in integracijo s sistemom za hranjenje.<\/li>\n<\/ul>\n<ol start=\"2\">\n<li><strong>Prilagoditev:<\/strong><\/li>\n<\/ol>\n<ul>\n<li>Prilagodite dol\u017eino hoda valja glede na \u017eeleno koli\u010dino in hitrost dovajanja.<\/li>\n<li>Za posebne mehanizme prilagajanja in nastavitve glejte navodila proizvajalca.<\/li>\n<\/ul>\n<ol start=\"3\">\n<li><strong>Nalaganje materiala:<\/strong><\/li>\n<\/ol>\n<ul>\n<li>\u017delene surovine nalo\u017eite v sistem za podajanje in se prepri\u010dajte, da so pravilno name\u0161\u010dene za nemoteno in nemoteno podajanje.<\/li>\n<li>Izogibajte se preobremenitvi sistema, saj lahko to negativno vpliva na delovanje in u\u010dinkovitost dovodnega cilindra cementne opreme.<\/li>\n<\/ul>\n<ol start=\"4\">\n<li><strong>Aktivacija in upravljanje:<\/strong><\/li>\n<\/ol>\n<ul>\n<li>Aktivirajte sistem za dovajanje tako, da vklopite dovodni valj cementne opreme, da spro\u017eite pretok materiala.<\/li>\n<li>Za regulacijo postopka podajanja uporabite nadzorno plo\u0161\u010do ali vmesnik, po potrebi prilagodite dol\u017eino giba in hitrost.<\/li>\n<\/ul>\n<h2><strong>Kako delujejo hidravli\u010dni cilindri?<\/strong><\/h2>\n<p>Hidravli\u010dni cilindri so mehanske naprave, ki uporabljajo mo\u010d hidravli\u010dne teko\u010dine za ustvarjanje sile in omogo\u010danje linearnega gibanja. Pogosto se uporabljajo v razli\u010dnih aplikacijah, od gradbene opreme do industrijskih strojev. Tukaj je poenostavljena razlaga delovanja hidravli\u010dnih cilindrov:<\/p>\n<ol>\n<li><strong>Osnovne komponente:<\/strong>\n<ul>\n<li>Cev cilindra: Je glavni del hidravli\u010dnega cilindra, v katerem so name\u0161\u010deni bat in druge notranje komponente.<\/li>\n<li>Bat: Valjasti del, ki deli cev valja na dve komori.<\/li>\n<li>Batnica: Povezana z batom, se razteza izven cilindra in prena\u0161a ustvarjeno silo.<\/li>\n<li>Tesnila: Ta prepre\u010dujejo pu\u0161\u010danje hidravli\u010dne teko\u010dine med batom in cilindrom, kar zagotavlja u\u010dinkovito delovanje.<\/li>\n<\/ul>\n<\/li>\n<li><strong>Hidravli\u010dni sistem:<\/strong>\n<ul>\n<li>Hidravli\u010dni sistem je sestavljen iz hidravli\u010dne \u010drpalke, regulacijskih ventilov in hidravli\u010dne teko\u010dine (obi\u010dajno olja).<\/li>\n<li>Hidravli\u010dna \u010drpalka stisnje teko\u010dino in ustvarja hidravli\u010dno energijo, ki jo je mogo\u010de uporabiti za ustvarjanje sile.<\/li>\n<\/ul>\n<\/li>\n<li><strong>Dve zbornici:<\/strong>\n<ul>\n<li>Hidravli\u010dni cilinder ima dve komori: stran palice (ali tla\u010dno stran) in nasprotno stran (ali povratno stran).<\/li>\n<li>Stran palice je priklju\u010dena na hidravli\u010dno \u010drpalko, nasprotna stran pa na rezervoar ali povratni vod.<\/li>\n<\/ul>\n<\/li>\n<li><strong>Delovanje:<\/strong>\n<ul>\n<li>Ko se hidravli\u010dna teko\u010dina \u010drpa v komoro na strani batnice, pritiska na bat, zaradi \u010desar se ta premakne navzven.<\/li>\n<li>Ko se bat premika, potiska batnico in ustvarja linearno silo.<\/li>\n<li>Hkrati se hidravli\u010dna teko\u010dina iz nasprotne stranske komore vrne v rezervoar ali skozi povratni vod.<\/li>\n<\/ul>\n<\/li>\n<li><strong>Smerni nadzor:<\/strong>\n<ul>\n<li>Smer gibanja hidravli\u010dnega cilindra je mogo\u010de krmiliti s pomo\u010djo smernih regulacijskih ventilov.<\/li>\n<li>Ti ventili uravnavajo pretok hidravli\u010dne teko\u010dine v ustrezno komoro in s tem dolo\u010dajo smer gibanja bata.<\/li>\n<\/ul>\n<\/li>\n<li><strong>Nadzor sile in hitrosti:<\/strong>\n<ul>\n<li>Sila, ki jo ustvari hidravli\u010dni valj, je odvisna od hidravli\u010dnega tlaka in efektivne povr\u0161ine bata.<\/li>\n<li>Z nastavitvijo hidravli\u010dnega tlaka je mogo\u010de nadzorovati izhodno silo.<\/li>\n<li>Hitrost gibanja valja je mogo\u010de regulirati z nastavljanjem pretoka hidravli\u010dne teko\u010dine v valj ali iz njega.<\/li>\n<\/ul>\n<\/li>\n<li><strong>Uporaba:<\/strong>\n<ul>\n<li>Hidravli\u010dni cilindri se uporabljajo v razli\u010dnih aplikacijah, ki zahtevajo linearno silo in gibanje, kot so dvigovanje, potiskanje, vle\u010denje in upogibanje.<\/li>\n<li>Pogosto jih najdemo v gradbeni opremi, strojih za ravnanje z materiali, proizvodnih sistemih in avtomobilski industriji.<\/li>\n<\/ul>\n<\/li>\n<\/ol>\n<h2><strong>Zmogljivost in zmogljivost tovarne:<\/strong><\/h2>\n<h3>(1) Sestavljanje<\/h3>\n<p>Imamo prvovrstno neodvisno platformo za raziskave in razvoj. Delavnica za proizvodnjo hidravli\u010dnih cilindrov ima \u0161tiri polavtomatske monta\u017ene linije za dvi\u017ene cilindre in eno avtomatsko monta\u017eno linijo za nagibne cilindre z letno proizvodno zmogljivostjo 1 milijona kosov. Delavnica za posebne cilindre je opremljena z razli\u010dnimi specifikacijami polavtomatskega sistema za \u010di\u0161\u010denje in monta\u017eo z letno proizvodno zmogljivostjo 200.000 kosov ter znano CNC obdelovalno opremo, obdelovalnim centrom, visoko precizno posebno opremo za obdelavo cilindrov, robotskim varilnim strojem, avtomatskim \u010distilnim strojem, avtomatskim strojem za monta\u017eo cilindrov in avtomatsko proizvodno linijo za barvanje. Obstoje\u010da kriti\u010dna oprema obsega ve\u010d kot 300 kompletov (kompletov). Optimalna razporeditev in u\u010dinkovita uporaba opremnih virov zagotavljata zahteve glede natan\u010dnosti izdelkov in izpolnjujeta visoke zahteve glede kakovosti izdelkov.<\/p>\n<p><img loading=\"lazy\" decoding=\"async\" class=\"alignnone wp-image-626\" src=\"https:\/\/hydraulic-cylinders.net\/wp-content\/uploads\/2023\/08\/hydraulic-cylinder-product-1-300x158.webp\" alt=\"\" width=\"495\" height=\"260\" srcset=\"https:\/\/hydraulic-cylinders.net\/wp-content\/uploads\/2023\/08\/hydraulic-cylinder-product-1-300x158.webp 495w, https:\/\/hydraulic-cylinders.net\/wp-content\/uploads\/2023\/08\/hydraulic-cylinder-product-1-480x252.webp 480w\" sizes=\"(min-width: 0px) and (max-width: 480px) 480px, (min-width: 481px) 495px, 100vw\" \/> <img loading=\"lazy\" decoding=\"async\" class=\"alignnone wp-image-627\" src=\"https:\/\/hydraulic-cylinders.net\/wp-content\/uploads\/2023\/08\/hydraulic-cylinder-product-2-300x189.webp\" alt=\"\" width=\"413\" height=\"260\" \/><\/p>\n<h3>(2) Strojna obdelava<\/h3>\n<p>Strojna delavnica je opremljena s prilagojenim centrom za stru\u017eenje nagnjenih tirnic, obdelovalnim centrom, visokohitrostnim strojem za honanje, varilnim robotom in drugo sorodno opremo, ki lahko obdeluje cilindri\u010dne cevi z najve\u010djim notranjim premerom 400 mm in najve\u010djo dol\u017eino 6 metrov.<\/p>\n<p><img loading=\"lazy\" decoding=\"async\" class=\"alignnone wp-image-628 size-large\" src=\"https:\/\/hydraulic-cylinders.net\/wp-content\/uploads\/2023\/08\/hydraulic-cylinder-product-3-1024x391.webp\" alt=\"\" width=\"1024\" height=\"391\" srcset=\"https:\/\/hydraulic-cylinders.net\/wp-content\/uploads\/2023\/08\/hydraulic-cylinder-product-3-980x374.webp 980w, https:\/\/hydraulic-cylinders.net\/wp-content\/uploads\/2023\/08\/hydraulic-cylinder-product-3-480x183.webp 480w\" sizes=\"(min-width: 0px) and (max-width: 480px) 480px, (min-width: 481px) and (max-width: 980px) 980px, (min-width: 981px) 1024px, 100vw\" \/><\/p>\n<h3>(3) Varjenje<\/h3>\n<p><img loading=\"lazy\" decoding=\"async\" class=\"alignnone wp-image-629 size-large\" src=\"https:\/\/hydraulic-cylinders.net\/wp-content\/uploads\/2023\/08\/hydraulic-cylinder-product-4-1024x510.webp\" alt=\"\" width=\"1024\" height=\"510\" srcset=\"https:\/\/hydraulic-cylinders.net\/wp-content\/uploads\/2023\/08\/hydraulic-cylinder-product-4-980x488.webp 980w, https:\/\/hydraulic-cylinders.net\/wp-content\/uploads\/2023\/08\/hydraulic-cylinder-product-4-480x239.webp 480w\" sizes=\"(min-width: 0px) and (max-width: 480px) 480px, (min-width: 481px) and (max-width: 980px) 980px, (min-width: 981px) 1024px, 100vw\" \/><\/p>\n<h3>(4) Barvanje in premazovanje<\/h3>\n<p>Z majhnimi in srednje velikimi cilindri\u010dnimi avtomatskimi linijami za barvanje na vodni osnovi, za doseganje avtomatskega nakladanja in razkladanja robotov ter avtomatskega brizganja, je projektna zmogljivost 4000 kosov na izmeno;<br \/>\nImamo tudi polavtomatsko linijo za proizvodnjo barv za velike jeklenke, ki jo poganja veriga, s projektno zmogljivostjo 60 zabojev na izmeno.<\/p>\n<p><img loading=\"lazy\" decoding=\"async\" class=\"alignnone wp-image-630\" src=\"https:\/\/hydraulic-cylinders.net\/wp-content\/uploads\/2023\/08\/hydraulic-cylinder-product-5-300x213.webp\" alt=\"\" width=\"366\" height=\"260\" \/> <img loading=\"lazy\" decoding=\"async\" class=\"alignnone wp-image-631\" src=\"https:\/\/hydraulic-cylinders.net\/wp-content\/uploads\/2023\/08\/hydraulic-cylinder-product-6-300x225.webp\" alt=\"\" width=\"347\" height=\"260\" \/><\/p>\n<h3>(5) Testiranje<\/h3>\n<p>Imamo prvovrstne in\u0161pekcijske prostore in testne postaje, s katerimi zagotavljamo, da delovanje jeklenke izpolnjuje zahteve.<\/p>\n<p><img loading=\"lazy\" decoding=\"async\" class=\"alignnone wp-image-632\" src=\"https:\/\/hydraulic-cylinders.net\/wp-content\/uploads\/2023\/08\/hydraulic-cylinder-product-8-300x200.webp\" alt=\"\" width=\"389\" height=\"260\" \/><\/p>\n<p>&nbsp;<\/p>\n<p>&nbsp;<\/p>\n<p>Smo eden najbolj\u0161ih proizvajalcev hidravli\u010dnih cilindrov. Ponujamo vam celovite hidravli\u010dne cilindre. Zagotavljamo tudi ustrezne <a href=\"https:\/\/hzpt.com\/agricultural-pto-gearbox\/\" target=\"_blank\" rel=\"noopener\">kmetijski menjalniki<\/a>Na\u0161e izdelke smo izvozili strankam po vsem svetu in si prislu\u017eili dober ugled zaradi vrhunske kakovosti izdelkov in poprodajnih storitev. Z veseljem vas vabimo, da nas kontaktirate za poslovne dogovore, izmenjavo informacij in ... <a href=\"https:\/\/www.hydraulic-cylinders.net\/sl\/contact-us\/\">sodelujte z nami<\/a>!<\/p>","protected":false},"excerpt":{"rendered":"<p>Cement Equipment Feeding Cylinder The cement equipment feeding cylinder is a vital component in cement production, specifically designed to enhance efficiency and precision during the feeding process. This specialized cylinder plays a crucial role in cement plants, enabling controlled and accurate feeding of raw materials into the cement manufacturing machinery. The cement equipment feeding cylinder [&hellip;]<\/p>","protected":false},"featured_media":1736,"comment_status":"open","ping_status":"closed","template":"","meta":{"_et_pb_use_builder":"","_et_pb_old_content":"","_et_gb_content_width":""},"product_brand":[],"product_cat":[1520,1549],"product_tag":[1380],"class_list":{"0":"post-1735","1":"product","2":"type-product","3":"status-publish","4":"has-post-thumbnail","6":"product_cat-concrete-equipment-hydraulic-cylinders","7":"product_cat-single-acting-hydraulic-cylinder","8":"product_tag-hydraulic-cylinder","10":"first","11":"instock","12":"shipping-taxable","13":"product-type-simple"},"amp_enabled":true,"_links":{"self":[{"href":"https:\/\/www.hydraulic-cylinders.net\/sl\/wp-json\/wp\/v2\/product\/1735","targetHints":{"allow":["GET"]}}],"collection":[{"href":"https:\/\/www.hydraulic-cylinders.net\/sl\/wp-json\/wp\/v2\/product"}],"about":[{"href":"https:\/\/www.hydraulic-cylinders.net\/sl\/wp-json\/wp\/v2\/types\/product"}],"replies":[{"embeddable":true,"href":"https:\/\/www.hydraulic-cylinders.net\/sl\/wp-json\/wp\/v2\/comments?post=1735"}],"wp:featuredmedia":[{"embeddable":true,"href":"https:\/\/www.hydraulic-cylinders.net\/sl\/wp-json\/wp\/v2\/media\/1736"}],"wp:attachment":[{"href":"https:\/\/www.hydraulic-cylinders.net\/sl\/wp-json\/wp\/v2\/media?parent=1735"}],"wp:term":[{"taxonomy":"product_brand","embeddable":true,"href":"https:\/\/www.hydraulic-cylinders.net\/sl\/wp-json\/wp\/v2\/product_brand?post=1735"},{"taxonomy":"product_cat","embeddable":true,"href":"https:\/\/www.hydraulic-cylinders.net\/sl\/wp-json\/wp\/v2\/product_cat?post=1735"},{"taxonomy":"product_tag","embeddable":true,"href":"https:\/\/www.hydraulic-cylinders.net\/sl\/wp-json\/wp\/v2\/product_tag?post=1735"}],"curies":[{"name":"delovni list","href":"https:\/\/api.w.org\/{rel}","templated":true}]}}