{"id":1739,"date":"2023-10-12T07:42:24","date_gmt":"2023-10-12T07:42:24","guid":{"rendered":"https:\/\/hydraulic-cylinders.net\/?post_type=product&#038;p=1739"},"modified":"2025-04-11T02:57:02","modified_gmt":"2025-04-11T02:57:02","slug":"injection-molding-machine-shooting-cylinder","status":"publish","type":"product","link":"https:\/\/www.hydraulic-cylinders.net\/sl\/izdelek\/injection-molding-machine-shooting-cylinder\/","title":{"rendered":"Stroj za brizganje plastike, streljanje cilindra"},"content":{"rendered":"<h1 style=\"text-align: center;\"><strong>Stroj za brizganje plastike, streljanje cilindra<\/strong><\/h1>\n<p><img loading=\"lazy\" decoding=\"async\" class=\"aligncenter wp-image-1740\" src=\"https:\/\/hydraulic-cylinders.net\/wp-content\/uploads\/2023\/10\/shooting-cylinder-1-300x300.webp\" alt=\"\" width=\"400\" height=\"400\" \/><\/p>\n<p>Vbrizgalni valj stroja za brizganje plastike je klju\u010dna komponenta v postopkih brizganja plastike in je zasnovan za pove\u010danje natan\u010dnosti, u\u010dinkovitosti in zanesljivosti. Ta specializirani valj je klju\u010den v fazi brizganja, kjer se staljeni plasti\u010dni material vbrizga v kalup za oblikovanje \u017eelenih izdelkov.<\/p>\n<p>Vbrizgalni valj za brizgalni stroj je bistvenega pomena pri brizganju plastike, saj omogo\u010da natan\u010dno in u\u010dinkovito vbrizgavanje staljene plastike v kalupe. S svojo robustno konstrukcijo, natan\u010dnim krmiljenjem, hitrim delovanjem in visokim tlakom vbrizgavanja ta valj zagotavlja natan\u010dno in ponovljivo brizganje plasti\u010dnih komponent. Z upo\u0161tevanjem priporo\u010denih metod uporabe in vzdr\u017eevalnih praks lahko proizvajalci pove\u010dajo zmogljivost in dolgo \u017eivljenjsko dobo vbrizgalnega valja za brizgalni stroj, kar na koncu izbolj\u0161a natan\u010dnost, u\u010dinkovitost in kakovost brizganja plastike.<\/p>\n<p>Klju\u010dne zna\u010dilnosti cilindra za brizganje plastike:<\/p>\n<ol>\n<li>Robustna konstrukcija:<\/li>\n<\/ol>\n<ul>\n<li>Vbrizgalni valj za brizgalni stroj ima robustno konstrukcijo iz visokokakovostnih materialov, kar zagotavlja vzdr\u017eljivost in dolgo \u017eivljenjsko dobo v zahtevnih proizvodnih okoljih.<\/li>\n<li>Lahko prenese visok pritisk in ponavljajo\u010de se gibe ter ohranja dosledno delovanje skozi podalj\u0161ane proizvodne cikle.<\/li>\n<\/ul>\n<ol start=\"2\">\n<li>Natan\u010den nadzor:<\/li>\n<\/ol>\n<ul>\n<li>Ta valj je zasnovan tako, da zagotavlja natan\u010den nadzor nad postopkom brizganja, kar omogo\u010da natan\u010dno in ponovljivo oblikovanje plasti\u010dnih komponent.<\/li>\n<li>Omogo\u010da fino nastavitev hitrosti, tlaka in volumna vbrizgavanja, kar izbolj\u0161a kakovost delov in zmanj\u0161a izgubo.<\/li>\n<\/ul>\n<ol start=\"3\">\n<li>Hitro in u\u010dinkovito delovanje:<\/li>\n<\/ol>\n<ul>\n<li>Vbrizgalni valj stroja za brizganje omogo\u010da hitre cikle brizganja, kar skraj\u0161a proizvodni \u010das in pove\u010da splo\u0161no produktivnost.<\/li>\n<li>Zagotavlja hitro in natan\u010dno dovajanje staljene plastike v votlino kalupa, kar pove\u010da u\u010dinkovitost postopka brizganja.<\/li>\n<\/ul>\n<ol start=\"4\">\n<li>Visok tlak vbrizgavanja:<\/li>\n<\/ol>\n<ul>\n<li>Ta valj je zasnovan tako, da prenese in zagotavlja visoke tlake vbrizgavanja, potrebne za oblikovanje kompleksnih in podrobnih plasti\u010dnih delov.<\/li>\n<li>Zagotavlja dosledno in enakomerno uporabo tlaka, kar ima za posledico enakomerno polnjenje kalupa in optimalno kakovost dela.<\/li>\n<\/ul>\n<h2><strong>Parameter cilindra za brizganje plastike:<\/strong><\/h2>\n<table border=\"1\" cellspacing=\"0\" cellpadding=\"0\">\n<tbody>\n<tr>\n<td>Ime izdelka<\/td>\n<td>Stroj za brizganje plastike, streljanje cilindra<\/td>\n<\/tr>\n<tr>\n<td>Zna\u010dilnosti:<\/td>\n<td>Vozite strelsko postajo, da se premakne<\/td>\n<\/tr>\n<tr>\n<td>Premer izvrtine:<\/td>\n<td>63 mm\uff5e140 mm<\/td>\n<\/tr>\n<tr>\n<td>Premer palice:<\/td>\n<td>36 mm\uff5e90 mm<br \/>\nHod \u22641500 mm<\/td>\n<\/tr>\n<tr>\n<td>Potisna sila:<\/td>\n<td>Najve\u010d 384 kN<br \/>\n(Premer izvrtine: 140 mm\/tlak 25 MPa)<\/td>\n<\/tr>\n<tr>\n<td>Uporaba:<\/td>\n<td>Stroj za brizganje plastike<\/td>\n<\/tr>\n<\/tbody>\n<\/table>\n<div><\/div>\n<div>\n<div class=\"txtboxL\">\n<div class=\"txtboxL\">\n<div class=\"txtboxL\">\n<div class=\"txtboxL\">Zna\u010dilnosti:<\/div>\n<div class=\"txtboxR\">Vozite strelsko postajo, da se premakne<\/div>\n<div class=\"txtboxL\">Specifikacija:<\/div>\n<div class=\"txtboxR\">Premer izvrtine: 63 mm\uff5e140 mm<br \/>\nPremer palice: 36 mm\uff5e90 mm<br \/>\nHod \u22641500 mm<\/div>\n<div class=\"txtboxL\">Potisna sila:<\/div>\n<div class=\"txtboxR\">Najve\u010d 384 kN<br \/>\n(Premer izvrtine: 140 mm\/tlak 25 MPa)<\/div>\n<\/div>\n<\/div>\n<\/div>\n<\/div>\n<h2><strong>Oprema za cement <\/strong><strong>Tovarna valjev:<\/strong><\/h2>\n<p><img loading=\"lazy\" decoding=\"async\" class=\"alignnone wp-image-1734 size-full\" src=\"https:\/\/hydraulic-cylinders.net\/wp-content\/uploads\/2023\/10\/cement-equipment-cylinder-1.webp\" alt=\"\" width=\"1418\" height=\"946\" srcset=\"https:\/\/hydraulic-cylinders.net\/wp-content\/uploads\/2023\/10\/cement-equipment-cylinder-1.webp 1418w, https:\/\/hydraulic-cylinders.net\/wp-content\/uploads\/2023\/10\/cement-equipment-cylinder-1-1280x854.webp 1280w, https:\/\/hydraulic-cylinders.net\/wp-content\/uploads\/2023\/10\/cement-equipment-cylinder-1-980x654.webp 980w, https:\/\/hydraulic-cylinders.net\/wp-content\/uploads\/2023\/10\/cement-equipment-cylinder-1-480x320.webp 480w\" sizes=\"(min-width: 0px) and (max-width: 480px) 480px, (min-width: 481px) and (max-width: 980px) 980px, (min-width: 981px) and (max-width: 1280px) 1280px, (min-width: 1281px) 1418px, 100vw\" \/><\/p>\n<h2><strong>Metoda uporabe cilindra za brizganje plastike<\/strong><strong>:<\/strong><\/h2>\n<ol>\n<li><strong>Namestitev:<\/strong><\/li>\n<\/ol>\n<ul>\n<li>Za varno namestitev vbrizgalnega valja stroja za brizganje plastike v stroj za brizganje plastike upo\u0161tevajte navodila proizvajalca.<\/li>\n<li>Zagotovite pravilno poravnavo in pritrditev na brizgalno enoto stroja, da omogo\u010dite nemoteno delovanje med postopkom brizganja.<\/li>\n<\/ul>\n<ol start=\"2\">\n<li><strong>Prilagajanje parametrov vbrizgavanja:<\/strong><\/li>\n<\/ol>\n<ul>\n<li>Za nastavitev parametrov vbrizgavanja, kot so hitrost vbrizgavanja, tlak in prostornina, uporabite nadzorno plo\u0161\u010do ali vmesnik naprave.<\/li>\n<li>Za posebna navodila o nastavitvi ustreznih parametrov glede na \u017eelene specifikacije dela in zna\u010dilnosti materiala glejte navodila za uporabo stroja.<\/li>\n<\/ul>\n<ol start=\"3\">\n<li><strong>Priprava materiala:<\/strong><\/li>\n<\/ol>\n<ul>\n<li>Plasti\u010dni material predhodno segrejte in pripravite, pri \u010demer se prepri\u010dajte, da je v staljenem stanju in pripravljen za brizganje.<\/li>\n<li>Pripravljen material nalo\u017eite v lijak stroja ali sistem za dovajanje materiala, s \u010dimer zagotovite enakomerno oskrbo za postopek brizganja.<\/li>\n<\/ul>\n<ol start=\"4\">\n<li><strong>Priprava kalupa:<\/strong><\/li>\n<\/ol>\n<ul>\n<li>Kalup namestite v stroj za brizganje in zagotovite pravilno poravnavo in vpenjanje.<\/li>\n<li>Kalup priklju\u010dite na \u0161obo vbrizgalnega valja stroja za brizganje, kar omogo\u010da natan\u010dno in nadzorovano vbrizgavanje v votlino kalupa.<\/li>\n<\/ul>\n<ol start=\"5\">\n<li><strong>Postopek injiciranja:<\/strong><\/li>\n<\/ol>\n<ul>\n<li>Aktivirajte stroj za brizganje plastike in za\u010dnite postopek brizganja.<\/li>\n<li>Vbrizgalni valj stroja za brizganje hitro dovaja staljeno plastiko v votlino kalupa in jo natan\u010dno in enakomerno napolni.<\/li>\n<li>Po brizganju pustite dovolj \u010dasa, da se plastika ohladi in strdi, preden odprete kalup.<\/li>\n<\/ul>\n<h2><strong>Kako razstaviti hidravli\u010dni cilinder?<\/strong><\/h2>\n<p>Razstavljanje hidravli\u010dnega cilindra zahteva skrbno in sistemati\u010dno razstavljanje, da se zagotovi celovitost komponent in varna ponovna monta\u017ea. Tukaj je splo\u0161en vodnik po korakih za razstavljanje hidravli\u010dnega cilindra:<\/p>\n<ol>\n<li><strong>Varnostni ukrepi:<\/strong>\n<ul>\n<li>Preden za\u010dnete z razstavljanjem, se prepri\u010dajte, da je hidravli\u010dni sistem brez tlaka in izklopljen. To bo prepre\u010dilo kakr\u0161no koli nenamerno premikanje ali iztekanje teko\u010dine.<\/li>\n<li>Nosite ustrezno osebno za\u0161\u010ditno opremo, kot so rokavice in za\u0161\u010ditna o\u010dala, da se za\u0161\u010ditite pred nevarnostmi.<\/li>\n<\/ul>\n<\/li>\n<li><strong>Prepoznajte in dokumentirajte:<\/strong>\n<ul>\n<li>Pred demonta\u017eo si zapomnite orientacijo cilindra, podrobnosti monta\u017ee in druge pomembne informacije. To bo olaj\u0161alo kasnej\u0161o ponovno monta\u017eo.<\/li>\n<\/ul>\n<\/li>\n<li><strong>Pritrdite valj:<\/strong>\n<ul>\n<li>Med razstavljanjem uporabite primerno delovno mizo ali prime\u017e, da pritrdite valj v stabilnem polo\u017eaju.<\/li>\n<\/ul>\n<\/li>\n<li><strong>Odstranite zunanje komponente:<\/strong>\n<ul>\n<li>Za\u010dnite z odstranitvijo vseh zunanjih komponent, pritrjenih na valj, kot so pritrdilni nosilci, zati\u010di ali zadr\u017eevalni obro\u010di.<\/li>\n<\/ul>\n<\/li>\n<li><strong>Izpustite hidravli\u010dno teko\u010dino:<\/strong>\n<ul>\n<li>Pod valj postavite primerno posodo, da ujamete morebitno iztekajo\u010do hidravli\u010dno teko\u010dino.<\/li>\n<li>Odvijte \u010dep ali priklju\u010dek rezervoarja za hidravli\u010dno teko\u010dino, da se teko\u010dina popolnoma izprazni.<\/li>\n<\/ul>\n<\/li>\n<li><strong>Odstranite kon\u010dne pokrov\u010dke cilindra:<\/strong>\n<ul>\n<li>Poi\u0161\u010dite kon\u010dne pokrov\u010dke na valju. Ti so obi\u010dajno pritrjeni z vijaki ali navojem na cev valja.<\/li>\n<li>Za previdno odstranitev kon\u010dnih pokrov\u010dkov uporabite ustrezno orodje, kot so klju\u010di ali kompleti nastavkov.<\/li>\n<li>Ko odstranite vsak kon\u010dni pokrov\u010dek, bodite pripravljeni na morebitno preostalo hidravli\u010dno teko\u010dino ali sprostitev tlaka.<\/li>\n<\/ul>\n<\/li>\n<li><strong>Izvlecite bat:<\/strong>\n<ul>\n<li>Ko so kon\u010dni pokrov\u010dki odstranjeni, bi moral biti bat zdaj dostopen.<\/li>\n<li>Ne\u017eno pritisnite na en konec batnice, da za\u010dnete bat drseti iz valja.<\/li>\n<li>Po\u010dasi in enakomerno izvlecite bat iz cilindra, pri \u010demer pazite, da ne po\u0161kodujete notranjih komponent ali tesnil.<\/li>\n<\/ul>\n<\/li>\n<li><strong>Pregled in \u010di\u0161\u010denje:<\/strong>\n<ul>\n<li>Vse razstavljene komponente temeljito preglejte glede znakov obrabe, po\u0161kodb ali onesna\u017eenja.<\/li>\n<li>Vsako komponento o\u010distite z ustreznim \u010distilnim topilom in krpo, ki ne pu\u0161\u010da vlaken, da odstranite umazanijo, ostanke ali ostanke hidravli\u010dne teko\u010dine.<\/li>\n<\/ul>\n<\/li>\n<li><strong>Zamenjajte tesnila in O-tesnila:<\/strong>\n<ul>\n<li>\u010ce katera koli tesnila ali O-tesnila ka\u017eejo znake obrabe ali po\u0161kodb, jih je priporo\u010dljivo zamenjati z novimi, da zagotovite ustrezno tesnjenje in prepre\u010dite prihodnja pu\u0161\u010danja.<\/li>\n<\/ul>\n<\/li>\n<li><strong>Ponovna monta\u017ea:<\/strong><\/li>\n<\/ol>\n<ul>\n<li>Za ponovno sestavljanje hidravli\u010dnega cilindra sledite korakom razstavljanja v obratnem vrstnem redu.<\/li>\n<li>Pred ponovno monta\u017eo nama\u017eite vsa tesnila in O-tesnila s hidravli\u010dno teko\u010dino ali zdru\u017eljivim mazivom.<\/li>\n<li>Prepri\u010dajte se, da so vse komponente pravilno poravnane in zategnjene v skladu s specifikacijami proizvajalca.<\/li>\n<\/ul>\n<h2><strong>Zmogljivost in zmogljivost tovarne:<\/strong><\/h2>\n<h3>(1) Sestavljanje<\/h3>\n<p>Imamo prvovrstno neodvisno platformo za raziskave in razvoj. Delavnica za proizvodnjo hidravli\u010dnih cilindrov ima \u0161tiri polavtomatske monta\u017ene linije za dvi\u017ene cilindre in eno avtomatsko monta\u017eno linijo za nagibne cilindre z letno proizvodno zmogljivostjo 1 milijona kosov. Delavnica za posebne cilindre je opremljena z razli\u010dnimi specifikacijami polavtomatskega sistema za \u010di\u0161\u010denje in monta\u017eo z letno proizvodno zmogljivostjo 200.000 kosov ter znano CNC obdelovalno opremo, obdelovalnim centrom, visoko precizno posebno opremo za obdelavo cilindrov, robotskim varilnim strojem, avtomatskim \u010distilnim strojem, avtomatskim strojem za monta\u017eo cilindrov in avtomatsko proizvodno linijo za barvanje. Obstoje\u010da kriti\u010dna oprema obsega ve\u010d kot 300 kompletov (kompletov). Optimalna razporeditev in u\u010dinkovita uporaba opremnih virov zagotavljata zahteve glede natan\u010dnosti izdelkov in izpolnjujeta visoke zahteve glede kakovosti izdelkov.<\/p>\n<p><img loading=\"lazy\" decoding=\"async\" class=\"alignnone wp-image-626\" src=\"https:\/\/hydraulic-cylinders.net\/wp-content\/uploads\/2023\/08\/hydraulic-cylinder-product-1-300x158.webp\" alt=\"\" width=\"495\" height=\"260\" srcset=\"https:\/\/hydraulic-cylinders.net\/wp-content\/uploads\/2023\/08\/hydraulic-cylinder-product-1-300x158.webp 495w, https:\/\/hydraulic-cylinders.net\/wp-content\/uploads\/2023\/08\/hydraulic-cylinder-product-1-480x252.webp 480w\" sizes=\"(min-width: 0px) and (max-width: 480px) 480px, (min-width: 481px) 495px, 100vw\" \/> <img loading=\"lazy\" decoding=\"async\" class=\"alignnone wp-image-627\" src=\"https:\/\/hydraulic-cylinders.net\/wp-content\/uploads\/2023\/08\/hydraulic-cylinder-product-2-300x189.webp\" alt=\"\" width=\"413\" height=\"260\" \/><\/p>\n<h3>(2) Strojna obdelava<\/h3>\n<p>Strojna delavnica je opremljena s prilagojenim centrom za stru\u017eenje nagnjenih tirnic, obdelovalnim centrom, visokohitrostnim strojem za honanje, varilnim robotom in drugo sorodno opremo, ki lahko obdeluje cilindri\u010dne cevi z najve\u010djim notranjim premerom 400 mm in najve\u010djo dol\u017eino 6 metrov.<\/p>\n<p><img loading=\"lazy\" decoding=\"async\" class=\"alignnone wp-image-628 size-large\" src=\"https:\/\/hydraulic-cylinders.net\/wp-content\/uploads\/2023\/08\/hydraulic-cylinder-product-3-1024x391.webp\" alt=\"\" width=\"1024\" height=\"391\" srcset=\"https:\/\/hydraulic-cylinders.net\/wp-content\/uploads\/2023\/08\/hydraulic-cylinder-product-3-980x374.webp 980w, https:\/\/hydraulic-cylinders.net\/wp-content\/uploads\/2023\/08\/hydraulic-cylinder-product-3-480x183.webp 480w\" sizes=\"(min-width: 0px) and (max-width: 480px) 480px, (min-width: 481px) and (max-width: 980px) 980px, (min-width: 981px) 1024px, 100vw\" \/><\/p>\n<h3>(3) Varjenje<\/h3>\n<p><img loading=\"lazy\" decoding=\"async\" class=\"alignnone wp-image-629 size-large\" src=\"https:\/\/hydraulic-cylinders.net\/wp-content\/uploads\/2023\/08\/hydraulic-cylinder-product-4-1024x510.webp\" alt=\"\" width=\"1024\" height=\"510\" srcset=\"https:\/\/hydraulic-cylinders.net\/wp-content\/uploads\/2023\/08\/hydraulic-cylinder-product-4-980x488.webp 980w, https:\/\/hydraulic-cylinders.net\/wp-content\/uploads\/2023\/08\/hydraulic-cylinder-product-4-480x239.webp 480w\" sizes=\"(min-width: 0px) and (max-width: 480px) 480px, (min-width: 481px) and (max-width: 980px) 980px, (min-width: 981px) 1024px, 100vw\" \/><\/p>\n<h3>(4) Barvanje in premazovanje<\/h3>\n<p>Z majhnimi in srednje velikimi cilindri\u010dnimi avtomatskimi linijami za barvanje na vodni osnovi, za doseganje avtomatskega nakladanja in razkladanja robotov ter avtomatskega brizganja, je projektna zmogljivost 4000 kosov na izmeno;<br \/>\nImamo tudi polavtomatsko linijo za proizvodnjo barv za velike jeklenke, ki jo poganja veriga, s projektno zmogljivostjo 60 zabojev na izmeno.<\/p>\n<p><img loading=\"lazy\" decoding=\"async\" class=\"alignnone wp-image-630\" src=\"https:\/\/hydraulic-cylinders.net\/wp-content\/uploads\/2023\/08\/hydraulic-cylinder-product-5-300x213.webp\" alt=\"\" width=\"366\" height=\"260\" \/> <img loading=\"lazy\" decoding=\"async\" class=\"alignnone wp-image-631\" src=\"https:\/\/hydraulic-cylinders.net\/wp-content\/uploads\/2023\/08\/hydraulic-cylinder-product-6-300x225.webp\" alt=\"\" width=\"347\" height=\"260\" \/><\/p>\n<h3>(5) Testiranje<\/h3>\n<p>Imamo prvovrstne in\u0161pekcijske prostore in testne postaje, s katerimi zagotavljamo, da delovanje jeklenke izpolnjuje zahteve.<\/p>\n<p><img loading=\"lazy\" decoding=\"async\" class=\"alignnone wp-image-632\" src=\"https:\/\/hydraulic-cylinders.net\/wp-content\/uploads\/2023\/08\/hydraulic-cylinder-product-8-300x200.webp\" alt=\"\" width=\"389\" height=\"260\" \/><\/p>\n<p>&nbsp;<\/p>\n<p>&nbsp;<\/p>\n<p>Smo eden najbolj\u0161ih proizvajalcev hidravli\u010dnih cilindrov. Ponujamo vam celovite hidravli\u010dne cilindre. Zagotavljamo tudi ustrezne <a href=\"https:\/\/hzpt.com\/agricultural-pto-gearbox\/\" target=\"_blank\" rel=\"noopener\">kmetijski menjalniki<\/a>Na\u0161e izdelke smo izvozili strankam po vsem svetu in si prislu\u017eili dober ugled zaradi vrhunske kakovosti izdelkov in poprodajnih storitev. Z veseljem vas vabimo, da nas kontaktirate za poslovne dogovore, izmenjavo informacij in ... <a href=\"https:\/\/www.hydraulic-cylinders.net\/sl\/contact-us\/\">sodelujte z nami<\/a>!<\/p>","protected":false},"excerpt":{"rendered":"<p>Injection Molding Machine Shooting Cylinder The injection molding machine shooting cylinder is a crucial component in plastic injection molding processes and is designed to enhance precision, efficiency, and reliability. This specialized cylinder is pivotal in the injection phase, where molten plastic material is injected into a mold to form desired products. The injection molding machine [&hellip;]<\/p>","protected":false},"featured_media":1741,"comment_status":"open","ping_status":"closed","template":"","meta":{"_et_pb_use_builder":"","_et_pb_old_content":"","_et_gb_content_width":""},"product_brand":[],"product_cat":[1523,1549,1376],"product_tag":[1380],"class_list":{"0":"post-1739","1":"product","2":"type-product","3":"status-publish","4":"has-post-thumbnail","6":"product_cat-injection-molding-hydraulic-cylinders","7":"product_cat-single-acting-hydraulic-cylinder","8":"product_cat-hydraulic-cylinder","9":"product_tag-hydraulic-cylinder","11":"first","12":"instock","13":"shipping-taxable","14":"product-type-simple"},"amp_enabled":true,"_links":{"self":[{"href":"https:\/\/www.hydraulic-cylinders.net\/sl\/wp-json\/wp\/v2\/product\/1739","targetHints":{"allow":["GET"]}}],"collection":[{"href":"https:\/\/www.hydraulic-cylinders.net\/sl\/wp-json\/wp\/v2\/product"}],"about":[{"href":"https:\/\/www.hydraulic-cylinders.net\/sl\/wp-json\/wp\/v2\/types\/product"}],"replies":[{"embeddable":true,"href":"https:\/\/www.hydraulic-cylinders.net\/sl\/wp-json\/wp\/v2\/comments?post=1739"}],"wp:featuredmedia":[{"embeddable":true,"href":"https:\/\/www.hydraulic-cylinders.net\/sl\/wp-json\/wp\/v2\/media\/1741"}],"wp:attachment":[{"href":"https:\/\/www.hydraulic-cylinders.net\/sl\/wp-json\/wp\/v2\/media?parent=1739"}],"wp:term":[{"taxonomy":"product_brand","embeddable":true,"href":"https:\/\/www.hydraulic-cylinders.net\/sl\/wp-json\/wp\/v2\/product_brand?post=1739"},{"taxonomy":"product_cat","embeddable":true,"href":"https:\/\/www.hydraulic-cylinders.net\/sl\/wp-json\/wp\/v2\/product_cat?post=1739"},{"taxonomy":"product_tag","embeddable":true,"href":"https:\/\/www.hydraulic-cylinders.net\/sl\/wp-json\/wp\/v2\/product_tag?post=1739"}],"curies":[{"name":"delovni list","href":"https:\/\/api.w.org\/{rel}","templated":true}]}}