{"id":1742,"date":"2023-10-12T07:55:54","date_gmt":"2023-10-12T07:55:54","guid":{"rendered":"https:\/\/hydraulic-cylinders.net\/?post_type=product&#038;p=1742"},"modified":"2025-04-11T02:56:56","modified_gmt":"2025-04-11T02:56:56","slug":"injection-molding-machine-ejection-cylinder","status":"publish","type":"product","link":"https:\/\/www.hydraulic-cylinders.net\/sl\/izdelek\/injection-molding-machine-ejection-cylinder\/","title":{"rendered":"Izmetni valj za brizgalni stroj"},"content":{"rendered":"<h1 style=\"text-align: center;\"><strong>Izmetni valj za brizgalni stroj<\/strong><\/h1>\n<p><img loading=\"lazy\" decoding=\"async\" class=\"wp-image-1744 aligncenter\" src=\"https:\/\/hydraulic-cylinders.net\/wp-content\/uploads\/2023\/10\/ejection-cylinder-1-300x300.webp\" alt=\"\" width=\"400\" height=\"400\" \/><\/p>\n<p>Izmetni valj stroja za brizganje plastike je klju\u010dni sestavni del procesa brizganja plastike, zasnovan za izbolj\u0161anje u\u010dinkovitosti in natan\u010dnosti z olaj\u0161anjem izmeta oblikovanih delov iz votline kalupa. Ta specializirani valj igra klju\u010dno vlogo v zadnji fazi cikla brizganja, saj zagotavlja nemoteno in u\u010dinkovito odstranjevanje oblikovanih delov iz kalupa.<\/p>\n<p>Izmetni valj stroja za brizganje plastike je bistvena komponenta pri brizganju plastike, ki omogo\u010da u\u010dinkovito in natan\u010dno izmetavanje oblikovanih delov iz votline kalupa. Ta valj zagotavlja zanesljive in optimizirane postopke izmeta s svojo robustno konstrukcijo, natan\u010dnim nadzorom izmeta, hitrim delovanjem in nastavljivo dol\u017eino hoda. Z upo\u0161tevanjem priporo\u010denih metod uporabe in vzdr\u017eevalnih praks lahko proizvajalci pove\u010dajo zmogljivost in dolgo \u017eivljenjsko dobo izmetnega valja stroja za brizganje plastike, kar na koncu izbolj\u0161a u\u010dinkovitost, natan\u010dnost in splo\u0161no kakovost operacij brizganja plastike.<\/p>\n<p>Klju\u010dne zna\u010dilnosti izmetnega valja stroja za brizganje plastike:<\/p>\n<ol>\n<li>Robustna konstrukcija:<\/li>\n<\/ol>\n<ul>\n<li>Izmetni valj stroja za brizganje plastike je izdelan iz visokokakovostnih materialov, kar zagotavlja vzdr\u017eljivost in dolgo \u017eivljenjsko dobo tudi v zahtevnih proizvodnih okoljih.<\/li>\n<li>Zasnovan je tako, da prenese visoke izmetne sile in ponavljajo\u010de se gibe, s \u010dimer ohranja dosledno delovanje tudi v dalj\u0161ih obdobjih uporabe.<\/li>\n<\/ul>\n<ol start=\"2\">\n<li>Natan\u010den nadzor izmeta:<\/li>\n<\/ol>\n<ul>\n<li>Ta valj zagotavlja natan\u010den nadzor nad postopkom izmeta, kar omogo\u010da natan\u010dno in ponovljivo izmetanje oblikovanih delov.<\/li>\n<li>Omogo\u010da prilagoditev hitrosti izmeta, sile in dol\u017eine hoda, kar zagotavlja optimalno odstranjevanje delov brez povzro\u010danja po\u0161kodb.<\/li>\n<\/ul>\n<ol start=\"3\">\n<li>Hitro in u\u010dinkovito delovanje:<\/li>\n<\/ol>\n<ul>\n<li>Izmetni valj stroja za brizganje omogo\u010da hitre izmetne cikle, kar skraj\u0161a proizvodni \u010das in pove\u010da splo\u0161no produktivnost.<\/li>\n<li>Zagotavlja hitro in zanesljivo izmeto oblikovanih delov, kar skraj\u0161a \u010das izpada in omogo\u010di hitrej\u0161e menjavanje kalupov.<\/li>\n<\/ul>\n<ol start=\"4\">\n<li>Nastavljiva dol\u017eina hoda:<\/li>\n<\/ol>\n<ul>\n<li>Ta valj ponuja nastavljivo dol\u017eino hoda, da se prilagodi oblikam kalupov in velikostim delov.<\/li>\n<li>Omogo\u010da fleksibilnost pri izmetu, saj zagotavlja, da so deli izmetani z ustrezno razdaljo in odmikom od kalupa.<\/li>\n<\/ul>\n<h2><strong>Parameter izmetnega valja stroja za brizganje plastike:<\/strong><\/h2>\n<table border=\"1\" cellspacing=\"0\" cellpadding=\"0\">\n<tbody>\n<tr>\n<td>Ime izdelka<\/td>\n<td>Izmetni valj za brizgalni stroj<\/td>\n<\/tr>\n<tr>\n<td>Zna\u010dilnosti:<\/td>\n<td>Izvrzite izdelek, oblikovan v kalupu<\/td>\n<\/tr>\n<tr>\n<td>Premer izvrtine:<\/td>\n<td>\u00a090 mm\uff5e220 mm<\/td>\n<\/tr>\n<tr>\n<td>Premer palice:<\/td>\n<td>50 mm\uff5e140 mm<br \/>\nHod \u2264600 mm<\/td>\n<\/tr>\n<tr>\n<td>Potisna sila:<\/td>\n<td>Najve\u010d 760 kN<br \/>\n(Premer izvrtine: 220 mm\/tlak 10 MPa)<\/td>\n<\/tr>\n<tr>\n<td>Uporaba:<\/td>\n<td>Stroj za brizganje plastike<\/td>\n<\/tr>\n<\/tbody>\n<\/table>\n<div><\/div>\n<div>\n<div class=\"txtboxL\">\n<div class=\"txtboxL\">\n<div class=\"txtboxL\">\n<div class=\"txtboxL\">\n<div class=\"txtboxL\">Zna\u010dilnosti:<\/div>\n<div class=\"txtboxR\">Izvrzite izdelek, oblikovan v kalupu<\/div>\n<div class=\"txtboxL\">Specifikacija:<\/div>\n<div class=\"txtboxR\">Premer izvrtine: 90 mm\uff5e220 mm<br \/>\nPremer palice: 50 mm\uff5e140 mm<br \/>\nHod \u2264600 mm<\/div>\n<div class=\"txtboxL\">Potisna sila:<\/div>\n<div class=\"txtboxR\">Najve\u010d 760 kN<br \/>\n(Premer izvrtine: 220 mm\/tlak 10 MPa)<\/div>\n<\/div>\n<\/div>\n<\/div>\n<\/div>\n<\/div>\n<h2><strong>Oprema za cement <\/strong><strong>Tovarna valjev:<\/strong><\/h2>\n<p><img loading=\"lazy\" decoding=\"async\" class=\"alignnone wp-image-1734 size-full\" src=\"https:\/\/hydraulic-cylinders.net\/wp-content\/uploads\/2023\/10\/cement-equipment-cylinder-1.webp\" alt=\"\" width=\"1418\" height=\"946\" srcset=\"https:\/\/hydraulic-cylinders.net\/wp-content\/uploads\/2023\/10\/cement-equipment-cylinder-1.webp 1418w, https:\/\/hydraulic-cylinders.net\/wp-content\/uploads\/2023\/10\/cement-equipment-cylinder-1-1280x854.webp 1280w, https:\/\/hydraulic-cylinders.net\/wp-content\/uploads\/2023\/10\/cement-equipment-cylinder-1-980x654.webp 980w, https:\/\/hydraulic-cylinders.net\/wp-content\/uploads\/2023\/10\/cement-equipment-cylinder-1-480x320.webp 480w\" sizes=\"(min-width: 0px) and (max-width: 480px) 480px, (min-width: 481px) and (max-width: 980px) 980px, (min-width: 981px) and (max-width: 1280px) 1280px, (min-width: 1281px) 1418px, 100vw\" \/><\/p>\n<h2><strong>Metoda uporabe izmeta valja stroja za brizganje plastike<\/strong><strong>:<\/strong><\/h2>\n<ol>\n<li><strong>Namestitev:<\/strong><\/li>\n<\/ol>\n<ul>\n<li>Za varno namestitev izmetalnega valja stroja za brizganje plastike na stroj za brizganje plastike upo\u0161tevajte navodila proizvajalca.<\/li>\n<li>Zagotovite pravilno poravnavo in pritrditev na izmetno enoto stroja, da omogo\u010dite nemoteno delovanje med postopkom izmeta.<\/li>\n<\/ul>\n<ol start=\"2\">\n<li><strong>Prilagajanje parametrov izmeta:<\/strong><\/li>\n<\/ol>\n<ul>\n<li>Za nastavitev parametrov izmeta, kot so hitrost, sila in dol\u017eina hoda, uporabite nadzorno plo\u0161\u010do ali vmesnik stroja.<\/li>\n<li>Za posebna navodila o nastavitvi ustreznih parametrov glede na specifikacije dela in zahteve kalupa glejte navodila za uporabo stroja.<\/li>\n<\/ul>\n<ol start=\"3\">\n<li><strong>Priprava kalupa:<\/strong><\/li>\n<\/ol>\n<ul>\n<li>Kalup namestite v stroj za brizganje in zagotovite pravilno poravnavo in vpenjanje.<\/li>\n<li>Na kalup pritrdite izmetne komponente, kot so izmetni zati\u010di ali izmetne plo\u0161\u010de, da zagotovite varno in zanesljivo izmeto.<\/li>\n<\/ul>\n<ol start=\"4\">\n<li><strong>Postopek izmeta:<\/strong><\/li>\n<\/ol>\n<ul>\n<li>Postopek izmetanja za\u010dnite z aktiviranjem stroja za brizganje.<\/li>\n<li>Izmetni valj stroja za brizganje plastike hitro iztegne izmetne komponente in potisne oblikovane dele iz votline kalupa.<\/li>\n<li>Prepri\u010dajte se, da je dol\u017eina izmetalnega hoda prilagojena tako, da se deli izvr\u017eejo z \u017eeleno razdaljo in brez povzro\u010ditve po\u0161kodb.<\/li>\n<\/ul>\n<h2><strong>Kako deluje hidravli\u010dni cilinder?<\/strong><\/h2>\n<p>Hidravli\u010dni valj je mehanska naprava, ki uporablja hidravli\u010dno teko\u010dino za ustvarjanje sile in omogo\u010danje linearnega gibanja. Deluje tako, da prena\u0161a tlak skozi zaprto teko\u010dino za ustvarjanje mehanskega izhoda. Tukaj je poenostavljena razlaga delovanja hidravli\u010dnega valja:<\/p>\n<ol>\n<li><strong>Osnovne komponente:<\/strong>\n<ul>\n<li>Cev cilindra: Glavno telo hidravli\u010dnega cilindra vsebuje bat in druge notranje komponente.<\/li>\n<li>Bat: Valjasti del, ki deli cev valja na dve komori.<\/li>\n<li>Batnica: Povezana z batom, se razteza izven cilindra in prena\u0161a ustvarjeno silo.<\/li>\n<li>Tesnila prepre\u010dujejo pu\u0161\u010danje hidravli\u010dne teko\u010dine med batom in cilindrom, kar zagotavlja u\u010dinkovito delovanje.<\/li>\n<\/ul>\n<\/li>\n<li><strong>Hidravli\u010dni sistem:<\/strong>\n<ul>\n<li>Hidravli\u010dni sistem je sestavljen iz \u010drpalke, regulacijskih ventilov, hidravli\u010dne teko\u010dine (obi\u010dajno olja) in povezovalnih cevi.<\/li>\n<li>Hidravli\u010dna \u010drpalka stisnje teko\u010dino in ustvarja hidravli\u010dno energijo, ki jo je mogo\u010de uporabiti za ustvarjanje sile.<\/li>\n<\/ul>\n<\/li>\n<li><strong>Dve zbornici:<\/strong>\n<ul>\n<li>Hidravli\u010dni cilinder ima dve komori: stran palice (ali tla\u010dno stran) in nasprotno stran (ali povratno stran).<\/li>\n<li>Stran palice je priklju\u010dena na hidravli\u010dno \u010drpalko, nasprotna stran pa na rezervoar ali povratni vod.<\/li>\n<\/ul>\n<\/li>\n<li><strong>Delovanje:<\/strong>\n<ul>\n<li>Ko se hidravli\u010dna teko\u010dina \u010drpa v stransko komoro batnice, pritiska na bat, zaradi \u010desar se ta premakne navzven.<\/li>\n<li>Ko se bat premika, potiska palico in ustvarja linearno silo.<\/li>\n<li>Hkrati se hidravli\u010dna teko\u010dina iz nasprotne stranske komore vrne v rezervoar ali skozi povratni vod.<\/li>\n<\/ul>\n<\/li>\n<li><strong>Smerni nadzor:<\/strong>\n<ul>\n<li>Smer gibanja hidravli\u010dnega cilindra se krmili s pomo\u010djo razsmernih regulacijskih ventilov.<\/li>\n<li>Ti ventili uravnavajo pretok hidravli\u010dne teko\u010dine v ustrezno komoro in s tem dolo\u010dajo smer gibanja bata.<\/li>\n<\/ul>\n<\/li>\n<li><strong>Nadzor sile in hitrosti:<\/strong>\n<ul>\n<li>Sila, ki jo ustvari hidravli\u010dni valj, je odvisna od hidravli\u010dnega tlaka in efektivne povr\u0161ine bata.<\/li>\n<li>Z nastavitvijo hidravli\u010dnega tlaka je mogo\u010de nadzorovati izhodno silo.<\/li>\n<li>Hitrost gibanja valja je mogo\u010de regulirati z nastavljanjem pretoka hidravli\u010dne teko\u010dine v valj ali iz njega.<\/li>\n<\/ul>\n<\/li>\n<li><strong>Uporaba:<\/strong>\n<ul>\n<li>Hidravli\u010dni cilindri se uporabljajo v razli\u010dnih aplikacijah, ki zahtevajo linearno silo in gibanje, kot so gradbena oprema, stroji za ravnanje z materiali, proizvodni sistemi in vozila.<\/li>\n<li>Pogosto se uporabljajo pri dvigovanju, potiskanju, vle\u010denju, upogibanju in pozicioniranju.<\/li>\n<\/ul>\n<\/li>\n<\/ol>\n<h2><strong>Zmogljivost in zmogljivost tovarne:<\/strong><\/h2>\n<h3>(1) Sestavljanje<\/h3>\n<p>Imamo prvovrstno neodvisno platformo za raziskave in razvoj. Delavnica za proizvodnjo hidravli\u010dnih cilindrov ima \u0161tiri polavtomatske monta\u017ene linije za dvi\u017ene cilindre in eno avtomatsko monta\u017eno linijo za nagibne cilindre z letno proizvodno zmogljivostjo 1 milijona kosov. Delavnica za posebne cilindre je opremljena z razli\u010dnimi specifikacijami polavtomatskega sistema za \u010di\u0161\u010denje in monta\u017eo z letno proizvodno zmogljivostjo 200.000 kosov ter znano CNC obdelovalno opremo, obdelovalnim centrom, visoko precizno posebno opremo za obdelavo cilindrov, robotskim varilnim strojem, avtomatskim \u010distilnim strojem, avtomatskim strojem za monta\u017eo cilindrov in avtomatsko proizvodno linijo za barvanje. Obstoje\u010da kriti\u010dna oprema obsega ve\u010d kot 300 kompletov (kompletov). Optimalna razporeditev in u\u010dinkovita uporaba opremnih virov zagotavljata zahteve glede natan\u010dnosti izdelkov in izpolnjujeta visoke zahteve glede kakovosti izdelkov.<\/p>\n<p><img loading=\"lazy\" decoding=\"async\" class=\"alignnone wp-image-626\" src=\"https:\/\/hydraulic-cylinders.net\/wp-content\/uploads\/2023\/08\/hydraulic-cylinder-product-1-300x158.webp\" alt=\"\" width=\"495\" height=\"260\" srcset=\"https:\/\/hydraulic-cylinders.net\/wp-content\/uploads\/2023\/08\/hydraulic-cylinder-product-1-300x158.webp 495w, https:\/\/hydraulic-cylinders.net\/wp-content\/uploads\/2023\/08\/hydraulic-cylinder-product-1-480x252.webp 480w\" sizes=\"(min-width: 0px) and (max-width: 480px) 480px, (min-width: 481px) 495px, 100vw\" \/> <img loading=\"lazy\" decoding=\"async\" class=\"alignnone wp-image-627\" src=\"https:\/\/hydraulic-cylinders.net\/wp-content\/uploads\/2023\/08\/hydraulic-cylinder-product-2-300x189.webp\" alt=\"\" width=\"413\" height=\"260\" \/><\/p>\n<h3>(2) Strojna obdelava<\/h3>\n<p>Strojna delavnica je opremljena s prilagojenim centrom za stru\u017eenje nagnjenih tirnic, obdelovalnim centrom, visokohitrostnim strojem za honanje, varilnim robotom in drugo sorodno opremo, ki lahko obdeluje cilindri\u010dne cevi z najve\u010djim notranjim premerom 400 mm in najve\u010djo dol\u017eino 6 metrov.<\/p>\n<p><img loading=\"lazy\" decoding=\"async\" class=\"alignnone wp-image-628 size-large\" src=\"https:\/\/hydraulic-cylinders.net\/wp-content\/uploads\/2023\/08\/hydraulic-cylinder-product-3-1024x391.webp\" alt=\"\" width=\"1024\" height=\"391\" srcset=\"https:\/\/hydraulic-cylinders.net\/wp-content\/uploads\/2023\/08\/hydraulic-cylinder-product-3-980x374.webp 980w, https:\/\/hydraulic-cylinders.net\/wp-content\/uploads\/2023\/08\/hydraulic-cylinder-product-3-480x183.webp 480w\" sizes=\"(min-width: 0px) and (max-width: 480px) 480px, (min-width: 481px) and (max-width: 980px) 980px, (min-width: 981px) 1024px, 100vw\" \/><\/p>\n<h3>(3) Varjenje<\/h3>\n<p><img loading=\"lazy\" decoding=\"async\" class=\"alignnone wp-image-629 size-large\" src=\"https:\/\/hydraulic-cylinders.net\/wp-content\/uploads\/2023\/08\/hydraulic-cylinder-product-4-1024x510.webp\" alt=\"\" width=\"1024\" height=\"510\" srcset=\"https:\/\/hydraulic-cylinders.net\/wp-content\/uploads\/2023\/08\/hydraulic-cylinder-product-4-980x488.webp 980w, https:\/\/hydraulic-cylinders.net\/wp-content\/uploads\/2023\/08\/hydraulic-cylinder-product-4-480x239.webp 480w\" sizes=\"(min-width: 0px) and (max-width: 480px) 480px, (min-width: 481px) and (max-width: 980px) 980px, (min-width: 981px) 1024px, 100vw\" \/><\/p>\n<h3>(4) Barvanje in premazovanje<\/h3>\n<p>Z majhnimi in srednje velikimi cilindri\u010dnimi avtomatskimi linijami za barvanje na vodni osnovi, za doseganje avtomatskega nakladanja in razkladanja robotov ter avtomatskega brizganja, je projektna zmogljivost 4000 kosov na izmeno;<br \/>\nImamo tudi polavtomatsko linijo za proizvodnjo barv za velike jeklenke, ki jo poganja veriga, s projektno zmogljivostjo 60 zabojev na izmeno.<\/p>\n<p><img loading=\"lazy\" decoding=\"async\" class=\"alignnone wp-image-630\" src=\"https:\/\/hydraulic-cylinders.net\/wp-content\/uploads\/2023\/08\/hydraulic-cylinder-product-5-300x213.webp\" alt=\"\" width=\"366\" height=\"260\" \/> <img loading=\"lazy\" decoding=\"async\" class=\"alignnone wp-image-631\" src=\"https:\/\/hydraulic-cylinders.net\/wp-content\/uploads\/2023\/08\/hydraulic-cylinder-product-6-300x225.webp\" alt=\"\" width=\"347\" height=\"260\" \/><\/p>\n<h3>(5) Testiranje<\/h3>\n<p>Imamo prvovrstne in\u0161pekcijske prostore in testne postaje, s katerimi zagotavljamo, da delovanje jeklenke izpolnjuje zahteve.<\/p>\n<p><img loading=\"lazy\" decoding=\"async\" class=\"alignnone wp-image-632\" src=\"https:\/\/hydraulic-cylinders.net\/wp-content\/uploads\/2023\/08\/hydraulic-cylinder-product-8-300x200.webp\" alt=\"\" width=\"389\" height=\"260\" \/><\/p>\n<p>&nbsp;<\/p>\n<p>&nbsp;<\/p>\n<p>Smo eden najbolj\u0161ih proizvajalcev hidravli\u010dnih cilindrov. Ponujamo vam celovite hidravli\u010dne cilindre. Zagotavljamo tudi ustrezne <a href=\"https:\/\/hzpt.com\/agricultural-pto-gearbox\/\" target=\"_blank\" rel=\"noopener\">kmetijski menjalniki<\/a>Na\u0161e izdelke smo izvozili strankam po vsem svetu in si prislu\u017eili dober ugled zaradi vrhunske kakovosti izdelkov in poprodajnih storitev. Z veseljem vas vabimo, da nas kontaktirate za poslovne dogovore, izmenjavo informacij in ... <a href=\"https:\/\/www.hydraulic-cylinders.net\/sl\/contact-us\/\">sodelujte z nami<\/a>!<\/p>","protected":false},"excerpt":{"rendered":"<p>Injection Molding Machine Ejection Cylinder The injection molding machine ejection cylinder is a vital component in the plastic injection molding process, designed to improve efficiency and precision by facilitating the ejection of molded parts from the mold cavity. This specialized cylinder plays a crucial role in the final stage of the injection molding cycle, ensuring [&hellip;]<\/p>","protected":false},"featured_media":1745,"comment_status":"open","ping_status":"closed","template":"","meta":{"_et_pb_use_builder":"","_et_pb_old_content":"","_et_gb_content_width":""},"product_brand":[],"product_cat":[1523,1549,1376],"product_tag":[1380],"class_list":{"0":"post-1742","1":"product","2":"type-product","3":"status-publish","4":"has-post-thumbnail","6":"product_cat-injection-molding-hydraulic-cylinders","7":"product_cat-single-acting-hydraulic-cylinder","8":"product_cat-hydraulic-cylinder","9":"product_tag-hydraulic-cylinder","11":"first","12":"instock","13":"shipping-taxable","14":"product-type-simple"},"amp_enabled":true,"_links":{"self":[{"href":"https:\/\/www.hydraulic-cylinders.net\/sl\/wp-json\/wp\/v2\/product\/1742","targetHints":{"allow":["GET"]}}],"collection":[{"href":"https:\/\/www.hydraulic-cylinders.net\/sl\/wp-json\/wp\/v2\/product"}],"about":[{"href":"https:\/\/www.hydraulic-cylinders.net\/sl\/wp-json\/wp\/v2\/types\/product"}],"replies":[{"embeddable":true,"href":"https:\/\/www.hydraulic-cylinders.net\/sl\/wp-json\/wp\/v2\/comments?post=1742"}],"wp:featuredmedia":[{"embeddable":true,"href":"https:\/\/www.hydraulic-cylinders.net\/sl\/wp-json\/wp\/v2\/media\/1745"}],"wp:attachment":[{"href":"https:\/\/www.hydraulic-cylinders.net\/sl\/wp-json\/wp\/v2\/media?parent=1742"}],"wp:term":[{"taxonomy":"product_brand","embeddable":true,"href":"https:\/\/www.hydraulic-cylinders.net\/sl\/wp-json\/wp\/v2\/product_brand?post=1742"},{"taxonomy":"product_cat","embeddable":true,"href":"https:\/\/www.hydraulic-cylinders.net\/sl\/wp-json\/wp\/v2\/product_cat?post=1742"},{"taxonomy":"product_tag","embeddable":true,"href":"https:\/\/www.hydraulic-cylinders.net\/sl\/wp-json\/wp\/v2\/product_tag?post=1742"}],"curies":[{"name":"delovni list","href":"https:\/\/api.w.org\/{rel}","templated":true}]}}