{"id":1752,"date":"2023-10-13T02:41:02","date_gmt":"2023-10-13T02:41:02","guid":{"rendered":"https:\/\/hydraulic-cylinders.net\/?post_type=product&#038;p=1752"},"modified":"2025-04-15T05:55:30","modified_gmt":"2025-04-15T05:55:30","slug":"cutter-suction-dredger-traveling-cylinders","status":"publish","type":"product","link":"https:\/\/www.hydraulic-cylinders.net\/sl\/izdelek\/cutter-suction-dredger-traveling-cylinders\/","title":{"rendered":"Potovalni cilindri sesalnega bagra za rezanje"},"content":{"rendered":"<h1 style=\"text-align: center;\"><strong>Potovalni cilindri sesalnega bagra za rezanje<\/strong><\/h1>\n<p><img loading=\"lazy\" decoding=\"async\" class=\"aligncenter wp-image-1753\" src=\"https:\/\/hydraulic-cylinders.net\/wp-content\/uploads\/2023\/10\/cutter-suction-dredger-the-traveling-cylinders-1-300x300.webp\" alt=\"\" width=\"400\" height=\"400\" \/><\/p>\n<p>Potovalni cilindri sesalnega bagra z rezalnikom so bistveni sestavni deli sodobnih operacij poglabljanja. Ti cilindri, zasnovani za pove\u010danje u\u010dinkovitosti in produktivnosti, igrajo klju\u010dno vlogo v procesu sesalnega poglabljanja z rezalnikom.<\/p>\n<p>Potovalni cilindri sesalnega bagra z rezalnikom so nepogre\u0161ljivi sestavni deli za u\u010dinkovito in produktivno poglabljanje. Z robustno konstrukcijo, natan\u010dnim premikanjem, mo\u010dnim pogonom in prilagodljivimi mo\u017enostmi prilagajanja ti cilindri omogo\u010dajo gladko in natan\u010dno gibanje bagra, kar optimizira delovanje poglabljanja. Z upo\u0161tevanjem priporo\u010denih metod uporabe in vzdr\u017eevalnih praks lahko upravljavci pove\u010dajo zmogljivost in dolgo \u017eivljenjsko dobo potovalnih cilindrov, kar na koncu pove\u010da u\u010dinkovitost in uspe\u0161nost postopka poglabljanja z rezalnikom in sesalnim bagrom.<\/p>\n<p>Klju\u010dne zna\u010dilnosti potovalnih cilindrov sesalnega bagra:<\/p>\n<ol>\n<li>Robustna konstrukcija:<\/li>\n<\/ol>\n<ul>\n<li>Potovalni valji so izdelani iz visokokakovostnih materialov, kar zagotavlja vzdr\u017eljivost in dolgo \u017eivljenjsko dobo tudi v zahtevnih pogojih poglabljanja.<br \/>\nZasnovani so tako, da prenesejo visoke pritiske, abrazivne materiale in nenehno gibanje, pri \u010demer ohranjajo dosledno delovanje med poglabljanjem.<\/li>\n<\/ul>\n<ol start=\"2\">\n<li>Natan\u010dno gibanje:<\/li>\n<\/ol>\n<ul>\n<li>Ti cilindri omogo\u010dajo natan\u010den nadzor nad gibanjem sesalnega bagra, kar zagotavlja natan\u010dno pozicioniranje in nemoteno gibanje med poglabljanjem.<\/li>\n<li>Omogo\u010dajo prilagoditev hitrosti potovanja, kar omogo\u010da u\u010dinkovito navigacijo po razli\u010dnih terenih in natan\u010dno pozicioniranje za u\u010dinkovito poglabljanje dna.<\/li>\n<\/ul>\n<ol start=\"3\">\n<li>Mo\u010dan pogon:<\/li>\n<\/ol>\n<ul>\n<li>Pomi\u010dni cilindri zagotavljajo mo\u010dan pogon sesalnemu bagru, kar mu omogo\u010da gladko in u\u010dinkovito premikanje po obmo\u010dju poglabljanja.<\/li>\n<li>Ponujajo odli\u010den potisk in oprijem, kar zagotavlja, da lahko bager premaga upor sedimentov in ohrani enakomeren napredek.<\/li>\n<\/ul>\n<ol start=\"4\">\n<li>Prilagodljiva prilagoditev:<\/li>\n<\/ol>\n<ul>\n<li>Ti cilindri omogo\u010dajo prilagodljivo prilagajanje parametrov vo\u017enje sesalnega bagra, kot so hitrost, smer in globina.<\/li>\n<li>Operaterji lahko prilagodijo gibanje bagra specifi\u010dnim zahtevam poglabljanja in optimizirajo u\u010dinkovitost celotnega delovanja.<\/li>\n<\/ul>\n<h2><strong>Parameter potovalnih valjev sesalnega bagra rezalnika:<\/strong><\/h2>\n<table border=\"1\" cellspacing=\"0\" cellpadding=\"0\">\n<tbody>\n<tr>\n<td>Ime izdelka<\/td>\n<td>Potovalni valj sesalnega bagra za rezanje<\/td>\n<\/tr>\n<tr>\n<td>Zna\u010dilnosti:<\/td>\n<td>Je glavni izvr\u0161ilni element potovalnega mehanizma sesalnega bagra<\/td>\n<\/tr>\n<tr>\n<td>Premer izvrtine:<\/td>\n<td>Do 480 mm<\/td>\n<\/tr>\n<tr>\n<td>Premer palice:<\/td>\n<td>Do 360 mm<br \/>\nHod do 9400 mm<\/td>\n<\/tr>\n<tr>\n<td>Tlak:<\/td>\n<td>do 32 MPa<\/td>\n<\/tr>\n<tr>\n<td>Potisna sila:<\/td>\n<td>Najve\u010d 2900 kN<\/td>\n<\/tr>\n<tr>\n<td>Uporaba:<\/td>\n<td>Sesalni bager Cutter<\/td>\n<\/tr>\n<\/tbody>\n<\/table>\n<div><\/div>\n<div>\n<div class=\"txtboxL\">\n<div class=\"txtboxL\">\n<div class=\"txtboxL\">\n<div class=\"txtboxL\">\n<div class=\"txtboxL\">\n<div class=\"txtboxL\">\n<div class=\"txtboxL\">\n<div class=\"txtboxL\">Zna\u010dilnosti:<\/div>\n<div class=\"txtboxR\">Je glavni izvr\u0161ilni element potovalnega mehanizma sesalnega bagra<\/div>\n<div class=\"txtboxL\">Specifikacija:<\/div>\n<div class=\"txtboxR\">Premer izvrtine: do 480 mm<br \/>\nPremer palice: do 360 mm<br \/>\nHod do 9400 mm<\/div>\n<div class=\"txtboxL\">Tlak:<\/div>\n<div class=\"txtboxR\">do 32 MPa<\/div>\n<div class=\"txtboxL\">Potisna sila:<\/div>\n<div class=\"txtboxR\">Najve\u010d 2900 kN<\/div>\n<\/div>\n<\/div>\n<\/div>\n<\/div>\n<\/div>\n<\/div>\n<\/div>\n<\/div>\n<h2><strong>Uporaba sesalnih cilindrov za rezanje in sesanje plavajo\u010dega bagra:<\/strong><\/h2>\n<p><img loading=\"lazy\" decoding=\"async\" class=\"alignnone wp-image-1757 size-full\" src=\"https:\/\/hydraulic-cylinders.net\/wp-content\/uploads\/2023\/10\/dredger-tank-cylinder-1.webp\" alt=\"\" width=\"600\" height=\"400\" srcset=\"https:\/\/hydraulic-cylinders.net\/wp-content\/uploads\/2023\/10\/dredger-tank-cylinder-1.webp 600w, https:\/\/hydraulic-cylinders.net\/wp-content\/uploads\/2023\/10\/dredger-tank-cylinder-1-480x320.webp 480w\" sizes=\"(min-width: 0px) and (max-width: 480px) 480px, (min-width: 481px) 600px, 100vw\" \/><\/p>\n<h2><strong>Metoda uporabe potovalnih valjev sesalnega bagra rezalnika<\/strong><strong>:<\/strong><\/h2>\n<ol>\n<li><strong>Namestitev:<\/strong><\/li>\n<\/ol>\n<ul>\n<li>Za varno namestitev potovalnih valjev na sesalni bager upo\u0161tevajte navodila proizvajalca.<\/li>\n<li>Zagotovite pravilno poravnavo in pritrditev na pogonski sistem bagra, kar omogo\u010da nemoteno in zanesljivo gibanje.<\/li>\n<\/ul>\n<ol start=\"2\">\n<li><strong>Nadzor in navigacija:<\/strong><\/li>\n<\/ol>\n<ul>\n<li>Za nadzor parametrov potovanja, kot so hitrost, smer in globina, uporabite nadzorno plo\u0161\u010do ali vmesnik bagra.<\/li>\n<li>Spremljajte polo\u017eaj bagra in ustrezno prilagodite hitrost vo\u017enje, da zagotovite u\u010dinkovito napredovanje in natan\u010dno pozicioniranje za dejavnosti poglabljanja.<\/li>\n<\/ul>\n<ol start=\"3\">\n<li><strong>Poglabljanje:<\/strong><\/li>\n<\/ol>\n<ul>\n<li>Postopek poglabljanja za\u010dnite z aktiviranjem sesalnega bagra in vklopom potovalnih valjev za pogon.<\/li>\n<li>Vodite bager skozi obmo\u010dje poglabljanja, da zagotovite enakomeren napredek in natan\u010dno pozicioniranje za u\u010dinkovito izkopavanje in pridobivanje materiala.<\/li>\n<li>Prilagodite parametre vo\u017enje bagra, da optimizirate zmogljivost poglabljanja in se prilagodite spreminjajo\u010dim se pogojem.<\/li>\n<\/ul>\n<h2><strong>Kako odstraniti hidravli\u010dni cilinder s \u010delnega nakladalnika?<\/strong><\/h2>\n<p>Specifi\u010dni koraki za odstranitev hidravli\u010dnega cilindra s \u010delnega nakladalnika se lahko razlikujejo glede na znamko in model nakladalnika. Vendar pa vam lahko ponudim splo\u0161en postopek, ki vam bo slu\u017eil kot dobro izhodi\u0161\u010de. Tukaj je vodnik po korakih:<\/p>\n<ol>\n<li><strong>Varnost na prvem mestu:<\/strong> Prepri\u010dajte se, da je nakladalnik izklopljen, motor deluje brezhibno in da je nakladalnik varno podprt z dvi\u017enimi podporniki ali bloki.<\/li>\n<li><strong>Poi\u0161\u010dite hidravli\u010dni cilinder:<\/strong> Dolo\u010dite hidravli\u010dni cilinder, ki ga \u017eelite odstraniti. Obi\u010dajno je priklju\u010den na hidravli\u010dni sistem nakladalnika in name\u0161\u010den tako, da nadzoruje gibanje dolo\u010dene funkcije, kot je \u017elica ali dvi\u017ene roke.<\/li>\n<li><strong>Sprostite hidravli\u010dni tlak:<\/strong> Da prepre\u010dite nepri\u010dakovano premikanje in zagotovite svojo varnost, sprostite hidravli\u010dni tlak v sistemu. To obi\u010dajno vklju\u010duje iskanje hidravli\u010dnega krmilnega ventila nakladalnika in upravljanje krmilnih elementov za sprostitev morebitnega tlaka. Za natan\u010dna navodila za izvedbo tega koraka glejte priro\u010dnik za nakladalnik.<\/li>\n<li><strong>Odklopite hidravli\u010dne cevi:<\/strong> Previdno odklopite hidravli\u010dne cevi, priklju\u010dene na valj. Glede na zasnovo lahko to vklju\u010duje odvijanje in odstranjevanje hidravli\u010dnih priklju\u010dkov ali uporabo specializiranega orodja, kot so klju\u010di ali kompleti nastavkov.<\/li>\n<li><strong>Odstranite zadr\u017eevalne zati\u010de:<\/strong> Poi\u0161\u010dite pritrdilne zati\u010de ali vijake, s katerimi je valj pritrjen na okvir nakladalnika ali druge komponente. Odstranite te zati\u010de ali vijake, da sprostite valj.<\/li>\n<li><strong>Podpora cilindru:<\/strong> Hidravli\u010dni cilindri so lahko te\u017eki, zato je pomembno imeti na\u010drt za podporo cilindra med njegovim odstranjevanjem. To lahko storite z uporabo dvi\u017ene naprave, kot je dvigalo ali dvigalka, ki podpira te\u017eo cilindra med odstranjevanjem.<\/li>\n<li><strong>Odstranite valj:<\/strong> Ko odstranite pritrdilne zati\u010de ali vijake in je valj pravilno podprt, previdno potisnite ali premaknite valj iz njegovih nosilcev ali priklju\u010dkov. Pazite na morebitno preostalo hidravli\u010dno teko\u010dino v valju ali ceveh.<\/li>\n<li><strong>Pregled in zamenjava:<\/strong> Ko je valj odstranjen, ga preglejte glede morebitnih znakov po\u0161kodb ali obrabe. Pred ponovno namestitvijo valja zamenjajte vsa tesnila, O-tesnila ali druge komponente.<\/li>\n<\/ol>\n<h2><strong>Zmogljivost in zmogljivost tovarne:<\/strong><\/h2>\n<h3>(1) Sestavljanje<\/h3>\n<p>Imamo prvovrstno neodvisno platformo za raziskave in razvoj. Delavnica za proizvodnjo hidravli\u010dnih cilindrov ima \u0161tiri polavtomatske monta\u017ene linije za dvi\u017ene cilindre in eno avtomatsko monta\u017eno linijo za nagibne cilindre z letno proizvodno zmogljivostjo 1 milijona kosov. Delavnica za posebne cilindre je opremljena z razli\u010dnimi specifikacijami polavtomatskega sistema za \u010di\u0161\u010denje in monta\u017eo z letno proizvodno zmogljivostjo 200.000 kosov ter znano CNC obdelovalno opremo, obdelovalnim centrom, visoko precizno posebno opremo za obdelavo cilindrov, robotskim varilnim strojem, avtomatskim \u010distilnim strojem, avtomatskim strojem za monta\u017eo cilindrov in avtomatsko proizvodno linijo za barvanje. Obstoje\u010da kriti\u010dna oprema obsega ve\u010d kot 300 kompletov (kompletov). Optimalna razporeditev in u\u010dinkovita uporaba opremnih virov zagotavljata zahteve glede natan\u010dnosti izdelkov in izpolnjujeta visoke zahteve glede kakovosti izdelkov.<\/p>\n<p><img loading=\"lazy\" decoding=\"async\" class=\"alignnone wp-image-626\" src=\"https:\/\/hydraulic-cylinders.net\/wp-content\/uploads\/2023\/08\/hydraulic-cylinder-product-1-300x158.webp\" alt=\"\" width=\"495\" height=\"260\" srcset=\"https:\/\/hydraulic-cylinders.net\/wp-content\/uploads\/2023\/08\/hydraulic-cylinder-product-1-300x158.webp 495w, https:\/\/hydraulic-cylinders.net\/wp-content\/uploads\/2023\/08\/hydraulic-cylinder-product-1-480x252.webp 480w\" sizes=\"(min-width: 0px) and (max-width: 480px) 480px, (min-width: 481px) 495px, 100vw\" \/> <img loading=\"lazy\" decoding=\"async\" class=\"alignnone wp-image-627\" src=\"https:\/\/hydraulic-cylinders.net\/wp-content\/uploads\/2023\/08\/hydraulic-cylinder-product-2-300x189.webp\" alt=\"\" width=\"413\" height=\"260\" \/><\/p>\n<h3>(2) Strojna obdelava<\/h3>\n<p>Strojna delavnica je opremljena s prilagojenim centrom za stru\u017eenje nagnjenih tirnic, obdelovalnim centrom, visokohitrostnim strojem za honanje, varilnim robotom in drugo sorodno opremo, ki lahko obdeluje cilindri\u010dne cevi z najve\u010djim notranjim premerom 400 mm in najve\u010djo dol\u017eino 6 metrov.<\/p>\n<p><img loading=\"lazy\" decoding=\"async\" class=\"alignnone wp-image-628 size-large\" src=\"https:\/\/hydraulic-cylinders.net\/wp-content\/uploads\/2023\/08\/hydraulic-cylinder-product-3-1024x391.webp\" alt=\"\" width=\"1024\" height=\"391\" srcset=\"https:\/\/hydraulic-cylinders.net\/wp-content\/uploads\/2023\/08\/hydraulic-cylinder-product-3-980x374.webp 980w, https:\/\/hydraulic-cylinders.net\/wp-content\/uploads\/2023\/08\/hydraulic-cylinder-product-3-480x183.webp 480w\" sizes=\"(min-width: 0px) and (max-width: 480px) 480px, (min-width: 481px) and (max-width: 980px) 980px, (min-width: 981px) 1024px, 100vw\" \/><\/p>\n<h3>(3) Varjenje<\/h3>\n<p><img loading=\"lazy\" decoding=\"async\" class=\"alignnone wp-image-629 size-large\" src=\"https:\/\/hydraulic-cylinders.net\/wp-content\/uploads\/2023\/08\/hydraulic-cylinder-product-4-1024x510.webp\" alt=\"\" width=\"1024\" height=\"510\" srcset=\"https:\/\/hydraulic-cylinders.net\/wp-content\/uploads\/2023\/08\/hydraulic-cylinder-product-4-980x488.webp 980w, https:\/\/hydraulic-cylinders.net\/wp-content\/uploads\/2023\/08\/hydraulic-cylinder-product-4-480x239.webp 480w\" sizes=\"(min-width: 0px) and (max-width: 480px) 480px, (min-width: 481px) and (max-width: 980px) 980px, (min-width: 981px) 1024px, 100vw\" \/><\/p>\n<h3>(4) Barvanje in premazovanje<\/h3>\n<p>Z majhnimi in srednje velikimi cilindri\u010dnimi avtomatskimi linijami za barvanje na vodni osnovi, za doseganje avtomatskega nakladanja in razkladanja robotov ter avtomatskega brizganja, je projektna zmogljivost 4000 kosov na izmeno;<br \/>\nImamo tudi polavtomatsko linijo za proizvodnjo barv za velike jeklenke, ki jo poganja veriga, s projektno zmogljivostjo 60 zabojev na izmeno.<\/p>\n<p><img loading=\"lazy\" decoding=\"async\" class=\"alignnone wp-image-630\" src=\"https:\/\/hydraulic-cylinders.net\/wp-content\/uploads\/2023\/08\/hydraulic-cylinder-product-5-300x213.webp\" alt=\"\" width=\"366\" height=\"260\" \/> <img loading=\"lazy\" decoding=\"async\" class=\"alignnone wp-image-631\" src=\"https:\/\/hydraulic-cylinders.net\/wp-content\/uploads\/2023\/08\/hydraulic-cylinder-product-6-300x225.webp\" alt=\"\" width=\"347\" height=\"260\" \/><\/p>\n<h3>(5) Testiranje<\/h3>\n<p>Imamo prvovrstne in\u0161pekcijske prostore in testne postaje, s katerimi zagotavljamo, da delovanje jeklenke izpolnjuje zahteve.<\/p>\n<p><img loading=\"lazy\" decoding=\"async\" class=\"alignnone wp-image-632\" src=\"https:\/\/hydraulic-cylinders.net\/wp-content\/uploads\/2023\/08\/hydraulic-cylinder-product-8-300x200.webp\" alt=\"\" width=\"389\" height=\"260\" \/><\/p>\n<p>&nbsp;<\/p>\n<p>&nbsp;<\/p>\n<p>Smo eden najbolj\u0161ih proizvajalcev hidravli\u010dnih cilindrov. Ponujamo vam celovite hidravli\u010dne cilindre. Zagotavljamo tudi ustrezne <a href=\"https:\/\/hzpt.com\/agricultural-pto-gearbox\/\" target=\"_blank\" rel=\"noopener\">kmetijski menjalniki<\/a>Na\u0161e izdelke smo izvozili strankam po vsem svetu in si prislu\u017eili dober ugled zaradi vrhunske kakovosti izdelkov in poprodajnih storitev. Z veseljem vas vabimo, da nas kontaktirate za poslovne dogovore, izmenjavo informacij in ... <a href=\"https:\/\/www.hydraulic-cylinders.net\/sl\/contact-us\/\">sodelujte z nami<\/a>!<\/p>","protected":false},"excerpt":{"rendered":"<p>Cutter Suction Dredger Traveling Cylinders The cutter suction dredger traveling cylinders are essential components of modern dredging operations. Designed to enhance efficiency and productivity, these cylinders play a vital role in the cutter-suction dredging process. The cutter suction dredger traveling cylinders are indispensable components for efficient and productive dredging operations. With their robust construction, precise [&hellip;]<\/p>","protected":false},"featured_media":1755,"comment_status":"open","ping_status":"closed","template":"","meta":{"_et_pb_use_builder":"","_et_pb_old_content":"","_et_gb_content_width":""},"product_brand":[],"product_cat":[1550,1535,1552,1376],"product_tag":[1380],"class_list":{"0":"post-1752","1":"product","2":"type-product","3":"status-publish","4":"has-post-thumbnail","6":"product_cat-double-acting-hydraulic-cylinder","7":"product_cat-dredger-hydraulic-cylinders","8":"product_cat-stainless-steel-hydraulic-cylinder","9":"product_cat-hydraulic-cylinder","10":"product_tag-hydraulic-cylinder","12":"first","13":"instock","14":"shipping-taxable","15":"product-type-simple"},"amp_enabled":true,"_links":{"self":[{"href":"https:\/\/www.hydraulic-cylinders.net\/sl\/wp-json\/wp\/v2\/product\/1752","targetHints":{"allow":["GET"]}}],"collection":[{"href":"https:\/\/www.hydraulic-cylinders.net\/sl\/wp-json\/wp\/v2\/product"}],"about":[{"href":"https:\/\/www.hydraulic-cylinders.net\/sl\/wp-json\/wp\/v2\/types\/product"}],"replies":[{"embeddable":true,"href":"https:\/\/www.hydraulic-cylinders.net\/sl\/wp-json\/wp\/v2\/comments?post=1752"}],"wp:featuredmedia":[{"embeddable":true,"href":"https:\/\/www.hydraulic-cylinders.net\/sl\/wp-json\/wp\/v2\/media\/1755"}],"wp:attachment":[{"href":"https:\/\/www.hydraulic-cylinders.net\/sl\/wp-json\/wp\/v2\/media?parent=1752"}],"wp:term":[{"taxonomy":"product_brand","embeddable":true,"href":"https:\/\/www.hydraulic-cylinders.net\/sl\/wp-json\/wp\/v2\/product_brand?post=1752"},{"taxonomy":"product_cat","embeddable":true,"href":"https:\/\/www.hydraulic-cylinders.net\/sl\/wp-json\/wp\/v2\/product_cat?post=1752"},{"taxonomy":"product_tag","embeddable":true,"href":"https:\/\/www.hydraulic-cylinders.net\/sl\/wp-json\/wp\/v2\/product_tag?post=1752"}],"curies":[{"name":"delovni list","href":"https:\/\/api.w.org\/{rel}","templated":true}]}}