{"id":17554,"date":"2025-03-17T07:34:13","date_gmt":"2025-03-17T07:34:13","guid":{"rendered":"https:\/\/www.hydraulic-cylinders.net\/?post_type=product&#038;p=17554"},"modified":"2025-04-11T03:15:35","modified_gmt":"2025-04-11T03:15:35","slug":"side-shift-hydraulic-cylinders-for-small-forklift","status":"publish","type":"product","link":"https:\/\/www.hydraulic-cylinders.net\/sl\/izdelek\/side-shift-hydraulic-cylinders-for-small-forklift\/","title":{"rendered":"Hidravli\u010dni cilindri s stranskim pomikom za majhen vili\u010dar"},"content":{"rendered":"<h1 style=\"text-align: center;\"><strong>Hidravli\u010dni cilindri s stranskim pomikom za majhne vili\u010darje<\/strong><\/h1>\n<p><img loading=\"lazy\" decoding=\"async\" class=\"aligncenter wp-image-17556\" src=\"https:\/\/www.hydraulic-cylinders.net\/wp-content\/uploads\/2025\/03\/side-shift-hydraulic-cylinders-for-small-toongae-forklift.webp\" alt=\"Hidravli\u010dni cilinder za bo\u010dni pomik za majhne vili\u010darje\" width=\"500\" height=\"500\" srcset=\"https:\/\/www.hydraulic-cylinders.net\/wp-content\/uploads\/2025\/03\/side-shift-hydraulic-cylinders-for-small-toongae-forklift.webp 500w, https:\/\/www.hydraulic-cylinders.net\/wp-content\/uploads\/2025\/03\/side-shift-hydraulic-cylinders-for-small-toongae-forklift-480x480.webp 480w\" sizes=\"(min-width: 0px) and (max-width: 480px) 480px, (min-width: 481px) 500px, 100vw\" \/><\/p>\n<p>Na\u0161i hidravli\u010dni cilindri za bo\u010dno premikanje so zasnovani tako, da zagotavljajo natan\u010dno bo\u010dno pozicioniranje tovora, zaradi \u010desar so idealni za majhne vili\u010darje, ki delujejo v omejenih prostorih. Z robustno zasnovo in enostavno namestitvijo ti cilindri pove\u010dujejo u\u010dinkovitost in varnost pri nalogah ravnanja z materiali.<\/p>\n<p><span class=\"break-words bg-yellow-50\">Hidravli\u010dni cilindri za bo\u010dno premikanje so nepogre\u0161ljivi za izbolj\u0161anje funkcionalnosti in zmogljivosti majhnih vili\u010darjev.<\/span>\u00a0<span class=\"break-words bg-yellow-50\">Ti specializirani deli olaj\u0161ajo vodoravno premikanje bremen, kar upravljavcem omogo\u010da natan\u010dno pozicioniranje blaga, ne da bi morali preme\u0161\u010dati sam vili\u010dar.<\/span>\u00a0<span class=\"break-words bg-yellow-50\">Ta zmogljivost je \u0161e posebej ugodna v tesnih prostorih, saj poenostavlja naloge ravnanja z materiali in pove\u010duje splo\u0161no u\u010dinkovitost.<\/span><\/p>\n<p><span class=\"break-words bg-yellow-50\">Za majhne vili\u010darje predstavljajo hidravli\u010dni cilindri s stranskim pomikom pomemben napredek, ki mo\u010dno izbolj\u0161a tako u\u010dinkovitost kot varnost.<\/span>\u00a0<span class=\"break-words bg-yellow-50\">Zaradi njihove sposobnosti zagotavljanja natan\u010dne namestitve tovora in izbolj\u0161ane manevrske sposobnosti so klju\u010dna izbolj\u0161ava za vsak sistem vili\u010darja.<\/span>\u00a0<span class=\"break-words\">Z rednim vzdr\u017eevanjem in ustreznimi operativnimi praksami lahko uporabniki zagotovijo stabilno in zanesljivo delovanje teh hidravli\u010dnih delov, kar ima za posledico ve\u010djo produktivnost in manj motenj.<\/span>\u00a0<span class=\"break-words\">Izbira hidravli\u010dnih cilindrov za bo\u010dno premikanje je strate\u0161ka poteza za izbolj\u0161anje delovanja va\u0161ega vili\u010darja.<\/span><\/p>\n<h2><strong>Serija hidravli\u010dnih cilindrov za majhne vili\u010darje:\u00a0<\/strong><\/h2>\n<h2><img loading=\"lazy\" decoding=\"async\" class=\"aligncenter wp-image-17558 size-full\" src=\"https:\/\/www.hydraulic-cylinders.net\/wp-content\/uploads\/2025\/03\/forklift-hydraulic-cylinder-construction.webp\" alt=\"hidravli\u010dni cilinder za majhen vili\u010dar\" width=\"640\" height=\"358\" srcset=\"https:\/\/www.hydraulic-cylinders.net\/wp-content\/uploads\/2025\/03\/forklift-hydraulic-cylinder-construction.webp 640w, https:\/\/www.hydraulic-cylinders.net\/wp-content\/uploads\/2025\/03\/forklift-hydraulic-cylinder-construction-480x269.webp 480w\" sizes=\"(min-width: 0px) and (max-width: 480px) 480px, (min-width: 481px) 640px, 100vw\" \/><\/h2>\n<h2><strong>Hidravli\u010dni cilindri s stranskim pomikom za majhen vili\u010dar <\/strong><strong>Tehni\u010dne specifikacije<\/strong><strong>:<\/strong><\/h2>\n<p><strong>Funkcija:<\/strong> Uporablja se za doseganje celotnega gibanja vilic levo in desno<br \/>\n<strong>Premer valja:<\/strong> 50 mm<br \/>\n<strong>Premer palice:<\/strong> 25 mm<br \/>\n<strong>Potovanje:<\/strong> 200 mm<br \/>\n<strong>Najvi\u0161ji tlak MPa:<\/strong> 17,5 MPa<br \/>\n<strong>Najve\u010dji potisk kN:<\/strong> 34KN<\/p>\n<h2><strong>Klju\u010dne zna\u010dilnosti <\/strong><strong>Hidravli\u010dni cilindri s stranskim pomikom za majhen vili\u010dar<\/strong><strong>:<\/strong><\/h2>\n<h3><strong>1. Natan\u010den nadzor<\/strong><\/h3>\n<p><strong>Raz\u0161irjena vsebina<\/strong>:<br \/>\nNa\u0161i hidravli\u010dni cilindri za vili\u010darje so zasnovani za zagotavljanje <strong>natan\u010dna natan\u010dnost<\/strong>\u00a0pri pozicioniranju tovora. Ne glede na to, ali delate v ozkih skladi\u0161\u010dnih hodnikih ali na zaprtih gradbi\u0161\u010dih, ti cilindri omogo\u010dajo upravljavcem, da\u00a0<strong>prilagodite obremenitve bo\u010dno<\/strong>\u00a0brez potrebe po premestitvi celotnega vili\u010darja. Ta funkcija ne le prihrani \u010das, temve\u010d tudi zmanj\u0161a tveganje za po\u0161kodbe izdelka zaradi nepotrebnih premikov. Z gladkimi in odzivnimi krmilnimi elementi lahko upravljavci dose\u017eejo\u00a0<strong>milimetrska natan\u010dnost<\/strong>, s \u010dimer se zagotovi, da je vsak tovor name\u0161\u010den to\u010dno tam, kjer mora biti.<\/p>\n<h3><strong>2. Trpe\u017ena konstrukcija<\/strong><\/h3>\n<p><strong>Raz\u0161irjena vsebina<\/strong>:<br \/>\nNa\u0161i hidravli\u010dni cilindri za bo\u010dni pomik so izdelani tako, da prenesejo najte\u017eje delovne pogoje,\u00a0<strong>visokokakovostni materiali<\/strong>, vklju\u010dno z oja\u010danim jeklom in premazi, odpornimi proti koroziji. Vsaka jeklenka je podvr\u017eena strogim preizkusom, da se zagotovi, da zmore\u00a0<strong>te\u017eka bremena<\/strong>\u00a0in\u00a0<strong>pogosta uporaba<\/strong>\u00a0brez kompromisov v delovanju. Robustna zasnova zagotavlja\u00a0<strong>dolga \u017eivljenjska doba<\/strong>, tudi v zahtevnih okoljih, kot so gradbi\u0161\u010da ali proizvodni obrati.<\/p>\n<h3><strong>3. Enostavna namestitev<\/strong><\/h3>\n<p><strong>Raz\u0161irjena vsebina<\/strong>:<br \/>\nNa\u0161i hidravli\u010dni cilindri za bo\u010dni pomik so zasnovani z mislijo na udobje uporabnika\u00a0<strong>popolnoma zdru\u017eljiv<\/strong> z majhnimi vili\u010darji. Postopek namestitve je preprost in zahteva <strong>minimalno orodje in \u010das izpada<\/strong>Podrobna navodila in predhodno izvrtane pritrdilne to\u010dke tehnikom olaj\u0161ajo hitro nastavitev valjev, kar zagotavlja, da bo va\u0161 vili\u010dar v hipu spet v uporabi. Poleg tega so na\u0161i hidravli\u010dni cilindri za vili\u010darje zasnovani tako, da se brezhibno integrirajo z obstoje\u010dimi hidravli\u010dnimi sistemi, kar odpravlja potrebo po dragih modifikacijah.<\/p>\n<h3><strong>4. Varnostne funkcije<\/strong><\/h3>\n<p><strong>Raz\u0161irjena vsebina<\/strong>:<br \/>\nVarnost je pri ravnanju z materiali na prvem mestu, na\u0161i hidravli\u010dni cilindri za bo\u010dno premikanje pa so zasnovani tako, da izbolj\u0161ajo oboje.\u00a0<strong>varnost upravljavca<\/strong>\u00a0in\u00a0<strong>u\u010dinkovitost na delovnem mestu<\/strong>Z omogo\u010danjem natan\u010dnega pre\u010dnega gibanja ti cilindri zmanj\u0161ujejo potrebo po tveganih manevrih v tesnih prostorih, kar znatno zmanj\u0161uje tveganje za nesre\u010de. Ergonomska zasnova prav tako zmanj\u0161uje\u00a0<strong>utrujenost operaterja<\/strong>, kar omogo\u010da dalj\u0161e in produktivnej\u0161e izmene. Poleg tega so cilindri opremljeni z\u00a0<strong>varnostni ventili<\/strong>\u00a0da se prepre\u010di preobremenitev in zagotovi stabilno delovanje pri velikih obremenitvah.<\/p>\n<h3><strong>5. Stro\u0161kovno u\u010dinkovito<\/strong><\/h3>\n<p><strong>Raz\u0161irjena vsebina<\/strong>:<br \/>\nNa\u0161i hidravli\u010dni cilindri za bo\u010dno premikanje so zasnovani tako, da\u00a0<strong>nezahtevno vzdr\u017eevanje<\/strong>\u00a0in\u00a0<strong>zelo zanesljiv<\/strong>, kar vam s\u010dasoma pomaga prihraniti pri obratovalnih stro\u0161kih. Uporaba vrhunskih materialov in naprednih proizvodnih tehnik zagotavlja, da cilindri zahtevajo\u00a0<strong>minimalno vzdr\u017eevanje<\/strong>, medtem ko njihova vzdr\u017eljivost zmanj\u0161uje pogostost zamenjav. Poleg tega lahko izbolj\u0161ana u\u010dinkovitost in natan\u010dnost, ki jo zagotavljajo, vodita do\u00a0<strong>znatni prihranki stro\u0161kov<\/strong>\u00a0pri delu in ravnanju z materiali. Z vlaganjem v na\u0161e jeklenke ne kupujete le izdelka \u2013 vlagate v\u00a0<strong>dolgoro\u010dna operativna u\u010dinkovitost<\/strong>.<\/p>\n<h2><strong>Hidravli\u010dni cilindri s stranskim pomikom za majhen vili\u010dar <\/strong><strong>Primeri uporabe:<\/strong><\/h2>\n<p><img loading=\"lazy\" decoding=\"async\" class=\"alignnone wp-image-17572 size-full\" src=\"https:\/\/www.hydraulic-cylinders.net\/wp-content\/uploads\/2025\/03\/Side-shift-cylinder-in-action-on-a-small-Toongae-forklift.webp\" alt=\"Bo\u010dni pomi\u010dni valj v delovanju na majhnem vili\u010darju\" width=\"2320\" height=\"1340\" srcset=\"https:\/\/www.hydraulic-cylinders.net\/wp-content\/uploads\/2025\/03\/Side-shift-cylinder-in-action-on-a-small-Toongae-forklift.webp 2320w, https:\/\/www.hydraulic-cylinders.net\/wp-content\/uploads\/2025\/03\/Side-shift-cylinder-in-action-on-a-small-Toongae-forklift-1280x739.webp 1280w, https:\/\/www.hydraulic-cylinders.net\/wp-content\/uploads\/2025\/03\/Side-shift-cylinder-in-action-on-a-small-Toongae-forklift-980x566.webp 980w, https:\/\/www.hydraulic-cylinders.net\/wp-content\/uploads\/2025\/03\/Side-shift-cylinder-in-action-on-a-small-Toongae-forklift-480x277.webp 480w\" sizes=\"(min-width: 0px) and (max-width: 480px) 480px, (min-width: 481px) and (max-width: 980px) 980px, (min-width: 981px) and (max-width: 1280px) 1280px, (min-width: 1281px) 2320px, 100vw\" \/><\/p>\n<ul>\n<li><strong>Skladi\u0161\u010denje<\/strong>Idealno za ozke hodnike in skladi\u0161\u010denje z visoko gostoto.<\/li>\n<li><strong>Gradbeni\u0161tvo<\/strong>Idealno za natan\u010dno polaganje materiala na gradbi\u0161\u010dih.<\/li>\n<li><strong>Proizvodnja<\/strong>Izbolj\u0161a u\u010dinkovitost delovanja monta\u017ene linije.<\/li>\n<\/ul>\n<h3><strong>Kako delujejo hidravli\u010dni cilindri za bo\u010dno premikanje?<\/strong><\/h3>\n<p>Hidravli\u010dni cilindri za bo\u010dno premikanje delujejo z uporabo <strong>hidravli\u010dni tlak<\/strong>\u00a0za bo\u010dno premikanje vozi\u010dka vili\u010darja. Ko upravljavec aktivira krmilno ro\u010dico, se hidravli\u010dna teko\u010dina \u010drpa v valj, potisne bat in povzro\u010di, da se vozi\u010dek premakne levo ali desno. To bo\u010dno premikanje omogo\u010da\u00a0<strong>natan\u010dno pozicioniranje bremena<\/strong>\u00a0brez potrebe po premestitvi celotnega vili\u010darja. Sistem je zasnovan tako, da\u00a0<strong>gladek in odziven<\/strong>, kar zagotavlja minimalen napor upravljavca in hkrati maksimizira natan\u010dnost.<\/p>\n<p><strong>Klju\u010dne komponente<\/strong>:<\/p>\n<ul>\n<li><strong>Cev cilindra<\/strong>Vsebuje bat in hidravli\u010dno teko\u010dino.<\/li>\n<li><strong>Batna palica<\/strong>: Prena\u0161a silo za premikanje vozi\u010dka.<\/li>\n<li><strong>Hidravli\u010dna tesnila<\/strong>Prepre\u010dite pu\u0161\u010danje teko\u010dine in zagotovite u\u010dinkovito delovanje.<\/li>\n<li><strong>Regulacijski ventil<\/strong>Uravnava pretok hidravli\u010dne teko\u010dine za natan\u010dno gibanje.<\/li>\n<\/ul>\n<h2><strong>Proizvodno obmo\u010dje valjev za vili\u010darje:<\/strong><\/h2>\n<h2><img loading=\"lazy\" decoding=\"async\" class=\"alignnone size-full wp-image-16972\" src=\"https:\/\/www.hydraulic-cylinders.net\/wp-content\/uploads\/2025\/01\/hydraulic-cylinder-factory-1-scaled.webp\" alt=\"\" width=\"2016\" height=\"2560\" srcset=\"https:\/\/www.hydraulic-cylinders.net\/wp-content\/uploads\/2025\/01\/hydraulic-cylinder-factory-1-scaled.webp 2016w, https:\/\/www.hydraulic-cylinders.net\/wp-content\/uploads\/2025\/01\/hydraulic-cylinder-factory-1-1280x1625.webp 1280w, https:\/\/www.hydraulic-cylinders.net\/wp-content\/uploads\/2025\/01\/hydraulic-cylinder-factory-1-980x1244.webp 980w, https:\/\/www.hydraulic-cylinders.net\/wp-content\/uploads\/2025\/01\/hydraulic-cylinder-factory-1-480x610.webp 480w\" sizes=\"(min-width: 0px) and (max-width: 480px) 480px, (min-width: 481px) and (max-width: 980px) 980px, (min-width: 981px) and (max-width: 1280px) 1280px, (min-width: 1281px) 2016px, 100vw\" \/><\/h2>\n<p>Imamo prvovrstno neodvisno platformo za raziskave in razvoj za monta\u017eo. Delavnica za proizvodnjo valjev za vili\u010darje ima \u0161tiri polavtomatske monta\u017ene linije za dvi\u017ene valje in popolnoma avtomatsko monta\u017eno linijo za nagibne valje z letno proizvodno zmogljivostjo milijona kosov. Delavnica za posebne valje ima polavtomatske \u010distilne in monta\u017ene sisteme razli\u010dnih specifikacij z letno proizvodno zmogljivostjo 200.000 kosov. Opremljena je z znanimi blagovnimi znamkami CNC obdelovalnih strojev, obdelovalnih centrov, posebne opreme za visoko precizno obdelavo valjev, robotskih varilnih strojev, avtomatskih \u010distilnih strojev, avtomatskih strojev za monta\u017eo valjev in avtomatskih proizvodnih linij za barvanje. Imamo ve\u010d kot 300 kompletov klju\u010dne opreme, ki deluje. Optimizirana dodelitev in u\u010dinkovita izraba opremnih virov zagotavljata natan\u010dnost izdelkov in izpolnjujeta visoke standarde kakovosti izdelkov.<\/p>\n<p>Strojna delavnica je opremljena s centri za stru\u017eenje vodilnih tirnic po meri, obdelovalnimi centri, visokohitrostnimi stroji za honanje, varilnimi roboti in drugo ustrezno opremo, ki lahko obdeluje cilindri\u010dne cevi z najve\u010djim notranjim premerom 400 mm in najve\u010djo dol\u017eino 6 metrov.<\/p>\n<h2><img loading=\"lazy\" decoding=\"async\" class=\"alignnone size-full wp-image-16973\" src=\"https:\/\/www.hydraulic-cylinders.net\/wp-content\/uploads\/2025\/01\/hydraulic-cylinder-factory-2-scaled.webp\" alt=\"\" width=\"2011\" height=\"2560\" srcset=\"https:\/\/www.hydraulic-cylinders.net\/wp-content\/uploads\/2025\/01\/hydraulic-cylinder-factory-2-scaled.webp 2011w, https:\/\/www.hydraulic-cylinders.net\/wp-content\/uploads\/2025\/01\/hydraulic-cylinder-factory-2-1280x1629.webp 1280w, https:\/\/www.hydraulic-cylinders.net\/wp-content\/uploads\/2025\/01\/hydraulic-cylinder-factory-2-980x1248.webp 980w, https:\/\/www.hydraulic-cylinders.net\/wp-content\/uploads\/2025\/01\/hydraulic-cylinder-factory-2-480x611.webp 480w\" sizes=\"(min-width: 0px) and (max-width: 480px) 480px, (min-width: 481px) and (max-width: 980px) 980px, (min-width: 981px) and (max-width: 1280px) 1280px, (min-width: 1281px) 2011px, 100vw\" \/><\/h2>\n<p>Imamo popolnoma avtomatsko linijo za barvanje na vodni osnovi za majhne in srednje velike valje, ki omogo\u010da avtomatsko nalaganje in razkladanje ter avtomatske robote za brizganje z na\u010drtovano proizvodno zmogljivostjo 4000 mest na izmeno. Imamo \u0161e eno polavtomatsko linijo za barvanje velikih valjev, ki jo poganja veriga, z na\u010drtovano zmogljivostjo 60 zabojev na izmeno.<\/p>\n<p>Za nadaljnje izbolj\u0161anje delovanja izdelkov in vzpostavitev vodilnega polo\u017eaja na\u0161ih hidravli\u010dnih cilindrov v panogi sta na\u0161e podjetje in zjimee skupaj ustanovila celovit laboratorij za hidravli\u010dne cilindre, hidravli\u010dne ventile in hidravli\u010dne \u010drpalke; laboratorij izvaja ra\u010dunalni\u0161ko podprto testiranje z uporabo elektrohidravli\u010dne tehnologije, preskusne pogoje pa vnaprej nastavi ra\u010dunalnik, kar izbolj\u0161a natan\u010dnost preskusa in vsestranskost sistema, ter eksperimentalne podatke.<\/p>\n<p>Samodejno zbiranje se izvaja z uporabo senzorjev, izhodni podatki, kot so notranje pu\u0161\u010danje in obremenitvena u\u010dinkovitost valja ali ventila, pa se neposredno obdelajo v ra\u010dunalniku in pretvorijo v standardne enote (ml\/min%). Hkrati se za zagotovitev varnosti delovanja hidravli\u010dnega sistema izvaja funkcija spremljanja stanja klju\u010dnih parametrov delovanja, kot so \u00bbspremljanje temperature olja, spremljanje nivoja teko\u010dine, spremljanje filtrirne naprave\u00ab itd. Med njimi lahko preskusna naprava hidravli\u010dnega valja preizkusi delovanje \u00bbobremenitve\u00ab.<br \/>\nu\u010dinkovitost \u00bbin\u00ab notranje pu\u0161\u010danje z od\u010ditki. Hkrati je opremljen z merilnim instrumentom v obliki re\u0161etke, ki izpolnjuje zahteve vseh preskusnih elementov hidravli\u010dnih cilindrov v skladu z nacionalnim standardom.<\/p>\n<h3><strong>Razdelek s pogostimi vpra\u0161anji:<\/strong><\/h3>\n<p><strong>V: Ali so ti cilindri zdru\u017eljivi z vsemi modeli vili\u010darjev?<\/strong><br \/>\nO: Da, zasnovani so posebej za majhne vili\u010darje. Za zdru\u017eljivost preverite \u0161tevilko modela.<\/p>\n<p><strong>V: Kak\u0161na je garancijska doba?<\/strong><br \/>\nA: Na vse hidravli\u010dne cilindre s stranskim pomikom nudimo 2-letno garancijo.<\/p>\n<p><strong>V: Ali lahko valj namestim sam?<\/strong><br \/>\nA: Da, cilindri so opremljeni z enostavnim navodilom za namestitev. Vendar pa je za optimalno delovanje priporo\u010dljiva profesionalna namestitev.<\/p>","protected":false},"excerpt":{"rendered":"<p>Side Shift Hydraulic Cylinders For Small Forklifts Our side shift hydraulic cylinders are engineered to provide precise lateral load positioning, making them ideal for small forklifts operating in confined spaces. With a robust design and easy installation, these cylinders enhance efficiency and safety in material handling tasks. Side shift hydraulic cylinders are indispensable for enhancing [&hellip;]<\/p>","protected":false},"featured_media":17557,"comment_status":"open","ping_status":"closed","template":"","meta":{"_et_pb_use_builder":"","_et_pb_old_content":"","_et_gb_content_width":""},"product_brand":[],"product_cat":[1484,1550],"product_tag":[],"class_list":{"0":"post-17554","1":"product","2":"type-product","3":"status-publish","4":"has-post-thumbnail","6":"product_cat-forklift-hydraulic-cylinders","7":"product_cat-double-acting-hydraulic-cylinder","9":"first","10":"instock","11":"shipping-taxable","12":"product-type-simple"},"amp_enabled":true,"_links":{"self":[{"href":"https:\/\/www.hydraulic-cylinders.net\/sl\/wp-json\/wp\/v2\/product\/17554","targetHints":{"allow":["GET"]}}],"collection":[{"href":"https:\/\/www.hydraulic-cylinders.net\/sl\/wp-json\/wp\/v2\/product"}],"about":[{"href":"https:\/\/www.hydraulic-cylinders.net\/sl\/wp-json\/wp\/v2\/types\/product"}],"replies":[{"embeddable":true,"href":"https:\/\/www.hydraulic-cylinders.net\/sl\/wp-json\/wp\/v2\/comments?post=17554"}],"wp:featuredmedia":[{"embeddable":true,"href":"https:\/\/www.hydraulic-cylinders.net\/sl\/wp-json\/wp\/v2\/media\/17557"}],"wp:attachment":[{"href":"https:\/\/www.hydraulic-cylinders.net\/sl\/wp-json\/wp\/v2\/media?parent=17554"}],"wp:term":[{"taxonomy":"product_brand","embeddable":true,"href":"https:\/\/www.hydraulic-cylinders.net\/sl\/wp-json\/wp\/v2\/product_brand?post=17554"},{"taxonomy":"product_cat","embeddable":true,"href":"https:\/\/www.hydraulic-cylinders.net\/sl\/wp-json\/wp\/v2\/product_cat?post=17554"},{"taxonomy":"product_tag","embeddable":true,"href":"https:\/\/www.hydraulic-cylinders.net\/sl\/wp-json\/wp\/v2\/product_tag?post=17554"}],"curies":[{"name":"delovni list","href":"https:\/\/api.w.org\/{rel}","templated":true}]}}