{"id":17585,"date":"2025-03-18T05:51:01","date_gmt":"2025-03-18T05:51:01","guid":{"rendered":"https:\/\/www.hydraulic-cylinders.net\/?post_type=product&#038;p=17585"},"modified":"2025-04-11T03:15:29","modified_gmt":"2025-04-11T03:15:29","slug":"tilt-hydraulic-cylinders-for-large-forklift","status":"publish","type":"product","link":"https:\/\/www.hydraulic-cylinders.net\/sl\/izdelek\/tilt-hydraulic-cylinders-for-large-forklift\/","title":{"rendered":"Hidravli\u010dni cilindri za nagib za velike vili\u010darje"},"content":{"rendered":"<h1 style=\"text-align: center;\"><strong>Hidravli\u010dni cilindri za nagib za velike vili\u010darje<\/strong><\/h1>\n<p>Hidravli\u010dni cilindri za nagibanje so bistveni sestavni deli velikih vili\u010darjev, zasnovani za izbolj\u0161anje njihovih operativnih zmogljivosti. Ti cilindri omogo\u010dajo natan\u010dno nagibanje vilic vili\u010darja, kar omogo\u010da varno in u\u010dinkovito nakladanje in razkladanje materialov. Z robustno konstrukcijo in napredno tehnologijo hidravli\u010dni cilindri za nagibanje znatno izbolj\u0161ajo produktivnost v skladi\u0161\u010dih in na gradbi\u0161\u010dih.<\/p>\n<p>Hidravli\u010dni cilindri za nagibanje so klju\u010dnega pomena za izbolj\u0161anje funkcionalnosti velikih vili\u010darjev. Njihova sposobnost omogo\u010danja natan\u010dnih gibov ne le pove\u010da u\u010dinkovitost, temve\u010d zagotavlja tudi varnost med ravnanjem z materiali. Z razumevanjem njihovih lastnosti, na\u010dinov uporabe in zahtev glede vzdr\u017eevanja lahko upravljavci kar najbolje izkoristijo prednosti teh bistvenih komponent. Nalo\u017eba v visokokakovostne hidravli\u010dne cilindre za nagibanje zagotavlja izbolj\u0161ano delovanje in zanesljivost pri vseh te\u017ekih aplikacijah.<\/p>\n<h1 style=\"text-align: center;\"><img loading=\"lazy\" decoding=\"async\" class=\"alignnone wp-image-17587\" src=\"https:\/\/www.hydraulic-cylinders.net\/wp-content\/uploads\/2025\/03\/Tilt-hydraulic-cylinders-for-large-forklift.webp\" alt=\"Hidravli\u010dni cilindri za nagibanje za velike vili\u010darje\" width=\"500\" height=\"500\" srcset=\"https:\/\/www.hydraulic-cylinders.net\/wp-content\/uploads\/2025\/03\/Tilt-hydraulic-cylinders-for-large-forklift.webp 500w, https:\/\/www.hydraulic-cylinders.net\/wp-content\/uploads\/2025\/03\/Tilt-hydraulic-cylinders-for-large-forklift-480x480.webp 480w\" sizes=\"(min-width: 0px) and (max-width: 480px) 480px, (min-width: 481px) 500px, 100vw\" \/><\/h1>\n<p style=\"text-align: center;\"><strong>Hidravli\u010dni cilindri za nagib za velike vili\u010darje<\/strong><\/p>\n<h2><strong>Hidravli\u010dni cilindri za nagib za velike vili\u010darje <\/strong><strong>Tehni\u010dne specifikacije<\/strong><strong>:<\/strong><\/h2>\n<div class=\"Message_messageTextContainer__w64Sc\">\n<div>\n<div class=\"Markdown_markdownContainer__Tz3HQ\">\n<p><strong>Funkcija:<\/strong> Izvedite nagibanje naprej in nazaj portala vili\u010darja<br \/>\n<strong>Premer valja:<\/strong> 90 mm\u2013220 mm<br \/>\n<strong>Premer palice:<\/strong> 45 mm\u2013100 mm<br \/>\n<strong>Potovanje:<\/strong> 37 mm\u2013363 mm<br \/>\n<strong>Najve\u010dji tlak:<\/strong> 27 MPa<br \/>\n<strong>Najve\u010dji potisk:<\/strong> 1026 kN<\/p>\n<\/div>\n<\/div>\n<\/div>\n<h2><strong>Serija hidravli\u010dnih cilindrov za velike vili\u010darje:\u00a0<\/strong><\/h2>\n<h2><img loading=\"lazy\" decoding=\"async\" class=\"alignnone size-full wp-image-17582\" src=\"https:\/\/www.hydraulic-cylinders.net\/wp-content\/uploads\/2025\/03\/large-forklift-hydraulic-cylinder-construction.webp\" alt=\"\" width=\"1100\" height=\"615\" srcset=\"https:\/\/www.hydraulic-cylinders.net\/wp-content\/uploads\/2025\/03\/large-forklift-hydraulic-cylinder-construction.webp 1100w, https:\/\/www.hydraulic-cylinders.net\/wp-content\/uploads\/2025\/03\/large-forklift-hydraulic-cylinder-construction-980x548.webp 980w, https:\/\/www.hydraulic-cylinders.net\/wp-content\/uploads\/2025\/03\/large-forklift-hydraulic-cylinder-construction-480x268.webp 480w\" sizes=\"(min-width: 0px) and (max-width: 480px) 480px, (min-width: 481px) and (max-width: 980px) 980px, (min-width: 981px) 1100px, 100vw\" \/><\/h2>\n<h2><strong>Klju\u010dne zna\u010dilnosti nagibnih hidravli\u010dnih cilindrov za velike vili\u010darje<\/strong><strong>:<\/strong><\/h2>\n<ul>\n<li><strong>Visoka nosilnost:<\/strong> Hidravli\u010dni cilindri za nagibanje so zasnovani tako, da podpirajo znatne te\u017ee, zato so klju\u010dni za te\u017eka dela. Njihova robustna zasnova zagotavlja varno in u\u010dinkovito delovanje, tudi pri dvigovanju te\u017ekih bremen, s \u010dimer se zmanj\u0161a tveganje za nesre\u010de in pove\u010da produktivnost na gradbi\u0161\u010du.<\/li>\n<li><strong>Trpe\u017eni materiali:<\/strong> Te valje so izdelane iz visoko trdnega jekla in drugih odpornih materialov, ki zagotavljajo izjemno odpornost proti obrabi. Ta vzdr\u017eljivost ne le podalj\u0161a \u017eivljenjsko dobo valjev, temve\u010d tudi zmanj\u0161a potrebo po pogostih zamenjavah, kar dolgoro\u010dno prihrani \u010das in stro\u0161ke.<\/li>\n<li><strong>Kompaktna zasnova:<\/strong> Poenostavljena zasnova hidravli\u010dnih cilindrov za nagibanje omogo\u010da enostavno integracijo v obstoje\u010de sisteme vili\u010darjev. Ta kompaktnost omogo\u010da optimizirano izrabo prostora brez \u017ertvovanja zmogljivosti, kar upravljavcem olaj\u0161a manevriranje v tesnih prostorih.<\/li>\n<li><strong>Nastavljiv kot nagiba:<\/strong> Ena od izstopajo\u010dih lastnosti je mo\u017enost, da upravljavci brez napora prilagodijo kot nagiba. Ta prilagodljivost omogo\u010da razli\u010dne aplikacije, od zlaganja do prevoza razli\u010dnih vrst materialov, kar zagotavlja, da se vili\u010dar lahko enostavno prilagodi specifi\u010dnim nalogam.<\/li>\n<li><strong>Zatesnjene komponente:<\/strong> Zatesnjena zasnova teh valjev u\u010dinkovito \u0161\u010diti notranje komponente pred umazanijo in vlago. Ta lastnost je \u0161e posebej pomembna v zahtevnih okoljih, saj zagotavlja zanesljivo delovanje in zmanj\u0161uje tveganje okvar, kar na koncu vodi do ni\u017ejih stro\u0161kov vzdr\u017eevanja in dalj\u0161ega \u010dasa delovanja.<\/li>\n<\/ul>\n<h2><strong>Primeri uporabe hidravli\u010dnih cilindrov za nagibanje za velike vili\u010darje:<\/strong><\/h2>\n<p>Hidravli\u010dni cilindri za nagibanje igrajo klju\u010dno vlogo v razli\u010dnih panogah, saj izbolj\u0161ujejo u\u010dinkovitost in varnost pri ravnanju z materiali. Tukaj je nekaj klju\u010dnih aplikacij:<\/p>\n<h4>1. <strong>Skladi\u0161\u010denje in distribucija<\/strong><\/h4>\n<p>V skladi\u0161\u010dih hidravli\u010dni cilindri za nagibanje omogo\u010dajo vili\u010darjem enostavno prilagajanje kota vilic. Ta zmogljivost je bistvena za zlaganje palet, saj omogo\u010da natan\u010dno postavitev in prevzem blaga. Izbolj\u0161a izkori\u0161\u010denost prostora in poenostavi delovanje med nakladanjem in razkladanjem.<\/p>\n<h4>2. <strong>Gradbi\u0161\u010da<\/strong><\/h4>\n<p>Na gradbi\u0161\u010dih ti cilindri olaj\u0161ajo premikanje te\u017ekih materialov, kot so betonski bloki in jekleni nosilci. Mo\u017enost nagibanja vilic pomaga pri zavarovanju tovora med prevozom in zagotavlja varno dostavo na dolo\u010dene lokacije, kar zmanj\u0161uje tveganje za nesre\u010de.<\/p>\n<h4>3. <strong>Proizvodnja<\/strong><\/h4>\n<p>V proizvodnih okoljih nagibni hidravli\u010dni cilindri pomagajo pri sestavljanju in transportu delov. Delavcem omogo\u010dajo natan\u010dno pozicioniranje komponent, kar je klju\u010dnega pomena za ohranjanje nadzora kakovosti in u\u010dinkovitosti med proizvodnimi procesi.<\/p>\n<h4>4. <strong>Kmetijstvo<\/strong><\/h4>\n<p>V kmetijstvu se hidravli\u010dni cilindri za nagibanje uporabljajo z vili\u010darji za ravnanje z balami, zaboji in drugimi kmetijskimi pridelki. Nastavljiv kot nagiba pomaga kmetom hitro in varno nakladati in razkladati materiale, kar optimizira njihov potek dela v \u010dasu najve\u010dje \u017eetve.<\/p>\n<h4>5. <strong>Recikliranje in ravnanje z odpadki<\/strong><\/h4>\n<p>Ti valji so klju\u010dni v obratih za recikliranje, kjer pomagajo pri premikanju in zlaganju materialov za recikliranje. Mo\u017enost nagibanja omogo\u010da bolj\u0161e sortiranje in stiskanje odpadkov, kar izbolj\u0161uje operativno u\u010dinkovitost in upravljanje prostora.<\/p>\n<p>I\u0161\u010dete cilindre za te\u017eke vili\u010darje? Oglejte si na\u0161e <a href=\"https:\/\/www.hydraulic-cylinders.net\/sl\/forklift-hydraulic-cylinder\/\">Te\u017eki hidravli\u010dni cilindri<\/a>.<\/p>\n<h2><strong>Proizvodno obmo\u010dje valjev za vili\u010darje:<\/strong><\/h2>\n<h2><img loading=\"lazy\" decoding=\"async\" class=\"alignnone size-full wp-image-16972\" src=\"https:\/\/www.hydraulic-cylinders.net\/wp-content\/uploads\/2025\/01\/hydraulic-cylinder-factory-1-scaled.webp\" sizes=\"(min-width: 0px) and (max-width: 480px) 480px, (min-width: 481px) and (max-width: 980px) 980px, (min-width: 981px) and (max-width: 1280px) 1280px, (min-width: 1281px) 2016px, 100vw\" srcset=\"https:\/\/www.hydraulic-cylinders.net\/wp-content\/uploads\/2025\/01\/hydraulic-cylinder-factory-1-scaled.webp 2016w, https:\/\/www.hydraulic-cylinders.net\/wp-content\/uploads\/2025\/01\/hydraulic-cylinder-factory-1-1280x1625.webp 1280w, https:\/\/www.hydraulic-cylinders.net\/wp-content\/uploads\/2025\/01\/hydraulic-cylinder-factory-1-980x1244.webp 980w, https:\/\/www.hydraulic-cylinders.net\/wp-content\/uploads\/2025\/01\/hydraulic-cylinder-factory-1-480x610.webp 480w\" alt=\"\" width=\"2016\" height=\"2560\" \/><\/h2>\n<p>Imamo prvovrstno neodvisno platformo za raziskave in razvoj za monta\u017eo. Delavnica za proizvodnjo valjev za vili\u010darje ima \u0161tiri polavtomatske monta\u017ene linije za dvi\u017ene valje in popolnoma avtomatsko monta\u017eno linijo za nagibne valje z letno proizvodno zmogljivostjo milijona kosov. Delavnica za posebne valje ima polavtomatske \u010distilne in monta\u017ene sisteme razli\u010dnih specifikacij z letno proizvodno zmogljivostjo 200.000 kosov. Opremljena je z znanimi blagovnimi znamkami CNC obdelovalnih strojev, obdelovalnih centrov, posebne opreme za visoko precizno obdelavo valjev, robotskih varilnih strojev, avtomatskih \u010distilnih strojev, avtomatskih strojev za monta\u017eo valjev in avtomatskih proizvodnih linij za barvanje. Imamo ve\u010d kot 300 kompletov klju\u010dne opreme, ki deluje. Optimizirana dodelitev in u\u010dinkovita izraba opremnih virov zagotavljata natan\u010dnost izdelkov in izpolnjujeta visoke standarde kakovosti izdelkov.<\/p>\n<p>Strojna delavnica je opremljena s centri za stru\u017eenje vodilnih tirnic po meri, obdelovalnimi centri, visokohitrostnimi stroji za honanje, varilnimi roboti in drugo ustrezno opremo, ki lahko obdeluje cilindri\u010dne cevi z najve\u010djim notranjim premerom 400 mm in najve\u010djo dol\u017eino 6 metrov.<\/p>\n<h2><img loading=\"lazy\" decoding=\"async\" class=\"alignnone size-full wp-image-16973\" src=\"https:\/\/www.hydraulic-cylinders.net\/wp-content\/uploads\/2025\/01\/hydraulic-cylinder-factory-2-scaled.webp\" sizes=\"(min-width: 0px) and (max-width: 480px) 480px, (min-width: 481px) and (max-width: 980px) 980px, (min-width: 981px) and (max-width: 1280px) 1280px, (min-width: 1281px) 2011px, 100vw\" srcset=\"https:\/\/www.hydraulic-cylinders.net\/wp-content\/uploads\/2025\/01\/hydraulic-cylinder-factory-2-scaled.webp 2011w, https:\/\/www.hydraulic-cylinders.net\/wp-content\/uploads\/2025\/01\/hydraulic-cylinder-factory-2-1280x1629.webp 1280w, https:\/\/www.hydraulic-cylinders.net\/wp-content\/uploads\/2025\/01\/hydraulic-cylinder-factory-2-980x1248.webp 980w, https:\/\/www.hydraulic-cylinders.net\/wp-content\/uploads\/2025\/01\/hydraulic-cylinder-factory-2-480x611.webp 480w\" alt=\"\" width=\"2011\" height=\"2560\" \/><\/h2>\n<p>Imamo popolnoma avtomatsko linijo za barvanje na vodni osnovi za majhne in srednje velike valje, ki omogo\u010da avtomatsko nalaganje in razkladanje ter avtomatske robote za brizganje z na\u010drtovano proizvodno zmogljivostjo 4000 mest na izmeno. Imamo \u0161e eno polavtomatsko linijo za barvanje velikih valjev, ki jo poganja veriga, z na\u010drtovano zmogljivostjo 60 zabojev na izmeno.<\/p>\n<p>Za nadaljnje izbolj\u0161anje delovanja izdelkov in vzpostavitev vodilnega polo\u017eaja na\u0161ih hidravli\u010dnih cilindrov v panogi sta na\u0161e podjetje in zjimee skupaj ustanovila celovit laboratorij za hidravli\u010dne cilindre, hidravli\u010dne ventile in hidravli\u010dne \u010drpalke; laboratorij izvaja ra\u010dunalni\u0161ko podprto testiranje z uporabo elektrohidravli\u010dne tehnologije, preskusne pogoje pa vnaprej nastavi ra\u010dunalnik, kar izbolj\u0161a natan\u010dnost preskusa in vsestranskost sistema, ter eksperimentalne podatke.<\/p>\n<p>Samodejno zbiranje se izvaja z uporabo senzorjev, izhodni podatki, kot so notranje pu\u0161\u010danje in obremenitvena u\u010dinkovitost valja ali ventila, pa se neposredno obdelajo v ra\u010dunalniku in pretvorijo v standardne enote (ml\/min%). Hkrati se za zagotovitev varnosti delovanja hidravli\u010dnega sistema izvaja funkcija spremljanja stanja klju\u010dnih parametrov delovanja, kot so \u00bbspremljanje temperature olja, spremljanje nivoja teko\u010dine, spremljanje filtrirne naprave\u00ab itd. Med njimi lahko preskusna naprava hidravli\u010dnega valja preizkusi delovanje \u00bbobremenitve\u00ab.<br \/>\nu\u010dinkovitost \u00bbin\u00ab notranje pu\u0161\u010danje z od\u010ditki. Hkrati je opremljen z merilnim instrumentom v obliki re\u0161etke, ki izpolnjuje zahteve vseh preskusnih elementov hidravli\u010dnih cilindrov v skladu z nacionalnim standardom.<\/p>\n<p>&nbsp;<\/p>","protected":false},"excerpt":{"rendered":"<p>Tilt Hydraulic Cylinders For Large Forklift Tilt hydraulic cylinders are essential components in large forklifts, designed to enhance their operational capabilities. These cylinders allow for precise tilting of the forklift&#8217;s forks, facilitating safe and efficient loading and unloading of materials. With their robust construction and advanced technology, tilt hydraulic cylinders significantly improve productivity in warehouses [&hellip;]<\/p>","protected":false},"featured_media":17588,"comment_status":"open","ping_status":"closed","template":"","meta":{"_et_pb_use_builder":"","_et_pb_old_content":"","_et_gb_content_width":""},"product_brand":[],"product_cat":[1484,1550],"product_tag":[],"class_list":{"0":"post-17585","1":"product","2":"type-product","3":"status-publish","4":"has-post-thumbnail","6":"product_cat-forklift-hydraulic-cylinders","7":"product_cat-double-acting-hydraulic-cylinder","9":"first","10":"instock","11":"shipping-taxable","12":"product-type-simple"},"amp_enabled":true,"_links":{"self":[{"href":"https:\/\/www.hydraulic-cylinders.net\/sl\/wp-json\/wp\/v2\/product\/17585","targetHints":{"allow":["GET"]}}],"collection":[{"href":"https:\/\/www.hydraulic-cylinders.net\/sl\/wp-json\/wp\/v2\/product"}],"about":[{"href":"https:\/\/www.hydraulic-cylinders.net\/sl\/wp-json\/wp\/v2\/types\/product"}],"replies":[{"embeddable":true,"href":"https:\/\/www.hydraulic-cylinders.net\/sl\/wp-json\/wp\/v2\/comments?post=17585"}],"wp:featuredmedia":[{"embeddable":true,"href":"https:\/\/www.hydraulic-cylinders.net\/sl\/wp-json\/wp\/v2\/media\/17588"}],"wp:attachment":[{"href":"https:\/\/www.hydraulic-cylinders.net\/sl\/wp-json\/wp\/v2\/media?parent=17585"}],"wp:term":[{"taxonomy":"product_brand","embeddable":true,"href":"https:\/\/www.hydraulic-cylinders.net\/sl\/wp-json\/wp\/v2\/product_brand?post=17585"},{"taxonomy":"product_cat","embeddable":true,"href":"https:\/\/www.hydraulic-cylinders.net\/sl\/wp-json\/wp\/v2\/product_cat?post=17585"},{"taxonomy":"product_tag","embeddable":true,"href":"https:\/\/www.hydraulic-cylinders.net\/sl\/wp-json\/wp\/v2\/product_tag?post=17585"}],"curies":[{"name":"delovni list","href":"https:\/\/api.w.org\/{rel}","templated":true}]}}