{"id":17589,"date":"2025-03-18T06:09:41","date_gmt":"2025-03-18T06:09:41","guid":{"rendered":"https:\/\/www.hydraulic-cylinders.net\/?post_type=product&#038;p=17589"},"modified":"2025-04-11T01:44:55","modified_gmt":"2025-04-11T01:44:55","slug":"lift-hydraulic-cylinders-for-large-forklift","status":"publish","type":"product","link":"https:\/\/www.hydraulic-cylinders.net\/sl\/izdelek\/lift-hydraulic-cylinders-for-large-forklift\/","title":{"rendered":"Dvigalni hidravli\u010dni cilindri za velike vili\u010darje"},"content":{"rendered":"<h1 style=\"text-align: center;\"><strong>Dvigalni hidravli\u010dni cilindri za velike vili\u010darje<\/strong><\/h1>\n<p>Dvi\u017eni hidravli\u010dni cilindri so klju\u010dne komponente velikih vili\u010darjev, ki jim omogo\u010dajo opravljanje bistvenih funkcij dvigovanja in spu\u0161\u010danja. Ti cilindri zagotavljajo potrebno mo\u010d za u\u010dinkovito ravnanje s te\u017ekimi bremeni, kar zagotavlja nemoteno delovanje v razli\u010dnih industrijskih okoljih. Z robustno zasnovo in visoko zmogljivostjo dvi\u017eni hidravli\u010dni cilindri pove\u010dujejo produktivnost in varnost pri ravnanju z materiali.<\/p>\n<p>Nalo\u017eba v visokokakovostne dvi\u017ene hidravli\u010dne cilindre za velike vili\u010darje znatno izbolj\u0161a operativno u\u010dinkovitost in varnost. Z razumevanjem njihovih lastnosti, pravilne uporabe in zahtev glede vzdr\u017eevanja lahko upravljavci zagotovijo, da ti cilindri zagotavljajo dosledno delovanje in dolgo \u017eivljenjsko dobo. S pravimi dvi\u017enimi hidravli\u010dnimi cilindri lahko podjetja optimizirajo svoje procese ravnanja z materiali, kar vodi do ve\u010dje produktivnosti in kraj\u0161ega \u010dasa izpada.<\/p>\n<h1 style=\"text-align: center;\"><img loading=\"lazy\" decoding=\"async\" class=\"alignnone wp-image-17590\" src=\"https:\/\/www.hydraulic-cylinders.net\/wp-content\/uploads\/2025\/03\/Lift-hydraulic-cylinders-for-large-forklift.jpg\" alt=\"\" width=\"500\" height=\"500\" srcset=\"https:\/\/www.hydraulic-cylinders.net\/wp-content\/uploads\/2025\/03\/Lift-hydraulic-cylinders-for-large-forklift.jpg 500w, https:\/\/www.hydraulic-cylinders.net\/wp-content\/uploads\/2025\/03\/Lift-hydraulic-cylinders-for-large-forklift-480x480.jpg 480w\" sizes=\"(min-width: 0px) and (max-width: 480px) 480px, (min-width: 481px) 500px, 100vw\" \/><\/h1>\n<p style=\"text-align: center;\"><strong>Dvigalni hidravli\u010dni cilindri za velike vili\u010darje<\/strong><\/p>\n<h2><strong>Serija hidravli\u010dnih cilindrov za velike vili\u010darje:\u00a0<\/strong><\/h2>\n<h2><img loading=\"lazy\" decoding=\"async\" class=\"alignnone size-full wp-image-17582\" src=\"https:\/\/www.hydraulic-cylinders.net\/wp-content\/uploads\/2025\/03\/large-forklift-hydraulic-cylinder-construction.webp\" alt=\"\" width=\"1100\" height=\"615\" srcset=\"https:\/\/www.hydraulic-cylinders.net\/wp-content\/uploads\/2025\/03\/large-forklift-hydraulic-cylinder-construction.webp 1100w, https:\/\/www.hydraulic-cylinders.net\/wp-content\/uploads\/2025\/03\/large-forklift-hydraulic-cylinder-construction-980x548.webp 980w, https:\/\/www.hydraulic-cylinders.net\/wp-content\/uploads\/2025\/03\/large-forklift-hydraulic-cylinder-construction-480x268.webp 480w\" sizes=\"(min-width: 0px) and (max-width: 480px) 480px, (min-width: 481px) and (max-width: 980px) 980px, (min-width: 981px) 1100px, 100vw\" \/><\/h2>\n<h2><strong>Hidravli\u010dni cilindri za dvigovanje za velike vili\u010darje za velike vili\u010darje <\/strong><strong>Tehni\u010dne specifikacije<\/strong><strong>:<\/strong><\/h2>\n<p><strong>Funkcija:<\/strong> Za doseganje dvigovanja in spu\u0161\u010danja portala<br \/>\n<strong>Premer valja:<\/strong> 65 mm\u2013190 mm<br \/>\n<strong>Premer palice:<\/strong> 50 mm\u2013160 mm<br \/>\n<strong>Potovanje:<\/strong> 100 mm\u20133490 mm<br \/>\n<strong>Najve\u010dji tlak:<\/strong> 21 MPa<br \/>\n<strong>Najve\u010dji potisk:<\/strong> 596 kN<\/p>\n<h2><strong>Klju\u010dne zna\u010dilnosti dvi\u017enih hidravli\u010dnih cilindrov za velike vili\u010darje<\/strong><strong>:<\/strong><\/h2>\n<ul>\n<li><strong>Visoka nosilnost<\/strong>Ti dvi\u017eni hidravli\u010dni cilindri so zasnovani tako, da podpirajo znatne te\u017ee, zaradi \u010desar so idealni za te\u017eka dela. Njihova robustna zasnova zagotavlja zanesljivo delovanje tudi pri ekstremnih obremenitvah, kar vili\u010darjem omogo\u010da samozavestno rokovanje z velikimi paletami in materiali. Ta zmogljivost znatno izbolj\u0161a u\u010dinkovitost delovnega mesta, saj zmanj\u0161uje tveganje za okvare pri zahtevnih opravilih.<\/li>\n<li><strong>Trpe\u017ena konstrukcija<\/strong>Ti hidravli\u010dni cilindri, izdelani iz vrhunskih materialov, so zasnovani tako, da prenesejo zahtevna delovna okolja. Njihova odpornost proti obrabi, koroziji in utrujenosti podalj\u0161uje \u017eivljenjsko dobo cilindra, kar zmanj\u0161uje potrebo po pogostih zamenjavah. Ta vzdr\u017eljivost pomeni ni\u017eje stro\u0161ke vzdr\u017eevanja in dalj\u0161i \u010das delovanja, zaradi \u010desar so pametna nalo\u017eba za vsako industrijsko podjetje.<\/li>\n<li><strong>Vsestranske velikosti<\/strong>Ti dvi\u017eni hidravli\u010dni cilindri, ki so na voljo v \u0161irokem razponu premerov in dol\u017ein hoda, jih je mogo\u010de prilagoditi specifi\u010dnim potrebam razli\u010dnih modelov vili\u010darjev in aplikacij. Zaradi te vsestranskosti se lahko brezhibno integrirajo v razli\u010dne sisteme, kar zagotavlja fleksibilnost za podjetja, ki delajo z razli\u010dnimi tovori in materiali.<\/li>\n<li><strong>U\u010dinkovita zmogljivost<\/strong>Ti hidravli\u010dni cilindri, zasnovani za optimalno delovanje, omogo\u010dajo hitro dvigovanje in spu\u0161\u010danje. Ta u\u010dinkovitost skraj\u0161a \u010dase ciklov, kar omogo\u010da operaterjem hitrej\u0161e in u\u010dinkovitej\u0161e opravljanje nalog. Izbolj\u0161an potek dela ne le pove\u010da produktivnost, temve\u010d tudi izbolj\u0161a splo\u0161no operativno u\u010dinkovitost vili\u010darja, zaradi \u010desar je klju\u010dno sredstvo pri ravnanju z materiali.<\/li>\n<li><strong>Visokotla\u010dne ocene<\/strong>Ti cilindri, ki lahko delujejo pri povi\u0161anih tlakih, zagotavljajo u\u010dinkovit potisk in stabilnost med dvigovanjem. Njihovi visoki tlaki omogo\u010dajo varno ravnanje s te\u017ekimi bremeni brez ogro\u017eanja zmogljivosti. Ta zanesljivost je bistvenega pomena za ohranjanje varnostnih standardov na delovnem mestu, saj daje operaterjem brezskrbnost pri delu s te\u017ekimi materiali.<\/li>\n<\/ul>\n<h2><strong>Primeri uporabe hidravli\u010dnih cilindrov za dvigovanje velikih vili\u010darjev:<\/strong><\/h2>\n<h3><strong>1. Skladi\u0161\u010denje in distribucija<\/strong><\/h3>\n<p>V skladi\u0161\u010dih so veliki vili\u010darji, opremljeni z dvi\u017enimi hidravli\u010dnimi cilindri, bistveni za zlaganje in dvigovanje te\u017ekih palet. Ti cilindri omogo\u010dajo hitro dvigovanje in spu\u0161\u010danje, kar upravljavcem omogo\u010da u\u010dinkovito upravljanje zalog in optimizacijo skladi\u0161\u010dnega prostora. Omogo\u010dajo hitro nakladanje in razkladanje, kar znatno izbolj\u0161a splo\u0161no produktivnost.<\/p>\n<h3><strong>2. Gradbi\u0161\u010da<\/strong><\/h3>\n<p>Na gradbi\u0161\u010dih imajo dvi\u017eni hidravli\u010dni cilindri klju\u010dno vlogo pri premikanju te\u017ekih materialov, kot so jekleni nosilci, betonski bloki in oprema. Njihova visoka nosilnost omogo\u010da vili\u010darjem varno dvigovanje znatnih te\u017e, kar zagotavlja, da se materiali brez odla\u0161anja dostavijo na prava mesta. Ta zmogljivost izbolj\u0161a potek dela in podpira pravo\u010dasen zaklju\u010dek projekta.<\/p>\n<h3><strong>3. Proizvodni obrati<\/strong><\/h3>\n<p>V proizvodnih okoljih veliki vili\u010darji z dvi\u017enimi hidravli\u010dnimi cilindri pomagajo pri prevozu surovin in kon\u010dnih izdelkov med razli\u010dnimi obmo\u010dji obrata. Ti cilindri omogo\u010dajo natan\u010dno pozicioniranje tovora, kar je klju\u010dnega pomena za monta\u017ene linije in procese nadzora kakovosti. Njihovo u\u010dinkovito delovanje skraj\u0161a \u010dase ciklov in pove\u010da splo\u0161no u\u010dinkovitost proizvodnje.<\/p>\n<h3><strong>4. Recikliranje in ravnanje z odpadki<\/strong><\/h3>\n<p>Hidravli\u010dni cilindri za dvigovanje so klju\u010dnega pomena pri recikliranju in ravnanju z odpadki, kjer se za ravnanje s te\u017ekimi smetnjaki in zabojniki uporabljajo veliki vili\u010darji. Ti cilindri omogo\u010dajo upravljavcem varno dvigovanje in premikanje kosovnih odpadkov, kar poenostavlja sortiranje in predelavo reciklabilnih materialov. Ta u\u010dinkovitost prispeva k bolj organiziranemu in u\u010dinkovitej\u0161emu sistemu ravnanja z odpadki.<\/p>\n<h3><strong>5. Kmetijstvo<\/strong><\/h3>\n<p>V kmetijstvu se za prevoz te\u017ekih tovorov, kot so bale sena, krma in oprema, uporabljajo veliki vili\u010darji z dvi\u017enimi hidravli\u010dnimi cilindri. Zmo\u017enost enostavnega dvigovanja in spu\u0161\u010danja teh tovorov omogo\u010da kmetom u\u010dinkovitej\u0161e upravljanje svojih dejavnosti, kar zagotavlja pravo\u010dasno dostavo in u\u010dinkovito uporabo virov.<\/p>\n<p>I\u0161\u010dete cilindre za te\u017eke vili\u010darje? Oglejte si na\u0161e <a href=\"https:\/\/www.hydraulic-cylinders.net\/sl\/forklift-hydraulic-cylinder\/\">Te\u017eki hidravli\u010dni cilindri<\/a>.<\/p>\n<h2><strong>Proizvodno obmo\u010dje valjev za vili\u010darje:<\/strong><\/h2>\n<h2><img loading=\"lazy\" decoding=\"async\" class=\"alignnone size-full wp-image-16972\" src=\"https:\/\/www.hydraulic-cylinders.net\/wp-content\/uploads\/2025\/01\/hydraulic-cylinder-factory-1-scaled.webp\" sizes=\"(min-width: 0px) and (max-width: 480px) 480px, (min-width: 481px) and (max-width: 980px) 980px, (min-width: 981px) and (max-width: 1280px) 1280px, (min-width: 1281px) 2016px, 100vw\" srcset=\"https:\/\/www.hydraulic-cylinders.net\/wp-content\/uploads\/2025\/01\/hydraulic-cylinder-factory-1-scaled.webp 2016w, https:\/\/www.hydraulic-cylinders.net\/wp-content\/uploads\/2025\/01\/hydraulic-cylinder-factory-1-1280x1625.webp 1280w, https:\/\/www.hydraulic-cylinders.net\/wp-content\/uploads\/2025\/01\/hydraulic-cylinder-factory-1-980x1244.webp 980w, https:\/\/www.hydraulic-cylinders.net\/wp-content\/uploads\/2025\/01\/hydraulic-cylinder-factory-1-480x610.webp 480w\" alt=\"\" width=\"2016\" height=\"2560\" \/><\/h2>\n<p>Imamo prvovrstno neodvisno platformo za raziskave in razvoj za monta\u017eo. Delavnica za proizvodnjo valjev za vili\u010darje ima \u0161tiri polavtomatske monta\u017ene linije za dvi\u017ene valje in popolnoma avtomatsko monta\u017eno linijo za nagibne valje z letno proizvodno zmogljivostjo milijona kosov. Delavnica za posebne valje ima polavtomatske \u010distilne in monta\u017ene sisteme razli\u010dnih specifikacij z letno proizvodno zmogljivostjo 200.000 kosov. Opremljena je z znanimi blagovnimi znamkami CNC obdelovalnih strojev, obdelovalnih centrov, posebne opreme za visoko precizno obdelavo valjev, robotskih varilnih strojev, avtomatskih \u010distilnih strojev, avtomatskih strojev za monta\u017eo valjev in avtomatskih proizvodnih linij za barvanje. Imamo ve\u010d kot 300 kompletov klju\u010dne opreme, ki deluje. Optimizirana dodelitev in u\u010dinkovita izraba opremnih virov zagotavljata natan\u010dnost izdelkov in izpolnjujeta visoke standarde kakovosti izdelkov.<\/p>\n<p>Strojna delavnica je opremljena s centri za stru\u017eenje vodilnih tirnic po meri, obdelovalnimi centri, visokohitrostnimi stroji za honanje, varilnimi roboti in drugo ustrezno opremo, ki lahko obdeluje cilindri\u010dne cevi z najve\u010djim notranjim premerom 400 mm in najve\u010djo dol\u017eino 6 metrov.<\/p>\n<h2><img loading=\"lazy\" decoding=\"async\" class=\"alignnone size-full wp-image-16973\" src=\"https:\/\/www.hydraulic-cylinders.net\/wp-content\/uploads\/2025\/01\/hydraulic-cylinder-factory-2-scaled.webp\" sizes=\"(min-width: 0px) and (max-width: 480px) 480px, (min-width: 481px) and (max-width: 980px) 980px, (min-width: 981px) and (max-width: 1280px) 1280px, (min-width: 1281px) 2011px, 100vw\" srcset=\"https:\/\/www.hydraulic-cylinders.net\/wp-content\/uploads\/2025\/01\/hydraulic-cylinder-factory-2-scaled.webp 2011w, https:\/\/www.hydraulic-cylinders.net\/wp-content\/uploads\/2025\/01\/hydraulic-cylinder-factory-2-1280x1629.webp 1280w, https:\/\/www.hydraulic-cylinders.net\/wp-content\/uploads\/2025\/01\/hydraulic-cylinder-factory-2-980x1248.webp 980w, https:\/\/www.hydraulic-cylinders.net\/wp-content\/uploads\/2025\/01\/hydraulic-cylinder-factory-2-480x611.webp 480w\" alt=\"\" width=\"2011\" height=\"2560\" \/><\/h2>\n<p>Imamo popolnoma avtomatsko linijo za barvanje na vodni osnovi za majhne in srednje velike valje, ki omogo\u010da avtomatsko nalaganje in razkladanje ter avtomatske robote za brizganje z na\u010drtovano proizvodno zmogljivostjo 4000 mest na izmeno. Imamo \u0161e eno polavtomatsko linijo za barvanje velikih valjev, ki jo poganja veriga, z na\u010drtovano zmogljivostjo 60 zabojev na izmeno.<\/p>\n<p>Za nadaljnje izbolj\u0161anje delovanja izdelkov in vzpostavitev vodilnega polo\u017eaja na\u0161ih hidravli\u010dnih cilindrov v panogi sta na\u0161e podjetje in zjimee skupaj ustanovila celovit laboratorij za hidravli\u010dne cilindre, hidravli\u010dne ventile in hidravli\u010dne \u010drpalke; laboratorij izvaja ra\u010dunalni\u0161ko podprto testiranje z uporabo elektrohidravli\u010dne tehnologije, preskusne pogoje pa vnaprej nastavi ra\u010dunalnik, kar izbolj\u0161a natan\u010dnost preskusa in vsestranskost sistema, ter eksperimentalne podatke.<\/p>\n<p>Samodejno zbiranje se izvaja z uporabo senzorjev, izhodni podatki, kot so notranje pu\u0161\u010danje in obremenitvena u\u010dinkovitost valja ali ventila, pa se neposredno obdelajo v ra\u010dunalniku in pretvorijo v standardne enote (ml\/min%). Hkrati se za zagotovitev varnosti delovanja hidravli\u010dnega sistema izvaja funkcija spremljanja stanja klju\u010dnih parametrov delovanja, kot so \u00bbspremljanje temperature olja, spremljanje nivoja teko\u010dine, spremljanje filtrirne naprave\u00ab itd. Med njimi lahko preskusna naprava hidravli\u010dnega valja preizkusi delovanje \u00bbobremenitve\u00ab.<br \/>\nu\u010dinkovitost \u00bbin\u00ab notranje pu\u0161\u010danje z od\u010ditki. Hkrati je opremljen z merilnim instrumentom v obliki re\u0161etke, ki izpolnjuje zahteve vseh preskusnih elementov hidravli\u010dnih cilindrov v skladu z nacionalnim standardom.<\/p>\n<p>&nbsp;<\/p>","protected":false},"excerpt":{"rendered":"<p>Lift Hydraulic Cylinders For Large Forklift Lift hydraulic cylinders are crucial components in large forklifts, enabling them to perform essential lifting and lowering functions. These cylinders provide the necessary power to handle heavy loads efficiently, ensuring smooth operations in various industrial settings. With robust design and high performance, lift hydraulic cylinders enhance productivity and safety [&hellip;]<\/p>","protected":false},"featured_media":17591,"comment_status":"open","ping_status":"closed","template":"","meta":{"_et_pb_use_builder":"","_et_pb_old_content":"","_et_gb_content_width":""},"product_brand":[],"product_cat":[1484,1549],"product_tag":[],"class_list":{"0":"post-17589","1":"product","2":"type-product","3":"status-publish","4":"has-post-thumbnail","6":"product_cat-forklift-hydraulic-cylinders","7":"product_cat-single-acting-hydraulic-cylinder","9":"first","10":"instock","11":"shipping-taxable","12":"product-type-simple"},"amp_enabled":true,"_links":{"self":[{"href":"https:\/\/www.hydraulic-cylinders.net\/sl\/wp-json\/wp\/v2\/product\/17589","targetHints":{"allow":["GET"]}}],"collection":[{"href":"https:\/\/www.hydraulic-cylinders.net\/sl\/wp-json\/wp\/v2\/product"}],"about":[{"href":"https:\/\/www.hydraulic-cylinders.net\/sl\/wp-json\/wp\/v2\/types\/product"}],"replies":[{"embeddable":true,"href":"https:\/\/www.hydraulic-cylinders.net\/sl\/wp-json\/wp\/v2\/comments?post=17589"}],"wp:featuredmedia":[{"embeddable":true,"href":"https:\/\/www.hydraulic-cylinders.net\/sl\/wp-json\/wp\/v2\/media\/17591"}],"wp:attachment":[{"href":"https:\/\/www.hydraulic-cylinders.net\/sl\/wp-json\/wp\/v2\/media?parent=17589"}],"wp:term":[{"taxonomy":"product_brand","embeddable":true,"href":"https:\/\/www.hydraulic-cylinders.net\/sl\/wp-json\/wp\/v2\/product_brand?post=17589"},{"taxonomy":"product_cat","embeddable":true,"href":"https:\/\/www.hydraulic-cylinders.net\/sl\/wp-json\/wp\/v2\/product_cat?post=17589"},{"taxonomy":"product_tag","embeddable":true,"href":"https:\/\/www.hydraulic-cylinders.net\/sl\/wp-json\/wp\/v2\/product_tag?post=17589"}],"curies":[{"name":"delovni list","href":"https:\/\/api.w.org\/{rel}","templated":true}]}}