{"id":17593,"date":"2025-03-18T06:19:55","date_gmt":"2025-03-18T06:19:55","guid":{"rendered":"https:\/\/www.hydraulic-cylinders.net\/?post_type=product&#038;p=17593"},"modified":"2025-04-11T03:15:26","modified_gmt":"2025-04-11T03:15:26","slug":"steering-hydraulic-cylinders-for-large-forklift","status":"publish","type":"product","link":"https:\/\/www.hydraulic-cylinders.net\/sl\/izdelek\/steering-hydraulic-cylinders-for-large-forklift\/","title":{"rendered":"Krmilni hidravli\u010dni cilindri za velike vili\u010darje"},"content":{"rendered":"<h1 style=\"text-align: center;\"><strong>Krmilni hidravli\u010dni cilindri za velike vili\u010darje<\/strong><\/h1>\n<p>Krmilni hidravli\u010dni cilindri so klju\u010dni sestavni deli velikih vili\u010darjev, saj zagotavljajo potrebno mo\u010d in natan\u010dnost za krmiljenje. Ti cilindri omogo\u010dajo gladko manevriranje, kar je bistveno za navigacijo v ozkih prostorih in opravljanje kompleksnih nalog. S pretvorbo hidravli\u010dnega tlaka v mehansko silo krmilni hidravli\u010dni cilindri pove\u010dajo splo\u0161no u\u010dinkovitost in varnost delovanja vili\u010darja.<\/p>\n<p>Krmilni hidravli\u010dni cilindri so bistveni za u\u010dinkovito delovanje velikih vili\u010darjev. Zaradi svoje robustne zasnove, u\u010dinkovitosti in prilagodljivosti so klju\u010dni sestavni del v razli\u010dnih industrijskih aplikacijah. Z razumevanjem njihovih lastnosti, pravilnih na\u010dinov uporabe in zahtev glede vzdr\u017eevanja lahko upravljavci pove\u010dajo zmogljivost in varnost svojih vili\u010darjev, kar na koncu pove\u010da produktivnost na delovnem mestu. Nalo\u017eba v visokokakovostne krmilne hidravli\u010dne cilindre zagotavlja zanesljiv in natan\u010den nadzor krmiljenja, kar je klju\u010dnega pomena za navigacijo v zahtevnih okoljih.<\/p>\n<h1 style=\"text-align: center;\"><img loading=\"lazy\" decoding=\"async\" class=\"alignnone wp-image-17590\" src=\"https:\/\/www.hydraulic-cylinders.net\/wp-content\/uploads\/2025\/03\/Lift-hydraulic-cylinders-for-large-forklift.jpg\" alt=\"\" width=\"500\" height=\"500\" srcset=\"https:\/\/www.hydraulic-cylinders.net\/wp-content\/uploads\/2025\/03\/Lift-hydraulic-cylinders-for-large-forklift.jpg 500w, https:\/\/www.hydraulic-cylinders.net\/wp-content\/uploads\/2025\/03\/Lift-hydraulic-cylinders-for-large-forklift-480x480.jpg 480w\" sizes=\"(min-width: 0px) and (max-width: 480px) 480px, (min-width: 481px) 500px, 100vw\" \/><\/h1>\n<p style=\"text-align: center;\"><strong>Krmilni hidravli\u010dni cilindri za velike vili\u010darje<\/strong><\/p>\n<h2><strong>Krmilni hidravli\u010dni cilindri za velike vili\u010darje <\/strong><strong>Tehni\u010dne specifikacije<\/strong><strong>:<\/strong><\/h2>\n<p><strong>Funkcija:<\/strong> Izvedite delovanje krmiljenja osi vili\u010darja in omogo\u010dite krmiljenje pnevmatik vili\u010darja<br \/>\n<strong>Premer valja:<\/strong> 80 mm\u2013160 mm<br \/>\n<strong>Premer palice:<\/strong> 50 mm\u2013110 mm<br \/>\n<strong>Potovanje:<\/strong> 71 mm \u00d7 2 \u2013 235 mm \u00d7 2<br \/>\n<strong>Najve\u010dji tlak:<\/strong> 18 MPa<br \/>\n<strong>Najve\u010dji potisk:<\/strong> 362 kN<\/p>\n<h2><strong>Serija hidravli\u010dnih cilindrov za velike vili\u010darje:\u00a0<\/strong><\/h2>\n<h2><img loading=\"lazy\" decoding=\"async\" class=\"alignnone size-full wp-image-17582\" src=\"https:\/\/www.hydraulic-cylinders.net\/wp-content\/uploads\/2025\/03\/large-forklift-hydraulic-cylinder-construction.webp\" alt=\"\" width=\"1100\" height=\"615\" srcset=\"https:\/\/www.hydraulic-cylinders.net\/wp-content\/uploads\/2025\/03\/large-forklift-hydraulic-cylinder-construction.webp 1100w, https:\/\/www.hydraulic-cylinders.net\/wp-content\/uploads\/2025\/03\/large-forklift-hydraulic-cylinder-construction-980x548.webp 980w, https:\/\/www.hydraulic-cylinders.net\/wp-content\/uploads\/2025\/03\/large-forklift-hydraulic-cylinder-construction-480x268.webp 480w\" sizes=\"(min-width: 0px) and (max-width: 480px) 480px, (min-width: 481px) and (max-width: 980px) 980px, (min-width: 981px) 1100px, 100vw\" \/><\/h2>\n<h2><strong>Klju\u010dne zna\u010dilnosti krmilnih hidravli\u010dnih cilindrov za velike vili\u010darje<\/strong><strong>:<\/strong><\/h2>\n<ul>\n<li><strong>Robustna konstrukcija:<\/strong> Krmilni hidravli\u010dni cilindri so izdelani iz visokokakovostnega jekla in oja\u010danih materialov, kar zagotavlja, da lahko prenesejo zahtevne pogoje uporabe pri te\u017ekih obremenitvah. Ta vzdr\u017eljivost se odra\u017ea v dolgotrajnem delovanju, kar zmanj\u0161uje potrebo po pogostih zamenjavah in prihrani stro\u0161ke vzdr\u017eevanja.<\/li>\n<li><strong>Visoka u\u010dinkovitost:<\/strong> Ti cilindri so zasnovani za hitro in odzivno krmiljenje. Zaradi te zasnove ima upravljavec ve\u010dji nadzor nad vili\u010darjem in omogo\u010da natan\u010dne manevre. Ne glede na to, ali se premikajo po ozkih prostorih ali izvajajo ostre zavoje, se lahko upravljavci zanesejo na takoj\u0161en odziv hidravli\u010dnega sistema, kar izbolj\u0161a splo\u0161no produktivnost.<\/li>\n<li><strong>Kompaktna zasnova:<\/strong> Kompaktna velikost hidravli\u010dnih cilindrov krmiljenja omogo\u010da enostavno namestitev v razli\u010dne modele vili\u010darjev. Ta funkcija maksimizira prostorsko u\u010dinkovitost znotraj zasnove vili\u010darja, kar proizvajalcem omogo\u010da optimizacijo zmogljivosti brez \u017ertvovanja funkcionalnosti. Upravljavci imajo koristi od poenostavljene nastavitve, ki izbolj\u0161a okretnost v omejenih okoljih.<\/li>\n<li><strong>Zape\u010dateno za za\u0161\u010dito:<\/strong> Zatesnjeni hidravli\u010dni sistemi teh cilindrov zagotavljajo klju\u010dno za\u0161\u010dito pred umazanijo in vlago. To tesnjenje pomaga ohranjati celovitost hidravli\u010dne teko\u010dine in zagotavlja dosledno delovanje tudi v zahtevnih pogojih. S prepre\u010devanjem vdora onesna\u017eevalcev v sistem ti cilindri zmanj\u0161ujejo obrabo in s tem podalj\u0161ujejo svojo obratovalno \u017eivljenjsko dobo.<\/li>\n<li><strong>Vsestranska zdru\u017eljivost:<\/strong> Krmilni hidravli\u010dni cilindri so zasnovani tako, da so zdru\u017eljivi s \u0161iroko paleto modelov vili\u010darjev. Zaradi te vsestranskosti so idealna izbira za vzdr\u017eevanje in nadgradnje voznega parka, saj podjetjem omogo\u010dajo standardizacijo delov za razli\u010dne stroje. Upravljavci lahko preprosto zamenjajo ali nadgradijo cilindre, ne da bi se morali skrbeti za te\u017eave z zdru\u017eljivostjo, kar poenostavi postopke vzdr\u017eevanja.<\/li>\n<\/ul>\n<h2><strong>Primeri uporabe hidravli\u010dnih cilindrov za krmiljenje velikih vili\u010darjev:<\/strong><\/h2>\n<p>Krmilni hidravli\u010dni cilindri igrajo klju\u010dno vlogo pri izbolj\u0161anju funkcionalnosti in u\u010dinkovitosti velikih vili\u010darjev v razli\u010dnih panogah. Tukaj je nekaj klju\u010dnih primerov uporabe:<\/p>\n<h4>1. <strong>Skladi\u0161\u010dne operacije<\/strong><\/h4>\n<p>V skladi\u0161\u010dih se veliki vili\u010darji, opremljeni s hidravli\u010dnimi cilindri za krmiljenje, premikajo po ozkih hodnikih in preme\u0161\u010dajo te\u017eke palete. Natan\u010dne zmogljivosti krmiljenja omogo\u010dajo upravljavcem u\u010dinkovito zlaganje in prevzem blaga, kar optimizira prostor in izbolj\u0161uje upravljanje zalog.<\/p>\n<h4>2. <strong>Gradbi\u0161\u010da<\/strong><\/h4>\n<p>Na gradbi\u0161\u010dih ti cilindri zagotavljajo potreben nadzor za premikanje te\u017ekih materialov, kot so jekleni nosilci in betonski bloki. Vozniki lahko enostavno krmarijo vili\u010dar v tesnih prostorih, kar zagotavlja varno in natan\u010dno namestitev materialov, kar je klju\u010dnega pomena za \u010dasovni okvir projekta.<\/p>\n<h4>3. <strong>Proizvodni obrati<\/strong><\/h4>\n<p>V proizvodnji hidravli\u010dni cilindri krmiljenja olaj\u0161ajo prevoz delov in komponent med razli\u010dnimi proizvodnimi fazami. Hitro in odzivno krmiljenje omogo\u010da operaterjem u\u010dinkovito premikanje predmetov, kar zmanj\u0161a \u010das izpada in izbolj\u0161a potek dela v celotnem obratu.<\/p>\n<h4>4. <strong>Kmetijske aplikacije<\/strong><\/h4>\n<p>Veliki vili\u010darji v kmetijstvu uporabljajo hidravli\u010dne cilindre za upravljanje bal, zabojev in drugih kmetijskih pridelkov. Izbolj\u0161ana okretnost omogo\u010da kmetom hitro natovarjanje in raztovarjanje materialov, zaradi \u010desar je delovanje v \u010dasu najve\u010djega prometa u\u010dinkovitej\u0161e.<\/p>\n<h4>5. <strong>Recikliranje in ravnanje z odpadki<\/strong><\/h4>\n<p>V obratih za recikliranje krmilni hidravli\u010dni cilindri pomagajo vili\u010darjem pri prevozu in zlaganju materialov za recikliranje. Njihova sposobnost krmarjenja skozi natrpano okolje zagotavlja nemoteno delovanje, kar izbolj\u0161uje postopke sortiranja in splo\u0161no u\u010dinkovitost.<\/p>\n<h3><span style=\"color: #666666; font-size: 14px;\">I\u0161\u010dete cilindre za te\u017eke vili\u010darje? Oglejte si na\u0161e <\/span><a style=\"font-size: 14px;\" href=\"https:\/\/www.hydraulic-cylinders.net\/sl\/forklift-hydraulic-cylinder\/\">Te\u017eki hidravli\u010dni cilindri<\/a><span style=\"color: #666666; font-size: 14px;\">.<\/span><\/h3>\n<h2><strong>Proizvodno obmo\u010dje valjev za vili\u010darje:<\/strong><\/h2>\n<h2><img loading=\"lazy\" decoding=\"async\" class=\"alignnone size-full wp-image-16972\" src=\"https:\/\/www.hydraulic-cylinders.net\/wp-content\/uploads\/2025\/01\/hydraulic-cylinder-factory-1-scaled.webp\" sizes=\"(min-width: 0px) and (max-width: 480px) 480px, (min-width: 481px) and (max-width: 980px) 980px, (min-width: 981px) and (max-width: 1280px) 1280px, (min-width: 1281px) 2016px, 100vw\" srcset=\"https:\/\/www.hydraulic-cylinders.net\/wp-content\/uploads\/2025\/01\/hydraulic-cylinder-factory-1-scaled.webp 2016w, https:\/\/www.hydraulic-cylinders.net\/wp-content\/uploads\/2025\/01\/hydraulic-cylinder-factory-1-1280x1625.webp 1280w, https:\/\/www.hydraulic-cylinders.net\/wp-content\/uploads\/2025\/01\/hydraulic-cylinder-factory-1-980x1244.webp 980w, https:\/\/www.hydraulic-cylinders.net\/wp-content\/uploads\/2025\/01\/hydraulic-cylinder-factory-1-480x610.webp 480w\" alt=\"\" width=\"2016\" height=\"2560\" \/><\/h2>\n<p>Imamo prvovrstno neodvisno platformo za raziskave in razvoj za monta\u017eo. Delavnica za proizvodnjo valjev za vili\u010darje ima \u0161tiri polavtomatske monta\u017ene linije za dvi\u017ene valje in popolnoma avtomatsko monta\u017eno linijo za nagibne valje z letno proizvodno zmogljivostjo milijona kosov. Delavnica za posebne valje ima polavtomatske \u010distilne in monta\u017ene sisteme razli\u010dnih specifikacij z letno proizvodno zmogljivostjo 200.000 kosov. Opremljena je z znanimi blagovnimi znamkami CNC obdelovalnih strojev, obdelovalnih centrov, posebne opreme za visoko precizno obdelavo valjev, robotskih varilnih strojev, avtomatskih \u010distilnih strojev, avtomatskih strojev za monta\u017eo valjev in avtomatskih proizvodnih linij za barvanje. Imamo ve\u010d kot 300 kompletov klju\u010dne opreme, ki deluje. Optimizirana dodelitev in u\u010dinkovita izraba opremnih virov zagotavljata natan\u010dnost izdelkov in izpolnjujeta visoke standarde kakovosti izdelkov.<\/p>\n<p>Strojna delavnica je opremljena s centri za stru\u017eenje vodilnih tirnic po meri, obdelovalnimi centri, visokohitrostnimi stroji za honanje, varilnimi roboti in drugo ustrezno opremo, ki lahko obdeluje cilindri\u010dne cevi z najve\u010djim notranjim premerom 400 mm in najve\u010djo dol\u017eino 6 metrov.<\/p>\n<h2><img loading=\"lazy\" decoding=\"async\" class=\"alignnone size-full wp-image-16973\" src=\"https:\/\/www.hydraulic-cylinders.net\/wp-content\/uploads\/2025\/01\/hydraulic-cylinder-factory-2-scaled.webp\" sizes=\"(min-width: 0px) and (max-width: 480px) 480px, (min-width: 481px) and (max-width: 980px) 980px, (min-width: 981px) and (max-width: 1280px) 1280px, (min-width: 1281px) 2011px, 100vw\" srcset=\"https:\/\/www.hydraulic-cylinders.net\/wp-content\/uploads\/2025\/01\/hydraulic-cylinder-factory-2-scaled.webp 2011w, https:\/\/www.hydraulic-cylinders.net\/wp-content\/uploads\/2025\/01\/hydraulic-cylinder-factory-2-1280x1629.webp 1280w, https:\/\/www.hydraulic-cylinders.net\/wp-content\/uploads\/2025\/01\/hydraulic-cylinder-factory-2-980x1248.webp 980w, https:\/\/www.hydraulic-cylinders.net\/wp-content\/uploads\/2025\/01\/hydraulic-cylinder-factory-2-480x611.webp 480w\" alt=\"\" width=\"2011\" height=\"2560\" \/><\/h2>\n<p>Imamo popolnoma avtomatsko linijo za barvanje na vodni osnovi za majhne in srednje velike valje, ki omogo\u010da avtomatsko nalaganje in razkladanje ter avtomatske robote za brizganje z na\u010drtovano proizvodno zmogljivostjo 4000 mest na izmeno. Imamo \u0161e eno polavtomatsko linijo za barvanje velikih valjev, ki jo poganja veriga, z na\u010drtovano zmogljivostjo 60 zabojev na izmeno.<\/p>\n<p>Za nadaljnje izbolj\u0161anje delovanja izdelkov in vzpostavitev vodilnega polo\u017eaja na\u0161ih hidravli\u010dnih cilindrov v panogi sta na\u0161e podjetje in zjimee skupaj ustanovila celovit laboratorij za hidravli\u010dne cilindre, hidravli\u010dne ventile in hidravli\u010dne \u010drpalke; laboratorij izvaja ra\u010dunalni\u0161ko podprto testiranje z uporabo elektrohidravli\u010dne tehnologije, preskusne pogoje pa vnaprej nastavi ra\u010dunalnik, kar izbolj\u0161a natan\u010dnost preskusa in vsestranskost sistema, ter eksperimentalne podatke.<\/p>\n<p>Samodejno zbiranje se izvaja z uporabo senzorjev, izhodni podatki, kot so notranje pu\u0161\u010danje in obremenitvena u\u010dinkovitost valja ali ventila, pa se neposredno obdelajo v ra\u010dunalniku in pretvorijo v standardne enote (ml\/min%). Hkrati se za zagotovitev varnosti delovanja hidravli\u010dnega sistema izvaja funkcija spremljanja stanja klju\u010dnih parametrov delovanja, kot so \u00bbspremljanje temperature olja, spremljanje nivoja teko\u010dine, spremljanje filtrirne naprave\u00ab itd. Med njimi lahko preskusna naprava hidravli\u010dnega valja preizkusi delovanje \u00bbobremenitve\u00ab.<br \/>\nu\u010dinkovitost \u00bbin\u00ab notranje pu\u0161\u010danje z od\u010ditki. Hkrati je opremljen z merilnim instrumentom v obliki re\u0161etke, ki izpolnjuje zahteve vseh preskusnih elementov hidravli\u010dnih cilindrov v skladu z nacionalnim standardom.<\/p>\n<p>&nbsp;<\/p>","protected":false},"excerpt":{"rendered":"<p>Steering Hydraulic Cylinders For Large Forklift Steering hydraulic cylinders are vital components in large forklifts, providing the necessary power and precision for steering control. These cylinders enable smooth maneuverability, essential for navigating tight spaces and performing complex tasks. By converting hydraulic pressure into mechanical force, steering hydraulic cylinders enhance the overall efficiency and safety of [&hellip;]<\/p>","protected":false},"featured_media":17595,"comment_status":"open","ping_status":"closed","template":"","meta":{"_et_pb_use_builder":"","_et_pb_old_content":"","_et_gb_content_width":""},"product_brand":[],"product_cat":[1484,1550],"product_tag":[],"class_list":{"0":"post-17593","1":"product","2":"type-product","3":"status-publish","4":"has-post-thumbnail","6":"product_cat-forklift-hydraulic-cylinders","7":"product_cat-double-acting-hydraulic-cylinder","9":"first","10":"instock","11":"shipping-taxable","12":"product-type-simple"},"amp_enabled":true,"_links":{"self":[{"href":"https:\/\/www.hydraulic-cylinders.net\/sl\/wp-json\/wp\/v2\/product\/17593","targetHints":{"allow":["GET"]}}],"collection":[{"href":"https:\/\/www.hydraulic-cylinders.net\/sl\/wp-json\/wp\/v2\/product"}],"about":[{"href":"https:\/\/www.hydraulic-cylinders.net\/sl\/wp-json\/wp\/v2\/types\/product"}],"replies":[{"embeddable":true,"href":"https:\/\/www.hydraulic-cylinders.net\/sl\/wp-json\/wp\/v2\/comments?post=17593"}],"wp:featuredmedia":[{"embeddable":true,"href":"https:\/\/www.hydraulic-cylinders.net\/sl\/wp-json\/wp\/v2\/media\/17595"}],"wp:attachment":[{"href":"https:\/\/www.hydraulic-cylinders.net\/sl\/wp-json\/wp\/v2\/media?parent=17593"}],"wp:term":[{"taxonomy":"product_brand","embeddable":true,"href":"https:\/\/www.hydraulic-cylinders.net\/sl\/wp-json\/wp\/v2\/product_brand?post=17593"},{"taxonomy":"product_cat","embeddable":true,"href":"https:\/\/www.hydraulic-cylinders.net\/sl\/wp-json\/wp\/v2\/product_cat?post=17593"},{"taxonomy":"product_tag","embeddable":true,"href":"https:\/\/www.hydraulic-cylinders.net\/sl\/wp-json\/wp\/v2\/product_tag?post=17593"}],"curies":[{"name":"delovni list","href":"https:\/\/api.w.org\/{rel}","templated":true}]}}