{"id":17596,"date":"2025-03-18T06:28:26","date_gmt":"2025-03-18T06:28:26","guid":{"rendered":"https:\/\/www.hydraulic-cylinders.net\/?post_type=product&#038;p=17596"},"modified":"2025-04-11T01:44:52","modified_gmt":"2025-04-11T01:44:52","slug":"lifting-hydraulic-cylinders-storage-handling-vehicles","status":"publish","type":"product","link":"https:\/\/www.hydraulic-cylinders.net\/sl\/izdelek\/lifting-hydraulic-cylinders-storage-handling-vehicles\/","title":{"rendered":"Dvi\u017eni hidravli\u010dni cilindri za skladi\u0161\u010dna in manipulacijska vozila"},"content":{"rendered":"<h1 style=\"text-align: center;\"><strong>Dvi\u017eni hidravli\u010dni cilindri za skladi\u0161\u010dna in manipulacijska vozila<\/strong><\/h1>\n<p>Hidravli\u010dni cilindri za dvigovanje so bistveni sestavni deli skladi\u0161\u010dnih in manipulacijskih vozil, saj omogo\u010dajo u\u010dinkovito dvigovanje in spu\u0161\u010danje te\u017ekih bremen. Ti cilindri pretvarjajo hidravli\u010dni tlak v mehansko silo in zagotavljajo mo\u010d, potrebno za opravljanje razli\u010dnih nalog v skladi\u0161\u010dih, distribucijskih centrih in proizvodnih obratih. Zaradi svoje zanesljivosti in u\u010dinkovitosti so klju\u010dni za optimizacijo operacij ravnanja z materiali.<\/p>\n<p>Dvi\u017eni hidravli\u010dni cilindri so klju\u010dnega pomena za u\u010dinkovito delovanje skladi\u0161\u010dnih in manipulacijskih vozil. Zaradi svoje robustne konstrukcije, visoke nosilnosti in nemotenega delovanja so nepogre\u0161ljivi v razli\u010dnih industrijskih aplikacijah. Z razumevanjem njihovih lastnosti, pravilnih na\u010dinov uporabe in zahtev glede vzdr\u017eevanja lahko upravljavci pove\u010dajo zmogljivost in varnost svoje dvi\u017ene opreme, kar na koncu pove\u010da produktivnost pri nalogah ravnanja z materiali. Nalo\u017eba v visokokakovostne dvi\u017ene hidravli\u010dne cilindre zagotavlja zanesljivo in u\u010dinkovito delovanje, kar je klju\u010dnega pomena za uspeh v vsakem podjetju.<\/p>\n<h1 style=\"text-align: center;\"><img loading=\"lazy\" decoding=\"async\" class=\"alignnone wp-image-17598\" src=\"https:\/\/www.hydraulic-cylinders.net\/wp-content\/uploads\/2025\/03\/Lifting-hydraulic-cylinders-for-Storage-and-handling-vehicle.jpg\" alt=\"\" width=\"500\" height=\"500\" srcset=\"https:\/\/www.hydraulic-cylinders.net\/wp-content\/uploads\/2025\/03\/Lifting-hydraulic-cylinders-for-Storage-and-handling-vehicle.jpg 500w, https:\/\/www.hydraulic-cylinders.net\/wp-content\/uploads\/2025\/03\/Lifting-hydraulic-cylinders-for-Storage-and-handling-vehicle-480x480.jpg 480w\" sizes=\"(min-width: 0px) and (max-width: 480px) 480px, (min-width: 481px) 500px, 100vw\" \/><\/h1>\n<p style=\"text-align: center;\"><strong>Dvi\u017eni hidravli\u010dni cilindri za skladi\u0161\u010dna in manipulacijska vozila<\/strong><\/p>\n<h2><strong>Dvi\u017eni hidravli\u010dni cilindri za skladi\u0161\u010dna in manipulacijska vozila <\/strong><strong>Tehni\u010dne specifikacije<\/strong><strong>:<\/strong><\/h2>\n<p><strong>Funkcija:<\/strong> Uporablja se za doseganje celotnega gibanja vilic levo in desno<br \/>\n<strong>Premer valja:<\/strong> 70 mm\u2013120 mm<br \/>\n<strong>Premer palice:<\/strong> 30 mm\u201360 mm<br \/>\n<strong>Potovanje:<\/strong> 300 mm\u20131025 mm<br \/>\n<strong>Najve\u010dji tlak:<\/strong> 21 MPa<br \/>\n<strong>Najve\u010dji potisk:<\/strong> 238 kN<\/p>\n<h2><strong>Serija hidravli\u010dnih cilindrov za skladi\u0161\u010dna in manipulacijska vozila:\u00a0<\/strong><\/h2>\n<h2><img loading=\"lazy\" decoding=\"async\" class=\"aligncenter wp-image-17600 size-full\" src=\"https:\/\/www.hydraulic-cylinders.net\/wp-content\/uploads\/2025\/03\/Storage-and-handling-vehicle-hydraulic-cylinders-construction.webp\" alt=\"\" width=\"640\" height=\"358\" srcset=\"https:\/\/www.hydraulic-cylinders.net\/wp-content\/uploads\/2025\/03\/Storage-and-handling-vehicle-hydraulic-cylinders-construction.webp 640w, https:\/\/www.hydraulic-cylinders.net\/wp-content\/uploads\/2025\/03\/Storage-and-handling-vehicle-hydraulic-cylinders-construction-480x269.webp 480w\" sizes=\"(min-width: 0px) and (max-width: 480px) 480px, (min-width: 481px) 640px, 100vw\" \/><\/h2>\n<h2><strong>Klju\u010dne zna\u010dilnosti dvi\u017enih hidravli\u010dnih cilindrov za skladi\u0161\u010dna in manipulacijska vozila<\/strong><strong>:<\/strong><\/h2>\n<ul>\n<li><strong>Visoka nosilnost:<\/strong> Dvi\u017eni hidravli\u010dni cilindri so zasnovani tako, da podpirajo znatne te\u017ee, kar zagotavlja varno in u\u010dinkovito delovanje tudi v najzahtevnej\u0161ih pogojih. Ta zmogljivost je bistvena za u\u010dinkovito premikanje velikih palet, kontejnerjev in te\u017eke opreme, zaradi \u010desar so nepogre\u0161ljivi v skladi\u0161\u010dih in distribucijskih centrih. Z zagotavljanjem zanesljive dvi\u017ene mo\u010di ti cilindri pove\u010dujejo splo\u0161no produktivnost in varnost pri delu.<\/li>\n<li><strong>Trpe\u017ena konstrukcija:<\/strong> Hidravli\u010dni cilindri za dvigovanje, izdelani iz visoko trdnih materialov, so zasnovani tako, da prenesejo zahtevno uporabo in so odporni na obrabo. Njihova robustna konstrukcija ne le podalj\u0161a njihovo \u017eivljenjsko dobo, temve\u010d tudi zmanj\u0161a potrebo po pogostih zamenjavah, zaradi \u010desar so stro\u0161kovno u\u010dinkovita re\u0161itev za podjetja, ki se zana\u0161ajo na dvigovanje te\u017ekih bremen. Nalo\u017eba v trpe\u017ene cilindre pomeni manj izpadov in ni\u017eje stro\u0161ke vzdr\u017eevanja, kar prispeva k u\u010dinkovitej\u0161emu delovanju.<\/li>\n<li><strong>Gladko delovanje:<\/strong> Hidravli\u010dni sistem v teh cilindrih zagotavlja gladko in enakomerno dvigovanje, kar znatno zmanj\u0161a sunke in vibracije med delovanjem. Ta gladkost pove\u010duje varnost z zagotavljanjem bolj\u0161e stabilnosti bremena in zmanj\u0161anjem tveganja nesre\u010d ali po\u0161kodb blaga. Upravljavci se lahko zanesejo na te cilindre, da bodo naloge opravljali natan\u010dno in zagotavljali ne\u017eno in u\u010dinkovito ravnanje s bremeni.<\/li>\n<li><strong>Kompaktna zasnova:<\/strong> Dvi\u017eni hidravli\u010dni cilindri imajo kompaktno zasnovo, ki omogo\u010da brezhibno integracijo v razli\u010dne vrste skladi\u0161\u010dnih in manipulacijskih vozil. Ta prostorsko var\u010dna zasnova maksimizira okretnost vozila in mu omogo\u010da enostavno krmarjenje po ozkih prostorih. Upravljavci imajo koristi od poenostavljene nastavitve, ki izbolj\u0161a splo\u0161no u\u010dinkovitost in omogo\u010da hitrej\u0161i odziv v hitrih okoljih.<\/li>\n<li><strong>Vsestranske uporabe:<\/strong> Ti hidravli\u010dni cilindri so zdru\u017eljivi s \u0161iroko paleto tipov vozil, vklju\u010dno z vili\u010darji, paletnimi dvigali in hidravli\u010dnimi dvigali. Zaradi te vsestranskosti so primerni za razli\u010dne panoge, od logistike in proizvodnje do gradbeni\u0161tva in kmetijstva. Njihova sposobnost prilagajanja razli\u010dnim potrebam opreme pomeni, da lahko podjetja standardizirajo svoje komponente, kar poenostavi vzdr\u017eevanje in izbolj\u0161a operativno u\u010dinkovitost.<\/li>\n<\/ul>\n<h2><strong>Primeri uporabe za dvigovanje hidravli\u010dnih cilindrov za skladi\u0161\u010dna in manipulacijska vozila<\/strong><strong>:<\/strong><\/h2>\n<p>Hidravli\u010dni cilindri za dvigovanje so sestavni del u\u010dinkovitega delovanja skladi\u0161\u010dnih in manipulacijskih vozil. Zaradi svoje sposobnosti gladkega in varnega dvigovanja in spu\u0161\u010danja te\u017ekih bremen so bistveni v razli\u010dnih industrijskih aplikacijah. Tukaj je nekaj klju\u010dnih primerov uporabe:<\/p>\n<h4>1. <strong>Skladi\u0161\u010dne operacije<\/strong><\/h4>\n<p>V skladi\u0161\u010dih so dvi\u017eni hidravli\u010dni cilindri klju\u010dnega pomena za premikanje in zlaganje palet. Vili\u010darjem in paletnim dvi\u017enikom omogo\u010dajo dvigovanje te\u017ekih bremen na visoke police, kar optimizira navpi\u010dni prostor za shranjevanje in omogo\u010da la\u017eji dostop do zalog.<\/p>\n<h4>2. <strong>Nakladanje in razkladanje<\/strong><\/h4>\n<p>Pri nakladanju ali razkladanju tovornjakov ti cilindri zagotavljajo potrebno mo\u010d za u\u010dinkovito dvigovanje in spu\u0161\u010danje tovora. Ta zmogljivost skraj\u0161a \u010das, porabljen za ta opravila, in zmanj\u0161a tveganje za po\u0161kodbe blaga.<\/p>\n<h4>3. <strong>Proizvodni obrati<\/strong><\/h4>\n<p>V proizvodnih okoljih dvi\u017eni hidravli\u010dni cilindri pomagajo pri transportu komponent med razli\u010dnimi fazami proizvodnje. Omogo\u010dajo natan\u010dno pozicioniranje materialov, kar izbolj\u0161uje potek dela in produktivnost na monta\u017enih linijah.<\/p>\n<h4>4. <strong>Gradbi\u0161\u010da<\/strong><\/h4>\n<p>Na gradbi\u0161\u010dih so ti cilindri bistveni za dvigovanje te\u017ekih materialov, kot so tramovi, betonski bloki in oprema. Omogo\u010dajo natan\u010dno postavitev bremen, kar izbolj\u0161uje varnost in u\u010dinkovitost med gradbenimi opravili.<\/p>\n<h4>5. <strong>Avtomobilska industrija<\/strong><\/h4>\n<p>Dvi\u017eni hidravli\u010dni cilindri se uporabljajo v avtomobilskih monta\u017enih linijah za dvigovanje vozil ali komponent med proizvodnjo in popravili. Zaradi svoje sposobnosti stabilnega dvigovanja so idealni za naloge, ki zahtevajo natan\u010dnost.<\/p>\n<p>I\u0161\u010dete cilindre za te\u017eke vili\u010darje? Oglejte si na\u0161e <a href=\"https:\/\/www.hydraulic-cylinders.net\/sl\/forklift-hydraulic-cylinder\/\">Te\u017eki hidravli\u010dni cilindri<\/a>.<\/p>\n<h2><strong>Proizvodno obmo\u010dje valjev za vili\u010darje:<\/strong><\/h2>\n<h2><img loading=\"lazy\" decoding=\"async\" class=\"alignnone size-full wp-image-16972\" src=\"https:\/\/www.hydraulic-cylinders.net\/wp-content\/uploads\/2025\/01\/hydraulic-cylinder-factory-1-scaled.webp\" sizes=\"(min-width: 0px) and (max-width: 480px) 480px, (min-width: 481px) and (max-width: 980px) 980px, (min-width: 981px) and (max-width: 1280px) 1280px, (min-width: 1281px) 2016px, 100vw\" srcset=\"https:\/\/www.hydraulic-cylinders.net\/wp-content\/uploads\/2025\/01\/hydraulic-cylinder-factory-1-scaled.webp 2016w, https:\/\/www.hydraulic-cylinders.net\/wp-content\/uploads\/2025\/01\/hydraulic-cylinder-factory-1-1280x1625.webp 1280w, https:\/\/www.hydraulic-cylinders.net\/wp-content\/uploads\/2025\/01\/hydraulic-cylinder-factory-1-980x1244.webp 980w, https:\/\/www.hydraulic-cylinders.net\/wp-content\/uploads\/2025\/01\/hydraulic-cylinder-factory-1-480x610.webp 480w\" alt=\"\" width=\"2016\" height=\"2560\" \/><\/h2>\n<p>Imamo prvovrstno neodvisno platformo za raziskave in razvoj za monta\u017eo. Delavnica za proizvodnjo valjev za vili\u010darje ima \u0161tiri polavtomatske monta\u017ene linije za dvi\u017ene valje in popolnoma avtomatsko monta\u017eno linijo za nagibne valje z letno proizvodno zmogljivostjo milijona kosov. Delavnica za posebne valje ima polavtomatske \u010distilne in monta\u017ene sisteme razli\u010dnih specifikacij z letno proizvodno zmogljivostjo 200.000 kosov. Opremljena je z znanimi blagovnimi znamkami CNC obdelovalnih strojev, obdelovalnih centrov, posebne opreme za visoko precizno obdelavo valjev, robotskih varilnih strojev, avtomatskih \u010distilnih strojev, avtomatskih strojev za monta\u017eo valjev in avtomatskih proizvodnih linij za barvanje. Imamo ve\u010d kot 300 kompletov klju\u010dne opreme, ki deluje. Optimizirana dodelitev in u\u010dinkovita izraba opremnih virov zagotavljata natan\u010dnost izdelkov in izpolnjujeta visoke standarde kakovosti izdelkov.<\/p>\n<p>Strojna delavnica je opremljena s centri za stru\u017eenje vodilnih tirnic po meri, obdelovalnimi centri, visokohitrostnimi stroji za honanje, varilnimi roboti in drugo ustrezno opremo, ki lahko obdeluje cilindri\u010dne cevi z najve\u010djim notranjim premerom 400 mm in najve\u010djo dol\u017eino 6 metrov.<\/p>\n<h2><img loading=\"lazy\" decoding=\"async\" class=\"alignnone size-full wp-image-16973\" src=\"https:\/\/www.hydraulic-cylinders.net\/wp-content\/uploads\/2025\/01\/hydraulic-cylinder-factory-2-scaled.webp\" sizes=\"(min-width: 0px) and (max-width: 480px) 480px, (min-width: 481px) and (max-width: 980px) 980px, (min-width: 981px) and (max-width: 1280px) 1280px, (min-width: 1281px) 2011px, 100vw\" srcset=\"https:\/\/www.hydraulic-cylinders.net\/wp-content\/uploads\/2025\/01\/hydraulic-cylinder-factory-2-scaled.webp 2011w, https:\/\/www.hydraulic-cylinders.net\/wp-content\/uploads\/2025\/01\/hydraulic-cylinder-factory-2-1280x1629.webp 1280w, https:\/\/www.hydraulic-cylinders.net\/wp-content\/uploads\/2025\/01\/hydraulic-cylinder-factory-2-980x1248.webp 980w, https:\/\/www.hydraulic-cylinders.net\/wp-content\/uploads\/2025\/01\/hydraulic-cylinder-factory-2-480x611.webp 480w\" alt=\"\" width=\"2011\" height=\"2560\" \/><\/h2>\n<p>Imamo popolnoma avtomatsko linijo za barvanje na vodni osnovi za majhne in srednje velike valje, ki omogo\u010da avtomatsko nalaganje in razkladanje ter avtomatske robote za brizganje z na\u010drtovano proizvodno zmogljivostjo 4000 mest na izmeno. Imamo \u0161e eno polavtomatsko linijo za barvanje velikih valjev, ki jo poganja veriga, z na\u010drtovano zmogljivostjo 60 zabojev na izmeno.<\/p>\n<p>Za nadaljnje izbolj\u0161anje delovanja izdelkov in vzpostavitev vodilnega polo\u017eaja na\u0161ih hidravli\u010dnih cilindrov v panogi sta na\u0161e podjetje in zjimee skupaj ustanovila celovit laboratorij za hidravli\u010dne cilindre, hidravli\u010dne ventile in hidravli\u010dne \u010drpalke; laboratorij izvaja ra\u010dunalni\u0161ko podprto testiranje z uporabo elektrohidravli\u010dne tehnologije, preskusne pogoje pa vnaprej nastavi ra\u010dunalnik, kar izbolj\u0161a natan\u010dnost preskusa in vsestranskost sistema, ter eksperimentalne podatke.<\/p>\n<p>Samodejno zbiranje se izvaja z uporabo senzorjev, izhodni podatki, kot so notranje pu\u0161\u010danje in obremenitvena u\u010dinkovitost valja ali ventila, pa se neposredno obdelajo v ra\u010dunalniku in pretvorijo v standardne enote (ml\/min%). Hkrati se za zagotovitev varnosti delovanja hidravli\u010dnega sistema izvaja funkcija spremljanja stanja klju\u010dnih parametrov delovanja, kot so \u00bbspremljanje temperature olja, spremljanje nivoja teko\u010dine, spremljanje filtrirne naprave\u00ab itd. Med njimi lahko preskusna naprava hidravli\u010dnega valja preizkusi delovanje \u00bbobremenitve\u00ab.<br \/>\nu\u010dinkovitost \u00bbin\u00ab notranje pu\u0161\u010danje z od\u010ditki. Hkrati je opremljen z merilnim instrumentom v obliki re\u0161etke, ki izpolnjuje zahteve vseh preskusnih elementov hidravli\u010dnih cilindrov v skladu z nacionalnim standardom.<\/p>\n<p>&nbsp;<\/p>","protected":false},"excerpt":{"rendered":"<p>Lifting Hydraulic Cylinders for Storage and Handling Vehicles Lifting hydraulic cylinders are essential components in storage and handling vehicles, enabling efficient lifting and lowering of heavy loads. These cylinders convert hydraulic pressure into mechanical force, providing the power necessary to perform a variety of tasks in warehouses, distribution centers, and manufacturing facilities. Their reliability and [&hellip;]<\/p>","protected":false},"featured_media":17599,"comment_status":"open","ping_status":"closed","template":"","meta":{"_et_pb_use_builder":"","_et_pb_old_content":"","_et_gb_content_width":""},"product_brand":[],"product_cat":[1484,1549],"product_tag":[],"class_list":{"0":"post-17596","1":"product","2":"type-product","3":"status-publish","4":"has-post-thumbnail","6":"product_cat-forklift-hydraulic-cylinders","7":"product_cat-single-acting-hydraulic-cylinder","9":"first","10":"instock","11":"shipping-taxable","12":"product-type-simple"},"amp_enabled":true,"_links":{"self":[{"href":"https:\/\/www.hydraulic-cylinders.net\/sl\/wp-json\/wp\/v2\/product\/17596","targetHints":{"allow":["GET"]}}],"collection":[{"href":"https:\/\/www.hydraulic-cylinders.net\/sl\/wp-json\/wp\/v2\/product"}],"about":[{"href":"https:\/\/www.hydraulic-cylinders.net\/sl\/wp-json\/wp\/v2\/types\/product"}],"replies":[{"embeddable":true,"href":"https:\/\/www.hydraulic-cylinders.net\/sl\/wp-json\/wp\/v2\/comments?post=17596"}],"wp:featuredmedia":[{"embeddable":true,"href":"https:\/\/www.hydraulic-cylinders.net\/sl\/wp-json\/wp\/v2\/media\/17599"}],"wp:attachment":[{"href":"https:\/\/www.hydraulic-cylinders.net\/sl\/wp-json\/wp\/v2\/media?parent=17596"}],"wp:term":[{"taxonomy":"product_brand","embeddable":true,"href":"https:\/\/www.hydraulic-cylinders.net\/sl\/wp-json\/wp\/v2\/product_brand?post=17596"},{"taxonomy":"product_cat","embeddable":true,"href":"https:\/\/www.hydraulic-cylinders.net\/sl\/wp-json\/wp\/v2\/product_cat?post=17596"},{"taxonomy":"product_tag","embeddable":true,"href":"https:\/\/www.hydraulic-cylinders.net\/sl\/wp-json\/wp\/v2\/product_tag?post=17596"}],"curies":[{"name":"delovni list","href":"https:\/\/api.w.org\/{rel}","templated":true}]}}