{"id":17601,"date":"2025-03-18T06:41:02","date_gmt":"2025-03-18T06:41:02","guid":{"rendered":"https:\/\/www.hydraulic-cylinders.net\/?post_type=product&#038;p=17601"},"modified":"2025-04-11T01:44:49","modified_gmt":"2025-04-11T01:44:49","slug":"lifting-hydraulic-cylinders-of-pallet-stacker-truck","status":"publish","type":"product","link":"https:\/\/www.hydraulic-cylinders.net\/sl\/izdelek\/lifting-hydraulic-cylinders-of-pallet-stacker-truck\/","title":{"rendered":"Dvi\u017eni hidravli\u010dni cilindri paletnega vili\u010darja"},"content":{"rendered":"<h1 style=\"text-align: center;\"><strong>Dvi\u017eni hidravli\u010dni cilindri paletnega vili\u010darja<\/strong><\/h1>\n<p>Hidravli\u010dni cilindri za dvigovanje so bistveni sestavni deli paletnih vili\u010darjev, saj omogo\u010dajo u\u010dinkovito dvigovanje in spu\u0161\u010danje te\u017ekih bremen. Ti cilindri pretvarjajo hidravli\u010dni tlak v mehansko silo, kar zagotavlja mo\u010d, potrebno za enostavno rokovanje s paletami in drugimi materiali. Zaradi svoje zanesljivosti in robustne zasnove so klju\u010dni za optimizacijo skladi\u0161\u010dnih operacij in pove\u010danje produktivnosti.<\/p>\n<p>Dvi\u017eni hidravli\u010dni cilindri so klju\u010dnega pomena za u\u010dinkovito delovanje paletnih vili\u010darjev. Zaradi visoke nosilnosti, trpe\u017ene konstrukcije in nemotenega delovanja so nepogre\u0161ljivi v razli\u010dnih industrijskih aplikacijah. Z razumevanjem njihovih lastnosti, pravilnih na\u010dinov uporabe in zahtev glede vzdr\u017eevanja lahko upravljavci pove\u010dajo zmogljivost in varnost svoje opreme, kar na koncu pove\u010da produktivnost pri nalogah ravnanja z materiali. Nalo\u017eba v visokokakovostne dvi\u017ene hidravli\u010dne cilindre zagotavlja zanesljivo in u\u010dinkovito delovanje, kar je klju\u010dnega pomena za uspeh v vsakem podjetju.<\/p>\n<h1 style=\"text-align: center;\"><img loading=\"lazy\" decoding=\"async\" class=\"alignnone wp-image-17603\" src=\"https:\/\/www.hydraulic-cylinders.net\/wp-content\/uploads\/2025\/03\/Lifting-hydraulic-cylinders-of-pallet-stacker-truck-scaled.webp\" alt=\"\" width=\"500\" height=\"500\" \/><\/h1>\n<p style=\"text-align: center;\"><strong>Dvi\u017eni hidravli\u010dni cilindri paletnega vili\u010darja<\/strong><\/p>\n<h2><strong>Dvi\u017eni hidravli\u010dni cilindri paletnega vili\u010darja\u00a0<\/strong><strong>Tehni\u010dne specifikacije<\/strong><strong>:<\/strong><\/h2>\n<p><strong>Funkcija:<\/strong> Za doseganje dvigovanja in spu\u0161\u010danja portala<br \/>\n<strong>Premer valja:<\/strong> 45 mm \u2013 56 mm<br \/>\n<strong>Premer palice:<\/strong> 35 mm \u2013 40 mm<br \/>\n<strong>Potovanje:<\/strong> 500 mm \u2013 1950 mm<br \/>\n<strong>Najve\u010dji tlak:<\/strong> 20 MPa<br \/>\n<strong>Najve\u010dji potisk:<\/strong> 493 kN<\/p>\n<h2><strong>Serija hidravli\u010dnih cilindrov za paletne vili\u010darje:\u00a0<\/strong><\/h2>\n<h2><img loading=\"lazy\" decoding=\"async\" class=\"alignnone size-full wp-image-17605\" src=\"https:\/\/www.hydraulic-cylinders.net\/wp-content\/uploads\/2025\/03\/Hydraulic-cylinders-of-pallet-stacker-truck-construction.webp\" alt=\"Hidravli\u010dni cilindri za konstrukcijo paletnih vili\u010darjev\" width=\"1100\" height=\"615\" srcset=\"https:\/\/www.hydraulic-cylinders.net\/wp-content\/uploads\/2025\/03\/Hydraulic-cylinders-of-pallet-stacker-truck-construction.webp 1100w, https:\/\/www.hydraulic-cylinders.net\/wp-content\/uploads\/2025\/03\/Hydraulic-cylinders-of-pallet-stacker-truck-construction-980x548.webp 980w, https:\/\/www.hydraulic-cylinders.net\/wp-content\/uploads\/2025\/03\/Hydraulic-cylinders-of-pallet-stacker-truck-construction-480x268.webp 480w\" sizes=\"(min-width: 0px) and (max-width: 480px) 480px, (min-width: 481px) and (max-width: 980px) 980px, (min-width: 981px) 1100px, 100vw\" \/><\/h2>\n<h2><strong>Klju\u010dne zna\u010dilnosti dvi\u017enih hidravli\u010dnih cilindrov paletnega vili\u010darja<\/strong><strong>:<\/strong><\/h2>\n<ul>\n<li><strong>Visoka nosilnost:<\/strong> Hidravli\u010dni cilindri za dvigovanje, zasnovani za podporo znatnim te\u017eam, zagotavljajo varno in u\u010dinkovito delovanje, tudi pri velikih obremenitvah. Ta zmogljivost je bistvena za prepre\u010devanje nesre\u010d na delovnem mestu in izbolj\u0161anje u\u010dinkovitosti ravnanja z materiali.<\/li>\n<li><strong>Trpe\u017ena konstrukcija:<\/strong> Ti cilindri so izdelani iz visoko trdnih materialov, zato so odporni proti obrabi in zagotavljajo dolgotrajno delovanje. Njihova robustna zasnova zmanj\u0161uje tveganje okvare, zaradi \u010desar so stro\u0161kovno u\u010dinkovita re\u0161itev za podjetja, ki se zana\u0161ajo na dvigovanje te\u017ekih bremen.<\/li>\n<li><strong>Gladko delovanje:<\/strong> Hidravli\u010dni sistem zagotavlja gladko in enakomerno dvigovanje, kar zmanj\u0161uje sunke in vibracije. Ta funkcija pove\u010duje varnost in izbolj\u0161uje stabilnost bremena med delovanjem, kar omogo\u010da natan\u010dno rokovanje.<\/li>\n<li><strong>Kompaktna zasnova:<\/strong> Dvi\u017eni hidravli\u010dni cilindri so kompaktnih velikosti, kar omogo\u010da enostavno integracijo v razli\u010dne modele paletnih vili\u010darjev. Ta zasnova maksimizira prostorsko u\u010dinkovitost, hkrati pa ohranja okretnost in manevrskost.<\/li>\n<li><strong>Vsestranske uporabe:<\/strong> Ti hidravli\u010dni cilindri so zdru\u017eljivi z ve\u010d vrstami paletnih vili\u010darjev in so primerni za razli\u010dne panoge, vklju\u010dno z logistiko, proizvodnjo in trgovino na drobno. Ta vsestranskost pove\u010duje njihovo uporabnost pri razli\u010dnih operativnih potrebah.<\/li>\n<\/ul>\n<h2><strong>Primeri uporabe za dvigovanje hidravli\u010dnih cilindrov paletnega vili\u010darja<\/strong><strong>:<\/strong><\/h2>\n<p>Hidravli\u010dni cilindri za dvigovanje so klju\u010dne komponente paletnih vili\u010darjev, ki jim omogo\u010dajo opravljanje razli\u010dnih bistvenih nalog pri ravnanju z materiali in logistiki. Tukaj je nekaj klju\u010dnih primerov uporabe:<\/p>\n<h4>1. <strong>Zlaganje in prevzem v skladi\u0161\u010du<\/strong><\/h4>\n<p>Paletni vili\u010darji, opremljeni z dvi\u017enimi hidravli\u010dnimi cilindri, u\u010dinkovito zlagajo in dvigujejo palete z visokih skladi\u0161\u010dnih polic. Cilindri omogo\u010dajo gladko dvigovanje in spu\u0161\u010danje, optimizirajo navpi\u010dni skladi\u0161\u010dni prostor in omogo\u010dajo hiter dostop do zalog.<\/p>\n<h4>2. <strong>Nakladanje in razkladanje<\/strong><\/h4>\n<p>Med nakladanjem in razkladanjem v distribucijskih centrih ali maloprodajnih lokacijah ti hidravli\u010dni cilindri omogo\u010dajo natan\u010dno pozicioniranje palet. Ta zmogljivost zmanj\u0161uje tveganje po\u0161kodb blaga in skraj\u0161a \u010das, potreben za te operacije.<\/p>\n<h4>3. <strong>Komisioniranje naro\u010dil<\/strong><\/h4>\n<p>V okoljih, kjer je potrebno komisioniranje, lahko paletni vili\u010darji z dvi\u017enimi hidravli\u010dnimi cilindri dvignejo vilice na ustrezno vi\u0161ino za dostop do dolo\u010denih artiklov. Ta funkcija pove\u010da u\u010dinkovitost in natan\u010dnost pri izpolnjevanju naro\u010dil strank.<\/p>\n<h4>4. <strong>Navzkri\u017eno skladi\u0161\u010denje<\/strong><\/h4>\n<p>Pri operacijah navzkri\u017enega skladi\u0161\u010denja, kjer se izdelki pretovarjajo neposredno iz vhodnega v izhodni transport, dvi\u017eni hidravli\u010dni cilindri omogo\u010dajo hitro in u\u010dinkovito premikanje palet. To skraj\u0161a \u010das manipulacije in izbolj\u0161a splo\u0161no logisti\u010dno u\u010dinkovitost.<\/p>\n<h4>5. <strong>Ravnanje z materiali v proizvodnji<\/strong><\/h4>\n<p>V proizvodnih obratih paletni vili\u010darji pogosto preva\u017eajo surovine in kon\u010dne izdelke. Dvi\u017eni hidravli\u010dni cilindri omogo\u010dajo vili\u010darjem varno premikanje te\u017ekih bremen med razli\u010dnimi proizvodnimi obmo\u010dji in tako ohranjajo nemoten potek dela.<\/p>\n<p>I\u0161\u010dete cilindre za te\u017eke vili\u010darje? Oglejte si na\u0161e <a href=\"https:\/\/www.hydraulic-cylinders.net\/sl\/forklift-hydraulic-cylinder\/\">Te\u017eki hidravli\u010dni cilindri<\/a>.<\/p>\n<h2><strong>Proizvodno obmo\u010dje valjev za vili\u010darje:<\/strong><\/h2>\n<h2><img loading=\"lazy\" decoding=\"async\" class=\"alignnone size-full wp-image-16972\" src=\"https:\/\/www.hydraulic-cylinders.net\/wp-content\/uploads\/2025\/01\/hydraulic-cylinder-factory-1-scaled.webp\" sizes=\"(min-width: 0px) and (max-width: 480px) 480px, (min-width: 481px) and (max-width: 980px) 980px, (min-width: 981px) and (max-width: 1280px) 1280px, (min-width: 1281px) 2016px, 100vw\" srcset=\"https:\/\/www.hydraulic-cylinders.net\/wp-content\/uploads\/2025\/01\/hydraulic-cylinder-factory-1-scaled.webp 2016w, https:\/\/www.hydraulic-cylinders.net\/wp-content\/uploads\/2025\/01\/hydraulic-cylinder-factory-1-1280x1625.webp 1280w, https:\/\/www.hydraulic-cylinders.net\/wp-content\/uploads\/2025\/01\/hydraulic-cylinder-factory-1-980x1244.webp 980w, https:\/\/www.hydraulic-cylinders.net\/wp-content\/uploads\/2025\/01\/hydraulic-cylinder-factory-1-480x610.webp 480w\" alt=\"\" width=\"2016\" height=\"2560\" \/><\/h2>\n<p>Imamo prvovrstno neodvisno platformo za raziskave in razvoj za monta\u017eo. Delavnica za proizvodnjo valjev za vili\u010darje ima \u0161tiri polavtomatske monta\u017ene linije za dvi\u017ene valje in popolnoma avtomatsko monta\u017eno linijo za nagibne valje z letno proizvodno zmogljivostjo milijona kosov. Delavnica za posebne valje ima polavtomatske \u010distilne in monta\u017ene sisteme razli\u010dnih specifikacij z letno proizvodno zmogljivostjo 200.000 kosov. Opremljena je z znanimi blagovnimi znamkami CNC obdelovalnih strojev, obdelovalnih centrov, posebne opreme za visoko precizno obdelavo valjev, robotskih varilnih strojev, avtomatskih \u010distilnih strojev, avtomatskih strojev za monta\u017eo valjev in avtomatskih proizvodnih linij za barvanje. Imamo ve\u010d kot 300 kompletov klju\u010dne opreme, ki deluje. Optimizirana dodelitev in u\u010dinkovita izraba opremnih virov zagotavljata natan\u010dnost izdelkov in izpolnjujeta visoke standarde kakovosti izdelkov.<\/p>\n<p>Strojna delavnica je opremljena s centri za stru\u017eenje vodilnih tirnic po meri, obdelovalnimi centri, visokohitrostnimi stroji za honanje, varilnimi roboti in drugo ustrezno opremo, ki lahko obdeluje cilindri\u010dne cevi z najve\u010djim notranjim premerom 400 mm in najve\u010djo dol\u017eino 6 metrov.<\/p>\n<h2><img loading=\"lazy\" decoding=\"async\" class=\"alignnone size-full wp-image-16973\" src=\"https:\/\/www.hydraulic-cylinders.net\/wp-content\/uploads\/2025\/01\/hydraulic-cylinder-factory-2-scaled.webp\" sizes=\"(min-width: 0px) and (max-width: 480px) 480px, (min-width: 481px) and (max-width: 980px) 980px, (min-width: 981px) and (max-width: 1280px) 1280px, (min-width: 1281px) 2011px, 100vw\" srcset=\"https:\/\/www.hydraulic-cylinders.net\/wp-content\/uploads\/2025\/01\/hydraulic-cylinder-factory-2-scaled.webp 2011w, https:\/\/www.hydraulic-cylinders.net\/wp-content\/uploads\/2025\/01\/hydraulic-cylinder-factory-2-1280x1629.webp 1280w, https:\/\/www.hydraulic-cylinders.net\/wp-content\/uploads\/2025\/01\/hydraulic-cylinder-factory-2-980x1248.webp 980w, https:\/\/www.hydraulic-cylinders.net\/wp-content\/uploads\/2025\/01\/hydraulic-cylinder-factory-2-480x611.webp 480w\" alt=\"\" width=\"2011\" height=\"2560\" \/><\/h2>\n<p>Imamo popolnoma avtomatsko linijo za barvanje na vodni osnovi za majhne in srednje velike valje, ki omogo\u010da avtomatsko nalaganje in razkladanje ter avtomatske robote za brizganje z na\u010drtovano proizvodno zmogljivostjo 4000 mest na izmeno. Imamo \u0161e eno polavtomatsko linijo za barvanje velikih valjev, ki jo poganja veriga, z na\u010drtovano zmogljivostjo 60 zabojev na izmeno.<\/p>\n<p>Za nadaljnje izbolj\u0161anje delovanja izdelkov in vzpostavitev vodilnega polo\u017eaja na\u0161ih hidravli\u010dnih cilindrov v panogi sta na\u0161e podjetje in zjimee skupaj ustanovila celovit laboratorij za hidravli\u010dne cilindre, hidravli\u010dne ventile in hidravli\u010dne \u010drpalke; laboratorij izvaja ra\u010dunalni\u0161ko podprto testiranje z uporabo elektrohidravli\u010dne tehnologije, preskusne pogoje pa vnaprej nastavi ra\u010dunalnik, kar izbolj\u0161a natan\u010dnost preskusa in vsestranskost sistema, ter eksperimentalne podatke.<\/p>\n<p>Samodejno zbiranje se izvaja z uporabo senzorjev, izhodni podatki, kot so notranje pu\u0161\u010danje in obremenitvena u\u010dinkovitost valja ali ventila, pa se neposredno obdelajo v ra\u010dunalniku in pretvorijo v standardne enote (ml\/min%). Hkrati se za zagotovitev varnosti delovanja hidravli\u010dnega sistema izvaja funkcija spremljanja stanja klju\u010dnih parametrov delovanja, kot so \u00bbspremljanje temperature olja, spremljanje nivoja teko\u010dine, spremljanje filtrirne naprave\u00ab itd. Med njimi lahko preskusna naprava hidravli\u010dnega valja preizkusi delovanje \u00bbobremenitve\u00ab.<br \/>\nu\u010dinkovitost \u00bbin\u00ab notranje pu\u0161\u010danje z od\u010ditki. Hkrati je opremljen z merilnim instrumentom v obliki re\u0161etke, ki izpolnjuje zahteve vseh preskusnih elementov hidravli\u010dnih cilindrov v skladu z nacionalnim standardom.<\/p>\n<p>&nbsp;<\/p>","protected":false},"excerpt":{"rendered":"<p>Lifting Hydraulic Cylinders of Pallet Stacker Truck Lifting hydraulic cylinders are essential components of pallet stacker trucks, enabling efficient lifting and lowering of heavy loads. These cylinders convert hydraulic pressure into mechanical force, providing the power necessary to handle pallets and other materials with ease. Their reliability and robust design make them crucial for optimizing [&hellip;]<\/p>","protected":false},"featured_media":17604,"comment_status":"open","ping_status":"closed","template":"","meta":{"_et_pb_use_builder":"","_et_pb_old_content":"","_et_gb_content_width":""},"product_brand":[],"product_cat":[1484,1549,1376],"product_tag":[],"class_list":{"0":"post-17601","1":"product","2":"type-product","3":"status-publish","4":"has-post-thumbnail","6":"product_cat-forklift-hydraulic-cylinders","7":"product_cat-single-acting-hydraulic-cylinder","8":"product_cat-hydraulic-cylinder","10":"first","11":"instock","12":"shipping-taxable","13":"product-type-simple"},"amp_enabled":true,"_links":{"self":[{"href":"https:\/\/www.hydraulic-cylinders.net\/sl\/wp-json\/wp\/v2\/product\/17601","targetHints":{"allow":["GET"]}}],"collection":[{"href":"https:\/\/www.hydraulic-cylinders.net\/sl\/wp-json\/wp\/v2\/product"}],"about":[{"href":"https:\/\/www.hydraulic-cylinders.net\/sl\/wp-json\/wp\/v2\/types\/product"}],"replies":[{"embeddable":true,"href":"https:\/\/www.hydraulic-cylinders.net\/sl\/wp-json\/wp\/v2\/comments?post=17601"}],"wp:featuredmedia":[{"embeddable":true,"href":"https:\/\/www.hydraulic-cylinders.net\/sl\/wp-json\/wp\/v2\/media\/17604"}],"wp:attachment":[{"href":"https:\/\/www.hydraulic-cylinders.net\/sl\/wp-json\/wp\/v2\/media?parent=17601"}],"wp:term":[{"taxonomy":"product_brand","embeddable":true,"href":"https:\/\/www.hydraulic-cylinders.net\/sl\/wp-json\/wp\/v2\/product_brand?post=17601"},{"taxonomy":"product_cat","embeddable":true,"href":"https:\/\/www.hydraulic-cylinders.net\/sl\/wp-json\/wp\/v2\/product_cat?post=17601"},{"taxonomy":"product_tag","embeddable":true,"href":"https:\/\/www.hydraulic-cylinders.net\/sl\/wp-json\/wp\/v2\/product_tag?post=17601"}],"curies":[{"name":"delovni list","href":"https:\/\/api.w.org\/{rel}","templated":true}]}}