{"id":17606,"date":"2025-03-18T06:59:19","date_gmt":"2025-03-18T06:59:19","guid":{"rendered":"https:\/\/www.hydraulic-cylinders.net\/?post_type=product&#038;p=17606"},"modified":"2025-04-11T01:44:46","modified_gmt":"2025-04-11T01:44:46","slug":"lift-hydraulic-cylinders-for-forward-moving-forklift","status":"publish","type":"product","link":"https:\/\/www.hydraulic-cylinders.net\/sl\/izdelek\/lift-hydraulic-cylinders-for-forward-moving-forklift\/","title":{"rendered":"Hidravli\u010dni cilindri za dvigovanje naprej premikajo\u010dih se vili\u010darjev"},"content":{"rendered":"<h1 style=\"text-align: center;\"><strong>Hidravli\u010dni cilindri za dvigovanje naprej premikajo\u010dih se vili\u010darjev<\/strong><\/h1>\n<p>Hidravli\u010dni cilindri za dvigovanje so bistveni sestavni deli vili\u010darjev za premikanje naprej, saj zagotavljajo potrebno dvi\u017eno mo\u010d za u\u010dinkovito ravnanje s te\u017ekimi bremeni. Ti cilindri pretvarjajo hidravli\u010dni tlak v mehansko silo, kar vili\u010darjem omogo\u010da natan\u010dno dvigovanje in spu\u0161\u010danje bremen. Zaradi svoje robustne zasnove in zanesljivega delovanja so nepogre\u0161ljivi v razli\u010dnih industrijskih aplikacijah, saj pove\u010dujejo produktivnost in varnost.<\/p>\n<p>Hidravli\u010dni cilindri za dvigovanje so klju\u010dnega pomena za u\u010dinkovito delovanje vili\u010darjev, ki se premikajo naprej. Zaradi visoke nosilnosti, trpe\u017ene konstrukcije in nemotenega delovanja so nepogre\u0161ljivi v razli\u010dnih industrijskih aplikacijah. Z razumevanjem njihovih lastnosti, pravilnih na\u010dinov uporabe in zahtev glede vzdr\u017eevanja lahko upravljavci pove\u010dajo zmogljivost in varnost svoje opreme, kar na koncu pove\u010da produktivnost pri nalogah ravnanja z materiali. Nalo\u017eba v visokokakovostne hidravli\u010dne cilindre za dvigovanje zagotavlja zanesljivo in u\u010dinkovito delovanje, kar je klju\u010dnega pomena za uspeh v vsakem podjetju.<\/p>\n<h1 style=\"text-align: center;\"><img loading=\"lazy\" decoding=\"async\" class=\"alignnone wp-image-17609\" src=\"https:\/\/www.hydraulic-cylinders.net\/wp-content\/uploads\/2025\/03\/Lift-hydraulic-cylinders-for-Forward-moving-forklift--scaled.webp\" alt=\"\" width=\"500\" height=\"500\" \/><\/h1>\n<p style=\"text-align: center;\"><strong>Dvi\u017eni hidravli\u010dni cilindri paletnega vili\u010darja<\/strong><\/p>\n<h2><strong>Hidravli\u010dni cilindri za dvigovanje naprej premikajo\u010dih se vili\u010darjev <\/strong><strong>Tehni\u010dne specifikacije<\/strong><strong>:<\/strong><\/h2>\n<p><strong>Funkcija:<\/strong> Za doseganje dvigovanja in spu\u0161\u010danja portala<br \/>\n<strong>Premer valja:<\/strong> 45 mm\u201375 mm<br \/>\n<strong>Premer palice:<\/strong> 45 mm\u201365 mm<br \/>\n<strong>Potovanje:<\/strong> 500 mm\u20133980 mm<br \/>\n<strong>Najve\u010dji tlak:<\/strong> 21 MPa<br \/>\n<strong>Najve\u010dji potisk:<\/strong> 93 kN<\/p>\n<h2><strong>Serija cilindrov za vili\u010darje, ki se premikajo naprej:\u00a0<\/strong><\/h2>\n<h2><img loading=\"lazy\" decoding=\"async\" class=\"alignnone size-full wp-image-17611\" src=\"https:\/\/www.hydraulic-cylinders.net\/wp-content\/uploads\/2025\/03\/Forward-moving-forklift-hydraulic-cylinders-construction.webp\" alt=\"Konstrukcija hidravli\u010dnih cilindrov vili\u010darja, ki se premika naprej\" width=\"1100\" height=\"615\" srcset=\"https:\/\/www.hydraulic-cylinders.net\/wp-content\/uploads\/2025\/03\/Forward-moving-forklift-hydraulic-cylinders-construction.webp 1100w, https:\/\/www.hydraulic-cylinders.net\/wp-content\/uploads\/2025\/03\/Forward-moving-forklift-hydraulic-cylinders-construction-980x548.webp 980w, https:\/\/www.hydraulic-cylinders.net\/wp-content\/uploads\/2025\/03\/Forward-moving-forklift-hydraulic-cylinders-construction-480x268.webp 480w\" sizes=\"(min-width: 0px) and (max-width: 480px) 480px, (min-width: 481px) and (max-width: 980px) 980px, (min-width: 981px) 1100px, 100vw\" \/><\/h2>\n<h2><strong>Klju\u010dne zna\u010dilnosti dvi\u017enih hidravli\u010dnih cilindrov za vili\u010dar, ki se premika naprej<\/strong><strong>:<\/strong><\/h2>\n<ul>\n<li><strong>Visoka nosilnost:<\/strong> Hidravli\u010dni cilindri za dvigovanje so posebej zasnovani za dvigovanje velikih te\u017e in zagotavljajo potrebno mo\u010d za varno dvigovanje te\u017ekih bremen. Ta zmogljivost je klju\u010dnega pomena za prepre\u010devanje nesre\u010d, saj zagotavlja, da vili\u010dar deluje znotraj svojih omejitev obremenitve. Z omogo\u010danjem u\u010dinkovitega ravnanja z materiali ti cilindri pove\u010dajo produktivnost in skraj\u0161ajo \u010das, potreben za dvi\u017ena opravila, kar upravljavcem omogo\u010da, da se osredoto\u010dijo na druge bistvene dejavnosti.<\/li>\n<li><strong>Trpe\u017ena konstrukcija:<\/strong> Hidravli\u010dni cilindri za dvigovanje, izdelani iz visoko trdnih materialov, so odporni na obrabo tudi v najzahtevnej\u0161ih okoljih. Njihova robustna zasnova ne zagotavlja le dolgotrajne zmogljivosti, temve\u010d tudi znatno zmanj\u0161uje tveganje mehanskih okvar. Ta vzdr\u017eljivost se odra\u017ea v ni\u017ejih stro\u0161kih vzdr\u017eevanja in kraj\u0161em \u010dasu izpada, zaradi \u010desar so ti cilindri stro\u0161kovno u\u010dinkovita izbira za podjetja, ki i\u0161\u010dejo zanesljivo opremo, ki prenese zahteve vsakodnevne uporabe.<\/li>\n<li><strong>Gladko delovanje:<\/strong> Hidravli\u010dni sistem v teh cilindrih zagotavlja dosledno in gladko dvigovanje in spu\u0161\u010danje, kar je klju\u010dnega pomena za ohranjanje stabilnosti bremena. Z zmanj\u0161evanjem sunkov in vibracij med delovanjem hidravli\u010dni cilindri dvigovanja pove\u010dajo varnost tako za upravljavca kot za osebje v okolici. To gladko delovanje prispeva tudi k bolj\u0161emu nadzoru pri ravnanju z ob\u010dutljivimi ali krhkimi materiali, kar zagotavlja, da ostanejo varni med celotnim postopkom dvigovanja.<\/li>\n<li><strong>Kompaktna zasnova:<\/strong> Hidravli\u010dni cilindri za dvigovanje so na voljo v razli\u010dnih velikostih, da ustrezajo razli\u010dnim modelom vili\u010darjev, kar omogo\u010da brezhibno integracijo v obstoje\u010do opremo. Ta kompaktna zasnova ne ogro\u017ea okretnosti vozila, kar upravljavcem omogo\u010da enostavno krmarjenje po tesnih prostorih. Prilagodljivost teh cilindrov zagotavlja, da jih je mogo\u010de uporabljati v razli\u010dnih aplikacijah, ne da bi bilo treba bistveno spremeniti vili\u010dar.<\/li>\n<li><strong>Vsestranske uporabe:<\/strong> Ti hidravli\u010dni cilindri so primerni za \u0161irok spekter panog, vklju\u010dno z logistiko, proizvodnjo in gradbeni\u0161tvom. Zaradi svoje vsestranskosti so prilagodljivi razli\u010dnim operativnim potrebam, od zlaganja in prevzema v skladi\u0161\u010dih do dvigovanja te\u017ekih bremen na gradbi\u0161\u010dih. Ta \u0161iroka uporabnost podjetjem omogo\u010da uporabo dvi\u017enih hidravli\u010dnih cilindrov v razli\u010dnih okoljih, kar optimizira njihove procese ravnanja z materiali in izbolj\u0161uje splo\u0161no u\u010dinkovitost.<\/li>\n<\/ul>\n<h2><strong>Primeri uporabe hidravli\u010dnih cilindrov za dvigovanje vili\u010darjev, ki se premikajo naprej<\/strong><strong>:<\/strong><\/h2>\n<p>Hidravli\u010dni cilindri za dvigovanje igrajo klju\u010dno vlogo pri izbolj\u0161anju funkcionalnosti in u\u010dinkovitosti vili\u010darjev, ki se premikajo naprej. Tukaj je nekaj klju\u010dnih primerov uporabe, ki poudarjajo njihov pomen v razli\u010dnih panogah:<\/p>\n<h3>1. <strong>Skladi\u0161\u010dne operacije<\/strong><\/h3>\n<p>V skladi\u0161\u010dnih okoljih hidravli\u010dni cilindri za dvigovanje omogo\u010dajo vili\u010darjem zlaganje in dvigovanje palet na razli\u010dnih vi\u0161inah. Ta zmogljivost optimizira vertikalni skladi\u0161\u010dni prostor in omogo\u010da hiter dostop do zalog, kar poenostavi delovanje in izbolj\u0161a splo\u0161no u\u010dinkovitost.<\/p>\n<h3>2. <strong>Nakladanje in razkladanje<\/strong><\/h3>\n<p>Hidravli\u010dni cilindri za dvigovanje olaj\u0161ajo natovarjanje in raztovarjanje blaga iz tovornjakov in kontejnerjev. Ker vili\u010darjem omogo\u010dajo gladko dvigovanje in spu\u0161\u010danje bremen, zmanj\u0161ujejo tveganje za po\u0161kodbe izdelkov in skraj\u0161ujejo \u010das, porabljen za ta opravila, kar pove\u010duje splo\u0161no produktivnost.<\/p>\n<h3>3. <strong>Komisioniranje naro\u010dil<\/strong><\/h3>\n<p>V okoljih, kjer je komisioniranje bistvenega pomena, hidravli\u010dni cilindri omogo\u010dajo vili\u010darjem, da se natan\u010dno pozicionirajo na zahtevani vi\u0161ini za dostop do dolo\u010denih artiklov. Ta funkcionalnost izbolj\u0161a natan\u010dnost pri izpolnjevanju naro\u010dil in pove\u010da splo\u0161no operativno u\u010dinkovitost.<\/p>\n<h3>4. <strong>Navzkri\u017eno skladi\u0161\u010denje<\/strong><\/h3>\n<p>Pri operacijah navzkri\u017enega skladi\u0161\u010denja, kjer se izdelki pretovarjajo neposredno iz dohodnega v odhodni transport, dvi\u017eni hidravli\u010dni cilindri pomagajo hitro in u\u010dinkovito premikati palete. To skraj\u0161a \u010das manipulacije in zagotavlja nemoten pretok blaga skozi dobavno verigo.<\/p>\n<h3>5. <strong>Proizvodni obrati<\/strong><\/h3>\n<p>V proizvodnih okoljih dvi\u017eni hidravli\u010dni cilindri pomagajo pri transportu surovin in kon\u010dnih izdelkov med razli\u010dnimi proizvodnimi fazami. Njihova sposobnost varnega dvigovanja te\u017ekih predmetov izbolj\u0161a potek dela in produktivnost na monta\u017enih linijah.<\/p>\n<p>I\u0161\u010dete cilindre za te\u017eke vili\u010darje? Oglejte si na\u0161e <a href=\"https:\/\/www.hydraulic-cylinders.net\/sl\/forklift-hydraulic-cylinder\/\">Te\u017eki hidravli\u010dni cilindri<\/a>.<\/p>\n<h2><strong>Proizvodno obmo\u010dje valjev za vili\u010darje:<\/strong><\/h2>\n<h2><img loading=\"lazy\" decoding=\"async\" class=\"alignnone size-full wp-image-16972\" src=\"https:\/\/www.hydraulic-cylinders.net\/wp-content\/uploads\/2025\/01\/hydraulic-cylinder-factory-1-scaled.webp\" sizes=\"(min-width: 0px) and (max-width: 480px) 480px, (min-width: 481px) and (max-width: 980px) 980px, (min-width: 981px) and (max-width: 1280px) 1280px, (min-width: 1281px) 2016px, 100vw\" srcset=\"https:\/\/www.hydraulic-cylinders.net\/wp-content\/uploads\/2025\/01\/hydraulic-cylinder-factory-1-scaled.webp 2016w, https:\/\/www.hydraulic-cylinders.net\/wp-content\/uploads\/2025\/01\/hydraulic-cylinder-factory-1-1280x1625.webp 1280w, https:\/\/www.hydraulic-cylinders.net\/wp-content\/uploads\/2025\/01\/hydraulic-cylinder-factory-1-980x1244.webp 980w, https:\/\/www.hydraulic-cylinders.net\/wp-content\/uploads\/2025\/01\/hydraulic-cylinder-factory-1-480x610.webp 480w\" alt=\"\" width=\"2016\" height=\"2560\" \/><\/h2>\n<p>Imamo prvovrstno neodvisno platformo za raziskave in razvoj za monta\u017eo. Delavnica za proizvodnjo valjev za vili\u010darje ima \u0161tiri polavtomatske monta\u017ene linije za dvi\u017ene valje in popolnoma avtomatsko monta\u017eno linijo za nagibne valje z letno proizvodno zmogljivostjo milijona kosov. Delavnica za posebne valje ima polavtomatske \u010distilne in monta\u017ene sisteme razli\u010dnih specifikacij z letno proizvodno zmogljivostjo 200.000 kosov. Opremljena je z znanimi blagovnimi znamkami CNC obdelovalnih strojev, obdelovalnih centrov, posebne opreme za visoko precizno obdelavo valjev, robotskih varilnih strojev, avtomatskih \u010distilnih strojev, avtomatskih strojev za monta\u017eo valjev in avtomatskih proizvodnih linij za barvanje. Imamo ve\u010d kot 300 kompletov klju\u010dne opreme, ki deluje. Optimizirana dodelitev in u\u010dinkovita izraba opremnih virov zagotavljata natan\u010dnost izdelkov in izpolnjujeta visoke standarde kakovosti izdelkov.<\/p>\n<p>Strojna delavnica je opremljena s centri za stru\u017eenje vodilnih tirnic po meri, obdelovalnimi centri, visokohitrostnimi stroji za honanje, varilnimi roboti in drugo ustrezno opremo, ki lahko obdeluje cilindri\u010dne cevi z najve\u010djim notranjim premerom 400 mm in najve\u010djo dol\u017eino 6 metrov.<\/p>\n<h2><img loading=\"lazy\" decoding=\"async\" class=\"alignnone size-full wp-image-16973\" src=\"https:\/\/www.hydraulic-cylinders.net\/wp-content\/uploads\/2025\/01\/hydraulic-cylinder-factory-2-scaled.webp\" sizes=\"(min-width: 0px) and (max-width: 480px) 480px, (min-width: 481px) and (max-width: 980px) 980px, (min-width: 981px) and (max-width: 1280px) 1280px, (min-width: 1281px) 2011px, 100vw\" srcset=\"https:\/\/www.hydraulic-cylinders.net\/wp-content\/uploads\/2025\/01\/hydraulic-cylinder-factory-2-scaled.webp 2011w, https:\/\/www.hydraulic-cylinders.net\/wp-content\/uploads\/2025\/01\/hydraulic-cylinder-factory-2-1280x1629.webp 1280w, https:\/\/www.hydraulic-cylinders.net\/wp-content\/uploads\/2025\/01\/hydraulic-cylinder-factory-2-980x1248.webp 980w, https:\/\/www.hydraulic-cylinders.net\/wp-content\/uploads\/2025\/01\/hydraulic-cylinder-factory-2-480x611.webp 480w\" alt=\"\" width=\"2011\" height=\"2560\" \/><\/h2>\n<p>Imamo popolnoma avtomatsko linijo za barvanje na vodni osnovi za majhne in srednje velike valje, ki omogo\u010da avtomatsko nalaganje in razkladanje ter avtomatske robote za brizganje z na\u010drtovano proizvodno zmogljivostjo 4000 mest na izmeno. Imamo \u0161e eno polavtomatsko linijo za barvanje velikih valjev, ki jo poganja veriga, z na\u010drtovano zmogljivostjo 60 zabojev na izmeno.<\/p>\n<p>Za nadaljnje izbolj\u0161anje delovanja izdelkov in vzpostavitev vodilnega polo\u017eaja na\u0161ih hidravli\u010dnih cilindrov v panogi sta na\u0161e podjetje in zjimee skupaj ustanovila celovit laboratorij za hidravli\u010dne cilindre, hidravli\u010dne ventile in hidravli\u010dne \u010drpalke; laboratorij izvaja ra\u010dunalni\u0161ko podprto testiranje z uporabo elektrohidravli\u010dne tehnologije, preskusne pogoje pa vnaprej nastavi ra\u010dunalnik, kar izbolj\u0161a natan\u010dnost preskusa in vsestranskost sistema, ter eksperimentalne podatke.<\/p>\n<p>Samodejno zbiranje se izvaja z uporabo senzorjev, izhodni podatki, kot so notranje pu\u0161\u010danje in obremenitvena u\u010dinkovitost valja ali ventila, pa se neposredno obdelajo v ra\u010dunalniku in pretvorijo v standardne enote (ml\/min%). Hkrati se za zagotovitev varnosti delovanja hidravli\u010dnega sistema izvaja funkcija spremljanja stanja klju\u010dnih parametrov delovanja, kot so \u00bbspremljanje temperature olja, spremljanje nivoja teko\u010dine, spremljanje filtrirne naprave\u00ab itd. Med njimi lahko preskusna naprava hidravli\u010dnega valja preizkusi delovanje \u00bbobremenitve\u00ab.<br \/>\nu\u010dinkovitost \u00bbin\u00ab notranje pu\u0161\u010danje z od\u010ditki. Hkrati je opremljen z merilnim instrumentom v obliki re\u0161etke, ki izpolnjuje zahteve vseh preskusnih elementov hidravli\u010dnih cilindrov v skladu z nacionalnim standardom.<\/p>","protected":false},"excerpt":{"rendered":"<p>Lift Hydraulic Cylinders For Forward Moving Forklift Lift hydraulic cylinders are essential components of forward moving forklifts, providing the necessary lifting power to handle heavy loads efficiently. These cylinders convert hydraulic pressure into mechanical force, enabling forklifts to raise and lower loads with precision. Their robust design and reliable performance make them indispensable in various [&hellip;]<\/p>","protected":false},"featured_media":17610,"comment_status":"open","ping_status":"closed","template":"","meta":{"_et_pb_use_builder":"","_et_pb_old_content":"","_et_gb_content_width":""},"product_brand":[],"product_cat":[1484,1549],"product_tag":[],"class_list":{"0":"post-17606","1":"product","2":"type-product","3":"status-publish","4":"has-post-thumbnail","6":"product_cat-forklift-hydraulic-cylinders","7":"product_cat-single-acting-hydraulic-cylinder","9":"first","10":"instock","11":"shipping-taxable","12":"product-type-simple"},"amp_enabled":true,"_links":{"self":[{"href":"https:\/\/www.hydraulic-cylinders.net\/sl\/wp-json\/wp\/v2\/product\/17606","targetHints":{"allow":["GET"]}}],"collection":[{"href":"https:\/\/www.hydraulic-cylinders.net\/sl\/wp-json\/wp\/v2\/product"}],"about":[{"href":"https:\/\/www.hydraulic-cylinders.net\/sl\/wp-json\/wp\/v2\/types\/product"}],"replies":[{"embeddable":true,"href":"https:\/\/www.hydraulic-cylinders.net\/sl\/wp-json\/wp\/v2\/comments?post=17606"}],"wp:featuredmedia":[{"embeddable":true,"href":"https:\/\/www.hydraulic-cylinders.net\/sl\/wp-json\/wp\/v2\/media\/17610"}],"wp:attachment":[{"href":"https:\/\/www.hydraulic-cylinders.net\/sl\/wp-json\/wp\/v2\/media?parent=17606"}],"wp:term":[{"taxonomy":"product_brand","embeddable":true,"href":"https:\/\/www.hydraulic-cylinders.net\/sl\/wp-json\/wp\/v2\/product_brand?post=17606"},{"taxonomy":"product_cat","embeddable":true,"href":"https:\/\/www.hydraulic-cylinders.net\/sl\/wp-json\/wp\/v2\/product_cat?post=17606"},{"taxonomy":"product_tag","embeddable":true,"href":"https:\/\/www.hydraulic-cylinders.net\/sl\/wp-json\/wp\/v2\/product_tag?post=17606"}],"curies":[{"name":"delovni list","href":"https:\/\/api.w.org\/{rel}","templated":true}]}}