{"id":17607,"date":"2025-03-18T07:49:55","date_gmt":"2025-03-18T07:49:55","guid":{"rendered":"https:\/\/www.hydraulic-cylinders.net\/?post_type=product&#038;p=17607"},"modified":"2025-04-11T03:15:23","modified_gmt":"2025-04-11T03:15:23","slug":"left-and-right-forward-extension-cylinders-for-forward-moving-forklift","status":"publish","type":"product","link":"https:\/\/www.hydraulic-cylinders.net\/sl\/izdelek\/left-and-right-forward-extension-cylinders-for-forward-moving-forklift\/","title":{"rendered":"Levi in \u200b\u200bdesni podalj\u0161evalni cilindri za vili\u010dar, ki se premika naprej"},"content":{"rendered":"<h1 style=\"text-align: center;\"><strong>Levi in \u200b\u200bdesni podalj\u0161evalni cilindri za vili\u010dar, ki se premika naprej<\/strong><\/h1>\n<p>Levi in \u200b\u200bdesni podalj\u0161evalni cilindri za naprej so klju\u010dni sestavni deli vili\u010darjev, ki se premikajo naprej, saj izbolj\u0161ujejo njihovo operativno u\u010dinkovitost in vsestranskost. Ti hidravli\u010dni cilindri omogo\u010dajo vili\u010darjem, da podalj\u0161ajo svoj doseg, kar olaj\u0161a rokovanje s tovori, ki so name\u0161\u010deni na ve\u010djih razdaljah. Z izbolj\u0161anjem sposobnosti vili\u010darja za manevriranje in dvigovanje igrajo ti podalj\u0161evalni cilindri klju\u010dno vlogo pri razli\u010dnih aplikacijah za ravnanje z materiali, od skladi\u0161\u010d do gradbi\u0161\u010d.<\/p>\n<p>Levi in \u200b\u200bdesni podalj\u0161evalni cilindri za premikanje naprej znatno izbolj\u0161ajo funkcionalnost vili\u010darjev, ki se premikajo naprej. Zaradi svoje sposobnosti zagotavljanja ve\u010djega dosega, skupaj z vzdr\u017eljivo konstrukcijo in nemotenim delovanjem, so bistveni za razli\u010dna opravila ravnanja z materiali. Z razumevanjem njihovih lastnosti, pravilnih na\u010dinov uporabe in zahtev glede vzdr\u017eevanja lahko upravljavci pove\u010dajo u\u010dinkovitost in varnost pri svojem delovanju. Nalo\u017eba v visokokakovostne podalj\u0161evalne cilindre zagotavlja zanesljivo delovanje in izbolj\u0161ano produktivnost, kar prispeva k splo\u0161nemu uspehu vsakega podjetja, ki je odvisno od u\u010dinkovitih re\u0161itev za ravnanje z materiali.<\/p>\n<h1 style=\"text-align: center;\"><img loading=\"lazy\" decoding=\"async\" class=\"alignnone wp-image-17613\" src=\"https:\/\/www.hydraulic-cylinders.net\/wp-content\/uploads\/2025\/03\/left-and-right-forward-extension-cylinder-1.webp\" alt=\"\" width=\"500\" height=\"500\" srcset=\"https:\/\/www.hydraulic-cylinders.net\/wp-content\/uploads\/2025\/03\/left-and-right-forward-extension-cylinder-1.webp 500w, https:\/\/www.hydraulic-cylinders.net\/wp-content\/uploads\/2025\/03\/left-and-right-forward-extension-cylinder-1-480x480.webp 480w\" sizes=\"(min-width: 0px) and (max-width: 480px) 480px, (min-width: 481px) 500px, 100vw\" \/><\/h1>\n<p style=\"text-align: center;\"><strong>Levi in \u200b\u200bdesni podalj\u0161evalni cilindri za vili\u010dar, ki se premika naprej<\/strong><\/p>\n<h2><strong>Levi in \u200b\u200bdesni podalj\u0161evalni cilindri za vili\u010dar, ki se premika naprej <\/strong><strong>Tehni\u010dne specifikacije<\/strong><strong>:<\/strong><\/h2>\n<div class=\"Message_messageTextContainer__w64Sc\">\n<div>\n<div class=\"Markdown_markdownContainer__Tz3HQ\">\n<p><strong>Funkcija:<\/strong> Za doseganje gibanja vilic naprej in nazaj<br \/>\n<strong>Premer valja:<\/strong> 50 mm<br \/>\n<strong>Premer palice:<\/strong> 25 mm<br \/>\n<strong>Potovanje:<\/strong> 101 mm\u2013112 mm<br \/>\n<strong>Najve\u010dji tlak:<\/strong> 20 MPa<br \/>\n<strong>Najve\u010dji potisk:<\/strong> 39 kN<\/p>\n<\/div>\n<\/div>\n<\/div>\n<h2><strong>Serija cilindrov za vili\u010darje, ki se premikajo naprej:\u00a0<\/strong><\/h2>\n<h2><img loading=\"lazy\" decoding=\"async\" class=\"alignnone size-full wp-image-17611\" src=\"https:\/\/www.hydraulic-cylinders.net\/wp-content\/uploads\/2025\/03\/Forward-moving-forklift-hydraulic-cylinders-construction.webp\" alt=\"Konstrukcija hidravli\u010dnih cilindrov vili\u010darja, ki se premika naprej\" width=\"1100\" height=\"615\" srcset=\"https:\/\/www.hydraulic-cylinders.net\/wp-content\/uploads\/2025\/03\/Forward-moving-forklift-hydraulic-cylinders-construction.webp 1100w, https:\/\/www.hydraulic-cylinders.net\/wp-content\/uploads\/2025\/03\/Forward-moving-forklift-hydraulic-cylinders-construction-980x548.webp 980w, https:\/\/www.hydraulic-cylinders.net\/wp-content\/uploads\/2025\/03\/Forward-moving-forklift-hydraulic-cylinders-construction-480x268.webp 480w\" sizes=\"(min-width: 0px) and (max-width: 480px) 480px, (min-width: 481px) and (max-width: 980px) 980px, (min-width: 981px) 1100px, 100vw\" \/><\/h2>\n<h2><strong>Klju\u010dne zna\u010dilnosti levega in desnega cilindra za podalj\u0161anje naprej za vili\u010dar, ki se premika naprej<\/strong><strong>:<\/strong><\/h2>\n<ul>\n<li><strong>Izbolj\u0161an doseg:<\/strong> Levi in \u200b\u200bdesni sprednji podalj\u0161evalni cilindri znatno pove\u010dajo doseg vili\u010darja, kar upravljavcem omogo\u010da dostop do tovorov, ki so name\u0161\u010deni dlje. Ta dodaten doseg je \u0161e posebej koristen pri nakladanju in razkladanju, kjer sta natan\u010dnost in u\u010dinkovitost najpomembnej\u0161i. Ker upravljavcem omogo\u010dajo ravnanje z materiali z ve\u010dje razdalje, ti cilindri poenostavijo delovne procese, skraj\u0161ajo \u010das, porabljen za vsako nalogo, in na koncu vodijo do vi\u0161je ravni produktivnosti.<\/li>\n<li><strong>Trpe\u017ena konstrukcija:<\/strong> Ti podalj\u0161ki cilindri, izdelani iz visoko trdnih materialov, so zasnovani tako, da prenesejo zahtevne pogoje uporabe. Njihova robustna konstrukcija ne zagotavlja le izjemne vzdr\u017eljivosti, temve\u010d tudi znatno podalj\u0161uje njihovo \u017eivljenjsko dobo. Z zmanj\u0161anjem obrabe ti cilindri zmanj\u0161ujejo potrebo po pogostih zamenjavah in popravilih, kar pomeni ni\u017eje stro\u0161ke vzdr\u017eevanja in izbolj\u0161ano operativno u\u010dinkovitost podjetij.<\/li>\n<li><strong>Gladko delovanje:<\/strong> Hidravli\u010dni sistem, integriran v levi in \u200b\u200bdesni sprednji iztegovalni valj, zagotavlja gladko in u\u010dinkovito iztegovanje in vstavljanje. Ta funkcija zmanj\u0161uje sunkovite gibe med delovanjem in izbolj\u0161uje splo\u0161no stabilnost bremena. Upravljavci imajo koristi od izbolj\u0161anega nadzora, kar je klju\u010dnega pomena pri ravnanju z ob\u010dutljivimi ali te\u017ekimi bremeni. Gladko delovanje prispeva tudi k varnej\u0161emu delovnemu okolju, saj zmanj\u0161uje tveganje za nesre\u010de in po\u0161kodbe.<\/li>\n<li><strong>Kompaktni profil:<\/strong> Ti podalj\u0161ki cilindrov so zasnovani s kompaktnim profilom, ki se brezhibno prilega razli\u010dnim modelom vili\u010darjev. Ta premi\u0161ljena zasnova zagotavlja, da cilindri ne ovirajo manevriranja vili\u010darja, kar omogo\u010da upravljavcem enostavno premikanje po ozkih prostorih. Ne glede na to, ali so v prenatrpanih skladi\u0161\u010dih ali prometnih gradbi\u0161\u010dih, kompaktna narava teh cilindrov pove\u010duje vsestranskost vili\u010darja in mu omogo\u010da u\u010dinkovito delovanje v razli\u010dnih okoljih.<\/li>\n<li><strong>Vsestranske uporabe:<\/strong> Levi in \u200b\u200bdesni podalj\u0161ki cilindrov so primerni za \u0161irok spekter panog, vklju\u010dno z logistiko, proizvodnjo in gradbeni\u0161tvom. Zaradi prilagodljivosti razli\u010dnim operativnim potrebam so dragocen dodatek k vsakemu voznemu parku vili\u010darjev. Ne glede na to, ali dvigujete te\u017eke materiale v proizvodnem obratu ali dosegate visoke sklade v skladi\u0161\u010du, ti cilindri izbolj\u0161ajo zmogljivost vili\u010darja, zaradi \u010desar je nepogre\u0161ljivo orodje za u\u010dinkovito ravnanje z materiali.<\/li>\n<\/ul>\n<h2><strong>Primeri uporabe za <\/strong><strong>Levi in \u200b\u200bdesni podalj\u0161evalni cilindri za vili\u010dar, ki se premika naprej<\/strong><strong>:<\/strong><\/h2>\n<p>Levi in \u200b\u200bdesni cilindri za podalj\u0161anje naprej bistveno izbolj\u0161ajo funkcionalnost vili\u010darjev, ki se premikajo naprej, v razli\u010dnih panogah. Tukaj je nekaj klju\u010dnih primerov uporabe, ki poudarjajo njihov pomen:<\/p>\n<h3>1. <strong>Skladi\u0161\u010dne operacije<\/strong><\/h3>\n<p>V skladi\u0161\u010dnih okoljih sprednji izvle\u010dni cilindri omogo\u010dajo vili\u010darjem doseg palet, shranjenih na ve\u010djih vi\u0161inah ali razdaljah. Ta zmogljivost omogo\u010da u\u010dinkovito zlaganje in prevzem zalog, optimizacijo navpi\u010dnega prostora in hitrej\u0161e delovanje.<\/p>\n<h3>2. <strong>Nakladanje in razkladanje<\/strong><\/h3>\n<p>Med nakladanjem in razkladanjem blaga iz tovornjakov ali ladijskih kontejnerjev ti podalj\u0161evalni cilindri zagotavljajo potreben doseg za rokovanje z bolj oddaljenimi predmeti. Ta funkcija zmanj\u0161uje potrebo po preme\u0161\u010danju vili\u010darja, kar prihrani \u010das in izbolj\u0161a u\u010dinkovitost delovnega procesa.<\/p>\n<h3>3. <strong>Komisioniranje naro\u010dil<\/strong><\/h3>\n<p>V okoljih, kjer je komisioniranje klju\u010dnega pomena, levi in \u200b\u200bdesni sprednji podalj\u0161evalni cilindri omogo\u010dajo vili\u010darjem dostop do dolo\u010denih artiklov, ki se nahajajo na razli\u010dnih vi\u0161inah ali razdaljah. Ta natan\u010dnost izbolj\u0161a natan\u010dnost pri izpolnjevanju naro\u010dil in pove\u010da splo\u0161no produktivnost.<\/p>\n<h3>4. <strong>Navzkri\u017eno skladi\u0161\u010denje<\/strong><\/h3>\n<p>Pri operacijah navzkri\u017enega pretovarjanja, kjer se blago preva\u017ea neposredno med dohodnimi in odhodnimi po\u0161iljkami, podalj\u0161evalni cilindri omogo\u010dajo hitro in u\u010dinkovito premikanje palet. To skraj\u0161a \u010das manipulacije in zagotavlja nemoten pretok materialov skozi dobavno verigo.<\/p>\n<h3>5. <strong>Gradbi\u0161\u010da<\/strong><\/h3>\n<p>Na gradbi\u0161\u010dih ti podalj\u0161evalni cilindri omogo\u010dajo vili\u010darjem dvigovanje in name\u0161\u010danje te\u017ekih materialov, kot so tramovi in \u200b\u200bbetonski bloki, na razli\u010dne vi\u0161ine. Njihova sposobnost podalj\u0161anja dosega pove\u010duje varnost in u\u010dinkovitost pri rokovanju z velikimi in nerodnimi bremeni.<\/p>\n<p>I\u0161\u010dete cilindre za te\u017eke vili\u010darje? Oglejte si na\u0161e <a href=\"https:\/\/www.hydraulic-cylinders.net\/sl\/forklift-hydraulic-cylinder\/\">Te\u017eki hidravli\u010dni cilindri<\/a>.<\/p>\n<h2><strong>Proizvodno obmo\u010dje valjev za vili\u010darje:<\/strong><\/h2>\n<h2><img loading=\"lazy\" decoding=\"async\" class=\"alignnone size-full wp-image-16972\" src=\"https:\/\/www.hydraulic-cylinders.net\/wp-content\/uploads\/2025\/01\/hydraulic-cylinder-factory-1-scaled.webp\" sizes=\"(min-width: 0px) and (max-width: 480px) 480px, (min-width: 481px) and (max-width: 980px) 980px, (min-width: 981px) and (max-width: 1280px) 1280px, (min-width: 1281px) 2016px, 100vw\" srcset=\"https:\/\/www.hydraulic-cylinders.net\/wp-content\/uploads\/2025\/01\/hydraulic-cylinder-factory-1-scaled.webp 2016w, https:\/\/www.hydraulic-cylinders.net\/wp-content\/uploads\/2025\/01\/hydraulic-cylinder-factory-1-1280x1625.webp 1280w, https:\/\/www.hydraulic-cylinders.net\/wp-content\/uploads\/2025\/01\/hydraulic-cylinder-factory-1-980x1244.webp 980w, https:\/\/www.hydraulic-cylinders.net\/wp-content\/uploads\/2025\/01\/hydraulic-cylinder-factory-1-480x610.webp 480w\" alt=\"\" width=\"2016\" height=\"2560\" \/><\/h2>\n<p>Imamo prvovrstno neodvisno platformo za raziskave in razvoj za monta\u017eo. Delavnica za proizvodnjo valjev za vili\u010darje ima \u0161tiri polavtomatske monta\u017ene linije za dvi\u017ene valje in popolnoma avtomatsko monta\u017eno linijo za nagibne valje z letno proizvodno zmogljivostjo milijona kosov. Delavnica za posebne valje ima polavtomatske \u010distilne in monta\u017ene sisteme razli\u010dnih specifikacij z letno proizvodno zmogljivostjo 200.000 kosov. Opremljena je z znanimi blagovnimi znamkami CNC obdelovalnih strojev, obdelovalnih centrov, posebne opreme za visoko precizno obdelavo valjev, robotskih varilnih strojev, avtomatskih \u010distilnih strojev, avtomatskih strojev za monta\u017eo valjev in avtomatskih proizvodnih linij za barvanje. Imamo ve\u010d kot 300 kompletov klju\u010dne opreme, ki deluje. Optimizirana dodelitev in u\u010dinkovita izraba opremnih virov zagotavljata natan\u010dnost izdelkov in izpolnjujeta visoke standarde kakovosti izdelkov.<\/p>\n<p>Strojna delavnica je opremljena s centri za stru\u017eenje vodilnih tirnic po meri, obdelovalnimi centri, visokohitrostnimi stroji za honanje, varilnimi roboti in drugo ustrezno opremo, ki lahko obdeluje cilindri\u010dne cevi z najve\u010djim notranjim premerom 400 mm in najve\u010djo dol\u017eino 6 metrov.<\/p>\n<h2><img loading=\"lazy\" decoding=\"async\" class=\"alignnone size-full wp-image-16973\" src=\"https:\/\/www.hydraulic-cylinders.net\/wp-content\/uploads\/2025\/01\/hydraulic-cylinder-factory-2-scaled.webp\" sizes=\"(min-width: 0px) and (max-width: 480px) 480px, (min-width: 481px) and (max-width: 980px) 980px, (min-width: 981px) and (max-width: 1280px) 1280px, (min-width: 1281px) 2011px, 100vw\" srcset=\"https:\/\/www.hydraulic-cylinders.net\/wp-content\/uploads\/2025\/01\/hydraulic-cylinder-factory-2-scaled.webp 2011w, https:\/\/www.hydraulic-cylinders.net\/wp-content\/uploads\/2025\/01\/hydraulic-cylinder-factory-2-1280x1629.webp 1280w, https:\/\/www.hydraulic-cylinders.net\/wp-content\/uploads\/2025\/01\/hydraulic-cylinder-factory-2-980x1248.webp 980w, https:\/\/www.hydraulic-cylinders.net\/wp-content\/uploads\/2025\/01\/hydraulic-cylinder-factory-2-480x611.webp 480w\" alt=\"\" width=\"2011\" height=\"2560\" \/><\/h2>\n<p>Imamo popolnoma avtomatsko linijo za barvanje na vodni osnovi za majhne in srednje velike valje, ki omogo\u010da avtomatsko nalaganje in razkladanje ter avtomatske robote za brizganje z na\u010drtovano proizvodno zmogljivostjo 4000 mest na izmeno. Imamo \u0161e eno polavtomatsko linijo za barvanje velikih valjev, ki jo poganja veriga, z na\u010drtovano zmogljivostjo 60 zabojev na izmeno.<\/p>\n<p>Za nadaljnje izbolj\u0161anje delovanja izdelkov in vzpostavitev vodilnega polo\u017eaja na\u0161ih hidravli\u010dnih cilindrov v panogi sta na\u0161e podjetje in zjimee skupaj ustanovila celovit laboratorij za hidravli\u010dne cilindre, hidravli\u010dne ventile in hidravli\u010dne \u010drpalke; laboratorij izvaja ra\u010dunalni\u0161ko podprto testiranje z uporabo elektrohidravli\u010dne tehnologije, preskusne pogoje pa vnaprej nastavi ra\u010dunalnik, kar izbolj\u0161a natan\u010dnost preskusa in vsestranskost sistema, ter eksperimentalne podatke.<\/p>\n<p>Samodejno zbiranje se izvaja z uporabo senzorjev, izhodni podatki, kot so notranje pu\u0161\u010danje in obremenitvena u\u010dinkovitost valja ali ventila, pa se neposredno obdelajo v ra\u010dunalniku in pretvorijo v standardne enote (ml\/min%). Hkrati se za zagotovitev varnosti delovanja hidravli\u010dnega sistema izvaja funkcija spremljanja stanja klju\u010dnih parametrov delovanja, kot so \u00bbspremljanje temperature olja, spremljanje nivoja teko\u010dine, spremljanje filtrirne naprave\u00ab itd. Med njimi lahko preskusna naprava hidravli\u010dnega valja preizkusi delovanje \u00bbobremenitve\u00ab.<br \/>\nu\u010dinkovitost \u00bbin\u00ab notranje pu\u0161\u010danje z od\u010ditki. Hkrati je opremljen z merilnim instrumentom v obliki re\u0161etke, ki izpolnjuje zahteve vseh preskusnih elementov hidravli\u010dnih cilindrov v skladu z nacionalnim standardom.<\/p>","protected":false},"excerpt":{"rendered":"<p>Left and Right Forward Extension Cylinders for Forward Moving Forklift Left and right forward extension cylinders are vital components for forward moving forklifts, enhancing their operational efficiency and versatility. These hydraulic cylinders allow forklifts to extend their reach, making it easier to handle loads positioned at greater distances. By improving the forklift&#8217;s ability to maneuver [&hellip;]<\/p>","protected":false},"featured_media":17612,"comment_status":"open","ping_status":"closed","template":"","meta":{"_et_pb_use_builder":"","_et_pb_old_content":"","_et_gb_content_width":""},"product_brand":[],"product_cat":[1484,1550],"product_tag":[],"class_list":{"0":"post-17607","1":"product","2":"type-product","3":"status-publish","4":"has-post-thumbnail","6":"product_cat-forklift-hydraulic-cylinders","7":"product_cat-double-acting-hydraulic-cylinder","9":"first","10":"instock","11":"shipping-taxable","12":"product-type-simple"},"amp_enabled":true,"_links":{"self":[{"href":"https:\/\/www.hydraulic-cylinders.net\/sl\/wp-json\/wp\/v2\/product\/17607","targetHints":{"allow":["GET"]}}],"collection":[{"href":"https:\/\/www.hydraulic-cylinders.net\/sl\/wp-json\/wp\/v2\/product"}],"about":[{"href":"https:\/\/www.hydraulic-cylinders.net\/sl\/wp-json\/wp\/v2\/types\/product"}],"replies":[{"embeddable":true,"href":"https:\/\/www.hydraulic-cylinders.net\/sl\/wp-json\/wp\/v2\/comments?post=17607"}],"wp:featuredmedia":[{"embeddable":true,"href":"https:\/\/www.hydraulic-cylinders.net\/sl\/wp-json\/wp\/v2\/media\/17612"}],"wp:attachment":[{"href":"https:\/\/www.hydraulic-cylinders.net\/sl\/wp-json\/wp\/v2\/media?parent=17607"}],"wp:term":[{"taxonomy":"product_brand","embeddable":true,"href":"https:\/\/www.hydraulic-cylinders.net\/sl\/wp-json\/wp\/v2\/product_brand?post=17607"},{"taxonomy":"product_cat","embeddable":true,"href":"https:\/\/www.hydraulic-cylinders.net\/sl\/wp-json\/wp\/v2\/product_cat?post=17607"},{"taxonomy":"product_tag","embeddable":true,"href":"https:\/\/www.hydraulic-cylinders.net\/sl\/wp-json\/wp\/v2\/product_tag?post=17607"}],"curies":[{"name":"delovni list","href":"https:\/\/api.w.org\/{rel}","templated":true}]}}