{"id":1761,"date":"2023-10-13T05:50:50","date_gmt":"2023-10-13T05:50:50","guid":{"rendered":"https:\/\/hydraulic-cylinders.net\/?post_type=product&#038;p=1761"},"modified":"2025-04-15T05:55:24","modified_gmt":"2025-04-15T05:55:24","slug":"cutter-suction-dredger-inverted-pile-cylinder","status":"publish","type":"product","link":"https:\/\/www.hydraulic-cylinders.net\/sl\/izdelek\/cutter-suction-dredger-inverted-pile-cylinder\/","title":{"rendered":"Obrnjen valj za sesalni bager rezalnika"},"content":{"rendered":"<h1 style=\"text-align: center;\"><strong>Obrnjen valj za sesalni bager rezalnika<\/strong><\/h1>\n<p><img loading=\"lazy\" decoding=\"async\" class=\"aligncenter wp-image-1763\" src=\"https:\/\/hydraulic-cylinders.net\/wp-content\/uploads\/2023\/10\/cutter-suction-dredger-inverted-pile-cylinder-1-300x300.webp\" alt=\"\" width=\"400\" height=\"400\" \/><\/p>\n<p>Obrnjeni pilotni valj za sesalni bager rezalnika je prelomna hidravli\u010dna naprava, ki spreminja projekte pomorske gradnje. S svojo inovativno zasnovo in izjemno zmogljivostjo je ta valj klju\u010dnega pomena za sodobne operacije poglabljanja.<\/p>\n<p>Obrnjeni valj za pilote za sesalni bager je revolucioniral pomorsko gradnjo, saj ponuja izjemno zmogljivost pri pilotiranju. Zaradi obrnjene zasnove, visoke tla\u010dne zmogljivosti in odpornosti proti koroziji je zanesljiva in trpe\u017ena hidravli\u010dna naprava. Z upo\u0161tevanjem pravilnih metod uporabe in rednim vzdr\u017eevanjem lahko strokovnjaki za pomorsko gradnjo pove\u010dajo u\u010dinkovitost in natan\u010dnost svojih projektov. Izkoristite mo\u010d obrnjenega valja za pilote za sesalni bager in izkusite razliko, ki jo lahko naredi pri va\u0161ih pomorskih gradbenih prizadevanjih.<\/p>\n<p>Klju\u010dne zna\u010dilnosti obrnjenega cilindra sesalnega bagra za rezanje:<\/p>\n<ul>\n<li>Obrnjena zasnova: Obrnjeni valj za pilote sesalnega bagra se pona\u0161a z edinstveno obrnjeno konfiguracijo, pri \u010demer se batnica razteza navzdol iz valja. Ta zasnova omogo\u010da u\u010dinkovito in natan\u010dno pilotiranje v morskem okolju.<\/li>\n<li>Visokotla\u010dna zmogljivost: Ta valj je zasnovan tako, da prenese visokotla\u010dne pogoje, kar zagotavlja zanesljivo in robustno delovanje tudi pri zahtevnih projektih pomorske gradnje. Zagotavlja mo\u010d in silo, potrebno za zabijanje pilotov v morsko dno z izjemno natan\u010dnostjo.<\/li>\n<li>Odpornost proti koroziji: Izdelan iz visokokakovostnih materialov, obrnjen valj pilotov ka\u017ee odli\u010dno odpornost proti koroziji, rji in odrgninam. Ta lastnost pove\u010duje njegovo vzdr\u017eljivost, zaradi \u010desar je primeren za dolgotrajno uporabo v te\u017ekih morskih razmerah.<\/li>\n<\/ul>\n<h2><strong>Parameter obrnjenega cilindra sesalnega bagra rezalnika:<\/strong><\/h2>\n<table border=\"1\" cellspacing=\"0\" cellpadding=\"0\">\n<tbody>\n<tr>\n<td>Ime izdelka<\/td>\n<td>Obrnjen valj za sesalni bager rezalnika<\/td>\n<\/tr>\n<tr>\n<td>Zna\u010dilnosti:<\/td>\n<td>Zagotovite silo potiska in vle\u010denja za uvlek in razpiranje jeklenega kupa<\/td>\n<\/tr>\n<tr>\n<td>Premer izvrtine:<\/td>\n<td>Do 620 mm<\/td>\n<\/tr>\n<tr>\n<td>Premer palice:<\/td>\n<td>Do 360 mm<br \/>\nHod do 5200 mm<\/td>\n<\/tr>\n<tr>\n<td>Tlak:<\/td>\n<td>do 32 MPa<\/td>\n<\/tr>\n<tr>\n<td>Potisna sila:<\/td>\n<td>Najve\u010d 7500 KN<\/td>\n<\/tr>\n<tr>\n<td>Vle\u010dna sila:<\/td>\n<td>Najve\u010d 5000 kN<\/td>\n<\/tr>\n<tr>\n<td>Uporaba:<\/td>\n<td>Sesalni bager Cutter<\/td>\n<\/tr>\n<\/tbody>\n<\/table>\n<div><\/div>\n<div>\n<div class=\"txtboxL\">Zna\u010dilnosti:<\/div>\n<div class=\"txtboxR\">Zagotovite silo potiska in vle\u010denja za uvlek in razpiranje jeklenega kupa<\/div>\n<div class=\"txtboxL\">Specifikacija:<\/div>\n<div class=\"txtboxR\">Premer izvrtine: do 620 mm<br \/>\nPremer palice: do 360 mm<br \/>\nHod do 5200 mm<\/div>\n<div class=\"txtboxL\">Tlak:<\/div>\n<div class=\"txtboxR\">do 32 MPa<\/div>\n<div class=\"txtboxL\">Potisna sila:<\/div>\n<div class=\"txtboxR\">Najve\u010d 7500 KN<\/div>\n<div class=\"txtboxL\">Vle\u010dna sila:<\/div>\n<div class=\"txtboxR\">Najve\u010d 5000 kN<\/div>\n<\/div>\n<h2><strong>Uporaba sesalnih cilindrov za rezanje in sesanje plavajo\u010dega bagra:<\/strong><\/h2>\n<p><img loading=\"lazy\" decoding=\"async\" class=\"alignnone wp-image-1757 size-full\" src=\"https:\/\/hydraulic-cylinders.net\/wp-content\/uploads\/2023\/10\/dredger-tank-cylinder-1.webp\" alt=\"\" width=\"600\" height=\"400\" srcset=\"https:\/\/hydraulic-cylinders.net\/wp-content\/uploads\/2023\/10\/dredger-tank-cylinder-1.webp 600w, https:\/\/hydraulic-cylinders.net\/wp-content\/uploads\/2023\/10\/dredger-tank-cylinder-1-480x320.webp 480w\" sizes=\"(min-width: 0px) and (max-width: 480px) 480px, (min-width: 481px) 600px, 100vw\" \/><\/p>\n<h2><strong>Metoda uporabe valja z obrnjenim pilotom sesalnega bagra za rezanje<\/strong><strong>:<\/strong><\/h2>\n<ul>\n<li><strong>Priprava:<\/strong> Pred uporabo obrnjenega cilindra sesalnega bagra se prepri\u010dajte, da so vzpostavljeni vsi varnostni ukrepi. Opravite vizualni pregled, da se prepri\u010date, da so valj in njegove komponente v dobrem stanju, brez znakov po\u0161kodb ali pu\u0161\u010danja.<\/li>\n<li><strong>Pozicioniranje:<\/strong> Cilinder namestite na \u017eeleno mesto za pilotiranje. Prepri\u010dajte se, da je varno pritrjen na bager ali drugo opremo, kar zagotavlja stabilnost in oporo med delovanjem.<\/li>\n<li><strong>Povezava:<\/strong> Hidravli\u010dne cevi ali priklju\u010dke priklju\u010dite na ustrezne priklju\u010dke na cilindru in hidravli\u010dnem viru energije. Preverite, ali so povezave varne, ne pu\u0161\u010dajo in pravilno poravnane.<\/li>\n<li><strong>Prilagajanje dol\u017eine giba:<\/strong> Prilagodite dol\u017eino hoda valja glede na zahtevano globino pilota. To je obi\u010dajno mogo\u010de storiti z uporabo prilo\u017eenih krmilnih elementov ali mehanizmov. Za natan\u010dno nastavitev upo\u0161tevajte navodila proizvajalca.<\/li>\n<li><strong>Delo pilotiranja:<\/strong> Aktivirajte hidravli\u010dni vir energije, da za\u010dnete postopek zabijanja pilotov. Obrnjeni valj za pilote sesalnega bagra bo s kontrolirano silo zabil pilote v morsko dno. Postopek natan\u010dno spremljajte in zagotovite \u017eeleno globino in natan\u010dnost.<\/li>\n<\/ul>\n<h2><strong>Kako zamenjati tesnila na hidravli\u010dnem cilindru?<\/strong><\/h2>\n<p>Zamenjava tesnil na hidravli\u010dnem cilindru je pogosto vzdr\u017eevalno opravilo, ki pomaga obnoviti njegovo delovanje in prepre\u010diti pu\u0161\u010danje. Tukaj je navodilo po korakih za zamenjavo tesnil na hidravli\u010dnem cilindru:<\/p>\n<ol>\n<li><strong>Varnostni ukrepi:<\/strong>\n<ul>\n<li>Prepri\u010dajte se, da je hidravli\u010dni sistem brez tlaka in da je valj popolnoma iztegnjen.<\/li>\n<li>Sledite ustreznim postopkom zaklepanja\/ozna\u010devanja, da prepre\u010dite nenamerno aktivacijo sistema.<\/li>\n<\/ul>\n<\/li>\n<li><strong>Odstranitev cilindra:<\/strong>\n<ul>\n<li>Odklopite vse hidravli\u010dne cevi ali priklju\u010dke, priklju\u010dene na valj.<\/li>\n<li>Odstranite vse pritrdilne zati\u010de ali vijake, s katerimi je jeklenka pritrjena na opremo.<\/li>\n<li>Previdno potisnite ali premaknite valj iz njegovih nosilcev ali priklju\u010dkov.<\/li>\n<\/ul>\n<\/li>\n<li><strong>Identifikacija pe\u010data:<\/strong>\n<ul>\n<li>Dolo\u010dite vrste in velikosti tesnil, ki jih je treba zamenjati. Te informacije lahko najdete v dokumentaciji cilindra ali z merjenjem starih tesnil.<\/li>\n<\/ul>\n<\/li>\n<li><strong>Demonta\u017ea:<\/strong>\n<ul>\n<li>Cilinder postavite na \u010disto delovno povr\u0161ino.<\/li>\n<li>Odstranite kon\u010dne pokrov\u010dke valja z ustreznim orodjem, kot so klju\u010di ali kompleti nastavkov.<\/li>\n<li>Previdno odstranite bat, palico in stara tesnila iz cilindra.<\/li>\n<li>Pri razstavljanju bodite pozorni na vrstni red in orientacijo komponent.<\/li>\n<\/ul>\n<\/li>\n<li><strong>Odstranitev tesnila:<\/strong>\n<ul>\n<li>Stara tesnila previdno odstranite iz njihovih utorov z orodji za odstranjevanje tesnil ali kle\u0161\u010dami.<\/li>\n<li>Med tem postopkom pazite, da ne po\u0161kodujete izvrtine valja ali drugih povr\u0161in.<\/li>\n<\/ul>\n<\/li>\n<li><strong>\u010ci\u0161\u010denje in pregled:<\/strong>\n<ul>\n<li>O\u010distite valj valja, bat, palico in druge sestavne dele z ustreznim \u010distilnim topilom, da odstranite umazanijo, ostanke in ostanke hidravli\u010dne teko\u010dine.<\/li>\n<li>Preverite vse dele glede znakov po\u0161kodb ali obrabe, kot so zareze, jamice ali razpoke.<\/li>\n<li>Po potrebi zamenjajte vse po\u0161kodovane ali obrabljene komponente.<\/li>\n<\/ul>\n<\/li>\n<li><strong>Namestitev novega tesnila:<\/strong>\n<ul>\n<li>Pred namestitvijo novih tesnil nama\u017eite s hidravli\u010dnim oljem.<\/li>\n<li>Nova tesnila previdno vstavite v ustrezne utore in se prepri\u010dajte, da so pravilno name\u0161\u010dena.<\/li>\n<li>Za enakomerno pritiskanje tesnil na mesto uporabite orodja za namestitev tesnil ali ustrezne improvizirane metode.<\/li>\n<li>Med namestitvijo pazite, da ne po\u0161kodujete tesnil.<\/li>\n<\/ul>\n<\/li>\n<li><strong>Ponovna monta\u017ea:<\/strong>\n<ul>\n<li>Bat, palico in tesnila namestite nazaj v valj valja, pri \u010demer upo\u0161tevajte pravilen vrstni red in orientacijo.<\/li>\n<li>Na tesnila in druge kontaktne povr\u0161ine nanesite tanko plast hidravli\u010dnega olja.<\/li>\n<li>Previdno namestite kon\u010dni pokrov\u010dek(e) in ga(jih) varno privijte v skladu s specifikacijami proizvajalca.<\/li>\n<li>Prepri\u010dajte se, da so vse navojne povezave pravilno poravnane in zategnjene.<\/li>\n<\/ul>\n<\/li>\n<li><strong>Ponovna namestitev cilindra:<\/strong>\n<ul>\n<li>Ponovno sestavljeni valj potisnite ali premaknite nazaj v njegove nosilce ali priklju\u010dke.<\/li>\n<li>Ponovno namestite vse pritrdilne zati\u010de ali vijake, da pritrdite valj na svoje mesto.<\/li>\n<li>Ponovno priklju\u010dite hidravli\u010dne cevi ali priklju\u010dke na valj in pri tem zagotovite pravilno poravnavo in tesnost.<\/li>\n<\/ul>\n<\/li>\n<li><strong>Testiranje in pregled:<\/strong>\n<ul>\n<li>Ponovno napolnite hidravli\u010dni sistem s tlakom in preverite morebitna pu\u0161\u010danja ali nepravilno delovanje.<\/li>\n<li>Za zagotovitev nemotenega gibanja in pravilnega delovanja valj popolnoma izvlecite in povlecite.<\/li>\n<li>Preverite jeklenko in njene priklju\u010dke glede morebitnih znakov pu\u0161\u010danja ali drugih te\u017eav.<\/li>\n<\/ul>\n<\/li>\n<\/ol>\n<h2><strong>Zmogljivost in zmogljivost tovarne:<\/strong><\/h2>\n<h3>(1) Sestavljanje<\/h3>\n<p>Imamo prvovrstno neodvisno platformo za raziskave in razvoj. Delavnica za proizvodnjo hidravli\u010dnih cilindrov ima \u0161tiri polavtomatske monta\u017ene linije za dvi\u017ene cilindre in eno avtomatsko monta\u017eno linijo za nagibne cilindre z letno proizvodno zmogljivostjo 1 milijona kosov. Delavnica za posebne cilindre je opremljena z razli\u010dnimi specifikacijami polavtomatskega sistema za \u010di\u0161\u010denje in monta\u017eo z letno proizvodno zmogljivostjo 200.000 kosov ter znano CNC obdelovalno opremo, obdelovalnim centrom, visoko precizno posebno opremo za obdelavo cilindrov, robotskim varilnim strojem, avtomatskim \u010distilnim strojem, avtomatskim strojem za monta\u017eo cilindrov in avtomatsko proizvodno linijo za barvanje. Obstoje\u010da kriti\u010dna oprema obsega ve\u010d kot 300 kompletov (kompletov). Optimalna razporeditev in u\u010dinkovita uporaba opremnih virov zagotavljata zahteve glede natan\u010dnosti izdelkov in izpolnjujeta visoke zahteve glede kakovosti izdelkov.<\/p>\n<p><img loading=\"lazy\" decoding=\"async\" class=\"alignnone wp-image-626\" src=\"https:\/\/hydraulic-cylinders.net\/wp-content\/uploads\/2023\/08\/hydraulic-cylinder-product-1-300x158.webp\" alt=\"\" width=\"495\" height=\"260\" srcset=\"https:\/\/hydraulic-cylinders.net\/wp-content\/uploads\/2023\/08\/hydraulic-cylinder-product-1-300x158.webp 495w, https:\/\/hydraulic-cylinders.net\/wp-content\/uploads\/2023\/08\/hydraulic-cylinder-product-1-480x252.webp 480w\" sizes=\"(min-width: 0px) and (max-width: 480px) 480px, (min-width: 481px) 495px, 100vw\" \/> <img loading=\"lazy\" decoding=\"async\" class=\"alignnone wp-image-627\" src=\"https:\/\/hydraulic-cylinders.net\/wp-content\/uploads\/2023\/08\/hydraulic-cylinder-product-2-300x189.webp\" alt=\"\" width=\"413\" height=\"260\" \/><\/p>\n<h3>(2) Strojna obdelava<\/h3>\n<p>Strojna delavnica je opremljena s prilagojenim centrom za stru\u017eenje nagnjenih tirnic, obdelovalnim centrom, visokohitrostnim strojem za honanje, varilnim robotom in drugo sorodno opremo, ki lahko obdeluje cilindri\u010dne cevi z najve\u010djim notranjim premerom 400 mm in najve\u010djo dol\u017eino 6 metrov.<\/p>\n<p><img loading=\"lazy\" decoding=\"async\" class=\"alignnone wp-image-628 size-large\" src=\"https:\/\/hydraulic-cylinders.net\/wp-content\/uploads\/2023\/08\/hydraulic-cylinder-product-3-1024x391.webp\" alt=\"\" width=\"1024\" height=\"391\" srcset=\"https:\/\/hydraulic-cylinders.net\/wp-content\/uploads\/2023\/08\/hydraulic-cylinder-product-3-980x374.webp 980w, https:\/\/hydraulic-cylinders.net\/wp-content\/uploads\/2023\/08\/hydraulic-cylinder-product-3-480x183.webp 480w\" sizes=\"(min-width: 0px) and (max-width: 480px) 480px, (min-width: 481px) and (max-width: 980px) 980px, (min-width: 981px) 1024px, 100vw\" \/><\/p>\n<h3>(3) Varjenje<\/h3>\n<p><img loading=\"lazy\" decoding=\"async\" class=\"alignnone wp-image-629 size-large\" src=\"https:\/\/hydraulic-cylinders.net\/wp-content\/uploads\/2023\/08\/hydraulic-cylinder-product-4-1024x510.webp\" alt=\"\" width=\"1024\" height=\"510\" srcset=\"https:\/\/hydraulic-cylinders.net\/wp-content\/uploads\/2023\/08\/hydraulic-cylinder-product-4-980x488.webp 980w, https:\/\/hydraulic-cylinders.net\/wp-content\/uploads\/2023\/08\/hydraulic-cylinder-product-4-480x239.webp 480w\" sizes=\"(min-width: 0px) and (max-width: 480px) 480px, (min-width: 481px) and (max-width: 980px) 980px, (min-width: 981px) 1024px, 100vw\" \/><\/p>\n<h3>(4) Barvanje in premazovanje<\/h3>\n<p>Z majhnimi in srednje velikimi cilindri\u010dnimi avtomatskimi linijami za barvanje na vodni osnovi, za doseganje avtomatskega nakladanja in razkladanja robotov ter avtomatskega brizganja, je projektna zmogljivost 4000 kosov na izmeno;<br \/>\nImamo tudi polavtomatsko linijo za proizvodnjo barv za velike jeklenke, ki jo poganja veriga, s projektno zmogljivostjo 60 zabojev na izmeno.<\/p>\n<p><img loading=\"lazy\" decoding=\"async\" class=\"alignnone wp-image-630\" src=\"https:\/\/hydraulic-cylinders.net\/wp-content\/uploads\/2023\/08\/hydraulic-cylinder-product-5-300x213.webp\" alt=\"\" width=\"366\" height=\"260\" \/> <img loading=\"lazy\" decoding=\"async\" class=\"alignnone wp-image-631\" src=\"https:\/\/hydraulic-cylinders.net\/wp-content\/uploads\/2023\/08\/hydraulic-cylinder-product-6-300x225.webp\" alt=\"\" width=\"347\" height=\"260\" \/><\/p>\n<h3>(5) Testiranje<\/h3>\n<p>Imamo prvovrstne in\u0161pekcijske prostore in testne postaje, s katerimi zagotavljamo, da delovanje jeklenke izpolnjuje zahteve.<\/p>\n<p><img loading=\"lazy\" decoding=\"async\" class=\"alignnone wp-image-632\" src=\"https:\/\/hydraulic-cylinders.net\/wp-content\/uploads\/2023\/08\/hydraulic-cylinder-product-8-300x200.webp\" alt=\"\" width=\"389\" height=\"260\" \/><\/p>\n<p>&nbsp;<\/p>\n<p>&nbsp;<\/p>\n<p>Smo eden najbolj\u0161ih proizvajalcev hidravli\u010dnih cilindrov. Ponujamo vam celovite hidravli\u010dne cilindre. Zagotavljamo tudi ustrezne <a href=\"https:\/\/hzpt.com\/agricultural-pto-gearbox\/\" target=\"_blank\" rel=\"noopener\">kmetijski menjalniki<\/a>Na\u0161e izdelke smo izvozili strankam po vsem svetu in si prislu\u017eili dober ugled zaradi vrhunske kakovosti izdelkov in poprodajnih storitev. Z veseljem vas vabimo, da nas kontaktirate za poslovne dogovore, izmenjavo informacij in ... <a href=\"https:\/\/www.hydraulic-cylinders.net\/sl\/contact-us\/\">sodelujte z nami<\/a>!<\/p>","protected":false},"excerpt":{"rendered":"<p>Cutter Suction Dredger Inverted Pile Cylinder The cutter suction dredger inverted pile cylinder is a groundbreaking hydraulic device transforming marine construction projects. With its innovative design and exceptional performance, this cylinder is crucial to modern dredging operations. The cutter suction dredger inverted pile cylinder has revolutionized marine construction by offering exceptional performance in piling operations. [&hellip;]<\/p>","protected":false},"featured_media":1764,"comment_status":"open","ping_status":"closed","template":"","meta":{"_et_pb_use_builder":"","_et_pb_old_content":"","_et_gb_content_width":""},"product_brand":[],"product_cat":[1535,1549,1552,1376],"product_tag":[1380],"class_list":{"0":"post-1761","1":"product","2":"type-product","3":"status-publish","4":"has-post-thumbnail","6":"product_cat-dredger-hydraulic-cylinders","7":"product_cat-single-acting-hydraulic-cylinder","8":"product_cat-stainless-steel-hydraulic-cylinder","9":"product_cat-hydraulic-cylinder","10":"product_tag-hydraulic-cylinder","12":"first","13":"instock","14":"shipping-taxable","15":"product-type-simple"},"amp_enabled":true,"_links":{"self":[{"href":"https:\/\/www.hydraulic-cylinders.net\/sl\/wp-json\/wp\/v2\/product\/1761","targetHints":{"allow":["GET"]}}],"collection":[{"href":"https:\/\/www.hydraulic-cylinders.net\/sl\/wp-json\/wp\/v2\/product"}],"about":[{"href":"https:\/\/www.hydraulic-cylinders.net\/sl\/wp-json\/wp\/v2\/types\/product"}],"replies":[{"embeddable":true,"href":"https:\/\/www.hydraulic-cylinders.net\/sl\/wp-json\/wp\/v2\/comments?post=1761"}],"wp:featuredmedia":[{"embeddable":true,"href":"https:\/\/www.hydraulic-cylinders.net\/sl\/wp-json\/wp\/v2\/media\/1764"}],"wp:attachment":[{"href":"https:\/\/www.hydraulic-cylinders.net\/sl\/wp-json\/wp\/v2\/media?parent=1761"}],"wp:term":[{"taxonomy":"product_brand","embeddable":true,"href":"https:\/\/www.hydraulic-cylinders.net\/sl\/wp-json\/wp\/v2\/product_brand?post=1761"},{"taxonomy":"product_cat","embeddable":true,"href":"https:\/\/www.hydraulic-cylinders.net\/sl\/wp-json\/wp\/v2\/product_cat?post=1761"},{"taxonomy":"product_tag","embeddable":true,"href":"https:\/\/www.hydraulic-cylinders.net\/sl\/wp-json\/wp\/v2\/product_tag?post=1761"}],"curies":[{"name":"delovni list","href":"https:\/\/api.w.org\/{rel}","templated":true}]}}