{"id":1772,"date":"2023-10-13T06:29:47","date_gmt":"2023-10-13T06:29:47","guid":{"rendered":"https:\/\/hydraulic-cylinders.net\/?post_type=product&#038;p=1772"},"modified":"2025-04-15T05:54:57","modified_gmt":"2025-04-15T05:54:57","slug":"trailing-suction-dredger-mud-door-cylinder","status":"publish","type":"product","link":"https:\/\/www.hydraulic-cylinders.net\/sl\/izdelek\/trailing-suction-dredger-mud-door-cylinder\/","title":{"rendered":"Vle\u010dni sesalni bager z blatnimi vrati"},"content":{"rendered":"<h1 style=\"text-align: center;\"><strong>Vle\u010dni sesalni bager z blatnimi vrati<\/strong><\/h1>\n<h1 style=\"text-align: center;\"><strong><img loading=\"lazy\" decoding=\"async\" class=\"alignnone wp-image-1774\" src=\"https:\/\/hydraulic-cylinders.net\/wp-content\/uploads\/2023\/10\/trailing-suction-dredger-mud-door-cylinder-1-1-300x300.webp\" alt=\"\" width=\"400\" height=\"400\" \/><\/strong><\/h1>\n<p>Vle\u010dni sesalni bager z zapornim valjem je klju\u010dna hidravli\u010dna komponenta, zasnovana za izbolj\u0161anje u\u010dinkovitosti in uspe\u0161nosti poglabljanja. Ta cilinder igra klju\u010dno vlogo pri nadzoru odpiranja in zapiranja zapornih valjev, kar zagotavlja nemoten dovod in odtok usedlin.<\/p>\n<p>Vle\u010dni sesalni cilindri\u010dni ventil za blato bagra je klju\u010dna komponenta za optimizacijo u\u010dinkovitosti in produktivnosti poglabljanja. S svojo robustno konstrukcijo, natan\u010dnim krmiljenjem in varnim zapiranjem ta hidravli\u010dni cilinder zagotavlja nemoten dovod in odvod usedlin, kar izbolj\u0161a splo\u0161no u\u010dinkovitost poglabljanja. Z upo\u0161tevanjem pravilnih metod uporabe in rednega vzdr\u017eevanja lahko strokovnjaki za poglabljanje maksimizirajo zmogljivost in \u017eivljenjsko dobo tega izjemnega izdelka. Izkoristite mo\u010d vle\u010dnega sesalnega cilindri\u010dnega ventila za blato bagra in izkusite razliko, ki jo lahko naredi pri va\u0161ih poglabljanjih.<\/p>\n<p>Klju\u010dne zna\u010dilnosti cilindra blatnih vrat vle\u010dnega sesalnega bagra:<\/p>\n<ol>\n<li>Robustna konstrukcija:<\/li>\n<\/ol>\n<ul>\n<li>Cilinder blatnih vrat je izdelan iz visokokakovostnih materialov, kar zagotavlja vzdr\u017eljivost in dolgo \u017eivljenjsko dobo tudi v zahtevnih pogojih poglabljanja.<br \/>\nZasnovan je tako, da prenese visoke tlake, zahtevna okolja in nenehno uporabo ter ohranja dosledno delovanje med poglabljanjem dna.<\/li>\n<\/ul>\n<ol start=\"2\">\n<li>Gladko delovanje:<\/li>\n<\/ol>\n<ul>\n<li>This cylinder offers smooth and precise operation, allowing for efficient control and adjustment of the mud door&#8217;s opening and closing mechanisms.<\/li>\n<li>Zagotavlja zanesljivo in natan\u010dno pozicioniranje blatnih vrat, kar omogo\u010da optimalno delovanje poglabljanja.<\/li>\n<\/ul>\n<ol start=\"3\">\n<li>Mo\u010dno aktiviranje:<\/li>\n<\/ol>\n<ul>\n<li>Cilinder blatnih vrat zagotavlja mo\u010dne pogonske zmogljivosti, ki omogo\u010dajo enostavno odpiranje in zapiranje blatnih vrat.<\/li>\n<li>Zagotavlja potrebno silo za ravnanje z velikimi koli\u010dinami izkopanega materiala, kar zagotavlja u\u010dinkovito zadr\u017eevanje in izpust med poglabljanjem.<\/li>\n<\/ul>\n<ol start=\"4\">\n<li>Prilagodljivi parametri:<\/li>\n<\/ol>\n<ul>\n<li>Ta valj omogo\u010da prilagodljivo nastavitev razli\u010dnih parametrov, kot so hitrost odpiranja in zapiranja, dol\u017eina hoda in delovni tlak.<\/li>\n<li>Operators can tailor the cylinder&#8217;s settings to match the specific dredging requirements, optimizing the efficiency and effectiveness of the overall operation.<\/li>\n<\/ul>\n<h2><strong>Parameter cilindra blatnih vrat vle\u010dnega sesalnega bagra:<\/strong><\/h2>\n<table border=\"1\" cellspacing=\"0\" cellpadding=\"0\">\n<tbody>\n<tr>\n<td>Ime izdelka<\/td>\n<td>Vle\u010dni sesalni bager z blatnimi vrati<\/td>\n<\/tr>\n<tr>\n<td>Zna\u010dilnosti:<\/td>\n<td>Vle\u010dna sila za odpiranje in zapiranje blatnih vrat, po potrebi pa je lahko opremljena s senzorjem premika<\/td>\n<\/tr>\n<tr>\n<td>Premer izvrtine:<\/td>\n<td>400 mm<\/td>\n<\/tr>\n<tr>\n<td>Premer palice:<\/td>\n<td>200 mm<br \/>\nHod: 1400 mm<\/td>\n<\/tr>\n<tr>\n<td>Tlak:<\/td>\n<td>do 32 MPa<\/td>\n<\/tr>\n<tr>\n<td>Vle\u010dna sila:<\/td>\n<td>Najve\u010d 2355 kN<\/td>\n<\/tr>\n<tr>\n<td>Uporaba:<\/td>\n<td>Vle\u010dni sesalni bager<\/td>\n<\/tr>\n<\/tbody>\n<\/table>\n<div><\/div>\n<div>\n<div class=\"txtboxL\">\n<div class=\"txtboxL\">\n<div class=\"txtboxL\">Zna\u010dilnosti:<\/div>\n<div class=\"txtboxR\">Vle\u010dna sila za odpiranje in zapiranje blatnih vrat, po potrebi pa je lahko opremljena s senzorjem premika<\/div>\n<div class=\"txtboxL\">Specifikacija:<\/div>\n<div class=\"txtboxR\">Premer izvrtine: 400 mm<br \/>\nPremer palice: 200 mm<br \/>\nHod: 1400 mm<\/div>\n<div class=\"txtboxL\">Tlak:<\/div>\n<div class=\"txtboxR\">do 32 MPa<\/div>\n<div class=\"txtboxL\">Vle\u010dna sila:<\/div>\n<div class=\"txtboxR\">Najve\u010d 2355 kN<\/div>\n<\/div>\n<\/div>\n<\/div>\n<h2><strong>Uporaba sesalnih cilindrov za rezanje in sesanje plavajo\u010dega bagra:<\/strong><\/h2>\n<p><img loading=\"lazy\" decoding=\"async\" class=\"alignnone wp-image-1757 size-full\" src=\"https:\/\/hydraulic-cylinders.net\/wp-content\/uploads\/2023\/10\/dredger-tank-cylinder-1.webp\" alt=\"\" width=\"600\" height=\"400\" srcset=\"https:\/\/hydraulic-cylinders.net\/wp-content\/uploads\/2023\/10\/dredger-tank-cylinder-1.webp 600w, https:\/\/hydraulic-cylinders.net\/wp-content\/uploads\/2023\/10\/dredger-tank-cylinder-1-480x320.webp 480w\" sizes=\"(min-width: 0px) and (max-width: 480px) 480px, (min-width: 481px) 600px, 100vw\" \/><\/p>\n<h2><strong>Metoda uporabe cilindra blatnih vrat vle\u010dnega sesalnega bagra<\/strong><strong>:<\/strong><\/h2>\n<ol>\n<li><strong>Namestitev:<\/strong><\/li>\n<\/ol>\n<ul>\n<li>Follow the manufacturer&#8217;s guidelines to securely install the mud door cylinder onto the trailing suction dredger.<\/li>\n<li>Zagotovite pravilno poravnavo in pritrditev na blatna vrata in pripadajo\u010de komponente, kar omogo\u010da nemoteno in zanesljivo delovanje.<\/li>\n<\/ul>\n<ol start=\"2\">\n<li><strong>Nadzor in prilagajanje:<\/strong><\/li>\n<\/ol>\n<ul>\n<li>Utilize the dredger&#8217;s control system to operate and adjust the mud door cylinder.<\/li>\n<li>Z namenskimi krmilnimi elementi nadzorujte odpiranje in zapiranje vrat za blato, kar omogo\u010da natan\u010den nadzor nad izpustom izkopanega materiala.<\/li>\n<\/ul>\n<ol start=\"3\">\n<li><strong>Poglabljanje:<\/strong><\/li>\n<\/ol>\n<ul>\n<li>Med poglabljanjem dna aktivirajte valj blatnih vrat, da jih po potrebi odprete ali zaprete.<\/li>\n<li>Adjust the cylinder&#8217;s parameters, such as speed and stroke length, to optimize the dredging process and ensure efficient material containment and discharge.<\/li>\n<\/ul>\n<h2><strong>Kako nadzorovati hitrost hidravli\u010dnega cilindra?<\/strong><\/h2>\n<p>A hydraulic cylinder is a mechanical actuator that converts hydraulic pressure into linear force and motion. It consists of a cylindrical barrel, a piston, a piston rod, seals, and ports for hydraulic fluid. Here&#8217;s a breakdown of how a hydraulic cylinder works:<\/p>\n<ol>\n<li><strong>Dovod hidravli\u010dne teko\u010dine:<\/strong> Hidravli\u010dni valj je priklju\u010den na hidravli\u010dno enoto ali \u010drpalko, ki dovaja hidravli\u010dno teko\u010dino pod tlakom. Teko\u010dina je obi\u010dajno hidravli\u010dna teko\u010dina na osnovi olja.<\/li>\n<li><strong>Struktura valja:<\/strong> Cilinder ima votlo valjasto ohi\u0161je z batom, name\u0161\u010denim v notranjosti. Bat deli valj na dve komori: komoro na koncu batnice in komoro na koncu pokrova.<\/li>\n<li><strong>Uporaba tlaka:<\/strong> Hidravli\u010dna teko\u010dina se usmeri v eno od komor valja, bodisi v komoro na koncu batnice bodisi v komoro na koncu pokrova, odvisno od \u017eelene smeri gibanja.<\/li>\n<li><strong>Razlika v tlaku:<\/strong> Hidravli\u010dna teko\u010dina pod tlakom deluje na povr\u0161ino bata in ustvarja silo, ki bat poganja v dolo\u010deno smer. Razlika v tlaku med obema komorama povzro\u010di premikanje bata.<\/li>\n<li><strong>Linearno gibanje:<\/strong> Ko hidravli\u010dna teko\u010dina pritiska na bat, se batnica, pritrjena na bat, linearno iztegne ali umakne, odvisno od smeri pretoka teko\u010dine. To linearno gibanje prena\u0161a silo na obremenitev ali mehanizem, ki je povezan z batnico.<\/li>\n<li><strong>Mehanizem tesnjenja:<\/strong> Hidravli\u010dni valj je opremljen s tesnili, kot so tesnila bata in tesnila palice, ki prepre\u010dujejo pu\u0161\u010danje hidravli\u010dne teko\u010dine. Ta tesnila vzdr\u017eujejo tlak v valju in zagotavljajo nemoteno delovanje s prepre\u010devanjem uhajanja teko\u010dine.<\/li>\n<li><strong>Regulacijski ventili:<\/strong> Control valves are used to control the direction and flow of hydraulic fluid. These valves direct the flow of hydraulic fluid into the cylinder&#8217;s appropriate chamber, enabling the piston&#8217;s extension or retraction.<\/li>\n<li><strong>Zmanj\u0161anje pritiska:<\/strong> Za nadzor hitrosti in sile hidravli\u010dnega cilindra so lahko v hidravli\u010dni sistem vgrajeni varnostni ventili ali ventili za regulacijo pretoka. Ti ventili uravnavajo tlak in pretok hidravli\u010dne teko\u010dine, prepre\u010dujejo prekomerno kopi\u010denje tlaka in zagotavljajo varno delovanje.<\/li>\n<li><strong>Uporaba obremenitve:<\/strong> Batnica hidravli\u010dnega cilindra je povezana z bremenom ali mehanizmom, ki zahteva silo ali gibanje. Ko se bat iztegne ali umakne, se ustvarjena sila prenese skozi batnico na breme, kar mu omogo\u010da premikanje ali izvajanje sile.<\/li>\n<\/ol>\n<h2><strong>Zmogljivost in zmogljivost tovarne:<\/strong><\/h2>\n<h3>(1) Sestavljanje<\/h3>\n<p>Imamo prvovrstno neodvisno platformo za raziskave in razvoj. Delavnica za proizvodnjo hidravli\u010dnih cilindrov ima \u0161tiri polavtomatske monta\u017ene linije za dvi\u017ene cilindre in eno avtomatsko monta\u017eno linijo za nagibne cilindre z letno proizvodno zmogljivostjo 1 milijona kosov. Delavnica za posebne cilindre je opremljena z razli\u010dnimi specifikacijami polavtomatskega sistema za \u010di\u0161\u010denje in monta\u017eo z letno proizvodno zmogljivostjo 200.000 kosov ter znano CNC obdelovalno opremo, obdelovalnim centrom, visoko precizno posebno opremo za obdelavo cilindrov, robotskim varilnim strojem, avtomatskim \u010distilnim strojem, avtomatskim strojem za monta\u017eo cilindrov in avtomatsko proizvodno linijo za barvanje. Obstoje\u010da kriti\u010dna oprema obsega ve\u010d kot 300 kompletov (kompletov). Optimalna razporeditev in u\u010dinkovita uporaba opremnih virov zagotavljata zahteve glede natan\u010dnosti izdelkov in izpolnjujeta visoke zahteve glede kakovosti izdelkov.<\/p>\n<p><img loading=\"lazy\" decoding=\"async\" class=\"alignnone wp-image-626\" src=\"https:\/\/hydraulic-cylinders.net\/wp-content\/uploads\/2023\/08\/hydraulic-cylinder-product-1-300x158.webp\" alt=\"\" width=\"495\" height=\"260\" srcset=\"https:\/\/hydraulic-cylinders.net\/wp-content\/uploads\/2023\/08\/hydraulic-cylinder-product-1-300x158.webp 495w, https:\/\/hydraulic-cylinders.net\/wp-content\/uploads\/2023\/08\/hydraulic-cylinder-product-1-480x252.webp 480w\" sizes=\"(min-width: 0px) and (max-width: 480px) 480px, (min-width: 481px) 495px, 100vw\" \/> <img loading=\"lazy\" decoding=\"async\" class=\"alignnone wp-image-627\" src=\"https:\/\/hydraulic-cylinders.net\/wp-content\/uploads\/2023\/08\/hydraulic-cylinder-product-2-300x189.webp\" alt=\"\" width=\"413\" height=\"260\" \/><\/p>\n<h3>(2) Strojna obdelava<\/h3>\n<p>Strojna delavnica je opremljena s prilagojenim centrom za stru\u017eenje nagnjenih tirnic, obdelovalnim centrom, visokohitrostnim strojem za honanje, varilnim robotom in drugo sorodno opremo, ki lahko obdeluje cilindri\u010dne cevi z najve\u010djim notranjim premerom 400 mm in najve\u010djo dol\u017eino 6 metrov.<\/p>\n<p><img loading=\"lazy\" decoding=\"async\" class=\"alignnone wp-image-628 size-large\" src=\"https:\/\/hydraulic-cylinders.net\/wp-content\/uploads\/2023\/08\/hydraulic-cylinder-product-3-1024x391.webp\" alt=\"\" width=\"1024\" height=\"391\" srcset=\"https:\/\/hydraulic-cylinders.net\/wp-content\/uploads\/2023\/08\/hydraulic-cylinder-product-3-980x374.webp 980w, https:\/\/hydraulic-cylinders.net\/wp-content\/uploads\/2023\/08\/hydraulic-cylinder-product-3-480x183.webp 480w\" sizes=\"(min-width: 0px) and (max-width: 480px) 480px, (min-width: 481px) and (max-width: 980px) 980px, (min-width: 981px) 1024px, 100vw\" \/><\/p>\n<h3>(3) Varjenje<\/h3>\n<p><img loading=\"lazy\" decoding=\"async\" class=\"alignnone wp-image-629 size-large\" src=\"https:\/\/hydraulic-cylinders.net\/wp-content\/uploads\/2023\/08\/hydraulic-cylinder-product-4-1024x510.webp\" alt=\"\" width=\"1024\" height=\"510\" srcset=\"https:\/\/hydraulic-cylinders.net\/wp-content\/uploads\/2023\/08\/hydraulic-cylinder-product-4-980x488.webp 980w, https:\/\/hydraulic-cylinders.net\/wp-content\/uploads\/2023\/08\/hydraulic-cylinder-product-4-480x239.webp 480w\" sizes=\"(min-width: 0px) and (max-width: 480px) 480px, (min-width: 481px) and (max-width: 980px) 980px, (min-width: 981px) 1024px, 100vw\" \/><\/p>\n<h3>(4) Barvanje in premazovanje<\/h3>\n<p>Z majhnimi in srednje velikimi cilindri\u010dnimi avtomatskimi linijami za barvanje na vodni osnovi, za doseganje avtomatskega nakladanja in razkladanja robotov ter avtomatskega brizganja, je projektna zmogljivost 4000 kosov na izmeno;<br \/>\nImamo tudi polavtomatsko linijo za proizvodnjo barv za velike jeklenke, ki jo poganja veriga, s projektno zmogljivostjo 60 zabojev na izmeno.<\/p>\n<p><img loading=\"lazy\" decoding=\"async\" class=\"alignnone wp-image-630\" src=\"https:\/\/hydraulic-cylinders.net\/wp-content\/uploads\/2023\/08\/hydraulic-cylinder-product-5-300x213.webp\" alt=\"\" width=\"366\" height=\"260\" \/> <img loading=\"lazy\" decoding=\"async\" class=\"alignnone wp-image-631\" src=\"https:\/\/hydraulic-cylinders.net\/wp-content\/uploads\/2023\/08\/hydraulic-cylinder-product-6-300x225.webp\" alt=\"\" width=\"347\" height=\"260\" \/><\/p>\n<h3>(5) Testiranje<\/h3>\n<p>Imamo prvovrstne in\u0161pekcijske prostore in testne postaje, s katerimi zagotavljamo, da delovanje jeklenke izpolnjuje zahteve.<\/p>\n<p><img loading=\"lazy\" decoding=\"async\" class=\"alignnone wp-image-632\" src=\"https:\/\/hydraulic-cylinders.net\/wp-content\/uploads\/2023\/08\/hydraulic-cylinder-product-8-300x200.webp\" alt=\"\" width=\"389\" height=\"260\" \/><\/p>\n<p>&nbsp;<\/p>\n<p>&nbsp;<\/p>\n<p>Smo eden najbolj\u0161ih proizvajalcev hidravli\u010dnih cilindrov. Ponujamo vam celovite hidravli\u010dne cilindre. Zagotavljamo tudi ustrezne <a href=\"https:\/\/hzpt.com\/agricultural-pto-gearbox\/\" target=\"_blank\" rel=\"noopener\">kmetijski menjalniki<\/a>Na\u0161e izdelke smo izvozili strankam po vsem svetu in si prislu\u017eili dober ugled zaradi vrhunske kakovosti izdelkov in poprodajnih storitev. Z veseljem vas vabimo, da nas kontaktirate za poslovne dogovore, izmenjavo informacij in ... <a href=\"https:\/\/www.hydraulic-cylinders.net\/sl\/contact-us\/\">sodelujte z nami<\/a>!<\/p>","protected":false},"excerpt":{"rendered":"<p>Trailing Suction Dredger Mud Door Cylinder The trailing suction dredger mud door cylinder is a vital hydraulic component designed to improve the efficiency and effectiveness of dredging operations. This cylinder plays a crucial role in controlling the opening and closing of the mud doors, ensuring seamless sediment intake and discharge. The trailing suction dredger mud [&hellip;]<\/p>","protected":false},"featured_media":1773,"comment_status":"open","ping_status":"closed","template":"","meta":{"_et_pb_use_builder":"","_et_pb_old_content":"","_et_gb_content_width":""},"product_brand":[],"product_cat":[1550,1535,1552,1376],"product_tag":[1380],"class_list":{"0":"post-1772","1":"product","2":"type-product","3":"status-publish","4":"has-post-thumbnail","6":"product_cat-double-acting-hydraulic-cylinder","7":"product_cat-dredger-hydraulic-cylinders","8":"product_cat-stainless-steel-hydraulic-cylinder","9":"product_cat-hydraulic-cylinder","10":"product_tag-hydraulic-cylinder","12":"first","13":"instock","14":"shipping-taxable","15":"product-type-simple"},"amp_enabled":true,"_links":{"self":[{"href":"https:\/\/www.hydraulic-cylinders.net\/sl\/wp-json\/wp\/v2\/product\/1772","targetHints":{"allow":["GET"]}}],"collection":[{"href":"https:\/\/www.hydraulic-cylinders.net\/sl\/wp-json\/wp\/v2\/product"}],"about":[{"href":"https:\/\/www.hydraulic-cylinders.net\/sl\/wp-json\/wp\/v2\/types\/product"}],"replies":[{"embeddable":true,"href":"https:\/\/www.hydraulic-cylinders.net\/sl\/wp-json\/wp\/v2\/comments?post=1772"}],"wp:featuredmedia":[{"embeddable":true,"href":"https:\/\/www.hydraulic-cylinders.net\/sl\/wp-json\/wp\/v2\/media\/1773"}],"wp:attachment":[{"href":"https:\/\/www.hydraulic-cylinders.net\/sl\/wp-json\/wp\/v2\/media?parent=1772"}],"wp:term":[{"taxonomy":"product_brand","embeddable":true,"href":"https:\/\/www.hydraulic-cylinders.net\/sl\/wp-json\/wp\/v2\/product_brand?post=1772"},{"taxonomy":"product_cat","embeddable":true,"href":"https:\/\/www.hydraulic-cylinders.net\/sl\/wp-json\/wp\/v2\/product_cat?post=1772"},{"taxonomy":"product_tag","embeddable":true,"href":"https:\/\/www.hydraulic-cylinders.net\/sl\/wp-json\/wp\/v2\/product_tag?post=1772"}],"curies":[{"name":"delovni list","href":"https:\/\/api.w.org\/{rel}","templated":true}]}}