{"id":1775,"date":"2023-10-13T06:57:31","date_gmt":"2023-10-13T06:57:31","guid":{"rendered":"https:\/\/hydraulic-cylinders.net\/?post_type=product&#038;p=1775"},"modified":"2025-04-15T05:54:54","modified_gmt":"2025-04-15T05:54:54","slug":"trailing-suction-dredger-overflow-cylinder","status":"publish","type":"product","link":"https:\/\/www.hydraulic-cylinders.net\/sl\/izdelek\/trailing-suction-dredger-overflow-cylinder\/","title":{"rendered":"Prelivni valj vle\u010dnega sesalnega bagra"},"content":{"rendered":"<h1 style=\"text-align: center;\"><strong>Prelivni valj vle\u010dnega sesalnega bagra<\/strong><\/h1>\n<h1 style=\"text-align: center;\"><img loading=\"lazy\" decoding=\"async\" class=\"alignnone wp-image-1776\" src=\"https:\/\/hydraulic-cylinders.net\/wp-content\/uploads\/2023\/10\/trailing-suction-dredger-overflow-cylinder-1-300x300.webp\" alt=\"\" width=\"400\" height=\"400\" \/><\/h1>\n<p>Prelivni valj vle\u010dnega sesalnega bagra je klju\u010dna komponenta sodobne opreme za poglabljanje. Ta valj, zasnovan za optimizacijo delovanja vle\u010dnih sesalnih bagrov, igra klju\u010dno vlogo pri upravljanju prelivnega sistema.<\/p>\n<p>Prelivni valj vle\u010dnega sesalnega bagra je bistvena komponenta za doseganje u\u010dinkovitih in uspe\u0161nih operacij poglabljanja. Z robustno konstrukcijo, natan\u010dnim krmiljenjem, zanesljivim aktiviranjem in prilagodljivimi nastavitvami ta valj izbolj\u0161a splo\u0161no zmogljivost vle\u010dnih sesalnih bagrov. Z upo\u0161tevanjem priporo\u010denih metod uporabe in vzdr\u017eevalnih praks lahko upravljavci pove\u010dajo zmogljivost in dolgo \u017eivljenjsko dobo prelivnega valja, kar na koncu izbolj\u0161a u\u010dinkovitost in uspe\u0161nost dejavnosti poglabljanja.<\/p>\n<p>Klju\u010dne zna\u010dilnosti prelivnega cilindra vle\u010dnega sesalnega bagra:<\/p>\n<ol>\n<li>Robustna konstrukcija:<\/li>\n<\/ol>\n<ul>\n<li>Prelivni valj je izdelan iz visokokakovostnih materialov, kar zagotavlja vzdr\u017eljivost in dolgo \u017eivljenjsko dobo tudi v zahtevnih okoljih poglabljanja.<\/li>\n<li>Njegova robustna konstrukcija omogo\u010da, da prenese visoke pritiske, te\u017eke pogoje in nenehno uporabo ter ohranja dosledno delovanje med poglabljanjem.<\/li>\n<\/ul>\n<ol start=\"2\">\n<li>Natan\u010den nadzor:<\/li>\n<\/ol>\n<ul>\n<li>Ta valj ponuja natan\u010den nadzor nad prelivnim sistemom, kar omogo\u010da natan\u010dno upravljanje izkopanega materiala.<\/li>\n<li>Zagotavlja optimalen nadzor in regulacijo procesa prelivanja, kar omogo\u010da u\u010dinkovito lo\u010devanje in odvajanje usedlin.<\/li>\n<\/ul>\n<ol start=\"3\">\n<li>Zanesljivo aktiviranje:<\/li>\n<\/ol>\n<ul>\n<li>Prelivni valj zagotavlja zanesljive zmogljivosti aktiviranja, kar zagotavlja nemoteno in dosledno delovanje prelivnega sistema.<\/li>\n<li>Zagotavlja potrebno silo za nadzor gibanja prelivne zapornice, kar zagotavlja u\u010dinkovito upravljanje pretoka izkopanega materiala.<\/li>\n<\/ul>\n<ol start=\"4\">\n<li>Prilagodljive nastavitve:<\/li>\n<\/ol>\n<ul>\n<li>Ta valj omogo\u010da prilagodljivo nastavitev razli\u010dnih parametrov, kot so hitrost odpiranja in zapiranja, dol\u017eina hoda in tlak aktiviranja.<\/li>\n<li>Operaterji lahko te nastavitve prilagodijo specifi\u010dnim zahtevam poglabljanja, s \u010dimer optimizirajo u\u010dinkovitost in uspe\u0161nost prelivnega sistema.<\/li>\n<\/ul>\n<h2><strong>Parameter prelivnega cilindra vle\u010dnega sesalnega bagra:<\/strong><\/h2>\n<table border=\"1\" cellspacing=\"0\" cellpadding=\"0\">\n<tbody>\n<tr>\n<td>Ime izdelka<\/td>\n<td>Prelivni valj vle\u010dnega sesalnega bagra<\/td>\n<\/tr>\n<tr>\n<td>Zna\u010dilnosti:<\/td>\n<td>Zagotovite vle\u010dno silo za dvigovanje razbremenilne cevi<\/td>\n<\/tr>\n<tr>\n<td>Premer izvrtine:<\/td>\n<td>Do 280 mm<\/td>\n<\/tr>\n<tr>\n<td>Premer palice:<\/td>\n<td>Do 180 mm<br \/>\nHod do 6000 mm<\/td>\n<\/tr>\n<tr>\n<td>Tlak:<\/td>\n<td>do 32 MPa<\/td>\n<\/tr>\n<tr>\n<td>Vle\u010dna sila:<\/td>\n<td>Najve\u010d 900 kN<\/td>\n<\/tr>\n<tr>\n<td>Uporaba:<\/td>\n<td>Vle\u010dni sesalni bager<\/td>\n<\/tr>\n<\/tbody>\n<\/table>\n<div><\/div>\n<div>\n<div class=\"txtboxL\">\n<div class=\"txtboxL\">\n<div class=\"txtboxL\">\n<div class=\"txtboxL\">Zna\u010dilnosti:<\/div>\n<div class=\"txtboxR\">Zagotovite vle\u010dno silo za dvigovanje razbremenilne cevi<\/div>\n<div class=\"txtboxL\">Specifikacija:<\/div>\n<div class=\"txtboxR\">Premer izvrtine: do 280 mm<br \/>\nPremer palice: do 180 mm<br \/>\nHod do 6000 mm<\/div>\n<div class=\"txtboxL\">Tlak:<\/div>\n<div class=\"txtboxR\">do 32 MPa<\/div>\n<div class=\"txtboxL\">Vle\u010dna sila:<\/div>\n<div class=\"txtboxR\">Najve\u010d 900 kN<\/div>\n<\/div>\n<\/div>\n<\/div>\n<\/div>\n<h2><strong>Uporaba sesalnih cilindrov za rezanje in sesanje plavajo\u010dega bagra:<\/strong><\/h2>\n<p><img loading=\"lazy\" decoding=\"async\" class=\"alignnone wp-image-1757 size-full\" src=\"https:\/\/hydraulic-cylinders.net\/wp-content\/uploads\/2023\/10\/dredger-tank-cylinder-1.webp\" alt=\"\" width=\"600\" height=\"400\" srcset=\"https:\/\/hydraulic-cylinders.net\/wp-content\/uploads\/2023\/10\/dredger-tank-cylinder-1.webp 600w, https:\/\/hydraulic-cylinders.net\/wp-content\/uploads\/2023\/10\/dredger-tank-cylinder-1-480x320.webp 480w\" sizes=\"(min-width: 0px) and (max-width: 480px) 480px, (min-width: 481px) 600px, 100vw\" \/><\/p>\n<h2><strong>Metoda uporabe prelivnega cilindra vle\u010dnega sesalnega bagra<\/strong><strong>:<\/strong><\/h2>\n<ol>\n<li><strong>Namestitev:<\/strong><\/li>\n<\/ol>\n<ul>\n<li>Za varno namestitev prelivnega cilindra na vle\u010dni sesalni bager upo\u0161tevajte navodila proizvajalca.<\/li>\n<li>Zagotovite pravilno poravnavo in pritrditev cilindra na prelivno odprtino in pripadajo\u010de komponente, da zagotovite nemoteno in zanesljivo delovanje.<\/li>\n<\/ul>\n<ol start=\"2\">\n<li><strong>Upravljanje preliva sistema:<\/strong><\/li>\n<\/ol>\n<ul>\n<li>Za upravljanje in upravljanje prelivnega cilindra uporabite krmilni sistem bagra.<\/li>\n<li>Z namenskimi krmilnimi elementi nadzorujte odpiranje in zapiranje prelivnih vrat, kar omogo\u010da natan\u010den nadzor nad pretokom in izpustom izkopanega materiala.<\/li>\n<\/ul>\n<ol start=\"3\">\n<li><strong>Poglabljanje:<\/strong><\/li>\n<\/ol>\n<ul>\n<li>Aktivirajte prelivni valj, da prilagodite polo\u017eaj prelivne zapornice, kot je potrebno med poglabljanjem dna.<\/li>\n<li>Prilagodite nastavitve valja, kot sta hitrost in dol\u017eina hoda, da optimizirate postopek prelivanja in zagotovite u\u010dinkovito lo\u010devanje in izpust usedlin.<\/li>\n<\/ul>\n<h2><strong>Kako razstaviti hidravli\u010dni cilinder?<\/strong><\/h2>\n<p>Razstavljanje hidravli\u010dnega cilindra zahteva skrbno pozornost in upo\u0161tevanje ustreznih postopkov, da se zagotovi varno in u\u010dinkovito razstavljanje. Tukaj je navodilo po korakih za razstavljanje hidravli\u010dnega cilindra:<\/p>\n<ol>\n<li><strong>Zberite potrebno orodje in opremo:<\/strong>\n<ul>\n<li>Klju\u010di ali komplet nastavkov<\/li>\n<li>Vzvod ali izvija\u010d<\/li>\n<li>Gumijasto kladivo ali kladivo z mrtvim udarcem<\/li>\n<li>\u010ciste krpe ali delovne brisa\u010de<\/li>\n<li>Posoda ali posoda za lovljenje hidravli\u010dne teko\u010dine<\/li>\n<li>Za\u0161\u010ditne rokavice in za\u0161\u010ditna o\u010dala<\/li>\n<\/ul>\n<\/li>\n<li><strong>Pripravite delovno obmo\u010dje:<\/strong>\n<ul>\n<li>Poskrbite, da imate \u010disto in organizirano delovno obmo\u010dje z dovolj prostora za razstavljanje razstavljenih komponent.<\/li>\n<li>Za lovljenje razlite hidravli\u010dne teko\u010dine polo\u017eite vpojno podlogo ali material, ki vpija olje.<\/li>\n<\/ul>\n<\/li>\n<li><strong>Sprostite hidravli\u010dni tlak:<\/strong>\n<ul>\n<li>Preden za\u010dnete z razstavljanjem, sprostite hidravli\u010dni tlak iz cilindra. To lahko storite tako, da aktivirate krmilni ventil hidravli\u010dnega sistema, da popolnoma umaknete valj.<\/li>\n<\/ul>\n<\/li>\n<li><strong>Odstranite priklju\u010dke in spoje:<\/strong>\n<ul>\n<li>Z uporabo klju\u010dev ali kompleta nasadnih klju\u010dev previdno zrahljajte in odstranite vse priklju\u010dke, konektorje ali hidravli\u010dne cevi, pritrjene na valj.<\/li>\n<li>Za ponovno sestavljanje spremljajte priklju\u010dke in njihove ustrezne lokacije.<\/li>\n<\/ul>\n<\/li>\n<li><strong>Zavarujte valj:<\/strong>\n<ul>\n<li>Zagotovite, da je jeklenka pravilno podprta z ustrezno delovno mizo ali prime\u017eem, da prepre\u010dite njen padec ali kotaljenje med razstavljanjem.<\/li>\n<\/ul>\n<\/li>\n<li><strong>Odstranite tesnilo ali kon\u010dni pokrov\u010dek:<\/strong>\n<ul>\n<li>\u017dleza ali kon\u010dni pokrov\u010dek se obi\u010dajno nahaja na koncu palice valja.<\/li>\n<li>Za odvijanje in odstranitev pritrdilnih vijakov ali matic uporabite klju\u010d ali nasadni klju\u010d.<\/li>\n<li>\u010ce je tesnilo ali kon\u010dni pokrov\u010dek zataknjen, ga lahko rahlo udarite z gumijastim kladivom ali udarnim kladivom, da ga zrahljate.<\/li>\n<li>Ko je tesnilo ali kon\u010dni pokrov\u010dek zrahljan, previdno odstranite tesnilno maso in pustite, da se morebitna hidravli\u010dna teko\u010dina odte\u010de v lovilec.<\/li>\n<\/ul>\n<\/li>\n<li><strong>Izvlecite sklop bata in palice:<\/strong>\n<ul>\n<li>Ko odstranite tesnilo ali kon\u010dni pokrov\u010dek, lahko zdaj dostopate do sklopa bata in palice.<\/li>\n<li>Ne\u017eno izvlecite sklop bata in palice iz valja, pri \u010demer pazite, da ga trdno dr\u017eite, da prepre\u010dite padec ali po\u0161kodbo.<\/li>\n<li>\u010ce se sklop zatakne, lahko s pomo\u010djo vzvoda ali izvija\u010da previdno uporabite vzvod in si pomagate pri odstranitvi.<\/li>\n<\/ul>\n<\/li>\n<li><strong>Preverite in o\u010distite komponente:<\/strong>\n<ul>\n<li>Po razstavitvi preverite vse komponente glede znakov obrabe, po\u0161kodb ali onesna\u017eenja.<\/li>\n<li>Komponente temeljito o\u010distite s \u010distimi krpami ali brisa\u010dami za delavnico in odstranite morebitno umazanijo, ostanke ali hidravli\u010dno teko\u010dino.<\/li>\n<li>Bodite pozorni na bat, palico, valj valja in tesnila.<\/li>\n<\/ul>\n<\/li>\n<li><strong>Zamenjava ali popravilo komponent:<\/strong>\n<ul>\n<li>\u010ce so kateri koli sestavni deli obrabljeni ali po\u0161kodovani, jih je priporo\u010dljivo zamenjati z novimi.<\/li>\n<li>Preverite tesnila glede morebitnih znakov obrabe in jih po potrebi zamenjajte.<\/li>\n<li>\u010ce niste prepri\u010dani glede zamenjave ali popravila komponent, se posvetujte s proizvajal\u010devimi navodili ali poi\u0161\u010dite strokovni nasvet.<\/li>\n<\/ul>\n<\/li>\n<li><strong>Ponovna monta\u017ea:<\/strong>\n<ul>\n<li>Za ponovno sestavljanje hidravli\u010dnega cilindra upo\u0161tevajte navodila proizvajalca.<\/li>\n<li>Med ponovno monta\u017eo nanesite ustrezno hidravli\u010dno teko\u010dino ali mazivo na tesnila in komponente.<\/li>\n<li>Prepri\u010dajte se, da so vsi priklju\u010dki in spoji priviti z navedenimi vrednostmi navora.<\/li>\n<li>Preden dokon\u010date ponovno sestavljanje, dvakrat preverite pravilno poravnavo in orientacijo komponent.<\/li>\n<\/ul>\n<\/li>\n<\/ol>\n<h2><strong>Zmogljivost in zmogljivost tovarne:<\/strong><\/h2>\n<h3>(1) Sestavljanje<\/h3>\n<p>Imamo prvovrstno neodvisno platformo za raziskave in razvoj. Delavnica za proizvodnjo hidravli\u010dnih cilindrov ima \u0161tiri polavtomatske monta\u017ene linije za dvi\u017ene cilindre in eno avtomatsko monta\u017eno linijo za nagibne cilindre z letno proizvodno zmogljivostjo 1 milijona kosov. Delavnica za posebne cilindre je opremljena z razli\u010dnimi specifikacijami polavtomatskega sistema za \u010di\u0161\u010denje in monta\u017eo z letno proizvodno zmogljivostjo 200.000 kosov ter znano CNC obdelovalno opremo, obdelovalnim centrom, visoko precizno posebno opremo za obdelavo cilindrov, robotskim varilnim strojem, avtomatskim \u010distilnim strojem, avtomatskim strojem za monta\u017eo cilindrov in avtomatsko proizvodno linijo za barvanje. Obstoje\u010da kriti\u010dna oprema obsega ve\u010d kot 300 kompletov (kompletov). Optimalna razporeditev in u\u010dinkovita uporaba opremnih virov zagotavljata zahteve glede natan\u010dnosti izdelkov in izpolnjujeta visoke zahteve glede kakovosti izdelkov.<\/p>\n<p><img loading=\"lazy\" decoding=\"async\" class=\"alignnone wp-image-626\" src=\"https:\/\/hydraulic-cylinders.net\/wp-content\/uploads\/2023\/08\/hydraulic-cylinder-product-1-300x158.webp\" alt=\"\" width=\"495\" height=\"260\" srcset=\"https:\/\/hydraulic-cylinders.net\/wp-content\/uploads\/2023\/08\/hydraulic-cylinder-product-1-300x158.webp 495w, https:\/\/hydraulic-cylinders.net\/wp-content\/uploads\/2023\/08\/hydraulic-cylinder-product-1-480x252.webp 480w\" sizes=\"(min-width: 0px) and (max-width: 480px) 480px, (min-width: 481px) 495px, 100vw\" \/> <img loading=\"lazy\" decoding=\"async\" class=\"alignnone wp-image-627\" src=\"https:\/\/hydraulic-cylinders.net\/wp-content\/uploads\/2023\/08\/hydraulic-cylinder-product-2-300x189.webp\" alt=\"\" width=\"413\" height=\"260\" \/><\/p>\n<h3>(2) Strojna obdelava<\/h3>\n<p>Strojna delavnica je opremljena s prilagojenim centrom za stru\u017eenje nagnjenih tirnic, obdelovalnim centrom, visokohitrostnim strojem za honanje, varilnim robotom in drugo sorodno opremo, ki lahko obdeluje cilindri\u010dne cevi z najve\u010djim notranjim premerom 400 mm in najve\u010djo dol\u017eino 6 metrov.<\/p>\n<p><img loading=\"lazy\" decoding=\"async\" class=\"alignnone wp-image-628 size-large\" src=\"https:\/\/hydraulic-cylinders.net\/wp-content\/uploads\/2023\/08\/hydraulic-cylinder-product-3-1024x391.webp\" alt=\"\" width=\"1024\" height=\"391\" srcset=\"https:\/\/hydraulic-cylinders.net\/wp-content\/uploads\/2023\/08\/hydraulic-cylinder-product-3-980x374.webp 980w, https:\/\/hydraulic-cylinders.net\/wp-content\/uploads\/2023\/08\/hydraulic-cylinder-product-3-480x183.webp 480w\" sizes=\"(min-width: 0px) and (max-width: 480px) 480px, (min-width: 481px) and (max-width: 980px) 980px, (min-width: 981px) 1024px, 100vw\" \/><\/p>\n<h3>(3) Varjenje<\/h3>\n<p><img loading=\"lazy\" decoding=\"async\" class=\"alignnone wp-image-629 size-large\" src=\"https:\/\/hydraulic-cylinders.net\/wp-content\/uploads\/2023\/08\/hydraulic-cylinder-product-4-1024x510.webp\" alt=\"\" width=\"1024\" height=\"510\" srcset=\"https:\/\/hydraulic-cylinders.net\/wp-content\/uploads\/2023\/08\/hydraulic-cylinder-product-4-980x488.webp 980w, https:\/\/hydraulic-cylinders.net\/wp-content\/uploads\/2023\/08\/hydraulic-cylinder-product-4-480x239.webp 480w\" sizes=\"(min-width: 0px) and (max-width: 480px) 480px, (min-width: 481px) and (max-width: 980px) 980px, (min-width: 981px) 1024px, 100vw\" \/><\/p>\n<h3>(4) Barvanje in premazovanje<\/h3>\n<p>Z majhnimi in srednje velikimi cilindri\u010dnimi avtomatskimi linijami za barvanje na vodni osnovi, za doseganje avtomatskega nakladanja in razkladanja robotov ter avtomatskega brizganja, je projektna zmogljivost 4000 kosov na izmeno;<br \/>\nImamo tudi polavtomatsko linijo za proizvodnjo barv za velike jeklenke, ki jo poganja veriga, s projektno zmogljivostjo 60 zabojev na izmeno.<\/p>\n<p><img loading=\"lazy\" decoding=\"async\" class=\"alignnone wp-image-630\" src=\"https:\/\/hydraulic-cylinders.net\/wp-content\/uploads\/2023\/08\/hydraulic-cylinder-product-5-300x213.webp\" alt=\"\" width=\"366\" height=\"260\" \/> <img loading=\"lazy\" decoding=\"async\" class=\"alignnone wp-image-631\" src=\"https:\/\/hydraulic-cylinders.net\/wp-content\/uploads\/2023\/08\/hydraulic-cylinder-product-6-300x225.webp\" alt=\"\" width=\"347\" height=\"260\" \/><\/p>\n<h3>(5) Testiranje<\/h3>\n<p>Imamo prvovrstne in\u0161pekcijske prostore in testne postaje, s katerimi zagotavljamo, da delovanje jeklenke izpolnjuje zahteve.<\/p>\n<p><img loading=\"lazy\" decoding=\"async\" class=\"alignnone wp-image-632\" src=\"https:\/\/hydraulic-cylinders.net\/wp-content\/uploads\/2023\/08\/hydraulic-cylinder-product-8-300x200.webp\" alt=\"\" width=\"389\" height=\"260\" \/><\/p>\n<p>&nbsp;<\/p>\n<p>&nbsp;<\/p>\n<p>Smo eden najbolj\u0161ih proizvajalcev hidravli\u010dnih cilindrov. Ponujamo vam celovite hidravli\u010dne cilindre. Zagotavljamo tudi ustrezne <a href=\"https:\/\/hzpt.com\/agricultural-pto-gearbox\/\" target=\"_blank\" rel=\"noopener\">kmetijski menjalniki<\/a>Na\u0161e izdelke smo izvozili strankam po vsem svetu in si prislu\u017eili dober ugled zaradi vrhunske kakovosti izdelkov in poprodajnih storitev. Z veseljem vas vabimo, da nas kontaktirate za poslovne dogovore, izmenjavo informacij in ... <a href=\"https:\/\/www.hydraulic-cylinders.net\/sl\/contact-us\/\">sodelujte z nami<\/a>!<\/p>","protected":false},"excerpt":{"rendered":"<p>Trailing Suction Dredger Overflow Cylinder The trailing suction dredger overflow cylinder is a vital component in modern dredging equipment. Designed to optimize the performance of trailing suction dredgers, this cylinder plays a crucial role in managing the overflow system. The trailing suction dredger overflow cylinder is an essential component for achieving efficient and effective dredging [&hellip;]<\/p>","protected":false},"featured_media":1777,"comment_status":"open","ping_status":"closed","template":"","meta":{"_et_pb_use_builder":"","_et_pb_old_content":"","_et_gb_content_width":""},"product_brand":[],"product_cat":[1535,1549,1552,1376],"product_tag":[1380],"class_list":{"0":"post-1775","1":"product","2":"type-product","3":"status-publish","4":"has-post-thumbnail","6":"product_cat-dredger-hydraulic-cylinders","7":"product_cat-single-acting-hydraulic-cylinder","8":"product_cat-stainless-steel-hydraulic-cylinder","9":"product_cat-hydraulic-cylinder","10":"product_tag-hydraulic-cylinder","12":"first","13":"instock","14":"shipping-taxable","15":"product-type-simple"},"amp_enabled":true,"_links":{"self":[{"href":"https:\/\/www.hydraulic-cylinders.net\/sl\/wp-json\/wp\/v2\/product\/1775","targetHints":{"allow":["GET"]}}],"collection":[{"href":"https:\/\/www.hydraulic-cylinders.net\/sl\/wp-json\/wp\/v2\/product"}],"about":[{"href":"https:\/\/www.hydraulic-cylinders.net\/sl\/wp-json\/wp\/v2\/types\/product"}],"replies":[{"embeddable":true,"href":"https:\/\/www.hydraulic-cylinders.net\/sl\/wp-json\/wp\/v2\/comments?post=1775"}],"wp:featuredmedia":[{"embeddable":true,"href":"https:\/\/www.hydraulic-cylinders.net\/sl\/wp-json\/wp\/v2\/media\/1777"}],"wp:attachment":[{"href":"https:\/\/www.hydraulic-cylinders.net\/sl\/wp-json\/wp\/v2\/media?parent=1775"}],"wp:term":[{"taxonomy":"product_brand","embeddable":true,"href":"https:\/\/www.hydraulic-cylinders.net\/sl\/wp-json\/wp\/v2\/product_brand?post=1775"},{"taxonomy":"product_cat","embeddable":true,"href":"https:\/\/www.hydraulic-cylinders.net\/sl\/wp-json\/wp\/v2\/product_cat?post=1775"},{"taxonomy":"product_tag","embeddable":true,"href":"https:\/\/www.hydraulic-cylinders.net\/sl\/wp-json\/wp\/v2\/product_tag?post=1775"}],"curies":[{"name":"delovni list","href":"https:\/\/api.w.org\/{rel}","templated":true}]}}