{"id":1785,"date":"2023-10-13T08:07:17","date_gmt":"2023-10-13T08:07:17","guid":{"rendered":"https:\/\/hydraulic-cylinders.net\/?post_type=product&#038;p=1785"},"modified":"2025-04-15T05:54:48","modified_gmt":"2025-04-15T05:54:48","slug":"jack-up-offshore-platform-lifting-cylinder","status":"publish","type":"product","link":"https:\/\/www.hydraulic-cylinders.net\/sl\/izdelek\/jack-up-offshore-platform-lifting-cylinder\/","title":{"rendered":"Dvi\u017eni valj za dvi\u017eno plo\u0161\u010dad na morju"},"content":{"rendered":"<h1 style=\"text-align: center;\"><strong>Dvi\u017eni valj za dvi\u017eno plo\u0161\u010dad na morju<\/strong><\/h1>\n<h1 style=\"text-align: center;\"><img loading=\"lazy\" decoding=\"async\" class=\"alignnone wp-image-1786\" src=\"https:\/\/hydraulic-cylinders.net\/wp-content\/uploads\/2023\/10\/lifting-cylinder-1-2-300x300.webp\" alt=\"\" width=\"400\" height=\"400\" \/><\/h1>\n<p>Dvi\u017eni valj za platforme na morju z dvigalom je najsodobnej\u0161i hidravli\u010dni sistem, posebej zasnovan za platforme na morju. Je klju\u010dnega pomena za dvigovanje in stabilizacijo medijev ter zagotavlja varno in u\u010dinkovito delovanje v zahtevnih okoljih na morju. S svojimi naprednimi funkcijami in robustno konstrukcijo je ta dvi\u017eni valj idealna re\u0161itev za industrijo na morju po vsem svetu.<\/p>\n<p>Dvi\u017eni valj za platforme na morju z dvigalom je zanesljiv in u\u010dinkovit hidravli\u010dni sistem, zasnovan za dvigovanje in stabilizacijo platform na morju. Njegova robustna konstrukcija, visoka nosilnost in mo\u017enost nastavitve vi\u0161ine zagotavljajo varno in nemoteno delovanje v zahtevnih okoljih na morju. Z upo\u0161tevanjem priporo\u010denih metod uporabe in rednim vzdr\u017eevanjem lahko upravljavci pove\u010dajo \u017eivljenjsko dobo in zmogljivost te bistvene dvi\u017ene re\u0161itve, kar prispeva k uspehu projektov na morju.<\/p>\n<p>Klju\u010dne zna\u010dilnosti dvi\u017enega cilindra za dvi\u017eno plo\u0161\u010dad na morju:<\/p>\n<ul>\n<li>Robustna konstrukcija: Dvi\u017eni valj je izdelan tako, da prenese te\u017eke pogoje na morju. Izdelan je iz visokokakovostnih, korozijsko odpornih materialov, zato ponuja izjemno vzdr\u017eljivost in dolgo \u017eivljenjsko dobo ter zmanj\u0161uje potrebe po vzdr\u017eevanju.<\/li>\n<li>Visoka nosilnost: Dvi\u017eni valj se pona\u0161a z impresivno nosilnostjo, ki omogo\u010da enostavno rokovanje s te\u017ekimi bremeni. Zagotavlja zanesljivo oporo celotni plo\u0161\u010dadi med dvigovanjem, kar zagotavlja stabilnost in varnost med delovanjem.<\/li>\n<li>Hidravli\u010dna mo\u010d: Dvi\u017eni valj, ki ga poganja hidravli\u010dni sistem, izkori\u0161\u010da silo, ki jo ustvarjajo tla\u010dne teko\u010dine, za dvigovanje in spu\u0161\u010danje plo\u0161\u010dadi. Ta hidravli\u010dni mehanizem omogo\u010da natan\u010den nadzor nad postopkom dvigovanja, kar zagotavlja gladke in nadzorovane gibe.<\/li>\n<li>Nastavljiva vi\u0161ina: Dvi\u017eni valj za platformo za odvoz odpadkov omogo\u010da nastavljivo vi\u0161ino platforme, ki se prilagaja razli\u010dnim globinam vode in morskim razmeram. Ta prilagodljivost zagotavlja optimalno pozicioniranje platforme, pove\u010duje stabilnost in omogo\u010da u\u010dinkovito delovanje.<\/li>\n<\/ul>\n<h2><strong>Parameter dvi\u017enega cilindra za dvi\u017eno plo\u0161\u010dad na morju:<\/strong><\/h2>\n<table border=\"1\" cellspacing=\"0\" cellpadding=\"0\">\n<tbody>\n<tr>\n<td>Ime izdelka<\/td>\n<td>Dvi\u017eni valj za dvi\u017eno plo\u0161\u010dad na morju<\/td>\n<\/tr>\n<tr>\n<td>Zna\u010dilnosti:<\/td>\n<td>Dvigovanje in spu\u0161\u010danje plo\u0161\u010dadi uresni\u010dite z vo\u017enjo obro\u010dnega nosilca<\/td>\n<\/tr>\n<tr>\n<td>Premer izvrtine:<\/td>\n<td>Do 700 mm<\/td>\n<\/tr>\n<tr>\n<td>Premer palice:<\/td>\n<td>Do 420 mm<br \/>\nHod do 2150 mm<\/td>\n<\/tr>\n<tr>\n<td>Tlak:<\/td>\n<td>do 32 MPa<\/td>\n<\/tr>\n<tr>\n<td>Senzor:<\/td>\n<td>Zunanji senzor premika je mogo\u010de konfigurirati tako, da zadosti potrebam vzdr\u017eevanja in zamenjave senzorja brez razstavljanja valjev.<\/td>\n<\/tr>\n<tr>\n<td>Uporaba:<\/td>\n<td>Samodejna platforma za dvigovanje na morju<\/td>\n<\/tr>\n<\/tbody>\n<\/table>\n<div><\/div>\n<div>\n<div class=\"txtboxL\">\n<div class=\"txtboxL\">\n<div class=\"txtboxL\">\n<div class=\"txtboxL\">\n<div class=\"txtboxL\">\n<div class=\"txtboxL\">Zna\u010dilnosti:<\/div>\n<div class=\"txtboxR\">Dvigovanje in spu\u0161\u010danje plo\u0161\u010dadi uresni\u010dite z vo\u017enjo obro\u010dnega nosilca<\/div>\n<div class=\"txtboxL\">Specifikacija:<\/div>\n<div class=\"txtboxR\">Premer izvrtine: do 700 mm<br \/>\nPremer palice: do 420 mm<br \/>\nHod do 2150 mm<\/div>\n<div class=\"txtboxL\">Tlak:<\/div>\n<div class=\"txtboxR\">do 32 MPa<\/div>\n<div class=\"txtboxL\">Senzor:<\/div>\n<div class=\"txtboxR\">Zunanji senzor premika je mogo\u010de konfigurirati tako, da zadosti potrebam vzdr\u017eevanja in zamenjave senzorja brez razstavljanja valjev.<\/div>\n<\/div>\n<\/div>\n<\/div>\n<\/div>\n<\/div>\n<\/div>\n<h2><strong>Uporaba dvi\u017enega cilindra na platformi za morje:<\/strong><\/h2>\n<p><img loading=\"lazy\" decoding=\"async\" class=\"alignnone wp-image-1788 size-full\" src=\"https:\/\/hydraulic-cylinders.net\/wp-content\/uploads\/2023\/10\/jack-up-offshore-platform-cylinder-1.webp\" alt=\"\" width=\"1418\" height=\"946\" srcset=\"https:\/\/hydraulic-cylinders.net\/wp-content\/uploads\/2023\/10\/jack-up-offshore-platform-cylinder-1.webp 1418w, https:\/\/hydraulic-cylinders.net\/wp-content\/uploads\/2023\/10\/jack-up-offshore-platform-cylinder-1-1280x854.webp 1280w, https:\/\/hydraulic-cylinders.net\/wp-content\/uploads\/2023\/10\/jack-up-offshore-platform-cylinder-1-980x654.webp 980w, https:\/\/hydraulic-cylinders.net\/wp-content\/uploads\/2023\/10\/jack-up-offshore-platform-cylinder-1-480x320.webp 480w\" sizes=\"(min-width: 0px) and (max-width: 480px) 480px, (min-width: 481px) and (max-width: 980px) 980px, (min-width: 981px) and (max-width: 1280px) 1280px, (min-width: 1281px) 1418px, 100vw\" \/><\/p>\n<h2><strong>Metoda uporabe dvi\u017enega cilindra za dvi\u017eno plo\u0161\u010dad na morju<\/strong><strong>:<\/strong><\/h2>\n<ol>\n<li>Priprava pred dvigovanjem: Pred za\u010detkom dvigovanja se prepri\u010dajte, da je plo\u0161\u010dad varno name\u0161\u010dena in da so vzpostavljeni vsi varnostni ukrepi. Temeljito preglejte dvi\u017eni valj in pripadajo\u010de komponente.<\/li>\n<li>Aktivacija hidravli\u010dnega sistema: Aktivirajte hidravli\u010dni sistem in zagotovite ustrezno raven tlaka in dovod teko\u010dine. To bo zagotovilo potrebno silo, da bo dvi\u017eni valj dvignil plo\u0161\u010dad.<\/li>\n<li>Nadzorovano dvigovanje: Z uporabo hidravli\u010dnih krmilnih elementov vklopite dvi\u017eni valj za postopno dvigovanje plo\u0161\u010dadi na \u017eeleno vi\u0161ino. Postopek natan\u010dno spremljajte in zagotovite gladko in nadzorovano gibanje.<\/li>\n<li>Stabilizacija: Ko dose\u017eete \u017eeleno vi\u0161ino, vklopite mehanizem za stabilizacijo plo\u0161\u010dadi in zagotovite, da plo\u0161\u010dad med delovanjem ostane varna in ravna.<\/li>\n<\/ol>\n<h2><strong>Kako odstraniti zati\u010de hidravli\u010dnega cilindra?<\/strong><\/h2>\n<p>Odstranjevanje zati\u010dev hidravli\u010dnih cilindrov zahteva previdno ravnanje in upo\u0161tevanje varnostnih postopkov. Tukaj je navodilo po korakih za odstranitev zati\u010dev hidravli\u010dnih cilindrov:<\/p>\n<ol>\n<li><strong>Pripravite delovno obmo\u010dje:<\/strong> Poskrbite za \u010disto in dobro osvetljeno delovno mesto. Odstranite vse ovire okoli hidravli\u010dnega cilindra, da omogo\u010dite enostaven dostop do postopka odstranjevanja zati\u010da.<\/li>\n<li><strong>Sprostitveni tlak:<\/strong> Preden poskusite odstraniti zati\u010de, sprostite hidravli\u010dni tlak v sistemu. Ta korak je klju\u010dnega pomena za prepre\u010devanje nenadnega premikanja ali nepri\u010dakovane sprostitve shranjene energije. Za varno sprostitev tlaka v hidravli\u010dnem sistemu upo\u0161tevajte navodila proizvajalca.<\/li>\n<li><strong>Prepoznajte vrste pinov:<\/strong> Zati\u010di hidravli\u010dnih cilindrov so lahko razli\u010dnih vrst, kot so zati\u010di z vidno glavo, zati\u010di z razcepko ali zasko\u010dni obro\u010di. Za dolo\u010ditev ustreznega na\u010dina odstranitve dolo\u010dite specifi\u010dno vrsto zati\u010da, ki se uporablja v va\u0161em hidravli\u010dnem cilindru.<\/li>\n<li><strong>Zberite orodja:<\/strong> Glede na vrsto zati\u010da boste za odstranitev morda potrebovali posebno orodje. Med obi\u010dajna orodja spadajo kladivo, prebijalo, kle\u0161\u010de ali orodje za odstranjevanje zati\u010dev, zasnovano za hidravli\u010dne cilindre.<\/li>\n<li><strong>Odstranite pritrdilno opremo:<\/strong> \u010ce je zati\u010d pritrjen z zadr\u017eevalnimi elementi, kot so razcepke ali varovalni obro\u010di, jih previdno odstranite z ustreznim orodjem. Pazite, da ne po\u0161kodujete okoli\u0161kih komponent.<\/li>\n<li><strong>Nanesite penetrirajo\u010de olje (po potrebi):<\/strong> \u010ce se zdi, da je zati\u010d zataknjen ali se ga je te\u017eko premikati, lahko nanos penetrirajo\u010dega olja pomaga zrahljati rjo ali umazanijo. Pustite, da olje prodre nekaj minut, da ga boste la\u017eje odstranili.<\/li>\n<li><strong>Dotaknite se \u017eeblji\u010dka:<\/strong> Z uporabo kladiva in prebijala ali orodja za odstranjevanje zati\u010dev ne\u017eno potrkajte po zati\u010du z nasprotne strani pritrdilnega elementa. Za\u010dnite z rahlim udarjanjem, da se izognete po\u0161kodbam, in po potrebi postopoma pove\u010dujte silo. Cilj je izvle\u010di zati\u010d brez prekomerne sile.<\/li>\n<li><strong>Miganje in vle\u010denje:<\/strong> Ko se zati\u010d za\u010dne premikati, ga med pritiskanjem navzven premikajte naprej in nazaj, da ga odstranite iz hidravli\u010dnega cilindra. Bodite potrpe\u017eljivi in \u200b\u200bse izogibajte uporabi prekomerne sile, saj lahko to povzro\u010di \u0161kodo ali po\u0161kodbe.<\/li>\n<li><strong>Preverite zati\u010d:<\/strong> Po odstranitvi preverite zati\u010d glede morebitnih znakov po\u0161kodb ali obrabe. \u010ce je zati\u010d po\u0161kodovan, ga pred ponovno monta\u017eo hidravli\u010dnega cilindra zamenjajte z novim.<\/li>\n<li><strong>O\u010distite in nama\u017eite:<\/strong> Temeljito o\u010distite zati\u010d in luknje za zati\u010de v hidravli\u010dnem cilindru. Odstranite morebitne ostanke, rjo ali staro mazivo. Pred ponovno namestitvijo nanesite na zati\u010d ustrezno mazivo, da zagotovite nemoteno delovanje.<\/li>\n<\/ol>\n<h2><strong>Zmogljivost in zmogljivost tovarne:<\/strong><\/h2>\n<h3>(1) Sestavljanje<\/h3>\n<p>Imamo prvovrstno neodvisno platformo za raziskave in razvoj. Delavnica za proizvodnjo hidravli\u010dnih cilindrov ima \u0161tiri polavtomatske monta\u017ene linije za dvi\u017ene cilindre in eno avtomatsko monta\u017eno linijo za nagibne cilindre z letno proizvodno zmogljivostjo 1 milijona kosov. Delavnica za posebne cilindre je opremljena z razli\u010dnimi specifikacijami polavtomatskega sistema za \u010di\u0161\u010denje in monta\u017eo z letno proizvodno zmogljivostjo 200.000 kosov ter znano CNC obdelovalno opremo, obdelovalnim centrom, visoko precizno posebno opremo za obdelavo cilindrov, robotskim varilnim strojem, avtomatskim \u010distilnim strojem, avtomatskim strojem za monta\u017eo cilindrov in avtomatsko proizvodno linijo za barvanje. Obstoje\u010da kriti\u010dna oprema obsega ve\u010d kot 300 kompletov (kompletov). Optimalna razporeditev in u\u010dinkovita uporaba opremnih virov zagotavljata zahteve glede natan\u010dnosti izdelkov in izpolnjujeta visoke zahteve glede kakovosti izdelkov.<\/p>\n<p><img loading=\"lazy\" decoding=\"async\" class=\"alignnone wp-image-626\" src=\"https:\/\/hydraulic-cylinders.net\/wp-content\/uploads\/2023\/08\/hydraulic-cylinder-product-1-300x158.webp\" alt=\"\" width=\"495\" height=\"260\" srcset=\"https:\/\/hydraulic-cylinders.net\/wp-content\/uploads\/2023\/08\/hydraulic-cylinder-product-1-300x158.webp 495w, https:\/\/hydraulic-cylinders.net\/wp-content\/uploads\/2023\/08\/hydraulic-cylinder-product-1-480x252.webp 480w\" sizes=\"(min-width: 0px) and (max-width: 480px) 480px, (min-width: 481px) 495px, 100vw\" \/> <img loading=\"lazy\" decoding=\"async\" class=\"alignnone wp-image-627\" src=\"https:\/\/hydraulic-cylinders.net\/wp-content\/uploads\/2023\/08\/hydraulic-cylinder-product-2-300x189.webp\" alt=\"\" width=\"413\" height=\"260\" \/><\/p>\n<h3>(2) Strojna obdelava<\/h3>\n<p>Strojna delavnica je opremljena s prilagojenim centrom za stru\u017eenje nagnjenih tirnic, obdelovalnim centrom, visokohitrostnim strojem za honanje, varilnim robotom in drugo sorodno opremo, ki lahko obdeluje cilindri\u010dne cevi z najve\u010djim notranjim premerom 400 mm in najve\u010djo dol\u017eino 6 metrov.<\/p>\n<p><img loading=\"lazy\" decoding=\"async\" class=\"alignnone wp-image-628 size-large\" src=\"https:\/\/hydraulic-cylinders.net\/wp-content\/uploads\/2023\/08\/hydraulic-cylinder-product-3-1024x391.webp\" alt=\"\" width=\"1024\" height=\"391\" srcset=\"https:\/\/hydraulic-cylinders.net\/wp-content\/uploads\/2023\/08\/hydraulic-cylinder-product-3-980x374.webp 980w, https:\/\/hydraulic-cylinders.net\/wp-content\/uploads\/2023\/08\/hydraulic-cylinder-product-3-480x183.webp 480w\" sizes=\"(min-width: 0px) and (max-width: 480px) 480px, (min-width: 481px) and (max-width: 980px) 980px, (min-width: 981px) 1024px, 100vw\" \/><\/p>\n<h3>(3) Varjenje<\/h3>\n<p><img loading=\"lazy\" decoding=\"async\" class=\"alignnone wp-image-629 size-large\" src=\"https:\/\/hydraulic-cylinders.net\/wp-content\/uploads\/2023\/08\/hydraulic-cylinder-product-4-1024x510.webp\" alt=\"\" width=\"1024\" height=\"510\" srcset=\"https:\/\/hydraulic-cylinders.net\/wp-content\/uploads\/2023\/08\/hydraulic-cylinder-product-4-980x488.webp 980w, https:\/\/hydraulic-cylinders.net\/wp-content\/uploads\/2023\/08\/hydraulic-cylinder-product-4-480x239.webp 480w\" sizes=\"(min-width: 0px) and (max-width: 480px) 480px, (min-width: 481px) and (max-width: 980px) 980px, (min-width: 981px) 1024px, 100vw\" \/><\/p>\n<h3>(4) Barvanje in premazovanje<\/h3>\n<p>Z majhnimi in srednje velikimi cilindri\u010dnimi avtomatskimi linijami za barvanje na vodni osnovi, za doseganje avtomatskega nakladanja in razkladanja robotov ter avtomatskega brizganja, je projektna zmogljivost 4000 kosov na izmeno;<br \/>\nImamo tudi polavtomatsko linijo za proizvodnjo barv za velike jeklenke, ki jo poganja veriga, s projektno zmogljivostjo 60 zabojev na izmeno.<\/p>\n<p><img loading=\"lazy\" decoding=\"async\" class=\"alignnone wp-image-630\" src=\"https:\/\/hydraulic-cylinders.net\/wp-content\/uploads\/2023\/08\/hydraulic-cylinder-product-5-300x213.webp\" alt=\"\" width=\"366\" height=\"260\" \/> <img loading=\"lazy\" decoding=\"async\" class=\"alignnone wp-image-631\" src=\"https:\/\/hydraulic-cylinders.net\/wp-content\/uploads\/2023\/08\/hydraulic-cylinder-product-6-300x225.webp\" alt=\"\" width=\"347\" height=\"260\" \/><\/p>\n<h3>(5) Testiranje<\/h3>\n<p>Imamo prvovrstne in\u0161pekcijske prostore in testne postaje, s katerimi zagotavljamo, da delovanje jeklenke izpolnjuje zahteve.<\/p>\n<p><img loading=\"lazy\" decoding=\"async\" class=\"alignnone wp-image-632\" src=\"https:\/\/hydraulic-cylinders.net\/wp-content\/uploads\/2023\/08\/hydraulic-cylinder-product-8-300x200.webp\" alt=\"\" width=\"389\" height=\"260\" \/><\/p>\n<p>&nbsp;<\/p>\n<p>&nbsp;<\/p>\n<p>Smo eden najbolj\u0161ih proizvajalcev hidravli\u010dnih cilindrov. Ponujamo vam celovite hidravli\u010dne cilindre. Zagotavljamo tudi ustrezne <a href=\"https:\/\/hzpt.com\/agricultural-pto-gearbox\/\" target=\"_blank\" rel=\"noopener\">kmetijski menjalniki<\/a>Na\u0161e izdelke smo izvozili strankam po vsem svetu in si prislu\u017eili dober ugled zaradi vrhunske kakovosti izdelkov in poprodajnih storitev. Z veseljem vas vabimo, da nas kontaktirate za poslovne dogovore, izmenjavo informacij in ... <a href=\"https:\/\/www.hydraulic-cylinders.net\/sl\/contact-us\/\">sodelujte z nami<\/a>!<\/p>","protected":false},"excerpt":{"rendered":"<p>Jack-up Offshore Platform Lifting Cylinder The jack-up offshore platform lifting cylinder is a cutting-edge hydraulic system explicitly designed for offshore platforms. It is crucial in elevating and stabilizing media, ensuring safe and efficient operations in challenging offshore environments. With its advanced features and robust construction, this lifting cylinder is the go-to solution for offshore industries [&hellip;]<\/p>","protected":false},"featured_media":1787,"comment_status":"open","ping_status":"closed","template":"","meta":{"_et_pb_use_builder":"","_et_pb_old_content":"","_et_gb_content_width":""},"product_brand":[],"product_cat":[1536,1549,1552,1376],"product_tag":[1380],"class_list":{"0":"post-1785","1":"product","2":"type-product","3":"status-publish","4":"has-post-thumbnail","6":"product_cat-offshore-platform-hydraulic-cylinders","7":"product_cat-single-acting-hydraulic-cylinder","8":"product_cat-stainless-steel-hydraulic-cylinder","9":"product_cat-hydraulic-cylinder","10":"product_tag-hydraulic-cylinder","12":"first","13":"instock","14":"shipping-taxable","15":"product-type-simple"},"amp_enabled":true,"_links":{"self":[{"href":"https:\/\/www.hydraulic-cylinders.net\/sl\/wp-json\/wp\/v2\/product\/1785","targetHints":{"allow":["GET"]}}],"collection":[{"href":"https:\/\/www.hydraulic-cylinders.net\/sl\/wp-json\/wp\/v2\/product"}],"about":[{"href":"https:\/\/www.hydraulic-cylinders.net\/sl\/wp-json\/wp\/v2\/types\/product"}],"replies":[{"embeddable":true,"href":"https:\/\/www.hydraulic-cylinders.net\/sl\/wp-json\/wp\/v2\/comments?post=1785"}],"wp:featuredmedia":[{"embeddable":true,"href":"https:\/\/www.hydraulic-cylinders.net\/sl\/wp-json\/wp\/v2\/media\/1787"}],"wp:attachment":[{"href":"https:\/\/www.hydraulic-cylinders.net\/sl\/wp-json\/wp\/v2\/media?parent=1785"}],"wp:term":[{"taxonomy":"product_brand","embeddable":true,"href":"https:\/\/www.hydraulic-cylinders.net\/sl\/wp-json\/wp\/v2\/product_brand?post=1785"},{"taxonomy":"product_cat","embeddable":true,"href":"https:\/\/www.hydraulic-cylinders.net\/sl\/wp-json\/wp\/v2\/product_cat?post=1785"},{"taxonomy":"product_tag","embeddable":true,"href":"https:\/\/www.hydraulic-cylinders.net\/sl\/wp-json\/wp\/v2\/product_tag?post=1785"}],"curies":[{"name":"delovni list","href":"https:\/\/api.w.org\/{rel}","templated":true}]}}