{"id":1799,"date":"2023-10-16T03:12:26","date_gmt":"2023-10-16T03:12:26","guid":{"rendered":"https:\/\/hydraulic-cylinders.net\/?post_type=product&#038;p=1799"},"modified":"2025-04-15T05:54:39","modified_gmt":"2025-04-15T05:54:39","slug":"pile-driving-barge-luffing-cylinder","status":"publish","type":"product","link":"https:\/\/www.hydraulic-cylinders.net\/sl\/izdelek\/pile-driving-barge-luffing-cylinder\/","title":{"rendered":"Valj za dvigovanje pilotov bar\u017ee"},"content":{"rendered":"<h1 style=\"text-align: center;\"><strong>Valj za dvigovanje pilotov bar\u017ee<\/strong><\/h1>\n<h1 style=\"text-align: center;\"><img loading=\"lazy\" decoding=\"async\" class=\"alignnone wp-image-1801\" src=\"https:\/\/hydraulic-cylinders.net\/wp-content\/uploads\/2023\/10\/luffing-cylinder-1-2-300x300.webp\" alt=\"\" width=\"400\" height=\"400\" \/><\/h1>\n<p>Hidravli\u010dni cilinder za zabijanje pilotov je klju\u010dna komponenta, zasnovana za optimizacijo delovanja in u\u010dinkovitosti zabijanja pilotov v projektih pomorske gradnje. Ta inovativni hidravli\u010dni cilinder igra klju\u010dno vlogo pri nadzoru gibanja dviga roke bar\u017ee, kar omogo\u010da natan\u010dno pozicioniranje pilotov. Z izjemnimi lastnostmi in robustno konstrukcijo je hidravli\u010dni cilinder za zabijanje pilotov najbolj\u0161a re\u0161itev za podjetja, ki i\u0161\u010dejo izbolj\u0161ano produktivnost in natan\u010dnost.<\/p>\n<p>Hidravli\u010dni valj za zabijanje pilotov je zanesljiva in u\u010dinkovita hidravli\u010dna komponenta, zasnovana za pove\u010danje u\u010dinkovitosti in natan\u010dnosti zabijanja pilotov v projektih pomorske gradnje. Z robustno konstrukcijo, natan\u010dnim nadzorom dviga in enostavno integracijo izbolj\u0161uje produktivnost in zagotavlja natan\u010dno pozicioniranje pilotov. Z upo\u0161tevanjem priporo\u010denih metod uporabe in izvajanjem rednih vzdr\u017eevalnih praks lahko podjetja za pomorsko gradnjo pove\u010dajo \u017eivljenjsko dobo in delovanje te bistvene komponente, kar prispeva k uspehu njihovih projektov.<\/p>\n<p>Klju\u010dne zna\u010dilnosti cilindra za napenjanje jeklene vrvi vrtalne platforme:<\/p>\n<ol>\n<li>Robustna konstrukcija: Valj za dvigovanje pilotov za bar\u017ee je izdelan iz visokokakovostnih materialov, ki so odporni na zahtevno morsko okolje. Njegova trpe\u017ena konstrukcija zagotavlja dolgo \u017eivljenjsko dobo in zmanj\u0161uje potrebe po vzdr\u017eevanju, tudi v zahtevnih pogojih.<\/li>\n<li>Natan\u010den nadzor nad nagibom roke bar\u017ee: Ta valj omogo\u010da natan\u010den nadzor nad nagibom roke bar\u017ee. Operaterji lahko prilagodijo in vzdr\u017eujejo \u017eeleni kot roke, kar zagotavlja natan\u010dno postavitev pilotov in optimizirano u\u010dinkovitost gradnje.<\/li>\n<li>Hidravli\u010dna mo\u010d: Valj za dvigovanje pilotov, ki ga poganja hidravli\u010dni sistem, uporablja tla\u010dne teko\u010dine za ustvarjanje sile, potrebne za nadzor dvigovanja. Hidravli\u010dni mehanizem zagotavlja gladko in odzivno delovanje, kar omogo\u010da natan\u010dne nastavitve in ve\u010djo produktivnost.<\/li>\n<li>Enostavna namestitev in integracija: Valj za zabijanje pilotov je zasnovan za enostavno namestitev in integracijo v obstoje\u010de sisteme za zabijanje pilotov. Njegova kompaktna velikost in vsestranske mo\u017enosti monta\u017ee omogo\u010dajo brezhibno integracijo in s tem zmanj\u0161ujejo \u010das izpada med monta\u017eo.<\/li>\n<\/ol>\n<h2><strong>Parameter cilindra za zabijanje pilotov:<\/strong><\/h2>\n<table border=\"1\" cellspacing=\"0\" cellpadding=\"0\">\n<tbody>\n<tr>\n<td>Ime izdelka<\/td>\n<td>Valj za dvigovanje pilotov bar\u017ee<\/td>\n<\/tr>\n<tr>\n<td>Zna\u010dilnosti:<\/td>\n<td>zanihajte okvir pilota in nosite obremenitev, prejeta zunanja sila pa ni le velika, ampak tudi kompleksna<\/td>\n<\/tr>\n<tr>\n<td>Premer izvrtine:<\/td>\n<td>Do 1400 mm<\/td>\n<\/tr>\n<tr>\n<td>Premer palice:<\/td>\n<td>Do 900 mm<br \/>\nHod do 15500 mm<\/td>\n<\/tr>\n<tr>\n<td>Potisna sila:<\/td>\n<td>28465KN<br \/>\n(tlak 25 MPa)<\/td>\n<\/tr>\n<tr>\n<td>Uporaba:<\/td>\n<td>Samodejna platforma za dvigovanje na morju<\/td>\n<\/tr>\n<\/tbody>\n<\/table>\n<div><\/div>\n<div>\n<div class=\"txtboxL\">\n<div class=\"txtboxL\">\n<div class=\"txtboxL\">\n<div class=\"txtboxL\">\n<div class=\"txtboxL\">\n<div class=\"txtboxL\">\n<div class=\"txtboxL\">\n<div class=\"txtboxL\">\n<div class=\"txtboxL\">Zna\u010dilnosti:<\/div>\n<div class=\"txtboxR\">zanihajte okvir pilota in nosite obremenitev, prejeta zunanja sila pa ni le velika, ampak tudi kompleksna<\/div>\n<div class=\"txtboxL\">Specifikacija:<\/div>\n<div class=\"txtboxR\">Premer izvrtine: do 1400 mm<br \/>\nPremer palice: do 900 mm<br \/>\nHod do 15500 mm<\/div>\n<div class=\"txtboxL\">Potisna sila:<\/div>\n<div class=\"txtboxR\">28465KN<br \/>\n(tlak 25 MPa)<\/div>\n<\/div>\n<\/div>\n<\/div>\n<\/div>\n<\/div>\n<\/div>\n<\/div>\n<\/div>\n<\/div>\n<h2><strong>Uporaba cilindra za zabijanje pilotov:<\/strong><\/h2>\n<p><img loading=\"lazy\" decoding=\"async\" class=\"alignnone wp-image-1803 size-full\" src=\"https:\/\/hydraulic-cylinders.net\/wp-content\/uploads\/2023\/10\/pile-driving-barge-cylinder-1.webp\" alt=\"\" width=\"1418\" height=\"946\" srcset=\"https:\/\/hydraulic-cylinders.net\/wp-content\/uploads\/2023\/10\/pile-driving-barge-cylinder-1.webp 1418w, https:\/\/hydraulic-cylinders.net\/wp-content\/uploads\/2023\/10\/pile-driving-barge-cylinder-1-1280x854.webp 1280w, https:\/\/hydraulic-cylinders.net\/wp-content\/uploads\/2023\/10\/pile-driving-barge-cylinder-1-980x654.webp 980w, https:\/\/hydraulic-cylinders.net\/wp-content\/uploads\/2023\/10\/pile-driving-barge-cylinder-1-480x320.webp 480w\" sizes=\"(min-width: 0px) and (max-width: 480px) 480px, (min-width: 481px) and (max-width: 980px) 980px, (min-width: 981px) and (max-width: 1280px) 1280px, (min-width: 1281px) 1418px, 100vw\" \/><\/p>\n<h2><strong>Metoda uporabe cilindra za dvigovanje pilotov<\/strong><strong>:<\/strong><\/h2>\n<ul>\n<li><strong>Pregled pred namestitvijo:<\/strong> Pred namestitvijo cilindra za dvigovanje pilotov temeljito pregledajte valj in pripadajo\u010de komponente. Prepri\u010dajte se, da so vsi deli v dobrem stanju, in preverite, ali je roka pravilno poravnana in pritrjena.<\/li>\n<li><strong>Monta\u017ea in priklop:<\/strong> Namestite dvigalni valj na dolo\u010deno mesto na bar\u017ei za zabijanje pilotov z uporabo ustreznih monta\u017enih nosilcev in strojne opreme. Hidravli\u010dne cevi priklju\u010dite na valj in pri tem zagotovite pravilno poravnavo in varne povezave.<\/li>\n<li><strong>Aktivacija hidravli\u010dnega sistema:<\/strong> Aktivirajte hidravli\u010dni sistem in zagotovite ustrezno raven teko\u010dine in tlak. Za upravljanje hidravli\u010dnih krmilnih elementov in nastavitev dviga ro\u010dice upo\u0161tevajte navodila proizvajalca.<\/li>\n<li><strong>Nastavitev nagiba:<\/strong> S hidravli\u010dnimi krmilnimi elementi prilagodite gibanje dviga roke bar\u017ee. Pozorno spremljajte kot roke in po potrebi natan\u010dno prilagodite, da dose\u017eete \u017eeleno postavitev pilotov in u\u010dinkovitost gradnje.<\/li>\n<\/ul>\n<h2><strong>Kako so izdelani hidravli\u010dni cilindri?<\/strong><\/h2>\n<p>Hidravli\u010dni cilindri se izdelujejo z vrsto postopkov, ki vklju\u010dujejo natan\u010dno in\u017eenirstvo, strojno obdelavo in monta\u017eo. Natan\u010den postopek izdelave se lahko razlikuje glede na specifi\u010dno vrsto in velikost hidravli\u010dnega cilindra ter od proizvajal\u010devih tehnik in opreme. Vendar pa je tukaj splo\u0161en pregled izdelave hidravli\u010dnih cilindrov:<\/p>\n<ol>\n<li><strong>Oblikovanje in in\u017eeniring:<\/strong> Prvi korak pri izdelavi hidravli\u010dnega cilindra je faza na\u010drtovanja in in\u017eeniringa. In\u017eenirji analizirajo zahteve in specifikacije cilindra, pri \u010demer upo\u0161tevajo dejavnike, kot so nosilnost, nazivni tlak, dol\u017eina hoda in mo\u017enosti monta\u017ee. Za ustvarjanje podrobnih 3D-modelov in tehni\u010dnih risb se pogosto uporablja programska oprema za ra\u010dunalni\u0161ko podprto na\u010drtovanje (CAD).<\/li>\n<li><strong>Izbira materiala:<\/strong> Ko je zasnova dokon\u010dana, se izberejo ustrezni materiali za izdelavo hidravli\u010dnega cilindra. Med obi\u010dajne materiale spadajo visokotrdno jeklo za valj in batnico, lito \u017eelezo ali aluminij za kon\u010dne pokrov\u010dke ter razli\u010dna tesnila in O-tesnila iz elastomerov ali drugih primernih materialov.<\/li>\n<li><strong>Proizvodnja cilindri\u010dnih sodov:<\/strong> Cev valja se obi\u010dajno izdela s honanjem. To vklju\u010duje obdelavo notranje povr\u0161ine brez\u0161ivne jeklene cevi za doseganje \u017eelene gladkosti in dimenzijske natan\u010dnosti. Postopek honanja ustvari natan\u010dno izvrtino valja, kjer se bo bat premikal.<\/li>\n<li><strong>Proizvodnja batnic:<\/strong> Batnica se razteza z enega konca valja in je obi\u010dajno izdelana iz visoko trdne jeklene palice. Batnica je strojno obdelana na zahtevane dimenzije, vklju\u010dno z natan\u010dnim bru\u0161enjem povr\u0161inske obdelave, da se zagotovi nemoteno delovanje in odpornost proti obrabi.<\/li>\n<li><strong>Strojna obdelava in izdelava komponent:<\/strong> Razli\u010dne komponente hidravli\u010dnega cilindra, kot so kon\u010dni pokrovi, glave batov in nosilci, so izdelane s postopki obdelave. CNC (ra\u010dunalni\u0161ko numeri\u010dno krmiljenje) stroji se obi\u010dajno uporabljajo za natan\u010dno oblikovanje in vrtanje lukenj v komponentah v skladu s konstrukcijskimi specifikacijami.<\/li>\n<li><strong>Povr\u0161inska obdelava:<\/strong> Glede na uporabo in zahteve so lahko nekatere povr\u0161ine hidravli\u010dnega cilindra dodatno obdelane. To lahko vklju\u010duje postopke, kot so toplotna obdelava za izbolj\u0161anje trdnosti in vzdr\u017eljivosti, prevleka ali premaz za odpornost proti koroziji ali specializirane povr\u0161inske obdelave, kot je trdo kromiranje batnice za ve\u010djo odpornost proti obrabi.<\/li>\n<li><strong>Sestavljanje:<\/strong> Hidravli\u010dni valj je sestavljen, ko so vse potrebne komponente izdelane in obdelane. To vklju\u010duje skrbno sestavljanje cilindra, bata, batnice, tesnil in drugih delov. Natan\u010dna poravnava in pravilno tesnjenje sta bistvena za zagotovitev optimalnega delovanja in prepre\u010devanje pu\u0161\u010danja.<\/li>\n<li><strong>Testiranje in zagotavljanje kakovosti:<\/strong> Preden je hidravli\u010dni valj pripravljen za distribucijo, je podvr\u017een strogim preizkusom, s katerimi se zagotovi skladnost z zahtevanimi standardi in specifikacijami. To lahko vklju\u010duje tla\u010dne preizkuse, funkcionalne preizkuse in dimenzijske preglede. Za ohranjanje dosledne kakovosti skozi celoten proizvodni proces se izvajajo postopki zagotavljanja kakovosti.<\/li>\n<li><strong>Pakiranje in distribucija:<\/strong> Dokon\u010dani hidravli\u010dni cilindri so varno zapakirani, da se za\u0161\u010ditijo med transportom. Nato se distribuirajo strankam ali shranijo v zalogi za poznej\u0161o uporabo.<\/li>\n<\/ol>\n<h2><strong>Zmogljivost in zmogljivost tovarne:<\/strong><\/h2>\n<h3>(1) Sestavljanje<\/h3>\n<p>Imamo prvovrstno neodvisno platformo za raziskave in razvoj. Delavnica za proizvodnjo hidravli\u010dnih cilindrov ima \u0161tiri polavtomatske monta\u017ene linije za dvi\u017ene cilindre in eno avtomatsko monta\u017eno linijo za nagibne cilindre z letno proizvodno zmogljivostjo 1 milijona kosov. Delavnica za posebne cilindre je opremljena z razli\u010dnimi specifikacijami polavtomatskega sistema za \u010di\u0161\u010denje in monta\u017eo z letno proizvodno zmogljivostjo 200.000 kosov ter znano CNC obdelovalno opremo, obdelovalnim centrom, visoko precizno posebno opremo za obdelavo cilindrov, robotskim varilnim strojem, avtomatskim \u010distilnim strojem, avtomatskim strojem za monta\u017eo cilindrov in avtomatsko proizvodno linijo za barvanje. Obstoje\u010da kriti\u010dna oprema obsega ve\u010d kot 300 kompletov (kompletov). Optimalna razporeditev in u\u010dinkovita uporaba opremnih virov zagotavljata zahteve glede natan\u010dnosti izdelkov in izpolnjujeta visoke zahteve glede kakovosti izdelkov.<\/p>\n<p><img loading=\"lazy\" decoding=\"async\" class=\"alignnone wp-image-626\" src=\"https:\/\/hydraulic-cylinders.net\/wp-content\/uploads\/2023\/08\/hydraulic-cylinder-product-1-300x158.webp\" alt=\"\" width=\"495\" height=\"260\" srcset=\"https:\/\/hydraulic-cylinders.net\/wp-content\/uploads\/2023\/08\/hydraulic-cylinder-product-1-300x158.webp 495w, https:\/\/hydraulic-cylinders.net\/wp-content\/uploads\/2023\/08\/hydraulic-cylinder-product-1-480x252.webp 480w\" sizes=\"(min-width: 0px) and (max-width: 480px) 480px, (min-width: 481px) 495px, 100vw\" \/> <img loading=\"lazy\" decoding=\"async\" class=\"alignnone wp-image-627\" src=\"https:\/\/hydraulic-cylinders.net\/wp-content\/uploads\/2023\/08\/hydraulic-cylinder-product-2-300x189.webp\" alt=\"\" width=\"413\" height=\"260\" \/><\/p>\n<h3>(2) Strojna obdelava<\/h3>\n<p>Strojna delavnica je opremljena s prilagojenim centrom za stru\u017eenje nagnjenih tirnic, obdelovalnim centrom, visokohitrostnim strojem za honanje, varilnim robotom in drugo sorodno opremo, ki lahko obdeluje cilindri\u010dne cevi z najve\u010djim notranjim premerom 400 mm in najve\u010djo dol\u017eino 6 metrov.<\/p>\n<p><img loading=\"lazy\" decoding=\"async\" class=\"alignnone wp-image-628 size-large\" src=\"https:\/\/hydraulic-cylinders.net\/wp-content\/uploads\/2023\/08\/hydraulic-cylinder-product-3-1024x391.webp\" alt=\"\" width=\"1024\" height=\"391\" srcset=\"https:\/\/hydraulic-cylinders.net\/wp-content\/uploads\/2023\/08\/hydraulic-cylinder-product-3-980x374.webp 980w, https:\/\/hydraulic-cylinders.net\/wp-content\/uploads\/2023\/08\/hydraulic-cylinder-product-3-480x183.webp 480w\" sizes=\"(min-width: 0px) and (max-width: 480px) 480px, (min-width: 481px) and (max-width: 980px) 980px, (min-width: 981px) 1024px, 100vw\" \/><\/p>\n<h3>(3) Varjenje<\/h3>\n<p><img loading=\"lazy\" decoding=\"async\" class=\"alignnone wp-image-629 size-large\" src=\"https:\/\/hydraulic-cylinders.net\/wp-content\/uploads\/2023\/08\/hydraulic-cylinder-product-4-1024x510.webp\" alt=\"\" width=\"1024\" height=\"510\" srcset=\"https:\/\/hydraulic-cylinders.net\/wp-content\/uploads\/2023\/08\/hydraulic-cylinder-product-4-980x488.webp 980w, https:\/\/hydraulic-cylinders.net\/wp-content\/uploads\/2023\/08\/hydraulic-cylinder-product-4-480x239.webp 480w\" sizes=\"(min-width: 0px) and (max-width: 480px) 480px, (min-width: 481px) and (max-width: 980px) 980px, (min-width: 981px) 1024px, 100vw\" \/><\/p>\n<h3>(4) Barvanje in premazovanje<\/h3>\n<p>Z majhnimi in srednje velikimi cilindri\u010dnimi avtomatskimi linijami za barvanje na vodni osnovi, za doseganje avtomatskega nakladanja in razkladanja robotov ter avtomatskega brizganja, je projektna zmogljivost 4000 kosov na izmeno;<br \/>\nImamo tudi polavtomatsko linijo za proizvodnjo barv za velike jeklenke, ki jo poganja veriga, s projektno zmogljivostjo 60 zabojev na izmeno.<\/p>\n<p><img loading=\"lazy\" decoding=\"async\" class=\"alignnone wp-image-630\" src=\"https:\/\/hydraulic-cylinders.net\/wp-content\/uploads\/2023\/08\/hydraulic-cylinder-product-5-300x213.webp\" alt=\"\" width=\"366\" height=\"260\" \/> <img loading=\"lazy\" decoding=\"async\" class=\"alignnone wp-image-631\" src=\"https:\/\/hydraulic-cylinders.net\/wp-content\/uploads\/2023\/08\/hydraulic-cylinder-product-6-300x225.webp\" alt=\"\" width=\"347\" height=\"260\" \/><\/p>\n<h3>(5) Testiranje<\/h3>\n<p>Imamo prvovrstne in\u0161pekcijske prostore in testne postaje, s katerimi zagotavljamo, da delovanje jeklenke izpolnjuje zahteve.<\/p>\n<p><img loading=\"lazy\" decoding=\"async\" class=\"alignnone wp-image-632\" src=\"https:\/\/hydraulic-cylinders.net\/wp-content\/uploads\/2023\/08\/hydraulic-cylinder-product-8-300x200.webp\" alt=\"\" width=\"389\" height=\"260\" \/><\/p>\n<p>&nbsp;<\/p>\n<p>&nbsp;<\/p>\n<p>Smo eden najbolj\u0161ih proizvajalcev hidravli\u010dnih cilindrov. Ponujamo vam celovite hidravli\u010dne cilindre. Zagotavljamo tudi ustrezne <a href=\"https:\/\/hzpt.com\/agricultural-pto-gearbox\/\" target=\"_blank\" rel=\"noopener\">kmetijski menjalniki<\/a>Na\u0161e izdelke smo izvozili strankam po vsem svetu in si prislu\u017eili dober ugled zaradi vrhunske kakovosti izdelkov in poprodajnih storitev. Z veseljem vas vabimo, da nas kontaktirate za poslovne dogovore, izmenjavo informacij in ... <a href=\"https:\/\/www.hydraulic-cylinders.net\/sl\/contact-us\/\">sodelujte z nami<\/a>!<\/p>","protected":false},"excerpt":{"rendered":"<p>Pile Driving Barge Luffing Cylinder The Pile Driving Barge Luffing Cylinder is a vital component designed to optimize the performance and efficiency of pile driving operations in marine construction projects. This innovative hydraulic cylinder plays a crucial role in controlling the luffing motion of the barge&#8217;s boom, allowing for precise positioning of piles. With its [&hellip;]<\/p>","protected":false},"featured_media":1802,"comment_status":"open","ping_status":"closed","template":"","meta":{"_et_pb_use_builder":"","_et_pb_old_content":"","_et_gb_content_width":""},"product_brand":[],"product_cat":[1550,1536,1552,1376],"product_tag":[1380],"class_list":{"0":"post-1799","1":"product","2":"type-product","3":"status-publish","4":"has-post-thumbnail","6":"product_cat-double-acting-hydraulic-cylinder","7":"product_cat-offshore-platform-hydraulic-cylinders","8":"product_cat-stainless-steel-hydraulic-cylinder","9":"product_cat-hydraulic-cylinder","10":"product_tag-hydraulic-cylinder","12":"first","13":"instock","14":"shipping-taxable","15":"product-type-simple"},"amp_enabled":true,"_links":{"self":[{"href":"https:\/\/www.hydraulic-cylinders.net\/sl\/wp-json\/wp\/v2\/product\/1799","targetHints":{"allow":["GET"]}}],"collection":[{"href":"https:\/\/www.hydraulic-cylinders.net\/sl\/wp-json\/wp\/v2\/product"}],"about":[{"href":"https:\/\/www.hydraulic-cylinders.net\/sl\/wp-json\/wp\/v2\/types\/product"}],"replies":[{"embeddable":true,"href":"https:\/\/www.hydraulic-cylinders.net\/sl\/wp-json\/wp\/v2\/comments?post=1799"}],"wp:featuredmedia":[{"embeddable":true,"href":"https:\/\/www.hydraulic-cylinders.net\/sl\/wp-json\/wp\/v2\/media\/1802"}],"wp:attachment":[{"href":"https:\/\/www.hydraulic-cylinders.net\/sl\/wp-json\/wp\/v2\/media?parent=1799"}],"wp:term":[{"taxonomy":"product_brand","embeddable":true,"href":"https:\/\/www.hydraulic-cylinders.net\/sl\/wp-json\/wp\/v2\/product_brand?post=1799"},{"taxonomy":"product_cat","embeddable":true,"href":"https:\/\/www.hydraulic-cylinders.net\/sl\/wp-json\/wp\/v2\/product_cat?post=1799"},{"taxonomy":"product_tag","embeddable":true,"href":"https:\/\/www.hydraulic-cylinders.net\/sl\/wp-json\/wp\/v2\/product_tag?post=1799"}],"curies":[{"name":"delovni list","href":"https:\/\/api.w.org\/{rel}","templated":true}]}}