{"id":1876,"date":"2023-10-18T07:38:14","date_gmt":"2023-10-18T07:38:14","guid":{"rendered":"https:\/\/hydraulic-cylinders.net\/?post_type=product&#038;p=1876"},"modified":"2025-04-11T02:52:11","modified_gmt":"2025-04-11T02:52:11","slug":"shield-machine-thrust-cylinder","status":"publish","type":"product","link":"https:\/\/www.hydraulic-cylinders.net\/sl\/izdelek\/shield-machine-thrust-cylinder\/","title":{"rendered":"Potisni valj \u0161\u010ditnega stroja"},"content":{"rendered":"<h1 style=\"text-align: center;\"><strong>Potisni valj \u0161\u010ditnega stroja<\/strong><\/h1>\n<p><img loading=\"lazy\" decoding=\"async\" class=\"aligncenter wp-image-1879\" src=\"https:\/\/hydraulic-cylinders.net\/wp-content\/uploads\/2023\/10\/thrust-cylinder-1-300x300.webp\" alt=\"\" width=\"400\" height=\"400\" \/><\/p>\n<p>Potisni valj za \u0161\u010ditne stroje je visokozmogljiv hidravli\u010dni valj, posebej zasnovan za \u0161\u010ditne stroje, ki se uporabljajo pri podzemni gradnji in projektih predorov. S svojo izjemno mo\u010djo, natan\u010dnostjo in vzdr\u017eljivostjo ta valj zagotavlja nemoteno in u\u010dinkovito delovanje predorov. Oglejmo si klju\u010dne zna\u010dilnosti, na\u010dine uporabe in nasvete za vzdr\u017eevanje tega izjemnega izdelka.<\/p>\n<p>Potisni valj \u0161\u010ditnega stroja je nepogre\u0161ljiv sestavni del za uspe\u0161ne predorne operacije. Z robustno konstrukcijo, visoko potisno zmogljivostjo, natan\u010dnim krmiljenjem in prilagodljivo zasnovo ta valj omogo\u010da \u0161\u010ditnim strojem izkopavanje z neprimerljivo u\u010dinkovitostjo in natan\u010dnostjo. Z upo\u0161tevanjem priporo\u010denih metod uporabe in rednim vzdr\u017eevanjem bo potisni valj \u0161\u010ditnega stroja \u0161e naprej zagotavljal izjemno zmogljivost in nemoten potek va\u0161ih podzemnih gradbenih projektov. Izkusite mo\u010d, natan\u010dnost in zanesljivost potisnega valja \u0161\u010ditnega stroja ter sprostite polni potencial svojih predorskih podvigov.<\/p>\n<p>Klju\u010dne zna\u010dilnosti potisnega cilindra \u0161\u010ditnega stroja:<\/p>\n<ul>\n<li>Robustna konstrukcija: Potisni valj \u0161\u010ditnega stroja je izdelan iz robustne konstrukcije z uporabo visokokakovostnih materialov, ki prenesejo zahtevne pogoje pri podzemni gradnji. Njegova trpe\u017ena zasnova zagotavlja dolgo \u017eivljenjsko dobo, zanesljivost in odpornost na mehanske obremenitve, kar zagotavlja trdne temelje za uspe\u0161ne projekte gradnje predorov.<\/li>\n<li>Visoka potisna zmogljivost: Ta valj, zasnovan za te\u017eka dela, zagotavlja impresivno potisno zmogljivost, kar omogo\u010da u\u010dinkovito izkopavanje in predore. Zaradi visoke izhodne sile se stroj za \u0161\u010dite brez napora premika skozi razli\u010dne vrste tal, kar zagotavlja maksimalno produktivnost in u\u010dinkovitost projekta.<\/li>\n<li>Natan\u010den nadzor in poravnava: Potisni valj ima napredne hidravli\u010dne krmilne mehanizme, ki zagotavljajo natan\u010den nadzor in poravnavo med izkopavanjem. To zagotavlja natan\u010dno pozicioniranje \u0161\u010ditnega stroja, kar zmanj\u0161uje tveganje odstopanj ali neporavnav ter posledi\u010dno omogo\u010da natan\u010dno kopanje predorov in izbolj\u0161ane rezultate projekta.<\/li>\n<li>Prilagodljiva zasnova: Potisni valj \u0161\u010ditnega stroja ponuja mo\u017enosti prilagoditve specifi\u010dnim projektnim zahtevam. Z razli\u010dnimi dol\u017einami hoda, velikostmi izvrtin in konfiguracijami monta\u017ee ga je mogo\u010de prilagoditi razli\u010dnim modelom \u0161\u010ditnih strojev in projektnim specifikacijam, kar zagotavlja brezhibno integracijo in optimalno delovanje.<\/li>\n<\/ul>\n<h2><strong>Parameter potisnega cilindra \u0161\u010ditnega stroja:<\/strong><\/h2>\n<table border=\"1\" cellspacing=\"0\" cellpadding=\"0\">\n<tbody>\n<tr>\n<td>Ime izdelka<\/td>\n<td>Potisni valj \u0161\u010ditnega stroja<\/td>\n<\/tr>\n<tr>\n<td>Zna\u010dilnosti:<\/td>\n<td>Premakni \u0161\u010ditni stroj naprej<\/td>\n<\/tr>\n<tr>\n<td>Premer izvrtine:<\/td>\n<td>140 mm\uff5e550 mm<\/td>\n<\/tr>\n<tr>\n<td>Premer palice:<\/td>\n<td>120 mm\uff5e420 mm<br \/>\nHod: 900 mm\uff5e4100 mm<\/td>\n<\/tr>\n<tr>\n<td>Tlak:<\/td>\n<td>do 35 MPa<br \/>\nPosebne zahteve lahko dose\u017eejo do 45 MPa<\/td>\n<\/tr>\n<tr>\n<td>Uporaba:<\/td>\n<td>\u0160\u010ditni stroj, stroji za vrtanje predorov<\/td>\n<\/tr>\n<\/tbody>\n<\/table>\n<h2><strong>Uporaba potisnega cilindra \u0161\u010ditnega stroja:<\/strong><\/h2>\n<p><img loading=\"lazy\" decoding=\"async\" class=\"alignnone wp-image-1875 size-full\" src=\"https:\/\/hydraulic-cylinders.net\/wp-content\/uploads\/2023\/10\/harsh-corrosive-cylinder-1.webp\" alt=\"\" width=\"1418\" height=\"946\" srcset=\"https:\/\/hydraulic-cylinders.net\/wp-content\/uploads\/2023\/10\/harsh-corrosive-cylinder-1.webp 1418w, https:\/\/hydraulic-cylinders.net\/wp-content\/uploads\/2023\/10\/harsh-corrosive-cylinder-1-1280x854.webp 1280w, https:\/\/hydraulic-cylinders.net\/wp-content\/uploads\/2023\/10\/harsh-corrosive-cylinder-1-980x654.webp 980w, https:\/\/hydraulic-cylinders.net\/wp-content\/uploads\/2023\/10\/harsh-corrosive-cylinder-1-480x320.webp 480w\" sizes=\"(min-width: 0px) and (max-width: 480px) 480px, (min-width: 481px) and (max-width: 980px) 980px, (min-width: 981px) and (max-width: 1280px) 1280px, (min-width: 1281px) 1418px, 100vw\" \/><\/p>\n<h2><strong>Metoda uporabe potisnega cilindra \u0161\u010ditnega stroja<\/strong><strong>:<\/strong><\/h2>\n<ul>\n<li><strong>Ocena projekta:<\/strong> Pred namestitvijo potisnega cilindra \u0161\u010ditnega stroja ocenite zahteve projekta, vklju\u010dno s talnimi razmerami, dimenzijami predora in pri\u010dakovanimi obremenitvami. Ta ocena bo pomagala dolo\u010diti ustrezne specifikacije in konfiguracijo cilindra.<\/li>\n<li><strong>Namestitev in integracija:<\/strong> Za uspe\u0161no namestitev sledite tem korakom:\n<ul>\n<li>Potisni valj varno namestite na \u0161\u010ditni stroj in pri tem zagotovite pravilno poravnavo in stabilnost v skladu z navodili proizvajalca.<\/li>\n<li>Hidravli\u010dne cevi priklju\u010dite na valj in pri tem zagotovite tesne in netesne povezave. Preverite zdru\u017eljivost s hidravli\u010dnim sistemom in uporabite ustrezne priklju\u010dke in cevi.<\/li>\n<\/ul>\n<\/li>\n<li><strong>Nastavitev hidravli\u010dnega sistema:<\/strong> Integrirajte valj v hidravli\u010dni sistem \u0161\u010ditnega stroja in ga priklju\u010dite na zanesljiv vir energije in krmilni mehanizem. Pravilna nastavitev in kalibracija hidravli\u010dnega sistema sta klju\u010dnega pomena za optimalno delovanje in varnost.<\/li>\n<li><strong>Operativni parametri:<\/strong> Prilagodite parametre hidravli\u010dnega sistema, kot sta tlak in pretok, da se uskladijo z zahtevami izkopa. Upo\u0161tevajte priporo\u010dila proizvajalca in se po potrebi posvetujte s strokovnjaki za hidravliko.<\/li>\n<\/ul>\n<h2><strong>Kako odzra\u010diti hidravli\u010dni pomo\u017eni valj sklopke?<\/strong><\/h2>\n<p>Specifi\u010dni koraki se lahko razlikujejo glede na znamko in model vozila. Za podrobna navodila in varnostne ukrepe vedno glejte priro\u010dnik za lastnika vozila.<\/p>\n<p>Kaj boste potrebovali:<\/p>\n<ol>\n<li>Zavorna teko\u010dina (za priporo\u010deno vrsto preverite specifikacije vozila)<\/li>\n<li>Prozorna plasti\u010dna cev<\/li>\n<li>Posoda za zbiranje stare zavorne teko\u010dine<\/li>\n<\/ol>\n<p><strong>1. korak: Priprava vozila<\/strong><\/p>\n<ul>\n<li>Vozilo parkirajte na ravni povr\u0161ini in vklopite parkirno zavoro.<\/li>\n<li>Odprite pokrov motorja in poi\u0161\u010dite rezervoar glavnega zavornega valja sklopke. Obi\u010dajno se nahaja v bli\u017eini glavnega zavornega valja.<\/li>\n<\/ul>\n<p><strong>2. korak: Napolnite rezervoar glavnega cilindra sklopke<\/strong><\/p>\n<ul>\n<li>Odstranite pokrov\u010dek z rezervoarja glavnega cilindra sklopke.<\/li>\n<li>Preverite nivo teko\u010dine in se prepri\u010dajte, da je na priporo\u010deni ravni. Po potrebi dolijte predpisano zavorno teko\u010dino, da dose\u017eete pravilno raven. Pazite, da je ne prelijete.<\/li>\n<\/ul>\n<p><strong>3. korak: Poi\u0161\u010dite pomo\u017eni valj sklopke<\/strong><\/p>\n<ul>\n<li>Poi\u0161\u010dite glavni valj sklopke, ki je obi\u010dajno name\u0161\u010den na ohi\u0161ju zvonca menjalnika ali v njegovi bli\u017eini.<\/li>\n<li>Poi\u0161\u010dite odzra\u010devalni ventil na delovnem cilindru. Gre za majhen ventil s protipra\u0161nim pokrov\u010dkom.<\/li>\n<\/ul>\n<p><strong>4. korak: Pritrdite cev<\/strong><\/p>\n<ul>\n<li>En konec prozorne plasti\u010dne cevi pritrdite na odzra\u010devalni ventil na delovnem valju. Drugi konec polo\u017eite v posodo za zbiranje stare zavorne teko\u010dine.<\/li>\n<\/ul>\n<p><strong>5. korak: Postopek krvavitve<\/strong><\/p>\n<ul>\n<li>Za pomo\u010d pri krvavitvi prosite asistenta.<\/li>\n<li>Naro\u010dite svojemu pomo\u010dniku, naj pritisne pedal sklopke in ga dr\u017ei pri tleh.<\/li>\n<li>Odzra\u010devalni ventil na delovnem cilindru odprite tako, da ga obrnete v nasprotni smeri urinega kazalca. Ko se ventil odpre, se bodo teko\u010dina in zra\u010dni mehur\u010dki potiskali skozi cev v posodo.<\/li>\n<li>Naro\u010dite svojemu asistentu, naj vas obvesti, kdaj pedal sklopke dose\u017ee tla, in naj ga dr\u017eite pritisnjenega.<\/li>\n<\/ul>\n<p><strong>6. korak: Zaprite odzra\u010devalni ventil<\/strong><\/p>\n<ul>\n<li>Ko vas asistent obvesti, da je pedal popolnoma pritisnjen, zaprite odzra\u010devalni ventil v smeri urinega kazalca. Prepri\u010dajte se, da je tesno zaprt.<\/li>\n<\/ul>\n<p><strong>7. korak: Ponovite postopek<\/strong><\/p>\n<ul>\n<li>Pomo\u010dniku naro\u010dite, naj po\u010dasi spusti pedal sklopke. Ko bo spustil pedal, se bodo v sistem vsesali zra\u010dni mehur\u010dki in teko\u010dina.<\/li>\n<li>Postopek odzra\u010devanja ponovite tako, da odprete odzra\u010devalni ventil, va\u0161 pomo\u010dnik pritisne pedal sklopke in nato zaprete ventil. Ta postopek ponovite ve\u010dkrat, dokler v cevi ni ve\u010d vidnih zra\u010dnih mehur\u010dkov.<\/li>\n<\/ul>\n<p><strong>8. korak: Preverite nivo teko\u010dine in po potrebi ponovite<\/strong><\/p>\n<ul>\n<li>Po odzra\u010devanju preverite nivo zavorne teko\u010dine v posodi glavnega cilindra sklopke. Po potrebi dolijte zavorno teko\u010dino, da ohranite priporo\u010deni nivo.<\/li>\n<li>\u010ce je pedal sklopke \u0161e vedno mehak ali neenakomeren, postopek odzra\u010devanja ponavljajte, dokler ne dose\u017eete trdnega ob\u010dutka pri pritisku na pedal.<\/li>\n<\/ul>\n<p><strong>9. korak: Kon\u010dni pregledi<\/strong><\/p>\n<ul>\n<li>Ko je postopek odzra\u010devanja kon\u010dan, se prepri\u010dajte, da je odzra\u010devalni ventil tesno zaprt.<\/li>\n<li>Odstranite plasti\u010dno cevko in o\u010distite morebitno razlito zavorno teko\u010dino.<\/li>\n<li>Zamenjajte pokrov\u010dek rezervoarja glavnega cilindra sklopke.<\/li>\n<\/ul>\n<h2><strong>Zmogljivost in zmogljivost tovarne:<\/strong><\/h2>\n<h3>(1) Sestavljanje<\/h3>\n<p>Imamo prvovrstno neodvisno platformo za raziskave in razvoj. Delavnica za proizvodnjo hidravli\u010dnih cilindrov ima \u0161tiri polavtomatske monta\u017ene linije za dvi\u017ene cilindre in eno avtomatsko monta\u017eno linijo za nagibne cilindre z letno proizvodno zmogljivostjo 1 milijona kosov. Delavnica za posebne cilindre je opremljena z razli\u010dnimi specifikacijami polavtomatskega sistema za \u010di\u0161\u010denje in monta\u017eo z letno proizvodno zmogljivostjo 200.000 kosov ter znano CNC obdelovalno opremo, obdelovalnim centrom, visoko precizno posebno opremo za obdelavo cilindrov, robotskim varilnim strojem, avtomatskim \u010distilnim strojem, avtomatskim strojem za monta\u017eo cilindrov in avtomatsko proizvodno linijo za barvanje. Obstoje\u010da kriti\u010dna oprema obsega ve\u010d kot 300 kompletov (kompletov). Optimalna razporeditev in u\u010dinkovita uporaba opremnih virov zagotavljata zahteve glede natan\u010dnosti izdelkov in izpolnjujeta visoke zahteve glede kakovosti izdelkov.<\/p>\n<p><img loading=\"lazy\" decoding=\"async\" class=\"alignnone wp-image-626\" src=\"https:\/\/hydraulic-cylinders.net\/wp-content\/uploads\/2023\/08\/hydraulic-cylinder-product-1-300x158.webp\" alt=\"\" width=\"495\" height=\"260\" srcset=\"https:\/\/hydraulic-cylinders.net\/wp-content\/uploads\/2023\/08\/hydraulic-cylinder-product-1-300x158.webp 495w, https:\/\/hydraulic-cylinders.net\/wp-content\/uploads\/2023\/08\/hydraulic-cylinder-product-1-480x252.webp 480w\" sizes=\"(min-width: 0px) and (max-width: 480px) 480px, (min-width: 481px) 495px, 100vw\" \/> <img loading=\"lazy\" decoding=\"async\" class=\"alignnone wp-image-627\" src=\"https:\/\/hydraulic-cylinders.net\/wp-content\/uploads\/2023\/08\/hydraulic-cylinder-product-2-300x189.webp\" alt=\"\" width=\"413\" height=\"260\" \/><\/p>\n<h3>(2) Strojna obdelava<\/h3>\n<p>Strojna delavnica je opremljena s prilagojenim centrom za stru\u017eenje nagnjenih tirnic, obdelovalnim centrom, visokohitrostnim strojem za honanje, varilnim robotom in drugo sorodno opremo, ki lahko obdeluje cilindri\u010dne cevi z najve\u010djim notranjim premerom 400 mm in najve\u010djo dol\u017eino 6 metrov.<\/p>\n<p><img loading=\"lazy\" decoding=\"async\" class=\"alignnone wp-image-628 size-large\" src=\"https:\/\/hydraulic-cylinders.net\/wp-content\/uploads\/2023\/08\/hydraulic-cylinder-product-3-1024x391.webp\" alt=\"\" width=\"1024\" height=\"391\" srcset=\"https:\/\/hydraulic-cylinders.net\/wp-content\/uploads\/2023\/08\/hydraulic-cylinder-product-3-980x374.webp 980w, https:\/\/hydraulic-cylinders.net\/wp-content\/uploads\/2023\/08\/hydraulic-cylinder-product-3-480x183.webp 480w\" sizes=\"(min-width: 0px) and (max-width: 480px) 480px, (min-width: 481px) and (max-width: 980px) 980px, (min-width: 981px) 1024px, 100vw\" \/><\/p>\n<h3>(3) Varjenje<\/h3>\n<p><img loading=\"lazy\" decoding=\"async\" class=\"alignnone wp-image-629 size-large\" src=\"https:\/\/hydraulic-cylinders.net\/wp-content\/uploads\/2023\/08\/hydraulic-cylinder-product-4-1024x510.webp\" alt=\"\" width=\"1024\" height=\"510\" srcset=\"https:\/\/hydraulic-cylinders.net\/wp-content\/uploads\/2023\/08\/hydraulic-cylinder-product-4-980x488.webp 980w, https:\/\/hydraulic-cylinders.net\/wp-content\/uploads\/2023\/08\/hydraulic-cylinder-product-4-480x239.webp 480w\" sizes=\"(min-width: 0px) and (max-width: 480px) 480px, (min-width: 481px) and (max-width: 980px) 980px, (min-width: 981px) 1024px, 100vw\" \/><\/p>\n<h3>(4) Barvanje in premazovanje<\/h3>\n<p>Z majhnimi in srednje velikimi cilindri\u010dnimi avtomatskimi linijami za barvanje na vodni osnovi, za doseganje avtomatskega nakladanja in razkladanja robotov ter avtomatskega brizganja, je projektna zmogljivost 4000 kosov na izmeno;<br \/>\nImamo tudi polavtomatsko linijo za proizvodnjo barv za velike jeklenke, ki jo poganja veriga, s projektno zmogljivostjo 60 zabojev na izmeno.<\/p>\n<p><img loading=\"lazy\" decoding=\"async\" class=\"alignnone wp-image-630\" src=\"https:\/\/hydraulic-cylinders.net\/wp-content\/uploads\/2023\/08\/hydraulic-cylinder-product-5-300x213.webp\" alt=\"\" width=\"366\" height=\"260\" \/> <img loading=\"lazy\" decoding=\"async\" class=\"alignnone wp-image-631\" src=\"https:\/\/hydraulic-cylinders.net\/wp-content\/uploads\/2023\/08\/hydraulic-cylinder-product-6-300x225.webp\" alt=\"\" width=\"347\" height=\"260\" \/><\/p>\n<h3>(5) Testiranje<\/h3>\n<p>Imamo prvovrstne in\u0161pekcijske prostore in testne postaje, s katerimi zagotavljamo, da delovanje jeklenke izpolnjuje zahteve.<\/p>\n<p><img loading=\"lazy\" decoding=\"async\" class=\"alignnone wp-image-632\" src=\"https:\/\/hydraulic-cylinders.net\/wp-content\/uploads\/2023\/08\/hydraulic-cylinder-product-8-300x200.webp\" alt=\"\" width=\"389\" height=\"260\" \/><\/p>\n<p>&nbsp;<\/p>\n<p>&nbsp;<\/p>\n<p>Smo eden najbolj\u0161ih proizvajalcev hidravli\u010dnih cilindrov. Ponujamo vam celovite hidravli\u010dne cilindre. Zagotavljamo tudi ustrezne <a href=\"https:\/\/hzpt.com\/agricultural-pto-gearbox\/\" target=\"_blank\" rel=\"noopener\">kmetijski menjalniki<\/a>Na\u0161e izdelke smo izvozili strankam po vsem svetu in si prislu\u017eili dober ugled zaradi vrhunske kakovosti izdelkov in poprodajnih storitev. Z veseljem vas vabimo, da nas kontaktirate za poslovne dogovore, izmenjavo informacij in ... <a href=\"https:\/\/www.hydraulic-cylinders.net\/sl\/contact-us\/\">sodelujte z nami<\/a>!<\/p>\n<p>&nbsp;<\/p>","protected":false},"excerpt":{"rendered":"<p>Shield Machine Thrust Cylinder The shield machine thrust cylinder is a high-performance hydraulic cylinder explicitly designed for shield machines used in underground construction and tunneling projects. With its exceptional power, precision, and durability, this cylinder ensures smooth and efficient tunneling operations. Let&#8217;s explore this remarkable product&#8217;s key characteristics, usage methods, and maintenance tips. The shield [&hellip;]<\/p>","protected":false},"featured_media":1880,"comment_status":"open","ping_status":"closed","template":"","meta":{"_et_pb_use_builder":"","_et_pb_old_content":"","_et_gb_content_width":""},"product_brand":[],"product_cat":[1519,1549],"product_tag":[1380],"class_list":{"0":"post-1876","1":"product","2":"type-product","3":"status-publish","4":"has-post-thumbnail","6":"product_cat-shield-machine-hydraulic-cylinders","7":"product_cat-single-acting-hydraulic-cylinder","8":"product_tag-hydraulic-cylinder","10":"first","11":"instock","12":"shipping-taxable","13":"product-type-simple"},"amp_enabled":true,"_links":{"self":[{"href":"https:\/\/www.hydraulic-cylinders.net\/sl\/wp-json\/wp\/v2\/product\/1876","targetHints":{"allow":["GET"]}}],"collection":[{"href":"https:\/\/www.hydraulic-cylinders.net\/sl\/wp-json\/wp\/v2\/product"}],"about":[{"href":"https:\/\/www.hydraulic-cylinders.net\/sl\/wp-json\/wp\/v2\/types\/product"}],"replies":[{"embeddable":true,"href":"https:\/\/www.hydraulic-cylinders.net\/sl\/wp-json\/wp\/v2\/comments?post=1876"}],"wp:featuredmedia":[{"embeddable":true,"href":"https:\/\/www.hydraulic-cylinders.net\/sl\/wp-json\/wp\/v2\/media\/1880"}],"wp:attachment":[{"href":"https:\/\/www.hydraulic-cylinders.net\/sl\/wp-json\/wp\/v2\/media?parent=1876"}],"wp:term":[{"taxonomy":"product_brand","embeddable":true,"href":"https:\/\/www.hydraulic-cylinders.net\/sl\/wp-json\/wp\/v2\/product_brand?post=1876"},{"taxonomy":"product_cat","embeddable":true,"href":"https:\/\/www.hydraulic-cylinders.net\/sl\/wp-json\/wp\/v2\/product_cat?post=1876"},{"taxonomy":"product_tag","embeddable":true,"href":"https:\/\/www.hydraulic-cylinders.net\/sl\/wp-json\/wp\/v2\/product_tag?post=1876"}],"curies":[{"name":"delovni list","href":"https:\/\/api.w.org\/{rel}","templated":true}]}}