{"id":1882,"date":"2023-10-18T08:18:09","date_gmt":"2023-10-18T08:18:09","guid":{"rendered":"https:\/\/hydraulic-cylinders.net\/?post_type=product&#038;p=1882"},"modified":"2025-04-11T02:52:07","modified_gmt":"2025-04-11T02:52:07","slug":"shield-machine-assembly-lifting-cylinder","status":"publish","type":"product","link":"https:\/\/www.hydraulic-cylinders.net\/sl\/izdelek\/shield-machine-assembly-lifting-cylinder\/","title":{"rendered":"Dvi\u017eni valj sklopa \u0161\u010ditnega stroja"},"content":{"rendered":"<h1 style=\"text-align: center;\"><strong>Dvi\u017eni valj sklopa \u0161\u010ditnega stroja<\/strong><\/h1>\n<p><img loading=\"lazy\" decoding=\"async\" class=\"aligncenter wp-image-1884\" src=\"https:\/\/hydraulic-cylinders.net\/wp-content\/uploads\/2023\/10\/assembly-lifting-cylinder-1-300x300.webp\" alt=\"\" width=\"400\" height=\"400\" \/><\/p>\n<p>Dvi\u017eni valj za monta\u017eo \u0161\u010ditnih strojev je napredna hidravli\u010dna komponenta, posebej zasnovana za \u0161\u010ditne stroje, ki se uporabljajo pri gradbenih projektih predorov. Ta valj zagotavlja u\u010dinkovite in natan\u010dne monta\u017ene operacije s svojimi izjemnimi dvi\u017enimi zmogljivostmi, zanesljivostjo in natan\u010dnostjo. Ta \u010dlanek bo raziskal klju\u010dne zna\u010dilnosti, na\u010dine uporabe in smernice za vzdr\u017eevanje tega izjemnega izdelka.<\/p>\n<p>Dvi\u017eni valj za monta\u017eo \u0161\u010ditnih strojev je zanesljiva in robustna hidravli\u010dna komponenta, ki revolucionira postopek monta\u017ee pri gradnji predorov. Z izjemno dvi\u017eno zmogljivostjo, natan\u010dnim nadzorom in vzdr\u017eljivostjo ta valj izbolj\u0161a u\u010dinkovitost in natan\u010dnost, skraj\u0161a \u010dasovne okvire projektov in izbolj\u0161a produktivnost. Z upo\u0161tevanjem priporo\u010denih metod uporabe in rednih vzdr\u017eevalnih praks bo dvi\u017eni valj za monta\u017eo \u0161\u010ditnih strojev \u0161e naprej zagotavljal izjemno zmogljivost, kar bo zagotavljalo nemoteno monta\u017eo in uspe\u0161ne podvige pri gradnji predorov. Izbolj\u0161ajte svoje gradbene projekte z u\u010dinkovitostjo in natan\u010dnostjo dvi\u017enega cilindra za monta\u017eo \u0161\u010ditnih strojev.<\/p>\n<p>Klju\u010dne zna\u010dilnosti zglobnega cilindra Shield Machine:<\/p>\n<ul>\n<li>Zmogljiva dvi\u017ena zmogljivost: Dvi\u017eni valj za sestavljanje \u0161\u010ditnega stroja se pona\u0161a z robustno zasnovo, ki omogo\u010da enostavno rokovanje s te\u017ekimi bremeni. Z visoko dvi\u017eno zmogljivostjo ta valj omogo\u010da gladko in u\u010dinkovito sestavljanje komponent \u0161\u010ditnega stroja, kar skraj\u0161a \u010das gradnje in pove\u010da produktivnost.<\/li>\n<li>Natan\u010den nadzor: Ta valj, opremljen z naprednimi hidravli\u010dnimi krmilnimi sistemi, zagotavlja natan\u010den in odziven nadzor nad dvigovanjem. Operaterji lahko natan\u010dno prilagodijo hitrost in polo\u017eaj dvigovanja, kar zagotavlja optimalno poravnavo in zmanj\u0161uje tveganje napak med postopkom monta\u017ee.<\/li>\n<li>Vzdr\u017eljivost in zanesljivost: Dvi\u017eni valj za monta\u017eo \u0161\u010ditnih strojev je izdelan iz visokokakovostnih materialov in izdelan tako, da prenese zahtevne pogoje pri gradnji predorov, zato odlikuje izjemna vzdr\u017eljivost in zanesljivost. Njegova robustna konstrukcija zagotavlja dolgotrajno delovanje, kar zmanj\u0161uje \u010das izpada in stro\u0161ke vzdr\u017eevanja.<\/li>\n<li>Varnostne funkcije: Jeklenka ima varnostne funkcije, ki dajejo prednost dobremu po\u010dutju upravljavcev in okolice. Te funkcije lahko vklju\u010dujejo mehanizme za za\u0161\u010dito pred preobremenitvijo, funkcijo zaustavitve v sili in varnostne sisteme za prepre\u010devanje nesre\u010d in zagotavljanje varnega dvigovanja.<\/li>\n<\/ul>\n<h2><strong>Parameter zglobnega cilindra \u0161\u010ditnega stroja:<\/strong><\/h2>\n<table border=\"1\" cellspacing=\"0\" cellpadding=\"0\">\n<tbody>\n<tr>\n<td>Ime izdelka<\/td>\n<td>Zglobni valj stroja Shield<\/td>\n<\/tr>\n<tr>\n<td>Zna\u010dilnosti:<\/td>\n<td>Aktivna artikulacija: krmiljenje rezalne glave\/koordinirana menjava orodja<br \/>\nPasivna artikulacija: povlecite rep \u0161\u010dita naprej<\/td>\n<\/tr>\n<tr>\n<td>Premer izvrtine:<\/td>\n<td>125 mm\uff5e550 mm<\/td>\n<\/tr>\n<tr>\n<td>Premer palice:<\/td>\n<td>\u00a070 mm\uff5e370 mm<br \/>\nHod 140 mm\uff5e1200 mm<\/td>\n<\/tr>\n<tr>\n<td>Tlak:<\/td>\n<td>Do 35 MPa<\/td>\n<\/tr>\n<tr>\n<td>Uporaba:<\/td>\n<td>\u0160\u010ditni stroj, stroji za vrtanje predorov<\/td>\n<\/tr>\n<\/tbody>\n<\/table>\n<h2><strong>Uporaba potisnega cilindra \u0161\u010ditnega stroja:<\/strong><\/h2>\n<p><img loading=\"lazy\" decoding=\"async\" class=\"alignnone wp-image-1875 size-full\" src=\"https:\/\/hydraulic-cylinders.net\/wp-content\/uploads\/2023\/10\/harsh-corrosive-cylinder-1.webp\" alt=\"\" width=\"1418\" height=\"946\" srcset=\"https:\/\/hydraulic-cylinders.net\/wp-content\/uploads\/2023\/10\/harsh-corrosive-cylinder-1.webp 1418w, https:\/\/hydraulic-cylinders.net\/wp-content\/uploads\/2023\/10\/harsh-corrosive-cylinder-1-1280x854.webp 1280w, https:\/\/hydraulic-cylinders.net\/wp-content\/uploads\/2023\/10\/harsh-corrosive-cylinder-1-980x654.webp 980w, https:\/\/hydraulic-cylinders.net\/wp-content\/uploads\/2023\/10\/harsh-corrosive-cylinder-1-480x320.webp 480w\" sizes=\"(min-width: 0px) and (max-width: 480px) 480px, (min-width: 481px) and (max-width: 980px) 980px, (min-width: 981px) and (max-width: 1280px) 1280px, (min-width: 1281px) 1418px, 100vw\" \/><\/p>\n<h2><strong>Metoda uporabe zglobnega cilindra \u0161\u010ditnega stroja<\/strong><strong>:<\/strong><\/h2>\n<ul>\n<li><strong>Na\u010drtovanje pred monta\u017eo:<\/strong> Pred za\u010detkom postopka monta\u017ee opravite temeljito oceno komponent \u0161\u010ditnega stroja, zaporedja monta\u017ee in varnostnih zahtev. Na\u010drtujte dvi\u017ene to\u010dke in dolo\u010dite ustrezen polo\u017eaj dvi\u017enega cilindra sklopa \u0161\u010ditnega stroja za optimalno u\u010dinkovitost in stabilnost dvigovanja.<\/li>\n<li><strong>Namestitev cilindra:<\/strong>\u00a0 Varno namestite dvi\u017eni valj sklopa \u0161\u010ditnega stroja na \u0161\u010ditni stroj in pri tem zagotovite varno pritrditev in poravnavo v skladu z navodili proizvajalca. Za stabilno povezavo uporabite ustrezno monta\u017eno opremo, kot so vijaki ali nosilci.<\/li>\n<li><strong>Integracija hidravli\u010dnega sistema:<\/strong> Priklju\u010dite jeklenko na hidravli\u010dni sistem stroja za za\u0161\u010dito z uporabo zdru\u017eljivih cevi in \u200b\u200bspojk. Zagotovite tesne in neprepustne povezave, da prepre\u010dite pu\u0161\u010danje hidravli\u010dne teko\u010dine in ohranite optimalno delovanje sistema.<\/li>\n<li><strong>Operativni nadzor:<\/strong> Seznanite se s krmilnimi mehanizmi in postopki delovanja dvi\u017enega cilindra monta\u017enega stroja Shield. Razumite krmilne vhode in njihove ustrezne u\u010dinke na dvigovanje. Vadite upravljanje krmilnih elementov, da pridobite znanje in zagotovite nemoteno in natan\u010dno dvigovanje med postopkom monta\u017ee.<\/li>\n<\/ul>\n<h2><strong>Kako odzra\u010diti enosmerni hidravli\u010dni cilinder?<\/strong><\/h2>\n<p>Odzra\u010devanje enosmernega hidravli\u010dnega cilindra je relativno preprost postopek. Pri enosmernih cilindrih na eno stran bata deluje tlak teko\u010dine, druga stran pa se za vrnitev v prvotni polo\u017eaj zana\u0161a na gravitacijo ali zunanjo silo. Tukaj je podroben vodnik za odzra\u010devanje enosmernega hidravli\u010dnega cilindra:<\/p>\n<ol>\n<li><strong>Priprava:<\/strong>\n<ul>\n<li>Prepri\u010dajte se, da je hidravli\u010dni sistem izklopljen in da je tlak spro\u0161\u010den.<\/li>\n<li>Za za\u0161\u010dito pred hidravli\u010dno teko\u010dino si nadenite osebno za\u0161\u010ditno opremo, rokavice in za\u0161\u010ditna o\u010dala.<\/li>\n<\/ul>\n<\/li>\n<li><strong>Prepoznajte odzra\u010devalni ventil:<\/strong>\n<ul>\n<li>Poi\u0161\u010dite odzra\u010devalni ventil na hidravli\u010dnem cilindru. Obi\u010dajno je to majhen priklju\u010dek s pokrov\u010dkom za prah. Odzra\u010devalni ventil omogo\u010da, da zrak, ujet v cilindru, uide.<\/li>\n<\/ul>\n<\/li>\n<li><strong>Polo\u017eaj cilindra:<\/strong>\n<ul>\n<li>Premaknite jeklenko v popolnoma uvle\u010den polo\u017eaj. To zagotavlja dostop do odzra\u010devalnega ventila in omogo\u010da, da se zrak dvigne na vrh jeklenke.<\/li>\n<\/ul>\n<\/li>\n<li><strong>Odstranite pokrov\u010dek za prah:<\/strong>\n<ul>\n<li>Snemite pokrov\u010dek z odzra\u010devalnega ventila. Shranite ga na varno mesto.<\/li>\n<\/ul>\n<\/li>\n<li><strong>Odprite odzra\u010devalni ventil:<\/strong>\n<ul>\n<li>Z ustreznim klju\u010dem ali orodjem obrnite odzra\u010devalni ventil v nasprotni smeri urinega kazalca, da ga odprete. To omogo\u010di, da zrak in morebitna ujeta teko\u010dina uideta iz valja.<\/li>\n<\/ul>\n<\/li>\n<li><strong>Raztegnite valj:<\/strong>\n<ul>\n<li>Hidravli\u010dni tlak v valju ustvarite tako, da aktivirate hidravli\u010dno \u010drpalko ali ventil, ki krmili valj. To povzro\u010di, da se valj raztegne in potisne teko\u010dino in zrak ven skozi odprt odzra\u010devalni ventil.<\/li>\n<\/ul>\n<\/li>\n<li><strong>Opazujte pretok teko\u010dine:<\/strong>\n<ul>\n<li>Opazujte pretok teko\u010dine iz odzra\u010devalnega ventila. Sprva boste morda opazili, da skupaj s teko\u010dino izstopajo zra\u010dni mehur\u010dki. Pustite, da teko\u010dina te\u010de, dokler mehur\u010dkov ni ve\u010d, kar pomeni, da je bil zrak odstranjen iz valja.<\/li>\n<\/ul>\n<\/li>\n<li><strong>Zaprite odzra\u010devalni ventil:<\/strong>\n<ul>\n<li>Ko odstranite vse zra\u010dne mehur\u010dke, zaprite odzra\u010devalni ventil v smeri urinega kazalca. Prepri\u010dajte se, da je tesno zaprt, da prepre\u010dite pu\u0161\u010danje teko\u010dine.<\/li>\n<\/ul>\n<\/li>\n<li><strong>Zvlecite valj:<\/strong>\n<ul>\n<li>Sprostite hidravli\u010dni tlak in pustite, da se valj popolnoma umakne. To lahko vklju\u010duje aktiviranje krmilnega ventila ali sprostitev kakr\u0161ne koli zunanje sile, ki dr\u017ei valj iztegnjen.<\/li>\n<\/ul>\n<\/li>\n<li><strong>Po potrebi ponovite:<\/strong>\n<ul>\n<li>\u010ce \u0161e vedno opazite zra\u010dne mehur\u010dke ali \u010de je delovanje valja gobasto, ponovite postopek odzra\u010devanja, dokler ne odstranite vsega zraka.<\/li>\n<\/ul>\n<\/li>\n<li><strong>Preverite nivo teko\u010dine:<\/strong>\n<ul>\n<li>Po odzra\u010devanju cilindra preverite nivo hidravli\u010dne teko\u010dine v rezervoarju sistema. Po potrebi dolijte teko\u010dino, da ohranite priporo\u010deni nivo.<\/li>\n<\/ul>\n<\/li>\n<\/ol>\n<h2><strong>Zmogljivost in zmogljivost tovarne:<\/strong><\/h2>\n<h3>(1) Sestavljanje<\/h3>\n<p>Imamo prvovrstno neodvisno platformo za raziskave in razvoj. Delavnica za proizvodnjo hidravli\u010dnih cilindrov ima \u0161tiri polavtomatske monta\u017ene linije za dvi\u017ene cilindre in eno avtomatsko monta\u017eno linijo za nagibne cilindre z letno proizvodno zmogljivostjo 1 milijona kosov. Delavnica za posebne cilindre je opremljena z razli\u010dnimi specifikacijami polavtomatskega sistema za \u010di\u0161\u010denje in monta\u017eo z letno proizvodno zmogljivostjo 200.000 kosov ter znano CNC obdelovalno opremo, obdelovalnim centrom, visoko precizno posebno opremo za obdelavo cilindrov, robotskim varilnim strojem, avtomatskim \u010distilnim strojem, avtomatskim strojem za monta\u017eo cilindrov in avtomatsko proizvodno linijo za barvanje. Obstoje\u010da kriti\u010dna oprema obsega ve\u010d kot 300 kompletov (kompletov). Optimalna razporeditev in u\u010dinkovita uporaba opremnih virov zagotavljata zahteve glede natan\u010dnosti izdelkov in izpolnjujeta visoke zahteve glede kakovosti izdelkov.<\/p>\n<p><img loading=\"lazy\" decoding=\"async\" class=\"alignnone wp-image-626\" src=\"https:\/\/hydraulic-cylinders.net\/wp-content\/uploads\/2023\/08\/hydraulic-cylinder-product-1-300x158.webp\" alt=\"\" width=\"495\" height=\"260\" srcset=\"https:\/\/hydraulic-cylinders.net\/wp-content\/uploads\/2023\/08\/hydraulic-cylinder-product-1-300x158.webp 495w, https:\/\/hydraulic-cylinders.net\/wp-content\/uploads\/2023\/08\/hydraulic-cylinder-product-1-480x252.webp 480w\" sizes=\"(min-width: 0px) and (max-width: 480px) 480px, (min-width: 481px) 495px, 100vw\" \/> <img loading=\"lazy\" decoding=\"async\" class=\"alignnone wp-image-627\" src=\"https:\/\/hydraulic-cylinders.net\/wp-content\/uploads\/2023\/08\/hydraulic-cylinder-product-2-300x189.webp\" alt=\"\" width=\"413\" height=\"260\" \/><\/p>\n<h3>(2) Strojna obdelava<\/h3>\n<p>Strojna delavnica je opremljena s prilagojenim centrom za stru\u017eenje nagnjenih tirnic, obdelovalnim centrom, visokohitrostnim strojem za honanje, varilnim robotom in drugo sorodno opremo, ki lahko obdeluje cilindri\u010dne cevi z najve\u010djim notranjim premerom 400 mm in najve\u010djo dol\u017eino 6 metrov.<\/p>\n<p><img loading=\"lazy\" decoding=\"async\" class=\"alignnone wp-image-628 size-large\" src=\"https:\/\/hydraulic-cylinders.net\/wp-content\/uploads\/2023\/08\/hydraulic-cylinder-product-3-1024x391.webp\" alt=\"\" width=\"1024\" height=\"391\" srcset=\"https:\/\/hydraulic-cylinders.net\/wp-content\/uploads\/2023\/08\/hydraulic-cylinder-product-3-980x374.webp 980w, https:\/\/hydraulic-cylinders.net\/wp-content\/uploads\/2023\/08\/hydraulic-cylinder-product-3-480x183.webp 480w\" sizes=\"(min-width: 0px) and (max-width: 480px) 480px, (min-width: 481px) and (max-width: 980px) 980px, (min-width: 981px) 1024px, 100vw\" \/><\/p>\n<h3>(3) Varjenje<\/h3>\n<p><img loading=\"lazy\" decoding=\"async\" class=\"alignnone wp-image-629 size-large\" src=\"https:\/\/hydraulic-cylinders.net\/wp-content\/uploads\/2023\/08\/hydraulic-cylinder-product-4-1024x510.webp\" alt=\"\" width=\"1024\" height=\"510\" srcset=\"https:\/\/hydraulic-cylinders.net\/wp-content\/uploads\/2023\/08\/hydraulic-cylinder-product-4-980x488.webp 980w, https:\/\/hydraulic-cylinders.net\/wp-content\/uploads\/2023\/08\/hydraulic-cylinder-product-4-480x239.webp 480w\" sizes=\"(min-width: 0px) and (max-width: 480px) 480px, (min-width: 481px) and (max-width: 980px) 980px, (min-width: 981px) 1024px, 100vw\" \/><\/p>\n<h3>(4) Barvanje in premazovanje<\/h3>\n<p>Z majhnimi in srednje velikimi cilindri\u010dnimi avtomatskimi linijami za barvanje na vodni osnovi, za doseganje avtomatskega nakladanja in razkladanja robotov ter avtomatskega brizganja, je projektna zmogljivost 4000 kosov na izmeno;<br \/>\nImamo tudi polavtomatsko linijo za proizvodnjo barv za velike jeklenke, ki jo poganja veriga, s projektno zmogljivostjo 60 zabojev na izmeno.<\/p>\n<p><img loading=\"lazy\" decoding=\"async\" class=\"alignnone wp-image-630\" src=\"https:\/\/hydraulic-cylinders.net\/wp-content\/uploads\/2023\/08\/hydraulic-cylinder-product-5-300x213.webp\" alt=\"\" width=\"366\" height=\"260\" \/> <img loading=\"lazy\" decoding=\"async\" class=\"alignnone wp-image-631\" src=\"https:\/\/hydraulic-cylinders.net\/wp-content\/uploads\/2023\/08\/hydraulic-cylinder-product-6-300x225.webp\" alt=\"\" width=\"347\" height=\"260\" \/><\/p>\n<h3>(5) Testiranje<\/h3>\n<p>Imamo prvovrstne in\u0161pekcijske prostore in testne postaje, s katerimi zagotavljamo, da delovanje jeklenke izpolnjuje zahteve.<\/p>\n<p><img loading=\"lazy\" decoding=\"async\" class=\"alignnone wp-image-632\" src=\"https:\/\/hydraulic-cylinders.net\/wp-content\/uploads\/2023\/08\/hydraulic-cylinder-product-8-300x200.webp\" alt=\"\" width=\"389\" height=\"260\" \/><\/p>\n<p>&nbsp;<\/p>\n<p>&nbsp;<\/p>\n<p>Smo eden najbolj\u0161ih proizvajalcev hidravli\u010dnih cilindrov. Ponujamo vam celovite hidravli\u010dne cilindre. Zagotavljamo tudi ustrezne <a href=\"https:\/\/hzpt.com\/agricultural-pto-gearbox\/\" target=\"_blank\" rel=\"noopener\">kmetijski menjalniki<\/a>Na\u0161e izdelke smo izvozili strankam po vsem svetu in si prislu\u017eili dober ugled zaradi vrhunske kakovosti izdelkov in poprodajnih storitev. Z veseljem vas vabimo, da nas kontaktirate za poslovne dogovore, izmenjavo informacij in ... <a href=\"https:\/\/www.hydraulic-cylinders.net\/sl\/contact-us\/\">sodelujte z nami<\/a>!<\/p>\n<p>&nbsp;<\/p>","protected":false},"excerpt":{"rendered":"<p>Shield Machine Assembly Lifting Cylinder The shield machine assembly lifting cylinder is an advanced hydraulic component explicitly designed for shield machines used in tunnel construction projects. This cylinder ensures efficient and accurate assembly operations with its exceptional lifting capabilities, reliability, and precision. This article will explore the key characteristics, usage methods, and maintenance guidelines for [&hellip;]<\/p>","protected":false},"featured_media":1885,"comment_status":"open","ping_status":"closed","template":"","meta":{"_et_pb_use_builder":"","_et_pb_old_content":"","_et_gb_content_width":""},"product_brand":[],"product_cat":[1519,1549],"product_tag":[1380],"class_list":{"0":"post-1882","1":"product","2":"type-product","3":"status-publish","4":"has-post-thumbnail","6":"product_cat-shield-machine-hydraulic-cylinders","7":"product_cat-single-acting-hydraulic-cylinder","8":"product_tag-hydraulic-cylinder","10":"first","11":"instock","12":"shipping-taxable","13":"product-type-simple"},"amp_enabled":true,"_links":{"self":[{"href":"https:\/\/www.hydraulic-cylinders.net\/sl\/wp-json\/wp\/v2\/product\/1882","targetHints":{"allow":["GET"]}}],"collection":[{"href":"https:\/\/www.hydraulic-cylinders.net\/sl\/wp-json\/wp\/v2\/product"}],"about":[{"href":"https:\/\/www.hydraulic-cylinders.net\/sl\/wp-json\/wp\/v2\/types\/product"}],"replies":[{"embeddable":true,"href":"https:\/\/www.hydraulic-cylinders.net\/sl\/wp-json\/wp\/v2\/comments?post=1882"}],"wp:featuredmedia":[{"embeddable":true,"href":"https:\/\/www.hydraulic-cylinders.net\/sl\/wp-json\/wp\/v2\/media\/1885"}],"wp:attachment":[{"href":"https:\/\/www.hydraulic-cylinders.net\/sl\/wp-json\/wp\/v2\/media?parent=1882"}],"wp:term":[{"taxonomy":"product_brand","embeddable":true,"href":"https:\/\/www.hydraulic-cylinders.net\/sl\/wp-json\/wp\/v2\/product_brand?post=1882"},{"taxonomy":"product_cat","embeddable":true,"href":"https:\/\/www.hydraulic-cylinders.net\/sl\/wp-json\/wp\/v2\/product_cat?post=1882"},{"taxonomy":"product_tag","embeddable":true,"href":"https:\/\/www.hydraulic-cylinders.net\/sl\/wp-json\/wp\/v2\/product_tag?post=1882"}],"curies":[{"name":"delovni list","href":"https:\/\/api.w.org\/{rel}","templated":true}]}}