{"id":1886,"date":"2023-10-18T08:32:35","date_gmt":"2023-10-18T08:32:35","guid":{"rendered":"https:\/\/hydraulic-cylinders.net\/?post_type=product&#038;p=1886"},"modified":"2025-04-11T03:43:28","modified_gmt":"2025-04-11T03:43:28","slug":"shield-machine-anti-torque-cylinder","status":"publish","type":"product","link":"https:\/\/www.hydraulic-cylinders.net\/sl\/izdelek\/shield-machine-anti-torque-cylinder\/","title":{"rendered":"Proti-navorni valj \u0161\u010ditnega stroja"},"content":{"rendered":"<h1 style=\"text-align: center;\"><strong>Proti-navorni valj \u0161\u010ditnega stroja<\/strong><\/h1>\n<p><img loading=\"lazy\" decoding=\"async\" class=\"aligncenter wp-image-1888\" src=\"https:\/\/hydraulic-cylinders.net\/wp-content\/uploads\/2023\/10\/anti-torque-cylinder-1-300x300.webp\" alt=\"\" width=\"400\" height=\"400\" \/><\/p>\n<p>Anti-navorni valj za \u0161\u010ditni stroj je najsodobnej\u0161a hidravli\u010dna komponenta, zasnovana za zagotavljanje izbolj\u0161ane stabilnosti in nadzora pri izkopavanju predorov. Ta specializirani valj igra klju\u010dno vlogo pri bla\u017eenju navornih sil, ki nastanejo med izkopavanjem, s \u010dimer zagotavlja optimalno delovanje in varnost. V tem obse\u017enem \u010dlanku se bomo poglobili v klju\u010dne zna\u010dilnosti, na\u010dine uporabe in smernice za vzdr\u017eevanje anti-navornega valja za \u0161\u010ditni stroj.<\/p>\n<p>Hidravli\u010dni valj proti navoru stroja Shield je najsodobnej\u0161a hidravli\u010dna komponenta, ki izbolj\u0161a stabilnost in nadzor med predorskimi operacijami. Z zmo\u017enostmi bla\u017eenja navora, natan\u010dnim nadzorom, robustno konstrukcijo in kompaktno zasnovo ta valj zagotavlja varnej\u0161e in u\u010dinkovitej\u0161e postopke izkopavanja. Z upo\u0161tevanjem priporo\u010denih metod uporabe in rednih vzdr\u017eevalnih praks bo valj proti navoru stroja Shield \u0161e naprej zagotavljal izjemno zmogljivost, stabilnost, nadzor in brezskrbnost med predorskimi operacijami. Izbolj\u0161ajte svoje predorne projekte s stabilnostjo in nadzorom, ki ga ponuja valj proti navoru stroja Shield.<\/p>\n<p>Klju\u010dne zna\u010dilnosti zglobnega cilindra Shield Machine:<\/p>\n<ul>\n<li>Zmanj\u0161evanje navora: Za\u0161\u010ditni valj stroja proti navoru u\u010dinkovito prepre\u010duje navorne sile, ki jih ustvarja vrte\u010da se rezalna glava med izkopavanjem predora. Uporaba nasprotne sile pomaga ohranjati stabilnost in prepre\u010duje prekomerno premikanje stroja, kar zmanj\u0161uje tveganje za nesre\u010de in pove\u010duje splo\u0161no varnost delovanja.<\/li>\n<li>Natan\u010den nadzor: Ta valj, opremljen z naprednimi hidravli\u010dnimi krmilnimi sistemi, omogo\u010da operaterjem natan\u010den nadzor nad uporabljeno silo proti navoru. Ta raven nadzora omogo\u010da fine nastavitve med predorskimi operacijami, kar zagotavlja natan\u010dno poravnavo in zmanj\u0161uje odstopanja.<\/li>\n<li>Robustna konstrukcija: Proti-navorni valj stroja Shield je izdelan iz visoko trdnih materialov, da prenese zahtevne pogoje pri izkopavanju predorov. Njegova robustna zasnova zagotavlja vzdr\u017eljivost, dolgo \u017eivljenjsko dobo in dosledno delovanje tudi v zahtevnih okoljih.<\/li>\n<li>Kompaktna zasnova: S kompaktno in prostorsko u\u010dinkovito zasnovo se ta valj brezhibno integrira v \u0161\u010ditni stroj, kar zmanj\u0161uje dodatno prostornino in ohranja splo\u0161no ravnovesje ter okretnost opreme.<\/li>\n<\/ul>\n<h2><strong>Parameter zglobnega cilindra \u0161\u010ditnega stroja:<\/strong><\/h2>\n<table border=\"1\" cellspacing=\"0\" cellpadding=\"0\">\n<tbody>\n<tr>\n<td>Ime izdelka<\/td>\n<td>Proti-navorni valj \u0161\u010ditnega stroja<\/td>\n<\/tr>\n<tr>\n<td>Zna\u010dilnosti:<\/td>\n<td>Prenesite navor, ko se rezalna glava vrti<\/td>\n<\/tr>\n<tr>\n<td>Premer izvrtine:<\/td>\n<td>330 mm\uff5e570 mm<\/td>\n<\/tr>\n<tr>\n<td>Premer palice:<\/td>\n<td>260 mm\uff5e530 mm<br \/>\nHod 120 mm\uff5e160 mm<\/td>\n<\/tr>\n<tr>\n<td>Tlak:<\/td>\n<td>Obi\u010dajno do 35 MPa<br \/>\nNajve\u010d do 42 MPa<\/td>\n<\/tr>\n<tr>\n<td>Uporaba:<\/td>\n<td>\u0160\u010ditni stroj, stroji za vrtanje predorov<\/td>\n<\/tr>\n<\/tbody>\n<\/table>\n<h2><strong>Uporaba potisnega cilindra \u0161\u010ditnega stroja:<\/strong><\/h2>\n<p><img loading=\"lazy\" decoding=\"async\" class=\"alignnone wp-image-1875 size-full\" src=\"https:\/\/hydraulic-cylinders.net\/wp-content\/uploads\/2023\/10\/harsh-corrosive-cylinder-1.webp\" alt=\"\" width=\"1418\" height=\"946\" srcset=\"https:\/\/hydraulic-cylinders.net\/wp-content\/uploads\/2023\/10\/harsh-corrosive-cylinder-1.webp 1418w, https:\/\/hydraulic-cylinders.net\/wp-content\/uploads\/2023\/10\/harsh-corrosive-cylinder-1-1280x854.webp 1280w, https:\/\/hydraulic-cylinders.net\/wp-content\/uploads\/2023\/10\/harsh-corrosive-cylinder-1-980x654.webp 980w, https:\/\/hydraulic-cylinders.net\/wp-content\/uploads\/2023\/10\/harsh-corrosive-cylinder-1-480x320.webp 480w\" sizes=\"(min-width: 0px) and (max-width: 480px) 480px, (min-width: 481px) and (max-width: 980px) 980px, (min-width: 981px) and (max-width: 1280px) 1280px, (min-width: 1281px) 1418px, 100vw\" \/><\/p>\n<h2><strong>Metoda uporabe zglobnega cilindra \u0161\u010ditnega stroja<\/strong><strong>:<\/strong><\/h2>\n<ol>\n<li><strong>Namestitev cilindra:<\/strong>\u00a0 Namestite valj proti navoru \u0161\u010ditnega stroja v skladu z navodili proizvajalca. Zagotovite pravilno poravnavo in varno pritrditev na konstrukcijo \u0161\u010ditnega stroja z uporabo ustreznih monta\u017enih nosilcev ali dodatkov.<\/li>\n<li><strong>Integracija hidravli\u010dnega sistema:<\/strong> Priklju\u010dite jeklenko na hidravli\u010dni sistem \u0161\u010ditnega stroja z uporabo zdru\u017eljivih cevi in \u200b\u200bspojk. Preverite, ali so vse povezave varne, netesne in ustrezno zategnjene, da ohranite optimalno hidravli\u010dno delovanje.<\/li>\n<li><strong>Upravljanje:<\/strong> Seznanite se z upravljalnimi elementi in mehanizmi, zna\u010dilnimi za valj proti navoru Shield Machine. Razumite, kako prilagoditi uporabljeno silo proti navoru, in vadite uporabo pravil za doseganje natan\u010dnega in odzivnega delovanja.<\/li>\n<li><strong>Operativni vidiki:<\/strong> Med predorskimi operacijami spremljajte navorne sile rezalne glave in prilagajajte silo proti navoru, ki jo izvaja valj. Nenehno ocenjujte pogoje izkopa in prilagajajte nastavitve proti navoru, da ohranite stabilnost in nadzor.<\/li>\n<\/ol>\n<h2><strong>Kako odzra\u010diti dvosmerni hidravli\u010dni cilinder?<\/strong><\/h2>\n<p>Odzra\u010devanje dvosmernega hidravli\u010dnega cilindra je postopek, pri katerem se iz sistema odstrani zrak, da se zagotovi pravilno delovanje in prepre\u010dijo te\u017eave, kot sta gobastost ali zmanj\u0161ana zmogljivost. Dvosmerni hidravli\u010dni cilinder je dvosmerno delujo\u010di cilinder, ki uporablja hidravli\u010dni tlak za iztegovanje in vle\u010denje bata. Tukaj je navodilo po korakih, kako odzra\u010diti dvosmerni hidravli\u010dni cilinder:<\/p>\n<ol>\n<li><strong>Priprava:<\/strong>\n<ul>\n<li>Prepri\u010dajte se, da je hidravli\u010dni sistem izklopljen in da je tlak spro\u0161\u010den.<\/li>\n<li>Za za\u0161\u010dito pred hidravli\u010dno teko\u010dino si nadenite osebno za\u0161\u010ditno opremo, vklju\u010dno z rokavicami in za\u0161\u010ditnimi o\u010dali.<\/li>\n<\/ul>\n<\/li>\n<li><strong>Prepoznajte odzra\u010devalni ventil:<\/strong>\n<ul>\n<li>Poi\u0161\u010dite odzra\u010devalni ventil na hidravli\u010dnem cilindru. Obi\u010dajno je to majhen priklju\u010dek s pokrov\u010dkom za prah. Odzra\u010devalni ventil omogo\u010da, da zrak, ujet v cilindru, uide.<\/li>\n<\/ul>\n<\/li>\n<li><strong>Raztegnite valj:<\/strong>\n<ul>\n<li>Aktivirajte hidravli\u010dno \u010drpalko ali ventil in s krmiljenjem valja popolnoma iztegnite bat. To gibanje pomaga, da se morebitni zra\u010dni mehur\u010dki dvignejo na vrh valja.<\/li>\n<\/ul>\n<\/li>\n<li><strong>Odstranite pokrov\u010dek za prah:<\/strong>\n<ul>\n<li>Snemite pokrov\u010dek z odzra\u010devalnega ventila. Shranite ga na varno mesto.<\/li>\n<\/ul>\n<\/li>\n<li><strong>Odprite odzra\u010devalni ventil:<\/strong>\n<ul>\n<li>Z ustreznim klju\u010dem ali orodjem obrnite odzra\u010devalni ventil v nasprotni smeri urinega kazalca, da ga odprete. To omogo\u010di, da zrak in morebitna ujeta teko\u010dina uideta iz valja.<\/li>\n<\/ul>\n<\/li>\n<li><strong>Zvlecite valj:<\/strong>\n<ul>\n<li>Sprostite hidravli\u010dni tlak in pustite, da se valj popolnoma umakne. To lahko vklju\u010duje aktiviranje krmilnega ventila ali sprostitev kakr\u0161ne koli zunanje sile, ki je dr\u017eala valj iztegnjenega.<\/li>\n<\/ul>\n<\/li>\n<li><strong>Opazujte pretok teko\u010dine:<\/strong>\n<ul>\n<li>Opazujte pretok teko\u010dine iz odzra\u010devalnega ventila. Sprva boste morda opazili, da skupaj s teko\u010dino uhajajo zra\u010dni mehur\u010dki. Pustite, da teko\u010dina te\u010de, dokler mehur\u010dkov ni ve\u010d, kar pomeni, da je bil zrak odstranjen iz valja.<\/li>\n<\/ul>\n<\/li>\n<li><strong>Zaprite odzra\u010devalni ventil:<\/strong>\n<ul>\n<li>Ko odstranite vse zra\u010dne mehur\u010dke, zaprite odzra\u010devalni ventil tako, da ga obrnete v smeri urinega kazalca. Prepri\u010dajte se, da je tesno zaprt, da prepre\u010dite pu\u0161\u010danje teko\u010dine.<\/li>\n<\/ul>\n<\/li>\n<li><strong>Iztegnitev in uvleka valja:<\/strong>\n<ul>\n<li>Ponovite korake od 3 do 8, pri \u010demer izvlecite in nato ponovno spustite valj, da zagotovite, da je iz sistema odstranjen preostali zrak. Ta korak pomaga zagotoviti temeljito odzra\u010devanje hidravli\u010dnega valja.<\/li>\n<\/ul>\n<\/li>\n<li><strong>Preverite nivo teko\u010dine:<\/strong>\n<ul>\n<li>Po odzra\u010devanju cilindra preverite nivo hidravli\u010dne teko\u010dine v rezervoarju sistema. Po potrebi dolijte teko\u010dino, da ohranite priporo\u010deni nivo.<\/li>\n<\/ul>\n<\/li>\n<\/ol>\n<h2><strong>Zmogljivost in zmogljivost tovarne:<\/strong><\/h2>\n<h3>(1) Sestavljanje<\/h3>\n<p>Imamo prvovrstno neodvisno platformo za raziskave in razvoj. Delavnica za proizvodnjo hidravli\u010dnih cilindrov ima \u0161tiri polavtomatske monta\u017ene linije za dvi\u017ene cilindre in eno avtomatsko monta\u017eno linijo za nagibne cilindre z letno proizvodno zmogljivostjo 1 milijona kosov. Delavnica za posebne cilindre je opremljena z razli\u010dnimi specifikacijami polavtomatskega sistema za \u010di\u0161\u010denje in monta\u017eo z letno proizvodno zmogljivostjo 200.000 kosov ter znano CNC obdelovalno opremo, obdelovalnim centrom, visoko precizno posebno opremo za obdelavo cilindrov, robotskim varilnim strojem, avtomatskim \u010distilnim strojem, avtomatskim strojem za monta\u017eo cilindrov in avtomatsko proizvodno linijo za barvanje. Obstoje\u010da kriti\u010dna oprema obsega ve\u010d kot 300 kompletov (kompletov). Optimalna razporeditev in u\u010dinkovita uporaba opremnih virov zagotavljata zahteve glede natan\u010dnosti izdelkov in izpolnjujeta visoke zahteve glede kakovosti izdelkov.<\/p>\n<p><img loading=\"lazy\" decoding=\"async\" class=\"alignnone wp-image-626\" src=\"https:\/\/hydraulic-cylinders.net\/wp-content\/uploads\/2023\/08\/hydraulic-cylinder-product-1-300x158.webp\" alt=\"\" width=\"495\" height=\"260\" srcset=\"https:\/\/hydraulic-cylinders.net\/wp-content\/uploads\/2023\/08\/hydraulic-cylinder-product-1-300x158.webp 495w, https:\/\/hydraulic-cylinders.net\/wp-content\/uploads\/2023\/08\/hydraulic-cylinder-product-1-480x252.webp 480w\" sizes=\"(min-width: 0px) and (max-width: 480px) 480px, (min-width: 481px) 495px, 100vw\" \/> <img loading=\"lazy\" decoding=\"async\" class=\"alignnone wp-image-627\" src=\"https:\/\/hydraulic-cylinders.net\/wp-content\/uploads\/2023\/08\/hydraulic-cylinder-product-2-300x189.webp\" alt=\"\" width=\"413\" height=\"260\" \/><\/p>\n<h3>(2) Strojna obdelava<\/h3>\n<p>Strojna delavnica je opremljena s prilagojenim centrom za stru\u017eenje nagnjenih tirnic, obdelovalnim centrom, visokohitrostnim strojem za honanje, varilnim robotom in drugo sorodno opremo, ki lahko obdeluje cilindri\u010dne cevi z najve\u010djim notranjim premerom 400 mm in najve\u010djo dol\u017eino 6 metrov.<\/p>\n<p><img loading=\"lazy\" decoding=\"async\" class=\"alignnone wp-image-628 size-large\" src=\"https:\/\/hydraulic-cylinders.net\/wp-content\/uploads\/2023\/08\/hydraulic-cylinder-product-3-1024x391.webp\" alt=\"\" width=\"1024\" height=\"391\" srcset=\"https:\/\/hydraulic-cylinders.net\/wp-content\/uploads\/2023\/08\/hydraulic-cylinder-product-3-980x374.webp 980w, https:\/\/hydraulic-cylinders.net\/wp-content\/uploads\/2023\/08\/hydraulic-cylinder-product-3-480x183.webp 480w\" sizes=\"(min-width: 0px) and (max-width: 480px) 480px, (min-width: 481px) and (max-width: 980px) 980px, (min-width: 981px) 1024px, 100vw\" \/><\/p>\n<h3>(3) Varjenje<\/h3>\n<p><img loading=\"lazy\" decoding=\"async\" class=\"alignnone wp-image-629 size-large\" src=\"https:\/\/hydraulic-cylinders.net\/wp-content\/uploads\/2023\/08\/hydraulic-cylinder-product-4-1024x510.webp\" alt=\"\" width=\"1024\" height=\"510\" srcset=\"https:\/\/hydraulic-cylinders.net\/wp-content\/uploads\/2023\/08\/hydraulic-cylinder-product-4-980x488.webp 980w, https:\/\/hydraulic-cylinders.net\/wp-content\/uploads\/2023\/08\/hydraulic-cylinder-product-4-480x239.webp 480w\" sizes=\"(min-width: 0px) and (max-width: 480px) 480px, (min-width: 481px) and (max-width: 980px) 980px, (min-width: 981px) 1024px, 100vw\" \/><\/p>\n<h3>(4) Barvanje in premazovanje<\/h3>\n<p>Z majhnimi in srednje velikimi cilindri\u010dnimi avtomatskimi linijami za barvanje na vodni osnovi, za doseganje avtomatskega nakladanja in razkladanja robotov ter avtomatskega brizganja, je projektna zmogljivost 4000 kosov na izmeno;<br \/>\nImamo tudi polavtomatsko linijo za proizvodnjo barv za velike jeklenke, ki jo poganja veriga, s projektno zmogljivostjo 60 zabojev na izmeno.<\/p>\n<p><img loading=\"lazy\" decoding=\"async\" class=\"alignnone wp-image-630\" src=\"https:\/\/hydraulic-cylinders.net\/wp-content\/uploads\/2023\/08\/hydraulic-cylinder-product-5-300x213.webp\" alt=\"\" width=\"366\" height=\"260\" \/> <img loading=\"lazy\" decoding=\"async\" class=\"alignnone wp-image-631\" src=\"https:\/\/hydraulic-cylinders.net\/wp-content\/uploads\/2023\/08\/hydraulic-cylinder-product-6-300x225.webp\" alt=\"\" width=\"347\" height=\"260\" \/><\/p>\n<h3>(5) Testiranje<\/h3>\n<p>Imamo prvovrstne in\u0161pekcijske prostore in testne postaje, s katerimi zagotavljamo, da delovanje jeklenke izpolnjuje zahteve.<\/p>\n<p><img loading=\"lazy\" decoding=\"async\" class=\"alignnone wp-image-632\" src=\"https:\/\/hydraulic-cylinders.net\/wp-content\/uploads\/2023\/08\/hydraulic-cylinder-product-8-300x200.webp\" alt=\"\" width=\"389\" height=\"260\" \/><\/p>\n<p>&nbsp;<\/p>\n<p>&nbsp;<\/p>\n<p>Smo eden najbolj\u0161ih proizvajalcev hidravli\u010dnih cilindrov. Ponujamo vam celovite hidravli\u010dne cilindre. Zagotavljamo tudi ustrezne <a href=\"https:\/\/hzpt.com\/agricultural-pto-gearbox\/\" target=\"_blank\" rel=\"noopener\">kmetijski menjalniki<\/a>Na\u0161e izdelke smo izvozili strankam po vsem svetu in si prislu\u017eili dober ugled zaradi vrhunske kakovosti izdelkov in poprodajnih storitev. Z veseljem vas vabimo, da nas kontaktirate za poslovne dogovore, izmenjavo informacij in ... <a href=\"https:\/\/www.hydraulic-cylinders.net\/sl\/contact-us\/\">sodelujte z nami<\/a>!<\/p>\n<p>&nbsp;<\/p>","protected":false},"excerpt":{"rendered":"<p>Shield Machine Anti-torque Cylinder The shield machine anti-torque cylinder is a cutting-edge hydraulic component designed to provide enhanced stability and control in tunneling operations. This specialized cylinder plays a vital role in mitigating torque forces generated during the excavation process, ensuring optimal performance and safety. In this comprehensive article, we will delve into the key [&hellip;]<\/p>","protected":false},"featured_media":1889,"comment_status":"open","ping_status":"closed","template":"","meta":{"_et_pb_use_builder":"","_et_pb_old_content":"","_et_gb_content_width":""},"product_brand":[],"product_cat":[1550,1519],"product_tag":[1380],"class_list":{"0":"post-1886","1":"product","2":"type-product","3":"status-publish","4":"has-post-thumbnail","6":"product_cat-double-acting-hydraulic-cylinder","7":"product_cat-shield-machine-hydraulic-cylinders","8":"product_tag-hydraulic-cylinder","10":"first","11":"instock","12":"shipping-taxable","13":"product-type-simple"},"amp_enabled":true,"_links":{"self":[{"href":"https:\/\/www.hydraulic-cylinders.net\/sl\/wp-json\/wp\/v2\/product\/1886","targetHints":{"allow":["GET"]}}],"collection":[{"href":"https:\/\/www.hydraulic-cylinders.net\/sl\/wp-json\/wp\/v2\/product"}],"about":[{"href":"https:\/\/www.hydraulic-cylinders.net\/sl\/wp-json\/wp\/v2\/types\/product"}],"replies":[{"embeddable":true,"href":"https:\/\/www.hydraulic-cylinders.net\/sl\/wp-json\/wp\/v2\/comments?post=1886"}],"wp:featuredmedia":[{"embeddable":true,"href":"https:\/\/www.hydraulic-cylinders.net\/sl\/wp-json\/wp\/v2\/media\/1889"}],"wp:attachment":[{"href":"https:\/\/www.hydraulic-cylinders.net\/sl\/wp-json\/wp\/v2\/media?parent=1886"}],"wp:term":[{"taxonomy":"product_brand","embeddable":true,"href":"https:\/\/www.hydraulic-cylinders.net\/sl\/wp-json\/wp\/v2\/product_brand?post=1886"},{"taxonomy":"product_cat","embeddable":true,"href":"https:\/\/www.hydraulic-cylinders.net\/sl\/wp-json\/wp\/v2\/product_cat?post=1886"},{"taxonomy":"product_tag","embeddable":true,"href":"https:\/\/www.hydraulic-cylinders.net\/sl\/wp-json\/wp\/v2\/product_tag?post=1886"}],"curies":[{"name":"delovni list","href":"https:\/\/api.w.org\/{rel}","templated":true}]}}