{"id":18860,"date":"2025-04-07T05:59:07","date_gmt":"2025-04-07T05:59:07","guid":{"rendered":"https:\/\/www.hydraulic-cylinders.net\/product\/boom-cylinder-for-komatsu-large-excavator-pc270-c\/"},"modified":"2025-04-07T05:59:09","modified_gmt":"2025-04-07T05:59:09","slug":"boom-cylinder-for-komatsu-large-excavator-pc270-c","status":"publish","type":"product","link":"https:\/\/www.hydraulic-cylinders.net\/sl\/izdelek\/boom-cylinder-for-komatsu-large-excavator-pc270-c\/","title":{"rendered":"Cilinder roke za velik bager Komatsu PC270-C"},"content":{"rendered":"<h1>Cilinder roke za velik bager Komatsu PC270-C<\/h1>\n<h2>Uvod v cilinder roke<\/h2>\n<p>Cilinder roke je klju\u010dni sestavni del hidravli\u010dnih sistemov, ki se uporabljajo predvsem v te\u017ekih strojih, kot so bagri, bagri nakladalniki in \u010delni nakladalniki. Ta hidravli\u010dni cilinder nadzoruje gibanje roke, kar ji omogo\u010da dvigovanje, spu\u0161\u010danje in nagibanje \u017elice, kar olaj\u0161a u\u010dinkovito ravnanje z materiali. Delovanje cilindra roke je klju\u010dnega pomena za celotno funkcionalnost bagra, saj omogo\u010da natan\u010dno kopanje in dvigovanje.<\/p>\n<p><img decoding=\"async\" src=\"https:\/\/www.hydraulic-cylinders.net\/wp-content\/uploads\/2025\/04\/songte-company-1.webp\" alt=\"Cilinder roke\" \/><\/p>\n<h3>Definicija in pregled<\/h3>\n<p>Hidravli\u010dni cilinder roke je vrsta hidravli\u010dnega cilindra, posebej zasnovanega za premikanje roke v razli\u010dnih te\u017ekih strojih. Pretvarja hidravli\u010dno energijo v mehansko energijo, kar omogo\u010da upravljavcem enostavno opravljanje nalog, kot so kopanje, dvigovanje in prevoz materialov. Hidravli\u010dni sistem uporablja tlak olja za iztegovanje in vstavljanje cilindra, kar zagotavlja gladko gibanje in zanesljivo delovanje tudi pri velikih obremenitvah.<\/p>\n<h2>Zna\u010dilnosti cilindra roke<\/h2>\n<ul>\n<li><strong>Visoka trdnost in vzdr\u017eljivost:<\/strong> Ti cilindri, izdelani iz visoko trdnega jekla ali aluminija, lahko prenesejo visok tlak in velike obremenitve, zaradi \u010desar so primerni za zahtevna delovna okolja. Njihova zasnova upo\u0161teva odpornost proti obrabi in koroziji, kar podalj\u0161uje njihovo \u017eivljenjsko dobo.<\/li>\n<li><strong>U\u010dinkovito hidravli\u010dno delovanje:<\/strong> Cilinder roke uporablja hidravli\u010dni tlak olja za gladko iztegovanje in vstavljanje, kar omogo\u010da hiter odziv na krmilne ukaze in zagotavlja robustno potisno in vle\u010dno silo, ki je bistvena za opravljanje te\u017ekih in kompleksnih nalog.<\/li>\n<li><strong>Razli\u010dne vrste:<\/strong> Ti cilindri, ki so na voljo v enosmerni (delujejo v eno smer) ali dvosmerni (delujejo v obe smeri), zadovoljujejo razli\u010dne operativne potrebe. Nekateri modeli imajo teleskopske zasnove, ki omogo\u010dajo ve\u010dji razteg brez pove\u010danja zunanjih dimenzij, kar je idealno za aplikacije z omejenim prostorom.<\/li>\n<li><strong>Izdelava po meri:<\/strong> Specializirani smo za proizvodnjo visokokakovostnih cilindrov roke, ki popolnoma nadomestijo obstoje\u010de hidravli\u010dne cilindre, kar zagotavlja zdru\u017eljivost in zmogljivost.<\/li>\n<\/ul>\n<p><img decoding=\"async\" src=\"https:\/\/www.hydraulic-cylinders.net\/wp-content\/uploads\/2025\/04\/songte-cylinder-head-with-all-kinds-excavator-models.webp\" alt=\"Modeli hidravli\u010dnih cilindrov\" \/><\/p>\n<h2>Scenariji uporabe<\/h2>\n<h3>Gradbena oprema<\/h3>\n<p>Pri bagrih so cilindri roke klju\u010dnega pomena za kopanje, nakladanje in premikanje zemlje ali ru\u0161evin. Njihova sposobnost iztegovanja in vle\u010denja omogo\u010da vsestransko delovanje, zaradi \u010desar so nepogre\u0161ljivi na gradbi\u0161\u010dih, kjer je potrebno izkopavanje in ravnanje z materiali.<\/p>\n<h3>Kmetijska mehanizacija<\/h3>\n<p>Pri \u010delnih nakladalnikih se ti cilindri uporabljajo za zajemanje, dvigovanje in prevoz zemlje, sena in drugih materialov. Hidravli\u010dno delovanje cilindra roke zagotavlja potrebno silo za u\u010dinkovito in uspe\u0161no opravljanje nalog, kar prispeva k produktivnosti v kmetijskih okoljih.<\/p>\n<h3>Bagri<\/h3>\n<p>Cilinder roke omogo\u010da kopanje tako, da \u017elici omogo\u010da prodiranje v zemljo. Ta funkcionalnost je klju\u010dnega pomena za izkopavanja, saj zagotavlja, da lahko upravljavci dose\u017eejo \u017eeleno globino in natan\u010dnost pri odstranjevanju zemlje.<\/p>\n<h3>Nakladalci<\/h3>\n<p>Pri \u010delnih nakladalnikih cilindri roke pomagajo pri dvigovanju in razkladanju materialov, kar pove\u010duje operativno u\u010dinkovitost. Njihova robustna zasnova zagotavlja, da lahko prenesejo te\u017eke tovore brez ogro\u017eanja zmogljivosti.<\/p>\n<h2>Oblikovalski vidiki in izbirna merila<\/h2>\n<h3>Nosilnost<\/h3>\n<p>Nosilnost cilindra roke je eden najpomembnej\u0161ih dejavnikov, ki jih je treba upo\u0161tevati med procesom na\u010drtovanja. Zasnovan mora biti tako, da prenese najve\u010djo te\u017eo, s katero se bo soo\u010dil med delovanjem. To zahteva temeljito analizo in testiranje, da se zagotovi varnost in zanesljivost v vseh delovnih pogojih.<\/p>\n<h3>Tesnjenje<\/h3>\n<p>U\u010dinkovito tesnjenje je klju\u010dnega pomena za prepre\u010devanje pu\u0161\u010danja hidravli\u010dne teko\u010dine, ki lahko zmanj\u0161a u\u010dinkovitost in povzro\u010di okvare. Uporaba visokokakovostnih tesnil, kot sta poliuretan ali nitrilna guma, zagotavlja, da valj vzdr\u017euje optimalen tlak in delovanje. Tesnila je treba izbrati glede na zdru\u017eljivost s hidravli\u010dno teko\u010dino in okoljskimi pogoji.<\/p>\n<h3>Vzdr\u017eljivost<\/h3>\n<p>Vzdr\u017eljivost je bistvenega pomena pri zasnovi cilindrov roke, saj delujejo v zahtevnih okoljih. Dejavniki, kot so odpornost proti obrabi, za\u0161\u010dita pred korozijo in trdnost materiala, igrajo vlogo pri zagotavljanju, da lahko valj prenese te\u017eke pogoje in zanesljivo deluje skozi \u010das.<\/p>\n<h3>Varnost<\/h3>\n<p>Pri na\u010drtovanju hidravli\u010dnih sistemov je varnost najpomembnej\u0161a. Cilindri roke morajo imeti varnostne funkcije, kot so varnostni ventili, in robustno konstrukcijo, da se prepre\u010dijo katastrofalne okvare. Redno vzdr\u017eevanje in pregledi so prav tako klju\u010dni za zagotovitev, da se varnostni standardi upo\u0161tevajo skozi celotno \u017eivljenjsko dobo cilindra.<\/p>\n<h3>Vzdr\u017eevanje<\/h3>\n<p>Vzdr\u017eevalne vidike je treba upo\u0161tevati \u017ee v fazi na\u010drtovanja. To vklju\u010duje funkcije, ki omogo\u010dajo enostaven dostop do komponent za servisiranje, pa tudi vidike obrabnih delov, ki jih je morda treba redno menjati. Dobro zasnovan valj roke bo poenostavil vzdr\u017eevalna opravila in pove\u010dal splo\u0161no operativno u\u010dinkovitost.<\/p>\n<p><img decoding=\"async\" src=\"https:\/\/www.hydraulic-cylinders.net\/wp-content\/uploads\/2025\/04\/songte-oil-pipes-and-spare-parts.webp\" alt=\"Oljne cevi in \u200b\u200brezervni deli\" \/><\/p>\n<h2>Tesnjenje in mazanje cilindra roke<\/h2>\n<p>Pravilno tesnjenje in mazanje sta klju\u010dnega pomena za u\u010dinkovito delovanje cilindrov roke. Razli\u010dne tesnilne komponente, kot so tesnila bata in ojnice, so bistvene za prepre\u010devanje pu\u0161\u010danja hidravli\u010dne teko\u010dine. Izbira trpe\u017enih materialov, kot sta poliuretan in nitrilna guma, podalj\u0161a \u017eivljenjsko dobo in delovanje tesnil.<\/p>\n<p>Telo valja in navojni konci so skrbno obdelani za izbolj\u0161anje odpornosti proti obrabi in podalj\u0161anje \u017eivljenjske dobe tesnil. Redno vzdr\u017eevanje, vklju\u010dno z mazanjem z ustreznim hidravli\u010dnim oljem, je potrebno za zagotovitev nemotenega delovanja in prepre\u010devanje degradacije tesnil.<\/p>\n<h2>Preventivni vzdr\u017eevalni ukrepi<\/h2>\n<ul>\n<li><strong>Redni pregledi:<\/strong> Redni pregledi cilindra roke glede znakov obrabe, po\u0161kodb ali pu\u0161\u010danja so bistvenega pomena za zgodnje odkrivanje morebitnih te\u017eav. Na\u010drtovani vzdr\u017eevalni pregledi lahko pomagajo odkriti te\u017eave, preden povzro\u010dijo ve\u010dje okvare.<\/li>\n<li><strong>Mazanje:<\/strong> Zagotavljanje ustreznega mazanja hidravli\u010dnega cilindra je klju\u010dnega pomena za nemoteno delovanje. Redno preverjanje in dolivanje nivoja hidravli\u010dnega olja pomaga ohranjati delovanje cilindra in prepre\u010duje pregrevanje ali obrabo.<\/li>\n<li><strong>Zamenjava tesnila:<\/strong> S\u010dasoma se tesnila lahko obrabijo in jih je treba zamenjati. Redno preverjanje tesnil glede po\u0161kodb ali degradacije in njihova zamenjava po potrebi zagotavljata, da hidravli\u010dni sistem ostane tesnjen in u\u010dinkovit.<\/li>\n<\/ul>\n<h2>Navodila za namestitev<\/h2>\n<p>Namestitev cilindra roke zahteva natan\u010dnost in skrbnost, da se zagotovi optimalno delovanje. Za\u010dnite s pripravo mesta namestitve in se prepri\u010dajte, da je \u010disto in brez ostankov. Cilinder pravilno poravnajte s pritrdilnimi to\u010dkami in ga pritrdite z ustreznimi pritrdilnimi nosilci.<\/p>\n<p>Prepri\u010dajte se, da so hidravli\u010dne cevi pravilno priklju\u010dene in se izogibajte morebitnim zasukom ali prepogibanju, ki bi lahko oviralo pretok teko\u010dine. Po namestitvi temeljito pregledajte, da potrdite, da so vse komponente varne in delujejo pravilno. Na koncu preizkusite hidravli\u010dni sistem, da zagotovite nemoteno in u\u010dinkovito delovanje valja.<\/p>\n<h2>Pogosta vzdr\u017eevalna opravila<\/h2>\n<ul>\n<li><strong>Redni pregledi:<\/strong> Redno preverjajte valj roke glede morebitnih vidnih znakov obrabe ali po\u0161kodb. To vklju\u010duje iskanje pu\u0161\u010danj, razpok in drugih te\u017eav, ki bi lahko vplivale na delovanje. Zgodnje odkrivanje te\u017eav lahko prepre\u010di obse\u017enej\u0161a popravila v prihodnosti.<\/li>\n<li><strong>Pravilno mazanje:<\/strong> Zagotovite, da je valj ustrezno mazan v skladu s specifikacijami proizvajalca. To vklju\u010duje preverjanje nivoja olja in zagotavljanje uporabe pravilne vrste hidravli\u010dnega olja. Pravilno mazanje zmanj\u0161a trenje in obrabo ter podalj\u0161a \u017eivljenjsko dobo valja.<\/li>\n<li><strong>Zamenjava tesnila:<\/strong> Redno pregledujte tesnila glede obrabe. Po potrebi jih zamenjajte, da ohranite celovitost hidravli\u010dnega sistema. Uporaba visokokakovostnih nadomestnih tesnil lahko prepre\u010di pu\u0161\u010danje in zagotovi u\u010dinkovito delovanje.<\/li>\n<\/ul>\n<p>Med namestitvijo se prepri\u010dajte, da je valj pravilno poravnan, da se izognete prekomerni obremenitvi komponent. Za varno pritrditev je bistvenega pomena uporaba ustreznih monta\u017enih nosilcev. Poleg tega vzpostavite rutino za preverjanje, popravilo in zamenjavo delov po potrebi, kar pove\u010da splo\u0161no u\u010dinkovitost in \u017eivljenjsko dobo cilindra roke.<\/p>\n<p><img decoding=\"async\" src=\"https:\/\/www.hydraulic-cylinders.net\/wp-content\/uploads\/2025\/04\/songte-chushion-collar.webp\" alt=\"Blazinasti ovratnik\" \/><\/p>\n<h2>Varnostni vidiki in okoljski dejavniki<\/h2>\n<p>Pri delu s hidravli\u010dnimi sistemi je varnost najpomembnej\u0161a. Upravljavci morajo biti usposobljeni za pravilno ravnanje in delovanje, da se zmanj\u0161ajo tveganja. Med vzdr\u017eevanjem in namestitvijo je bistvenega pomena no\u0161enje ustrezne osebne za\u0161\u010ditne opreme (OZO). Poleg tega je treba obvladovati okoljske dejavnike, kot so razlitja hidravli\u010dne teko\u010dine, da se prepre\u010di kontaminacija in se upo\u0161tevajo predpisi.<\/p>\n<h2>Diagnoza napak in pogoste te\u017eave<\/h2>\n<ul>\n<li><strong>Pu\u0161\u010danje:<\/strong> Pu\u0161\u010danje hidravli\u010dne teko\u010dine lahko nastane zaradi obrabljenih tesnil ali po\u0161kodovanih cevi. To lahko povzro\u010di izgubo tlaka in zmanj\u0161ano u\u010dinkovitost.<\/li>\n<li><strong>Po\u010dasno delovanje:<\/strong> Po\u010dasen odziv cilindra lahko ka\u017ee na nizko raven hidravli\u010dne teko\u010dine ali te\u017eave s hidravli\u010dno \u010drpalko. Za zagotovitev optimalnega delovanja je klju\u010dnega pomena, da te te\u017eave odpravite takoj.<\/li>\n<li><strong>Nenavadni zvoki:<\/strong> Zvoki, kot sta \u0161kripanje ali sikanje, lahko ka\u017eejo na obrabo notranjih komponent ali zrak v hidravli\u010dnem sistemu, kar zahteva takoj\u0161njo pozornost.<\/li>\n<\/ul>\n<p>Zgodnje prepoznavanje teh te\u017eav lahko pomaga ubla\u017eiti obse\u017eno \u0161kodo in draga popravila. Redno vzdr\u017eevanje in pregledi so klju\u010dnega pomena za prepre\u010devanje teh pogostih te\u017eav.<\/p>\n<h2>Nasveti za odpravljanje te\u017eav<\/h2>\n<p>Za u\u010dinkovito odpravljanje pogostih te\u017eav z cilindri roke je bistvenega pomena sistemati\u010den pristop. \u010ce odkrijete pu\u0161\u010danje, preverite vsa tesnila in cevi glede po\u0161kodb ali obrabe; zamenjava okvarjenih komponent lahko odpravi te\u017eavo. Pri po\u010dasnem delovanju preverite nivo hidravli\u010dne teko\u010dine in se prepri\u010dajte, da \u010drpalka deluje pravilno.<\/p>\n<p>Nenavadnih zvokov ne smete prezreti. Prei\u0161\u010dite vir hrupa in preverite morebitne znake obrabe notranjih komponent. Izvedite preventivne ukrepe, kot je redno vzdr\u017eevanje, da zmanj\u0161ate morebitne te\u017eave in podalj\u0161ate \u017eivljenjsko dobo hidravli\u010dnega sistema.<\/p>\n<p><img decoding=\"async\" src=\"https:\/\/www.hydraulic-cylinders.net\/wp-content\/uploads\/2025\/04\/songte-bushings-with-all-kinds-of-excavator-models.webp\" alt=\"Pu\u0161e z modeli bagrov\" \/><\/p>\n<h2>O na\u0161em podjetju<\/h2>\n<p>Smo vodilni proizvajalec in veleprodajni distributer nadomestnih hidravli\u010dnih cilindrov, prepoznavni po na\u0161i celoviti ponudbi izdelkov. Na\u0161o zavezanost odli\u010dnosti v kakovosti podpira izpopolnjena strategija upravljanja proizvodnje. Vlagamo v tehni\u010dne talente in vrhunsko digitalno proizvodno opremo, da bi nenehno izbolj\u0161evali na\u0161e proizvodne platforme.<\/p>\n<p>Na\u0161i strogi sistemi testiranja zagotavljajo, da vsak izdelek izpolnjuje stroge standarde kakovosti. Z mo\u010dno sposobnostjo inovacij in poudarkom na visoki u\u010dinkovitosti, natan\u010dnosti in kakovosti si prizadevamo zadovoljiti raznolike potrebe na\u0161ih strank. Na\u0161i mednarodni certifikati krepijo na\u0161o zavezanost kakovosti in zanesljivosti.<\/p>\n<p>Ponujamo tudi re\u0161itve po meri, prilagojene specifi\u010dnim zahtevam industrije, s \u010dimer zagotavljamo, da na\u0161e stranke prejmejo izdelke, ki natan\u010dno ustrezajo njihovim potrebam. Na\u0161i napredni proizvodni obrati so opremljeni za obvladovanje razli\u010dnih obsegov proizvodnje, na\u0161e namenske poprodajne storitve pa zagotavljajo zadovoljstvo in podporo strank.<\/p>\n<p><img decoding=\"async\" src=\"https:\/\/www.hydraulic-cylinders.net\/wp-content\/uploads\/2025\/04\/songte-company-4.webp\" alt=\"Pregled podjetja\" \/><br \/>\n<img decoding=\"async\" src=\"https:\/\/www.hydraulic-cylinders.net\/wp-content\/uploads\/2025\/04\/songte-company-3.webp\" alt=\"Prostori podjetja\" \/><\/p>\n<p>Avtor: lyl<\/p>","protected":false},"excerpt":{"rendered":"<p>Boom Cylinder For Komatsu Large Excavator PC270-C Introduction to Boom Cylinder The boom cylinder is a vital component of hydraulic systems, primarily used in heavy machinery such as excavators, backhoe loaders, and front loaders. This hydraulic cylinder controls the boom&#8217;s movement, allowing it to lift, lower, and tilt the bucket, facilitating efficient material handling tasks. [&hellip;]<\/p>","protected":false},"featured_media":17877,"comment_status":"open","ping_status":"closed","template":"","meta":{"_et_pb_use_builder":"","_et_pb_old_content":"","_et_gb_content_width":""},"product_brand":[],"product_cat":[1546],"product_tag":[1547,1496],"class_list":{"0":"post-18860","1":"product","2":"type-product","3":"status-publish","4":"has-post-thumbnail","6":"product_cat-boom-cylinders","7":"product_tag-boom-cylinders","8":"product_tag-hydraulic-cylinders","10":"first","11":"instock","12":"shipping-taxable","13":"product-type-simple"},"amp_enabled":true,"_links":{"self":[{"href":"https:\/\/www.hydraulic-cylinders.net\/sl\/wp-json\/wp\/v2\/product\/18860","targetHints":{"allow":["GET"]}}],"collection":[{"href":"https:\/\/www.hydraulic-cylinders.net\/sl\/wp-json\/wp\/v2\/product"}],"about":[{"href":"https:\/\/www.hydraulic-cylinders.net\/sl\/wp-json\/wp\/v2\/types\/product"}],"replies":[{"embeddable":true,"href":"https:\/\/www.hydraulic-cylinders.net\/sl\/wp-json\/wp\/v2\/comments?post=18860"}],"wp:featuredmedia":[{"embeddable":true,"href":"https:\/\/www.hydraulic-cylinders.net\/sl\/wp-json\/wp\/v2\/media\/17877"}],"wp:attachment":[{"href":"https:\/\/www.hydraulic-cylinders.net\/sl\/wp-json\/wp\/v2\/media?parent=18860"}],"wp:term":[{"taxonomy":"product_brand","embeddable":true,"href":"https:\/\/www.hydraulic-cylinders.net\/sl\/wp-json\/wp\/v2\/product_brand?post=18860"},{"taxonomy":"product_cat","embeddable":true,"href":"https:\/\/www.hydraulic-cylinders.net\/sl\/wp-json\/wp\/v2\/product_cat?post=18860"},{"taxonomy":"product_tag","embeddable":true,"href":"https:\/\/www.hydraulic-cylinders.net\/sl\/wp-json\/wp\/v2\/product_tag?post=18860"}],"curies":[{"name":"delovni list","href":"https:\/\/api.w.org\/{rel}","templated":true}]}}